{"id":5477,"date":"2023-12-24T07:58:25","date_gmt":"2023-12-23T23:58:25","guid":{"rendered":"https:\/\/www.hginstrument.com\/?post_type=product&#038;p=5477"},"modified":"2024-01-03T13:53:53","modified_gmt":"2024-01-03T05:53:53","slug":"hvac-air-flow-meter","status":"publish","type":"product","link":"https:\/\/www.hginstrument.com\/es\/magnetic-flow-meter\/hvac-air-flow-meter\/","title":{"rendered":"caudal\u00edmetro de aire hvac"},"content":{"rendered":"<p>The hvac air flow meter is a highly reliable and accurate device used for measuring the flow of liquids and gases in various industrial and commercial applications. It is designed with advanced technology and high-quality components, making it durable and resistant to external factors such as temperature and pressure changes.<\/p>\n<p>At the heart of hvac air flow meter is technology that measures and records flow, providing accurate and reliable readings. There are different types of hvac air flow meter including magnetic, ultrasonic, Mass flow meter, Coriolis and turbine, each designed for specific applications and fluid types.<\/p>\n<p>One of the most advanced and widely used hvac air flow meter is the electromagnetic hvac air flow meter. It works on Faraday&#8217;s law of electromagnetic induction and is able to measure the flow of conducting fluids with incredible accuracy and repeatability. It is suitable for use with a variety of fluids, including water, chemicals, Marine applications and mud.<\/p>\n<table class=\"table table-bordered\">\n<tbody>\n<tr>\n<td><span style=\"vertical-align: inherit;\"><span style=\"vertical-align: inherit;\">Tipo\uff1a<\/span><\/span><\/td>\n<td><span style=\"vertical-align: inherit;\">caudal\u00edmetro de aire hvac<\/span><\/td>\n<td><span style=\"vertical-align: inherit;\"><span style=\"vertical-align: inherit;\">Se\u00f1al de salida\uff1a<\/span><\/span><\/td>\n<td><span style=\"vertical-align: inherit;\"><span style=\"vertical-align: inherit;\">4-20 mA, Pulso\/Frecuencia 2kHz(Predeterminado), 5KHz(Max)<\/span><\/span><\/td>\n<\/tr>\n<tr>\n<td><span style=\"vertical-align: inherit;\"><span style=\"vertical-align: inherit;\">Lugar de origen\uff1a<\/span><\/span><\/td>\n<td><span style=\"vertical-align: inherit;\"><span style=\"vertical-align: inherit;\">Jiangsu, China<\/span><\/span><\/td>\n<td><span style=\"vertical-align: inherit;\"><span style=\"vertical-align: inherit;\">Incorporar tipo\uff1a<\/span><\/span><\/td>\n<td><span style=\"vertical-align: inherit;\"><span style=\"vertical-align: inherit;\">-10\u2103- +56\u2103<\/span><\/span><\/td>\n<\/tr>\n<tr>\n<td><span style=\"vertical-align: inherit;\"><span style=\"vertical-align: inherit;\">Garant\u00eda\uff1a<\/span><\/span><\/td>\n<td><span style=\"vertical-align: inherit;\"><span style=\"vertical-align: inherit;\">28 meses<\/span><\/span><\/td>\n<td><span style=\"vertical-align: inherit;\"><span style=\"vertical-align: inherit;\">Tensi\u00f3n de alimentaci\u00f3n\uff1a<\/span><\/span><\/td>\n<td><span style=\"vertical-align: inherit;\"><span style=\"vertical-align: inherit;\">110\/220VAC (100-240VAC), 50Hz\/60Hz; 24VDC\u00b110%<\/span><\/span><\/td>\n<\/tr>\n<tr>\n<td><span style=\"vertical-align: inherit;\"><span style=\"vertical-align: inherit;\">Asistencia personalizada\uff1a<\/span><\/span><\/td>\n<td><span style=\"vertical-align: inherit;\"><span style=\"vertical-align: inherit;\">OEM, ODM, OBM<\/span><\/span><\/td>\n<td><span style=\"vertical-align: inherit;\"><span style=\"vertical-align: inherit;\">Comunicaci\u00f3n digital\uff1a<\/span><\/span><\/td>\n<td><span style=\"vertical-align: inherit;\"><span style=\"vertical-align: inherit;\">RS-485, compatible con el protocolo est\u00e1ndar Modbus-RTU; GPRS<\/span><\/span><\/td>\n<\/tr>\n<tr>\n<td><span style=\"vertical-align: inherit;\"><span style=\"vertical-align: inherit;\">Marca\uff1a<\/span><\/span><\/td>\n<td><span style=\"vertical-align: inherit;\"><span style=\"vertical-align: inherit;\">GRUPO SUYI<\/span><\/span><\/td>\n<td><span style=\"vertical-align: inherit;\"><span style=\"vertical-align: inherit;\">Presi\u00f3n nominal\uff1a<\/span><\/span><\/td>\n<td><span style=\"vertical-align: inherit;\"><span style=\"vertical-align: inherit;\">1MPa (DN15-DN800), 1,6MPa(DN15-DN800), 2,5MPa(DN15-DN600)<\/span><\/span><\/td>\n<\/tr>\n<tr>\n<td><span style=\"vertical-align: inherit;\"><span style=\"vertical-align: inherit;\">N\u00famero de modelo\uff1a<\/span><\/span><\/td>\n<td><span style=\"vertical-align: inherit;\"><span style=\"vertical-align: inherit;\">otros<\/span><\/span><\/td>\n<td><span style=\"vertical-align: inherit;\"><span style=\"vertical-align: inherit;\">Sensor\uff1a<\/span><\/span><\/td>\n<td><span style=\"vertical-align: inherit;\"><span style=\"vertical-align: inherit;\">0\u2103- +80\u2103 o -25\u2103- +120\u2103 o +70\u2103- +250\u2103<\/span><\/span><\/td>\n<\/tr>\n<tr>\n<td><span style=\"vertical-align: inherit;\"><span style=\"vertical-align: inherit;\">Nombre del producto\uff1a<\/span><\/span><\/td>\n<td><span style=\"vertical-align: inherit;\"><span style=\"vertical-align: inherit;\">Medidor de caudal de agua qu\u00edmico digital inteligente electromagn\u00e9tico<\/span><\/span><\/td>\n<td><span style=\"vertical-align: inherit;\"><span style=\"vertical-align: inherit;\">Detalles del embalaje\uff1a<\/span><\/span><\/td>\n<td><span style=\"vertical-align: inherit;\"><span style=\"vertical-align: inherit;\">1 Juego por paquete o seg\u00fan pedido del cliente<\/span><\/span><\/td>\n<\/tr>\n<tr>\n<td><span style=\"vertical-align: inherit;\"><span style=\"vertical-align: inherit;\">Di\u00e1metro nominal\uff1a<\/span><\/span><\/td>\n<td><span style=\"vertical-align: inherit;\"><span style=\"vertical-align: inherit;\">3-3460mm<\/span><\/span><\/td>\n<td><span style=\"vertical-align: inherit;\"><span style=\"vertical-align: inherit;\">Capacidad de suministro\uff1a<\/span><\/span><\/td>\n<td><span style=\"vertical-align: inherit;\"><span style=\"vertical-align: inherit;\">2256 Set\/Sets per Month<\/span><\/span><\/td>\n<\/tr>\n<tr>\n<td><span style=\"vertical-align: inherit;\"><span style=\"vertical-align: inherit;\">rango de velocidad\uff1a<\/span><\/span><\/td>\n<td><span style=\"vertical-align: inherit;\"><span style=\"vertical-align: inherit;\">0-9m\/s<\/span><\/span><\/td>\n<td><span style=\"vertical-align: inherit;\"><span style=\"vertical-align: inherit;\">Cantidad (juegos)\uff1a<\/span><\/span><\/td>\n<td><span style=\"vertical-align: inherit;\"><span style=\"vertical-align: inherit;\">&gt; 1<\/span><\/span><\/td>\n<\/tr>\n<tr>\n<td><span style=\"vertical-align: inherit;\"><span style=\"vertical-align: inherit;\">Grado de precisi\u00f3n\uff1a<\/span><\/span><\/td>\n<td><span style=\"vertical-align: inherit;\"><span style=\"vertical-align: inherit;\">\u00b10,5%R, \u00b11%R ( &lt; DN20)<\/span><\/span><\/td>\n<td><span style=\"vertical-align: inherit;\"><span style=\"vertical-align: inherit;\">Plazo de entrega (d\u00edas)\uff1a<\/span><\/span><\/td>\n<td><span style=\"vertical-align: inherit;\"><span style=\"vertical-align: inherit;\">A negociar<\/span><\/span><\/td>\n<\/tr>\n<\/tbody>\n<\/table>\n<p>&nbsp;<\/p>\n<p>&nbsp;<\/p>\n<p style=\"text-align: center;\"><img title=\"caudal\u00edmetro de aire hvac\" src=\"https:\/\/www.hginstrument.com\/wp-content\/uploads\/2021\/07\/in-line-pipeline-type-hgd-electromagnetic-flow-meter.jpg\" \/><\/p>\n<p>&nbsp;<\/p>\n<p>&nbsp;<\/p>\n<p style=\"text-align: center;\"><img title=\"caudal\u00edmetro de aire hvac\" src=\"https:\/\/www.hginstrument.com\/wp-content\/uploads\/2021\/07\/insertion-01.jpg\" \/><\/p>\n<p>&nbsp;<\/p>\n<p>&nbsp;<\/p>\n<p style=\"text-align: center;\"><img title=\"caudal\u00edmetro de aire hvac\" src=\"https:\/\/www.hginstrument.com\/wp-content\/uploads\/2021\/07\/sanitary-mag-1.jpg\" \/><\/p>\n<p><strong>hvac air flow meter FAQs Guide.<\/strong><\/p>\n<p>At the heart of our hvac air flow meter series lies a commitment to excellence, blending advanced sensor technology with user-friendly interfaces. From liquid to gas, our meters deliver unparalleled accuracy, empowering you to make informed decisions and streamline operations. As we usher in a new era of fluid measurement, we invite you to explore the limitless possibilities that our hvac air flow meters unlock \u2013 where precision meets performance, and innovation flows seamlessly.<\/p>\n<div style=\"border: 3px solid #f89900; margin: 20px 0; padding: 20px;\"><a href=\"\/es\/hvac-air-flow-meter\/#01\">1.Is the measuring unit of the hvac air flow meter replaceable?<\/a><br \/>\n<a href=\"\/es\/hvac-air-flow-meter\/#02\">2.Does the hvac air flow meter have an automatic cleaning function?<\/a><br \/>\n<a href=\"\/es\/hvac-air-flow-meter\/#03\">3.How does the hvac air flow meter detect the properties of the target fluid?<\/a><br \/>\n<a href=\"\/es\/hvac-air-flow-meter\/#04\">4.What is the explosion-proof rating of hvac air flow meter?<\/a><br \/>\n<a href=\"\/es\/hvac-air-flow-meter\/#05\">5.What are the installation methods of hvac air flow meter?<\/a><br \/>\n<a href=\"\/es\/hvac-air-flow-meter\/#06\">6.About hvac air flow meter customization services<\/a><br \/>\n<a href=\"\/es\/hvac-air-flow-meter\/#07\">7.About hvac air flow meter production management system<\/a><br \/>\n<a href=\"\/es\/hvac-air-flow-meter\/#08\">8.Does the hvac air flow meter have an automatic alarm function?<\/a><br \/>\n<a href=\"\/es\/hvac-air-flow-meter\/#09\">9.Are hvac air flow meter measurement results traceable?<\/a><br \/>\n<a href=\"\/es\/hvac-air-flow-meter\/#010\">10.About hvac air flow meter raw materials<\/a><br \/>\n<a href=\"\/es\/hvac-air-flow-meter\/#11\">11.How does a hvac air flow meter measure flow?<\/a><br \/>\n<a href=\"\/es\/hvac-air-flow-meter\/#12\">12.Can the measurement results of the hvac air flow meter be output and recorded remotely?<\/a><br \/>\n<a href=\"\/es\/hvac-air-flow-meter\/#13\">13.About hvac air flow meter origin<\/a><br \/>\n<a href=\"\/es\/hvac-air-flow-meter\/#14\">14.About hvac air flow meter inventory<\/a><br \/>\n<a href=\"\/es\/hvac-air-flow-meter\/#15\">15.Does hvac air flow meter have real-time monitoring function?<\/a><br \/>\n<a href=\"\/es\/hvac-air-flow-meter\/#16\">16.What is the operating temperature range of the hvac air flow meter?<\/a><br \/>\n<a href=\"\/es\/hvac-air-flow-meter\/#17\">17.What are the common types of hvac air flow meters?<\/a><\/div>\n<div id=\"01\">\n<p><strong>1.Is the measuring unit of the hvac air flow meter replaceable?<\/strong><\/p>\n<p>As one of the top hvac air flow meter manufacturers in China, we take this very seriously.<br \/>\nS\u00ed, la unidad de medida de un caudal\u00edmetro es sustituible.<\/p>\n<\/div>\n<div id=\"02\">\n<p><strong>2.Does the hvac air flow meter have an automatic cleaning function?<\/strong><\/p>\n<p>Being one of the top hvac air flow meter manufacturers in China, We attach great importance to this detail.<br \/>\nNo, la mayor\u00eda de los caudal\u00edmetros no disponen de una funci\u00f3n de limpieza autom\u00e1tica. Sin embargo, algunos modelos pueden tener una funci\u00f3n de autolimpieza que puede activarse manualmente.<\/p>\n<\/div>\n<div id=\"03\">\n<p><strong>3.How does the hvac air flow meter detect the properties of the target fluid?<\/strong><\/p>\n<p>As one of the hvac air flow meter market leaders, we are known for innovation and reliability.<br \/>\nLos caudal\u00edmetros miden el caudal de un fluido detectando su velocidad. Esto se hace normalmente midiendo la ca\u00edda de presi\u00f3n a trav\u00e9s de una restricci\u00f3n conocida en la trayectoria del flujo, o midiendo la velocidad del fluido utilizando una variedad de tecnolog\u00edas como ultrasonidos, magn\u00e9tica o t\u00e9rmica. El caudal puede utilizarse entonces para calcular las propiedades del fluido, como la densidad, la viscosidad y el caudal volum\u00e9trico.<\/p>\n<p><img style=\"max-width: 100%;\" title=\"How does the hvac air flow meter detect the properties of the target fluid?\" src=\"https:\/\/www.hginstrument.com\/wp-content\/uploads\/2021\/07\/hgrs-1.jpg\" alt=\"How does the hvac air flow meter detect the properties of the target fluid?\" \/><\/p>\n<\/div>\n<div id=\"04\">\n<p><strong>4.What is the explosion-proof rating of hvac air flow meter?<\/strong><\/p>\n<p>Our hvac air flow meter products undergo strict quality control to ensure customer satisfaction.<br \/>\nLas clasificaciones a prueba de explosiones de los caudal\u00edmetros var\u00edan en funci\u00f3n del tipo de caudal\u00edmetro y de la aplicaci\u00f3n. Generalmente, los caudal\u00edmetros est\u00e1n clasificados para Clase I, Divisi\u00f3n 1, Grupos C y D, o Clase II, Divisi\u00f3n 1, Grupos E, F y G.<\/p>\n<\/div>\n<div id=\"05\">\n<p><strong>5.What are the installation methods of hvac air flow meter?<\/strong><\/p>\n<p>Our mission is to provide customers with the best solutions for hvac air flow meter.<br \/>\n1. Instalaci\u00f3n en l\u00ednea: Es el tipo de instalaci\u00f3n m\u00e1s com\u00fan para los caudal\u00edmetros. Consiste en colocar el caudal\u00edmetro directamente en la tuber\u00eda o conducto por donde circula el fluido.<\/p>\n<p>2. Instalaci\u00f3n por inserci\u00f3n: Este tipo de instalaci\u00f3n consiste en insertar el caudal\u00edmetro en la tuber\u00eda o conducto. Esto suele hacerse con una brida o un racor.<\/p>\n<p>3. Instalaci\u00f3n en canal abierto: Este tipo de instalaci\u00f3n se utiliza cuando el caudal se encuentra en un canal abierto, como un r\u00edo o un arroyo. El caudal\u00edmetro se coloca en el canal y mide el caudal.<\/p>\n<p>4. Instalaci\u00f3n sumergible: Este tipo de instalaci\u00f3n se utiliza cuando el caudal se encuentra en un medio sumergido, como un pozo o un embalse. El caudal\u00edmetro se coloca en el agua y mide el caudal.<\/p>\n<\/div>\n<div id=\"06\">\n<p><strong>6.About hvac air flow meter customization services<\/strong><\/p>\n<p>Los servicios de personalizaci\u00f3n de caudal\u00edmetros est\u00e1n dise\u00f1ados para ofrecer a los clientes una soluci\u00f3n a medida para sus necesidades espec\u00edficas de medici\u00f3n de caudal. Estos servicios pueden incluir la personalizaci\u00f3n del caudal\u00edmetro para adaptarlo a una aplicaci\u00f3n concreta, como un tama\u00f1o de tuber\u00eda o un caudal espec\u00edficos, o para cumplir un determinado requisito de precisi\u00f3n. Los servicios de personalizaci\u00f3n tambi\u00e9n pueden incluir la modificaci\u00f3n del caudal\u00edmetro para incluir funciones adicionales, como una pantalla o capacidades de registro de datos. Los servicios de personalizaci\u00f3n de caudal\u00edmetros tambi\u00e9n pueden incluir la instalaci\u00f3n del caudal\u00edmetro, as\u00ed como la prestaci\u00f3n de asistencia t\u00e9cnica y mantenimiento.<\/p>\n<p><img style=\"max-width: 100%;\" title=\"About hvac air flow meter customization services\" src=\"https:\/\/www.hginstrument.com\/wp-content\/uploads\/2021\/07\/oval-gear-4.jpg\" alt=\"About hvac air flow meter customization services\" \/><\/p>\n<\/div>\n<div id=\"07\">\n<p><strong>7.About hvac air flow meter production management system<\/strong><\/p>\n<p>Un sistema de gesti\u00f3n de la producci\u00f3n de caudal\u00edmetros es una soluci\u00f3n de software dise\u00f1ada para ayudar a los fabricantes a gestionar la producci\u00f3n de caudal\u00edmetros. El sistema puede utilizarse para realizar un seguimiento del proceso de producci\u00f3n de principio a fin, incluido el pedido de materias primas, el montaje de componentes y la comprobaci\u00f3n y calibraci\u00f3n del producto acabado. El sistema tambi\u00e9n puede utilizarse para controlar la calidad del proceso de producci\u00f3n, garantizando que los caudal\u00edmetros cumplen las normas exigidas. Adem\u00e1s, el sistema puede utilizarse para generar informes y analizar datos que ayuden a los fabricantes a mejorar sus procesos de producci\u00f3n.<\/p>\n<\/div>\n<div id=\"08\">\n<p><strong>8.Does the hvac air flow meter have an automatic alarm function?<\/strong><\/p>\n<p>Nos adherimos al principio de que la calidad es lo primero y contamos con un completo sistema de gesti\u00f3n de la calidad de la producci\u00f3n y un proceso de inspecci\u00f3n de la calidad.<br \/>\nMuchos caudal\u00edmetros tienen una funci\u00f3n de alarma autom\u00e1tica, pero esto depende del modelo espec\u00edfico. Lo mejor es comprobar las especificaciones del producto para determinar si el caudal\u00edmetro que est\u00e1 considerando tiene esta funci\u00f3n.<\/p>\n<\/div>\n<div id=\"09\">\n<p><strong>9.Are hvac air flow meter measurement results traceable?<\/strong><\/p>\n<p>Our company has many years of hvac air flow meter experience and expertise.<br \/>\nS\u00ed, los resultados de las mediciones de los caudal\u00edmetros pueden ser trazables. La trazabilidad es la capacidad de rastrear el historial, la aplicaci\u00f3n o la ubicaci\u00f3n de un elemento mediante una identificaci\u00f3n registrada y documentada. Los caudal\u00edmetros suelen calibrarse utilizando un patr\u00f3n trazable, como un patr\u00f3n de calibraci\u00f3n trazable al NIST. Esto garantiza que los resultados de las mediciones del caudal\u00edmetro son trazables a un patr\u00f3n conocido.<\/p>\n<p><img style=\"max-width: 100%;\" title=\"Are hvac air flow meter measurement results traceable?\" src=\"https:\/\/www.hginstrument.com\/wp-content\/uploads\/2021\/07\/wedge-1.jpg\" alt=\"Are hvac air flow meter measurement results traceable?\" \/><\/p>\n<\/div>\n<div id=\"010\">\n<p><strong>10.About hvac air flow meter raw materials<\/strong><\/p>\n<p>Las materias primas de los caudal\u00edmetros suelen estar hechas de una variedad de metales, pl\u00e1sticos y compuestos. Entre los materiales m\u00e1s comunes utilizados en los caudal\u00edmetros se encuentran el acero inoxidable, el lat\u00f3n, el aluminio, el cloruro de polivinilo (PVC), el polipropileno (PP) y el politetrafluoroetileno (PTFE). El material utilizado en un caudal\u00edmetro depende de la aplicaci\u00f3n y del tipo de fluido que se mida. Por ejemplo, el acero inoxidable suele utilizarse para medir fluidos corrosivos, mientras que el PVC suele emplearse para medir agua.<\/p>\n<\/div>\n<div id=\"11\">\n<p><strong>11.How does a hvac air flow meter measure flow?<\/strong><\/p>\n<p>We operate our hvac air flow meter business with integrity and honesty.<br \/>\nUn caudal\u00edmetro mide el caudal midiendo la velocidad de un fluido a su paso por una tuber\u00eda u otro conducto. Esto se hace normalmente midiendo la ca\u00edda de presi\u00f3n a trav\u00e9s de un \u00e1rea conocida, o midiendo el tiempo que tarda un volumen de fluido en pasar a trav\u00e9s de un \u00e1rea conocida. Otros m\u00e9todos consisten en utilizar una turbina, una rueda de paletas o un transductor ultras\u00f3nico para medir la velocidad del fluido.<\/p>\n<\/div>\n<div id=\"12\">\n<p><strong>12.Can the measurement results of the hvac air flow meter be output and recorded remotely?<\/strong><\/p>\n<p>S\u00ed, muchos caudal\u00edmetros est\u00e1n equipados con salida remota y capacidad de registro. Esto permite a los usuarios supervisar y registrar datos de caudal desde una ubicaci\u00f3n remota.<\/p>\n<p><img style=\"max-width: 100%;\" title=\"Can the measurement results of the hvac air flow meter be output and recorded remotely?\" src=\"https:\/\/www.hginstrument.com\/wp-content\/uploads\/2021\/07\/in-line-pipeline-type-hgd-electromagnetic-flow-meter.jpg\" alt=\"Can the measurement results of the hvac air flow meter be output and recorded remotely?\" \/><\/p>\n<\/div>\n<div id=\"13\">\n<p><strong>13.About hvac air flow meter origin<\/strong><\/p>\n<p>El primer caudal\u00edmetro fue inventado en 1832 por un ingl\u00e9s llamado William Henry. Desarroll\u00f3 un dispositivo que utilizaba un flotador para medir el caudal de agua en una tuber\u00eda. Este dispositivo fue el primero de su clase y el precursor de los caudal\u00edmetros modernos. Desde entonces, los caudal\u00edmetros se han utilizado en diversas industrias para medir el caudal de l\u00edquidos, gases y otros materiales. Hoy en d\u00eda, los caudal\u00edmetros se utilizan en una gran variedad de aplicaciones, desde la medici\u00f3n del caudal de agua en una tuber\u00eda hasta la medici\u00f3n del caudal de petr\u00f3leo en una refiner\u00eda.<\/p>\n<\/div>\n<div id=\"14\">\n<p><strong>14.About hvac air flow meter inventory<\/strong><\/p>\n<p>El inventario de caudal\u00edmetros es un sistema utilizado para seguir y gestionar los caudal\u00edmetros utilizados en aplicaciones industriales y comerciales. Se utiliza para supervisar el rendimiento de los caudal\u00edmetros, as\u00ed como para garantizar su correcto mantenimiento y calibraci\u00f3n. El sistema de inventario tambi\u00e9n puede utilizarse para hacer un seguimiento del coste de los caudal\u00edmetros, as\u00ed como para identificar cualquier problema o incidencia potencial con los mismos.<\/p>\n<\/div>\n<div id=\"15\">\n<p><strong>15.Does hvac air flow meter have real-time monitoring function?<\/strong><\/p>\n<p>S\u00ed, algunos caudal\u00edmetros tienen funciones de supervisi\u00f3n en tiempo real. Estos contadores suelen estar equipados con sensores que miden el caudal y transmiten los datos a un sistema de supervisi\u00f3n. Esto permite controlar en tiempo real el caudal y otros par\u00e1metros.<\/p>\n<p><img style=\"max-width: 100%;\" title=\"Does hvac air flow meter have real-time monitoring function?\" src=\"https:\/\/www.hginstrument.com\/wp-content\/uploads\/2021\/07\/dsrt-1.jpg\" alt=\"Does hvac air flow meter have real-time monitoring function?\" \/><\/p>\n<\/div>\n<div id=\"16\">\n<p><strong>16.What is the operating temperature range of the hvac air flow meter?<\/strong><\/p>\n<p>We have established a good reputation and reliable partnerships within the hvac air flow meter industry.<br \/>\nEl intervalo de temperatura de funcionamiento del caudal\u00edmetro es de -40\u00b0C a 60\u00b0C (-40\u00b0F a 140\u00b0F).<\/p>\n<\/div>\n<div id=\"17\">\n<p><strong>17.What are the common types of hvac air flow meters?<\/strong><\/p>\n<p>Our mission is to provide customers with the best solutions for hvac air flow meter.<br \/>\n1. Caudal\u00edmetros de presi\u00f3n diferencial<br \/>\n2. Caudal\u00edmetros de desplazamiento positivo<br \/>\n3. Caudal\u00edmetros de turbina<br \/>\n4. Caudal\u00edmetros magn\u00e9ticos<br \/>\n5. Caudal\u00edmetros ultras\u00f3nicos<br \/>\n6. Caudal\u00edmetros Coriolis<br \/>\n7. Caudal\u00edmetros de v\u00f3rtice<br \/>\n8. Caudal\u00edmetros de objetivo<br \/>\n9. Caudal\u00edmetros de \u00e1rea variable<br \/>\n10. Caudal\u00edmetros m\u00e1sicos<\/p>\n<\/div>\n<p>&nbsp;<\/p>\n<p>Etiqueta\uff1a<a href=\"\/es\/magnetic-flow-meter\/nu-flow-meter\/\">nu caudal\u00edmetro<\/a>,<a href=\"\/es\/magnetic-flow-meter\/promass-flow-meter\/\">caudal\u00edmetro promass<\/a>,<a href=\"\/es\/magnetic-flow-meter\/inline-liquid-flow-meter\/\">caudal\u00edmetro de l\u00edquido en l\u00ednea<\/a>,<a href=\"\/es\/magnetic-flow-meter\/flomec-flow-meter\/\">caudal\u00edmetro flomec<\/a>,<a href=\"\/es\/magnetic-flow-meter\/argon-regulator-flow-meter\/\">regulador de arg\u00f3n caudal\u00edmetro<\/a><\/p>\n<p>&nbsp;<\/p>","protected":false},"excerpt":{"rendered":"<p><strong>Datos t\u00e9cnicos<\/strong><br \/>\nPuede servir para fluidos l\u00edquidos o gaseosos, normalmente se utiliza para medir el caudal de vapor, aire y gas natural.<br \/>\nTama\u00f1o del contador: Tipo en l\u00ednea: DN25 - DN300<br \/>\nOpci\u00f3n de material mojado: SS304, SS316<br \/>\nTemperatura de funcionamiento: \u2264250\u2103<br \/>\nConexi\u00f3n a proceso: Wafer \/ Brida \/ Tri-clamp para tipo en l\u00ednea<br \/>\nPrecisi\u00f3n de medici\u00f3n: 1,0 % - 1,5% del intervalo de calibraci\u00f3n<br \/>\nIndicador digital: muestra el caudal instant\u00e1neo y el caudal total<br \/>\nAlimentaci\u00f3n: 24VDC, Salida: 4-20mA<\/p>\n<p><strong>caracter\u00edsticas<\/strong><br \/>\n1.Puntos de consigna ON\/OFF ajustables<br \/>\n2.Modo de alarma de caudal alto o bajo<br \/>\n3.Tiempo de retardo ajustable<br \/>\n4.LED de estado del rel\u00e9<\/p>","protected":false},"featured_media":3691,"comment_status":"closed","ping_status":"closed","template":"","meta":[],"product_cat":[2372],"product_tag":[],"acf":[],"_links":{"self":[{"href":"https:\/\/www.hginstrument.com\/es\/wp-json\/wp\/v2\/product\/5477"}],"collection":[{"href":"https:\/\/www.hginstrument.com\/es\/wp-json\/wp\/v2\/product"}],"about":[{"href":"https:\/\/www.hginstrument.com\/es\/wp-json\/wp\/v2\/types\/product"}],"replies":[{"embeddable":true,"href":"https:\/\/www.hginstrument.com\/es\/wp-json\/wp\/v2\/comments?post=5477"}],"wp:featuredmedia":[{"embeddable":true,"href":"https:\/\/www.hginstrument.com\/es\/wp-json\/wp\/v2\/media\/3691"}],"wp:attachment":[{"href":"https:\/\/www.hginstrument.com\/es\/wp-json\/wp\/v2\/media?parent=5477"}],"wp:term":[{"taxonomy":"product_cat","embeddable":true,"href":"https:\/\/www.hginstrument.com\/es\/wp-json\/wp\/v2\/product_cat?post=5477"},{"taxonomy":"product_tag","embeddable":true,"href":"https:\/\/www.hginstrument.com\/es\/wp-json\/wp\/v2\/product_tag?post=5477"}],"curies":[{"name":"wp","href":"https:\/\/api.w.org\/{rel}","templated":true}]}}