{"id":5505,"date":"2023-12-24T09:00:33","date_gmt":"2023-12-24T01:00:33","guid":{"rendered":"https:\/\/www.hginstrument.com\/?post_type=product&#038;p=5505"},"modified":"2024-01-03T10:43:12","modified_gmt":"2024-01-03T02:43:12","slug":"in-line-fuel-flow-meter","status":"publish","type":"product","link":"https:\/\/www.hginstrument.com\/es\/magnetic-flow-meter\/in-line-fuel-flow-meter\/","title":{"rendered":"medidor de caudal de combustible en l\u00ednea"},"content":{"rendered":"<p>El caudal\u00edmetro de combustible en l\u00ednea es una tecnolog\u00eda precisa y fiable que se utiliza para medir el caudal de un fluido. Mide con precisi\u00f3n el volumen, la masa o la velocidad del fluido que pasa por un punto espec\u00edfico en un periodo de tiempo determinado. El caudal\u00edmetro de combustible en l\u00ednea est\u00e1 dise\u00f1ado con funciones avanzadas, como una pantalla de alta resoluci\u00f3n, procesamiento digital de se\u00f1ales y registro de datos en tiempo real.<\/p>\n<p>Una de las principales caracter\u00edsticas del caudal\u00edmetro de combustible en l\u00ednea es su capacidad para medir con precisi\u00f3n el caudal de diversos fluidos, incluidos l\u00edquidos, gases y vapor. Esto es posible gracias a su exclusivo m\u00e9todo de medici\u00f3n de caudal por presi\u00f3n diferencial, que garantiza una p\u00e9rdida de presi\u00f3n m\u00ednima y una gran precisi\u00f3n de medici\u00f3n. Adem\u00e1s, el instrumento es capaz de medir caudales en un amplio rango, lo que lo hace adecuado tanto para aplicaciones de bajo como de alto caudal.<\/p>\n<p>Otra ventaja de utilizar un caudal\u00edmetro de combustible en l\u00ednea es su bajo mantenimiento. El instrumento est\u00e1 dise\u00f1ado para resistir entornos dif\u00edciles y puede funcionar continuamente sin necesidad de limpieza y calibraci\u00f3n frecuentes. Esto no s\u00f3lo reduce el tiempo de inactividad, sino que tambi\u00e9n ayuda a ahorrar costes a las industrias que requieren un control constante del caudal.<\/p>\n<table class=\"table table-bordered\">\n<tbody>\n<tr>\n<td><span style=\"vertical-align: inherit;\"><span style=\"vertical-align: inherit;\">Tipo\uff1a<\/span><\/span><\/td>\n<td><span style=\"vertical-align: inherit;\">medidor de caudal de combustible en l\u00ednea<\/span><\/td>\n<td><span style=\"vertical-align: inherit;\"><span style=\"vertical-align: inherit;\">Se\u00f1al de salida\uff1a<\/span><\/span><\/td>\n<td><span style=\"vertical-align: inherit;\"><span style=\"vertical-align: inherit;\">4-15mA, Pulso\/Frecuencia 2kHz(Predeterminado), 5KHz(Max)<\/span><\/span><\/td>\n<\/tr>\n<tr>\n<td><span style=\"vertical-align: inherit;\"><span style=\"vertical-align: inherit;\">Lugar de origen\uff1a<\/span><\/span><\/td>\n<td><span style=\"vertical-align: inherit;\"><span style=\"vertical-align: inherit;\">Jiangsu\uff0cChina<\/span><\/span><\/td>\n<td><span style=\"vertical-align: inherit;\"><span style=\"vertical-align: inherit;\">Incorporar tipo\uff1a<\/span><\/span><\/td>\n<td><span style=\"vertical-align: inherit;\"><span style=\"vertical-align: inherit;\">-10\u2103- +53\u2103<\/span><\/span><\/td>\n<\/tr>\n<tr>\n<td><span style=\"vertical-align: inherit;\"><span style=\"vertical-align: inherit;\">Garant\u00eda\uff1a<\/span><\/span><\/td>\n<td><span style=\"vertical-align: inherit;\"><span style=\"vertical-align: inherit;\">14 meses<\/span><\/span><\/td>\n<td><span style=\"vertical-align: inherit;\"><span style=\"vertical-align: inherit;\">Tensi\u00f3n de alimentaci\u00f3n\uff1a<\/span><\/span><\/td>\n<td><span style=\"vertical-align: inherit;\"><span style=\"vertical-align: inherit;\">110\/220VAC (100-240VAC), 50Hz\/60Hz; 24VDC\u00b110%<\/span><\/span><\/td>\n<\/tr>\n<tr>\n<td><span style=\"vertical-align: inherit;\"><span style=\"vertical-align: inherit;\">Asistencia personalizada\uff1a<\/span><\/span><\/td>\n<td><span style=\"vertical-align: inherit;\"><span style=\"vertical-align: inherit;\">OEM, ODM, OBM<\/span><\/span><\/td>\n<td><span style=\"vertical-align: inherit;\"><span style=\"vertical-align: inherit;\">Comunicaci\u00f3n digital\uff1a<\/span><\/span><\/td>\n<td><span style=\"vertical-align: inherit;\"><span style=\"vertical-align: inherit;\">RS-485, compatible con el protocolo est\u00e1ndar Mudbugs-RTU; GPRS<\/span><\/span><\/td>\n<\/tr>\n<tr>\n<td><span style=\"vertical-align: inherit;\"><span style=\"vertical-align: inherit;\">Marca\uff1a<\/span><\/span><\/td>\n<td><span style=\"vertical-align: inherit;\"><span style=\"vertical-align: inherit;\">GRUPO SUYI<\/span><\/span><\/td>\n<td><span style=\"vertical-align: inherit;\"><span style=\"vertical-align: inherit;\">Presi\u00f3n nominal\uff1a<\/span><\/span><\/td>\n<td><span style=\"vertical-align: inherit;\"><span style=\"vertical-align: inherit;\">1MPa (DN15-DN800), 1,6MPa(DN15-DN800), 2,5MPa(DN15-DN600)<\/span><\/span><\/td>\n<\/tr>\n<tr>\n<td><span style=\"vertical-align: inherit;\"><span style=\"vertical-align: inherit;\">N\u00famero de modelo\uff1a<\/span><\/span><\/td>\n<td><span style=\"vertical-align: inherit;\"><span style=\"vertical-align: inherit;\">otros<\/span><\/span><\/td>\n<td><span style=\"vertical-align: inherit;\"><span style=\"vertical-align: inherit;\">Sensor\uff1a<\/span><\/span><\/td>\n<td><span style=\"vertical-align: inherit;\"><span style=\"vertical-align: inherit;\">0\u2103- +80\u2103 o -25\u2103- +120\u2103 o +70\u2103- +250\u2103<\/span><\/span><\/td>\n<\/tr>\n<tr>\n<td><span style=\"vertical-align: inherit;\"><span style=\"vertical-align: inherit;\">Nombre del producto\uff1a<\/span><\/span><\/td>\n<td><span style=\"vertical-align: inherit;\"><span style=\"vertical-align: inherit;\">Medidor de caudal de agua qu\u00edmico digital inteligente electromagn\u00e9tico<\/span><\/span><\/td>\n<td><span style=\"vertical-align: inherit;\"><span style=\"vertical-align: inherit;\">Detalles del embalaje\uff1a<\/span><\/span><\/td>\n<td><span style=\"vertical-align: inherit;\"><span style=\"vertical-align: inherit;\">1 Juego por paquete o seg\u00fan pedido del cliente<\/span><\/span><\/td>\n<\/tr>\n<tr>\n<td><span style=\"vertical-align: inherit;\"><span style=\"vertical-align: inherit;\">Di\u00e1metro nominal\uff1a<\/span><\/span><\/td>\n<td><span style=\"vertical-align: inherit;\"><span style=\"vertical-align: inherit;\">3-3096 mm<\/span><\/span><\/td>\n<td><span style=\"vertical-align: inherit;\"><span style=\"vertical-align: inherit;\">Capacidad de suministro\uff1a<\/span><\/span><\/td>\n<td><span style=\"vertical-align: inherit;\"><span style=\"vertical-align: inherit;\">1822 juegos\/juegos al mes<\/span><\/span><\/td>\n<\/tr>\n<tr>\n<td><span style=\"vertical-align: inherit;\"><span style=\"vertical-align: inherit;\">rango de velocidad\uff1a<\/span><\/span><\/td>\n<td><span style=\"vertical-align: inherit;\"><span style=\"vertical-align: inherit;\">0-6m\/s<\/span><\/span><\/td>\n<td><span style=\"vertical-align: inherit;\"><span style=\"vertical-align: inherit;\">Cantidad (juegos)\uff1a<\/span><\/span><\/td>\n<td><span style=\"vertical-align: inherit;\"><span style=\"vertical-align: inherit;\">&gt; 30<\/span><\/span><\/td>\n<\/tr>\n<tr>\n<td><span style=\"vertical-align: inherit;\"><span style=\"vertical-align: inherit;\">Grado de precisi\u00f3n\uff1a<\/span><\/span><\/td>\n<td><span style=\"vertical-align: inherit;\"><span style=\"vertical-align: inherit;\">\u00b10,5%R, \u00b11%R ( &lt; DN20)<\/span><\/span><\/td>\n<td><span style=\"vertical-align: inherit;\"><span style=\"vertical-align: inherit;\">Plazo de entrega (d\u00edas)\uff1a<\/span><\/span><\/td>\n<td><span style=\"vertical-align: inherit;\"><span style=\"vertical-align: inherit;\">A negociar<\/span><\/span><\/td>\n<\/tr>\n<\/tbody>\n<\/table>\n<p>&nbsp;<\/p>\n<p>&nbsp;<\/p>\n<p style=\"text-align: center;\"><img title=\"medidor de caudal de combustible en l\u00ednea\" src=\"https:\/\/www.hginstrument.com\/wp-content\/uploads\/2021\/07\/in-line-pipeline-type-hgd-electromagnetic-flow-meter.jpg\" \/><\/p>\n<p>&nbsp;<\/p>\n<p>&nbsp;<\/p>\n<p style=\"text-align: center;\"><img title=\"medidor de caudal de combustible en l\u00ednea\" src=\"https:\/\/www.hginstrument.com\/wp-content\/uploads\/2021\/07\/insertion-01.jpg\" \/><\/p>\n<p>&nbsp;<\/p>\n<p>&nbsp;<\/p>\n<p style=\"text-align: center;\"><img title=\"medidor de caudal de combustible en l\u00ednea\" src=\"https:\/\/www.hginstrument.com\/wp-content\/uploads\/2021\/07\/sanitary-mag-1.jpg\" \/><\/p>\n<p><strong>medidor de caudal de combustible en l\u00ednea Gu\u00eda de preguntas frecuentes.<\/strong><\/p>\n<p>En el coraz\u00f3n de nuestra serie de medidores de caudal de combustible en l\u00ednea se encuentra el compromiso con la excelencia, que combina la tecnolog\u00eda de sensores avanzados con interfaces f\u00e1ciles de usar. Desde l\u00edquidos hasta gases, nuestros medidores ofrecen una precisi\u00f3n inigualable, lo que le permite tomar decisiones informadas y agilizar las operaciones. A medida que iniciamos una nueva era en la medici\u00f3n de fluidos, le invitamos a explorar las posibilidades ilimitadas que abren nuestros caudal\u00edmetros de combustible en l\u00ednea, donde la precisi\u00f3n se une al rendimiento y la innovaci\u00f3n fluye sin interrupciones.<\/p>\n<div style=\"border: 3px solid #f89900; margin: 20px 0; padding: 20px;\"><a href=\"\/es\/in-line-fuel-flow-meter\/#01\">1.About en l\u00ednea medidor de flujo de combustible almac\u00e9n de ultramar<\/a><br \/>\n<a href=\"\/es\/in-line-fuel-flow-meter\/#02\">2.\u00bfCu\u00e1les son los tipos habituales de caudal\u00edmetros de combustible en l\u00ednea?<\/a><br \/>\n<a href=\"\/es\/in-line-fuel-flow-meter\/#03\">3.\u00bfCu\u00e1l es el intervalo de temperatura de funcionamiento del caudal\u00edmetro de combustible en l\u00ednea?<\/a><br \/>\n<a href=\"\/es\/in-line-fuel-flow-meter\/#04\">4.\u00bfQu\u00e9 es un caudal\u00edmetro de combustible en l\u00ednea?<\/a><br \/>\n<a href=\"\/es\/in-line-fuel-flow-meter\/#05\">5.\u00bfC\u00f3mo mide el caudal un caudal\u00edmetro de combustible en l\u00ednea?<\/a><br \/>\n<a href=\"\/es\/in-line-fuel-flow-meter\/#06\">6. \u00bfCumple el medidor de flujo de combustible en l\u00ednea con las normas pertinentes?<\/a><br \/>\n<a href=\"\/es\/in-line-fuel-flow-meter\/#07\">7.\u00bfCu\u00e1l es el rango de medici\u00f3n del caudal\u00edmetro de combustible en l\u00ednea?<\/a><br \/>\n<a href=\"\/es\/in-line-fuel-flow-meter\/#08\">8.\u00bfTiene el caudal\u00edmetro de combustible en l\u00ednea capacidad de control remoto?<\/a><br \/>\n<a href=\"\/es\/in-line-fuel-flow-meter\/#09\">9.Acerca de la patente del caudal\u00edmetro de combustible en l\u00ednea<\/a><br \/>\n<a href=\"\/es\/in-line-fuel-flow-meter\/#010\">10.\u00bfEs sustituible la unidad de medici\u00f3n del caudal\u00edmetro de combustible en l\u00ednea?<\/a><br \/>\n<a href=\"\/es\/in-line-fuel-flow-meter\/#11\">11.\u00bfEs anticorrosivo el caudal\u00edmetro de combustible en l\u00ednea?<\/a><br \/>\n<a href=\"\/es\/in-line-fuel-flow-meter\/#12\">12.Acerca del m\u00e9todo de pago del caudal\u00edmetro de combustible en l\u00ednea<\/a><br \/>\n<a href=\"\/es\/in-line-fuel-flow-meter\/#13\">13.Sobre la capacidad de producci\u00f3n de caudal\u00edmetros de combustible en l\u00ednea<\/a><br \/>\n<a href=\"\/es\/in-line-fuel-flow-meter\/#14\">14.\u00bfC\u00f3mo detecta el caudal\u00edmetro de combustible en l\u00ednea las propiedades del fluido objetivo?<\/a><br \/>\n<a href=\"\/es\/in-line-fuel-flow-meter\/#15\">15.\u00bfCu\u00e1les son los requisitos para la ubicaci\u00f3n espec\u00edfica de la instalaci\u00f3n del medidor de flujo de combustible en l\u00ednea?<\/a><\/div>\n<div id=\"01\">\n<p><strong>1.About en l\u00ednea medidor de flujo de combustible almac\u00e9n de ultramar<\/strong><\/p>\n<p>Los almacenes de caudal\u00edmetros en el extranjero son almacenes situados en pa\u00edses extranjeros que almacenan caudal\u00edmetros y productos relacionados. Estos almacenes se utilizan para almacenar y distribuir caudal\u00edmetros a clientes de distintos pa\u00edses. Suelen estar situados en pa\u00edses que tienen una gran demanda de caudal\u00edmetros, como Estados Unidos, Canad\u00e1 y Europa. Los almacenes suelen ser propiedad y estar gestionados por el fabricante de los caudal\u00edmetros o por un proveedor log\u00edstico externo. Los almacenes suelen tener una gran variedad de caudal\u00edmetros, incluidos los digitales, anal\u00f3gicos y ultras\u00f3nicos. Tambi\u00e9n suelen almacenar piezas de repuesto y accesorios para los caudal\u00edmetros.<\/p>\n<\/div>\n<div id=\"02\">\n<p><strong>2.\u00bfCu\u00e1les son los tipos habituales de caudal\u00edmetros de combustible en l\u00ednea?<\/strong><\/p>\n<p>Nuestra misi\u00f3n es ofrecer a los clientes las mejores soluciones para caudal\u00edmetros de combustible en l\u00ednea.<br \/>\n1. Caudal\u00edmetros de presi\u00f3n diferencial<br \/>\n2. Caudal\u00edmetros de desplazamiento positivo<br \/>\n3. Caudal\u00edmetros de turbina<br \/>\n4. Caudal\u00edmetros magn\u00e9ticos<br \/>\n5. Caudal\u00edmetros ultras\u00f3nicos<br \/>\n6. Caudal\u00edmetros Coriolis<br \/>\n7. Caudal\u00edmetros de v\u00f3rtice<br \/>\n8. Caudal\u00edmetros de objetivo<br \/>\n9. Caudal\u00edmetros de \u00e1rea variable<br \/>\n10. Caudal\u00edmetros m\u00e1sicos<\/p>\n<p><img style=\"max-width: 100%;\" title=\"\u00bfCu\u00e1les son los tipos m\u00e1s comunes de caudal\u00edmetros de combustible en l\u00ednea?\" src=\"https:\/\/www.hginstrument.com\/wp-content\/uploads\/2021\/07\/wedge-1.jpg\" alt=\"\u00bfCu\u00e1les son los tipos m\u00e1s comunes de caudal\u00edmetros de combustible en l\u00ednea?\" \/><\/p>\n<\/div>\n<div id=\"03\">\n<p><strong>3.\u00bfCu\u00e1l es el intervalo de temperatura de funcionamiento del caudal\u00edmetro de combustible en l\u00ednea?<\/strong><\/p>\n<p>Hemos establecido una buena reputaci\u00f3n y asociaciones fiables en el sector de los caudal\u00edmetros de combustible en l\u00ednea.<br \/>\nEl intervalo de temperatura de funcionamiento del caudal\u00edmetro es de -40\u00b0C a 60\u00b0C (-40\u00b0F a 140\u00b0F).<\/p>\n<\/div>\n<div id=\"04\">\n<p><strong>4.\u00bfQu\u00e9 es un caudal\u00edmetro de combustible en l\u00ednea?<\/strong><\/p>\n<p>Nos centramos en el trabajo en equipo y la comunicaci\u00f3n para alcanzar objetivos comunes, damos gran importancia a este detalle.<br \/>\nUn caudal\u00edmetro es un dispositivo utilizado para medir el caudal o la cantidad de gas o l\u00edquido que circula por una tuber\u00eda. Los caudal\u00edmetros miden el caudal volum\u00e9trico o m\u00e1sico de un l\u00edquido o gas. Se utilizan en diversos sectores, como el tratamiento de aguas y aguas residuales, el petr\u00f3leo y el gas, el procesamiento qu\u00edmico y la producci\u00f3n de alimentos y bebidas.<\/p>\n<p><img style=\"max-width: 100%;\" title=\"\u00bfQu\u00e9 es un caudal\u00edmetro en l\u00ednea?\" src=\"https:\/\/www.hginstrument.com\/wp-content\/uploads\/2021\/07\/verabar-1.jpg\" alt=\"\u00bfQu\u00e9 es un caudal\u00edmetro en l\u00ednea?\" \/><\/p>\n<\/div>\n<div id=\"05\">\n<p><strong>5.\u00bfC\u00f3mo mide el caudal un caudal\u00edmetro de combustible en l\u00ednea?<\/strong><\/p>\n<p>Operamos nuestro negocio de medidores de flujo de combustible en l\u00ednea con integridad y honestidad.<br \/>\nUn caudal\u00edmetro mide el caudal midiendo la velocidad de un fluido a su paso por una tuber\u00eda u otro conducto. Esto se hace normalmente midiendo la ca\u00edda de presi\u00f3n a trav\u00e9s de un \u00e1rea conocida, o midiendo el tiempo que tarda un volumen de fluido en pasar a trav\u00e9s de un \u00e1rea conocida. Otros m\u00e9todos consisten en utilizar una turbina, una rueda de paletas o un transductor ultras\u00f3nico para medir la velocidad del fluido.<\/p>\n<\/div>\n<div id=\"06\">\n<p><strong>6. \u00bfCumple el medidor de flujo de combustible en l\u00ednea con las normas pertinentes?<\/strong><\/p>\n<p>S\u00ed, las prestaciones antideflagrantes del caudal\u00edmetro cumplen las normas pertinentes. El caudal\u00edmetro debe estar certificado por un organismo de certificaci\u00f3n reconocido para garantizar que cumple los requisitos de las normas pertinentes.<\/p>\n<p><img style=\"max-width: 100%;\" title=\"\u00bfCumple el rendimiento a prueba de explosiones del caudal\u00edmetro de combustible en l\u00ednea con las normas pertinentes?\" src=\"https:\/\/www.hginstrument.com\/wp-content\/uploads\/2021\/07\/hgcmf-c1-1.jpg\" alt=\"\u00bfCumple el rendimiento a prueba de explosiones del caudal\u00edmetro de combustible en l\u00ednea con las normas pertinentes?\" \/><\/p>\n<\/div>\n<div id=\"07\">\n<p><strong>7.\u00bfCu\u00e1l es el rango de medici\u00f3n del caudal\u00edmetro de combustible en l\u00ednea?<\/strong><\/p>\n<p>Actualizamos continuamente nuestras competencias y conocimientos para adaptarnos a las cambiantes necesidades del mercado de caudal\u00edmetros de combustible en l\u00ednea.<br \/>\nEl rango de medici\u00f3n de un caudal\u00edmetro depende del tipo de caudal\u00edmetro que se utilice. Por lo general, el rango de medici\u00f3n de un caudal\u00edmetro puede oscilar entre 0,01 y 1.000 litros por minuto.<\/p>\n<\/div>\n<div id=\"08\">\n<p><strong>8.\u00bfTiene el caudal\u00edmetro de combustible en l\u00ednea capacidad de control remoto?<\/strong><\/p>\n<p>Nos centramos en las necesidades de nuestros clientes y nos esforzamos por satisfacer sus expectativas, por lo que nos lo tomamos muy en serio.<br \/>\nDepende del modelo concreto de caudal\u00edmetro. Algunos modelos pueden tener capacidad de control remoto, mientras que otros no.<\/p>\n<p><img style=\"max-width: 100%;\" title=\"\u00bfEl medidor de flujo de combustible en l\u00ednea tiene capacidad de control remoto?\" src=\"https:\/\/www.hginstrument.com\/wp-content\/uploads\/2021\/07\/hguoc-1.jpg\" alt=\"\u00bfEl medidor de flujo de combustible en l\u00ednea tiene capacidad de control remoto?\" \/><\/p>\n<\/div>\n<div id=\"09\">\n<p><strong>9.Acerca de la patente del caudal\u00edmetro de combustible en l\u00ednea<\/strong><\/p>\n<p>Las patentes de caudal\u00edmetros son patentes que cubren el dise\u00f1o y el funcionamiento de los caudal\u00edmetros. Los caudal\u00edmetros son dispositivos utilizados para medir la velocidad de flujo de un l\u00edquido o gas. Los caudal\u00edmetros se utilizan en diversas industrias, como el tratamiento de aguas y aguas residuales, el petr\u00f3leo y el gas, y el procesamiento qu\u00edmico. Los caudal\u00edmetros se utilizan para medir el caudal de un fluido, el volumen total de un fluido y la presi\u00f3n de un fluido. Los caudal\u00edmetros pueden ser mec\u00e1nicos, el\u00e9ctricos u \u00f3pticos. Los caudal\u00edmetros pueden utilizarse para medir el caudal de l\u00edquidos, gases y vapor.<\/p>\n<\/div>\n<div id=\"010\">\n<p><strong>10.\u00bfEs sustituible la unidad de medici\u00f3n del caudal\u00edmetro de combustible en l\u00ednea?<\/strong><\/p>\n<p>Como uno de los principales fabricantes de medidores de flujo de combustible en l\u00ednea de China, nos tomamos esto muy en serio.<br \/>\nS\u00ed, la unidad de medida de un caudal\u00edmetro es sustituible.<\/p>\n<p><img style=\"max-width: 100%;\" title=\"\u00bfEs sustituible la unidad de medici\u00f3n del caudal\u00edmetro de combustible en l\u00ednea?\" src=\"https:\/\/www.hginstrument.com\/wp-content\/uploads\/2021\/07\/hls-2000h-m2.jpg\" alt=\"\u00bfEs sustituible la unidad de medici\u00f3n del caudal\u00edmetro de combustible en l\u00ednea?\" \/><\/p>\n<\/div>\n<div id=\"11\">\n<p><strong>11.\u00bfEs anticorrosivo el caudal\u00edmetro de combustible en l\u00ednea?<\/strong><\/p>\n<p>Hemos establecido una buena reputaci\u00f3n y asociaciones fiables en el sector de los caudal\u00edmetros de combustible en l\u00ednea.<br \/>\nS\u00ed, la mayor\u00eda de los caudal\u00edmetros est\u00e1n dise\u00f1ados para ser resistentes a la corrosi\u00f3n. Sin embargo, el tipo espec\u00edfico de caudal\u00edmetro y el entorno en el que se utilice determinar\u00e1n el grado de resistencia a la corrosi\u00f3n.<\/p>\n<\/div>\n<div id=\"12\">\n<p><strong>12.Acerca del m\u00e9todo de pago del caudal\u00edmetro de combustible en l\u00ednea<\/strong><\/p>\n<p>El pago con caudal\u00edmetro es un m\u00e9todo de pago que utiliza un caudal\u00edmetro para medir la cantidad de energ\u00eda utilizada por un cliente. El cliente paga por la energ\u00eda utilizada en funci\u00f3n de la cantidad de energ\u00eda medida por el caudal\u00edmetro. Este m\u00e9todo de pago se utiliza a menudo en entornos comerciales e industriales, donde el consumo de energ\u00eda es elevado y debe controlarse con precisi\u00f3n. El pago con caudal\u00edmetro tambi\u00e9n se utiliza en algunos entornos residenciales, donde los clientes pueden pagar por su consumo de energ\u00eda en funci\u00f3n de la cantidad de energ\u00eda que utilizan.<\/p>\n<p><img style=\"max-width: 100%;\" title=\"Acerca del m\u00e9todo de pago del caudal\u00edmetro de combustible en l\u00ednea\" src=\"https:\/\/www.hginstrument.com\/wp-content\/uploads\/2021\/07\/hluc-1.jpg\" alt=\"Acerca del m\u00e9todo de pago del caudal\u00edmetro de combustible en l\u00ednea\" \/><\/p>\n<\/div>\n<div id=\"13\">\n<p><strong>13.Sobre la capacidad de producci\u00f3n de caudal\u00edmetros de combustible en l\u00ednea<\/strong><\/p>\n<p>La capacidad de producci\u00f3n de caudal\u00edmetros depende del tipo de caudal\u00edmetro que se fabrique. Por lo general, la capacidad de producci\u00f3n viene determinada por el tama\u00f1o de la instalaci\u00f3n de producci\u00f3n, el n\u00famero de m\u00e1quinas y personal disponible y el tipo de caudal\u00edmetro que se fabrica. Por ejemplo, una planta de producci\u00f3n especializada en la fabricaci\u00f3n de caudal\u00edmetros de turbina puede tener una capacidad de producci\u00f3n mayor que una planta de producci\u00f3n de caudal\u00edmetros ultras\u00f3nicos. Adem\u00e1s, la capacidad de producci\u00f3n de una instalaci\u00f3n puede verse afectada por la complejidad del caudal\u00edmetro fabricado, as\u00ed como por la disponibilidad de materias primas y componentes.<\/p>\n<\/div>\n<div id=\"14\">\n<p><strong>14.\u00bfC\u00f3mo detecta el caudal\u00edmetro de combustible en l\u00ednea las propiedades del fluido objetivo?<\/strong><\/p>\n<p>Como uno de los l\u00edderes del mercado de caudal\u00edmetros de combustible en l\u00ednea, somos conocidos por nuestra innovaci\u00f3n y fiabilidad.<br \/>\nLos caudal\u00edmetros miden el caudal de un fluido detectando su velocidad. Esto se hace normalmente midiendo la ca\u00edda de presi\u00f3n a trav\u00e9s de una restricci\u00f3n conocida en la trayectoria del flujo, o midiendo la velocidad del fluido utilizando una variedad de tecnolog\u00edas como ultrasonidos, magn\u00e9tica o t\u00e9rmica. El caudal puede utilizarse entonces para calcular las propiedades del fluido, como la densidad, la viscosidad y el caudal volum\u00e9trico.<\/p>\n<p><img style=\"max-width: 100%;\" title=\"\u00bfC\u00f3mo detecta el caudal\u00edmetro en l\u00ednea las propiedades del fluido de destino?\" src=\"https:\/\/www.hginstrument.com\/wp-content\/uploads\/2021\/07\/in-line-pipeline-type-hgd-electromagnetic-flow-meter.jpg\" alt=\"\u00bfC\u00f3mo detecta el caudal\u00edmetro en l\u00ednea las propiedades del fluido de destino?\" \/><\/p>\n<\/div>\n<div id=\"15\">\n<p><strong>15.\u00bfCu\u00e1les son los requisitos para la ubicaci\u00f3n espec\u00edfica de la instalaci\u00f3n del medidor de flujo de combustible en l\u00ednea?<\/strong><\/p>\n<p>Operamos nuestro negocio de medidores de flujo de combustible en l\u00ednea con integridad y honestidad.<br \/>\n1. El caudal\u00edmetro debe instalarse en un lugar libre de vibraciones, golpes y otras fuerzas externas.<\/p>\n<p>2. El caudal\u00edmetro debe instalarse en un lugar libre de gases corrosivos, l\u00edquidos y otros contaminantes.<\/p>\n<p>3. El caudal\u00edmetro debe instalarse en un lugar accesible para su mantenimiento y calibraci\u00f3n.<\/p>\n<p>4. El caudal\u00edmetro debe instalarse en un lugar exento de temperaturas y humedad extremas.<\/p>\n<p>5. El caudal\u00edmetro debe instalarse en un lugar libre de interferencias el\u00e9ctricas.<\/p>\n<\/div>\n<p>&nbsp;<\/p>\n<p>Etiqueta\uff1a<a href=\"\/es\/magnetic-flow-meter\/top-10-flow-meter-manufacturers\/\">top 10 fabricantes de caudal\u00edmetros<\/a>,<a href=\"\/es\/magnetic-flow-meter\/ek-loop-connect---flow-meter\/\">ek-loop connect - caudal\u00edmetro<\/a>,<a href=\"\/es\/magnetic-flow-meter\/air-flow-meter-cleaner\/\">limpiador de caudal\u00edmetro de aire<\/a>,<a href=\"\/es\/magnetic-flow-meter\/water-flow-meter-4-20ma-output\/\">medidor de caudal de agua salida 4-20ma<\/a><\/p>\n<p>&nbsp;<\/p>","protected":false},"excerpt":{"rendered":"<p><strong>Datos t\u00e9cnicos<\/strong><br \/>\nPuede servir para fluidos l\u00edquidos o gaseosos, normalmente se utiliza para medir el caudal de vapor, aire y gas natural.<br \/>\nTama\u00f1o del contador: Tipo en l\u00ednea: DN25 - DN300<br \/>\nOpci\u00f3n de material mojado: SS304, SS316<br \/>\nTemperatura de funcionamiento: \u2264250\u2103<br \/>\nConexi\u00f3n a proceso: Wafer \/ Brida \/ Tri-clamp para tipo en l\u00ednea<br \/>\nPrecisi\u00f3n de medici\u00f3n: 1,0 % - 1,5% del intervalo de calibraci\u00f3n<br \/>\nIndicador digital: muestra el caudal instant\u00e1neo y el caudal total<br \/>\nAlimentaci\u00f3n: 24VDC, Salida: 4-20mA<\/p>\n<p><strong>caracter\u00edsticas<\/strong><br \/>\n1.Puntos de consigna ON\/OFF ajustables<br \/>\n2.Modo de alarma de caudal alto o bajo<br \/>\n3.Tiempo de retardo ajustable<br \/>\n4.LED de estado del rel\u00e9<\/p>","protected":false},"featured_media":3691,"comment_status":"closed","ping_status":"closed","template":"","meta":[],"product_cat":[2372],"product_tag":[],"acf":[],"_links":{"self":[{"href":"https:\/\/www.hginstrument.com\/es\/wp-json\/wp\/v2\/product\/5505"}],"collection":[{"href":"https:\/\/www.hginstrument.com\/es\/wp-json\/wp\/v2\/product"}],"about":[{"href":"https:\/\/www.hginstrument.com\/es\/wp-json\/wp\/v2\/types\/product"}],"replies":[{"embeddable":true,"href":"https:\/\/www.hginstrument.com\/es\/wp-json\/wp\/v2\/comments?post=5505"}],"wp:featuredmedia":[{"embeddable":true,"href":"https:\/\/www.hginstrument.com\/es\/wp-json\/wp\/v2\/media\/3691"}],"wp:attachment":[{"href":"https:\/\/www.hginstrument.com\/es\/wp-json\/wp\/v2\/media?parent=5505"}],"wp:term":[{"taxonomy":"product_cat","embeddable":true,"href":"https:\/\/www.hginstrument.com\/es\/wp-json\/wp\/v2\/product_cat?post=5505"},{"taxonomy":"product_tag","embeddable":true,"href":"https:\/\/www.hginstrument.com\/es\/wp-json\/wp\/v2\/product_tag?post=5505"}],"curies":[{"name":"wp","href":"https:\/\/api.w.org\/{rel}","templated":true}]}}