{"id":5519,"date":"2023-12-24T09:30:33","date_gmt":"2023-12-24T01:30:33","guid":{"rendered":"https:\/\/www.hginstrument.com\/?post_type=product&#038;p=5519"},"modified":"2024-01-03T10:34:49","modified_gmt":"2024-01-03T02:34:49","slug":"inline-air-flow-meter","status":"publish","type":"product","link":"https:\/\/www.hginstrument.com\/es\/magnetic-flow-meter\/inline-air-flow-meter\/","title":{"rendered":"inline air flow meter"},"content":{"rendered":"<p>With its high flow range and precise reading capabilities, inline air flow meter is the ideal choice for industries such as oil and gas, water treatment, and chemical processing. Upgrade your liquid measurement process with inline air flow meter and experience unparalleled performance and value. Trust inline air flow meter to give you the most accurate and efficient flow measurements every time.<\/p>\n<p>At the heart of inline air flow meter is technology that measures and records flow, providing accurate and reliable readings. There are different types of inline air flow meter including magnetic, ultrasonic, Inductive flow meter, Coriolis and turbine, each designed for specific applications and fluid types.<\/p>\n<p>One of the most advanced and widely used inline air flow meter is the electromagnetic inline air flow meter. It works on Faraday&#8217;s law of electromagnetic induction and is able to measure the flow of conducting fluids with incredible accuracy and repeatability. It is suitable for use with a variety of fluids, including water, chemicals, Chemical manufacturing and mud.<\/p>\n<table class=\"table table-bordered\">\n<tbody>\n<tr>\n<td><span style=\"vertical-align: inherit;\"><span style=\"vertical-align: inherit;\">Tipo\uff1a<\/span><\/span><\/td>\n<td><span style=\"vertical-align: inherit;\">inline air flow meter<\/span><\/td>\n<td><span style=\"vertical-align: inherit;\"><span style=\"vertical-align: inherit;\">Se\u00f1al de salida\uff1a<\/span><\/span><\/td>\n<td><span style=\"vertical-align: inherit;\"><span style=\"vertical-align: inherit;\">4-28mA, Pulso\/Frecuencia 2kHz(Predeterminado), 5KHz(Max)<\/span><\/span><\/td>\n<\/tr>\n<tr>\n<td><span style=\"vertical-align: inherit;\"><span style=\"vertical-align: inherit;\">Lugar de origen\uff1a<\/span><\/span><\/td>\n<td><span style=\"vertical-align: inherit;\"><span style=\"vertical-align: inherit;\">Jiangsu\uff0cChina<\/span><\/span><\/td>\n<td><span style=\"vertical-align: inherit;\"><span style=\"vertical-align: inherit;\">Incorporar tipo\uff1a<\/span><\/span><\/td>\n<td><span style=\"vertical-align: inherit;\"><span style=\"vertical-align: inherit;\">-10\u2103- +56\u2103<\/span><\/span><\/td>\n<\/tr>\n<tr>\n<td><span style=\"vertical-align: inherit;\"><span style=\"vertical-align: inherit;\">Garant\u00eda\uff1a<\/span><\/span><\/td>\n<td><span style=\"vertical-align: inherit;\"><span style=\"vertical-align: inherit;\">14 meses<\/span><\/span><\/td>\n<td><span style=\"vertical-align: inherit;\"><span style=\"vertical-align: inherit;\">Tensi\u00f3n de alimentaci\u00f3n\uff1a<\/span><\/span><\/td>\n<td><span style=\"vertical-align: inherit;\"><span style=\"vertical-align: inherit;\">110\/220VAC (100-240VAC), 50Hz\/60Hz; 24VDC\u00b110%<\/span><\/span><\/td>\n<\/tr>\n<tr>\n<td><span style=\"vertical-align: inherit;\"><span style=\"vertical-align: inherit;\">Asistencia personalizada\uff1a<\/span><\/span><\/td>\n<td><span style=\"vertical-align: inherit;\"><span style=\"vertical-align: inherit;\">OEM, ODM, OBM<\/span><\/span><\/td>\n<td><span style=\"vertical-align: inherit;\"><span style=\"vertical-align: inherit;\">Comunicaci\u00f3n digital\uff1a<\/span><\/span><\/td>\n<td><span style=\"vertical-align: inherit;\"><span style=\"vertical-align: inherit;\">RS-485, compatible con el protocolo est\u00e1ndar Mudbugs-RTU; GPRS<\/span><\/span><\/td>\n<\/tr>\n<tr>\n<td><span style=\"vertical-align: inherit;\"><span style=\"vertical-align: inherit;\">Marca\uff1a<\/span><\/span><\/td>\n<td><span style=\"vertical-align: inherit;\"><span style=\"vertical-align: inherit;\">GRUPO SUYI<\/span><\/span><\/td>\n<td><span style=\"vertical-align: inherit;\"><span style=\"vertical-align: inherit;\">Presi\u00f3n nominal\uff1a<\/span><\/span><\/td>\n<td><span style=\"vertical-align: inherit;\"><span style=\"vertical-align: inherit;\">1MPa (DN15-DN800), 1,6MPa(DN15-DN800), 2,5MPa(DN15-DN600)<\/span><\/span><\/td>\n<\/tr>\n<tr>\n<td><span style=\"vertical-align: inherit;\"><span style=\"vertical-align: inherit;\">N\u00famero de modelo\uff1a<\/span><\/span><\/td>\n<td><span style=\"vertical-align: inherit;\"><span style=\"vertical-align: inherit;\">otros<\/span><\/span><\/td>\n<td><span style=\"vertical-align: inherit;\"><span style=\"vertical-align: inherit;\">Sensor\uff1a<\/span><\/span><\/td>\n<td><span style=\"vertical-align: inherit;\"><span style=\"vertical-align: inherit;\">0\u2103- +80\u2103 o -25\u2103- +120\u2103 o +70\u2103- +250\u2103<\/span><\/span><\/td>\n<\/tr>\n<tr>\n<td><span style=\"vertical-align: inherit;\"><span style=\"vertical-align: inherit;\">Nombre del producto\uff1a<\/span><\/span><\/td>\n<td><span style=\"vertical-align: inherit;\"><span style=\"vertical-align: inherit;\">Medidor de caudal de agua qu\u00edmico digital inteligente electromagn\u00e9tico<\/span><\/span><\/td>\n<td><span style=\"vertical-align: inherit;\"><span style=\"vertical-align: inherit;\">Detalles del embalaje\uff1a<\/span><\/span><\/td>\n<td><span style=\"vertical-align: inherit;\"><span style=\"vertical-align: inherit;\">1 Juego por paquete o seg\u00fan pedido del cliente<\/span><\/span><\/td>\n<\/tr>\n<tr>\n<td><span style=\"vertical-align: inherit;\"><span style=\"vertical-align: inherit;\">Di\u00e1metro nominal\uff1a<\/span><\/span><\/td>\n<td><span style=\"vertical-align: inherit;\"><span style=\"vertical-align: inherit;\">3-2699mm<\/span><\/span><\/td>\n<td><span style=\"vertical-align: inherit;\"><span style=\"vertical-align: inherit;\">Capacidad de suministro\uff1a<\/span><\/span><\/td>\n<td><span style=\"vertical-align: inherit;\"><span style=\"vertical-align: inherit;\">2420 Set\/Sets per Month<\/span><\/span><\/td>\n<\/tr>\n<tr>\n<td><span style=\"vertical-align: inherit;\"><span style=\"vertical-align: inherit;\">rango de velocidad\uff1a<\/span><\/span><\/td>\n<td><span style=\"vertical-align: inherit;\"><span style=\"vertical-align: inherit;\">0-11m\/s<\/span><\/span><\/td>\n<td><span style=\"vertical-align: inherit;\"><span style=\"vertical-align: inherit;\">Cantidad (juegos)\uff1a<\/span><\/span><\/td>\n<td><span style=\"vertical-align: inherit;\"><span style=\"vertical-align: inherit;\">&gt; 30<\/span><\/span><\/td>\n<\/tr>\n<tr>\n<td><span style=\"vertical-align: inherit;\"><span style=\"vertical-align: inherit;\">Grado de precisi\u00f3n\uff1a<\/span><\/span><\/td>\n<td><span style=\"vertical-align: inherit;\"><span style=\"vertical-align: inherit;\">\u00b10,5%R, \u00b11%R ( &lt; DN20)<\/span><\/span><\/td>\n<td><span style=\"vertical-align: inherit;\"><span style=\"vertical-align: inherit;\">Plazo de entrega (d\u00edas)\uff1a<\/span><\/span><\/td>\n<td><span style=\"vertical-align: inherit;\"><span style=\"vertical-align: inherit;\">A negociar<\/span><\/span><\/td>\n<\/tr>\n<\/tbody>\n<\/table>\n<p>&nbsp;<\/p>\n<p>&nbsp;<\/p>\n<p style=\"text-align: center;\"><img title=\"inline air flow meter\" src=\"https:\/\/www.hginstrument.com\/wp-content\/uploads\/2021\/07\/in-line-pipeline-type-hgd-electromagnetic-flow-meter.jpg\" \/><\/p>\n<p>&nbsp;<\/p>\n<p>&nbsp;<\/p>\n<p style=\"text-align: center;\"><img title=\"inline air flow meter\" src=\"https:\/\/www.hginstrument.com\/wp-content\/uploads\/2021\/07\/insertion-01.jpg\" \/><\/p>\n<p>&nbsp;<\/p>\n<p>&nbsp;<\/p>\n<p style=\"text-align: center;\"><img title=\"inline air flow meter\" src=\"https:\/\/www.hginstrument.com\/wp-content\/uploads\/2021\/07\/sanitary-mag-1.jpg\" \/><\/p>\n<p><strong>inline air flow meter FAQs Guide.<\/strong><\/p>\n<p>At the heart of our inline air flow meter series lies a commitment to excellence, blending advanced sensor technology with user-friendly interfaces. From liquid to gas, our meters deliver unparalleled accuracy, empowering you to make informed decisions and streamline operations. As we usher in a new era of fluid measurement, we invite you to explore the limitless possibilities that our inline air flow meters unlock \u2013 where precision meets performance, and innovation flows seamlessly.<\/p>\n<div style=\"border: 3px solid #f89900; margin: 20px 0; padding: 20px;\"><a href=\"\/es\/inline-air-flow-meter\/#01\">1.What is the difference between inline air flow meter SUYI group vs inline air flow meter Siemens vs inline air flow meter GE<\/a><br \/>\n<a href=\"\/es\/inline-air-flow-meter\/#02\">2.About inline air flow meter delivery date<\/a><br \/>\n<a href=\"\/es\/inline-air-flow-meter\/#03\">3.Does the inline air flow meter have an automatic alarm function?<\/a><br \/>\n<a href=\"\/es\/inline-air-flow-meter\/#04\">4.About inline air flow meter production management system<\/a><br \/>\n<a href=\"\/es\/inline-air-flow-meter\/#05\">5.About inline air flow meter production equipment<\/a><br \/>\n<a href=\"\/es\/inline-air-flow-meter\/#06\">6.About inline air flow meter production capacity<\/a><br \/>\n<a href=\"\/es\/inline-air-flow-meter\/#07\">7.About inline air flow meter customization services<\/a><br \/>\n<a href=\"\/es\/inline-air-flow-meter\/#08\">8.How accurate is the inline air flow meter?<\/a><br \/>\n<a href=\"\/es\/inline-air-flow-meter\/#09\">9.What is the format of the inline air flow meter\u2019s output signal?<\/a><br \/>\n<a href=\"\/es\/inline-air-flow-meter\/#010\">10.About the scale of inline air flow meter factory<\/a><br \/>\n<a href=\"\/es\/inline-air-flow-meter\/#11\">11.What is the main principle of inline air flow meter?<\/a><br \/>\n<a href=\"\/es\/inline-air-flow-meter\/#12\">12.About inline air flow meter inventory<\/a><br \/>\n<a href=\"\/es\/inline-air-flow-meter\/#13\">13.About inline air flow meter warranty<\/a><br \/>\n<a href=\"\/es\/inline-air-flow-meter\/#14\">14.About inline air flow meter production skills training<\/a><br \/>\n<a href=\"\/es\/inline-air-flow-meter\/#15\">15.About inline air flow meter technology<\/a><br \/>\n<a href=\"\/es\/inline-air-flow-meter\/#16\">16.Does the inline air flow meter have remote control capabilities?<\/a><br \/>\n<a href=\"\/es\/inline-air-flow-meter\/#17\">17.What is the difference between inline air flow meter SUYI group vs inline air flow meter Emerson vs inline air flow meter Honeywell<\/a><\/div>\n<div id=\"01\">\n<p><strong>1.What is the difference between inline air flow meter SUYI group vs inline air flow meter Siemens vs inline air flow meter GE<\/strong><\/p>\n<p>Los caudal\u00edmetros del Grupo SUYI se utilizan normalmente para medir el caudal de l\u00edquidos, gases y vapor. Est\u00e1n dise\u00f1ados para ser precisos, fiables y f\u00e1ciles de instalar y mantener. Los caudal\u00edmetros SUYI est\u00e1n disponibles en una gran variedad de tama\u00f1os y materiales, y pueden utilizarse en una gran variedad de aplicaciones.<\/p>\n<p>Los caudal\u00edmetros de Siemens est\u00e1n dise\u00f1ados para medir el caudal de l\u00edquidos, gases y vapor. Est\u00e1n dise\u00f1ados para ser precisos, fiables y f\u00e1ciles de instalar y mantener. Los caudal\u00edmetros Siemens est\u00e1n disponibles en distintos tama\u00f1os y materiales, y pueden utilizarse en una gran variedad de aplicaciones.<\/p>\n<p>Los caudal\u00edmetros de GE est\u00e1n dise\u00f1ados para medir el caudal de l\u00edquidos, gases y vapor. Est\u00e1n dise\u00f1ados para ser precisos, fiables y f\u00e1ciles de instalar y mantener. Los caudal\u00edmetros de GE est\u00e1n disponibles en diversos tama\u00f1os y materiales, y pueden utilizarse en una gran variedad de aplicaciones. Tambi\u00e9n ofrecen una amplia gama de caracter\u00edsticas, como pantallas digitales, alarmas y capacidades de registro de datos.<\/p>\n<\/div>\n<div id=\"02\">\n<p><strong>2.About inline air flow meter delivery date<\/strong><\/p>\n<p>La fecha de entrega de un caudal\u00edmetro depender\u00e1 del tipo de caudal\u00edmetro, del fabricante y de la disponibilidad del producto. Por lo general, la mayor\u00eda de los caudal\u00edmetros pueden entregarse en un plazo que oscila entre unos d\u00edas y unas semanas. Sin embargo, algunos caudal\u00edmetros especializados pueden tardar m\u00e1s en entregarse. Lo mejor es ponerse en contacto directamente con el fabricante para obtener una fecha de entrega exacta.<\/p>\n<\/div>\n<div id=\"03\">\n<p><strong>3.Does the inline air flow meter have an automatic alarm function?<\/strong><\/p>\n<p>Nos adherimos al principio de que la calidad es lo primero y contamos con un completo sistema de gesti\u00f3n de la calidad de la producci\u00f3n y un proceso de inspecci\u00f3n de la calidad.<br \/>\nMuchos caudal\u00edmetros tienen una funci\u00f3n de alarma autom\u00e1tica, pero esto depende del modelo espec\u00edfico. Lo mejor es comprobar las especificaciones del producto para determinar si el caudal\u00edmetro que est\u00e1 considerando tiene esta funci\u00f3n.<\/p>\n<\/div>\n<div id=\"04\">\n<p><strong>4.About inline air flow meter production management system<\/strong><\/p>\n<p>Un sistema de gesti\u00f3n de la producci\u00f3n de caudal\u00edmetros es una soluci\u00f3n de software dise\u00f1ada para ayudar a los fabricantes a gestionar la producci\u00f3n de caudal\u00edmetros. El sistema puede utilizarse para realizar un seguimiento del proceso de producci\u00f3n de principio a fin, incluido el pedido de materias primas, el montaje de componentes y la comprobaci\u00f3n y calibraci\u00f3n del producto acabado. El sistema tambi\u00e9n puede utilizarse para controlar la calidad del proceso de producci\u00f3n, garantizando que los caudal\u00edmetros cumplen las normas exigidas. Adem\u00e1s, el sistema puede utilizarse para generar informes y analizar datos que ayuden a los fabricantes a mejorar sus procesos de producci\u00f3n.<\/p>\n<\/div>\n<div id=\"05\">\n<p><strong>5.About inline air flow meter production equipment<\/strong><\/p>\n<p>El equipo de producci\u00f3n de caudal\u00edmetros se utiliza para fabricar caudal\u00edmetros, que son dispositivos utilizados para medir la velocidad de flujo de un l\u00edquido o gas. Este equipo suele incluir diversas m\u00e1quinas y herramientas, como tornos, fresadoras, taladradoras y m\u00e1quinas CNC. Tambi\u00e9n incluye herramientas especializadas para ensamblar y probar caudal\u00edmetros. El equipo utilizado para producir caudal\u00edmetros es altamente especializado y debe ser capaz de producir resultados precisos y fiables.<\/p>\n<p><img style=\"max-width: 100%;\" title=\"About inline air flow meter production equipment\" src=\"https:\/\/www.hginstrument.com\/wp-content\/uploads\/2021\/07\/hg-50-7.jpg\" alt=\"About inline air flow meter production equipment\" \/><\/p>\n<\/div>\n<div id=\"06\">\n<p><strong>6.About inline air flow meter production capacity<\/strong><\/p>\n<p>La capacidad de producci\u00f3n de caudal\u00edmetros depende del tipo de caudal\u00edmetro que se fabrique. Por lo general, la capacidad de producci\u00f3n viene determinada por el tama\u00f1o de la instalaci\u00f3n de producci\u00f3n, el n\u00famero de m\u00e1quinas y personal disponible y el tipo de caudal\u00edmetro que se fabrica. Por ejemplo, una planta de producci\u00f3n especializada en la fabricaci\u00f3n de caudal\u00edmetros de turbina puede tener una capacidad de producci\u00f3n mayor que una planta de producci\u00f3n de caudal\u00edmetros ultras\u00f3nicos. Adem\u00e1s, la capacidad de producci\u00f3n de una instalaci\u00f3n puede verse afectada por la complejidad del caudal\u00edmetro fabricado, as\u00ed como por la disponibilidad de materias primas y componentes.<\/p>\n<\/div>\n<div id=\"07\">\n<p><strong>7.About inline air flow meter customization services<\/strong><\/p>\n<p>Los servicios de personalizaci\u00f3n de caudal\u00edmetros est\u00e1n dise\u00f1ados para ofrecer a los clientes una soluci\u00f3n a medida para sus necesidades espec\u00edficas de medici\u00f3n de caudal. Estos servicios pueden incluir la personalizaci\u00f3n del caudal\u00edmetro para adaptarlo a una aplicaci\u00f3n concreta, como un tama\u00f1o de tuber\u00eda o un caudal espec\u00edficos, o para cumplir un determinado requisito de precisi\u00f3n. Los servicios de personalizaci\u00f3n tambi\u00e9n pueden incluir la modificaci\u00f3n del caudal\u00edmetro para incluir funciones adicionales, como una pantalla o capacidades de registro de datos. Los servicios de personalizaci\u00f3n de caudal\u00edmetros tambi\u00e9n pueden incluir la instalaci\u00f3n del caudal\u00edmetro, as\u00ed como la prestaci\u00f3n de asistencia t\u00e9cnica y mantenimiento.<\/p>\n<\/div>\n<div id=\"08\">\n<p><strong>8.How accurate is the inline air flow meter?<\/strong><\/p>\n<p>We are a professional inline air flow meter company dedicated to providing high quality products and services.<br \/>\nLa precisi\u00f3n de un caudal\u00edmetro depende del tipo de caudal\u00edmetro que se utilice. En general, la mayor\u00eda de los caudal\u00edmetros tienen una precisi\u00f3n de 1-2% del caudal real. Sin embargo, algunos medidores de caudal pueden ser m\u00e1s precisos que esto, dependiendo del tipo y la calidad del medidor.<\/p>\n<\/div>\n<div id=\"09\">\n<p><strong>9.What is the format of the inline air flow meter\u2019s output signal?<\/strong><\/p>\n<p>We continuously upgrade our skills and knowledge to adapt to changing inline air flow meter market needs.<br \/>\nEl formato de la se\u00f1al de salida del caudal\u00edmetro depende del tipo de caudal\u00edmetro que se utilice. Entre los formatos de se\u00f1al de salida m\u00e1s comunes se incluyen pulso, frecuencia, tensi\u00f3n y corriente.<\/p>\n<\/div>\n<div id=\"010\">\n<p><strong>10.About the scale of inline air flow meter factory<\/strong><\/p>\n<p>Las f\u00e1bricas de caudal\u00edmetros var\u00edan en tama\u00f1o y alcance, dependiendo del tipo de caudal\u00edmetros que produzcan. Algunas f\u00e1bricas pueden especializarse en la producci\u00f3n de un solo tipo de caudal\u00edmetro, mientras que otras pueden producir una variedad de tipos diferentes. Algunas f\u00e1bricas pueden ser grandes, con cientos de empleados, mientras que otras pueden ser peque\u00f1as, con s\u00f3lo unos pocos empleados. El tama\u00f1o de la f\u00e1brica tambi\u00e9n depender\u00e1 del tipo de caudal\u00edmetros que produzca, as\u00ed como de la demanda de los mismos.<\/p>\n<p><img style=\"max-width: 100%;\" title=\"About the scale of inline air flow meter factory\" src=\"https:\/\/www.hginstrument.com\/wp-content\/uploads\/2021\/07\/dsrt-1.jpg\" alt=\"About the scale of inline air flow meter factory\" \/><\/p>\n<\/div>\n<div id=\"11\">\n<p><strong>11.What is the main principle of inline air flow meter?<\/strong><\/p>\n<p>Our inline air flow meter products undergo strict quality control to ensure customer satisfaction.<br \/>\nEl principio fundamental de un caudal\u00edmetro es medir el caudal de un fluido o gas a trav\u00e9s de una tuber\u00eda u otro recipiente. Esto se hace normalmente midiendo la ca\u00edda de presi\u00f3n a trav\u00e9s de una restricci\u00f3n conocida en la tuber\u00eda, o midiendo la velocidad del fluido o gas a medida que pasa a trav\u00e9s de la tuber\u00eda.<\/p>\n<\/div>\n<div id=\"12\">\n<p><strong>12.About inline air flow meter inventory<\/strong><\/p>\n<p>El inventario de caudal\u00edmetros es un sistema utilizado para seguir y gestionar los caudal\u00edmetros utilizados en aplicaciones industriales y comerciales. Se utiliza para supervisar el rendimiento de los caudal\u00edmetros, as\u00ed como para garantizar su correcto mantenimiento y calibraci\u00f3n. El sistema de inventario tambi\u00e9n puede utilizarse para hacer un seguimiento del coste de los caudal\u00edmetros, as\u00ed como para identificar cualquier problema o incidencia potencial con los mismos.<\/p>\n<\/div>\n<div id=\"13\">\n<p><strong>13.About inline air flow meter warranty<\/strong><\/p>\n<p>Las garant\u00edas de los caudal\u00edmetros var\u00edan en funci\u00f3n del fabricante y del tipo de caudal\u00edmetro. Por lo general, las garant\u00edas cubren los defectos de materiales y mano de obra, y tambi\u00e9n pueden cubrir ciertos tipos de da\u00f1os causados por el uso normal. Algunas garant\u00edas tambi\u00e9n pueden cubrir los da\u00f1os causados por una instalaci\u00f3n o un uso inadecuados. Es importante leer la informaci\u00f3n sobre la garant\u00eda proporcionada por el fabricante para comprender la cobertura espec\u00edfica y las limitaciones de la garant\u00eda.<\/p>\n<\/div>\n<div id=\"14\">\n<p><strong>14.About inline air flow meter production skills training<\/strong><\/p>\n<p>La formaci\u00f3n en t\u00e9cnicas de producci\u00f3n de caudal\u00edmetros est\u00e1 dise\u00f1ada para ense\u00f1ar a t\u00e9cnicos e ingenieros los conocimientos necesarios para producir y mantener caudal\u00edmetros. La formaci\u00f3n abarca temas como los principios de la medici\u00f3n de caudal, los tipos de caudal\u00edmetros disponibles, la instalaci\u00f3n y el mantenimiento de los caudal\u00edmetros y las t\u00e9cnicas de resoluci\u00f3n de problemas. La formaci\u00f3n tambi\u00e9n abarca el uso de programas inform\u00e1ticos para analizar e interpretar los datos de caudal. La formaci\u00f3n suele impartirse en un aula y puede incluir actividades pr\u00e1cticas.<\/p>\n<\/div>\n<div id=\"15\">\n<p><strong>15.About inline air flow meter technology<\/strong><\/p>\n<p>La tecnolog\u00eda de caudal\u00edmetros es un tipo de tecnolog\u00eda de medici\u00f3n utilizada para medir el caudal de un fluido o gas. Se utiliza en diversas industrias, como las del petr\u00f3leo y el gas, el agua y las aguas residuales, y el procesamiento qu\u00edmico. Los caudal\u00edmetros miden el caudal de un fluido o gas midiendo la presi\u00f3n, la velocidad u otras propiedades f\u00edsicas del fluido o gas. Los caudal\u00edmetros pueden utilizarse para medir el caudal de l\u00edquidos, gases y vapor. Se utilizan para medir el caudal de una gran variedad de fluidos, como agua, aceite y productos qu\u00edmicos. Los caudal\u00edmetros se utilizan en diversas aplicaciones, como el control de procesos, la gesti\u00f3n de la energ\u00eda y la supervisi\u00f3n de la seguridad.<\/p>\n<p><img style=\"max-width: 100%;\" title=\"About inline air flow meter technology\" src=\"https:\/\/www.hginstrument.com\/wp-content\/uploads\/2021\/07\/sanitary-mag-1.jpg\" alt=\"About inline air flow meter technology\" \/><\/p>\n<\/div>\n<div id=\"16\">\n<p><strong>16.Does the inline air flow meter have remote control capabilities?<\/strong><\/p>\n<p>Nos centramos en las necesidades de nuestros clientes y nos esforzamos por satisfacer sus expectativas, por lo que nos lo tomamos muy en serio.<br \/>\nDepende del modelo concreto de caudal\u00edmetro. Algunos modelos pueden tener capacidad de control remoto, mientras que otros no.<\/p>\n<\/div>\n<div id=\"17\">\n<p><strong>17.What is the difference between inline air flow meter SUYI group vs inline air flow meter Emerson vs inline air flow meter Honeywell<\/strong><\/p>\n<p>Los caudal\u00edmetros de SUYI Group, Emerson y Honeywell miden el caudal de l\u00edquidos y gases, pero difieren en t\u00e9rminos de precisi\u00f3n, caracter\u00edsticas y coste. Los caudal\u00edmetros de SUYI Group suelen ser los m\u00e1s asequibles, pero es posible que no tengan la misma precisi\u00f3n ni las mismas caracter\u00edsticas que los modelos m\u00e1s caros de Emerson y Honeywell. Los caudal\u00edmetros Emerson son conocidos por su precisi\u00f3n y fiabilidad, pero pueden ser m\u00e1s caros que los de otras marcas. Los caudal\u00edmetros Honeywell son conocidos por sus funciones avanzadas y su precisi\u00f3n, pero pueden ser los m\u00e1s caros de los tres.<\/p>\n<\/div>\n<p>&nbsp;<\/p>\n<p>Etiqueta\uff1a<a href=\"\/es\/magnetic-flow-meter\/dynasonics-flow-meter\/\">dynasonics flow meter<\/a>,<a href=\"\/es\/magnetic-flow-meter\/sem-10-flow-meter\/\">caudal\u00edmetro sem 10<\/a>,<a href=\"\/es\/magnetic-flow-meter\/garden-hose-water-flow-meter\/\">medidor de caudal de agua para manguera de jard\u00edn<\/a><\/p>\n<p>&nbsp;<\/p>","protected":false},"excerpt":{"rendered":"<p><strong>Datos t\u00e9cnicos<\/strong><br \/>\nPuede servir para fluidos l\u00edquidos o gaseosos, normalmente se utiliza para medir el caudal de vapor, aire y gas natural.<br \/>\nTama\u00f1o del contador: Tipo en l\u00ednea: DN25 - DN300<br \/>\nOpci\u00f3n de material mojado: SS304, SS316<br \/>\nTemperatura de funcionamiento: \u2264250\u2103<br \/>\nConexi\u00f3n a proceso: Wafer \/ Brida \/ Tri-clamp para tipo en l\u00ednea<br \/>\nPrecisi\u00f3n de medici\u00f3n: 1,0 % - 1,5% del intervalo de calibraci\u00f3n<br \/>\nIndicador digital: muestra el caudal instant\u00e1neo y el caudal total<br \/>\nAlimentaci\u00f3n: 24VDC, Salida: 4-20mA<\/p>\n<p><strong>caracter\u00edsticas<\/strong><br \/>\n1.Puntos de consigna ON\/OFF ajustables<br \/>\n2.Modo de alarma de caudal alto o bajo<br \/>\n3.Tiempo de retardo ajustable<br \/>\n4.LED de estado del rel\u00e9<\/p>","protected":false},"featured_media":3691,"comment_status":"closed","ping_status":"closed","template":"","meta":[],"product_cat":[2372],"product_tag":[],"acf":[],"_links":{"self":[{"href":"https:\/\/www.hginstrument.com\/es\/wp-json\/wp\/v2\/product\/5519"}],"collection":[{"href":"https:\/\/www.hginstrument.com\/es\/wp-json\/wp\/v2\/product"}],"about":[{"href":"https:\/\/www.hginstrument.com\/es\/wp-json\/wp\/v2\/types\/product"}],"replies":[{"embeddable":true,"href":"https:\/\/www.hginstrument.com\/es\/wp-json\/wp\/v2\/comments?post=5519"}],"wp:featuredmedia":[{"embeddable":true,"href":"https:\/\/www.hginstrument.com\/es\/wp-json\/wp\/v2\/media\/3691"}],"wp:attachment":[{"href":"https:\/\/www.hginstrument.com\/es\/wp-json\/wp\/v2\/media?parent=5519"}],"wp:term":[{"taxonomy":"product_cat","embeddable":true,"href":"https:\/\/www.hginstrument.com\/es\/wp-json\/wp\/v2\/product_cat?post=5519"},{"taxonomy":"product_tag","embeddable":true,"href":"https:\/\/www.hginstrument.com\/es\/wp-json\/wp\/v2\/product_tag?post=5519"}],"curies":[{"name":"wp","href":"https:\/\/api.w.org\/{rel}","templated":true}]}}