{"id":5525,"date":"2023-12-24T09:43:24","date_gmt":"2023-12-24T01:43:24","guid":{"rendered":"https:\/\/www.hginstrument.com\/?post_type=product&#038;p=5525"},"modified":"2024-01-02T17:16:39","modified_gmt":"2024-01-02T09:16:39","slug":"inline-flow-meter-for-water","status":"publish","type":"product","link":"https:\/\/www.hginstrument.com\/es\/magnetic-flow-meter\/inline-flow-meter-for-water\/","title":{"rendered":"caudal\u00edmetro en l\u00ednea para agua"},"content":{"rendered":"<p>El caudal\u00edmetro en l\u00ednea para agua es una tecnolog\u00eda precisa y fiable utilizada para medir el caudal de un fluido. Mide con precisi\u00f3n el volumen, la masa o la velocidad del fluido que pasa por un punto espec\u00edfico en un periodo de tiempo determinado. El caudal\u00edmetro en l\u00ednea para agua est\u00e1 dise\u00f1ado con funciones avanzadas, como una pantalla de alta resoluci\u00f3n, procesamiento digital de se\u00f1ales y registro de datos en tiempo real.<\/p>\n<p>El caudal\u00edmetro en l\u00ednea para agua est\u00e1 equipado con sensores de alta precisi\u00f3n capaces de captar las m\u00e1s peque\u00f1as fluctuaciones del tr\u00e1fico. Su gran precisi\u00f3n y repetibilidad lo hacen ideal para su uso en industrias como la del petr\u00f3leo y el gas, qu\u00edmica, alimentaria y de bebidas, tratamiento de aguas, biotecnolog\u00eda y ciencias de la vida, etc.<\/p>\n<p>El caudal\u00edmetro en l\u00ednea para agua es muy vers\u00e1til y puede configurarse para medir una amplia gama de tipos de fluidos y caudales. Tambi\u00e9n ofrece varias opciones de salida, como anal\u00f3gica, digital y de impulsos, lo que lo hace compatible con una gran variedad de sistemas y dispositivos de control.<\/p>\n<table class=\"table table-bordered\">\n<tbody>\n<tr>\n<td><span style=\"vertical-align: inherit;\"><span style=\"vertical-align: inherit;\">Tipo\uff1a<\/span><\/span><\/td>\n<td><span style=\"vertical-align: inherit;\">caudal\u00edmetro en l\u00ednea para agua<\/span><\/td>\n<td><span style=\"vertical-align: inherit;\"><span style=\"vertical-align: inherit;\">Se\u00f1al de salida\uff1a<\/span><\/span><\/td>\n<td><span style=\"vertical-align: inherit;\"><span style=\"vertical-align: inherit;\">4-19mA, Pulso\/Frecuencia 2kHz(Predeterminado), 5KHz(Max)<\/span><\/span><\/td>\n<\/tr>\n<tr>\n<td><span style=\"vertical-align: inherit;\"><span style=\"vertical-align: inherit;\">Lugar de origen\uff1a<\/span><\/span><\/td>\n<td><span style=\"vertical-align: inherit;\"><span style=\"vertical-align: inherit;\">Jiangsu\uff0cChina<\/span><\/span><\/td>\n<td><span style=\"vertical-align: inherit;\"><span style=\"vertical-align: inherit;\">Incorporar tipo\uff1a<\/span><\/span><\/td>\n<td><span style=\"vertical-align: inherit;\"><span style=\"vertical-align: inherit;\">-10\u2103- +57\u2103<\/span><\/span><\/td>\n<\/tr>\n<tr>\n<td><span style=\"vertical-align: inherit;\"><span style=\"vertical-align: inherit;\">Garant\u00eda\uff1a<\/span><\/span><\/td>\n<td><span style=\"vertical-align: inherit;\"><span style=\"vertical-align: inherit;\">18 meses<\/span><\/span><\/td>\n<td><span style=\"vertical-align: inherit;\"><span style=\"vertical-align: inherit;\">Tensi\u00f3n de alimentaci\u00f3n\uff1a<\/span><\/span><\/td>\n<td><span style=\"vertical-align: inherit;\"><span style=\"vertical-align: inherit;\">110\/220VAC (100-240VAC), 50Hz\/60Hz; 24VDC\u00b110%<\/span><\/span><\/td>\n<\/tr>\n<tr>\n<td><span style=\"vertical-align: inherit;\"><span style=\"vertical-align: inherit;\">Asistencia personalizada\uff1a<\/span><\/span><\/td>\n<td><span style=\"vertical-align: inherit;\"><span style=\"vertical-align: inherit;\">OEM, ODM, OBM<\/span><\/span><\/td>\n<td><span style=\"vertical-align: inherit;\"><span style=\"vertical-align: inherit;\">Comunicaci\u00f3n digital\uff1a<\/span><\/span><\/td>\n<td><span style=\"vertical-align: inherit;\"><span style=\"vertical-align: inherit;\">RS-485, compatible con el protocolo est\u00e1ndar Mudbugs-RTU; GPRS<\/span><\/span><\/td>\n<\/tr>\n<tr>\n<td><span style=\"vertical-align: inherit;\"><span style=\"vertical-align: inherit;\">Marca\uff1a<\/span><\/span><\/td>\n<td><span style=\"vertical-align: inherit;\"><span style=\"vertical-align: inherit;\">GRUPO SUYI<\/span><\/span><\/td>\n<td><span style=\"vertical-align: inherit;\"><span style=\"vertical-align: inherit;\">Presi\u00f3n nominal\uff1a<\/span><\/span><\/td>\n<td><span style=\"vertical-align: inherit;\"><span style=\"vertical-align: inherit;\">1MPa (DN15-DN800), 1,6MPa(DN15-DN800), 2,5MPa(DN15-DN600)<\/span><\/span><\/td>\n<\/tr>\n<tr>\n<td><span style=\"vertical-align: inherit;\"><span style=\"vertical-align: inherit;\">N\u00famero de modelo\uff1a<\/span><\/span><\/td>\n<td><span style=\"vertical-align: inherit;\"><span style=\"vertical-align: inherit;\">otros<\/span><\/span><\/td>\n<td><span style=\"vertical-align: inherit;\"><span style=\"vertical-align: inherit;\">Sensor\uff1a<\/span><\/span><\/td>\n<td><span style=\"vertical-align: inherit;\"><span style=\"vertical-align: inherit;\">0\u2103- +80\u2103 o -25\u2103- +120\u2103 o +70\u2103- +250\u2103<\/span><\/span><\/td>\n<\/tr>\n<tr>\n<td><span style=\"vertical-align: inherit;\"><span style=\"vertical-align: inherit;\">Nombre del producto\uff1a<\/span><\/span><\/td>\n<td><span style=\"vertical-align: inherit;\"><span style=\"vertical-align: inherit;\">Medidor de caudal de agua qu\u00edmico digital inteligente electromagn\u00e9tico<\/span><\/span><\/td>\n<td><span style=\"vertical-align: inherit;\"><span style=\"vertical-align: inherit;\">Detalles del embalaje\uff1a<\/span><\/span><\/td>\n<td><span style=\"vertical-align: inherit;\"><span style=\"vertical-align: inherit;\">1 Juego por paquete o seg\u00fan pedido del cliente<\/span><\/span><\/td>\n<\/tr>\n<tr>\n<td><span style=\"vertical-align: inherit;\"><span style=\"vertical-align: inherit;\">Di\u00e1metro nominal\uff1a<\/span><\/span><\/td>\n<td><span style=\"vertical-align: inherit;\"><span style=\"vertical-align: inherit;\">3-3111 mm<\/span><\/span><\/td>\n<td><span style=\"vertical-align: inherit;\"><span style=\"vertical-align: inherit;\">Capacidad de suministro\uff1a<\/span><\/span><\/td>\n<td><span style=\"vertical-align: inherit;\"><span style=\"vertical-align: inherit;\">2339 juegos\/conjuntos al mes<\/span><\/span><\/td>\n<\/tr>\n<tr>\n<td><span style=\"vertical-align: inherit;\"><span style=\"vertical-align: inherit;\">rango de velocidad\uff1a<\/span><\/span><\/td>\n<td><span style=\"vertical-align: inherit;\"><span style=\"vertical-align: inherit;\">0-9m\/s<\/span><\/span><\/td>\n<td><span style=\"vertical-align: inherit;\"><span style=\"vertical-align: inherit;\">Cantidad (juegos)\uff1a<\/span><\/span><\/td>\n<td><span style=\"vertical-align: inherit;\"><span style=\"vertical-align: inherit;\">&gt; 30<\/span><\/span><\/td>\n<\/tr>\n<tr>\n<td><span style=\"vertical-align: inherit;\"><span style=\"vertical-align: inherit;\">Grado de precisi\u00f3n\uff1a<\/span><\/span><\/td>\n<td><span style=\"vertical-align: inherit;\"><span style=\"vertical-align: inherit;\">\u00b10,5%R, \u00b11%R ( &lt; DN20)<\/span><\/span><\/td>\n<td><span style=\"vertical-align: inherit;\"><span style=\"vertical-align: inherit;\">Plazo de entrega (d\u00edas)\uff1a<\/span><\/span><\/td>\n<td><span style=\"vertical-align: inherit;\"><span style=\"vertical-align: inherit;\">A negociar<\/span><\/span><\/td>\n<\/tr>\n<\/tbody>\n<\/table>\n<p>&nbsp;<\/p>\n<p>&nbsp;<\/p>\n<p style=\"text-align: center;\"><img title=\"caudal\u00edmetro en l\u00ednea para agua\" src=\"https:\/\/www.hginstrument.com\/wp-content\/uploads\/2021\/07\/in-line-pipeline-type-hgd-electromagnetic-flow-meter.jpg\" \/><\/p>\n<p>&nbsp;<\/p>\n<p>&nbsp;<\/p>\n<p style=\"text-align: center;\"><img title=\"caudal\u00edmetro en l\u00ednea para agua\" src=\"https:\/\/www.hginstrument.com\/wp-content\/uploads\/2021\/07\/insertion-01.jpg\" \/><\/p>\n<p>&nbsp;<\/p>\n<p>&nbsp;<\/p>\n<p style=\"text-align: center;\"><img title=\"caudal\u00edmetro en l\u00ednea para agua\" src=\"https:\/\/www.hginstrument.com\/wp-content\/uploads\/2021\/07\/sanitary-mag-1.jpg\" \/><\/p>\n<p><strong>caudal\u00edmetro en l\u00ednea para agua Gu\u00eda de preguntas frecuentes.<\/strong><\/p>\n<p>En el coraz\u00f3n de nuestra serie de caudal\u00edmetros en l\u00ednea para agua se encuentra un compromiso con la excelencia, que combina una avanzada tecnolog\u00eda de sensores con interfaces f\u00e1ciles de usar. Desde l\u00edquidos hasta gases, nuestros medidores ofrecen una precisi\u00f3n inigualable, lo que le permite tomar decisiones informadas y agilizar las operaciones. A medida que iniciamos una nueva era en la medici\u00f3n de fluidos, le invitamos a explorar las posibilidades ilimitadas que ofrece nuestro caudal\u00edmetro en l\u00ednea para agua, donde la precisi\u00f3n se combina con el rendimiento y la innovaci\u00f3n fluye a la perfecci\u00f3n.<\/p>\n<div style=\"border: 3px solid #f89900; margin: 20px 0; padding: 20px;\"><a href=\"\/es\/inline-flow-meter-for-water\/#01\">1.Acerca del caudal\u00edmetro en l\u00ednea para la formaci\u00f3n en producci\u00f3n de agua<\/a><br \/>\n<a href=\"\/es\/inline-flow-meter-for-water\/#02\">2.\u00bfPuede equiparse el caudal\u00edmetro en l\u00ednea para agua con sensores de distinta precisi\u00f3n?<\/a><br \/>\n<a href=\"\/es\/inline-flow-meter-for-water\/#03\">3.About medidor de flujo en l\u00ednea para las materias primas del agua<\/a><br \/>\n<a href=\"\/es\/inline-flow-meter-for-water\/#04\">4.Acerca del caudal\u00edmetro en l\u00ednea para el sistema de calidad del agua<\/a><br \/>\n<a href=\"\/es\/inline-flow-meter-for-water\/#05\">5.Acerca del caudal\u00edmetro en l\u00ednea para el sistema de obtenci\u00f3n de materias primas del agua<\/a><br \/>\n<a href=\"\/es\/inline-flow-meter-for-water\/#06\">6.\u00bfC\u00f3mo detecta el caudal\u00edmetro en l\u00ednea para agua las propiedades del fluido de destino?<\/a><br \/>\n<a href=\"\/es\/inline-flow-meter-for-water\/#07\">7.Acerca del caudal\u00edmetro en l\u00ednea para el sistema de gesti\u00f3n de la producci\u00f3n de agua<\/a><br \/>\n<a href=\"\/es\/inline-flow-meter-for-water\/#08\">8.Acerca del caudal\u00edmetro en l\u00ednea para la fecha de entrega del agua<\/a><br \/>\n<a href=\"\/es\/inline-flow-meter-for-water\/#09\">9.\u00bfC\u00f3mo mide el caudal un caudal\u00edmetro en l\u00ednea para agua?<\/a><br \/>\n<a href=\"\/es\/inline-flow-meter-for-water\/#010\">10.\u00bfEs impermeable el caudal\u00edmetro en l\u00ednea para agua?<\/a><br \/>\n<a href=\"\/es\/inline-flow-meter-for-water\/#11\">11.Acerca de la escala del caudal\u00edmetro en l\u00ednea para la f\u00e1brica de agua<\/a><br \/>\n<a href=\"\/es\/inline-flow-meter-for-water\/#12\">12.\u00bfCu\u00e1l es la diferencia entre un caudal\u00edmetro en l\u00ednea para agua del grupo SUYI y un caudal\u00edmetro en l\u00ednea para agua del grupo Endress+Hauser y un caudal\u00edmetro en l\u00ednea para agua del grupo KROHNE?<\/a><br \/>\n<a href=\"\/es\/inline-flow-meter-for-water\/#13\">13.About medidor de flujo en l\u00ednea para el agua almac\u00e9n de ultramar<\/a><br \/>\n<a href=\"\/es\/inline-flow-meter-for-water\/#14\">14.Acerca del caudal\u00edmetro en l\u00ednea para el origen del agua<\/a><\/div>\n<div id=\"01\">\n<p><strong>1.Acerca del caudal\u00edmetro en l\u00ednea para la formaci\u00f3n en producci\u00f3n de agua<\/strong><\/p>\n<p>La formaci\u00f3n en t\u00e9cnicas de producci\u00f3n de caudal\u00edmetros est\u00e1 dise\u00f1ada para ense\u00f1ar a t\u00e9cnicos e ingenieros los conocimientos necesarios para producir y mantener caudal\u00edmetros. La formaci\u00f3n abarca temas como los principios de la medici\u00f3n de caudal, los tipos de caudal\u00edmetros disponibles, la instalaci\u00f3n y el mantenimiento de los caudal\u00edmetros y las t\u00e9cnicas de resoluci\u00f3n de problemas. La formaci\u00f3n tambi\u00e9n abarca el uso de programas inform\u00e1ticos para analizar e interpretar los datos de caudal. La formaci\u00f3n suele impartirse en un aula y puede incluir actividades pr\u00e1cticas.<\/p>\n<\/div>\n<div id=\"02\">\n<p><strong>2.\u00bfPuede equiparse el caudal\u00edmetro en l\u00ednea para agua con sensores de distinta precisi\u00f3n?<\/strong><\/p>\n<p>S\u00ed, los caudal\u00edmetros pueden equiparse con sensores de distinta precisi\u00f3n. Existen distintos tipos de caudal\u00edmetros con diferentes niveles de precisi\u00f3n, en funci\u00f3n de la aplicaci\u00f3n. Por ejemplo, los caudal\u00edmetros de turbina suelen ser m\u00e1s precisos que los de rueda de paletas.<\/p>\n<p><img style=\"max-width: 100%;\" title=\"\u00bfPuede equiparse el caudal\u00edmetro en l\u00ednea para agua con sensores de distinta precisi\u00f3n?\" src=\"https:\/\/www.hginstrument.com\/wp-content\/uploads\/2021\/07\/hls-2000uf-1.jpg\" alt=\"\u00bfPuede equiparse el caudal\u00edmetro en l\u00ednea para agua con sensores de distinta precisi\u00f3n?\" \/><\/p>\n<\/div>\n<div id=\"03\">\n<p><strong>3.About medidor de flujo en l\u00ednea para las materias primas del agua<\/strong><\/p>\n<p>Las materias primas de los caudal\u00edmetros suelen estar hechas de una variedad de metales, pl\u00e1sticos y compuestos. Entre los materiales m\u00e1s comunes utilizados en los caudal\u00edmetros se encuentran el acero inoxidable, el lat\u00f3n, el aluminio, el cloruro de polivinilo (PVC), el polipropileno (PP) y el politetrafluoroetileno (PTFE). El material utilizado en un caudal\u00edmetro depende de la aplicaci\u00f3n y del tipo de fluido que se mida. Por ejemplo, el acero inoxidable suele utilizarse para medir fluidos corrosivos, mientras que el PVC suele emplearse para medir agua.<\/p>\n<\/div>\n<div id=\"04\">\n<p><strong>4.Acerca del caudal\u00edmetro en l\u00ednea para el sistema de calidad del agua<\/strong><\/p>\n<p>Un sistema de calidad de caudal\u00edmetros es un conjunto de procesos y procedimientos que se utilizan para garantizar que los caudal\u00edmetros se fabrican y prueban para cumplir los m\u00e1s altos est\u00e1ndares de precisi\u00f3n y fiabilidad. El sistema incluye medidas de control de calidad como la inspecci\u00f3n del material entrante, la inspecci\u00f3n durante el proceso y las pruebas del producto final. Tambi\u00e9n incluye la documentaci\u00f3n y el mantenimiento de registros para garantizar que se siguen todos los procesos y que cualquier problema se aborda con rapidez y eficacia. El sistema est\u00e1 dise\u00f1ado para garantizar que los caudal\u00edmetros producidos sean de la m\u00e1xima calidad y cumplan los requisitos del cliente.<\/p>\n<p><img style=\"max-width: 100%;\" title=\"Acerca del caudal\u00edmetro en l\u00ednea para sistemas de calidad del agua\" src=\"https:\/\/www.hginstrument.com\/wp-content\/uploads\/2021\/07\/hgdu600-p-1.jpg\" alt=\"Acerca del caudal\u00edmetro en l\u00ednea para sistemas de calidad del agua\" \/><\/p>\n<\/div>\n<div id=\"05\">\n<p><strong>5.Acerca del caudal\u00edmetro en l\u00ednea para el sistema de obtenci\u00f3n de materias primas del agua<\/strong><\/p>\n<p>Un sistema de adquisici\u00f3n de materias primas para caudal\u00edmetros es una soluci\u00f3n de software dise\u00f1ada para agilizar el proceso de compra de materias primas para la producci\u00f3n de caudal\u00edmetros. El sistema permite a los usuarios buscar y comprar de forma r\u00e1pida y sencilla los componentes necesarios para la producci\u00f3n de caudal\u00edmetros. Tambi\u00e9n proporciona informaci\u00f3n detallada sobre los componentes, incluidos precios, disponibilidad y plazos de entrega. El sistema tambi\u00e9n permite a los usuarios hacer un seguimiento de sus pedidos y gestionar su inventario. Esto ayuda a garantizar que los componentes adecuados est\u00e9n siempre disponibles cuando se necesiten.<\/p>\n<\/div>\n<div id=\"06\">\n<p><strong>6.\u00bfC\u00f3mo detecta el caudal\u00edmetro en l\u00ednea para agua las propiedades del fluido de destino?<\/strong><\/p>\n<p>Como uno de los l\u00edderes del mercado de caudal\u00edmetros en l\u00ednea para agua, somos conocidos por nuestra innovaci\u00f3n y fiabilidad.<br \/>\nLos caudal\u00edmetros miden el caudal de un fluido detectando su velocidad. Esto se hace normalmente midiendo la ca\u00edda de presi\u00f3n a trav\u00e9s de una restricci\u00f3n conocida en la trayectoria del flujo, o midiendo la velocidad del fluido utilizando una variedad de tecnolog\u00edas como ultrasonidos, magn\u00e9tica o t\u00e9rmica. El caudal puede utilizarse entonces para calcular las propiedades del fluido, como la densidad, la viscosidad y el caudal volum\u00e9trico.<\/p>\n<p><img style=\"max-width: 100%;\" title=\"\u00bfC\u00f3mo detecta el caudal\u00edmetro en l\u00ednea para agua las propiedades del fluido de destino?\" src=\"https:\/\/www.hginstrument.com\/wp-content\/uploads\/2021\/07\/wedge-1.jpg\" alt=\"\u00bfC\u00f3mo detecta el caudal\u00edmetro en l\u00ednea para agua las propiedades del fluido de destino?\" \/><\/p>\n<\/div>\n<div id=\"07\">\n<p><strong>7.Acerca del caudal\u00edmetro en l\u00ednea para el sistema de gesti\u00f3n de la producci\u00f3n de agua<\/strong><\/p>\n<p>Un sistema de gesti\u00f3n de la producci\u00f3n de caudal\u00edmetros es una soluci\u00f3n de software dise\u00f1ada para ayudar a los fabricantes a gestionar la producci\u00f3n de caudal\u00edmetros. El sistema puede utilizarse para realizar un seguimiento del proceso de producci\u00f3n de principio a fin, incluido el pedido de materias primas, el montaje de componentes y la comprobaci\u00f3n y calibraci\u00f3n del producto acabado. El sistema tambi\u00e9n puede utilizarse para controlar la calidad del proceso de producci\u00f3n, garantizando que los caudal\u00edmetros cumplen las normas exigidas. Adem\u00e1s, el sistema puede utilizarse para generar informes y analizar datos que ayuden a los fabricantes a mejorar sus procesos de producci\u00f3n.<\/p>\n<\/div>\n<div id=\"08\">\n<p><strong>8.Acerca del caudal\u00edmetro en l\u00ednea para la fecha de entrega del agua<\/strong><\/p>\n<p>La fecha de entrega de un caudal\u00edmetro depender\u00e1 del tipo de caudal\u00edmetro, del fabricante y de la disponibilidad del producto. Por lo general, la mayor\u00eda de los caudal\u00edmetros pueden entregarse en un plazo que oscila entre unos d\u00edas y unas semanas. Sin embargo, algunos caudal\u00edmetros especializados pueden tardar m\u00e1s en entregarse. Lo mejor es ponerse en contacto directamente con el fabricante para obtener una fecha de entrega exacta.<\/p>\n<p><img style=\"max-width: 100%;\" title=\"Acerca del caudal\u00edmetro en l\u00ednea para la fecha de entrega del agua\" src=\"https:\/\/www.hginstrument.com\/wp-content\/uploads\/2021\/07\/hls-2000h-m2.jpg\" alt=\"Acerca del caudal\u00edmetro en l\u00ednea para la fecha de entrega del agua\" \/><\/p>\n<\/div>\n<div id=\"09\">\n<p><strong>9.\u00bfC\u00f3mo mide el caudal un caudal\u00edmetro en l\u00ednea para agua?<\/strong><\/p>\n<p>Operamos nuestro negocio de medidores de flujo en l\u00ednea para agua con integridad y honestidad.<br \/>\nUn caudal\u00edmetro mide el caudal midiendo la velocidad de un fluido a su paso por una tuber\u00eda u otro conducto. Esto se hace normalmente midiendo la ca\u00edda de presi\u00f3n a trav\u00e9s de un \u00e1rea conocida, o midiendo el tiempo que tarda un volumen de fluido en pasar a trav\u00e9s de un \u00e1rea conocida. Otros m\u00e9todos consisten en utilizar una turbina, una rueda de paletas o un transductor ultras\u00f3nico para medir la velocidad del fluido.<\/p>\n<\/div>\n<div id=\"010\">\n<p><strong>10.\u00bfEs impermeable el caudal\u00edmetro en l\u00ednea para agua?<\/strong><\/p>\n<p>Nos centramos en las necesidades de nuestros clientes y nos esforzamos por satisfacer sus expectativas, por lo que nos lo tomamos muy en serio.<br \/>\nNo, la mayor\u00eda de los caudal\u00edmetros no son impermeables. Sin embargo, algunos modelos pueden estar dise\u00f1ados para ser resistentes al agua o impermeables. Es importante comprobar las especificaciones del caudal\u00edmetro para determinar si es adecuado para su uso en entornos h\u00famedos o mojados.<\/p>\n<p><img style=\"max-width: 100%;\" title=\"\u00bfEs impermeable el caudal\u00edmetro en l\u00ednea para agua?\" src=\"https:\/\/www.hginstrument.com\/wp-content\/uploads\/2021\/07\/sanitary-mag-1.jpg\" alt=\"\u00bfEs impermeable el caudal\u00edmetro en l\u00ednea para agua?\" \/><\/p>\n<\/div>\n<div id=\"11\">\n<p><strong>11.Acerca de la escala del caudal\u00edmetro en l\u00ednea para la f\u00e1brica de agua<\/strong><\/p>\n<p>Las f\u00e1bricas de caudal\u00edmetros var\u00edan en tama\u00f1o y alcance, dependiendo del tipo de caudal\u00edmetros que produzcan. Algunas f\u00e1bricas pueden especializarse en la producci\u00f3n de un solo tipo de caudal\u00edmetro, mientras que otras pueden producir una variedad de tipos diferentes. Algunas f\u00e1bricas pueden ser grandes, con cientos de empleados, mientras que otras pueden ser peque\u00f1as, con s\u00f3lo unos pocos empleados. El tama\u00f1o de la f\u00e1brica tambi\u00e9n depender\u00e1 del tipo de caudal\u00edmetros que produzca, as\u00ed como de la demanda de los mismos.<\/p>\n<\/div>\n<div id=\"12\">\n<p><strong>12.\u00bfCu\u00e1l es la diferencia entre un caudal\u00edmetro en l\u00ednea para agua del grupo SUYI y un caudal\u00edmetro en l\u00ednea para agua del grupo Endress+Hauser y un caudal\u00edmetro en l\u00ednea para agua del grupo KROHNE?<\/strong><\/p>\n<p>Los caudal\u00edmetros del Grupo SUYI, Endress+Hauser y KROHNE miden el caudal de un l\u00edquido o gas. Sin embargo, cada fabricante ofrece distintos tipos de caudal\u00edmetros con caracter\u00edsticas y capacidades diferentes.<\/p>\n<p>El Grupo SUYI ofrece una gran variedad de caudal\u00edmetros, incluyendo caudal\u00edmetros electromagn\u00e9ticos, ultras\u00f3nicos y de v\u00f3rtice. Estos medidores est\u00e1n dise\u00f1ados para una amplia gama de aplicaciones, incluyendo agua, petr\u00f3leo y gas.<\/p>\n<p>Endress+Hauser ofrece una gama de caudal\u00edmetros, incluidos caudal\u00edmetros Coriolis, de v\u00f3rtice y ultras\u00f3nicos. Estos medidores est\u00e1n dise\u00f1ados para una variedad de aplicaciones, incluyendo agua, petr\u00f3leo y gas.<\/p>\n<p>KROHNE ofrece una gama de medidores de caudal, incluidos medidores Coriolis, vortex y ultras\u00f3nicos. Estos medidores est\u00e1n dise\u00f1ados para una gran variedad de aplicaciones, incluyendo agua, petr\u00f3leo y gas. KROHNE tambi\u00e9n ofrece una gama de caudal\u00edmetros especializados, como el OPTIFLUX y el OPTISWIRL, dise\u00f1ados para aplicaciones espec\u00edficas.<\/p>\n<p><img style=\"max-width: 100%;\" title=\"\u00bfCu\u00e1l es la diferencia entre un caudal\u00edmetro en l\u00ednea para agua del grupo SUYI y un caudal\u00edmetro en l\u00ednea para agua del grupo Endress+Hauser y un caudal\u00edmetro en l\u00ednea para agua del grupo KROHNE?\" src=\"https:\/\/www.hginstrument.com\/wp-content\/uploads\/2021\/07\/hgtf-6.jpg\" alt=\"\u00bfCu\u00e1l es la diferencia entre un caudal\u00edmetro en l\u00ednea para agua del grupo SUYI y un caudal\u00edmetro en l\u00ednea para agua del grupo Endress+Hauser y un caudal\u00edmetro en l\u00ednea para agua del grupo KROHNE?\" \/><\/p>\n<\/div>\n<div id=\"13\">\n<p><strong>13.About medidor de flujo en l\u00ednea para el agua almac\u00e9n de ultramar<\/strong><\/p>\n<p>Los almacenes de caudal\u00edmetros en el extranjero son almacenes situados en pa\u00edses extranjeros que almacenan caudal\u00edmetros y productos relacionados. Estos almacenes se utilizan para almacenar y distribuir caudal\u00edmetros a clientes de distintos pa\u00edses. Suelen estar situados en pa\u00edses que tienen una gran demanda de caudal\u00edmetros, como Estados Unidos, Canad\u00e1 y Europa. Los almacenes suelen ser propiedad y estar gestionados por el fabricante de los caudal\u00edmetros o por un proveedor log\u00edstico externo. Los almacenes suelen tener una gran variedad de caudal\u00edmetros, incluidos los digitales, anal\u00f3gicos y ultras\u00f3nicos. Tambi\u00e9n suelen almacenar piezas de repuesto y accesorios para los caudal\u00edmetros.<\/p>\n<\/div>\n<div id=\"14\">\n<p><strong>14.Acerca del caudal\u00edmetro en l\u00ednea para el origen del agua<\/strong><\/p>\n<p>El primer caudal\u00edmetro fue inventado en 1832 por un ingl\u00e9s llamado William Henry. Desarroll\u00f3 un dispositivo que utilizaba un flotador para medir el caudal de agua en una tuber\u00eda. Este dispositivo fue el primero de su clase y el precursor de los caudal\u00edmetros modernos. Desde entonces, los caudal\u00edmetros se han utilizado en diversas industrias para medir el caudal de l\u00edquidos, gases y otros materiales. Hoy en d\u00eda, los caudal\u00edmetros se utilizan en una gran variedad de aplicaciones, desde la medici\u00f3n del caudal de agua en una tuber\u00eda hasta la medici\u00f3n del caudal de petr\u00f3leo en una refiner\u00eda.<\/p>\n<p><img style=\"max-width: 100%;\" title=\"Acerca del caudal\u00edmetro en l\u00ednea para el origen del agua\" src=\"https:\/\/www.hginstrument.com\/wp-content\/uploads\/2021\/10\/w803e-f3.jpg\" alt=\"Acerca del caudal\u00edmetro en l\u00ednea para el origen del agua\" \/><\/p>\n<\/div>\n<p>&nbsp;<\/p>\n<p>Etiqueta\uff1a<a href=\"\/es\/magnetic-flow-meter\/spirometer-peak-flow-meter\/\">espir\u00f3metro medidor de flujo m\u00e1ximo<\/a>,<a href=\"\/es\/magnetic-flow-meter\/industrial-water-flow-meter\/\">caudal\u00edmetro industrial<\/a>,<a href=\"\/es\/magnetic-flow-meter\/blue-white-digital-flow-meter\/\">caudal\u00edmetro digital blanco azul<\/a><\/p>\n<p>&nbsp;<\/p>","protected":false},"excerpt":{"rendered":"<p><strong>Datos t\u00e9cnicos<\/strong><br \/>\nPuede servir para fluidos l\u00edquidos o gaseosos, normalmente se utiliza para medir el caudal de vapor, aire y gas natural.<br \/>\nTama\u00f1o del contador: Tipo en l\u00ednea: DN25 - DN300<br \/>\nOpci\u00f3n de material mojado: SS304, SS316<br \/>\nTemperatura de funcionamiento: \u2264250\u2103<br \/>\nConexi\u00f3n a proceso: Wafer \/ Brida \/ Tri-clamp para tipo en l\u00ednea<br \/>\nPrecisi\u00f3n de medici\u00f3n: 1,0 % - 1,5% del intervalo de calibraci\u00f3n<br \/>\nIndicador digital: muestra el caudal instant\u00e1neo y el caudal total<br \/>\nAlimentaci\u00f3n: 24VDC, Salida: 4-20mA<\/p>\n<p><strong>caracter\u00edsticas<\/strong><br \/>\n1.Puntos de consigna ON\/OFF ajustables<br \/>\n2.Modo de alarma de caudal alto o bajo<br \/>\n3.Tiempo de retardo ajustable<br \/>\n4.LED de estado del rel\u00e9<\/p>","protected":false},"featured_media":3691,"comment_status":"closed","ping_status":"closed","template":"","meta":[],"product_cat":[2372],"product_tag":[],"acf":[],"_links":{"self":[{"href":"https:\/\/www.hginstrument.com\/es\/wp-json\/wp\/v2\/product\/5525"}],"collection":[{"href":"https:\/\/www.hginstrument.com\/es\/wp-json\/wp\/v2\/product"}],"about":[{"href":"https:\/\/www.hginstrument.com\/es\/wp-json\/wp\/v2\/types\/product"}],"replies":[{"embeddable":true,"href":"https:\/\/www.hginstrument.com\/es\/wp-json\/wp\/v2\/comments?post=5525"}],"wp:featuredmedia":[{"embeddable":true,"href":"https:\/\/www.hginstrument.com\/es\/wp-json\/wp\/v2\/media\/3691"}],"wp:attachment":[{"href":"https:\/\/www.hginstrument.com\/es\/wp-json\/wp\/v2\/media?parent=5525"}],"wp:term":[{"taxonomy":"product_cat","embeddable":true,"href":"https:\/\/www.hginstrument.com\/es\/wp-json\/wp\/v2\/product_cat?post=5525"},{"taxonomy":"product_tag","embeddable":true,"href":"https:\/\/www.hginstrument.com\/es\/wp-json\/wp\/v2\/product_tag?post=5525"}],"curies":[{"name":"wp","href":"https:\/\/api.w.org\/{rel}","templated":true}]}}