{"id":5531,"date":"2023-12-24T09:56:36","date_gmt":"2023-12-24T01:56:36","guid":{"rendered":"https:\/\/www.hginstrument.com\/?post_type=product&#038;p=5531"},"modified":"2024-01-02T17:13:19","modified_gmt":"2024-01-02T09:13:19","slug":"inline-gas-flow-meter","status":"publish","type":"product","link":"https:\/\/www.hginstrument.com\/es\/magnetic-flow-meter\/inline-gas-flow-meter\/","title":{"rendered":"caudal\u00edmetro de gas en l\u00ednea"},"content":{"rendered":"<p>El caudal\u00edmetro de gas en l\u00ednea es una tecnolog\u00eda precisa y fiable que se utiliza para medir el caudal de un fluido. Mide con precisi\u00f3n el volumen, la masa o la velocidad del fluido que pasa por un punto espec\u00edfico en un periodo de tiempo determinado. El caudal\u00edmetro de gas en l\u00ednea est\u00e1 dise\u00f1ado con funciones avanzadas, como una pantalla de alta resoluci\u00f3n, procesamiento digital de se\u00f1ales y registro de datos en tiempo real.<\/p>\n<p>Una de las principales caracter\u00edsticas del caudal\u00edmetro de gas en l\u00ednea es su capacidad para medir con precisi\u00f3n el caudal de diversos fluidos, incluidos l\u00edquidos, gases y vapor. Esto es posible gracias a su exclusivo m\u00e9todo de medici\u00f3n de caudal por presi\u00f3n diferencial, que garantiza una p\u00e9rdida de presi\u00f3n m\u00ednima y una gran precisi\u00f3n de medici\u00f3n. Adem\u00e1s, el instrumento es capaz de medir caudales en un amplio rango, lo que lo hace adecuado tanto para aplicaciones de bajo como de alto caudal.<\/p>\n<p>Otra ventaja de utilizar un caudal\u00edmetro de gas en l\u00ednea es su escaso mantenimiento. El instrumento est\u00e1 dise\u00f1ado para resistir entornos dif\u00edciles y puede funcionar continuamente sin necesidad de limpieza y calibraci\u00f3n frecuentes. Esto no s\u00f3lo reduce el tiempo de inactividad, sino que tambi\u00e9n ayuda a ahorrar costes a las industrias que requieren un control constante del caudal.<\/p>\n<table class=\"table table-bordered\">\n<tbody>\n<tr>\n<td><span style=\"vertical-align: inherit;\"><span style=\"vertical-align: inherit;\">Tipo\uff1a<\/span><\/span><\/td>\n<td><span style=\"vertical-align: inherit;\">caudal\u00edmetro de gas en l\u00ednea<\/span><\/td>\n<td><span style=\"vertical-align: inherit;\"><span style=\"vertical-align: inherit;\">Se\u00f1al de salida\uff1a<\/span><\/span><\/td>\n<td><span style=\"vertical-align: inherit;\"><span style=\"vertical-align: inherit;\">4-17mA, Pulso\/Frecuencia 2kHz(Predeterminado), 5KHz(Max)<\/span><\/span><\/td>\n<\/tr>\n<tr>\n<td><span style=\"vertical-align: inherit;\"><span style=\"vertical-align: inherit;\">Lugar de origen\uff1a<\/span><\/span><\/td>\n<td><span style=\"vertical-align: inherit;\"><span style=\"vertical-align: inherit;\">Jiangsu\uff0cChina<\/span><\/span><\/td>\n<td><span style=\"vertical-align: inherit;\"><span style=\"vertical-align: inherit;\">Incorporar tipo\uff1a<\/span><\/span><\/td>\n<td><span style=\"vertical-align: inherit;\"><span style=\"vertical-align: inherit;\">-10\u2103- +60\u2103<\/span><\/span><\/td>\n<\/tr>\n<tr>\n<td><span style=\"vertical-align: inherit;\"><span style=\"vertical-align: inherit;\">Garant\u00eda\uff1a<\/span><\/span><\/td>\n<td><span style=\"vertical-align: inherit;\"><span style=\"vertical-align: inherit;\">17 meses<\/span><\/span><\/td>\n<td><span style=\"vertical-align: inherit;\"><span style=\"vertical-align: inherit;\">Tensi\u00f3n de alimentaci\u00f3n\uff1a<\/span><\/span><\/td>\n<td><span style=\"vertical-align: inherit;\"><span style=\"vertical-align: inherit;\">110\/220VAC (100-240VAC), 50Hz\/60Hz; 24VDC\u00b110%<\/span><\/span><\/td>\n<\/tr>\n<tr>\n<td><span style=\"vertical-align: inherit;\"><span style=\"vertical-align: inherit;\">Asistencia personalizada\uff1a<\/span><\/span><\/td>\n<td><span style=\"vertical-align: inherit;\"><span style=\"vertical-align: inherit;\">OEM, ODM, OBM<\/span><\/span><\/td>\n<td><span style=\"vertical-align: inherit;\"><span style=\"vertical-align: inherit;\">Comunicaci\u00f3n digital\uff1a<\/span><\/span><\/td>\n<td><span style=\"vertical-align: inherit;\"><span style=\"vertical-align: inherit;\">RS-485, compatible con el protocolo est\u00e1ndar Mudbugs-RTU; GPRS<\/span><\/span><\/td>\n<\/tr>\n<tr>\n<td><span style=\"vertical-align: inherit;\"><span style=\"vertical-align: inherit;\">Marca\uff1a<\/span><\/span><\/td>\n<td><span style=\"vertical-align: inherit;\"><span style=\"vertical-align: inherit;\">GRUPO SUYI<\/span><\/span><\/td>\n<td><span style=\"vertical-align: inherit;\"><span style=\"vertical-align: inherit;\">Presi\u00f3n nominal\uff1a<\/span><\/span><\/td>\n<td><span style=\"vertical-align: inherit;\"><span style=\"vertical-align: inherit;\">1MPa (DN15-DN800), 1,6MPa(DN15-DN800), 2,5MPa(DN15-DN600)<\/span><\/span><\/td>\n<\/tr>\n<tr>\n<td><span style=\"vertical-align: inherit;\"><span style=\"vertical-align: inherit;\">N\u00famero de modelo\uff1a<\/span><\/span><\/td>\n<td><span style=\"vertical-align: inherit;\"><span style=\"vertical-align: inherit;\">otros<\/span><\/span><\/td>\n<td><span style=\"vertical-align: inherit;\"><span style=\"vertical-align: inherit;\">Sensor\uff1a<\/span><\/span><\/td>\n<td><span style=\"vertical-align: inherit;\"><span style=\"vertical-align: inherit;\">0\u2103- +80\u2103 o -25\u2103- +120\u2103 o +70\u2103- +250\u2103<\/span><\/span><\/td>\n<\/tr>\n<tr>\n<td><span style=\"vertical-align: inherit;\"><span style=\"vertical-align: inherit;\">Nombre del producto\uff1a<\/span><\/span><\/td>\n<td><span style=\"vertical-align: inherit;\"><span style=\"vertical-align: inherit;\">Medidor de caudal de agua qu\u00edmico digital inteligente electromagn\u00e9tico<\/span><\/span><\/td>\n<td><span style=\"vertical-align: inherit;\"><span style=\"vertical-align: inherit;\">Detalles del embalaje\uff1a<\/span><\/span><\/td>\n<td><span style=\"vertical-align: inherit;\"><span style=\"vertical-align: inherit;\">1 Juego por paquete o seg\u00fan pedido del cliente<\/span><\/span><\/td>\n<\/tr>\n<tr>\n<td><span style=\"vertical-align: inherit;\"><span style=\"vertical-align: inherit;\">Di\u00e1metro nominal\uff1a<\/span><\/span><\/td>\n<td><span style=\"vertical-align: inherit;\"><span style=\"vertical-align: inherit;\">3-3036 mm<\/span><\/span><\/td>\n<td><span style=\"vertical-align: inherit;\"><span style=\"vertical-align: inherit;\">Capacidad de suministro\uff1a<\/span><\/span><\/td>\n<td><span style=\"vertical-align: inherit;\"><span style=\"vertical-align: inherit;\">2234 juegos\/conjuntos al mes<\/span><\/span><\/td>\n<\/tr>\n<tr>\n<td><span style=\"vertical-align: inherit;\"><span style=\"vertical-align: inherit;\">rango de velocidad\uff1a<\/span><\/span><\/td>\n<td><span style=\"vertical-align: inherit;\"><span style=\"vertical-align: inherit;\">0-6m\/s<\/span><\/span><\/td>\n<td><span style=\"vertical-align: inherit;\"><span style=\"vertical-align: inherit;\">Cantidad (juegos)\uff1a<\/span><\/span><\/td>\n<td><span style=\"vertical-align: inherit;\"><span style=\"vertical-align: inherit;\">&gt; 30<\/span><\/span><\/td>\n<\/tr>\n<tr>\n<td><span style=\"vertical-align: inherit;\"><span style=\"vertical-align: inherit;\">Grado de precisi\u00f3n\uff1a<\/span><\/span><\/td>\n<td><span style=\"vertical-align: inherit;\"><span style=\"vertical-align: inherit;\">\u00b10,5%R, \u00b11%R ( &lt; DN20)<\/span><\/span><\/td>\n<td><span style=\"vertical-align: inherit;\"><span style=\"vertical-align: inherit;\">Plazo de entrega (d\u00edas)\uff1a<\/span><\/span><\/td>\n<td><span style=\"vertical-align: inherit;\"><span style=\"vertical-align: inherit;\">A negociar<\/span><\/span><\/td>\n<\/tr>\n<\/tbody>\n<\/table>\n<p>&nbsp;<\/p>\n<p>&nbsp;<\/p>\n<p style=\"text-align: center;\"><img title=\"caudal\u00edmetro de gas en l\u00ednea\" src=\"https:\/\/www.hginstrument.com\/wp-content\/uploads\/2021\/07\/in-line-pipeline-type-hgd-electromagnetic-flow-meter.jpg\" \/><\/p>\n<p>&nbsp;<\/p>\n<p>&nbsp;<\/p>\n<p style=\"text-align: center;\"><img title=\"caudal\u00edmetro de gas en l\u00ednea\" src=\"https:\/\/www.hginstrument.com\/wp-content\/uploads\/2021\/07\/insertion-01.jpg\" \/><\/p>\n<p>&nbsp;<\/p>\n<p>&nbsp;<\/p>\n<p style=\"text-align: center;\"><img title=\"caudal\u00edmetro de gas en l\u00ednea\" src=\"https:\/\/www.hginstrument.com\/wp-content\/uploads\/2021\/07\/sanitary-mag-1.jpg\" \/><\/p>\n<p><strong>Gu\u00eda de preguntas frecuentes sobre caudal\u00edmetros de gas en l\u00ednea.<\/strong><\/p>\n<p>En el coraz\u00f3n de nuestra serie de caudal\u00edmetros de gas en l\u00ednea se encuentra un compromiso con la excelencia, que combina una avanzada tecnolog\u00eda de sensores con interfaces f\u00e1ciles de usar. Tanto si se trata de l\u00edquidos como de gases, nuestros medidores ofrecen una precisi\u00f3n inigualable, lo que le permite tomar decisiones con conocimiento de causa y agilizar las operaciones. A medida que iniciamos una nueva era en la medici\u00f3n de fluidos, le invitamos a explorar las posibilidades ilimitadas que abren nuestros caudal\u00edmetros de gas en l\u00ednea, donde la precisi\u00f3n se combina con el rendimiento y la innovaci\u00f3n fluye a la perfecci\u00f3n.<\/p>\n<div style=\"border: 3px solid #f89900; margin: 20px 0; padding: 20px;\"><a href=\"\/es\/inline-gas-flow-meter\/#01\">1.Acerca de la garant\u00eda del caudal\u00edmetro de gas en l\u00ednea<\/a><br \/>\n<a href=\"\/es\/inline-gas-flow-meter\/#02\">2.\u00bfCu\u00e1les son los m\u00e9todos de mantenimiento del caudal\u00edmetro de gas en l\u00ednea?<\/a><br \/>\n<a href=\"\/es\/inline-gas-flow-meter\/#03\">3.\u00bfC\u00f3mo se conecta el caudal\u00edmetro de gas en l\u00ednea con otros dispositivos y transmite los datos?<\/a><br \/>\n<a href=\"\/es\/inline-gas-flow-meter\/#04\">4.\u00bfCu\u00e1l es el rango de medici\u00f3n del caudal\u00edmetro de gas en l\u00ednea?<\/a><br \/>\n<a href=\"\/es\/inline-gas-flow-meter\/#05\">5.\u00bfCu\u00e1l es el rango de temperatura de funcionamiento del caudal\u00edmetro de gas en l\u00ednea?<\/a><br \/>\n<a href=\"\/es\/inline-gas-flow-meter\/#06\">6.\u00bfCu\u00e1l es la diferencia entre el medidor de flujo de gas en l\u00ednea SUYI grupo vs medidor de flujo de gas en l\u00ednea Schneider Electric vs medidor de flujo de gas en l\u00ednea Badger Meter<\/a><br \/>\n<a href=\"\/es\/inline-gas-flow-meter\/#07\">7.\u00bfEs sustituible la unidad de medici\u00f3n del caudal\u00edmetro de gas en l\u00ednea?<\/a><br \/>\n<a href=\"\/es\/inline-gas-flow-meter\/#08\">8.Acerca de la fecha de entrega del caudal\u00edmetro de gas en l\u00ednea<\/a><br \/>\n<a href=\"\/es\/inline-gas-flow-meter\/#09\">9.\u00bfDispone el caudal\u00edmetro de gas en l\u00ednea de capacidad de almacenamiento de datos?<\/a><br \/>\n<a href=\"\/es\/inline-gas-flow-meter\/#010\">10.\u00bfCu\u00e1l es el peso y las dimensiones del caudal\u00edmetro de gas en l\u00ednea?<\/a><br \/>\n<a href=\"\/es\/inline-gas-flow-meter\/#11\">11.About medidor de flujo de gas en l\u00ednea MOQ<\/a><br \/>\n<a href=\"\/es\/inline-gas-flow-meter\/#12\">12.Acerca del sistema de adquisici\u00f3n de materias primas para medidores de flujo de gas en l\u00ednea<\/a><br \/>\n<a href=\"\/es\/inline-gas-flow-meter\/#13\">13.Acerca de la escala de la f\u00e1brica de medidor de flujo de gas en l\u00ednea<\/a><\/div>\n<div id=\"01\">\n<p><strong>1.Acerca de la garant\u00eda del caudal\u00edmetro de gas en l\u00ednea<\/strong><\/p>\n<p>Las garant\u00edas de los caudal\u00edmetros var\u00edan en funci\u00f3n del fabricante y del tipo de caudal\u00edmetro. Por lo general, las garant\u00edas cubren los defectos de materiales y mano de obra, y tambi\u00e9n pueden cubrir ciertos tipos de da\u00f1os causados por el uso normal. Algunas garant\u00edas tambi\u00e9n pueden cubrir los da\u00f1os causados por una instalaci\u00f3n o un uso inadecuados. Es importante leer la informaci\u00f3n sobre la garant\u00eda proporcionada por el fabricante para comprender la cobertura espec\u00edfica y las limitaciones de la garant\u00eda.<\/p>\n<\/div>\n<div id=\"02\">\n<p><strong>2.\u00bfCu\u00e1les son los m\u00e9todos de mantenimiento del caudal\u00edmetro de gas en l\u00ednea?<\/strong><\/p>\n<p>Nos centramos en la innovaci\u00f3n y la mejora continua para mantener una ventaja competitiva.<br \/>\n1. Compruebe regularmente si el caudal\u00edmetro presenta signos de desgaste o da\u00f1os.<\/p>\n<p>2. Limpie el caudal\u00edmetro con regularidad para garantizar lecturas precisas.<\/p>\n<p>3. Compruebe la precisi\u00f3n del caudal\u00edmetro realizando pruebas de calibraci\u00f3n.<\/p>\n<p>4. Sustituya lo antes posible cualquier pieza desgastada o da\u00f1ada.<\/p>\n<p>5. Aseg\u00farese de que el caudal\u00edmetro est\u00e1 correctamente instalado y conectado al sistema.<\/p>\n<p>6. Compruebe si el caudal\u00edmetro presenta signos de corrosi\u00f3n u obstrucciones.<\/p>\n<p>7. Aseg\u00farese de que el caudal\u00edmetro est\u00e1 correctamente sellado para evitar cualquier fuga.<\/p>\n<p>8. Compruebe peri\u00f3dicamente si el caudal\u00edmetro presenta alg\u00fan signo de vibraci\u00f3n o ruido.<\/p>\n<p>9. Aseg\u00farese de que el caudal\u00edmetro est\u00e1 correctamente calibrado y ajustado.<\/p>\n<p>10. Compruebe peri\u00f3dicamente que el caudal\u00edmetro no presenta signos de fugas u obstrucciones.<\/p>\n<p><img style=\"max-width: 100%;\" title=\"\u00bfCu\u00e1les son los m\u00e9todos de mantenimiento del caudal\u00edmetro de gas en l\u00ednea?\" src=\"https:\/\/www.hginstrument.com\/wp-content\/uploads\/2021\/07\/dsrt-1.jpg\" alt=\"\u00bfCu\u00e1les son los m\u00e9todos de mantenimiento del caudal\u00edmetro de gas en l\u00ednea?\" \/><\/p>\n<\/div>\n<div id=\"03\">\n<p><strong>3.\u00bfC\u00f3mo se conecta el caudal\u00edmetro de gas en l\u00ednea con otros dispositivos y transmite los datos?<\/strong><\/p>\n<p>El medidor de flujo de gas en l\u00ednea no es s\u00f3lo un producto, sino que tambi\u00e9n puede ayudarle a ganar dinero.<br \/>\nLos caudal\u00edmetros pueden conectarse con otros dispositivos y transmitir datos a trav\u00e9s de diversos m\u00e9todos, como conexiones por cable, conexiones inal\u00e1mbricas y protocolos de comunicaci\u00f3n serie. Las conexiones por cable pueden incluir RS-232, RS-485 y USB. Las conexiones inal\u00e1mbricas pueden incluir Bluetooth, Wi-Fi y redes celulares. Los protocolos de comunicaci\u00f3n serie pueden incluir Modbus, HART y Profibus.<\/p>\n<\/div>\n<div id=\"04\">\n<p><strong>4.\u00bfCu\u00e1l es el rango de medici\u00f3n del caudal\u00edmetro de gas en l\u00ednea?<\/strong><\/p>\n<p>Actualizamos continuamente nuestras competencias y conocimientos para adaptarnos a las cambiantes necesidades del mercado de caudal\u00edmetros de gas en l\u00ednea.<br \/>\nEl rango de medici\u00f3n de un caudal\u00edmetro depende del tipo de caudal\u00edmetro que se utilice. Por lo general, el rango de medici\u00f3n de un caudal\u00edmetro puede oscilar entre 0,01 y 1.000 litros por minuto.<\/p>\n<p><img style=\"max-width: 100%;\" title=\"\u00bfCu\u00e1l es el rango de medici\u00f3n del caudal\u00edmetro de gas en l\u00ednea?\" src=\"https:\/\/www.hginstrument.com\/wp-content\/uploads\/2021\/07\/hgtf-6.jpg\" alt=\"\u00bfCu\u00e1l es el rango de medici\u00f3n del caudal\u00edmetro de gas en l\u00ednea?\" \/><\/p>\n<\/div>\n<div id=\"05\">\n<p><strong>5.\u00bfCu\u00e1l es el rango de temperatura de funcionamiento del caudal\u00edmetro de gas en l\u00ednea?<\/strong><\/p>\n<p>Hemos establecido una buena reputaci\u00f3n y asociaciones fiables en el sector de los caudal\u00edmetros de gas en l\u00ednea.<br \/>\nEl intervalo de temperatura de funcionamiento del caudal\u00edmetro es de -40\u00b0C a 60\u00b0C (-40\u00b0F a 140\u00b0F).<\/p>\n<\/div>\n<div id=\"06\">\n<p><strong>6.\u00bfCu\u00e1l es la diferencia entre el medidor de flujo de gas en l\u00ednea SUYI grupo vs medidor de flujo de gas en l\u00ednea Schneider Electric vs medidor de flujo de gas en l\u00ednea Badger Meter<\/strong><\/p>\n<p>Los caudal\u00edmetros del Grupo SUYI se utilizan normalmente para aplicaciones industriales, como la medici\u00f3n del caudal de l\u00edquidos, gases y vapor. Est\u00e1n dise\u00f1ados para ser fiables y precisos, y est\u00e1n disponibles en una gran variedad de tama\u00f1os y materiales.<\/p>\n<p>Los caudal\u00edmetros de Schneider Electric est\u00e1n dise\u00f1ados para aplicaciones industriales y comerciales, y est\u00e1n disponibles en diversos tama\u00f1os y materiales. Est\u00e1n dise\u00f1ados para ser fiables y precisos, y son adecuados para una amplia gama de aplicaciones.<\/p>\n<p>Los caudal\u00edmetros de Badger Meter est\u00e1n dise\u00f1ados para aplicaciones industriales y comerciales, y est\u00e1n disponibles en diversos tama\u00f1os y materiales. Est\u00e1n dise\u00f1ados para ser fiables y precisos, y son adecuados para una amplia gama de aplicaciones. Tambi\u00e9n ofrecen una variedad de caracter\u00edsticas, como la monitorizaci\u00f3n remota y el registro de datos.<\/p>\n<p><img style=\"max-width: 100%;\" title=\"\u00bfCu\u00e1l es la diferencia entre el medidor de flujo de gas en l\u00ednea SUYI grupo vs medidor de flujo de gas en l\u00ednea Schneider Electric vs medidor de flujo de gas en l\u00ednea Badger Meter\" src=\"https:\/\/www.hginstrument.com\/wp-content\/uploads\/2021\/07\/hgcmf-c1-1.jpg\" alt=\"\u00bfCu\u00e1l es la diferencia entre el medidor de flujo de gas en l\u00ednea SUYI grupo vs medidor de flujo de gas en l\u00ednea Schneider Electric vs medidor de flujo de gas en l\u00ednea Badger Meter\" \/><\/p>\n<\/div>\n<div id=\"07\">\n<p><strong>7.\u00bfEs sustituible la unidad de medici\u00f3n del caudal\u00edmetro de gas en l\u00ednea?<\/strong><\/p>\n<p>Como uno de los principales fabricantes de caudal\u00edmetros de gas en l\u00ednea de China, nos tomamos esto muy en serio.<br \/>\nS\u00ed, la unidad de medida de un caudal\u00edmetro es sustituible.<\/p>\n<\/div>\n<div id=\"08\">\n<p><strong>8.Acerca de la fecha de entrega del caudal\u00edmetro de gas en l\u00ednea<\/strong><\/p>\n<p>La fecha de entrega de un caudal\u00edmetro depender\u00e1 del tipo de caudal\u00edmetro, del fabricante y de la disponibilidad del producto. Por lo general, la mayor\u00eda de los caudal\u00edmetros pueden entregarse en un plazo que oscila entre unos d\u00edas y unas semanas. Sin embargo, algunos caudal\u00edmetros especializados pueden tardar m\u00e1s en entregarse. Lo mejor es ponerse en contacto directamente con el fabricante para obtener una fecha de entrega exacta.<\/p>\n<p><img style=\"max-width: 100%;\" title=\"Acerca de la fecha de entrega del caudal\u00edmetro de gas en l\u00ednea\" src=\"https:\/\/www.hginstrument.com\/wp-content\/uploads\/2021\/07\/hg-50-7.jpg\" alt=\"Acerca de la fecha de entrega del caudal\u00edmetro de gas en l\u00ednea\" \/><\/p>\n<\/div>\n<div id=\"09\">\n<p><strong>9.\u00bfDispone el caudal\u00edmetro de gas en l\u00ednea de capacidad de almacenamiento de datos?<\/strong><\/p>\n<p>Nos centramos en la innovaci\u00f3n y la mejora continua para mantener una ventaja competitiva.<br \/>\nDepende del tipo de caudal\u00edmetro. Algunos caudal\u00edmetros tienen capacidad de almacenamiento de datos, mientras que otros no.<\/p>\n<\/div>\n<div id=\"010\">\n<p><strong>10.\u00bfCu\u00e1l es el peso y las dimensiones del caudal\u00edmetro de gas en l\u00ednea?<\/strong><\/p>\n<p>Nuestros productos y servicios cubren una amplia gama de \u00e1mbitos y satisfacen las necesidades de diferentes campos.<br \/>\nEl peso y las dimensiones del caudal\u00edmetro dependen del modelo espec\u00edfico y del fabricante. Por lo general, el tama\u00f1o de los caudal\u00edmetros oscila entre peque\u00f1os dispositivos manuales y grandes unidades industriales. El peso de un caudal\u00edmetro puede oscilar entre unas pocas onzas y varios cientos de libras.<\/p>\n<p><img style=\"max-width: 100%;\" title=\"\u00bfCu\u00e1l es el peso y las dimensiones del caudal\u00edmetro de gas en l\u00ednea?\" src=\"https:\/\/www.hginstrument.com\/wp-content\/uploads\/2021\/07\/hgvf-1.jpg\" alt=\"\u00bfCu\u00e1l es el peso y las dimensiones del caudal\u00edmetro de gas en l\u00ednea?\" \/><\/p>\n<\/div>\n<div id=\"11\">\n<p><strong>11.About medidor de flujo de gas en l\u00ednea MOQ<\/strong><\/p>\n<p>La cantidad m\u00ednima de pedido (MOQ) de un caudal\u00edmetro depender\u00e1 del tipo de caudal\u00edmetro y del fabricante. Por lo general, la MOQ de un caudal\u00edmetro oscila entre 1 y 10 unidades, pero puede variar en funci\u00f3n del fabricante y del tipo de caudal\u00edmetro.<\/p>\n<\/div>\n<div id=\"12\">\n<p><strong>12.Acerca del sistema de adquisici\u00f3n de materias primas para medidores de flujo de gas en l\u00ednea<\/strong><\/p>\n<p>Un sistema de adquisici\u00f3n de materias primas para caudal\u00edmetros es una soluci\u00f3n de software dise\u00f1ada para agilizar el proceso de compra de materias primas para la producci\u00f3n de caudal\u00edmetros. El sistema permite a los usuarios buscar y comprar de forma r\u00e1pida y sencilla los componentes necesarios para la producci\u00f3n de caudal\u00edmetros. Tambi\u00e9n proporciona informaci\u00f3n detallada sobre los componentes, incluidos precios, disponibilidad y plazos de entrega. El sistema tambi\u00e9n permite a los usuarios hacer un seguimiento de sus pedidos y gestionar su inventario. Esto ayuda a garantizar que los componentes adecuados est\u00e9n siempre disponibles cuando se necesiten.<\/p>\n<p><img style=\"max-width: 100%;\" title=\"Acerca del medidor de flujo de gas en l\u00ednea sistema de aprovisionamiento de materias primas\" src=\"https:\/\/www.hginstrument.com\/wp-content\/uploads\/2021\/07\/sanitary-mag-1.jpg\" alt=\"Acerca del medidor de flujo de gas en l\u00ednea sistema de aprovisionamiento de materias primas\" \/><\/p>\n<\/div>\n<div id=\"13\">\n<p><strong>13.Acerca de la escala de la f\u00e1brica de medidor de flujo de gas en l\u00ednea<\/strong><\/p>\n<p>Las f\u00e1bricas de caudal\u00edmetros var\u00edan en tama\u00f1o y alcance, dependiendo del tipo de caudal\u00edmetros que produzcan. Algunas f\u00e1bricas pueden especializarse en la producci\u00f3n de un solo tipo de caudal\u00edmetro, mientras que otras pueden producir una variedad de tipos diferentes. Algunas f\u00e1bricas pueden ser grandes, con cientos de empleados, mientras que otras pueden ser peque\u00f1as, con s\u00f3lo unos pocos empleados. El tama\u00f1o de la f\u00e1brica tambi\u00e9n depender\u00e1 del tipo de caudal\u00edmetros que produzca, as\u00ed como de la demanda de los mismos.<\/p>\n<\/div>\n<p>&nbsp;<\/p>\n<p>Etiqueta\uff1a<a href=\"\/es\/magnetic-flow-meter\/inline-flow-meter-hydraulic\/\">caudal\u00edmetro en l\u00ednea hidr\u00e1ulico<\/a>,<a href=\"\/es\/magnetic-flow-meter\/3-inch-water-flow-meter\/\">Caudal\u00edmetro de agua de 3 pulgadas<\/a>,<a href=\"\/es\/magnetic-flow-meter\/2-inch-inline-flow-meter\/\">Caudal\u00edmetro en l\u00ednea de 2 pulgadas<\/a>,<a href=\"\/es\/magnetic-flow-meter\/ultrasonic-gas-flow-meter\/\">caudal\u00edmetro ultras\u00f3nico de gas<\/a>,<a href=\"\/es\/magnetic-flow-meter\/smart-water-flow-meter\/\">caudal\u00edmetro de agua inteligente<\/a><\/p>\n<p>&nbsp;<\/p>","protected":false},"excerpt":{"rendered":"<p><strong>Datos t\u00e9cnicos<\/strong><br \/>\nPuede servir para fluidos l\u00edquidos o gaseosos, normalmente se utiliza para medir el caudal de vapor, aire y gas natural.<br \/>\nTama\u00f1o del contador: Tipo en l\u00ednea: DN25 - DN300<br \/>\nOpci\u00f3n de material mojado: SS304, SS316<br \/>\nTemperatura de funcionamiento: \u2264250\u2103<br \/>\nConexi\u00f3n a proceso: Wafer \/ Brida \/ Tri-clamp para tipo en l\u00ednea<br \/>\nPrecisi\u00f3n de medici\u00f3n: 1,0 % - 1,5% del intervalo de calibraci\u00f3n<br \/>\nIndicador digital: muestra el caudal instant\u00e1neo y el caudal total<br \/>\nAlimentaci\u00f3n: 24VDC, Salida: 4-20mA<\/p>\n<p><strong>caracter\u00edsticas<\/strong><br \/>\n1.Puntos de consigna ON\/OFF ajustables<br \/>\n2.Modo de alarma de caudal alto o bajo<br \/>\n3.Tiempo de retardo ajustable<br \/>\n4.LED de estado del rel\u00e9<\/p>","protected":false},"featured_media":3691,"comment_status":"closed","ping_status":"closed","template":"","meta":[],"product_cat":[2372],"product_tag":[],"acf":[],"_links":{"self":[{"href":"https:\/\/www.hginstrument.com\/es\/wp-json\/wp\/v2\/product\/5531"}],"collection":[{"href":"https:\/\/www.hginstrument.com\/es\/wp-json\/wp\/v2\/product"}],"about":[{"href":"https:\/\/www.hginstrument.com\/es\/wp-json\/wp\/v2\/types\/product"}],"replies":[{"embeddable":true,"href":"https:\/\/www.hginstrument.com\/es\/wp-json\/wp\/v2\/comments?post=5531"}],"wp:featuredmedia":[{"embeddable":true,"href":"https:\/\/www.hginstrument.com\/es\/wp-json\/wp\/v2\/media\/3691"}],"wp:attachment":[{"href":"https:\/\/www.hginstrument.com\/es\/wp-json\/wp\/v2\/media?parent=5531"}],"wp:term":[{"taxonomy":"product_cat","embeddable":true,"href":"https:\/\/www.hginstrument.com\/es\/wp-json\/wp\/v2\/product_cat?post=5531"},{"taxonomy":"product_tag","embeddable":true,"href":"https:\/\/www.hginstrument.com\/es\/wp-json\/wp\/v2\/product_tag?post=5531"}],"curies":[{"name":"wp","href":"https:\/\/api.w.org\/{rel}","templated":true}]}}