{"id":5595,"date":"2023-12-24T12:17:40","date_gmt":"2023-12-24T04:17:40","guid":{"rendered":"https:\/\/www.hginstrument.com\/?post_type=product&#038;p=5595"},"modified":"2024-01-02T15:55:24","modified_gmt":"2024-01-02T07:55:24","slug":"liquid-mass-flow-meter","status":"publish","type":"product","link":"https:\/\/www.hginstrument.com\/es\/magnetic-flow-meter\/liquid-mass-flow-meter\/","title":{"rendered":"liquid mass flow meter"},"content":{"rendered":"<p>This advanced device is designed to measure the quantity and velocity of liquid, gas, or steam as it passes through a pipe or duct. With its state-of-the-art technology and superior performance, liquid mass flow meter offers precise and reliable measurements that help optimize processes and improve efficiency.<\/p>\n<p>liquid mass flow meter is an advanced flow measurement device designed to accurately measure and monitor the flow of various liquids and gases. With its cutting-edge technology and reliable performance, it has become the solution of choice in oil and gas, chemical processing, Cement and building material production, water treatment and many other industries.<\/p>\n<p>Our liquid mass flow meter utilizes a state-of-the-art flow sensing technology that provides precise measurements with exceptional accuracy. It can accurately measure the flow rate of liquids and gases with flow rates ranging from 0.1 to 5214 m3\/h. This high level of accuracy makes it an ideal solution for critical applications that require precise flow measurement.<\/p>\n<table class=\"table table-bordered\">\n<tbody>\n<tr>\n<td><span style=\"vertical-align: inherit;\"><span style=\"vertical-align: inherit;\">Tipo\uff1a<\/span><\/span><\/td>\n<td><span style=\"vertical-align: inherit;\">liquid mass flow meter<\/span><\/td>\n<td><span style=\"vertical-align: inherit;\"><span style=\"vertical-align: inherit;\">Se\u00f1al de salida\uff1a<\/span><\/span><\/td>\n<td><span style=\"vertical-align: inherit;\"><span style=\"vertical-align: inherit;\">4-20 mA, Pulso\/Frecuencia 2kHz(Predeterminado), 5KHz(Max)<\/span><\/span><\/td>\n<\/tr>\n<tr>\n<td><span style=\"vertical-align: inherit;\"><span style=\"vertical-align: inherit;\">Lugar de origen\uff1a<\/span><\/span><\/td>\n<td><span style=\"vertical-align: inherit;\"><span style=\"vertical-align: inherit;\">Jiangsu, China<\/span><\/span><\/td>\n<td><span style=\"vertical-align: inherit;\"><span style=\"vertical-align: inherit;\">Incorporar tipo\uff1a<\/span><\/span><\/td>\n<td><span style=\"vertical-align: inherit;\"><span style=\"vertical-align: inherit;\">-10\u2103- +58\u2103<\/span><\/span><\/td>\n<\/tr>\n<tr>\n<td><span style=\"vertical-align: inherit;\"><span style=\"vertical-align: inherit;\">Garant\u00eda\uff1a<\/span><\/span><\/td>\n<td><span style=\"vertical-align: inherit;\"><span style=\"vertical-align: inherit;\">12 meses<\/span><\/span><\/td>\n<td><span style=\"vertical-align: inherit;\"><span style=\"vertical-align: inherit;\">Tensi\u00f3n de alimentaci\u00f3n\uff1a<\/span><\/span><\/td>\n<td><span style=\"vertical-align: inherit;\"><span style=\"vertical-align: inherit;\">110\/220VAC (100-240VAC), 50Hz\/60Hz; 24VDC\u00b110%<\/span><\/span><\/td>\n<\/tr>\n<tr>\n<td><span style=\"vertical-align: inherit;\"><span style=\"vertical-align: inherit;\">Asistencia personalizada\uff1a<\/span><\/span><\/td>\n<td><span style=\"vertical-align: inherit;\"><span style=\"vertical-align: inherit;\">OEM, ODM, OBM<\/span><\/span><\/td>\n<td><span style=\"vertical-align: inherit;\"><span style=\"vertical-align: inherit;\">Comunicaci\u00f3n digital\uff1a<\/span><\/span><\/td>\n<td><span style=\"vertical-align: inherit;\"><span style=\"vertical-align: inherit;\">RS-485, compatible con el protocolo est\u00e1ndar MODBUS-RTU; GPRS<\/span><\/span><\/td>\n<\/tr>\n<tr>\n<td><span style=\"vertical-align: inherit;\"><span style=\"vertical-align: inherit;\">Marca\uff1a<\/span><\/span><\/td>\n<td><span style=\"vertical-align: inherit;\"><span style=\"vertical-align: inherit;\">GRUPO SUYI<\/span><\/span><\/td>\n<td><span style=\"vertical-align: inherit;\"><span style=\"vertical-align: inherit;\">Presi\u00f3n nominal\uff1a<\/span><\/span><\/td>\n<td><span style=\"vertical-align: inherit;\"><span style=\"vertical-align: inherit;\">1MPa (DN15-DN800), 1,6MPa(DN15-DN800), 2,5MPa(DN15-DN600)<\/span><\/span><\/td>\n<\/tr>\n<tr>\n<td><span style=\"vertical-align: inherit;\"><span style=\"vertical-align: inherit;\">N\u00famero de modelo\uff1a<\/span><\/span><\/td>\n<td><span style=\"vertical-align: inherit;\"><span style=\"vertical-align: inherit;\">otros<\/span><\/span><\/td>\n<td><span style=\"vertical-align: inherit;\"><span style=\"vertical-align: inherit;\">Sensor\uff1a<\/span><\/span><\/td>\n<td><span style=\"vertical-align: inherit;\"><span style=\"vertical-align: inherit;\">0\u2103- +80\u2103 o -25\u2103- +120\u2103 o +70\u2103- +250\u2103<\/span><\/span><\/td>\n<\/tr>\n<tr>\n<td><span style=\"vertical-align: inherit;\"><span style=\"vertical-align: inherit;\">Nombre del producto\uff1a<\/span><\/span><\/td>\n<td><span style=\"vertical-align: inherit;\"><span style=\"vertical-align: inherit;\">Medidor de caudal de agua qu\u00edmico digital inteligente electromagn\u00e9tico<\/span><\/span><\/td>\n<td><span style=\"vertical-align: inherit;\"><span style=\"vertical-align: inherit;\">Detalles del embalaje\uff1a<\/span><\/span><\/td>\n<td><span style=\"vertical-align: inherit;\"><span style=\"vertical-align: inherit;\">1 Juego por paquete o seg\u00fan pedido del cliente<\/span><\/span><\/td>\n<\/tr>\n<tr>\n<td><span style=\"vertical-align: inherit;\"><span style=\"vertical-align: inherit;\">Di\u00e1metro nominal\uff1a<\/span><\/span><\/td>\n<td><span style=\"vertical-align: inherit;\"><span style=\"vertical-align: inherit;\">3-2653 mm<\/span><\/span><\/td>\n<td><span style=\"vertical-align: inherit;\"><span style=\"vertical-align: inherit;\">Capacidad de suministro\uff1a<\/span><\/span><\/td>\n<td><span style=\"vertical-align: inherit;\"><span style=\"vertical-align: inherit;\">2337 Set\/Sets per Month<\/span><\/span><\/td>\n<\/tr>\n<tr>\n<td><span style=\"vertical-align: inherit;\"><span style=\"vertical-align: inherit;\">rango de velocidad\uff1a<\/span><\/span><\/td>\n<td><span style=\"vertical-align: inherit;\"><span style=\"vertical-align: inherit;\">0-15 m\/s<\/span><\/span><\/td>\n<td><span style=\"vertical-align: inherit;\"><span style=\"vertical-align: inherit;\">Cantidad (juegos)\uff1a<\/span><\/span><\/td>\n<td><span style=\"vertical-align: inherit;\"><span style=\"vertical-align: inherit;\">&gt; 30<\/span><\/span><\/td>\n<\/tr>\n<tr>\n<td><span style=\"vertical-align: inherit;\"><span style=\"vertical-align: inherit;\">Grado de precisi\u00f3n\uff1a<\/span><\/span><\/td>\n<td><span style=\"vertical-align: inherit;\"><span style=\"vertical-align: inherit;\">\u00b10,5%R, \u00b11%R ( &lt; DN20)<\/span><\/span><\/td>\n<td><span style=\"vertical-align: inherit;\"><span style=\"vertical-align: inherit;\">Plazo de entrega (d\u00edas)\uff1a<\/span><\/span><\/td>\n<td><span style=\"vertical-align: inherit;\"><span style=\"vertical-align: inherit;\">A negociar<\/span><\/span><\/td>\n<\/tr>\n<\/tbody>\n<\/table>\n<p>&nbsp;<\/p>\n<p>&nbsp;<\/p>\n<p style=\"text-align: center;\"><img title=\"liquid mass flow meter\" src=\"https:\/\/www.hginstrument.com\/wp-content\/uploads\/2021\/07\/in-line-pipeline-type-hgd-electromagnetic-flow-meter.jpg\" \/><\/p>\n<p>&nbsp;<\/p>\n<p>&nbsp;<\/p>\n<p style=\"text-align: center;\"><img title=\"liquid mass flow meter\" src=\"https:\/\/www.hginstrument.com\/wp-content\/uploads\/2021\/07\/insertion-01.jpg\" \/><\/p>\n<p>&nbsp;<\/p>\n<p>&nbsp;<\/p>\n<p style=\"text-align: center;\"><img title=\"liquid mass flow meter\" src=\"https:\/\/www.hginstrument.com\/wp-content\/uploads\/2021\/07\/sanitary-mag-1.jpg\" \/><\/p>\n<p><strong>liquid mass flow meter FAQs Guide.<\/strong><\/p>\n<p>At the heart of our liquid mass flow meter series lies a commitment to excellence, blending advanced sensor technology with user-friendly interfaces. From liquid to gas, our meters deliver unparalleled accuracy, empowering you to make informed decisions and streamline operations. As we usher in a new era of fluid measurement, we invite you to explore the limitless possibilities that our liquid mass flow meters unlock \u2013 where precision meets performance, and innovation flows seamlessly.<\/p>\n<div style=\"border: 3px solid #f89900; margin: 20px 0; padding: 20px;\"><a href=\"\/es\/liquid-mass-flow-meter\/#01\">1.What is the format of the liquid mass flow meter\u2019s output signal?<\/a><br \/>\n<a href=\"\/es\/liquid-mass-flow-meter\/#02\">2.How does the liquid mass flow meter connect with other devices and transmit data?<\/a><br \/>\n<a href=\"\/es\/liquid-mass-flow-meter\/#03\">3.What is the function of liquid mass flow meter?<\/a><br \/>\n<a href=\"\/es\/liquid-mass-flow-meter\/#04\">4.About liquid mass flow meter patent<\/a><br \/>\n<a href=\"\/es\/liquid-mass-flow-meter\/#05\">5.What are the requirements for the specific installation location of the liquid mass flow meter?<\/a><br \/>\n<a href=\"\/es\/liquid-mass-flow-meter\/#06\">6.About liquid mass flow meter customization services<\/a><br \/>\n<a href=\"\/es\/liquid-mass-flow-meter\/#07\">7.What is the difference between liquid mass flow meter SUYI group vs liquid mass flow meter Schneider Electric vs liquid mass flow meter Badger Meter<\/a><br \/>\n<a href=\"\/es\/liquid-mass-flow-meter\/#08\">8.About liquid mass flow meter raw material procurement system<\/a><br \/>\n<a href=\"\/es\/liquid-mass-flow-meter\/#09\">9.Does the liquid mass flow meter require an external power source?<\/a><br \/>\n<a href=\"\/es\/liquid-mass-flow-meter\/#010\">10.About liquid mass flow meter payment method<\/a><br \/>\n<a href=\"\/es\/liquid-mass-flow-meter\/#11\">11.About liquid mass flow meter raw materials<\/a><br \/>\n<a href=\"\/es\/liquid-mass-flow-meter\/#12\">12.Does the explosion-proof performance of liquid mass flow meter meet relevant standards?<\/a><br \/>\n<a href=\"\/es\/liquid-mass-flow-meter\/#13\">13.What are the maintenance methods for liquid mass flow meter?<\/a><br \/>\n<a href=\"\/es\/liquid-mass-flow-meter\/#14\">14.About liquid mass flow meter origin<\/a><br \/>\n<a href=\"\/es\/liquid-mass-flow-meter\/#15\">15.About liquid mass flow meter MOQ<\/a><\/div>\n<div id=\"01\">\n<p><strong>1.What is the format of the liquid mass flow meter\u2019s output signal?<\/strong><\/p>\n<p>We continuously upgrade our skills and knowledge to adapt to changing liquid mass flow meter market needs.<br \/>\nEl formato de la se\u00f1al de salida del caudal\u00edmetro depende del tipo de caudal\u00edmetro que se utilice. Entre los formatos de se\u00f1al de salida m\u00e1s comunes se incluyen pulso, frecuencia, tensi\u00f3n y corriente.<\/p>\n<\/div>\n<div id=\"02\">\n<p><strong>2.How does the liquid mass flow meter connect with other devices and transmit data?<\/strong><\/p>\n<p>liquid mass flow meter is not a product only, but also can help you comes to money-making.<br \/>\nLos caudal\u00edmetros pueden conectarse con otros dispositivos y transmitir datos a trav\u00e9s de diversos m\u00e9todos, como conexiones por cable, conexiones inal\u00e1mbricas y protocolos de comunicaci\u00f3n serie. Las conexiones por cable pueden incluir RS-232, RS-485 y USB. Las conexiones inal\u00e1mbricas pueden incluir Bluetooth, Wi-Fi y redes celulares. Los protocolos de comunicaci\u00f3n serie pueden incluir Modbus, HART y Profibus.<\/p>\n<\/div>\n<div id=\"03\">\n<p><strong>3.What is the function of liquid mass flow meter?<\/strong><\/p>\n<p>Our company has many years of liquid mass flow meter experience and expertise.<br \/>\nUn caudal\u00edmetro es un dispositivo utilizado para medir el caudal o la cantidad de gas o l\u00edquido que circula por una tuber\u00eda. Se utiliza para medir el caudal de un l\u00edquido o gas en un conducto cerrado. Los caudal\u00edmetros se utilizan en diversos sectores, como el tratamiento de aguas y aguas residuales, el petr\u00f3leo y el gas, y el procesamiento qu\u00edmico.<\/p>\n<\/div>\n<div id=\"04\">\n<p><strong>4.About liquid mass flow meter patent<\/strong><\/p>\n<p>Las patentes de caudal\u00edmetros son patentes que cubren el dise\u00f1o y el funcionamiento de los caudal\u00edmetros. Los caudal\u00edmetros son dispositivos utilizados para medir la velocidad de flujo de un l\u00edquido o gas. Los caudal\u00edmetros se utilizan en diversas industrias, como el tratamiento de aguas y aguas residuales, el petr\u00f3leo y el gas, y el procesamiento qu\u00edmico. Los caudal\u00edmetros se utilizan para medir el caudal de un fluido, el volumen total de un fluido y la presi\u00f3n de un fluido. Los caudal\u00edmetros pueden ser mec\u00e1nicos, el\u00e9ctricos u \u00f3pticos. Los caudal\u00edmetros pueden utilizarse para medir el caudal de l\u00edquidos, gases y vapor.<\/p>\n<p><img style=\"max-width: 100%;\" title=\"About liquid mass flow meter patent\" src=\"https:\/\/www.hginstrument.com\/wp-content\/uploads\/2021\/07\/insertion-01.jpg\" alt=\"About liquid mass flow meter patent\" \/><\/p>\n<\/div>\n<div id=\"05\">\n<p><strong>5.What are the requirements for the specific installation location of the liquid mass flow meter?<\/strong><\/p>\n<p>We operate our liquid mass flow meter business with integrity and honesty.<br \/>\n1. El caudal\u00edmetro debe instalarse en un lugar libre de vibraciones, golpes y otras fuerzas externas.<\/p>\n<p>2. El caudal\u00edmetro debe instalarse en un lugar libre de gases corrosivos, l\u00edquidos y otros contaminantes.<\/p>\n<p>3. El caudal\u00edmetro debe instalarse en un lugar accesible para su mantenimiento y calibraci\u00f3n.<\/p>\n<p>4. El caudal\u00edmetro debe instalarse en un lugar exento de temperaturas y humedad extremas.<\/p>\n<p>5. El caudal\u00edmetro debe instalarse en un lugar libre de interferencias el\u00e9ctricas.<\/p>\n<\/div>\n<div id=\"06\">\n<p><strong>6.About liquid mass flow meter customization services<\/strong><\/p>\n<p>Los servicios de personalizaci\u00f3n de caudal\u00edmetros est\u00e1n dise\u00f1ados para ofrecer a los clientes una soluci\u00f3n a medida para sus necesidades espec\u00edficas de medici\u00f3n de caudal. Estos servicios pueden incluir la personalizaci\u00f3n del caudal\u00edmetro para adaptarlo a una aplicaci\u00f3n concreta, como un tama\u00f1o de tuber\u00eda o un caudal espec\u00edficos, o para cumplir un determinado requisito de precisi\u00f3n. Los servicios de personalizaci\u00f3n tambi\u00e9n pueden incluir la modificaci\u00f3n del caudal\u00edmetro para incluir funciones adicionales, como una pantalla o capacidades de registro de datos. Los servicios de personalizaci\u00f3n de caudal\u00edmetros tambi\u00e9n pueden incluir la instalaci\u00f3n del caudal\u00edmetro, as\u00ed como la prestaci\u00f3n de asistencia t\u00e9cnica y mantenimiento.<\/p>\n<\/div>\n<div id=\"07\">\n<p><strong>7.What is the difference between liquid mass flow meter SUYI group vs liquid mass flow meter Schneider Electric vs liquid mass flow meter Badger Meter<\/strong><\/p>\n<p>Los caudal\u00edmetros del Grupo SUYI se utilizan normalmente para aplicaciones industriales, como la medici\u00f3n del caudal de l\u00edquidos, gases y vapor. Est\u00e1n dise\u00f1ados para ser fiables y precisos, y est\u00e1n disponibles en una gran variedad de tama\u00f1os y materiales.<\/p>\n<p>Los caudal\u00edmetros de Schneider Electric est\u00e1n dise\u00f1ados para aplicaciones industriales y comerciales, y est\u00e1n disponibles en diversos tama\u00f1os y materiales. Est\u00e1n dise\u00f1ados para ser fiables y precisos, y son adecuados para una amplia gama de aplicaciones.<\/p>\n<p>Los caudal\u00edmetros de Badger Meter est\u00e1n dise\u00f1ados para aplicaciones industriales y comerciales, y est\u00e1n disponibles en diversos tama\u00f1os y materiales. Est\u00e1n dise\u00f1ados para ser fiables y precisos, y son adecuados para una amplia gama de aplicaciones. Tambi\u00e9n ofrecen una variedad de caracter\u00edsticas, como la monitorizaci\u00f3n remota y el registro de datos.<\/p>\n<\/div>\n<div id=\"08\">\n<p><strong>8.About liquid mass flow meter raw material procurement system<\/strong><\/p>\n<p>Un sistema de adquisici\u00f3n de materias primas para caudal\u00edmetros es una soluci\u00f3n de software dise\u00f1ada para agilizar el proceso de compra de materias primas para la producci\u00f3n de caudal\u00edmetros. El sistema permite a los usuarios buscar y comprar de forma r\u00e1pida y sencilla los componentes necesarios para la producci\u00f3n de caudal\u00edmetros. Tambi\u00e9n proporciona informaci\u00f3n detallada sobre los componentes, incluidos precios, disponibilidad y plazos de entrega. El sistema tambi\u00e9n permite a los usuarios hacer un seguimiento de sus pedidos y gestionar su inventario. Esto ayuda a garantizar que los componentes adecuados est\u00e9n siempre disponibles cuando se necesiten.<\/p>\n<p><img style=\"max-width: 100%;\" title=\"About liquid mass flow meter raw material procurement system\" src=\"https:\/\/www.hginstrument.com\/wp-content\/uploads\/2021\/07\/wedge-1.jpg\" alt=\"About liquid mass flow meter raw material procurement system\" \/><\/p>\n<\/div>\n<div id=\"09\">\n<p><strong>9.Does the liquid mass flow meter require an external power source?<\/strong><\/p>\n<p>Nos adherimos al principio de que la calidad es lo primero y contamos con un completo sistema de gesti\u00f3n de la calidad de la producci\u00f3n y un proceso de inspecci\u00f3n de la calidad.<br \/>\nDepende del tipo de caudal\u00edmetro. Algunos caudal\u00edmetros se alimentan de una fuente de alimentaci\u00f3n externa, mientras que otros se alimentan del caudal del l\u00edquido o gas que se est\u00e1 midiendo.<\/p>\n<\/div>\n<div id=\"010\">\n<p><strong>10.About liquid mass flow meter payment method<\/strong><\/p>\n<p>El pago con caudal\u00edmetro es un m\u00e9todo de pago que utiliza un caudal\u00edmetro para medir la cantidad de energ\u00eda utilizada por un cliente. El cliente paga por la energ\u00eda utilizada en funci\u00f3n de la cantidad de energ\u00eda medida por el caudal\u00edmetro. Este m\u00e9todo de pago se utiliza a menudo en entornos comerciales e industriales, donde el consumo de energ\u00eda es elevado y debe controlarse con precisi\u00f3n. El pago con caudal\u00edmetro tambi\u00e9n se utiliza en algunos entornos residenciales, donde los clientes pueden pagar por su consumo de energ\u00eda en funci\u00f3n de la cantidad de energ\u00eda que utilizan.<\/p>\n<\/div>\n<div id=\"11\">\n<p><strong>11.About liquid mass flow meter raw materials<\/strong><\/p>\n<p>Las materias primas de los caudal\u00edmetros suelen estar hechas de una variedad de metales, pl\u00e1sticos y compuestos. Entre los materiales m\u00e1s comunes utilizados en los caudal\u00edmetros se encuentran el acero inoxidable, el lat\u00f3n, el aluminio, el cloruro de polivinilo (PVC), el polipropileno (PP) y el politetrafluoroetileno (PTFE). El material utilizado en un caudal\u00edmetro depende de la aplicaci\u00f3n y del tipo de fluido que se mida. Por ejemplo, el acero inoxidable suele utilizarse para medir fluidos corrosivos, mientras que el PVC suele emplearse para medir agua.<\/p>\n<\/div>\n<div id=\"12\">\n<p><strong>12.Does the explosion-proof performance of liquid mass flow meter meet relevant standards?<\/strong><\/p>\n<p>S\u00ed, las prestaciones antideflagrantes del caudal\u00edmetro cumplen las normas pertinentes. El caudal\u00edmetro debe estar certificado por un organismo de certificaci\u00f3n reconocido para garantizar que cumple los requisitos de las normas pertinentes.<\/p>\n<p><img style=\"max-width: 100%;\" title=\"Does the explosion-proof performance of liquid mass flow meter meet relevant standards?\" src=\"https:\/\/www.hginstrument.com\/wp-content\/uploads\/2021\/07\/ltb-1.jpg\" alt=\"Does the explosion-proof performance of liquid mass flow meter meet relevant standards?\" \/><\/p>\n<\/div>\n<div id=\"13\">\n<p><strong>13.What are the maintenance methods for liquid mass flow meter?<\/strong><\/p>\n<p>Nos centramos en la innovaci\u00f3n y la mejora continua para mantener una ventaja competitiva.<br \/>\n1. Compruebe regularmente si el caudal\u00edmetro presenta signos de desgaste o da\u00f1os.<\/p>\n<p>2. Limpie el caudal\u00edmetro con regularidad para garantizar lecturas precisas.<\/p>\n<p>3. Compruebe la precisi\u00f3n del caudal\u00edmetro realizando pruebas de calibraci\u00f3n.<\/p>\n<p>4. Sustituya lo antes posible cualquier pieza desgastada o da\u00f1ada.<\/p>\n<p>5. Aseg\u00farese de que el caudal\u00edmetro est\u00e1 correctamente instalado y conectado al sistema.<\/p>\n<p>6. Compruebe si el caudal\u00edmetro presenta signos de corrosi\u00f3n u obstrucciones.<\/p>\n<p>7. Aseg\u00farese de que el caudal\u00edmetro est\u00e1 correctamente sellado para evitar cualquier fuga.<\/p>\n<p>8. Compruebe peri\u00f3dicamente si el caudal\u00edmetro presenta alg\u00fan signo de vibraci\u00f3n o ruido.<\/p>\n<p>9. Aseg\u00farese de que el caudal\u00edmetro est\u00e1 correctamente calibrado y ajustado.<\/p>\n<p>10. Compruebe peri\u00f3dicamente que el caudal\u00edmetro no presenta signos de fugas u obstrucciones.<\/p>\n<\/div>\n<div id=\"14\">\n<p><strong>14.About liquid mass flow meter origin<\/strong><\/p>\n<p>El primer caudal\u00edmetro fue inventado en 1832 por un ingl\u00e9s llamado William Henry. Desarroll\u00f3 un dispositivo que utilizaba un flotador para medir el caudal de agua en una tuber\u00eda. Este dispositivo fue el primero de su clase y el precursor de los caudal\u00edmetros modernos. Desde entonces, los caudal\u00edmetros se han utilizado en diversas industrias para medir el caudal de l\u00edquidos, gases y otros materiales. Hoy en d\u00eda, los caudal\u00edmetros se utilizan en una gran variedad de aplicaciones, desde la medici\u00f3n del caudal de agua en una tuber\u00eda hasta la medici\u00f3n del caudal de petr\u00f3leo en una refiner\u00eda.<\/p>\n<\/div>\n<div id=\"15\">\n<p><strong>15.About liquid mass flow meter MOQ<\/strong><\/p>\n<p>La cantidad m\u00ednima de pedido (MOQ) de un caudal\u00edmetro depender\u00e1 del tipo de caudal\u00edmetro y del fabricante. Por lo general, la MOQ de un caudal\u00edmetro oscila entre 1 y 10 unidades, pero puede variar en funci\u00f3n del fabricante y del tipo de caudal\u00edmetro.<\/p>\n<\/div>\n<p>&nbsp;<\/p>\n<p>Etiqueta\uff1a<a href=\"\/es\/magnetic-flow-meter\/kamstrup-flow-meter\/\">kamstrup flow meter<\/a>,<a href=\"\/es\/magnetic-flow-meter\/fluke-air-flow-meter\/\">fluke air flow meter<\/a>,<a href=\"\/es\/magnetic-flow-meter\/10-flow-meter\/\">10 caudal\u00edmetro<\/a><\/p>\n<p>&nbsp;<\/p>","protected":false},"excerpt":{"rendered":"<p><strong>Datos t\u00e9cnicos<\/strong><br \/>\nPuede servir para fluidos l\u00edquidos o gaseosos, normalmente se utiliza para medir el caudal de vapor, aire y gas natural.<br \/>\nTama\u00f1o del contador: Tipo en l\u00ednea: DN25 - DN300<br \/>\nOpci\u00f3n de material mojado: SS304, SS316<br \/>\nTemperatura de funcionamiento: \u2264250\u2103<br \/>\nConexi\u00f3n a proceso: Wafer \/ Brida \/ Tri-clamp para tipo en l\u00ednea<br \/>\nPrecisi\u00f3n de medici\u00f3n: 1,0 % - 1,5% del intervalo de calibraci\u00f3n<br \/>\nIndicador digital: muestra el caudal instant\u00e1neo y el caudal total<br \/>\nAlimentaci\u00f3n: 24VDC, Salida: 4-20mA<\/p>\n<p><strong>caracter\u00edsticas<\/strong><br \/>\n1.Puntos de consigna ON\/OFF ajustables<br \/>\n2.Modo de alarma de caudal alto o bajo<br \/>\n3.Tiempo de retardo ajustable<br \/>\n4.LED de estado del rel\u00e9<\/p>","protected":false},"featured_media":3691,"comment_status":"closed","ping_status":"closed","template":"","meta":[],"product_cat":[2372],"product_tag":[],"acf":[],"_links":{"self":[{"href":"https:\/\/www.hginstrument.com\/es\/wp-json\/wp\/v2\/product\/5595"}],"collection":[{"href":"https:\/\/www.hginstrument.com\/es\/wp-json\/wp\/v2\/product"}],"about":[{"href":"https:\/\/www.hginstrument.com\/es\/wp-json\/wp\/v2\/types\/product"}],"replies":[{"embeddable":true,"href":"https:\/\/www.hginstrument.com\/es\/wp-json\/wp\/v2\/comments?post=5595"}],"wp:featuredmedia":[{"embeddable":true,"href":"https:\/\/www.hginstrument.com\/es\/wp-json\/wp\/v2\/media\/3691"}],"wp:attachment":[{"href":"https:\/\/www.hginstrument.com\/es\/wp-json\/wp\/v2\/media?parent=5595"}],"wp:term":[{"taxonomy":"product_cat","embeddable":true,"href":"https:\/\/www.hginstrument.com\/es\/wp-json\/wp\/v2\/product_cat?post=5595"},{"taxonomy":"product_tag","embeddable":true,"href":"https:\/\/www.hginstrument.com\/es\/wp-json\/wp\/v2\/product_tag?post=5595"}],"curies":[{"name":"wp","href":"https:\/\/api.w.org\/{rel}","templated":true}]}}