{"id":5768,"date":"2023-12-24T19:09:47","date_gmt":"2023-12-24T11:09:47","guid":{"rendered":"https:\/\/www.hginstrument.com\/?post_type=product&#038;p=5768"},"modified":"2023-12-28T11:17:07","modified_gmt":"2023-12-28T03:17:07","slug":"pediatric-oxygen-flow-meter","status":"publish","type":"product","link":"https:\/\/www.hginstrument.com\/es\/magnetic-flow-meter\/pediatric-oxygen-flow-meter\/","title":{"rendered":"medidor de flujo de ox\u00edgeno pedi\u00e1trico"},"content":{"rendered":"<p>Ya sea para el control de procesos industriales, la supervisi\u00f3n medioambiental o la gesti\u00f3n energ\u00e9tica, el caudal\u00edmetro de ox\u00edgeno pedi\u00e1trico es un producto de alto rendimiento que garantiza una medici\u00f3n de caudal precisa y fiable. Gracias a su avanzada tecnolog\u00eda y sus vers\u00e1tiles funciones, este dispositivo es una herramienta esencial para cualquier industria que busque soluciones precisas y eficientes de monitorizaci\u00f3n de caudal.<\/p>\n<p>El caudal\u00edmetro de ox\u00edgeno pedi\u00e1trico es un avanzado dispositivo de medici\u00f3n de caudal dise\u00f1ado para medir y controlar con precisi\u00f3n el caudal de diversos l\u00edquidos y gases. Gracias a su tecnolog\u00eda de vanguardia y su rendimiento fiable, se ha convertido en la soluci\u00f3n preferida en los sectores del petr\u00f3leo y el gas, el procesamiento qu\u00edmico, la miner\u00eda y el procesamiento de metales, el tratamiento de aguas y muchas otras industrias.<\/p>\n<p>Nuestro medidor de flujo de ox\u00edgeno pedi\u00e1trico utiliza una tecnolog\u00eda de detecci\u00f3n de flujo de \u00faltima generaci\u00f3n que proporciona mediciones precisas con una exactitud excepcional. Puede medir con exactitud el caudal de l\u00edquidos y gases con caudales comprendidos entre 0,8 y 4599 m3\/h. Este alto nivel de precisi\u00f3n lo convierte en una soluci\u00f3n ideal para aplicaciones cr\u00edticas que requieren una medici\u00f3n precisa del caudal.<\/p>\n<table class=\"table table-bordered\">\n<tbody>\n<tr>\n<td><span style=\"vertical-align: inherit;\"><span style=\"vertical-align: inherit;\">Tipo\uff1a<\/span><\/span><\/td>\n<td><span style=\"vertical-align: inherit;\">medidor de flujo de ox\u00edgeno pedi\u00e1trico<\/span><\/td>\n<td><span style=\"vertical-align: inherit;\"><span style=\"vertical-align: inherit;\">Se\u00f1al de salida\uff1a<\/span><\/span><\/td>\n<td><span style=\"vertical-align: inherit;\"><span style=\"vertical-align: inherit;\">4-18mA, Pulso\/Frecuencia 2kHz(Predeterminado), 5KHz(Max)<\/span><\/span><\/td>\n<\/tr>\n<tr>\n<td><span style=\"vertical-align: inherit;\"><span style=\"vertical-align: inherit;\">Lugar de origen\uff1a<\/span><\/span><\/td>\n<td><span style=\"vertical-align: inherit;\"><span style=\"vertical-align: inherit;\">Jiangsu\uff0cChina<\/span><\/span><\/td>\n<td><span style=\"vertical-align: inherit;\"><span style=\"vertical-align: inherit;\">Incorporar tipo\uff1a<\/span><\/span><\/td>\n<td><span style=\"vertical-align: inherit;\"><span style=\"vertical-align: inherit;\">-10\u2103- +59\u2103<\/span><\/span><\/td>\n<\/tr>\n<tr>\n<td><span style=\"vertical-align: inherit;\"><span style=\"vertical-align: inherit;\">Garant\u00eda\uff1a<\/span><\/span><\/td>\n<td><span style=\"vertical-align: inherit;\"><span style=\"vertical-align: inherit;\">12 meses<\/span><\/span><\/td>\n<td><span style=\"vertical-align: inherit;\"><span style=\"vertical-align: inherit;\">Tensi\u00f3n de alimentaci\u00f3n\uff1a<\/span><\/span><\/td>\n<td><span style=\"vertical-align: inherit;\"><span style=\"vertical-align: inherit;\">110\/220VAC (100-240VAC), 50Hz\/60Hz; 24VDC\u00b110%<\/span><\/span><\/td>\n<\/tr>\n<tr>\n<td><span style=\"vertical-align: inherit;\"><span style=\"vertical-align: inherit;\">Asistencia personalizada\uff1a<\/span><\/span><\/td>\n<td><span style=\"vertical-align: inherit;\"><span style=\"vertical-align: inherit;\">OEM, ODM, OBM<\/span><\/span><\/td>\n<td><span style=\"vertical-align: inherit;\"><span style=\"vertical-align: inherit;\">Comunicaci\u00f3n digital\uff1a<\/span><\/span><\/td>\n<td><span style=\"vertical-align: inherit;\"><span style=\"vertical-align: inherit;\">RS-485, compatible con el protocolo est\u00e1ndar Mudbugs-RTU; GPRS<\/span><\/span><\/td>\n<\/tr>\n<tr>\n<td><span style=\"vertical-align: inherit;\"><span style=\"vertical-align: inherit;\">Marca\uff1a<\/span><\/span><\/td>\n<td><span style=\"vertical-align: inherit;\"><span style=\"vertical-align: inherit;\">GRUPO SUYI<\/span><\/span><\/td>\n<td><span style=\"vertical-align: inherit;\"><span style=\"vertical-align: inherit;\">Presi\u00f3n nominal\uff1a<\/span><\/span><\/td>\n<td><span style=\"vertical-align: inherit;\"><span style=\"vertical-align: inherit;\">1MPa (DN15-DN800), 1,6MPa(DN15-DN800), 2,5MPa(DN15-DN600)<\/span><\/span><\/td>\n<\/tr>\n<tr>\n<td><span style=\"vertical-align: inherit;\"><span style=\"vertical-align: inherit;\">N\u00famero de modelo\uff1a<\/span><\/span><\/td>\n<td><span style=\"vertical-align: inherit;\"><span style=\"vertical-align: inherit;\">otros<\/span><\/span><\/td>\n<td><span style=\"vertical-align: inherit;\"><span style=\"vertical-align: inherit;\">Sensor\uff1a<\/span><\/span><\/td>\n<td><span style=\"vertical-align: inherit;\"><span style=\"vertical-align: inherit;\">0\u2103- +80\u2103 o -25\u2103- +120\u2103 o +70\u2103- +250\u2103<\/span><\/span><\/td>\n<\/tr>\n<tr>\n<td><span style=\"vertical-align: inherit;\"><span style=\"vertical-align: inherit;\">Nombre del producto\uff1a<\/span><\/span><\/td>\n<td><span style=\"vertical-align: inherit;\"><span style=\"vertical-align: inherit;\">Medidor de caudal de agua qu\u00edmico digital inteligente electromagn\u00e9tico<\/span><\/span><\/td>\n<td><span style=\"vertical-align: inherit;\"><span style=\"vertical-align: inherit;\">Detalles del embalaje\uff1a<\/span><\/span><\/td>\n<td><span style=\"vertical-align: inherit;\"><span style=\"vertical-align: inherit;\">1 Juego por paquete o seg\u00fan pedido del cliente<\/span><\/span><\/td>\n<\/tr>\n<tr>\n<td><span style=\"vertical-align: inherit;\"><span style=\"vertical-align: inherit;\">Di\u00e1metro nominal\uff1a<\/span><\/span><\/td>\n<td><span style=\"vertical-align: inherit;\"><span style=\"vertical-align: inherit;\">3-2649 mm<\/span><\/span><\/td>\n<td><span style=\"vertical-align: inherit;\"><span style=\"vertical-align: inherit;\">Capacidad de suministro\uff1a<\/span><\/span><\/td>\n<td><span style=\"vertical-align: inherit;\"><span style=\"vertical-align: inherit;\">2377 juegos\/juegos al mes<\/span><\/span><\/td>\n<\/tr>\n<tr>\n<td><span style=\"vertical-align: inherit;\"><span style=\"vertical-align: inherit;\">rango de velocidad\uff1a<\/span><\/span><\/td>\n<td><span style=\"vertical-align: inherit;\"><span style=\"vertical-align: inherit;\">0-13 m\/s<\/span><\/span><\/td>\n<td><span style=\"vertical-align: inherit;\"><span style=\"vertical-align: inherit;\">Cantidad (juegos)\uff1a<\/span><\/span><\/td>\n<td><span style=\"vertical-align: inherit;\"><span style=\"vertical-align: inherit;\">&gt; 30<\/span><\/span><\/td>\n<\/tr>\n<tr>\n<td><span style=\"vertical-align: inherit;\"><span style=\"vertical-align: inherit;\">Grado de precisi\u00f3n\uff1a<\/span><\/span><\/td>\n<td><span style=\"vertical-align: inherit;\"><span style=\"vertical-align: inherit;\">\u00b10,5%R, \u00b11%R ( &lt; DN20)<\/span><\/span><\/td>\n<td><span style=\"vertical-align: inherit;\"><span style=\"vertical-align: inherit;\">Plazo de entrega (d\u00edas)\uff1a<\/span><\/span><\/td>\n<td><span style=\"vertical-align: inherit;\"><span style=\"vertical-align: inherit;\">A negociar<\/span><\/span><\/td>\n<\/tr>\n<\/tbody>\n<\/table>\n<p>&nbsp;<\/p>\n<p>&nbsp;<\/p>\n<p style=\"text-align: center;\"><img title=\"medidor de flujo de ox\u00edgeno pedi\u00e1trico\" src=\"https:\/\/www.hginstrument.com\/wp-content\/uploads\/2021\/07\/in-line-pipeline-type-hgd-electromagnetic-flow-meter.jpg\" \/><\/p>\n<p>&nbsp;<\/p>\n<p>&nbsp;<\/p>\n<p style=\"text-align: center;\"><img title=\"medidor de flujo de ox\u00edgeno pedi\u00e1trico\" src=\"https:\/\/www.hginstrument.com\/wp-content\/uploads\/2021\/07\/insertion-01.jpg\" \/><\/p>\n<p>&nbsp;<\/p>\n<p>&nbsp;<\/p>\n<p style=\"text-align: center;\"><img title=\"medidor de flujo de ox\u00edgeno pedi\u00e1trico\" src=\"https:\/\/www.hginstrument.com\/wp-content\/uploads\/2021\/07\/sanitary-mag-1.jpg\" \/><\/p>\n<p><strong>Gu\u00eda de preguntas frecuentes sobre el medidor de flujo de ox\u00edgeno pedi\u00e1trico.<\/strong><\/p>\n<p>En el coraz\u00f3n de nuestra serie de medidores pedi\u00e1tricos de flujo de ox\u00edgeno se encuentra el compromiso con la excelencia, que combina una avanzada tecnolog\u00eda de sensores con interfaces f\u00e1ciles de usar. Desde l\u00edquidos hasta gases, nuestros medidores ofrecen una precisi\u00f3n inigualable, lo que le permite tomar decisiones informadas y agilizar las operaciones. A medida que iniciamos una nueva era en la medici\u00f3n de fluidos, le invitamos a explorar las posibilidades ilimitadas que abren nuestros medidores de flujo de ox\u00edgeno pedi\u00e1trico, donde la precisi\u00f3n se une al rendimiento y la innovaci\u00f3n fluye a la perfecci\u00f3n.<\/p>\n<div style=\"border: 3px solid #f89900; margin: 20px 0; padding: 20px;\"><a href=\"\/es\/pediatric-oxygen-flow-meter\/#01\">1.\u00bfDispone el medidor de flujo de ox\u00edgeno pedi\u00e1trico de una funci\u00f3n de limpieza autom\u00e1tica?<\/a><br \/>\n<a href=\"\/es\/pediatric-oxygen-flow-meter\/#02\">2.\u00bfCu\u00e1l es el intervalo de temperatura de funcionamiento del caudal\u00edmetro de ox\u00edgeno pedi\u00e1trico?<\/a><br \/>\n<a href=\"\/es\/pediatric-oxygen-flow-meter\/#03\">3.Acerca de la capacidad de producci\u00f3n del medidor de flujo de ox\u00edgeno pedi\u00e1trico<\/a><br \/>\n<a href=\"\/es\/pediatric-oxygen-flow-meter\/#04\">4.\u00bfDispone el medidor de flujo de ox\u00edgeno pedi\u00e1trico de pantalla multiling\u00fce?<\/a><br \/>\n<a href=\"\/es\/pediatric-oxygen-flow-meter\/#05\">5.Acerca de la formaci\u00f3n en producci\u00f3n de medidores de flujo de ox\u00edgeno pedi\u00e1trico<\/a><br \/>\n<a href=\"\/es\/pediatric-oxygen-flow-meter\/#06\">6.\u00bfPara qu\u00e9 industrias es adecuado el medidor de flujo de ox\u00edgeno pedi\u00e1trico?<\/a><br \/>\n<a href=\"\/es\/pediatric-oxygen-flow-meter\/#07\">7.\u00bfCu\u00e1l es la diferencia entre el medidor de flujo de ox\u00edgeno pedi\u00e1trico grupo SUYI vs medidor de flujo de ox\u00edgeno pedi\u00e1trico Siemens vs medidor de flujo de ox\u00edgeno pedi\u00e1trico GE<\/a><br \/>\n<a href=\"\/es\/pediatric-oxygen-flow-meter\/#08\">8.Acerca de los servicios de personalizaci\u00f3n del medidor de flujo de ox\u00edgeno pedi\u00e1trico<\/a><br \/>\n<a href=\"\/es\/pediatric-oxygen-flow-meter\/#09\">9.Acerca del sistema de adquisici\u00f3n de materias primas para el medidor de flujo de ox\u00edgeno pedi\u00e1trico<\/a><br \/>\n<a href=\"\/es\/pediatric-oxygen-flow-meter\/#010\">10.Acerca de la garant\u00eda del medidor de flujo de ox\u00edgeno pedi\u00e1trico<\/a><br \/>\n<a href=\"\/es\/pediatric-oxygen-flow-meter\/#11\">11.\u00bfCu\u00e1l es el rango de presi\u00f3n aplicable del medidor de flujo de ox\u00edgeno pedi\u00e1trico?<\/a><br \/>\n<a href=\"\/es\/pediatric-oxygen-flow-meter\/#12\">12.\u00bfC\u00f3mo se conecta el medidor de flujo de ox\u00edgeno pedi\u00e1trico con otros dispositivos y transmite los datos?<\/a><br \/>\n<a href=\"\/es\/pediatric-oxygen-flow-meter\/#13\">13.Acerca de la formaci\u00f3n en producci\u00f3n de medidores de flujo de ox\u00edgeno pedi\u00e1trico<\/a><br \/>\n<a href=\"\/es\/pediatric-oxygen-flow-meter\/#14\">14.Acerca del m\u00e9todo de pago del medidor de flujo de ox\u00edgeno pedi\u00e1trico<\/a><\/div>\n<div id=\"01\">\n<p><strong>1.\u00bfDispone el medidor de flujo de ox\u00edgeno pedi\u00e1trico de una funci\u00f3n de limpieza autom\u00e1tica?<\/strong><\/p>\n<p>Siendo uno de los principales fabricantes de medidores de flujo de ox\u00edgeno pedi\u00e1trico en China, damos gran importancia a este detalle.<br \/>\nNo, la mayor\u00eda de los caudal\u00edmetros no disponen de una funci\u00f3n de limpieza autom\u00e1tica. Sin embargo, algunos modelos pueden tener una funci\u00f3n de autolimpieza que puede activarse manualmente.<\/p>\n<\/div>\n<div id=\"02\">\n<p><strong>2.\u00bfCu\u00e1l es el intervalo de temperatura de funcionamiento del caudal\u00edmetro de ox\u00edgeno pedi\u00e1trico?<\/strong><\/p>\n<p>Hemos establecido una buena reputaci\u00f3n y asociaciones fiables en el sector de los medidores de flujo de ox\u00edgeno pedi\u00e1trico.<br \/>\nEl intervalo de temperatura de funcionamiento del caudal\u00edmetro es de -40\u00b0C a 60\u00b0C (-40\u00b0F a 140\u00b0F).<\/p>\n<\/div>\n<div id=\"03\">\n<p><strong>3.Acerca de la capacidad de producci\u00f3n del medidor de flujo de ox\u00edgeno pedi\u00e1trico<\/strong><\/p>\n<p>La capacidad de producci\u00f3n de caudal\u00edmetros depende del tipo de caudal\u00edmetro que se fabrique. Por lo general, la capacidad de producci\u00f3n viene determinada por el tama\u00f1o de la instalaci\u00f3n de producci\u00f3n, el n\u00famero de m\u00e1quinas y personal disponible y el tipo de caudal\u00edmetro que se fabrica. Por ejemplo, una planta de producci\u00f3n especializada en la fabricaci\u00f3n de caudal\u00edmetros de turbina puede tener una capacidad de producci\u00f3n mayor que una planta de producci\u00f3n de caudal\u00edmetros ultras\u00f3nicos. Adem\u00e1s, la capacidad de producci\u00f3n de una instalaci\u00f3n puede verse afectada por la complejidad del caudal\u00edmetro fabricado, as\u00ed como por la disponibilidad de materias primas y componentes.<\/p>\n<\/div>\n<div id=\"04\">\n<p><strong>4.\u00bfDispone el medidor de flujo de ox\u00edgeno pedi\u00e1trico de pantalla multiling\u00fce?<\/strong><\/p>\n<p>Como uno de los principales fabricantes de medidores de flujo de ox\u00edgeno pedi\u00e1trico en China, nos tomamos esto muy en serio.<br \/>\nS\u00ed, algunos caudal\u00edmetros disponen de pantalla multiling\u00fce. Sin embargo, esta funci\u00f3n no est\u00e1 disponible en todos los modelos. Lo mejor es comprobar con el fabricante si el modelo espec\u00edfico que le interesa dispone de esta funci\u00f3n.<\/p>\n<p><img style=\"max-width: 100%;\" title=\"\u00bfDispone el medidor de flujo de ox\u00edgeno pedi\u00e1trico de pantalla multiling\u00fce?\" src=\"https:\/\/www.hginstrument.com\/wp-content\/uploads\/2021\/07\/hgvf-1.jpg\" alt=\"\u00bfDispone el medidor de flujo de ox\u00edgeno pedi\u00e1trico de pantalla multiling\u00fce?\" \/><\/p>\n<\/div>\n<div id=\"05\">\n<p><strong>5.Acerca de la formaci\u00f3n en producci\u00f3n de medidores de flujo de ox\u00edgeno pedi\u00e1trico<\/strong><\/p>\n<p>La formaci\u00f3n en t\u00e9cnicas de producci\u00f3n de caudal\u00edmetros est\u00e1 dise\u00f1ada para ense\u00f1ar a t\u00e9cnicos e ingenieros los conocimientos necesarios para producir y mantener caudal\u00edmetros. La formaci\u00f3n abarca temas como los principios de la medici\u00f3n de caudal, los tipos de caudal\u00edmetros disponibles, la instalaci\u00f3n y el mantenimiento de los caudal\u00edmetros y las t\u00e9cnicas de resoluci\u00f3n de problemas. La formaci\u00f3n tambi\u00e9n abarca el uso de programas inform\u00e1ticos para analizar e interpretar los datos de caudal. La formaci\u00f3n suele impartirse en un aula y puede incluir actividades pr\u00e1cticas.<\/p>\n<\/div>\n<div id=\"06\">\n<p><strong>6.\u00bfPara qu\u00e9 industrias es adecuado el medidor de flujo de ox\u00edgeno pedi\u00e1trico?<\/strong><\/p>\n<p>Mantenemos una cierta inversi\u00f3n en I+D cada a\u00f1o y mejoramos continuamente la eficiencia operativa para ofrecer mejores servicios a nuestros clientes cooperativos.<br \/>\nLos caudal\u00edmetros son adecuados para una amplia gama de industrias, como las del petr\u00f3leo y el gas, el agua y las aguas residuales, el procesamiento qu\u00edmico, la alimentaci\u00f3n y las bebidas, la industria farmac\u00e9utica, la generaci\u00f3n de energ\u00eda y la calefacci\u00f3n, ventilaci\u00f3n y aire acondicionado.<\/p>\n<\/div>\n<div id=\"07\">\n<p><strong>7.\u00bfCu\u00e1l es la diferencia entre el medidor de flujo de ox\u00edgeno pedi\u00e1trico grupo SUYI vs medidor de flujo de ox\u00edgeno pedi\u00e1trico Siemens vs medidor de flujo de ox\u00edgeno pedi\u00e1trico GE<\/strong><\/p>\n<p>Los caudal\u00edmetros del Grupo SUYI se utilizan normalmente para medir el caudal de l\u00edquidos, gases y vapor. Est\u00e1n dise\u00f1ados para ser precisos, fiables y f\u00e1ciles de instalar y mantener. Los caudal\u00edmetros SUYI est\u00e1n disponibles en una gran variedad de tama\u00f1os y materiales, y pueden utilizarse en una gran variedad de aplicaciones.<\/p>\n<p>Los caudal\u00edmetros de Siemens est\u00e1n dise\u00f1ados para medir el caudal de l\u00edquidos, gases y vapor. Est\u00e1n dise\u00f1ados para ser precisos, fiables y f\u00e1ciles de instalar y mantener. Los caudal\u00edmetros Siemens est\u00e1n disponibles en distintos tama\u00f1os y materiales, y pueden utilizarse en una gran variedad de aplicaciones.<\/p>\n<p>Los caudal\u00edmetros de GE est\u00e1n dise\u00f1ados para medir el caudal de l\u00edquidos, gases y vapor. Est\u00e1n dise\u00f1ados para ser precisos, fiables y f\u00e1ciles de instalar y mantener. Los caudal\u00edmetros de GE est\u00e1n disponibles en diversos tama\u00f1os y materiales, y pueden utilizarse en una gran variedad de aplicaciones. Tambi\u00e9n ofrecen una amplia gama de caracter\u00edsticas, como pantallas digitales, alarmas y capacidades de registro de datos.<\/p>\n<\/div>\n<div id=\"08\">\n<p><strong>8.Acerca de los servicios de personalizaci\u00f3n del medidor de flujo de ox\u00edgeno pedi\u00e1trico<\/strong><\/p>\n<p>Los servicios de personalizaci\u00f3n de caudal\u00edmetros est\u00e1n dise\u00f1ados para ofrecer a los clientes una soluci\u00f3n a medida para sus necesidades espec\u00edficas de medici\u00f3n de caudal. Estos servicios pueden incluir la personalizaci\u00f3n del caudal\u00edmetro para adaptarlo a una aplicaci\u00f3n concreta, como un tama\u00f1o de tuber\u00eda o un caudal espec\u00edficos, o para cumplir un determinado requisito de precisi\u00f3n. Los servicios de personalizaci\u00f3n tambi\u00e9n pueden incluir la modificaci\u00f3n del caudal\u00edmetro para incluir funciones adicionales, como una pantalla o capacidades de registro de datos. Los servicios de personalizaci\u00f3n de caudal\u00edmetros tambi\u00e9n pueden incluir la instalaci\u00f3n del caudal\u00edmetro, as\u00ed como la prestaci\u00f3n de asistencia t\u00e9cnica y mantenimiento.<\/p>\n<p><img style=\"max-width: 100%;\" title=\"Acerca de los servicios de personalizaci\u00f3n del medidor de flujo de ox\u00edgeno pedi\u00e1trico\" src=\"https:\/\/www.hginstrument.com\/wp-content\/uploads\/2021\/07\/nozzle-1.jpg\" alt=\"Acerca de los servicios de personalizaci\u00f3n del medidor de flujo de ox\u00edgeno pedi\u00e1trico\" \/><\/p>\n<\/div>\n<div id=\"09\">\n<p><strong>9.Acerca del sistema de adquisici\u00f3n de materias primas para el medidor de flujo de ox\u00edgeno pedi\u00e1trico<\/strong><\/p>\n<p>Un sistema de adquisici\u00f3n de materias primas para caudal\u00edmetros es una soluci\u00f3n de software dise\u00f1ada para agilizar el proceso de compra de materias primas para la producci\u00f3n de caudal\u00edmetros. El sistema permite a los usuarios buscar y comprar de forma r\u00e1pida y sencilla los componentes necesarios para la producci\u00f3n de caudal\u00edmetros. Tambi\u00e9n proporciona informaci\u00f3n detallada sobre los componentes, incluidos precios, disponibilidad y plazos de entrega. El sistema tambi\u00e9n permite a los usuarios hacer un seguimiento de sus pedidos y gestionar su inventario. Esto ayuda a garantizar que los componentes adecuados est\u00e9n siempre disponibles cuando se necesiten.<\/p>\n<\/div>\n<div id=\"010\">\n<p><strong>10.Acerca de la garant\u00eda del medidor de flujo de ox\u00edgeno pedi\u00e1trico<\/strong><\/p>\n<p>Las garant\u00edas de los caudal\u00edmetros var\u00edan en funci\u00f3n del fabricante y del tipo de caudal\u00edmetro. Por lo general, las garant\u00edas cubren los defectos de materiales y mano de obra, y tambi\u00e9n pueden cubrir ciertos tipos de da\u00f1os causados por el uso normal. Algunas garant\u00edas tambi\u00e9n pueden cubrir los da\u00f1os causados por una instalaci\u00f3n o un uso inadecuados. Es importante leer la informaci\u00f3n sobre la garant\u00eda proporcionada por el fabricante para comprender la cobertura espec\u00edfica y las limitaciones de la garant\u00eda.<\/p>\n<\/div>\n<div id=\"11\">\n<p><strong>11.\u00bfCu\u00e1l es el rango de presi\u00f3n aplicable del medidor de flujo de ox\u00edgeno pedi\u00e1trico?<\/strong><\/p>\n<p>Nuestros productos y servicios cubren una amplia gama de \u00e1mbitos y satisfacen las necesidades de diferentes campos.<br \/>\nEl rango de presi\u00f3n aplicable de un caudal\u00edmetro depende del tipo de caudal\u00edmetro que se utilice. Por lo general, los caudal\u00edmetros pueden medir presiones que oscilan entre 0,1 bar y 1.000 bar.<\/p>\n<\/div>\n<div id=\"12\">\n<p><strong>12.\u00bfC\u00f3mo se conecta el medidor de flujo de ox\u00edgeno pedi\u00e1trico con otros dispositivos y transmite los datos?<\/strong><\/p>\n<p>El medidor de flujo de ox\u00edgeno pedi\u00e1trico no es s\u00f3lo un producto, sino que tambi\u00e9n puede ayudarle a ganar dinero.<br \/>\nLos caudal\u00edmetros pueden conectarse con otros dispositivos y transmitir datos a trav\u00e9s de diversos m\u00e9todos, como conexiones por cable, conexiones inal\u00e1mbricas y protocolos de comunicaci\u00f3n serie. Las conexiones por cable pueden incluir RS-232, RS-485 y USB. Las conexiones inal\u00e1mbricas pueden incluir Bluetooth, Wi-Fi y redes celulares. Los protocolos de comunicaci\u00f3n serie pueden incluir Modbus, HART y Profibus.<\/p>\n<p><img style=\"max-width: 100%;\" title=\"\u00bfC\u00f3mo se conecta el medidor de flujo de ox\u00edgeno pedi\u00e1trico con otros dispositivos y c\u00f3mo transmite los datos?\" src=\"https:\/\/www.hginstrument.com\/wp-content\/uploads\/2021\/07\/hgtf-6.jpg\" alt=\"\u00bfC\u00f3mo se conecta el medidor de flujo de ox\u00edgeno pedi\u00e1trico con otros dispositivos y c\u00f3mo transmite los datos?\" \/><\/p>\n<\/div>\n<div id=\"13\">\n<p><strong>13.Acerca de la formaci\u00f3n en producci\u00f3n de medidores de flujo de ox\u00edgeno pedi\u00e1trico<\/strong><\/p>\n<p>La formaci\u00f3n en t\u00e9cnicas de producci\u00f3n de caudal\u00edmetros est\u00e1 dise\u00f1ada para ense\u00f1ar a t\u00e9cnicos e ingenieros los conocimientos necesarios para producir y mantener caudal\u00edmetros. La formaci\u00f3n abarca temas como los principios de la medici\u00f3n de caudal, los tipos de caudal\u00edmetros disponibles, la instalaci\u00f3n y el mantenimiento de los caudal\u00edmetros y las t\u00e9cnicas de resoluci\u00f3n de problemas. La formaci\u00f3n tambi\u00e9n abarca el uso de programas inform\u00e1ticos para analizar e interpretar los datos de caudal. La formaci\u00f3n suele impartirse en un aula y puede incluir actividades pr\u00e1cticas.<\/p>\n<\/div>\n<div id=\"14\">\n<p><strong>14.Acerca del m\u00e9todo de pago del medidor de flujo de ox\u00edgeno pedi\u00e1trico<\/strong><\/p>\n<p>El pago con caudal\u00edmetro es un m\u00e9todo de pago que utiliza un caudal\u00edmetro para medir la cantidad de energ\u00eda utilizada por un cliente. El cliente paga por la energ\u00eda utilizada en funci\u00f3n de la cantidad de energ\u00eda medida por el caudal\u00edmetro. Este m\u00e9todo de pago se utiliza a menudo en entornos comerciales e industriales, donde el consumo de energ\u00eda es elevado y debe controlarse con precisi\u00f3n. El pago con caudal\u00edmetro tambi\u00e9n se utiliza en algunos entornos residenciales, donde los clientes pueden pagar por su consumo de energ\u00eda en funci\u00f3n de la cantidad de energ\u00eda que utilizan.<\/p>\n<\/div>\n<p>&nbsp;<\/p>\n<p>Etiqueta\uff1a<a href=\"\/es\/magnetic-flow-meter\/turbo-flow-meter\/\">turbo caudal\u00edmetro<\/a>,<a href=\"\/es\/magnetic-flow-meter\/chemical-feed-flow-meter\/\">caudal\u00edmetro de alimentaci\u00f3n qu\u00edmica<\/a>,<a href=\"\/es\/magnetic-flow-meter\/abb-mag-flow-meter\/\">caudal\u00edmetro abb mag<\/a><\/p>\n<p>&nbsp;<\/p>","protected":false},"excerpt":{"rendered":"<p><strong>Datos t\u00e9cnicos<\/strong><br \/>\nPuede servir para fluidos l\u00edquidos o gaseosos, normalmente se utiliza para medir el caudal de vapor, aire y gas natural.<br \/>\nTama\u00f1o del contador: Tipo en l\u00ednea: DN25 - DN300<br \/>\nOpci\u00f3n de material mojado: SS304, SS316<br \/>\nTemperatura de funcionamiento: \u2264250\u2103<br \/>\nConexi\u00f3n a proceso: Wafer \/ Brida \/ Tri-clamp para tipo en l\u00ednea<br \/>\nPrecisi\u00f3n de medici\u00f3n: 1,0 % - 1,5% del intervalo de calibraci\u00f3n<br \/>\nIndicador digital: muestra el caudal instant\u00e1neo y el caudal total<br \/>\nAlimentaci\u00f3n: 24VDC, Salida: 4-20mA<\/p>\n<p><strong>caracter\u00edsticas<\/strong><br \/>\n1.Puntos de consigna ON\/OFF ajustables<br \/>\n2.Modo de alarma de caudal alto o bajo<br \/>\n3.Tiempo de retardo ajustable<br \/>\n4.LED de estado del rel\u00e9<\/p>","protected":false},"featured_media":3691,"comment_status":"closed","ping_status":"closed","template":"","meta":[],"product_cat":[2372],"product_tag":[],"acf":[],"_links":{"self":[{"href":"https:\/\/www.hginstrument.com\/es\/wp-json\/wp\/v2\/product\/5768"}],"collection":[{"href":"https:\/\/www.hginstrument.com\/es\/wp-json\/wp\/v2\/product"}],"about":[{"href":"https:\/\/www.hginstrument.com\/es\/wp-json\/wp\/v2\/types\/product"}],"replies":[{"embeddable":true,"href":"https:\/\/www.hginstrument.com\/es\/wp-json\/wp\/v2\/comments?post=5768"}],"wp:featuredmedia":[{"embeddable":true,"href":"https:\/\/www.hginstrument.com\/es\/wp-json\/wp\/v2\/media\/3691"}],"wp:attachment":[{"href":"https:\/\/www.hginstrument.com\/es\/wp-json\/wp\/v2\/media?parent=5768"}],"wp:term":[{"taxonomy":"product_cat","embeddable":true,"href":"https:\/\/www.hginstrument.com\/es\/wp-json\/wp\/v2\/product_cat?post=5768"},{"taxonomy":"product_tag","embeddable":true,"href":"https:\/\/www.hginstrument.com\/es\/wp-json\/wp\/v2\/product_tag?post=5768"}],"curies":[{"name":"wp","href":"https:\/\/api.w.org\/{rel}","templated":true}]}}