{"id":5770,"date":"2023-12-24T19:14:21","date_gmt":"2023-12-24T11:14:21","guid":{"rendered":"https:\/\/www.hginstrument.com\/?post_type=product&#038;p=5770"},"modified":"2023-12-28T11:15:54","modified_gmt":"2023-12-28T03:15:54","slug":"pediatric-peak-flow-meter","status":"publish","type":"product","link":"https:\/\/www.hginstrument.com\/es\/magnetic-flow-meter\/pediatric-peak-flow-meter\/","title":{"rendered":"medidor de flujo m\u00e1ximo pedi\u00e1trico"},"content":{"rendered":"<p>El caudal\u00edmetro de pico pedi\u00e1trico es un dispositivo de medici\u00f3n de caudal muy avanzado y personalizable dise\u00f1ado para una amplia gama de aplicaciones industriales y comerciales. Este dispositivo utiliza tecnolog\u00eda de vanguardia, incluidos sensores de precisi\u00f3n y algoritmos avanzados, para medir y controlar con precisi\u00f3n los caudales de diversos l\u00edquidos y gases.<\/p>\n<p>El medidor de flujo m\u00e1ximo pedi\u00e1trico est\u00e1 equipado con una pantalla digital que facilita la lectura e interpretaci\u00f3n de la velocidad de flujo en varias unidades. Su interfaz de f\u00e1cil manejo permite realizar calibraciones y ajustes de forma r\u00e1pida y sencilla.<\/p>\n<p>Adem\u00e1s, el medidor de flujo m\u00e1ximo pedi\u00e1trico ofrece varios modelos para diferentes aplicaciones, como la dispersi\u00f3n electromagn\u00e9tica, ultras\u00f3nica y t\u00e9rmica. Cada modelo est\u00e1 dise\u00f1ado con caracter\u00edsticas espec\u00edficas para atender las necesidades \u00fanicas de sus usuarios.<\/p>\n<table class=\"table table-bordered\">\n<tbody>\n<tr>\n<td><span style=\"vertical-align: inherit;\"><span style=\"vertical-align: inherit;\">Tipo\uff1a<\/span><\/span><\/td>\n<td><span style=\"vertical-align: inherit;\">medidor de flujo m\u00e1ximo pedi\u00e1trico<\/span><\/td>\n<td><span style=\"vertical-align: inherit;\"><span style=\"vertical-align: inherit;\">Se\u00f1al de salida\uff1a<\/span><\/span><\/td>\n<td><span style=\"vertical-align: inherit;\"><span style=\"vertical-align: inherit;\">4-15mA, Pulso\/Frecuencia 2kHz(Predeterminado), 5KHz(Max)<\/span><\/span><\/td>\n<\/tr>\n<tr>\n<td><span style=\"vertical-align: inherit;\"><span style=\"vertical-align: inherit;\">Lugar de origen\uff1a<\/span><\/span><\/td>\n<td><span style=\"vertical-align: inherit;\"><span style=\"vertical-align: inherit;\">Jiangsu\uff0cChina<\/span><\/span><\/td>\n<td><span style=\"vertical-align: inherit;\"><span style=\"vertical-align: inherit;\">Incorporar tipo\uff1a<\/span><\/span><\/td>\n<td><span style=\"vertical-align: inherit;\"><span style=\"vertical-align: inherit;\">-10\u2103- +50\u2103<\/span><\/span><\/td>\n<\/tr>\n<tr>\n<td><span style=\"vertical-align: inherit;\"><span style=\"vertical-align: inherit;\">Garant\u00eda\uff1a<\/span><\/span><\/td>\n<td><span style=\"vertical-align: inherit;\"><span style=\"vertical-align: inherit;\">20 meses<\/span><\/span><\/td>\n<td><span style=\"vertical-align: inherit;\"><span style=\"vertical-align: inherit;\">Tensi\u00f3n de alimentaci\u00f3n\uff1a<\/span><\/span><\/td>\n<td><span style=\"vertical-align: inherit;\"><span style=\"vertical-align: inherit;\">110\/220VAC (100-240VAC), 50Hz\/60Hz; 24VDC\u00b110%<\/span><\/span><\/td>\n<\/tr>\n<tr>\n<td><span style=\"vertical-align: inherit;\"><span style=\"vertical-align: inherit;\">Asistencia personalizada\uff1a<\/span><\/span><\/td>\n<td><span style=\"vertical-align: inherit;\"><span style=\"vertical-align: inherit;\">OEM, ODM, OBM<\/span><\/span><\/td>\n<td><span style=\"vertical-align: inherit;\"><span style=\"vertical-align: inherit;\">Comunicaci\u00f3n digital\uff1a<\/span><\/span><\/td>\n<td><span style=\"vertical-align: inherit;\"><span style=\"vertical-align: inherit;\">RS-485, compatible con el protocolo est\u00e1ndar Mudbugs-RTU; GPRS<\/span><\/span><\/td>\n<\/tr>\n<tr>\n<td><span style=\"vertical-align: inherit;\"><span style=\"vertical-align: inherit;\">Marca\uff1a<\/span><\/span><\/td>\n<td><span style=\"vertical-align: inherit;\"><span style=\"vertical-align: inherit;\">GRUPO SUYI<\/span><\/span><\/td>\n<td><span style=\"vertical-align: inherit;\"><span style=\"vertical-align: inherit;\">Presi\u00f3n nominal\uff1a<\/span><\/span><\/td>\n<td><span style=\"vertical-align: inherit;\"><span style=\"vertical-align: inherit;\">1MPa (DN15-DN800), 1,6MPa(DN15-DN800), 2,5MPa(DN15-DN600)<\/span><\/span><\/td>\n<\/tr>\n<tr>\n<td><span style=\"vertical-align: inherit;\"><span style=\"vertical-align: inherit;\">N\u00famero de modelo\uff1a<\/span><\/span><\/td>\n<td><span style=\"vertical-align: inherit;\"><span style=\"vertical-align: inherit;\">otros<\/span><\/span><\/td>\n<td><span style=\"vertical-align: inherit;\"><span style=\"vertical-align: inherit;\">Sensor\uff1a<\/span><\/span><\/td>\n<td><span style=\"vertical-align: inherit;\"><span style=\"vertical-align: inherit;\">0\u2103- +80\u2103 o -25\u2103- +120\u2103 o +70\u2103- +250\u2103<\/span><\/span><\/td>\n<\/tr>\n<tr>\n<td><span style=\"vertical-align: inherit;\"><span style=\"vertical-align: inherit;\">Nombre del producto\uff1a<\/span><\/span><\/td>\n<td><span style=\"vertical-align: inherit;\"><span style=\"vertical-align: inherit;\">Medidor de caudal de agua qu\u00edmico digital inteligente electromagn\u00e9tico<\/span><\/span><\/td>\n<td><span style=\"vertical-align: inherit;\"><span style=\"vertical-align: inherit;\">Detalles del embalaje\uff1a<\/span><\/span><\/td>\n<td><span style=\"vertical-align: inherit;\"><span style=\"vertical-align: inherit;\">1 Juego por paquete o seg\u00fan pedido del cliente<\/span><\/span><\/td>\n<\/tr>\n<tr>\n<td><span style=\"vertical-align: inherit;\"><span style=\"vertical-align: inherit;\">Di\u00e1metro nominal\uff1a<\/span><\/span><\/td>\n<td><span style=\"vertical-align: inherit;\"><span style=\"vertical-align: inherit;\">3-2593mm<\/span><\/span><\/td>\n<td><span style=\"vertical-align: inherit;\"><span style=\"vertical-align: inherit;\">Capacidad de suministro\uff1a<\/span><\/span><\/td>\n<td><span style=\"vertical-align: inherit;\"><span style=\"vertical-align: inherit;\">2047 juegos\/juegos al mes<\/span><\/span><\/td>\n<\/tr>\n<tr>\n<td><span style=\"vertical-align: inherit;\"><span style=\"vertical-align: inherit;\">rango de velocidad\uff1a<\/span><\/span><\/td>\n<td><span style=\"vertical-align: inherit;\"><span style=\"vertical-align: inherit;\">0-9m\/s<\/span><\/span><\/td>\n<td><span style=\"vertical-align: inherit;\"><span style=\"vertical-align: inherit;\">Cantidad (juegos)\uff1a<\/span><\/span><\/td>\n<td><span style=\"vertical-align: inherit;\"><span style=\"vertical-align: inherit;\">&gt; 30<\/span><\/span><\/td>\n<\/tr>\n<tr>\n<td><span style=\"vertical-align: inherit;\"><span style=\"vertical-align: inherit;\">Grado de precisi\u00f3n\uff1a<\/span><\/span><\/td>\n<td><span style=\"vertical-align: inherit;\"><span style=\"vertical-align: inherit;\">\u00b10,5%R, \u00b11%R ( &lt; DN20)<\/span><\/span><\/td>\n<td><span style=\"vertical-align: inherit;\"><span style=\"vertical-align: inherit;\">Plazo de entrega (d\u00edas)\uff1a<\/span><\/span><\/td>\n<td><span style=\"vertical-align: inherit;\"><span style=\"vertical-align: inherit;\">A negociar<\/span><\/span><\/td>\n<\/tr>\n<\/tbody>\n<\/table>\n<p>&nbsp;<\/p>\n<p>&nbsp;<\/p>\n<p style=\"text-align: center;\"><img title=\"medidor de flujo m\u00e1ximo pedi\u00e1trico\" src=\"https:\/\/www.hginstrument.com\/wp-content\/uploads\/2021\/07\/in-line-pipeline-type-hgd-electromagnetic-flow-meter.jpg\" \/><\/p>\n<p>&nbsp;<\/p>\n<p>&nbsp;<\/p>\n<p style=\"text-align: center;\"><img title=\"medidor de flujo m\u00e1ximo pedi\u00e1trico\" src=\"https:\/\/www.hginstrument.com\/wp-content\/uploads\/2021\/07\/insertion-01.jpg\" \/><\/p>\n<p>&nbsp;<\/p>\n<p>&nbsp;<\/p>\n<p style=\"text-align: center;\"><img title=\"medidor de flujo m\u00e1ximo pedi\u00e1trico\" src=\"https:\/\/www.hginstrument.com\/wp-content\/uploads\/2021\/07\/sanitary-mag-1.jpg\" \/><\/p>\n<p><strong>Gu\u00eda de preguntas frecuentes sobre el medidor de flujo m\u00e1ximo pedi\u00e1trico.<\/strong><\/p>\n<p>En el coraz\u00f3n de nuestra serie de medidores pedi\u00e1tricos de flujo m\u00e1ximo se encuentra un compromiso con la excelencia, que combina una avanzada tecnolog\u00eda de sensores con interfaces f\u00e1ciles de usar. Desde l\u00edquidos hasta gases, nuestros medidores ofrecen una precisi\u00f3n inigualable, lo que le permite tomar decisiones informadas y agilizar las operaciones. A medida que iniciamos una nueva era en la medici\u00f3n de fluidos, le invitamos a explorar las posibilidades ilimitadas que abren nuestros medidores de flujo m\u00e1ximo pedi\u00e1tricos, donde la precisi\u00f3n se une al rendimiento y la innovaci\u00f3n fluye a la perfecci\u00f3n.<\/p>\n<div style=\"border: 3px solid #f89900; margin: 20px 0; padding: 20px;\"><a href=\"\/es\/pediatric-peak-flow-meter\/#01\">1.\u00bfCu\u00e1l es el rango de medici\u00f3n del medidor de flujo m\u00e1ximo pedi\u00e1trico?<\/a><br \/>\n<a href=\"\/es\/pediatric-peak-flow-meter\/#02\">2.Acerca de las materias primas del medidor de flujo m\u00e1ximo pedi\u00e1trico<\/a><br \/>\n<a href=\"\/es\/pediatric-peak-flow-meter\/#03\">3.Acerca del sistema de adquisici\u00f3n de materias primas para el medidor de flujo m\u00e1ximo pedi\u00e1trico<\/a><br \/>\n<a href=\"\/es\/pediatric-peak-flow-meter\/#04\">4.\u00bfEs anticorrosivo el medidor de flujo m\u00e1ximo pedi\u00e1trico?<\/a><br \/>\n<a href=\"\/es\/pediatric-peak-flow-meter\/#05\">5.\u00bfCu\u00e1les son los fallos m\u00e1s comunes y las soluciones de los medidores pedi\u00e1tricos de flujo m\u00e1ximo?<\/a><br \/>\n<a href=\"\/es\/pediatric-peak-flow-meter\/#06\">6.\u00bfCu\u00e1l es la diferencia entre el medidor de flujo m\u00e1ximo pedi\u00e1trico SUYI group vs medidor de flujo m\u00e1ximo pedi\u00e1trico Yokogawa vs medidor de flujo m\u00e1ximo pedi\u00e1trico ABB<\/a><br \/>\n<a href=\"\/es\/pediatric-peak-flow-meter\/#07\">7.\u00bfCu\u00e1l es el peso y las dimensiones del medidor de flujo m\u00e1ximo pedi\u00e1trico?<\/a><br \/>\n<a href=\"\/es\/pediatric-peak-flow-meter\/#08\">8.\u00bfTiene el medidor de flujo m\u00e1ximo pedi\u00e1trico capacidad de visualizaci\u00f3n en varios idiomas?<\/a><br \/>\n<a href=\"\/es\/pediatric-peak-flow-meter\/#09\">9.\u00bfC\u00f3mo calibrar un medidor de flujo m\u00e1ximo pedi\u00e1trico?<\/a><br \/>\n<a href=\"\/es\/pediatric-peak-flow-meter\/#010\">10.Acerca de las capacidades de I+D en medidores de flujo m\u00e1ximo pedi\u00e1tricos<\/a><br \/>\n<a href=\"\/es\/pediatric-peak-flow-meter\/#11\">11.\u00bfTiene el medidor de flujo m\u00e1ximo pedi\u00e1trico capacidad de control remoto?<\/a><br \/>\n<a href=\"\/es\/pediatric-peak-flow-meter\/#12\">12.\u00bfCu\u00e1l es la diferencia entre el medidor de flujo m\u00e1ximo pedi\u00e1trico SUYI group vs medidor de flujo m\u00e1ximo pedi\u00e1trico Emerson vs medidor de flujo m\u00e1ximo pedi\u00e1trico Honeywell<\/a><br \/>\n<a href=\"\/es\/pediatric-peak-flow-meter\/#13\">13.\u00bfCu\u00e1l es el intervalo de presi\u00f3n aplicable del medidor de flujo m\u00e1ximo pedi\u00e1trico?<\/a><\/div>\n<div id=\"01\">\n<p><strong>1.\u00bfCu\u00e1l es el rango de medici\u00f3n del medidor de flujo m\u00e1ximo pedi\u00e1trico?<\/strong><\/p>\n<p>Actualizamos continuamente nuestras competencias y conocimientos para adaptarnos a las cambiantes necesidades del mercado de caudal\u00edmetros de pico pedi\u00e1tricos.<br \/>\nEl rango de medici\u00f3n de un caudal\u00edmetro depende del tipo de caudal\u00edmetro que se utilice. Por lo general, el rango de medici\u00f3n de un caudal\u00edmetro puede oscilar entre 0,01 y 1.000 litros por minuto.<\/p>\n<\/div>\n<div id=\"02\">\n<p><strong>2.Acerca de las materias primas del medidor de flujo m\u00e1ximo pedi\u00e1trico<\/strong><\/p>\n<p>Las materias primas de los caudal\u00edmetros suelen estar hechas de una variedad de metales, pl\u00e1sticos y compuestos. Entre los materiales m\u00e1s comunes utilizados en los caudal\u00edmetros se encuentran el acero inoxidable, el lat\u00f3n, el aluminio, el cloruro de polivinilo (PVC), el polipropileno (PP) y el politetrafluoroetileno (PTFE). El material utilizado en un caudal\u00edmetro depende de la aplicaci\u00f3n y del tipo de fluido que se mida. Por ejemplo, el acero inoxidable suele utilizarse para medir fluidos corrosivos, mientras que el PVC suele emplearse para medir agua.<\/p>\n<p><img style=\"max-width: 100%;\" title=\"Acerca de las materias primas del medidor de flujo m\u00e1ximo pedi\u00e1trico\" src=\"https:\/\/www.hginstrument.com\/wp-content\/uploads\/2021\/07\/hgdu600-p-1.jpg\" alt=\"Acerca de las materias primas del medidor de flujo m\u00e1ximo pedi\u00e1trico\" \/><\/p>\n<\/div>\n<div id=\"03\">\n<p><strong>3.Acerca del sistema de adquisici\u00f3n de materias primas para el medidor de flujo m\u00e1ximo pedi\u00e1trico<\/strong><\/p>\n<p>Un sistema de adquisici\u00f3n de materias primas para caudal\u00edmetros es una soluci\u00f3n de software dise\u00f1ada para agilizar el proceso de compra de materias primas para la producci\u00f3n de caudal\u00edmetros. El sistema permite a los usuarios buscar y comprar de forma r\u00e1pida y sencilla los componentes necesarios para la producci\u00f3n de caudal\u00edmetros. Tambi\u00e9n proporciona informaci\u00f3n detallada sobre los componentes, incluidos precios, disponibilidad y plazos de entrega. El sistema tambi\u00e9n permite a los usuarios hacer un seguimiento de sus pedidos y gestionar su inventario. Esto ayuda a garantizar que los componentes adecuados est\u00e9n siempre disponibles cuando se necesiten.<\/p>\n<\/div>\n<div id=\"04\">\n<p><strong>4.\u00bfEs anticorrosivo el medidor de flujo m\u00e1ximo pedi\u00e1trico?<\/strong><\/p>\n<p>Hemos establecido una buena reputaci\u00f3n y asociaciones fiables en el sector de los medidores de flujo m\u00e1ximo pedi\u00e1tricos.<br \/>\nS\u00ed, la mayor\u00eda de los caudal\u00edmetros est\u00e1n dise\u00f1ados para ser resistentes a la corrosi\u00f3n. Sin embargo, el tipo espec\u00edfico de caudal\u00edmetro y el entorno en el que se utilice determinar\u00e1n el grado de resistencia a la corrosi\u00f3n.<\/p>\n<p><img style=\"max-width: 100%;\" title=\"\u00bfEs anticorrosivo el medidor de flujo m\u00e1ximo pedi\u00e1trico?\" src=\"https:\/\/www.hginstrument.com\/wp-content\/uploads\/2021\/07\/wedge-1.jpg\" alt=\"\u00bfEs anticorrosivo el medidor de flujo m\u00e1ximo pedi\u00e1trico?\" \/><\/p>\n<\/div>\n<div id=\"05\">\n<p><strong>5.\u00bfCu\u00e1les son los fallos m\u00e1s comunes y las soluciones de los medidores pedi\u00e1tricos de flujo m\u00e1ximo?<\/strong><\/p>\n<p>Mantenemos una cierta inversi\u00f3n en I+D cada a\u00f1o y mejoramos continuamente la eficiencia operativa para ofrecer mejores servicios a nuestros clientes cooperativos.<br \/>\nEntre las aver\u00edas y soluciones m\u00e1s comunes de los caudal\u00edmetros se incluyen:<\/p>\n<p>1. Baja precisi\u00f3n: Suele deberse a una instalaci\u00f3n incorrecta o a una calibraci\u00f3n incorrecta. Para solucionarlo, compruebe la instalaci\u00f3n y la calibraci\u00f3n del caudal\u00edmetro y aseg\u00farese de que son correctas.<\/p>\n<p>2. Fugas: Suele deberse a una junta desgastada o da\u00f1ada. Para solucionarlo, sustituye la junta por una nueva.<\/p>\n<p>3. Obstrucci\u00f3n: Suele estar causado por residuos u otras part\u00edculas que obstruyen el caudal\u00edmetro. Para solucionarlo, limpie el caudal\u00edmetro y elimine cualquier resto o part\u00edcula.<\/p>\n<p>4. 4. Corrosi\u00f3n: Suele deberse a la exposici\u00f3n a l\u00edquidos o gases corrosivos. Para solucionarlo, sustituya cualquier pieza corro\u00edda y utilice un material resistente a la corrosi\u00f3n para el caudal\u00edmetro.<\/p>\n<\/div>\n<div id=\"06\">\n<p><strong>6.\u00bfCu\u00e1l es la diferencia entre el medidor de flujo m\u00e1ximo pedi\u00e1trico SUYI group vs medidor de flujo m\u00e1ximo pedi\u00e1trico Yokogawa vs medidor de flujo m\u00e1ximo pedi\u00e1trico ABB<\/strong><\/p>\n<p>Los caudal\u00edmetros de SUYI Group, Yokogawa y ABB miden el caudal de un fluido, pero difieren en t\u00e9rminos de precisi\u00f3n, caracter\u00edsticas y coste. Los caudal\u00edmetros de SUYI Group suelen ser m\u00e1s asequibles que los de Yokogawa y ABB, pero es posible que no tengan tantas funciones ni una precisi\u00f3n tan alta. Los medidores de flujo de Yokogawa son conocidos por su precisi\u00f3n y confiabilidad, pero tienden a ser m\u00e1s caros que los de SUYI Group y ABB. Los caudal\u00edmetros ABB son conocidos por su robustez y durabilidad, pero tambi\u00e9n son m\u00e1s caros que las otras dos marcas.<\/p>\n<p><img style=\"max-width: 100%;\" title=\"\u00bfCu\u00e1l es la diferencia entre el medidor de flujo espiratorio pedi\u00e1trico SUYI group y el medidor de flujo espiratorio pedi\u00e1trico Yokogawa y el medidor de flujo espiratorio pedi\u00e1trico ABB?\" src=\"https:\/\/www.hginstrument.com\/wp-content\/uploads\/2021\/07\/ltb-1.jpg\" alt=\"\u00bfCu\u00e1l es la diferencia entre el medidor de flujo espiratorio pedi\u00e1trico SUYI group y el medidor de flujo espiratorio pedi\u00e1trico Yokogawa y el medidor de flujo espiratorio pedi\u00e1trico ABB?\" \/><\/p>\n<\/div>\n<div id=\"07\">\n<p><strong>7.\u00bfCu\u00e1l es el peso y las dimensiones del medidor de flujo m\u00e1ximo pedi\u00e1trico?<\/strong><\/p>\n<p>Nuestros productos y servicios cubren una amplia gama de \u00e1mbitos y satisfacen las necesidades de diferentes campos.<br \/>\nEl peso y las dimensiones del caudal\u00edmetro dependen del modelo espec\u00edfico y del fabricante. Por lo general, el tama\u00f1o de los caudal\u00edmetros oscila entre peque\u00f1os dispositivos manuales y grandes unidades industriales. El peso de un caudal\u00edmetro puede oscilar entre unas pocas onzas y varios cientos de libras.<\/p>\n<\/div>\n<div id=\"08\">\n<p><strong>8.\u00bfTiene el medidor de flujo m\u00e1ximo pedi\u00e1trico capacidad de visualizaci\u00f3n en varios idiomas?<\/strong><\/p>\n<p>Como uno de los principales fabricantes de medidores pedi\u00e1tricos de flujo m\u00e1ximo de China, nos tomamos esto muy en serio.<br \/>\nS\u00ed, algunos caudal\u00edmetros disponen de pantalla multiling\u00fce. Sin embargo, esta funci\u00f3n no est\u00e1 disponible en todos los modelos. Lo mejor es comprobar con el fabricante si el modelo espec\u00edfico que le interesa dispone de esta funci\u00f3n.<\/p>\n<p><img style=\"max-width: 100%;\" title=\"\u00bfDispone el medidor de flujo m\u00e1ximo pedi\u00e1trico de pantalla multiling\u00fce?\" src=\"https:\/\/www.hginstrument.com\/wp-content\/uploads\/2021\/07\/oval-gear-4.jpg\" alt=\"\u00bfDispone el medidor de flujo m\u00e1ximo pedi\u00e1trico de pantalla multiling\u00fce?\" \/><\/p>\n<\/div>\n<div id=\"09\">\n<p><strong>9.\u00bfC\u00f3mo calibrar un medidor de flujo m\u00e1ximo pedi\u00e1trico?<\/strong><\/p>\n<p>Siendo uno de los principales fabricantes de medidores pedi\u00e1tricos de flujo m\u00e1ximo en China, damos gran importancia a este detalle.<br \/>\n1. Consulte las instrucciones del fabricante del caudal\u00edmetro espec\u00edfico que est\u00e9 utilizando.<\/p>\n<p>2. Aseg\u00farese de que el caudal\u00edmetro est\u00e1 instalado correctamente y de que todas las conexiones son seguras.<\/p>\n<p>3. Conecte el caudal\u00edmetro a un dispositivo de calibraci\u00f3n, como un dispositivo de calibraci\u00f3n de caudal o un bucle de calibraci\u00f3n de caudal.<\/p>\n<p>4. Ajuste el dispositivo de calibraci\u00f3n al caudal deseado.<\/p>\n<p>5. Encienda el caudal\u00edmetro y d\u00e9jelo funcionar durante unos minutos para asegurarse de que est\u00e1 estable.<\/p>\n<p>6. Compruebe la lectura del caudal\u00edmetro con la lectura del dispositivo de calibraci\u00f3n.<\/p>\n<p>7. Ajuste la configuraci\u00f3n del caudal\u00edmetro seg\u00fan sea necesario para que coincida con la lectura del dispositivo de calibraci\u00f3n.<\/p>\n<p>8. Repita los pasos 4-7 hasta que la lectura del caudal\u00edmetro coincida con la lectura del dispositivo de calibraci\u00f3n.<\/p>\n<p>9. Anote los ajustes del caudal\u00edmetro y la lectura del dispositivo de calibraci\u00f3n para futuras consultas.<\/p>\n<\/div>\n<div id=\"010\">\n<p><strong>10.Acerca de las capacidades de I+D en medidores de flujo m\u00e1ximo pedi\u00e1tricos<\/strong><\/p>\n<p>Las capacidades de I+D en caudal\u00edmetros se refieren a la capacidad de una empresa u organizaci\u00f3n para investigar, desarrollar y fabricar caudal\u00edmetros. Esto incluye la capacidad de dise\u00f1ar, probar y fabricar caudal\u00edmetros que cumplan los requisitos del cliente y las normas del sector. Tambi\u00e9n incluye la capacidad de desarrollar nuevas tecnolog\u00edas y productos para satisfacer las necesidades cambiantes de la industria. Las empresas con una s\u00f3lida capacidad de I+D pueden adelantarse a la competencia y ofrecer a sus clientes los caudal\u00edmetros m\u00e1s avanzados y fiables.<\/p>\n<p><img style=\"max-width: 100%;\" title=\"Acerca de las capacidades de I+D de los medidores de flujo m\u00e1ximo pedi\u00e1tricos\" src=\"https:\/\/www.hginstrument.com\/wp-content\/uploads\/2021\/07\/sanitary-mag-1.jpg\" alt=\"Acerca de las capacidades de I+D de los medidores de flujo m\u00e1ximo pedi\u00e1tricos\" \/><\/p>\n<\/div>\n<div id=\"11\">\n<p><strong>11.\u00bfTiene el medidor de flujo m\u00e1ximo pedi\u00e1trico capacidad de control remoto?<\/strong><\/p>\n<p>Nos centramos en las necesidades de nuestros clientes y nos esforzamos por satisfacer sus expectativas, por lo que nos lo tomamos muy en serio.<br \/>\nDepende del modelo concreto de caudal\u00edmetro. Algunos modelos pueden tener capacidad de control remoto, mientras que otros no.<\/p>\n<\/div>\n<div id=\"12\">\n<p><strong>12.\u00bfCu\u00e1l es la diferencia entre el medidor de flujo m\u00e1ximo pedi\u00e1trico SUYI group vs medidor de flujo m\u00e1ximo pedi\u00e1trico Emerson vs medidor de flujo m\u00e1ximo pedi\u00e1trico Honeywell<\/strong><\/p>\n<p>Los caudal\u00edmetros de SUYI Group, Emerson y Honeywell miden el caudal de l\u00edquidos y gases, pero difieren en t\u00e9rminos de precisi\u00f3n, caracter\u00edsticas y coste. Los caudal\u00edmetros de SUYI Group suelen ser los m\u00e1s asequibles, pero es posible que no tengan la misma precisi\u00f3n ni las mismas caracter\u00edsticas que los modelos m\u00e1s caros de Emerson y Honeywell. Los caudal\u00edmetros Emerson son conocidos por su precisi\u00f3n y fiabilidad, pero pueden ser m\u00e1s caros que los de otras marcas. Los caudal\u00edmetros Honeywell son conocidos por sus funciones avanzadas y su precisi\u00f3n, pero pueden ser los m\u00e1s caros de los tres.<\/p>\n<p><img style=\"max-width: 100%;\" title=\"\u00bfCu\u00e1l es la diferencia entre el medidor de flujo m\u00e1ximo pedi\u00e1trico SUYI group y el medidor de flujo m\u00e1ximo pedi\u00e1trico Emerson y el medidor de flujo m\u00e1ximo pedi\u00e1trico Honeywell?\" src=\"https:\/\/www.hginstrument.com\/wp-content\/uploads\/2021\/07\/dsrt-1.jpg\" alt=\"\u00bfCu\u00e1l es la diferencia entre el medidor de flujo m\u00e1ximo pedi\u00e1trico SUYI group y el medidor de flujo m\u00e1ximo pedi\u00e1trico Emerson y el medidor de flujo m\u00e1ximo pedi\u00e1trico Honeywell?\" \/><\/p>\n<\/div>\n<div id=\"13\">\n<p><strong>13.\u00bfCu\u00e1l es el intervalo de presi\u00f3n aplicable del medidor de flujo m\u00e1ximo pedi\u00e1trico?<\/strong><\/p>\n<p>Nuestros productos y servicios cubren una amplia gama de \u00e1mbitos y satisfacen las necesidades de diferentes campos.<br \/>\nEl rango de presi\u00f3n aplicable de un caudal\u00edmetro depende del tipo de caudal\u00edmetro que se utilice. Por lo general, los caudal\u00edmetros pueden medir presiones que oscilan entre 0,1 bar y 1.000 bar.<\/p>\n<\/div>\n<p>&nbsp;<\/p>\n<p>Etiqueta\uff1a<a href=\"\/es\/magnetic-flow-meter\/air-flow-meter-scfm\/\">caudal\u00edmetro de aire scfm<\/a>,<a href=\"\/es\/magnetic-flow-meter\/digital-peak-flow-meter\/\">medidor digital de flujo m\u00e1ximo<\/a>,<a href=\"\/es\/magnetic-flow-meter\/garden-hose-flow-meter\/\">caudal\u00edmetro para manguera de jard\u00edn<\/a>,<a href=\"\/es\/magnetic-flow-meter\/clamp-on-water-flow-meter\/\">caudal\u00edmetro de agua con pinza<\/a><\/p>\n<p>&nbsp;<\/p>","protected":false},"excerpt":{"rendered":"<p><strong>Datos t\u00e9cnicos<\/strong><br \/>\nPuede servir para fluidos l\u00edquidos o gaseosos, normalmente se utiliza para medir el caudal de vapor, aire y gas natural.<br \/>\nTama\u00f1o del contador: Tipo en l\u00ednea: DN25 - DN300<br \/>\nOpci\u00f3n de material mojado: SS304, SS316<br \/>\nTemperatura de funcionamiento: \u2264250\u2103<br \/>\nConexi\u00f3n a proceso: Wafer \/ Brida \/ Tri-clamp para tipo en l\u00ednea<br \/>\nPrecisi\u00f3n de medici\u00f3n: 1,0 % - 1,5% del intervalo de calibraci\u00f3n<br \/>\nIndicador digital: muestra el caudal instant\u00e1neo y el caudal total<br \/>\nAlimentaci\u00f3n: 24VDC, Salida: 4-20mA<\/p>\n<p><strong>caracter\u00edsticas<\/strong><br \/>\n1.Puntos de consigna ON\/OFF ajustables<br \/>\n2.Modo de alarma de caudal alto o bajo<br \/>\n3.Tiempo de retardo ajustable<br \/>\n4.LED de estado del rel\u00e9<\/p>","protected":false},"featured_media":3691,"comment_status":"closed","ping_status":"closed","template":"","meta":[],"product_cat":[2372],"product_tag":[],"acf":[],"_links":{"self":[{"href":"https:\/\/www.hginstrument.com\/es\/wp-json\/wp\/v2\/product\/5770"}],"collection":[{"href":"https:\/\/www.hginstrument.com\/es\/wp-json\/wp\/v2\/product"}],"about":[{"href":"https:\/\/www.hginstrument.com\/es\/wp-json\/wp\/v2\/types\/product"}],"replies":[{"embeddable":true,"href":"https:\/\/www.hginstrument.com\/es\/wp-json\/wp\/v2\/comments?post=5770"}],"wp:featuredmedia":[{"embeddable":true,"href":"https:\/\/www.hginstrument.com\/es\/wp-json\/wp\/v2\/media\/3691"}],"wp:attachment":[{"href":"https:\/\/www.hginstrument.com\/es\/wp-json\/wp\/v2\/media?parent=5770"}],"wp:term":[{"taxonomy":"product_cat","embeddable":true,"href":"https:\/\/www.hginstrument.com\/es\/wp-json\/wp\/v2\/product_cat?post=5770"},{"taxonomy":"product_tag","embeddable":true,"href":"https:\/\/www.hginstrument.com\/es\/wp-json\/wp\/v2\/product_tag?post=5770"}],"curies":[{"name":"wp","href":"https:\/\/api.w.org\/{rel}","templated":true}]}}