{"id":5772,"date":"2023-12-24T19:18:54","date_gmt":"2023-12-24T11:18:54","guid":{"rendered":"https:\/\/www.hginstrument.com\/?post_type=product&#038;p=5772"},"modified":"2023-12-28T11:14:35","modified_gmt":"2023-12-28T03:14:35","slug":"peek-flow-meter","status":"publish","type":"product","link":"https:\/\/www.hginstrument.com\/es\/magnetic-flow-meter\/peek-flow-meter\/","title":{"rendered":"peek flow meter"},"content":{"rendered":"<p>The peek flow meter is a highly reliable and accurate device used for measuring the flow of liquids and gases in various industrial and commercial applications. It is designed with advanced technology and high-quality components, making it durable and resistant to external factors such as temperature and pressure changes.<\/p>\n<p>peek flow meters are essential devices for measuring the flow rate and volume of liquids, gases, and steam in various industrial processes. They are widely used in industries such as oil and gas, water and wastewater treatment, chemical, and pharmaceutical to monitor and control the flow of fluids.<\/p>\n<table class=\"table table-bordered\">\n<tbody>\n<tr>\n<td><span style=\"vertical-align: inherit;\"><span style=\"vertical-align: inherit;\">Tipo\uff1a<\/span><\/span><\/td>\n<td><span style=\"vertical-align: inherit;\">peek flow meter<\/span><\/td>\n<td><span style=\"vertical-align: inherit;\"><span style=\"vertical-align: inherit;\">Se\u00f1al de salida\uff1a<\/span><\/span><\/td>\n<td><span style=\"vertical-align: inherit;\"><span style=\"vertical-align: inherit;\">4-19mA, Pulso\/Frecuencia 2kHz(Predeterminado), 5KHz(Max)<\/span><\/span><\/td>\n<\/tr>\n<tr>\n<td><span style=\"vertical-align: inherit;\"><span style=\"vertical-align: inherit;\">Lugar de origen\uff1a<\/span><\/span><\/td>\n<td><span style=\"vertical-align: inherit;\"><span style=\"vertical-align: inherit;\">Jiangsu\uff0cChina<\/span><\/span><\/td>\n<td><span style=\"vertical-align: inherit;\"><span style=\"vertical-align: inherit;\">Incorporar tipo\uff1a<\/span><\/span><\/td>\n<td><span style=\"vertical-align: inherit;\"><span style=\"vertical-align: inherit;\">-10\u2103- +55\u2103<\/span><\/span><\/td>\n<\/tr>\n<tr>\n<td><span style=\"vertical-align: inherit;\"><span style=\"vertical-align: inherit;\">Garant\u00eda\uff1a<\/span><\/span><\/td>\n<td><span style=\"vertical-align: inherit;\"><span style=\"vertical-align: inherit;\">27 meses<\/span><\/span><\/td>\n<td><span style=\"vertical-align: inherit;\"><span style=\"vertical-align: inherit;\">Tensi\u00f3n de alimentaci\u00f3n\uff1a<\/span><\/span><\/td>\n<td><span style=\"vertical-align: inherit;\"><span style=\"vertical-align: inherit;\">110\/220VAC (100-240VAC), 50Hz\/60Hz; 24VDC\u00b110%<\/span><\/span><\/td>\n<\/tr>\n<tr>\n<td><span style=\"vertical-align: inherit;\"><span style=\"vertical-align: inherit;\">Asistencia personalizada\uff1a<\/span><\/span><\/td>\n<td><span style=\"vertical-align: inherit;\"><span style=\"vertical-align: inherit;\">OEM, ODM, OBM<\/span><\/span><\/td>\n<td><span style=\"vertical-align: inherit;\"><span style=\"vertical-align: inherit;\">Comunicaci\u00f3n digital\uff1a<\/span><\/span><\/td>\n<td><span style=\"vertical-align: inherit;\"><span style=\"vertical-align: inherit;\">RS-485, compatible con el protocolo est\u00e1ndar Mudbugs-RTU; GPRS<\/span><\/span><\/td>\n<\/tr>\n<tr>\n<td><span style=\"vertical-align: inherit;\"><span style=\"vertical-align: inherit;\">Marca\uff1a<\/span><\/span><\/td>\n<td><span style=\"vertical-align: inherit;\"><span style=\"vertical-align: inherit;\">GRUPO SUYI<\/span><\/span><\/td>\n<td><span style=\"vertical-align: inherit;\"><span style=\"vertical-align: inherit;\">Presi\u00f3n nominal\uff1a<\/span><\/span><\/td>\n<td><span style=\"vertical-align: inherit;\"><span style=\"vertical-align: inherit;\">1MPa (DN15-DN800), 1,6MPa(DN15-DN800), 2,5MPa(DN15-DN600)<\/span><\/span><\/td>\n<\/tr>\n<tr>\n<td><span style=\"vertical-align: inherit;\"><span style=\"vertical-align: inherit;\">N\u00famero de modelo\uff1a<\/span><\/span><\/td>\n<td><span style=\"vertical-align: inherit;\"><span style=\"vertical-align: inherit;\">otros<\/span><\/span><\/td>\n<td><span style=\"vertical-align: inherit;\"><span style=\"vertical-align: inherit;\">Sensor\uff1a<\/span><\/span><\/td>\n<td><span style=\"vertical-align: inherit;\"><span style=\"vertical-align: inherit;\">0\u2103- +80\u2103 o -25\u2103- +120\u2103 o +70\u2103- +250\u2103<\/span><\/span><\/td>\n<\/tr>\n<tr>\n<td><span style=\"vertical-align: inherit;\"><span style=\"vertical-align: inherit;\">Nombre del producto\uff1a<\/span><\/span><\/td>\n<td><span style=\"vertical-align: inherit;\"><span style=\"vertical-align: inherit;\">Medidor de caudal de agua qu\u00edmico digital inteligente electromagn\u00e9tico<\/span><\/span><\/td>\n<td><span style=\"vertical-align: inherit;\"><span style=\"vertical-align: inherit;\">Detalles del embalaje\uff1a<\/span><\/span><\/td>\n<td><span style=\"vertical-align: inherit;\"><span style=\"vertical-align: inherit;\">1 Juego por paquete o seg\u00fan pedido del cliente<\/span><\/span><\/td>\n<\/tr>\n<tr>\n<td><span style=\"vertical-align: inherit;\"><span style=\"vertical-align: inherit;\">Di\u00e1metro nominal\uff1a<\/span><\/span><\/td>\n<td><span style=\"vertical-align: inherit;\"><span style=\"vertical-align: inherit;\">3-3142mm<\/span><\/span><\/td>\n<td><span style=\"vertical-align: inherit;\"><span style=\"vertical-align: inherit;\">Capacidad de suministro\uff1a<\/span><\/span><\/td>\n<td><span style=\"vertical-align: inherit;\"><span style=\"vertical-align: inherit;\">1988 Set\/Sets per Month<\/span><\/span><\/td>\n<\/tr>\n<tr>\n<td><span style=\"vertical-align: inherit;\"><span style=\"vertical-align: inherit;\">rango de velocidad\uff1a<\/span><\/span><\/td>\n<td><span style=\"vertical-align: inherit;\"><span style=\"vertical-align: inherit;\">0-8m\/s<\/span><\/span><\/td>\n<td><span style=\"vertical-align: inherit;\"><span style=\"vertical-align: inherit;\">Cantidad (juegos)\uff1a<\/span><\/span><\/td>\n<td><span style=\"vertical-align: inherit;\"><span style=\"vertical-align: inherit;\">&gt; 30<\/span><\/span><\/td>\n<\/tr>\n<tr>\n<td><span style=\"vertical-align: inherit;\"><span style=\"vertical-align: inherit;\">Grado de precisi\u00f3n\uff1a<\/span><\/span><\/td>\n<td><span style=\"vertical-align: inherit;\"><span style=\"vertical-align: inherit;\">\u00b10,5%R, \u00b11%R ( &lt; DN20)<\/span><\/span><\/td>\n<td><span style=\"vertical-align: inherit;\"><span style=\"vertical-align: inherit;\">Plazo de entrega (d\u00edas)\uff1a<\/span><\/span><\/td>\n<td><span style=\"vertical-align: inherit;\"><span style=\"vertical-align: inherit;\">A negociar<\/span><\/span><\/td>\n<\/tr>\n<\/tbody>\n<\/table>\n<p>&nbsp;<\/p>\n<p>&nbsp;<\/p>\n<p style=\"text-align: center;\"><img title=\"peek flow meter\" src=\"https:\/\/www.hginstrument.com\/wp-content\/uploads\/2021\/07\/in-line-pipeline-type-hgd-electromagnetic-flow-meter.jpg\" \/><\/p>\n<p>&nbsp;<\/p>\n<p>&nbsp;<\/p>\n<p style=\"text-align: center;\"><img title=\"peek flow meter\" src=\"https:\/\/www.hginstrument.com\/wp-content\/uploads\/2021\/07\/insertion-01.jpg\" \/><\/p>\n<p>&nbsp;<\/p>\n<p>&nbsp;<\/p>\n<p style=\"text-align: center;\"><img title=\"peek flow meter\" src=\"https:\/\/www.hginstrument.com\/wp-content\/uploads\/2021\/07\/sanitary-mag-1.jpg\" \/><\/p>\n<p><strong>peek flow meter FAQs Guide.<\/strong><\/p>\n<p>At the heart of our peek flow meter series lies a commitment to excellence, blending advanced sensor technology with user-friendly interfaces. From liquid to gas, our meters deliver unparalleled accuracy, empowering you to make informed decisions and streamline operations. As we usher in a new era of fluid measurement, we invite you to explore the limitless possibilities that our peek flow meters unlock \u2013 where precision meets performance, and innovation flows seamlessly.<\/p>\n<div style=\"border: 3px solid #f89900; margin: 20px 0; padding: 20px;\"><a href=\"\/es\/peek-flow-meter\/#01\">1.What is the difference between peek flow meter SUYI group vs peek flow meter Schneider Electric vs peek flow meter Badger Meter<\/a><br \/>\n<a href=\"\/es\/peek-flow-meter\/#02\">2.About peek flow meter patent<\/a><br \/>\n<a href=\"\/es\/peek-flow-meter\/#03\">3.What fluids are peek flow meters mainly used for measuring?<\/a><br \/>\n<a href=\"\/es\/peek-flow-meter\/#04\">4.About peek flow meter technology<\/a><br \/>\n<a href=\"\/es\/peek-flow-meter\/#05\">5.What is the format of the peek flow meter\u2019s output signal?<\/a><br \/>\n<a href=\"\/es\/peek-flow-meter\/#06\">6.What is the applicable pressure range of peek flow meter?<\/a><br \/>\n<a href=\"\/es\/peek-flow-meter\/#07\">7.How does the peek flow meter detect the properties of the target fluid?<\/a><br \/>\n<a href=\"\/es\/peek-flow-meter\/#08\">8.About peek flow meter production capacity<\/a><br \/>\n<a href=\"\/es\/peek-flow-meter\/#09\">9.About peek flow meter overseas warehouse<\/a><br \/>\n<a href=\"\/es\/peek-flow-meter\/#010\">10.Does the peek flow meter have an automatic cleaning function?<\/a><br \/>\n<a href=\"\/es\/peek-flow-meter\/#11\">11.About peek flow meter raw materials<\/a><br \/>\n<a href=\"\/es\/peek-flow-meter\/#12\">12.What is the difference between peek flow meter SUYI group vs peek flow meter Yokogawa vs peek flow meter ABB<\/a><br \/>\n<a href=\"\/es\/peek-flow-meter\/#13\">13.About peek flow meter customization services<\/a><br \/>\n<a href=\"\/es\/peek-flow-meter\/#14\">14.What is the explosion-proof rating of peek flow meter?<\/a><br \/>\n<a href=\"\/es\/peek-flow-meter\/#15\">15.Is the peek flow meter waterproof?<\/a><br \/>\n<a href=\"\/es\/peek-flow-meter\/#16\">16.How does the peek flow meter connect with other devices and transmit data?<\/a><\/div>\n<div id=\"01\">\n<p><strong>1.What is the difference between peek flow meter SUYI group vs peek flow meter Schneider Electric vs peek flow meter Badger Meter<\/strong><\/p>\n<p>Los caudal\u00edmetros del Grupo SUYI se utilizan normalmente para aplicaciones industriales, como la medici\u00f3n del caudal de l\u00edquidos, gases y vapor. Est\u00e1n dise\u00f1ados para ser fiables y precisos, y est\u00e1n disponibles en una gran variedad de tama\u00f1os y materiales.<\/p>\n<p>Los caudal\u00edmetros de Schneider Electric est\u00e1n dise\u00f1ados para aplicaciones industriales y comerciales, y est\u00e1n disponibles en diversos tama\u00f1os y materiales. Est\u00e1n dise\u00f1ados para ser fiables y precisos, y son adecuados para una amplia gama de aplicaciones.<\/p>\n<p>Los caudal\u00edmetros de Badger Meter est\u00e1n dise\u00f1ados para aplicaciones industriales y comerciales, y est\u00e1n disponibles en diversos tama\u00f1os y materiales. Est\u00e1n dise\u00f1ados para ser fiables y precisos, y son adecuados para una amplia gama de aplicaciones. Tambi\u00e9n ofrecen una variedad de caracter\u00edsticas, como la monitorizaci\u00f3n remota y el registro de datos.<\/p>\n<\/div>\n<div id=\"02\">\n<p><strong>2.About peek flow meter patent<\/strong><\/p>\n<p>Las patentes de caudal\u00edmetros son patentes que cubren el dise\u00f1o y el funcionamiento de los caudal\u00edmetros. Los caudal\u00edmetros son dispositivos utilizados para medir la velocidad de flujo de un l\u00edquido o gas. Los caudal\u00edmetros se utilizan en diversas industrias, como el tratamiento de aguas y aguas residuales, el petr\u00f3leo y el gas, y el procesamiento qu\u00edmico. Los caudal\u00edmetros se utilizan para medir el caudal de un fluido, el volumen total de un fluido y la presi\u00f3n de un fluido. Los caudal\u00edmetros pueden ser mec\u00e1nicos, el\u00e9ctricos u \u00f3pticos. Los caudal\u00edmetros pueden utilizarse para medir el caudal de l\u00edquidos, gases y vapor.<\/p>\n<p><img style=\"max-width: 100%;\" title=\"About peek flow meter patent\" src=\"https:\/\/www.hginstrument.com\/wp-content\/uploads\/2021\/07\/wall-mount-1f.jpg\" alt=\"About peek flow meter patent\" \/><\/p>\n<\/div>\n<div id=\"03\">\n<p><strong>3.What fluids are peek flow meters mainly used for measuring?<\/strong><\/p>\n<p>Nos centramos en el trabajo en equipo y la comunicaci\u00f3n para alcanzar objetivos comunes, damos gran importancia a este detalle.<br \/>\nLos caudal\u00edmetros se utilizan principalmente para medir el caudal de l\u00edquidos, gases y vapor.<\/p>\n<\/div>\n<div id=\"04\">\n<p><strong>4.About peek flow meter technology<\/strong><\/p>\n<p>La tecnolog\u00eda de caudal\u00edmetros es un tipo de tecnolog\u00eda de medici\u00f3n utilizada para medir el caudal de un fluido o gas. Se utiliza en diversas industrias, como las del petr\u00f3leo y el gas, el agua y las aguas residuales, y el procesamiento qu\u00edmico. Los caudal\u00edmetros miden el caudal de un fluido o gas midiendo la presi\u00f3n, la velocidad u otras propiedades f\u00edsicas del fluido o gas. Los caudal\u00edmetros pueden utilizarse para medir el caudal de l\u00edquidos, gases y vapor. Se utilizan para medir el caudal de una gran variedad de fluidos, como agua, aceite y productos qu\u00edmicos. Los caudal\u00edmetros se utilizan en diversas aplicaciones, como el control de procesos, la gesti\u00f3n de la energ\u00eda y la supervisi\u00f3n de la seguridad.<\/p>\n<p><img style=\"max-width: 100%;\" title=\"About peek flow meter technology\" src=\"https:\/\/www.hginstrument.com\/wp-content\/uploads\/2021\/07\/wedge-1.jpg\" alt=\"About peek flow meter technology\" \/><\/p>\n<\/div>\n<div id=\"05\">\n<p><strong>5.What is the format of the peek flow meter\u2019s output signal?<\/strong><\/p>\n<p>We continuously upgrade our skills and knowledge to adapt to changing peek flow meter market needs.<br \/>\nEl formato de la se\u00f1al de salida del caudal\u00edmetro depende del tipo de caudal\u00edmetro que se utilice. Entre los formatos de se\u00f1al de salida m\u00e1s comunes se incluyen pulso, frecuencia, tensi\u00f3n y corriente.<\/p>\n<\/div>\n<div id=\"06\">\n<p><strong>6.What is the applicable pressure range of peek flow meter?<\/strong><\/p>\n<p>Nuestros productos y servicios cubren una amplia gama de \u00e1mbitos y satisfacen las necesidades de diferentes campos.<br \/>\nEl rango de presi\u00f3n aplicable de un caudal\u00edmetro depende del tipo de caudal\u00edmetro que se utilice. Por lo general, los caudal\u00edmetros pueden medir presiones que oscilan entre 0,1 bar y 1.000 bar.<\/p>\n<p><img style=\"max-width: 100%;\" title=\"What is the applicable pressure range of peek flow meter?\" src=\"https:\/\/www.hginstrument.com\/wp-content\/uploads\/2021\/07\/hg-50-7.jpg\" alt=\"What is the applicable pressure range of peek flow meter?\" \/><\/p>\n<\/div>\n<div id=\"07\">\n<p><strong>7.How does the peek flow meter detect the properties of the target fluid?<\/strong><\/p>\n<p>As one of the peek flow meter market leaders, we are known for innovation and reliability.<br \/>\nLos caudal\u00edmetros miden el caudal de un fluido detectando su velocidad. Esto se hace normalmente midiendo la ca\u00edda de presi\u00f3n a trav\u00e9s de una restricci\u00f3n conocida en la trayectoria del flujo, o midiendo la velocidad del fluido utilizando una variedad de tecnolog\u00edas como ultrasonidos, magn\u00e9tica o t\u00e9rmica. El caudal puede utilizarse entonces para calcular las propiedades del fluido, como la densidad, la viscosidad y el caudal volum\u00e9trico.<\/p>\n<\/div>\n<div id=\"08\">\n<p><strong>8.About peek flow meter production capacity<\/strong><\/p>\n<p>La capacidad de producci\u00f3n de caudal\u00edmetros depende del tipo de caudal\u00edmetro que se fabrique. Por lo general, la capacidad de producci\u00f3n viene determinada por el tama\u00f1o de la instalaci\u00f3n de producci\u00f3n, el n\u00famero de m\u00e1quinas y personal disponible y el tipo de caudal\u00edmetro que se fabrica. Por ejemplo, una planta de producci\u00f3n especializada en la fabricaci\u00f3n de caudal\u00edmetros de turbina puede tener una capacidad de producci\u00f3n mayor que una planta de producci\u00f3n de caudal\u00edmetros ultras\u00f3nicos. Adem\u00e1s, la capacidad de producci\u00f3n de una instalaci\u00f3n puede verse afectada por la complejidad del caudal\u00edmetro fabricado, as\u00ed como por la disponibilidad de materias primas y componentes.<\/p>\n<p><img style=\"max-width: 100%;\" title=\"About peek flow meter production capacity\" src=\"https:\/\/www.hginstrument.com\/wp-content\/uploads\/2021\/07\/ltb-1.jpg\" alt=\"About peek flow meter production capacity\" \/><\/p>\n<\/div>\n<div id=\"09\">\n<p><strong>9.About peek flow meter overseas warehouse<\/strong><\/p>\n<p>Los almacenes de caudal\u00edmetros en el extranjero son almacenes situados en pa\u00edses extranjeros que almacenan caudal\u00edmetros y productos relacionados. Estos almacenes se utilizan para almacenar y distribuir caudal\u00edmetros a clientes de distintos pa\u00edses. Suelen estar situados en pa\u00edses que tienen una gran demanda de caudal\u00edmetros, como Estados Unidos, Canad\u00e1 y Europa. Los almacenes suelen ser propiedad y estar gestionados por el fabricante de los caudal\u00edmetros o por un proveedor log\u00edstico externo. Los almacenes suelen tener una gran variedad de caudal\u00edmetros, incluidos los digitales, anal\u00f3gicos y ultras\u00f3nicos. Tambi\u00e9n suelen almacenar piezas de repuesto y accesorios para los caudal\u00edmetros.<\/p>\n<\/div>\n<div id=\"010\">\n<p><strong>10.Does the peek flow meter have an automatic cleaning function?<\/strong><\/p>\n<p>Being one of the top peek flow meter manufacturers in China, We attach great importance to this detail.<br \/>\nNo, la mayor\u00eda de los caudal\u00edmetros no disponen de una funci\u00f3n de limpieza autom\u00e1tica. Sin embargo, algunos modelos pueden tener una funci\u00f3n de autolimpieza que puede activarse manualmente.<\/p>\n<p><img style=\"max-width: 100%;\" title=\"Does the peek flow meter have an automatic cleaning function?\" src=\"https:\/\/www.hginstrument.com\/wp-content\/uploads\/2021\/07\/hgvf-1.jpg\" alt=\"Does the peek flow meter have an automatic cleaning function?\" \/><\/p>\n<\/div>\n<div id=\"11\">\n<p><strong>11.About peek flow meter raw materials<\/strong><\/p>\n<p>Las materias primas de los caudal\u00edmetros suelen estar hechas de una variedad de metales, pl\u00e1sticos y compuestos. Entre los materiales m\u00e1s comunes utilizados en los caudal\u00edmetros se encuentran el acero inoxidable, el lat\u00f3n, el aluminio, el cloruro de polivinilo (PVC), el polipropileno (PP) y el politetrafluoroetileno (PTFE). El material utilizado en un caudal\u00edmetro depende de la aplicaci\u00f3n y del tipo de fluido que se mida. Por ejemplo, el acero inoxidable suele utilizarse para medir fluidos corrosivos, mientras que el PVC suele emplearse para medir agua.<\/p>\n<\/div>\n<div id=\"12\">\n<p><strong>12.What is the difference between peek flow meter SUYI group vs peek flow meter Yokogawa vs peek flow meter ABB<\/strong><\/p>\n<p>Los caudal\u00edmetros de SUYI Group, Yokogawa y ABB miden el caudal de un fluido, pero difieren en t\u00e9rminos de precisi\u00f3n, caracter\u00edsticas y coste. Los caudal\u00edmetros de SUYI Group suelen ser m\u00e1s asequibles que los de Yokogawa y ABB, pero es posible que no tengan tantas funciones ni una precisi\u00f3n tan alta. Los medidores de flujo de Yokogawa son conocidos por su precisi\u00f3n y confiabilidad, pero tienden a ser m\u00e1s caros que los de SUYI Group y ABB. Los caudal\u00edmetros ABB son conocidos por su robustez y durabilidad, pero tambi\u00e9n son m\u00e1s caros que las otras dos marcas.<\/p>\n<p><img style=\"max-width: 100%;\" title=\"What is the difference between peek flow meter SUYI group vs peek flow meter Yokogawa vs peek flow meter ABB\" src=\"https:\/\/www.hginstrument.com\/wp-content\/uploads\/2021\/07\/hguoc-1.jpg\" alt=\"What is the difference between peek flow meter SUYI group vs peek flow meter Yokogawa vs peek flow meter ABB\" \/><\/p>\n<\/div>\n<div id=\"13\">\n<p><strong>13.About peek flow meter customization services<\/strong><\/p>\n<p>Los servicios de personalizaci\u00f3n de caudal\u00edmetros est\u00e1n dise\u00f1ados para ofrecer a los clientes una soluci\u00f3n a medida para sus necesidades espec\u00edficas de medici\u00f3n de caudal. Estos servicios pueden incluir la personalizaci\u00f3n del caudal\u00edmetro para adaptarlo a una aplicaci\u00f3n concreta, como un tama\u00f1o de tuber\u00eda o un caudal espec\u00edficos, o para cumplir un determinado requisito de precisi\u00f3n. Los servicios de personalizaci\u00f3n tambi\u00e9n pueden incluir la modificaci\u00f3n del caudal\u00edmetro para incluir funciones adicionales, como una pantalla o capacidades de registro de datos. Los servicios de personalizaci\u00f3n de caudal\u00edmetros tambi\u00e9n pueden incluir la instalaci\u00f3n del caudal\u00edmetro, as\u00ed como la prestaci\u00f3n de asistencia t\u00e9cnica y mantenimiento.<\/p>\n<\/div>\n<div id=\"14\">\n<p><strong>14.What is the explosion-proof rating of peek flow meter?<\/strong><\/p>\n<p>Our peek flow meter products undergo strict quality control to ensure customer satisfaction.<br \/>\nLas clasificaciones a prueba de explosiones de los caudal\u00edmetros var\u00edan en funci\u00f3n del tipo de caudal\u00edmetro y de la aplicaci\u00f3n. Generalmente, los caudal\u00edmetros est\u00e1n clasificados para Clase I, Divisi\u00f3n 1, Grupos C y D, o Clase II, Divisi\u00f3n 1, Grupos E, F y G.<\/p>\n<p><img style=\"max-width: 100%;\" title=\"What is the explosion-proof rating of peek flow meter?\" src=\"https:\/\/www.hginstrument.com\/wp-content\/uploads\/2021\/07\/hgcmf-c1-1.jpg\" alt=\"What is the explosion-proof rating of peek flow meter?\" \/><\/p>\n<\/div>\n<div id=\"15\">\n<p><strong>15.Is the peek flow meter waterproof?<\/strong><\/p>\n<p>Nos centramos en las necesidades de nuestros clientes y nos esforzamos por satisfacer sus expectativas, por lo que nos lo tomamos muy en serio.<br \/>\nNo, la mayor\u00eda de los caudal\u00edmetros no son impermeables. Sin embargo, algunos modelos pueden estar dise\u00f1ados para ser resistentes al agua o impermeables. Es importante comprobar las especificaciones del caudal\u00edmetro para determinar si es adecuado para su uso en entornos h\u00famedos o mojados.<\/p>\n<\/div>\n<div id=\"16\">\n<p><strong>16.How does the peek flow meter connect with other devices and transmit data?<\/strong><\/p>\n<p>peek flow meter is not a product only, but also can help you comes to money-making.<br \/>\nLos caudal\u00edmetros pueden conectarse con otros dispositivos y transmitir datos a trav\u00e9s de diversos m\u00e9todos, como conexiones por cable, conexiones inal\u00e1mbricas y protocolos de comunicaci\u00f3n serie. Las conexiones por cable pueden incluir RS-232, RS-485 y USB. Las conexiones inal\u00e1mbricas pueden incluir Bluetooth, Wi-Fi y redes celulares. Los protocolos de comunicaci\u00f3n serie pueden incluir Modbus, HART y Profibus.<\/p>\n<p><img style=\"max-width: 100%;\" title=\"How does the peek flow meter connect with other devices and transmit data?\" src=\"https:\/\/www.hginstrument.com\/wp-content\/uploads\/2021\/07\/hls-2000uf-1.jpg\" alt=\"How does the peek flow meter connect with other devices and transmit data?\" \/><\/p>\n<\/div>\n<p>&nbsp;<\/p>\n<p>Etiqueta\uff1a<a href=\"\/es\/magnetic-flow-meter\/stream-flow-meter\/\">caudal\u00edmetro<\/a>,<a href=\"\/es\/magnetic-flow-meter\/pediatric-oxygen-flow-meter\/\">medidor de flujo de ox\u00edgeno pedi\u00e1trico<\/a>,<a href=\"\/es\/magnetic-flow-meter\/portable-flow-meter-for-wastewater\/\">caudal\u00edmetro port\u00e1til para aguas residuales<\/a>,<a href=\"\/es\/magnetic-flow-meter\/water-flow-meter-1-2-inch\/\">water flow meter 1 2 inch<\/a><\/p>\n<p>&nbsp;<\/p>","protected":false},"excerpt":{"rendered":"<p><strong>Datos t\u00e9cnicos<\/strong><br \/>\nPuede servir para fluidos l\u00edquidos o gaseosos, normalmente se utiliza para medir el caudal de vapor, aire y gas natural.<br \/>\nTama\u00f1o del contador: Tipo en l\u00ednea: DN25 - DN300<br \/>\nOpci\u00f3n de material mojado: SS304, SS316<br \/>\nTemperatura de funcionamiento: \u2264250\u2103<br \/>\nConexi\u00f3n a proceso: Wafer \/ Brida \/ Tri-clamp para tipo en l\u00ednea<br \/>\nPrecisi\u00f3n de medici\u00f3n: 1,0 % - 1,5% del intervalo de calibraci\u00f3n<br \/>\nIndicador digital: muestra el caudal instant\u00e1neo y el caudal total<br \/>\nAlimentaci\u00f3n: 24VDC, Salida: 4-20mA<\/p>\n<p><strong>caracter\u00edsticas<\/strong><br \/>\n1.Puntos de consigna ON\/OFF ajustables<br \/>\n2.Modo de alarma de caudal alto o bajo<br \/>\n3.Tiempo de retardo ajustable<br \/>\n4.LED de estado del rel\u00e9<\/p>","protected":false},"featured_media":3691,"comment_status":"closed","ping_status":"closed","template":"","meta":[],"product_cat":[2372],"product_tag":[],"acf":[],"_links":{"self":[{"href":"https:\/\/www.hginstrument.com\/es\/wp-json\/wp\/v2\/product\/5772"}],"collection":[{"href":"https:\/\/www.hginstrument.com\/es\/wp-json\/wp\/v2\/product"}],"about":[{"href":"https:\/\/www.hginstrument.com\/es\/wp-json\/wp\/v2\/types\/product"}],"replies":[{"embeddable":true,"href":"https:\/\/www.hginstrument.com\/es\/wp-json\/wp\/v2\/comments?post=5772"}],"wp:featuredmedia":[{"embeddable":true,"href":"https:\/\/www.hginstrument.com\/es\/wp-json\/wp\/v2\/media\/3691"}],"wp:attachment":[{"href":"https:\/\/www.hginstrument.com\/es\/wp-json\/wp\/v2\/media?parent=5772"}],"wp:term":[{"taxonomy":"product_cat","embeddable":true,"href":"https:\/\/www.hginstrument.com\/es\/wp-json\/wp\/v2\/product_cat?post=5772"},{"taxonomy":"product_tag","embeddable":true,"href":"https:\/\/www.hginstrument.com\/es\/wp-json\/wp\/v2\/product_tag?post=5772"}],"curies":[{"name":"wp","href":"https:\/\/api.w.org\/{rel}","templated":true}]}}