{"id":5812,"date":"2023-12-24T20:51:10","date_gmt":"2023-12-24T12:51:10","guid":{"rendered":"https:\/\/www.hginstrument.com\/?post_type=product&#038;p=5812"},"modified":"2023-12-28T09:05:55","modified_gmt":"2023-12-28T01:05:55","slug":"precision-flow-meter","status":"publish","type":"product","link":"https:\/\/www.hginstrument.com\/es\/magnetic-flow-meter\/precision-flow-meter\/","title":{"rendered":"caudal\u00edmetro de precisi\u00f3n"},"content":{"rendered":"<p>Whether it&#8217;s for industrial process control, environmental monitoring, or energy management, the precision flow meter is a top-performing product that guarantees precise and reliable flow measurement. With its advanced technology and versatile capabilities, this device is an essential tool for any industry seeking accurate and efficient flow monitoring solutions.<\/p>\n<p>precision flow meters are essential devices for measuring the flow rate and volume of liquids, gases, and steam in various industrial processes. They are widely used in industries such as oil and gas, water and wastewater treatment, chemical, and pharmaceutical to monitor and control the flow of fluids.<\/p>\n<p>&nbsp;<\/p>\n<table class=\"table table-bordered\">\n<tbody>\n<tr>\n<td><span style=\"vertical-align: inherit;\"><span style=\"vertical-align: inherit;\">Tipo\uff1a<\/span><\/span><\/td>\n<td><span style=\"vertical-align: inherit;\">caudal\u00edmetro de precisi\u00f3n<\/span><\/td>\n<td><span style=\"vertical-align: inherit;\"><span style=\"vertical-align: inherit;\">Se\u00f1al de salida\uff1a<\/span><\/span><\/td>\n<td><span style=\"vertical-align: inherit;\"><span style=\"vertical-align: inherit;\">4-14mA, Pulso\/Frecuencia 2kHz(Predeterminado), 5KHz(Max)<\/span><\/span><\/td>\n<\/tr>\n<tr>\n<td><span style=\"vertical-align: inherit;\"><span style=\"vertical-align: inherit;\">Lugar de origen\uff1a<\/span><\/span><\/td>\n<td><span style=\"vertical-align: inherit;\"><span style=\"vertical-align: inherit;\">Jiangsu\uff0cChina<\/span><\/span><\/td>\n<td><span style=\"vertical-align: inherit;\"><span style=\"vertical-align: inherit;\">Incorporar tipo\uff1a<\/span><\/span><\/td>\n<td><span style=\"vertical-align: inherit;\"><span style=\"vertical-align: inherit;\">-10\u2103- +55\u2103<\/span><\/span><\/td>\n<\/tr>\n<tr>\n<td><span style=\"vertical-align: inherit;\"><span style=\"vertical-align: inherit;\">Garant\u00eda\uff1a<\/span><\/span><\/td>\n<td><span style=\"vertical-align: inherit;\"><span style=\"vertical-align: inherit;\">16 meses<\/span><\/span><\/td>\n<td><span style=\"vertical-align: inherit;\"><span style=\"vertical-align: inherit;\">Tensi\u00f3n de alimentaci\u00f3n\uff1a<\/span><\/span><\/td>\n<td><span style=\"vertical-align: inherit;\"><span style=\"vertical-align: inherit;\">110\/220VAC (100-240VAC), 50Hz\/60Hz; 24VDC\u00b110%<\/span><\/span><\/td>\n<\/tr>\n<tr>\n<td><span style=\"vertical-align: inherit;\"><span style=\"vertical-align: inherit;\">Asistencia personalizada\uff1a<\/span><\/span><\/td>\n<td><span style=\"vertical-align: inherit;\"><span style=\"vertical-align: inherit;\">OEM, ODM, OBM<\/span><\/span><\/td>\n<td><span style=\"vertical-align: inherit;\"><span style=\"vertical-align: inherit;\">Comunicaci\u00f3n digital\uff1a<\/span><\/span><\/td>\n<td><span style=\"vertical-align: inherit;\"><span style=\"vertical-align: inherit;\">RS-485, compatible con el protocolo est\u00e1ndar Mudbugs-RTU; GPRS<\/span><\/span><\/td>\n<\/tr>\n<tr>\n<td><span style=\"vertical-align: inherit;\"><span style=\"vertical-align: inherit;\">Marca\uff1a<\/span><\/span><\/td>\n<td><span style=\"vertical-align: inherit;\"><span style=\"vertical-align: inherit;\">GRUPO SUYI<\/span><\/span><\/td>\n<td><span style=\"vertical-align: inherit;\"><span style=\"vertical-align: inherit;\">Presi\u00f3n nominal\uff1a<\/span><\/span><\/td>\n<td><span style=\"vertical-align: inherit;\"><span style=\"vertical-align: inherit;\">1MPa (DN15-DN800), 1,6MPa(DN15-DN800), 2,5MPa(DN15-DN600)<\/span><\/span><\/td>\n<\/tr>\n<tr>\n<td><span style=\"vertical-align: inherit;\"><span style=\"vertical-align: inherit;\">N\u00famero de modelo\uff1a<\/span><\/span><\/td>\n<td><span style=\"vertical-align: inherit;\"><span style=\"vertical-align: inherit;\">otros<\/span><\/span><\/td>\n<td><span style=\"vertical-align: inherit;\"><span style=\"vertical-align: inherit;\">Sensor\uff1a<\/span><\/span><\/td>\n<td><span style=\"vertical-align: inherit;\"><span style=\"vertical-align: inherit;\">0\u2103- +80\u2103 o -25\u2103- +120\u2103 o +70\u2103- +250\u2103<\/span><\/span><\/td>\n<\/tr>\n<tr>\n<td><span style=\"vertical-align: inherit;\"><span style=\"vertical-align: inherit;\">Nombre del producto\uff1a<\/span><\/span><\/td>\n<td><span style=\"vertical-align: inherit;\"><span style=\"vertical-align: inherit;\">Medidor de caudal de agua qu\u00edmico digital inteligente electromagn\u00e9tico<\/span><\/span><\/td>\n<td><span style=\"vertical-align: inherit;\"><span style=\"vertical-align: inherit;\">Detalles del embalaje\uff1a<\/span><\/span><\/td>\n<td><span style=\"vertical-align: inherit;\"><span style=\"vertical-align: inherit;\">1 Juego por paquete o seg\u00fan pedido del cliente<\/span><\/span><\/td>\n<\/tr>\n<tr>\n<td><span style=\"vertical-align: inherit;\"><span style=\"vertical-align: inherit;\">Di\u00e1metro nominal\uff1a<\/span><\/span><\/td>\n<td><span style=\"vertical-align: inherit;\"><span style=\"vertical-align: inherit;\">3-3246mm<\/span><\/span><\/td>\n<td><span style=\"vertical-align: inherit;\"><span style=\"vertical-align: inherit;\">Capacidad de suministro\uff1a<\/span><\/span><\/td>\n<td><span style=\"vertical-align: inherit;\"><span style=\"vertical-align: inherit;\">2465 Set\/Sets per Month<\/span><\/span><\/td>\n<\/tr>\n<tr>\n<td><span style=\"vertical-align: inherit;\"><span style=\"vertical-align: inherit;\">rango de velocidad\uff1a<\/span><\/span><\/td>\n<td><span style=\"vertical-align: inherit;\"><span style=\"vertical-align: inherit;\">0-14 m\/s<\/span><\/span><\/td>\n<td><span style=\"vertical-align: inherit;\"><span style=\"vertical-align: inherit;\">Cantidad (juegos)\uff1a<\/span><\/span><\/td>\n<td><span style=\"vertical-align: inherit;\"><span style=\"vertical-align: inherit;\">&gt; 30<\/span><\/span><\/td>\n<\/tr>\n<tr>\n<td><span style=\"vertical-align: inherit;\"><span style=\"vertical-align: inherit;\">Grado de precisi\u00f3n\uff1a<\/span><\/span><\/td>\n<td><span style=\"vertical-align: inherit;\"><span style=\"vertical-align: inherit;\">\u00b10,5%R, \u00b11%R ( &lt; DN20)<\/span><\/span><\/td>\n<td><span style=\"vertical-align: inherit;\"><span style=\"vertical-align: inherit;\">Plazo de entrega (d\u00edas)\uff1a<\/span><\/span><\/td>\n<td><span style=\"vertical-align: inherit;\"><span style=\"vertical-align: inherit;\">A negociar<\/span><\/span><\/td>\n<\/tr>\n<\/tbody>\n<\/table>\n<p>&nbsp;<\/p>\n<p><strong><\/strong><\/p>\n<p style=\"text-align:center;\"><img src=\"https:\/\/www.hginstrument.com\/wp-content\/uploads\/2021\/07\/in-line-pipeline-type-hgd-electromagnetic-flow-meter.jpg\" atl=\"precision flow meter\" title=\"caudal\u00edmetro de precisi\u00f3n\"><\/p>\n<p><strong><\/strong><\/p>\n<p style=\"text-align:center;\"><img src=\"https:\/\/www.hginstrument.com\/wp-content\/uploads\/2021\/07\/insertion-01.jpg\" atl=\"precision flow meter\" title=\"caudal\u00edmetro de precisi\u00f3n\"><\/p>\n<p><strong><\/strong><\/p>\n<p style=\"text-align:center;\"><img src=\"https:\/\/www.hginstrument.com\/wp-content\/uploads\/2021\/07\/sanitary-mag-1.jpg\" atl=\"precision flow meter\" title=\"caudal\u00edmetro de precisi\u00f3n\"><\/p>\n<p><strong>precision flow meter FAQs Guide.<\/p>\n<p>At the heart of our precision flow meter series lies a commitment to excellence, blending advanced sensor technology with user-friendly interfaces. From liquid to gas, our meters deliver unparalleled accuracy, empowering you to make informed decisions and streamline operations. As we usher in a new era of fluid measurement, we invite you to explore the limitless possibilities that our precision flow meters unlock \u2013 where precision meets performance, and innovation flows seamlessly.<\/strong><\/p>\n<div style=\"border:3px solid #f89900;margin:20px 0;padding:20px;\"><a href=\"\/es\/precision-flow-meter\/#01\">1.About precision flow meter MOQ<\/a><br \/><a href=\"\/es\/precision-flow-meter\/#02\">2.What is the measuring range of precision flow meter?<\/a><br \/><a href=\"\/es\/precision-flow-meter\/#03\">3.About precision flow meter raw material procurement system<\/a><br \/><a href=\"\/es\/precision-flow-meter\/#04\">4.What is the difference between precision flow meter SUYI group vs precision flow meter Schneider Electric vs precision flow meter Badger Meter<\/a><br \/><a href=\"\/es\/precision-flow-meter\/#05\">5.What is the format of the precision flow meter\u2019s output signal?<\/a><br \/><a href=\"\/es\/precision-flow-meter\/#06\">6.About precision flow meter production capacity<\/a><br \/><a href=\"\/es\/precision-flow-meter\/#07\">7.About precision flow meter production equipment<\/a><br \/><a href=\"\/es\/precision-flow-meter\/#08\">8.How does a precision flow meter measure flow?<\/a><br \/><a href=\"\/es\/precision-flow-meter\/#09\">9.About precision flow meter production management system<\/a><br \/><a href=\"\/es\/precision-flow-meter\/#010\">10.What are the characteristics of precision flow meter?<\/a><br \/><a href=\"\/es\/precision-flow-meter\/#11\">11.About precision flow meter raw materials<\/a><br \/><a href=\"\/es\/precision-flow-meter\/#12\">12.What is the difference between precision flow meter SUYI group vs precision flow meter Endress+Hauser vs precision flow meter KROHNE<\/a><br \/><a href=\"\/es\/precision-flow-meter\/#13\">13.What is the explosion-proof rating of precision flow meter?<\/a><br \/><a href=\"\/es\/precision-flow-meter\/#14\">14.Does the precision flow meter have an automatic alarm function?<\/a><\/div>\n<div name=\"01\" id=\"01\">\n<p><strong>1.About precision flow meter MOQ<\/strong><\/p>\n<p>La cantidad m\u00ednima de pedido (MOQ) de un caudal\u00edmetro depender\u00e1 del tipo de caudal\u00edmetro y del fabricante. Por lo general, la MOQ de un caudal\u00edmetro oscila entre 1 y 10 unidades, pero puede variar en funci\u00f3n del fabricante y del tipo de caudal\u00edmetro.<\/p>\n<\/div>\n<div name=\"02\" id=\"02\">\n<p><strong>2.What is the measuring range of precision flow meter?<\/strong><\/p>\n<p>We continuously upgrade our skills and knowledge to adapt to changing precision flow meter market needs.<br \/>\nEl rango de medici\u00f3n de un caudal\u00edmetro depende del tipo de caudal\u00edmetro que se utilice. Por lo general, el rango de medici\u00f3n de un caudal\u00edmetro puede oscilar entre 0,01 y 1.000 litros por minuto.<\/p>\n<p><img src=\"https:\/\/www.hginstrument.com\/wp-content\/uploads\/2021\/07\/hluc-1.jpg\" alt=\"What is the measuring range of precision flow meter?\" title=\"What is the measuring range of precision flow meter?\" style=\"max-width: 100%;\"><\/div>\n<div name=\"03\" id=\"03\">\n<p><strong>3.About precision flow meter raw material procurement system<\/strong><\/p>\n<p>Un sistema de adquisici\u00f3n de materias primas para caudal\u00edmetros es una soluci\u00f3n de software dise\u00f1ada para agilizar el proceso de compra de materias primas para la producci\u00f3n de caudal\u00edmetros. El sistema permite a los usuarios buscar y comprar de forma r\u00e1pida y sencilla los componentes necesarios para la producci\u00f3n de caudal\u00edmetros. Tambi\u00e9n proporciona informaci\u00f3n detallada sobre los componentes, incluidos precios, disponibilidad y plazos de entrega. El sistema tambi\u00e9n permite a los usuarios hacer un seguimiento de sus pedidos y gestionar su inventario. Esto ayuda a garantizar que los componentes adecuados est\u00e9n siempre disponibles cuando se necesiten.<\/p>\n<\/div>\n<div name=\"04\" id=\"04\">\n<p><strong>4.What is the difference between precision flow meter SUYI group vs precision flow meter Schneider Electric vs precision flow meter Badger Meter<\/strong><\/p>\n<p>Los caudal\u00edmetros del Grupo SUYI se utilizan normalmente para aplicaciones industriales, como la medici\u00f3n del caudal de l\u00edquidos, gases y vapor. Est\u00e1n dise\u00f1ados para ser fiables y precisos, y est\u00e1n disponibles en una gran variedad de tama\u00f1os y materiales.<\/p>\n<p>Los caudal\u00edmetros de Schneider Electric est\u00e1n dise\u00f1ados para aplicaciones industriales y comerciales, y est\u00e1n disponibles en diversos tama\u00f1os y materiales. Est\u00e1n dise\u00f1ados para ser fiables y precisos, y son adecuados para una amplia gama de aplicaciones.<\/p>\n<p>Los caudal\u00edmetros de Badger Meter est\u00e1n dise\u00f1ados para aplicaciones industriales y comerciales, y est\u00e1n disponibles en diversos tama\u00f1os y materiales. Est\u00e1n dise\u00f1ados para ser fiables y precisos, y son adecuados para una amplia gama de aplicaciones. Tambi\u00e9n ofrecen una variedad de caracter\u00edsticas, como la monitorizaci\u00f3n remota y el registro de datos.<\/p>\n<p><img src=\"https:\/\/www.hginstrument.com\/wp-content\/uploads\/2021\/07\/hguoc-1.jpg\" alt=\"What is the difference between precision flow meter SUYI group vs precision flow meter Schneider Electric vs precision flow meter Badger Meter\" title=\"What is the difference between precision flow meter SUYI group vs precision flow meter Schneider Electric vs precision flow meter Badger Meter\" style=\"max-width: 100%;\"><\/div>\n<div name=\"05\" id=\"05\">\n<p><strong>5.What is the format of the precision flow meter\u2019s output signal?<\/strong><\/p>\n<p>We continuously upgrade our skills and knowledge to adapt to changing precision flow meter market needs.<br \/>\nEl formato de la se\u00f1al de salida del caudal\u00edmetro depende del tipo de caudal\u00edmetro que se utilice. Entre los formatos de se\u00f1al de salida m\u00e1s comunes se incluyen pulso, frecuencia, tensi\u00f3n y corriente.<\/p>\n<\/div>\n<div name=\"06\" id=\"06\">\n<p><strong>6.About precision flow meter production capacity<\/strong><\/p>\n<p>La capacidad de producci\u00f3n de caudal\u00edmetros depende del tipo de caudal\u00edmetro que se fabrique. Por lo general, la capacidad de producci\u00f3n viene determinada por el tama\u00f1o de la instalaci\u00f3n de producci\u00f3n, el n\u00famero de m\u00e1quinas y personal disponible y el tipo de caudal\u00edmetro que se fabrica. Por ejemplo, una planta de producci\u00f3n especializada en la fabricaci\u00f3n de caudal\u00edmetros de turbina puede tener una capacidad de producci\u00f3n mayor que una planta de producci\u00f3n de caudal\u00edmetros ultras\u00f3nicos. Adem\u00e1s, la capacidad de producci\u00f3n de una instalaci\u00f3n puede verse afectada por la complejidad del caudal\u00edmetro fabricado, as\u00ed como por la disponibilidad de materias primas y componentes.<\/p>\n<p><img src=\"https:\/\/www.hginstrument.com\/wp-content\/uploads\/2021\/10\/w803e-f3.jpg\" alt=\"About precision flow meter production capacity\" title=\"About precision flow meter production capacity\" style=\"max-width: 100%;\"><\/div>\n<div name=\"07\" id=\"07\">\n<p><strong>7.About precision flow meter production equipment<\/strong><\/p>\n<p>El equipo de producci\u00f3n de caudal\u00edmetros se utiliza para fabricar caudal\u00edmetros, que son dispositivos utilizados para medir la velocidad de flujo de un l\u00edquido o gas. Este equipo suele incluir diversas m\u00e1quinas y herramientas, como tornos, fresadoras, taladradoras y m\u00e1quinas CNC. Tambi\u00e9n incluye herramientas especializadas para ensamblar y probar caudal\u00edmetros. El equipo utilizado para producir caudal\u00edmetros es altamente especializado y debe ser capaz de producir resultados precisos y fiables.<\/p>\n<\/div>\n<div name=\"08\" id=\"08\">\n<p><strong>8.How does a precision flow meter measure flow?<\/strong><\/p>\n<p>We operate our precision flow meter business with integrity and honesty.<br \/>\nUn caudal\u00edmetro mide el caudal midiendo la velocidad de un fluido a su paso por una tuber\u00eda u otro conducto. Esto se hace normalmente midiendo la ca\u00edda de presi\u00f3n a trav\u00e9s de un \u00e1rea conocida, o midiendo el tiempo que tarda un volumen de fluido en pasar a trav\u00e9s de un \u00e1rea conocida. Otros m\u00e9todos consisten en utilizar una turbina, una rueda de paletas o un transductor ultras\u00f3nico para medir la velocidad del fluido.<\/p>\n<p><img src=\"https:\/\/www.hginstrument.com\/wp-content\/uploads\/2021\/07\/hgdu600-p-1.jpg\" alt=\"How does a precision flow meter measure flow?\" title=\"How does a precision flow meter measure flow?\" style=\"max-width: 100%;\"><\/div>\n<div name=\"09\" id=\"09\">\n<p><strong>9.About precision flow meter production management system<\/strong><\/p>\n<p>Un sistema de gesti\u00f3n de la producci\u00f3n de caudal\u00edmetros es una soluci\u00f3n de software dise\u00f1ada para ayudar a los fabricantes a gestionar la producci\u00f3n de caudal\u00edmetros. El sistema puede utilizarse para realizar un seguimiento del proceso de producci\u00f3n de principio a fin, incluido el pedido de materias primas, el montaje de componentes y la comprobaci\u00f3n y calibraci\u00f3n del producto acabado. El sistema tambi\u00e9n puede utilizarse para controlar la calidad del proceso de producci\u00f3n, garantizando que los caudal\u00edmetros cumplen las normas exigidas. Adem\u00e1s, el sistema puede utilizarse para generar informes y analizar datos que ayuden a los fabricantes a mejorar sus procesos de producci\u00f3n.<\/p>\n<\/div>\n<div name=\"010\" id=\"010\">\n<p><strong>10.What are the characteristics of precision flow meter?<\/strong><\/p>\n<p>Hemos establecido asociaciones estables y a largo plazo con nuestros proveedores, por lo que tenemos grandes ventajas en precio y coste y en garant\u00eda de calidad.<br \/>\n1. Precisi\u00f3n: Los caudal\u00edmetros deben ser capaces de medir con precisi\u00f3n el caudal de un fluido.<\/p>\n<p>2. Gama: Los caudal\u00edmetros deben poder medir una amplia gama de caudales.<\/p>\n<p>3. Repetibilidad: Los caudal\u00edmetros deben ser capaces de medir sistem\u00e1ticamente el mismo caudal a lo largo del tiempo.<\/p>\n<p>4. Tiempo de respuesta: Los caudal\u00edmetros deben ser capaces de responder r\u00e1pidamente a los cambios de caudal.<\/p>\n<p>5. Durabilidad: Los caudal\u00edmetros deben ser capaces de soportar las duras condiciones del entorno en el que se utilizan.<\/p>\n<p>6. Coste: Los caudal\u00edmetros deben ser rentables para la aplicaci\u00f3n.<\/p>\n<p><img src=\"https:\/\/www.hginstrument.com\/wp-content\/uploads\/2021\/07\/hg-50-7.jpg\" alt=\"What are the characteristics of precision flow meter?\" title=\"What are the characteristics of precision flow meter?\" style=\"max-width: 100%;\"><\/div>\n<div name=\"11\" id=\"11\">\n<p><strong>11.About precision flow meter raw materials<\/strong><\/p>\n<p>Las materias primas de los caudal\u00edmetros suelen estar hechas de una variedad de metales, pl\u00e1sticos y compuestos. Entre los materiales m\u00e1s comunes utilizados en los caudal\u00edmetros se encuentran el acero inoxidable, el lat\u00f3n, el aluminio, el cloruro de polivinilo (PVC), el polipropileno (PP) y el politetrafluoroetileno (PTFE). El material utilizado en un caudal\u00edmetro depende de la aplicaci\u00f3n y del tipo de fluido que se mida. Por ejemplo, el acero inoxidable suele utilizarse para medir fluidos corrosivos, mientras que el PVC suele emplearse para medir agua.<\/p>\n<\/div>\n<div name=\"12\" id=\"12\">\n<p><strong>12.What is the difference between precision flow meter SUYI group vs precision flow meter Endress+Hauser vs precision flow meter KROHNE<\/strong><\/p>\n<p>Los caudal\u00edmetros del Grupo SUYI, Endress+Hauser y KROHNE miden el caudal de un l\u00edquido o gas. Sin embargo, cada fabricante ofrece distintos tipos de caudal\u00edmetros con caracter\u00edsticas y capacidades diferentes. <\/p>\n<p>El Grupo SUYI ofrece una gran variedad de caudal\u00edmetros, incluyendo caudal\u00edmetros electromagn\u00e9ticos, ultras\u00f3nicos y de v\u00f3rtice. Estos medidores est\u00e1n dise\u00f1ados para una amplia gama de aplicaciones, incluyendo agua, petr\u00f3leo y gas.<\/p>\n<p>Endress+Hauser ofrece una gama de caudal\u00edmetros, incluidos caudal\u00edmetros Coriolis, de v\u00f3rtice y ultras\u00f3nicos. Estos medidores est\u00e1n dise\u00f1ados para una variedad de aplicaciones, incluyendo agua, petr\u00f3leo y gas.<\/p>\n<p>KROHNE ofrece una gama de medidores de caudal, incluidos medidores Coriolis, vortex y ultras\u00f3nicos. Estos medidores est\u00e1n dise\u00f1ados para una gran variedad de aplicaciones, incluyendo agua, petr\u00f3leo y gas. KROHNE tambi\u00e9n ofrece una gama de caudal\u00edmetros especializados, como el OPTIFLUX y el OPTISWIRL, dise\u00f1ados para aplicaciones espec\u00edficas.<\/p>\n<p><img src=\"https:\/\/www.hginstrument.com\/wp-content\/uploads\/2021\/07\/dsrt-1.jpg\" alt=\"What is the difference between precision flow meter SUYI group vs precision flow meter Endress+Hauser vs precision flow meter KROHNE\" title=\"What is the difference between precision flow meter SUYI group vs precision flow meter Endress+Hauser vs precision flow meter KROHNE\" style=\"max-width: 100%;\"><\/div>\n<div name=\"13\" id=\"13\">\n<p><strong>13.What is the explosion-proof rating of precision flow meter?<\/strong><\/p>\n<p>Our precision flow meter products undergo strict quality control to ensure customer satisfaction.<br \/>\nLas clasificaciones a prueba de explosiones de los caudal\u00edmetros var\u00edan en funci\u00f3n del tipo de caudal\u00edmetro y de la aplicaci\u00f3n. Generalmente, los caudal\u00edmetros est\u00e1n clasificados para Clase I, Divisi\u00f3n 1, Grupos C y D, o Clase II, Divisi\u00f3n 1, Grupos E, F y G.<\/p>\n<\/div>\n<div name=\"14\" id=\"14\">\n<p><strong>14.Does the precision flow meter have an automatic alarm function?<\/strong><\/p>\n<p>Nos adherimos al principio de que la calidad es lo primero y contamos con un completo sistema de gesti\u00f3n de la calidad de la producci\u00f3n y un proceso de inspecci\u00f3n de la calidad.<br \/>\nMuchos caudal\u00edmetros tienen una funci\u00f3n de alarma autom\u00e1tica, pero esto depende del modelo espec\u00edfico. Lo mejor es comprobar las especificaciones del producto para determinar si el caudal\u00edmetro que est\u00e1 considerando tiene esta funci\u00f3n.<\/p>\n<p><img src=\"https:\/\/www.hginstrument.com\/wp-content\/uploads\/2021\/07\/hgrs-1.jpg\" alt=\"Does the precision flow meter have an automatic alarm function?\" title=\"Does the precision flow meter have an automatic alarm function?\" style=\"max-width: 100%;\"><\/div>\n<p>Etiqueta\uff1a<a href=\"\/es\/magnetic-flow-meter\/totaliser-flow-meter\/\">totaliser flow meter<\/a>,<a href=\"\/es\/magnetic-flow-meter\/waste-water-flow-meter\/\">caudal\u00edmetro de aguas residuales<\/a>,<a href=\"\/es\/magnetic-flow-meter\/propane-flow-meter-residential\/\">caudal\u00edmetro de propano residencial<\/a><\/p>\n<p><\/p>","protected":false},"excerpt":{"rendered":"<p><strong>Datos t\u00e9cnicos<\/strong><br \/>\nPuede servir para fluidos l\u00edquidos o gaseosos, normalmente se utiliza para medir el caudal de vapor, aire y gas natural.<br \/>\nTama\u00f1o del contador: Tipo en l\u00ednea: DN25 - DN300<br \/>\nOpci\u00f3n de material mojado: SS304, SS316<br \/>\nTemperatura de funcionamiento: \u2264250\u2103<br \/>\nConexi\u00f3n a proceso: Wafer \/ Brida \/ Tri-clamp para tipo en l\u00ednea<br \/>\nPrecisi\u00f3n de medici\u00f3n: 1,0 % - 1,5% del intervalo de calibraci\u00f3n<br \/>\nIndicador digital: muestra el caudal instant\u00e1neo y el caudal total<br \/>\nAlimentaci\u00f3n: 24VDC, Salida: 4-20mA<\/p>\n<p><strong>caracter\u00edsticas<\/strong><br \/>\n1.Puntos de consigna ON\/OFF ajustables<br \/>\n2.Modo de alarma de caudal alto o bajo<br \/>\n3.Tiempo de retardo ajustable<br \/>\n4.LED de estado del rel\u00e9<\/p>","protected":false},"featured_media":3691,"comment_status":"closed","ping_status":"closed","template":"","meta":[],"product_cat":[2372],"product_tag":[],"acf":[],"_links":{"self":[{"href":"https:\/\/www.hginstrument.com\/es\/wp-json\/wp\/v2\/product\/5812"}],"collection":[{"href":"https:\/\/www.hginstrument.com\/es\/wp-json\/wp\/v2\/product"}],"about":[{"href":"https:\/\/www.hginstrument.com\/es\/wp-json\/wp\/v2\/types\/product"}],"replies":[{"embeddable":true,"href":"https:\/\/www.hginstrument.com\/es\/wp-json\/wp\/v2\/comments?post=5812"}],"wp:featuredmedia":[{"embeddable":true,"href":"https:\/\/www.hginstrument.com\/es\/wp-json\/wp\/v2\/media\/3691"}],"wp:attachment":[{"href":"https:\/\/www.hginstrument.com\/es\/wp-json\/wp\/v2\/media?parent=5812"}],"wp:term":[{"taxonomy":"product_cat","embeddable":true,"href":"https:\/\/www.hginstrument.com\/es\/wp-json\/wp\/v2\/product_cat?post=5812"},{"taxonomy":"product_tag","embeddable":true,"href":"https:\/\/www.hginstrument.com\/es\/wp-json\/wp\/v2\/product_tag?post=5812"}],"curies":[{"name":"wp","href":"https:\/\/api.w.org\/{rel}","templated":true}]}}