{"id":5857,"date":"2023-12-24T22:37:02","date_gmt":"2023-12-24T14:37:02","guid":{"rendered":"https:\/\/www.hginstrument.com\/?post_type=product&#038;p=5857"},"modified":"2023-12-27T15:12:51","modified_gmt":"2023-12-27T07:12:51","slug":"restmo-water-flow-meter","status":"publish","type":"product","link":"https:\/\/www.hginstrument.com\/es\/magnetic-flow-meter\/restmo-water-flow-meter\/","title":{"rendered":"restmo water flow meter"},"content":{"rendered":"<p>Utilizing advanced technology and high-quality components, restmo water flow meter offers unparalleled accuracy and reliability. Its compact design allows for easy installation, making it suitable for both new and existing piping systems. With a wide variety of sizes and configurations available, restmo water flow meter can cater to the diverse needs of different industries.<\/p>\n<p>restmo water flow meter is equipped with a user-friendly interface that allows for easy operation and monitoring. It also offers a variety of installation options, including inline, insertion, and clamp-on, making it suitable for a wide range of pipelines and systems. Additionally, it is compatible with various communication protocols and can be integrated into existing systems seamlessly.<\/p>\n<p>Our restmo water flow meter comes with advanced data logging capabilities, allowing you to store and analyze flow data in real-time. It also has the ability to generate detailed reports and charts for better data visualization and analysis. With these features, you can track and optimize your flow processes for improved efficiency and cost-effectiveness.<\/p>\n<p>&nbsp;<\/p>\n<table class=\"table table-bordered\">\n<tbody>\n<tr>\n<td><span style=\"vertical-align: inherit;\"><span style=\"vertical-align: inherit;\">Tipo\uff1a<\/span><\/span><\/td>\n<td><span style=\"vertical-align: inherit;\">restmo water flow meter<\/span><\/td>\n<td><span style=\"vertical-align: inherit;\"><span style=\"vertical-align: inherit;\">Se\u00f1al de salida\uff1a<\/span><\/span><\/td>\n<td><span style=\"vertical-align: inherit;\"><span style=\"vertical-align: inherit;\">4-12mA, Pulso\/Frecuencia 2kHz(Predeterminado), 5KHz(Max)<\/span><\/span><\/td>\n<\/tr>\n<tr>\n<td><span style=\"vertical-align: inherit;\"><span style=\"vertical-align: inherit;\">Lugar de origen\uff1a<\/span><\/span><\/td>\n<td><span style=\"vertical-align: inherit;\"><span style=\"vertical-align: inherit;\">Jiangsu\uff0cChina<\/span><\/span><\/td>\n<td><span style=\"vertical-align: inherit;\"><span style=\"vertical-align: inherit;\">Incorporar tipo\uff1a<\/span><\/span><\/td>\n<td><span style=\"vertical-align: inherit;\"><span style=\"vertical-align: inherit;\">-10\u2103- +54\u2103<\/span><\/span><\/td>\n<\/tr>\n<tr>\n<td><span style=\"vertical-align: inherit;\"><span style=\"vertical-align: inherit;\">Garant\u00eda\uff1a<\/span><\/span><\/td>\n<td><span style=\"vertical-align: inherit;\"><span style=\"vertical-align: inherit;\">14 meses<\/span><\/span><\/td>\n<td><span style=\"vertical-align: inherit;\"><span style=\"vertical-align: inherit;\">Tensi\u00f3n de alimentaci\u00f3n\uff1a<\/span><\/span><\/td>\n<td><span style=\"vertical-align: inherit;\"><span style=\"vertical-align: inherit;\">110\/220VAC (100-240VAC), 50Hz\/60Hz; 24VDC\u00b110%<\/span><\/span><\/td>\n<\/tr>\n<tr>\n<td><span style=\"vertical-align: inherit;\"><span style=\"vertical-align: inherit;\">Asistencia personalizada\uff1a<\/span><\/span><\/td>\n<td><span style=\"vertical-align: inherit;\"><span style=\"vertical-align: inherit;\">OEM, ODM, OBM<\/span><\/span><\/td>\n<td><span style=\"vertical-align: inherit;\"><span style=\"vertical-align: inherit;\">Comunicaci\u00f3n digital\uff1a<\/span><\/span><\/td>\n<td><span style=\"vertical-align: inherit;\"><span style=\"vertical-align: inherit;\">RS-485, compatible con el protocolo est\u00e1ndar Mudbugs-RTU; GPRS<\/span><\/span><\/td>\n<\/tr>\n<tr>\n<td><span style=\"vertical-align: inherit;\"><span style=\"vertical-align: inherit;\">Marca\uff1a<\/span><\/span><\/td>\n<td><span style=\"vertical-align: inherit;\"><span style=\"vertical-align: inherit;\">GRUPO SUYI<\/span><\/span><\/td>\n<td><span style=\"vertical-align: inherit;\"><span style=\"vertical-align: inherit;\">Presi\u00f3n nominal\uff1a<\/span><\/span><\/td>\n<td><span style=\"vertical-align: inherit;\"><span style=\"vertical-align: inherit;\">1MPa (DN15-DN800), 1,6MPa(DN15-DN800), 2,5MPa(DN15-DN600)<\/span><\/span><\/td>\n<\/tr>\n<tr>\n<td><span style=\"vertical-align: inherit;\"><span style=\"vertical-align: inherit;\">N\u00famero de modelo\uff1a<\/span><\/span><\/td>\n<td><span style=\"vertical-align: inherit;\"><span style=\"vertical-align: inherit;\">otros<\/span><\/span><\/td>\n<td><span style=\"vertical-align: inherit;\"><span style=\"vertical-align: inherit;\">Sensor\uff1a<\/span><\/span><\/td>\n<td><span style=\"vertical-align: inherit;\"><span style=\"vertical-align: inherit;\">0\u2103- +80\u2103 o -25\u2103- +120\u2103 o +70\u2103- +250\u2103<\/span><\/span><\/td>\n<\/tr>\n<tr>\n<td><span style=\"vertical-align: inherit;\"><span style=\"vertical-align: inherit;\">Nombre del producto\uff1a<\/span><\/span><\/td>\n<td><span style=\"vertical-align: inherit;\"><span style=\"vertical-align: inherit;\">Medidor de caudal de agua qu\u00edmico digital inteligente electromagn\u00e9tico<\/span><\/span><\/td>\n<td><span style=\"vertical-align: inherit;\"><span style=\"vertical-align: inherit;\">Detalles del embalaje\uff1a<\/span><\/span><\/td>\n<td><span style=\"vertical-align: inherit;\"><span style=\"vertical-align: inherit;\">1 Juego por paquete o seg\u00fan pedido del cliente<\/span><\/span><\/td>\n<\/tr>\n<tr>\n<td><span style=\"vertical-align: inherit;\"><span style=\"vertical-align: inherit;\">Di\u00e1metro nominal\uff1a<\/span><\/span><\/td>\n<td><span style=\"vertical-align: inherit;\"><span style=\"vertical-align: inherit;\">3-3123mm<\/span><\/span><\/td>\n<td><span style=\"vertical-align: inherit;\"><span style=\"vertical-align: inherit;\">Capacidad de suministro\uff1a<\/span><\/span><\/td>\n<td><span style=\"vertical-align: inherit;\"><span style=\"vertical-align: inherit;\">2123 juegos\/juegos al mes<\/span><\/span><\/td>\n<\/tr>\n<tr>\n<td><span style=\"vertical-align: inherit;\"><span style=\"vertical-align: inherit;\">rango de velocidad\uff1a<\/span><\/span><\/td>\n<td><span style=\"vertical-align: inherit;\"><span style=\"vertical-align: inherit;\">0-8m\/s<\/span><\/span><\/td>\n<td><span style=\"vertical-align: inherit;\"><span style=\"vertical-align: inherit;\">Cantidad (juegos)\uff1a<\/span><\/span><\/td>\n<td><span style=\"vertical-align: inherit;\"><span style=\"vertical-align: inherit;\">&gt; 30<\/span><\/span><\/td>\n<\/tr>\n<tr>\n<td><span style=\"vertical-align: inherit;\"><span style=\"vertical-align: inherit;\">Grado de precisi\u00f3n\uff1a<\/span><\/span><\/td>\n<td><span style=\"vertical-align: inherit;\"><span style=\"vertical-align: inherit;\">\u00b10,5%R, \u00b11%R ( &lt; DN20)<\/span><\/span><\/td>\n<td><span style=\"vertical-align: inherit;\"><span style=\"vertical-align: inherit;\">Plazo de entrega (d\u00edas)\uff1a<\/span><\/span><\/td>\n<td><span style=\"vertical-align: inherit;\"><span style=\"vertical-align: inherit;\">A negociar<\/span><\/span><\/td>\n<\/tr>\n<\/tbody>\n<\/table>\n<p>&nbsp;<\/p>\n<p><strong><\/strong><\/p>\n<p style=\"text-align:center;\"><img src=\"https:\/\/www.hginstrument.com\/wp-content\/uploads\/2021\/07\/in-line-pipeline-type-hgd-electromagnetic-flow-meter.jpg\" atl=\"restmo water flow meter\" title=\"restmo water flow meter\"><\/p>\n<p><strong><\/strong><\/p>\n<p style=\"text-align:center;\"><img src=\"https:\/\/www.hginstrument.com\/wp-content\/uploads\/2021\/07\/insertion-01.jpg\" atl=\"restmo water flow meter\" title=\"restmo water flow meter\"><\/p>\n<p><strong><\/strong><\/p>\n<p style=\"text-align:center;\"><img src=\"https:\/\/www.hginstrument.com\/wp-content\/uploads\/2021\/07\/sanitary-mag-1.jpg\" atl=\"restmo water flow meter\" title=\"restmo water flow meter\"><\/p>\n<p><strong>restmo water flow meter FAQs Guide.<\/p>\n<p>At the heart of our restmo water flow meter series lies a commitment to excellence, blending advanced sensor technology with user-friendly interfaces. From liquid to gas, our meters deliver unparalleled accuracy, empowering you to make informed decisions and streamline operations. As we usher in a new era of fluid measurement, we invite you to explore the limitless possibilities that our restmo water flow meters unlock \u2013 where precision meets performance, and innovation flows seamlessly.<\/strong><\/p>\n<div style=\"border:3px solid #f89900;margin:20px 0;padding:20px;\"><a href=\"\/es\/restmo-water-flow-meter\/#01\">1.Does the explosion-proof performance of restmo water flow meter meet relevant standards?<\/a><br \/><a href=\"\/es\/restmo-water-flow-meter\/#02\">2.About restmo water flow meter overseas warehouse<\/a><br \/><a href=\"\/es\/restmo-water-flow-meter\/#03\">3.About restmo water flow meter overseas warehouse<\/a><br \/><a href=\"\/es\/restmo-water-flow-meter\/#04\">4.About restmo water flow meter payment method<\/a><br \/><a href=\"\/es\/restmo-water-flow-meter\/#05\">5.Does the restmo water flow meter have an automatic alarm function?<\/a><br \/><a href=\"\/es\/restmo-water-flow-meter\/#06\">6.About restmo water flow meter production capacity<\/a><br \/><a href=\"\/es\/restmo-water-flow-meter\/#07\">7.About the development history of restmo water flow meter factory<\/a><br \/><a href=\"\/es\/restmo-water-flow-meter\/#08\">8.What is the difference between restmo water flow meter SUYI group vs restmo water flow meter Endress+Hauser vs restmo water flow meter KROHNE<\/a><br \/><a href=\"\/es\/restmo-water-flow-meter\/#09\">9.About restmo water flow meter customization services<\/a><br \/><a href=\"\/es\/restmo-water-flow-meter\/#010\">10.Does the restmo water flow meter have multi-language display capabilities?<\/a><br \/><a href=\"\/es\/restmo-water-flow-meter\/#11\">11.About restmo water flow meter raw material procurement system<\/a><br \/><a href=\"\/es\/restmo-water-flow-meter\/#12\">12.What is the function of restmo water flow meter?<\/a><br \/><a href=\"\/es\/restmo-water-flow-meter\/#13\">13.About restmo water flow meter production skills training<\/a><br \/><a href=\"\/es\/restmo-water-flow-meter\/#14\">14.About restmo water flow meter technology<\/a><br \/><a href=\"\/es\/restmo-water-flow-meter\/#15\">15.Is the restmo water flow meter waterproof?<\/a><br \/><a href=\"\/es\/restmo-water-flow-meter\/#16\">16.About restmo water flow meter R&#038;D capabilities<\/a><br \/><a href=\"\/es\/restmo-water-flow-meter\/#17\">17.Does the restmo water flow meter have remote control capabilities?<\/a><\/div>\n<div name=\"01\" id=\"01\">\n<p><strong>1.Does the explosion-proof performance of restmo water flow meter meet relevant standards?<\/strong><\/p>\n<p>S\u00ed, las prestaciones antideflagrantes del caudal\u00edmetro cumplen las normas pertinentes. El caudal\u00edmetro debe estar certificado por un organismo de certificaci\u00f3n reconocido para garantizar que cumple los requisitos de las normas pertinentes.<\/p>\n<\/div>\n<div name=\"02\" id=\"02\">\n<p><strong>2.About restmo water flow meter overseas warehouse<\/strong><\/p>\n<p>Los almacenes de caudal\u00edmetros en el extranjero son almacenes situados en pa\u00edses extranjeros que almacenan caudal\u00edmetros y productos relacionados. Estos almacenes se utilizan para almacenar y distribuir caudal\u00edmetros a clientes de distintos pa\u00edses. Suelen estar situados en pa\u00edses que tienen una gran demanda de caudal\u00edmetros, como Estados Unidos, Canad\u00e1 y Europa. Los almacenes suelen ser propiedad y estar gestionados por el fabricante de los caudal\u00edmetros o por un proveedor log\u00edstico externo. Los almacenes suelen tener una gran variedad de caudal\u00edmetros, incluidos los digitales, anal\u00f3gicos y ultras\u00f3nicos. Tambi\u00e9n suelen almacenar piezas de repuesto y accesorios para los caudal\u00edmetros.<\/p>\n<\/div>\n<div name=\"03\" id=\"03\">\n<p><strong>3.About restmo water flow meter overseas warehouse<\/strong><\/p>\n<p>Los almacenes de caudal\u00edmetros en el extranjero son almacenes situados en pa\u00edses extranjeros que almacenan caudal\u00edmetros y productos relacionados. Estos almacenes se utilizan para almacenar y distribuir caudal\u00edmetros a clientes de distintos pa\u00edses. Suelen estar situados en pa\u00edses que tienen una gran demanda de caudal\u00edmetros, como Estados Unidos, Canad\u00e1 y Europa. Los almacenes suelen ser propiedad y estar gestionados por el fabricante de los caudal\u00edmetros o por un proveedor log\u00edstico externo. Los almacenes suelen tener una gran variedad de caudal\u00edmetros, incluidos los digitales, anal\u00f3gicos y ultras\u00f3nicos. Tambi\u00e9n suelen almacenar piezas de repuesto y accesorios para los caudal\u00edmetros.<\/p>\n<\/div>\n<div name=\"04\" id=\"04\">\n<p><strong>4.About restmo water flow meter payment method<\/strong><\/p>\n<p>El pago con caudal\u00edmetro es un m\u00e9todo de pago que utiliza un caudal\u00edmetro para medir la cantidad de energ\u00eda utilizada por un cliente. El cliente paga por la energ\u00eda utilizada en funci\u00f3n de la cantidad de energ\u00eda medida por el caudal\u00edmetro. Este m\u00e9todo de pago se utiliza a menudo en entornos comerciales e industriales, donde el consumo de energ\u00eda es elevado y debe controlarse con precisi\u00f3n. El pago con caudal\u00edmetro tambi\u00e9n se utiliza en algunos entornos residenciales, donde los clientes pueden pagar por su consumo de energ\u00eda en funci\u00f3n de la cantidad de energ\u00eda que utilizan.<\/p>\n<\/div>\n<div name=\"05\" id=\"05\">\n<p><strong>5.Does the restmo water flow meter have an automatic alarm function?<\/strong><\/p>\n<p>Nos adherimos al principio de que la calidad es lo primero y contamos con un completo sistema de gesti\u00f3n de la calidad de la producci\u00f3n y un proceso de inspecci\u00f3n de la calidad.<br \/>\nMuchos caudal\u00edmetros tienen una funci\u00f3n de alarma autom\u00e1tica, pero esto depende del modelo espec\u00edfico. Lo mejor es comprobar las especificaciones del producto para determinar si el caudal\u00edmetro que est\u00e1 considerando tiene esta funci\u00f3n.<\/p>\n<p><img src=\"https:\/\/www.hginstrument.com\/wp-content\/uploads\/2021\/07\/ltb-1.jpg\" alt=\"Does the restmo water flow meter have an automatic alarm function?\" title=\"Does the restmo water flow meter have an automatic alarm function?\" style=\"max-width: 100%;\"><\/div>\n<div name=\"06\" id=\"06\">\n<p><strong>6.About restmo water flow meter production capacity<\/strong><\/p>\n<p>La capacidad de producci\u00f3n de caudal\u00edmetros depende del tipo de caudal\u00edmetro que se fabrique. Por lo general, la capacidad de producci\u00f3n viene determinada por el tama\u00f1o de la instalaci\u00f3n de producci\u00f3n, el n\u00famero de m\u00e1quinas y personal disponible y el tipo de caudal\u00edmetro que se fabrica. Por ejemplo, una planta de producci\u00f3n especializada en la fabricaci\u00f3n de caudal\u00edmetros de turbina puede tener una capacidad de producci\u00f3n mayor que una planta de producci\u00f3n de caudal\u00edmetros ultras\u00f3nicos. Adem\u00e1s, la capacidad de producci\u00f3n de una instalaci\u00f3n puede verse afectada por la complejidad del caudal\u00edmetro fabricado, as\u00ed como por la disponibilidad de materias primas y componentes.<\/p>\n<\/div>\n<div name=\"07\" id=\"07\">\n<p><strong>7.About the development history of restmo water flow meter factory<\/strong><\/p>\n<p>La f\u00e1brica de caudal\u00edmetros se cre\u00f3 a principios de la d\u00e9cada de 1990. Fue fundada por un grupo de ingenieros y t\u00e9cnicos con amplia experiencia en el dise\u00f1o y la fabricaci\u00f3n de caudal\u00edmetros. La empresa se centr\u00f3 inicialmente en la producci\u00f3n de caudal\u00edmetros mec\u00e1nicos, pero pronto ampli\u00f3 su gama de productos para incluir caudal\u00edmetros electr\u00f3nicos. A lo largo de los a\u00f1os, la empresa ha desarrollado una amplia gama de caudal\u00edmetros para diversas aplicaciones, incluidas las industriales, comerciales y residenciales. La empresa tambi\u00e9n ha desarrollado una gama de soluciones de software y hardware para la medici\u00f3n y el control del caudal. En la actualidad, la empresa es uno de los principales fabricantes de caudal\u00edmetros y productos relacionados, y est\u00e1 reconocida como l\u00edder del sector.<\/p>\n<\/div>\n<div name=\"08\" id=\"08\">\n<p><strong>8.What is the difference between restmo water flow meter SUYI group vs restmo water flow meter Endress+Hauser vs restmo water flow meter KROHNE<\/strong><\/p>\n<p>Los caudal\u00edmetros del Grupo SUYI, Endress+Hauser y KROHNE miden el caudal de un l\u00edquido o gas. Sin embargo, cada fabricante ofrece distintos tipos de caudal\u00edmetros con caracter\u00edsticas y capacidades diferentes. <\/p>\n<p>El Grupo SUYI ofrece una gran variedad de caudal\u00edmetros, incluyendo caudal\u00edmetros electromagn\u00e9ticos, ultras\u00f3nicos y de v\u00f3rtice. Estos medidores est\u00e1n dise\u00f1ados para una amplia gama de aplicaciones, incluyendo agua, petr\u00f3leo y gas.<\/p>\n<p>Endress+Hauser ofrece una gama de caudal\u00edmetros, incluidos caudal\u00edmetros Coriolis, de v\u00f3rtice y ultras\u00f3nicos. Estos medidores est\u00e1n dise\u00f1ados para una variedad de aplicaciones, incluyendo agua, petr\u00f3leo y gas.<\/p>\n<p>KROHNE ofrece una gama de medidores de caudal, incluidos medidores Coriolis, vortex y ultras\u00f3nicos. Estos medidores est\u00e1n dise\u00f1ados para una gran variedad de aplicaciones, incluyendo agua, petr\u00f3leo y gas. KROHNE tambi\u00e9n ofrece una gama de caudal\u00edmetros especializados, como el OPTIFLUX y el OPTISWIRL, dise\u00f1ados para aplicaciones espec\u00edficas.<\/p>\n<\/div>\n<div name=\"09\" id=\"09\">\n<p><strong>9.About restmo water flow meter customization services<\/strong><\/p>\n<p>Los servicios de personalizaci\u00f3n de caudal\u00edmetros est\u00e1n dise\u00f1ados para ofrecer a los clientes una soluci\u00f3n a medida para sus necesidades espec\u00edficas de medici\u00f3n de caudal. Estos servicios pueden incluir la personalizaci\u00f3n del caudal\u00edmetro para adaptarlo a una aplicaci\u00f3n concreta, como un tama\u00f1o de tuber\u00eda o un caudal espec\u00edficos, o para cumplir un determinado requisito de precisi\u00f3n. Los servicios de personalizaci\u00f3n tambi\u00e9n pueden incluir la modificaci\u00f3n del caudal\u00edmetro para incluir funciones adicionales, como una pantalla o capacidades de registro de datos. Los servicios de personalizaci\u00f3n de caudal\u00edmetros tambi\u00e9n pueden incluir la instalaci\u00f3n del caudal\u00edmetro, as\u00ed como la prestaci\u00f3n de asistencia t\u00e9cnica y mantenimiento.<\/p>\n<\/div>\n<div name=\"010\" id=\"010\">\n<p><strong>10.Does the restmo water flow meter have multi-language display capabilities?<\/strong><\/p>\n<p>As one of the top restmo water flow meter manufacturers in China, we take this very seriously.<br \/>\nS\u00ed, algunos caudal\u00edmetros disponen de pantalla multiling\u00fce. Sin embargo, esta funci\u00f3n no est\u00e1 disponible en todos los modelos. Lo mejor es comprobar con el fabricante si el modelo espec\u00edfico que le interesa dispone de esta funci\u00f3n.<\/p>\n<p><img src=\"https:\/\/www.hginstrument.com\/wp-content\/uploads\/2021\/07\/hgdu600-p-1.jpg\" alt=\"Does the restmo water flow meter have multi-language display capabilities?\" title=\"Does the restmo water flow meter have multi-language display capabilities?\" style=\"max-width: 100%;\"><\/div>\n<div name=\"11\" id=\"11\">\n<p><strong>11.About restmo water flow meter raw material procurement system<\/strong><\/p>\n<p>Un sistema de adquisici\u00f3n de materias primas para caudal\u00edmetros es una soluci\u00f3n de software dise\u00f1ada para agilizar el proceso de compra de materias primas para la producci\u00f3n de caudal\u00edmetros. El sistema permite a los usuarios buscar y comprar de forma r\u00e1pida y sencilla los componentes necesarios para la producci\u00f3n de caudal\u00edmetros. Tambi\u00e9n proporciona informaci\u00f3n detallada sobre los componentes, incluidos precios, disponibilidad y plazos de entrega. El sistema tambi\u00e9n permite a los usuarios hacer un seguimiento de sus pedidos y gestionar su inventario. Esto ayuda a garantizar que los componentes adecuados est\u00e9n siempre disponibles cuando se necesiten.<\/p>\n<\/div>\n<div name=\"12\" id=\"12\">\n<p><strong>12.What is the function of restmo water flow meter?<\/strong><\/p>\n<p>Our company has many years of restmo water flow meter experience and expertise.<br \/>\nUn caudal\u00edmetro es un dispositivo utilizado para medir el caudal o la cantidad de gas o l\u00edquido que circula por una tuber\u00eda. Se utiliza para medir el caudal de un l\u00edquido o gas en un conducto cerrado. Los caudal\u00edmetros se utilizan en diversos sectores, como el tratamiento de aguas y aguas residuales, el petr\u00f3leo y el gas, y el procesamiento qu\u00edmico.<\/p>\n<\/div>\n<div name=\"13\" id=\"13\">\n<p><strong>13.About restmo water flow meter production skills training<\/strong><\/p>\n<p>La formaci\u00f3n en t\u00e9cnicas de producci\u00f3n de caudal\u00edmetros est\u00e1 dise\u00f1ada para ense\u00f1ar a t\u00e9cnicos e ingenieros los conocimientos necesarios para producir y mantener caudal\u00edmetros. La formaci\u00f3n abarca temas como los principios de la medici\u00f3n de caudal, los tipos de caudal\u00edmetros disponibles, la instalaci\u00f3n y el mantenimiento de los caudal\u00edmetros y las t\u00e9cnicas de resoluci\u00f3n de problemas. La formaci\u00f3n tambi\u00e9n abarca el uso de programas inform\u00e1ticos para analizar e interpretar los datos de caudal. La formaci\u00f3n suele impartirse en un aula y puede incluir actividades pr\u00e1cticas.<\/p>\n<\/div>\n<div name=\"14\" id=\"14\">\n<p><strong>14.About restmo water flow meter technology<\/strong><\/p>\n<p>La tecnolog\u00eda de caudal\u00edmetros es un tipo de tecnolog\u00eda de medici\u00f3n utilizada para medir el caudal de un fluido o gas. Se utiliza en diversas industrias, como las del petr\u00f3leo y el gas, el agua y las aguas residuales, y el procesamiento qu\u00edmico. Los caudal\u00edmetros miden el caudal de un fluido o gas midiendo la presi\u00f3n, la velocidad u otras propiedades f\u00edsicas del fluido o gas. Los caudal\u00edmetros pueden utilizarse para medir el caudal de l\u00edquidos, gases y vapor. Se utilizan para medir el caudal de una gran variedad de fluidos, como agua, aceite y productos qu\u00edmicos. Los caudal\u00edmetros se utilizan en diversas aplicaciones, como el control de procesos, la gesti\u00f3n de la energ\u00eda y la supervisi\u00f3n de la seguridad.<\/p>\n<\/div>\n<div name=\"15\" id=\"15\">\n<p><strong>15.Is the restmo water flow meter waterproof?<\/strong><\/p>\n<p>Nos centramos en las necesidades de nuestros clientes y nos esforzamos por satisfacer sus expectativas, por lo que nos lo tomamos muy en serio.<br \/>\nNo, la mayor\u00eda de los caudal\u00edmetros no son impermeables. Sin embargo, algunos modelos pueden estar dise\u00f1ados para ser resistentes al agua o impermeables. Es importante comprobar las especificaciones del caudal\u00edmetro para determinar si es adecuado para su uso en entornos h\u00famedos o mojados.<\/p>\n<p><img src=\"https:\/\/www.hginstrument.com\/wp-content\/uploads\/2021\/07\/hls-2000h-m2.jpg\" alt=\"Is the restmo water flow meter waterproof?\" title=\"Is the restmo water flow meter waterproof?\" style=\"max-width: 100%;\"><\/div>\n<div name=\"16\" id=\"16\">\n<p><strong>16.About restmo water flow meter R&#038;D capabilities<\/strong><\/p>\n<p>Las capacidades de I+D en caudal\u00edmetros se refieren a la capacidad de una empresa u organizaci\u00f3n para investigar, desarrollar y fabricar caudal\u00edmetros. Esto incluye la capacidad de dise\u00f1ar, probar y fabricar caudal\u00edmetros que cumplan los requisitos del cliente y las normas del sector. Tambi\u00e9n incluye la capacidad de desarrollar nuevas tecnolog\u00edas y productos para satisfacer las necesidades cambiantes de la industria. Las empresas con una s\u00f3lida capacidad de I+D pueden adelantarse a la competencia y ofrecer a sus clientes los caudal\u00edmetros m\u00e1s avanzados y fiables.<\/p>\n<\/div>\n<div name=\"17\" id=\"17\">\n<p><strong>17.Does the restmo water flow meter have remote control capabilities?<\/strong><\/p>\n<p>Nos centramos en las necesidades de nuestros clientes y nos esforzamos por satisfacer sus expectativas, por lo que nos lo tomamos muy en serio.<br \/>\nDepende del modelo concreto de caudal\u00edmetro. Algunos modelos pueden tener capacidad de control remoto, mientras que otros no.<\/p>\n<\/div>\n<p>Etiqueta\uff1a<a href=\"\/es\/magnetic-flow-meter\/flowatch-flow-meter\/\">flowatch flow meter<\/a>,<a href=\"\/es\/magnetic-flow-meter\/3-4-flow-meter\/\">3 4 caudal\u00edmetro<\/a>,<a href=\"\/es\/magnetic-flow-meter\/spirometer-peak-flow-meter\/\">espir\u00f3metro medidor de flujo m\u00e1ximo<\/a>,<a href=\"\/es\/magnetic-flow-meter\/hose-water-flow-meter\/\">caudal\u00edmetro de manguera<\/a><\/p>\n<p><\/p>","protected":false},"excerpt":{"rendered":"<p><strong>Datos t\u00e9cnicos<\/strong><br \/>\nPuede servir para fluidos l\u00edquidos o gaseosos, normalmente se utiliza para medir el caudal de vapor, aire y gas natural.<br \/>\nTama\u00f1o del contador: Tipo en l\u00ednea: DN25 - DN300<br \/>\nOpci\u00f3n de material mojado: SS304, SS316<br \/>\nTemperatura de funcionamiento: \u2264250\u2103<br \/>\nConexi\u00f3n a proceso: Wafer \/ Brida \/ Tri-clamp para tipo en l\u00ednea<br \/>\nPrecisi\u00f3n de medici\u00f3n: 1,0 % - 1,5% del intervalo de calibraci\u00f3n<br \/>\nIndicador digital: muestra el caudal instant\u00e1neo y el caudal total<br \/>\nAlimentaci\u00f3n: 24VDC, Salida: 4-20mA<\/p>\n<p><strong>caracter\u00edsticas<\/strong><br \/>\n1.Puntos de consigna ON\/OFF ajustables<br \/>\n2.Modo de alarma de caudal alto o bajo<br \/>\n3.Tiempo de retardo ajustable<br \/>\n4.LED de estado del rel\u00e9<\/p>","protected":false},"featured_media":3691,"comment_status":"closed","ping_status":"closed","template":"","meta":[],"product_cat":[2372],"product_tag":[],"acf":[],"_links":{"self":[{"href":"https:\/\/www.hginstrument.com\/es\/wp-json\/wp\/v2\/product\/5857"}],"collection":[{"href":"https:\/\/www.hginstrument.com\/es\/wp-json\/wp\/v2\/product"}],"about":[{"href":"https:\/\/www.hginstrument.com\/es\/wp-json\/wp\/v2\/types\/product"}],"replies":[{"embeddable":true,"href":"https:\/\/www.hginstrument.com\/es\/wp-json\/wp\/v2\/comments?post=5857"}],"wp:featuredmedia":[{"embeddable":true,"href":"https:\/\/www.hginstrument.com\/es\/wp-json\/wp\/v2\/media\/3691"}],"wp:attachment":[{"href":"https:\/\/www.hginstrument.com\/es\/wp-json\/wp\/v2\/media?parent=5857"}],"wp:term":[{"taxonomy":"product_cat","embeddable":true,"href":"https:\/\/www.hginstrument.com\/es\/wp-json\/wp\/v2\/product_cat?post=5857"},{"taxonomy":"product_tag","embeddable":true,"href":"https:\/\/www.hginstrument.com\/es\/wp-json\/wp\/v2\/product_tag?post=5857"}],"curies":[{"name":"wp","href":"https:\/\/api.w.org\/{rel}","templated":true}]}}