{"id":5921,"date":"2023-12-25T01:13:45","date_gmt":"2023-12-24T17:13:45","guid":{"rendered":"https:\/\/www.hginstrument.com\/?post_type=product&#038;p=5921"},"modified":"2023-12-27T14:25:10","modified_gmt":"2023-12-27T06:25:10","slug":"smc-flow-meter","status":"publish","type":"product","link":"https:\/\/www.hginstrument.com\/es\/magnetic-flow-meter\/smc-flow-meter\/","title":{"rendered":"caudal\u00edmetro smc"},"content":{"rendered":"<p>Nuestro caudal\u00edmetro smc es un producto de vanguardia que garantiza una medici\u00f3n de caudal precisa y fiable para una amplia gama de aplicaciones industriales. Equipado con tecnolog\u00eda avanzada y sensores precisos, garantiza una medici\u00f3n precisa y coherente de los caudales de l\u00edquidos y gases. <\/p>\n<p>El caudal\u00edmetro smc est\u00e1 equipado con una interfaz f\u00e1cil de usar que permite un manejo y una supervisi\u00f3n sencillos. Tambi\u00e9n ofrece diversas opciones de instalaci\u00f3n, como en l\u00ednea, de inserci\u00f3n y con abrazadera, lo que lo hace adecuado para una amplia gama de tuber\u00edas y sistemas. Adem\u00e1s, es compatible con varios protocolos de comunicaci\u00f3n y puede integrarse sin problemas en los sistemas existentes.<\/p>\n<p>Nuestro caudal\u00edmetro smc incorpora funciones avanzadas de registro de datos, lo que le permite almacenar y analizar los datos de caudal en tiempo real. Tambi\u00e9n tiene la capacidad de generar informes y gr\u00e1ficos detallados para una mejor visualizaci\u00f3n y an\u00e1lisis de los datos. Con estas caracter\u00edsticas, puede realizar un seguimiento y optimizar sus procesos de flujo para mejorar la eficiencia y la rentabilidad.<\/p>\n<p>&nbsp;<\/p>\n<table class=\"table table-bordered\">\n<tbody>\n<tr>\n<td><span style=\"vertical-align: inherit;\"><span style=\"vertical-align: inherit;\">Tipo\uff1a<\/span><\/span><\/td>\n<td><span style=\"vertical-align: inherit;\">caudal\u00edmetro smc<\/span><\/td>\n<td><span style=\"vertical-align: inherit;\"><span style=\"vertical-align: inherit;\">Se\u00f1al de salida\uff1a<\/span><\/span><\/td>\n<td><span style=\"vertical-align: inherit;\"><span style=\"vertical-align: inherit;\">4-12mA, Pulso\/Frecuencia 2kHz(Predeterminado), 5KHz(Max)<\/span><\/span><\/td>\n<\/tr>\n<tr>\n<td><span style=\"vertical-align: inherit;\"><span style=\"vertical-align: inherit;\">Lugar de origen\uff1a<\/span><\/span><\/td>\n<td><span style=\"vertical-align: inherit;\"><span style=\"vertical-align: inherit;\">Jiangsu\uff0cChina<\/span><\/span><\/td>\n<td><span style=\"vertical-align: inherit;\"><span style=\"vertical-align: inherit;\">Incorporar tipo\uff1a<\/span><\/span><\/td>\n<td><span style=\"vertical-align: inherit;\"><span style=\"vertical-align: inherit;\">-10\u2103- +59\u2103<\/span><\/span><\/td>\n<\/tr>\n<tr>\n<td><span style=\"vertical-align: inherit;\"><span style=\"vertical-align: inherit;\">Garant\u00eda\uff1a<\/span><\/span><\/td>\n<td><span style=\"vertical-align: inherit;\"><span style=\"vertical-align: inherit;\">20 meses<\/span><\/span><\/td>\n<td><span style=\"vertical-align: inherit;\"><span style=\"vertical-align: inherit;\">Tensi\u00f3n de alimentaci\u00f3n\uff1a<\/span><\/span><\/td>\n<td><span style=\"vertical-align: inherit;\"><span style=\"vertical-align: inherit;\">110\/220VAC (100-240VAC), 50Hz\/60Hz; 24VDC\u00b110%<\/span><\/span><\/td>\n<\/tr>\n<tr>\n<td><span style=\"vertical-align: inherit;\"><span style=\"vertical-align: inherit;\">Asistencia personalizada\uff1a<\/span><\/span><\/td>\n<td><span style=\"vertical-align: inherit;\"><span style=\"vertical-align: inherit;\">OEM, ODM, OBM<\/span><\/span><\/td>\n<td><span style=\"vertical-align: inherit;\"><span style=\"vertical-align: inherit;\">Comunicaci\u00f3n digital\uff1a<\/span><\/span><\/td>\n<td><span style=\"vertical-align: inherit;\"><span style=\"vertical-align: inherit;\">RS-485, compatible con el protocolo est\u00e1ndar Mudbugs-RTU; GPRS<\/span><\/span><\/td>\n<\/tr>\n<tr>\n<td><span style=\"vertical-align: inherit;\"><span style=\"vertical-align: inherit;\">Marca\uff1a<\/span><\/span><\/td>\n<td><span style=\"vertical-align: inherit;\"><span style=\"vertical-align: inherit;\">GRUPO SUYI<\/span><\/span><\/td>\n<td><span style=\"vertical-align: inherit;\"><span style=\"vertical-align: inherit;\">Presi\u00f3n nominal\uff1a<\/span><\/span><\/td>\n<td><span style=\"vertical-align: inherit;\"><span style=\"vertical-align: inherit;\">1MPa (DN15-DN800), 1,6MPa(DN15-DN800), 2,5MPa(DN15-DN600)<\/span><\/span><\/td>\n<\/tr>\n<tr>\n<td><span style=\"vertical-align: inherit;\"><span style=\"vertical-align: inherit;\">N\u00famero de modelo\uff1a<\/span><\/span><\/td>\n<td><span style=\"vertical-align: inherit;\"><span style=\"vertical-align: inherit;\">otros<\/span><\/span><\/td>\n<td><span style=\"vertical-align: inherit;\"><span style=\"vertical-align: inherit;\">Sensor\uff1a<\/span><\/span><\/td>\n<td><span style=\"vertical-align: inherit;\"><span style=\"vertical-align: inherit;\">0\u2103- +80\u2103 o -25\u2103- +120\u2103 o +70\u2103- +250\u2103<\/span><\/span><\/td>\n<\/tr>\n<tr>\n<td><span style=\"vertical-align: inherit;\"><span style=\"vertical-align: inherit;\">Nombre del producto\uff1a<\/span><\/span><\/td>\n<td><span style=\"vertical-align: inherit;\"><span style=\"vertical-align: inherit;\">Medidor de caudal de agua qu\u00edmico digital inteligente electromagn\u00e9tico<\/span><\/span><\/td>\n<td><span style=\"vertical-align: inherit;\"><span style=\"vertical-align: inherit;\">Detalles del embalaje\uff1a<\/span><\/span><\/td>\n<td><span style=\"vertical-align: inherit;\"><span style=\"vertical-align: inherit;\">1 Juego por paquete o seg\u00fan pedido del cliente<\/span><\/span><\/td>\n<\/tr>\n<tr>\n<td><span style=\"vertical-align: inherit;\"><span style=\"vertical-align: inherit;\">Di\u00e1metro nominal\uff1a<\/span><\/span><\/td>\n<td><span style=\"vertical-align: inherit;\"><span style=\"vertical-align: inherit;\">3-3066 mm<\/span><\/span><\/td>\n<td><span style=\"vertical-align: inherit;\"><span style=\"vertical-align: inherit;\">Capacidad de suministro\uff1a<\/span><\/span><\/td>\n<td><span style=\"vertical-align: inherit;\"><span style=\"vertical-align: inherit;\">2109 juegos\/conjuntos al mes<\/span><\/span><\/td>\n<\/tr>\n<tr>\n<td><span style=\"vertical-align: inherit;\"><span style=\"vertical-align: inherit;\">rango de velocidad\uff1a<\/span><\/span><\/td>\n<td><span style=\"vertical-align: inherit;\"><span style=\"vertical-align: inherit;\">0-12 m\/s<\/span><\/span><\/td>\n<td><span style=\"vertical-align: inherit;\"><span style=\"vertical-align: inherit;\">Cantidad (juegos)\uff1a<\/span><\/span><\/td>\n<td><span style=\"vertical-align: inherit;\"><span style=\"vertical-align: inherit;\">&gt; 30<\/span><\/span><\/td>\n<\/tr>\n<tr>\n<td><span style=\"vertical-align: inherit;\"><span style=\"vertical-align: inherit;\">Grado de precisi\u00f3n\uff1a<\/span><\/span><\/td>\n<td><span style=\"vertical-align: inherit;\"><span style=\"vertical-align: inherit;\">\u00b10,5%R, \u00b11%R ( &lt; DN20)<\/span><\/span><\/td>\n<td><span style=\"vertical-align: inherit;\"><span style=\"vertical-align: inherit;\">Plazo de entrega (d\u00edas)\uff1a<\/span><\/span><\/td>\n<td><span style=\"vertical-align: inherit;\"><span style=\"vertical-align: inherit;\">A negociar<\/span><\/span><\/td>\n<\/tr>\n<\/tbody>\n<\/table>\n<p>&nbsp;<\/p>\n<p><strong><\/strong><\/p>\n<p style=\"text-align:center;\"><img src=\"https:\/\/www.hginstrument.com\/wp-content\/uploads\/2021\/07\/in-line-pipeline-type-hgd-electromagnetic-flow-meter.jpg\" atl=\"smc flow meter\" title=\"caudal\u00edmetro smc\"><\/p>\n<p><strong><\/strong><\/p>\n<p style=\"text-align:center;\"><img src=\"https:\/\/www.hginstrument.com\/wp-content\/uploads\/2021\/07\/insertion-01.jpg\" atl=\"smc flow meter\" title=\"caudal\u00edmetro smc\"><\/p>\n<p><strong><\/strong><\/p>\n<p style=\"text-align:center;\"><img src=\"https:\/\/www.hginstrument.com\/wp-content\/uploads\/2021\/07\/sanitary-mag-1.jpg\" atl=\"smc flow meter\" title=\"caudal\u00edmetro smc\"><\/p>\n<p><strong>Gu\u00eda de preguntas frecuentes sobre caudal\u00edmetros smc.<\/p>\n<p>En el coraz\u00f3n de nuestra serie de caudal\u00edmetros smc se encuentra el compromiso con la excelencia, que combina una avanzada tecnolog\u00eda de sensores con interfaces f\u00e1ciles de usar. Desde l\u00edquidos a gases, nuestros medidores ofrecen una precisi\u00f3n sin precedentes, permiti\u00e9ndole tomar decisiones informadas y agilizar las operaciones. A medida que iniciamos una nueva era en la medici\u00f3n de fluidos, le invitamos a explorar las posibilidades ilimitadas que abren nuestros caudal\u00edmetros smc, donde la precisi\u00f3n se une al rendimiento y la innovaci\u00f3n fluye a la perfecci\u00f3n.<\/strong><\/p>\n<div style=\"border:3px solid #f89900;margin:20px 0;padding:20px;\"><a href=\"\/es\/smc-flow-meter\/#01\">1.Acerca de la forma de pago del caudal\u00edmetro smc<\/a><br \/><a href=\"\/es\/smc-flow-meter\/#02\">2.\u00bfC\u00f3mo se conecta el caudal\u00edmetro smc con otros dispositivos y transmite los datos?<\/a><br \/><a href=\"\/es\/smc-flow-meter\/#03\">3.\u00bfSe puede equipar el caudal\u00edmetro smc con sensores de distinta precisi\u00f3n?<\/a><br \/><a href=\"\/es\/smc-flow-meter\/#04\">4.\u00bfCu\u00e1l es el rango de medici\u00f3n del caudal\u00edmetro smc?<\/a><br \/><a href=\"\/es\/smc-flow-meter\/#05\">5.\u00bfPueden emitirse y registrarse a distancia los resultados de medici\u00f3n del caudal\u00edmetro smc?<\/a><br \/><a href=\"\/es\/smc-flow-meter\/#06\">6.\u00bfTiene el caudal\u00edmetro smc funci\u00f3n de supervisi\u00f3n en tiempo real?<\/a><br \/><a href=\"\/es\/smc-flow-meter\/#07\">7.Acerca de la formaci\u00f3n en producci\u00f3n de caudal\u00edmetros smc<\/a><br \/><a href=\"\/es\/smc-flow-meter\/#08\">8.\u00bfCu\u00e1l es la diferencia entre el caudal\u00edmetro smc SUYI group vs el caudal\u00edmetro smc Yokogawa vs el caudal\u00edmetro smc ABB<\/a><br \/><a href=\"\/es\/smc-flow-meter\/#09\">9.Acerca de las materias primas del caudal\u00edmetro smc<\/a><br \/><a href=\"\/es\/smc-flow-meter\/#010\">10.\u00bfCu\u00e1l es el peso y las dimensiones del caudal\u00edmetro smc?<\/a><br \/><a href=\"\/es\/smc-flow-meter\/#11\">11.\u00bfEs sustituible la unidad de medida del caudal\u00edmetro smc?<\/a><br \/><a href=\"\/es\/smc-flow-meter\/#12\">12.Acerca del origen del caudal\u00edmetro smc<\/a><br \/><a href=\"\/es\/smc-flow-meter\/#13\">13.\u00bfCu\u00e1les son los requisitos para la ubicaci\u00f3n espec\u00edfica de instalaci\u00f3n del caudal\u00edmetro smc?<\/a><br \/><a href=\"\/es\/smc-flow-meter\/#14\">14.Acerca de los servicios de personalizaci\u00f3n de caudal\u00edmetros smc<\/a><br \/><a href=\"\/es\/smc-flow-meter\/#15\">15.Acerca de la fecha de entrega del caudal\u00edmetro smc<\/a><\/div>\n<div name=\"01\" id=\"01\">\n<p><strong>1.Acerca de la forma de pago del caudal\u00edmetro smc<\/strong><\/p>\n<p>El pago con caudal\u00edmetro es un m\u00e9todo de pago que utiliza un caudal\u00edmetro para medir la cantidad de energ\u00eda utilizada por un cliente. El cliente paga por la energ\u00eda utilizada en funci\u00f3n de la cantidad de energ\u00eda medida por el caudal\u00edmetro. Este m\u00e9todo de pago se utiliza a menudo en entornos comerciales e industriales, donde el consumo de energ\u00eda es elevado y debe controlarse con precisi\u00f3n. El pago con caudal\u00edmetro tambi\u00e9n se utiliza en algunos entornos residenciales, donde los clientes pueden pagar por su consumo de energ\u00eda en funci\u00f3n de la cantidad de energ\u00eda que utilizan.<\/p>\n<\/div>\n<div name=\"02\" id=\"02\">\n<p><strong>2.\u00bfC\u00f3mo se conecta el caudal\u00edmetro smc con otros dispositivos y transmite los datos?<\/strong><\/p>\n<p>El caudal\u00edmetro smc no es s\u00f3lo un producto, sino que tambi\u00e9n puede ayudarle a ganar dinero.<br \/>\nLos caudal\u00edmetros pueden conectarse con otros dispositivos y transmitir datos a trav\u00e9s de diversos m\u00e9todos, como conexiones por cable, conexiones inal\u00e1mbricas y protocolos de comunicaci\u00f3n serie. Las conexiones por cable pueden incluir RS-232, RS-485 y USB. Las conexiones inal\u00e1mbricas pueden incluir Bluetooth, Wi-Fi y redes celulares. Los protocolos de comunicaci\u00f3n serie pueden incluir Modbus, HART y Profibus.<\/p>\n<p><img src=\"https:\/\/www.hginstrument.com\/wp-content\/uploads\/2021\/07\/nozzle-1.jpg\" alt=\"\u00bfC\u00f3mo se conecta el caudal\u00edmetro smc con otros dispositivos y transmite datos?\" title=\"\u00bfC\u00f3mo se conecta el caudal\u00edmetro smc con otros dispositivos y transmite datos?\" style=\"max-width: 100%;\"><\/div>\n<div name=\"03\" id=\"03\">\n<p><strong>3.\u00bfSe puede equipar el caudal\u00edmetro smc con sensores de distinta precisi\u00f3n?<\/strong><\/p>\n<p>S\u00ed, los caudal\u00edmetros pueden equiparse con sensores de distinta precisi\u00f3n. Existen distintos tipos de caudal\u00edmetros con diferentes niveles de precisi\u00f3n, en funci\u00f3n de la aplicaci\u00f3n. Por ejemplo, los caudal\u00edmetros de turbina suelen ser m\u00e1s precisos que los de rueda de paletas.<\/p>\n<\/div>\n<div name=\"04\" id=\"04\">\n<p><strong>4.\u00bfCu\u00e1l es el rango de medici\u00f3n del caudal\u00edmetro smc?<\/strong><\/p>\n<p>Actualizamos continuamente nuestras habilidades y conocimientos para adaptarnos a las cambiantes necesidades del mercado de caudal\u00edmetros smc.<br \/>\nEl rango de medici\u00f3n de un caudal\u00edmetro depende del tipo de caudal\u00edmetro que se utilice. Por lo general, el rango de medici\u00f3n de un caudal\u00edmetro puede oscilar entre 0,01 y 1.000 litros por minuto.<\/p>\n<p><img src=\"https:\/\/www.hginstrument.com\/wp-content\/uploads\/2021\/07\/hgtf-6.jpg\" alt=\"\u00bfCu\u00e1l es el rango de medici\u00f3n del caudal\u00edmetro smc?\" title=\"\u00bfCu\u00e1l es el rango de medici\u00f3n del caudal\u00edmetro smc?\" style=\"max-width: 100%;\"><\/div>\n<div name=\"05\" id=\"05\">\n<p><strong>5.\u00bfPueden emitirse y registrarse a distancia los resultados de medici\u00f3n del caudal\u00edmetro smc?<\/strong><\/p>\n<p>S\u00ed, muchos caudal\u00edmetros est\u00e1n equipados con salida remota y capacidad de registro. Esto permite a los usuarios supervisar y registrar datos de caudal desde una ubicaci\u00f3n remota.<\/p>\n<\/div>\n<div name=\"06\" id=\"06\">\n<p><strong>6.\u00bfTiene el caudal\u00edmetro smc funci\u00f3n de supervisi\u00f3n en tiempo real?<\/strong><\/p>\n<p>S\u00ed, algunos caudal\u00edmetros tienen funciones de supervisi\u00f3n en tiempo real. Estos contadores suelen estar equipados con sensores que miden el caudal y transmiten los datos a un sistema de supervisi\u00f3n. Esto permite controlar en tiempo real el caudal y otros par\u00e1metros.<\/p>\n<p><img src=\"https:\/\/www.hginstrument.com\/wp-content\/uploads\/2021\/07\/hg-50-7.jpg\" alt=\"\u00bfDispone el caudal\u00edmetro smc de funci\u00f3n de supervisi\u00f3n en tiempo real?\" title=\"\u00bfDispone el caudal\u00edmetro smc de funci\u00f3n de supervisi\u00f3n en tiempo real?\" style=\"max-width: 100%;\"><\/div>\n<div name=\"07\" id=\"07\">\n<p><strong>7.Acerca de la formaci\u00f3n en producci\u00f3n de caudal\u00edmetros smc<\/strong><\/p>\n<p>La formaci\u00f3n en t\u00e9cnicas de producci\u00f3n de caudal\u00edmetros est\u00e1 dise\u00f1ada para ense\u00f1ar a t\u00e9cnicos e ingenieros los conocimientos necesarios para producir y mantener caudal\u00edmetros. La formaci\u00f3n abarca temas como los principios de la medici\u00f3n de caudal, los tipos de caudal\u00edmetros disponibles, la instalaci\u00f3n y el mantenimiento de los caudal\u00edmetros y las t\u00e9cnicas de resoluci\u00f3n de problemas. La formaci\u00f3n tambi\u00e9n abarca el uso de programas inform\u00e1ticos para analizar e interpretar los datos de caudal. La formaci\u00f3n suele impartirse en un aula y puede incluir actividades pr\u00e1cticas.<\/p>\n<\/div>\n<div name=\"08\" id=\"08\">\n<p><strong>8.\u00bfCu\u00e1l es la diferencia entre el caudal\u00edmetro smc SUYI group vs el caudal\u00edmetro smc Yokogawa vs el caudal\u00edmetro smc ABB<\/strong><\/p>\n<p>Los caudal\u00edmetros de SUYI Group, Yokogawa y ABB miden el caudal de un fluido, pero difieren en t\u00e9rminos de precisi\u00f3n, caracter\u00edsticas y coste. Los caudal\u00edmetros de SUYI Group suelen ser m\u00e1s asequibles que los de Yokogawa y ABB, pero es posible que no tengan tantas funciones ni una precisi\u00f3n tan alta. Los medidores de flujo de Yokogawa son conocidos por su precisi\u00f3n y confiabilidad, pero tienden a ser m\u00e1s caros que los de SUYI Group y ABB. Los caudal\u00edmetros ABB son conocidos por su robustez y durabilidad, pero tambi\u00e9n son m\u00e1s caros que las otras dos marcas.<\/p>\n<p><img src=\"https:\/\/www.hginstrument.com\/wp-content\/uploads\/2021\/07\/hls-2000uf-1.jpg\" alt=\"\u00bfCu\u00e1l es la diferencia entre caudal\u00edmetro smc SUYI group vs caudal\u00edmetro smc Yokogawa vs caudal\u00edmetro smc ABB\" title=\"\u00bfCu\u00e1l es la diferencia entre caudal\u00edmetro smc SUYI group vs caudal\u00edmetro smc Yokogawa vs caudal\u00edmetro smc ABB\" style=\"max-width: 100%;\"><\/div>\n<div name=\"09\" id=\"09\">\n<p><strong>9.Acerca de las materias primas del caudal\u00edmetro smc<\/strong><\/p>\n<p>Las materias primas de los caudal\u00edmetros suelen estar hechas de una variedad de metales, pl\u00e1sticos y compuestos. Entre los materiales m\u00e1s comunes utilizados en los caudal\u00edmetros se encuentran el acero inoxidable, el lat\u00f3n, el aluminio, el cloruro de polivinilo (PVC), el polipropileno (PP) y el politetrafluoroetileno (PTFE). El material utilizado en un caudal\u00edmetro depende de la aplicaci\u00f3n y del tipo de fluido que se mida. Por ejemplo, el acero inoxidable suele utilizarse para medir fluidos corrosivos, mientras que el PVC suele emplearse para medir agua.<\/p>\n<\/div>\n<div name=\"010\" id=\"010\">\n<p><strong>10.\u00bfCu\u00e1l es el peso y las dimensiones del caudal\u00edmetro smc?<\/strong><\/p>\n<p>Nuestros productos y servicios cubren una amplia gama de \u00e1mbitos y satisfacen las necesidades de diferentes campos.<br \/>\nEl peso y las dimensiones del caudal\u00edmetro dependen del modelo espec\u00edfico y del fabricante. Por lo general, el tama\u00f1o de los caudal\u00edmetros oscila entre peque\u00f1os dispositivos manuales y grandes unidades industriales. El peso de un caudal\u00edmetro puede oscilar entre unas pocas onzas y varios cientos de libras.<\/p>\n<p><img src=\"https:\/\/www.hginstrument.com\/wp-content\/uploads\/2021\/07\/insertion-01.jpg\" alt=\"\u00bfCu\u00e1l es el peso y las dimensiones del caudal\u00edmetro smc?\" title=\"\u00bfCu\u00e1l es el peso y las dimensiones del caudal\u00edmetro smc?\" style=\"max-width: 100%;\"><\/div>\n<div name=\"11\" id=\"11\">\n<p><strong>11.\u00bfEs sustituible la unidad de medida del caudal\u00edmetro smc?<\/strong><\/p>\n<p>Como uno de los principales fabricantes de caudal\u00edmetros smc de China, nos tomamos esto muy en serio.<br \/>\nS\u00ed, la unidad de medida de un caudal\u00edmetro es sustituible.<\/p>\n<\/div>\n<div name=\"12\" id=\"12\">\n<p><strong>12.Acerca del origen del caudal\u00edmetro smc<\/strong><\/p>\n<p>El primer caudal\u00edmetro fue inventado en 1832 por un ingl\u00e9s llamado William Henry. Desarroll\u00f3 un dispositivo que utilizaba un flotador para medir el caudal de agua en una tuber\u00eda. Este dispositivo fue el primero de su clase y el precursor de los caudal\u00edmetros modernos. Desde entonces, los caudal\u00edmetros se han utilizado en diversas industrias para medir el caudal de l\u00edquidos, gases y otros materiales. Hoy en d\u00eda, los caudal\u00edmetros se utilizan en una gran variedad de aplicaciones, desde la medici\u00f3n del caudal de agua en una tuber\u00eda hasta la medici\u00f3n del caudal de petr\u00f3leo en una refiner\u00eda.<\/p>\n<p><img src=\"https:\/\/www.hginstrument.com\/wp-content\/uploads\/2021\/07\/hls-2000p-z1.jpg\" alt=\"Sobre el origen del caudal\u00edmetro smc\" title=\"Sobre el origen del caudal\u00edmetro smc\" style=\"max-width: 100%;\"><\/div>\n<div name=\"13\" id=\"13\">\n<p><strong>13.\u00bfCu\u00e1les son los requisitos para la ubicaci\u00f3n espec\u00edfica de instalaci\u00f3n del caudal\u00edmetro smc?<\/strong><\/p>\n<p>Operamos nuestro negocio de caudal\u00edmetros smc con integridad y honestidad.<br \/>\n1. El caudal\u00edmetro debe instalarse en un lugar libre de vibraciones, golpes y otras fuerzas externas.<\/p>\n<p>2. El caudal\u00edmetro debe instalarse en un lugar libre de gases corrosivos, l\u00edquidos y otros contaminantes.<\/p>\n<p>3. El caudal\u00edmetro debe instalarse en un lugar accesible para su mantenimiento y calibraci\u00f3n.<\/p>\n<p>4. El caudal\u00edmetro debe instalarse en un lugar exento de temperaturas y humedad extremas.<\/p>\n<p>5. El caudal\u00edmetro debe instalarse en un lugar libre de interferencias el\u00e9ctricas.<\/p>\n<\/div>\n<div name=\"14\" id=\"14\">\n<p><strong>14.Acerca de los servicios de personalizaci\u00f3n de caudal\u00edmetros smc<\/strong><\/p>\n<p>Los servicios de personalizaci\u00f3n de caudal\u00edmetros est\u00e1n dise\u00f1ados para ofrecer a los clientes una soluci\u00f3n a medida para sus necesidades espec\u00edficas de medici\u00f3n de caudal. Estos servicios pueden incluir la personalizaci\u00f3n del caudal\u00edmetro para adaptarlo a una aplicaci\u00f3n concreta, como un tama\u00f1o de tuber\u00eda o un caudal espec\u00edficos, o para cumplir un determinado requisito de precisi\u00f3n. Los servicios de personalizaci\u00f3n tambi\u00e9n pueden incluir la modificaci\u00f3n del caudal\u00edmetro para incluir funciones adicionales, como una pantalla o capacidades de registro de datos. Los servicios de personalizaci\u00f3n de caudal\u00edmetros tambi\u00e9n pueden incluir la instalaci\u00f3n del caudal\u00edmetro, as\u00ed como la prestaci\u00f3n de asistencia t\u00e9cnica y mantenimiento.<\/p>\n<p><img src=\"https:\/\/www.hginstrument.com\/wp-content\/uploads\/2021\/10\/w803e-f3.jpg\" alt=\"Acerca de los servicios de personalizaci\u00f3n de caudal\u00edmetros smc\" title=\"Acerca de los servicios de personalizaci\u00f3n de caudal\u00edmetros smc\" style=\"max-width: 100%;\"><\/div>\n<div name=\"15\" id=\"15\">\n<p><strong>15.Acerca de la fecha de entrega del caudal\u00edmetro smc<\/strong><\/p>\n<p>La fecha de entrega de un caudal\u00edmetro depender\u00e1 del tipo de caudal\u00edmetro, del fabricante y de la disponibilidad del producto. Por lo general, la mayor\u00eda de los caudal\u00edmetros pueden entregarse en un plazo que oscila entre unos d\u00edas y unas semanas. Sin embargo, algunos caudal\u00edmetros especializados pueden tardar m\u00e1s en entregarse. Lo mejor es ponerse en contacto directamente con el fabricante para obtener una fecha de entrega exacta.<\/p>\n<\/div>\n<p>Etiqueta\uff1a<a href=\"\/es\/magnetic-flow-meter\/asphalt-flow-meter\/\">caudal\u00edmetro de asfalto<\/a>,<a href=\"\/es\/magnetic-flow-meter\/open-channel-flow-meter\/\">caudal\u00edmetro de canal abierto<\/a>,<a href=\"\/es\/magnetic-flow-meter\/wallace-&\/#038;-tiernan-flow-meter\/\">caudal\u00edmetro wallace &amp; tiernan<\/a><\/p>\n<p><\/p>","protected":false},"excerpt":{"rendered":"<p><strong>Datos t\u00e9cnicos<\/strong><br \/>\nPuede servir para fluidos l\u00edquidos o gaseosos, normalmente se utiliza para medir el caudal de vapor, aire y gas natural.<br \/>\nTama\u00f1o del contador: Tipo en l\u00ednea: DN25 - DN300<br \/>\nOpci\u00f3n de material mojado: SS304, SS316<br \/>\nTemperatura de funcionamiento: \u2264250\u2103<br \/>\nConexi\u00f3n a proceso: Wafer \/ Brida \/ Tri-clamp para tipo en l\u00ednea<br \/>\nPrecisi\u00f3n de medici\u00f3n: 1,0 % - 1,5% del intervalo de calibraci\u00f3n<br \/>\nIndicador digital: muestra el caudal instant\u00e1neo y el caudal total<br \/>\nAlimentaci\u00f3n: 24VDC, Salida: 4-20mA<\/p>\n<p><strong>caracter\u00edsticas<\/strong><br \/>\n1.Puntos de consigna ON\/OFF ajustables<br \/>\n2.Modo de alarma de caudal alto o bajo<br \/>\n3.Tiempo de retardo ajustable<br \/>\n4.LED de estado del rel\u00e9<\/p>","protected":false},"featured_media":3691,"comment_status":"closed","ping_status":"closed","template":"","meta":[],"product_cat":[2372],"product_tag":[],"acf":[],"_links":{"self":[{"href":"https:\/\/www.hginstrument.com\/es\/wp-json\/wp\/v2\/product\/5921"}],"collection":[{"href":"https:\/\/www.hginstrument.com\/es\/wp-json\/wp\/v2\/product"}],"about":[{"href":"https:\/\/www.hginstrument.com\/es\/wp-json\/wp\/v2\/types\/product"}],"replies":[{"embeddable":true,"href":"https:\/\/www.hginstrument.com\/es\/wp-json\/wp\/v2\/comments?post=5921"}],"wp:featuredmedia":[{"embeddable":true,"href":"https:\/\/www.hginstrument.com\/es\/wp-json\/wp\/v2\/media\/3691"}],"wp:attachment":[{"href":"https:\/\/www.hginstrument.com\/es\/wp-json\/wp\/v2\/media?parent=5921"}],"wp:term":[{"taxonomy":"product_cat","embeddable":true,"href":"https:\/\/www.hginstrument.com\/es\/wp-json\/wp\/v2\/product_cat?post=5921"},{"taxonomy":"product_tag","embeddable":true,"href":"https:\/\/www.hginstrument.com\/es\/wp-json\/wp\/v2\/product_tag?post=5921"}],"curies":[{"name":"wp","href":"https:\/\/api.w.org\/{rel}","templated":true}]}}