{"id":5969,"date":"2023-12-25T03:10:48","date_gmt":"2023-12-24T19:10:48","guid":{"rendered":"https:\/\/www.hginstrument.com\/?post_type=product&#038;p=5969"},"modified":"2023-12-27T11:16:04","modified_gmt":"2023-12-27T03:16:04","slug":"thermal-mass-flow-meter-emerson","status":"publish","type":"product","link":"https:\/\/www.hginstrument.com\/es\/magnetic-flow-meter\/thermal-mass-flow-meter-emerson\/","title":{"rendered":"caudal\u00edmetro m\u00e1sico t\u00e9rmico emerson"},"content":{"rendered":"<p>El excelente rendimiento, fiabilidad y estabilidad a largo plazo del caudal\u00edmetro m\u00e1sico t\u00e9rmico emerson lo convierten en una herramienta importante para mantener una gesti\u00f3n \u00f3ptima del caudal en procesos industriales complejos. Adem\u00e1s, puede integrarse f\u00e1cilmente con otros dispositivos y sistemas, proporcionando una comunicaci\u00f3n de datos sin fisuras y capacidades de registro de datos. el caudal\u00edmetro m\u00e1sico t\u00e9rmico emerson realmente establece el est\u00e1ndar para la tecnolog\u00eda de medici\u00f3n de caudal, proporcionando soluciones fiables y eficientes a empresas de todo el mundo.<\/p>\n<p>El caudal\u00edmetro m\u00e1sico t\u00e9rmico emerson est\u00e1 equipado con sensores de alta precisi\u00f3n capaces de captar las m\u00e1s peque\u00f1as fluctuaciones en el tr\u00e1fico. Su alta precisi\u00f3n y repetibilidad lo hacen ideal para su uso en industrias como la del petr\u00f3leo y gas, qu\u00edmica, alimentaci\u00f3n y bebidas, tratamiento de aguas, producci\u00f3n de petr\u00f3leo y gas, etc.<\/p>\n<p>El caudal\u00edmetro m\u00e1sico t\u00e9rmico emerson es muy vers\u00e1til y puede configurarse para medir una amplia gama de tipos de fluidos y caudales. Tambi\u00e9n ofrece varias opciones de salida, como anal\u00f3gica, digital y de impulsos, lo que lo hace compatible con una gran variedad de sistemas y dispositivos de control.<\/p>\n<p>&nbsp;<\/p>\n<table class=\"table table-bordered\">\n<tbody>\n<tr>\n<td><span style=\"vertical-align: inherit;\"><span style=\"vertical-align: inherit;\">Tipo\uff1a<\/span><\/span><\/td>\n<td><span style=\"vertical-align: inherit;\">caudal\u00edmetro m\u00e1sico t\u00e9rmico emerson<\/span><\/td>\n<td><span style=\"vertical-align: inherit;\"><span style=\"vertical-align: inherit;\">Se\u00f1al de salida\uff1a<\/span><\/span><\/td>\n<td><span style=\"vertical-align: inherit;\"><span style=\"vertical-align: inherit;\">4-29mA, Pulso\/Frecuencia 2kHz(Predeterminado), 5KHz(Max)<\/span><\/span><\/td>\n<\/tr>\n<tr>\n<td><span style=\"vertical-align: inherit;\"><span style=\"vertical-align: inherit;\">Lugar de origen\uff1a<\/span><\/span><\/td>\n<td><span style=\"vertical-align: inherit;\"><span style=\"vertical-align: inherit;\">Jiangsu\uff0cChina<\/span><\/span><\/td>\n<td><span style=\"vertical-align: inherit;\"><span style=\"vertical-align: inherit;\">Incorporar tipo\uff1a<\/span><\/span><\/td>\n<td><span style=\"vertical-align: inherit;\"><span style=\"vertical-align: inherit;\">-10\u2103- +57\u2103<\/span><\/span><\/td>\n<\/tr>\n<tr>\n<td><span style=\"vertical-align: inherit;\"><span style=\"vertical-align: inherit;\">Garant\u00eda\uff1a<\/span><\/span><\/td>\n<td><span style=\"vertical-align: inherit;\"><span style=\"vertical-align: inherit;\">14 meses<\/span><\/span><\/td>\n<td><span style=\"vertical-align: inherit;\"><span style=\"vertical-align: inherit;\">Tensi\u00f3n de alimentaci\u00f3n\uff1a<\/span><\/span><\/td>\n<td><span style=\"vertical-align: inherit;\"><span style=\"vertical-align: inherit;\">110\/220VAC (100-240VAC), 50Hz\/60Hz; 24VDC\u00b110%<\/span><\/span><\/td>\n<\/tr>\n<tr>\n<td><span style=\"vertical-align: inherit;\"><span style=\"vertical-align: inherit;\">Asistencia personalizada\uff1a<\/span><\/span><\/td>\n<td><span style=\"vertical-align: inherit;\"><span style=\"vertical-align: inherit;\">OEM, ODM, OBM<\/span><\/span><\/td>\n<td><span style=\"vertical-align: inherit;\"><span style=\"vertical-align: inherit;\">Comunicaci\u00f3n digital\uff1a<\/span><\/span><\/td>\n<td><span style=\"vertical-align: inherit;\"><span style=\"vertical-align: inherit;\">RS-485, compatible con el protocolo est\u00e1ndar Mudbugs-RTU; GPRS<\/span><\/span><\/td>\n<\/tr>\n<tr>\n<td><span style=\"vertical-align: inherit;\"><span style=\"vertical-align: inherit;\">Marca\uff1a<\/span><\/span><\/td>\n<td><span style=\"vertical-align: inherit;\"><span style=\"vertical-align: inherit;\">GRUPO SUYI<\/span><\/span><\/td>\n<td><span style=\"vertical-align: inherit;\"><span style=\"vertical-align: inherit;\">Presi\u00f3n nominal\uff1a<\/span><\/span><\/td>\n<td><span style=\"vertical-align: inherit;\"><span style=\"vertical-align: inherit;\">1MPa (DN15-DN800), 1,6MPa(DN15-DN800), 2,5MPa(DN15-DN600)<\/span><\/span><\/td>\n<\/tr>\n<tr>\n<td><span style=\"vertical-align: inherit;\"><span style=\"vertical-align: inherit;\">N\u00famero de modelo\uff1a<\/span><\/span><\/td>\n<td><span style=\"vertical-align: inherit;\"><span style=\"vertical-align: inherit;\">otros<\/span><\/span><\/td>\n<td><span style=\"vertical-align: inherit;\"><span style=\"vertical-align: inherit;\">Sensor\uff1a<\/span><\/span><\/td>\n<td><span style=\"vertical-align: inherit;\"><span style=\"vertical-align: inherit;\">0\u2103- +80\u2103 o -25\u2103- +120\u2103 o +70\u2103- +250\u2103<\/span><\/span><\/td>\n<\/tr>\n<tr>\n<td><span style=\"vertical-align: inherit;\"><span style=\"vertical-align: inherit;\">Nombre del producto\uff1a<\/span><\/span><\/td>\n<td><span style=\"vertical-align: inherit;\"><span style=\"vertical-align: inherit;\">Medidor de caudal de agua qu\u00edmico digital inteligente electromagn\u00e9tico<\/span><\/span><\/td>\n<td><span style=\"vertical-align: inherit;\"><span style=\"vertical-align: inherit;\">Detalles del embalaje\uff1a<\/span><\/span><\/td>\n<td><span style=\"vertical-align: inherit;\"><span style=\"vertical-align: inherit;\">1 Juego por paquete o seg\u00fan pedido del cliente<\/span><\/span><\/td>\n<\/tr>\n<tr>\n<td><span style=\"vertical-align: inherit;\"><span style=\"vertical-align: inherit;\">Di\u00e1metro nominal\uff1a<\/span><\/span><\/td>\n<td><span style=\"vertical-align: inherit;\"><span style=\"vertical-align: inherit;\">3-2930 mm<\/span><\/span><\/td>\n<td><span style=\"vertical-align: inherit;\"><span style=\"vertical-align: inherit;\">Capacidad de suministro\uff1a<\/span><\/span><\/td>\n<td><span style=\"vertical-align: inherit;\"><span style=\"vertical-align: inherit;\">2391 juegos\/conjuntos al mes<\/span><\/span><\/td>\n<\/tr>\n<tr>\n<td><span style=\"vertical-align: inherit;\"><span style=\"vertical-align: inherit;\">rango de velocidad\uff1a<\/span><\/span><\/td>\n<td><span style=\"vertical-align: inherit;\"><span style=\"vertical-align: inherit;\">0-12 m\/s<\/span><\/span><\/td>\n<td><span style=\"vertical-align: inherit;\"><span style=\"vertical-align: inherit;\">Cantidad (juegos)\uff1a<\/span><\/span><\/td>\n<td><span style=\"vertical-align: inherit;\"><span style=\"vertical-align: inherit;\">&gt; 30<\/span><\/span><\/td>\n<\/tr>\n<tr>\n<td><span style=\"vertical-align: inherit;\"><span style=\"vertical-align: inherit;\">Grado de precisi\u00f3n\uff1a<\/span><\/span><\/td>\n<td><span style=\"vertical-align: inherit;\"><span style=\"vertical-align: inherit;\">\u00b10,5%R, \u00b11%R ( &lt; DN20)<\/span><\/span><\/td>\n<td><span style=\"vertical-align: inherit;\"><span style=\"vertical-align: inherit;\">Plazo de entrega (d\u00edas)\uff1a<\/span><\/span><\/td>\n<td><span style=\"vertical-align: inherit;\"><span style=\"vertical-align: inherit;\">A negociar<\/span><\/span><\/td>\n<\/tr>\n<\/tbody>\n<\/table>\n<p>&nbsp;<\/p>\n<p><strong><\/strong><\/p>\n<p style=\"text-align:center;\"><img src=\"https:\/\/www.hginstrument.com\/wp-content\/uploads\/2021\/07\/in-line-pipeline-type-hgd-electromagnetic-flow-meter.jpg\" atl=\"thermal mass flow meter emerson\" title=\"caudal\u00edmetro m\u00e1sico t\u00e9rmico emerson\"><\/p>\n<p><strong><\/strong><\/p>\n<p style=\"text-align:center;\"><img src=\"https:\/\/www.hginstrument.com\/wp-content\/uploads\/2021\/07\/insertion-01.jpg\" atl=\"thermal mass flow meter emerson\" title=\"caudal\u00edmetro m\u00e1sico t\u00e9rmico emerson\"><\/p>\n<p><strong><\/strong><\/p>\n<p style=\"text-align:center;\"><img src=\"https:\/\/www.hginstrument.com\/wp-content\/uploads\/2021\/07\/sanitary-mag-1.jpg\" atl=\"thermal mass flow meter emerson\" title=\"caudal\u00edmetro m\u00e1sico t\u00e9rmico emerson\"><\/p>\n<p><strong>caudal\u00edmetro m\u00e1sico t\u00e9rmico emerson Gu\u00eda de preguntas frecuentes.<\/p>\n<p>En el coraz\u00f3n de nuestra serie emerson de caudal\u00edmetros m\u00e1sicos t\u00e9rmicos se encuentra el compromiso con la excelencia, que combina la avanzada tecnolog\u00eda de sensores con interfaces f\u00e1ciles de usar. Desde l\u00edquidos a gases, nuestros medidores ofrecen una precisi\u00f3n inigualable, permiti\u00e9ndole tomar decisiones informadas y agilizar las operaciones. A medida que iniciamos una nueva era en la medici\u00f3n de fluidos, le invitamos a explorar las posibilidades ilimitadas que abren nuestros caudal\u00edmetros m\u00e1sicos t\u00e9rmicos emerson, donde la precisi\u00f3n se une al rendimiento y la innovaci\u00f3n fluye a la perfecci\u00f3n.<\/strong><\/p>\n<div style=\"border:3px solid #f89900;margin:20px 0;padding:20px;\"><a href=\"\/es\/thermal-mass-flow-meter-emerson\/#01\">1.\u00bfC\u00f3mo detecta el caudal\u00edmetro m\u00e1sico t\u00e9rmico emerson las propiedades del fluido objetivo?<\/a><br \/><a href=\"\/es\/thermal-mass-flow-meter-emerson\/#02\">2.About medidor de flujo m\u00e1sico t\u00e9rmico emerson almac\u00e9n de ultramar<\/a><br \/><a href=\"\/es\/thermal-mass-flow-meter-emerson\/#03\">3.\u00bfQu\u00e9 es un caudal\u00edmetro m\u00e1sico t\u00e9rmico emerson?<\/a><br \/><a href=\"\/es\/thermal-mass-flow-meter-emerson\/#04\">4.\u00bfCu\u00e1les son los m\u00e9todos de mantenimiento del caudal\u00edmetro m\u00e1sico t\u00e9rmico emerson?<\/a><br \/><a href=\"\/es\/thermal-mass-flow-meter-emerson\/#05\">5.Acerca de la escala de la f\u00e1brica emerson medidor de flujo m\u00e1sico t\u00e9rmico<\/a><br \/><a href=\"\/es\/thermal-mass-flow-meter-emerson\/#06\">6.\u00bfCu\u00e1l es la precisi\u00f3n del caudal\u00edmetro m\u00e1sico t\u00e9rmico emerson?<\/a><br \/><a href=\"\/es\/thermal-mass-flow-meter-emerson\/#07\">7.About medidor de flujo m\u00e1sico t\u00e9rmico equipo de producci\u00f3n emerson<\/a><br \/><a href=\"\/es\/thermal-mass-flow-meter-emerson\/#08\">8.\u00bfDispone el caudal\u00edmetro m\u00e1sico t\u00e9rmico emerson de una funci\u00f3n de limpieza autom\u00e1tica?<\/a><br \/><a href=\"\/es\/thermal-mass-flow-meter-emerson\/#09\">9.\u00bfDispone el caudal\u00edmetro m\u00e1sico t\u00e9rmico emerson de una funci\u00f3n de alarma autom\u00e1tica?<\/a><br \/><a href=\"\/es\/thermal-mass-flow-meter-emerson\/#010\">10.\u00bfCu\u00e1l es la diferencia entre el caudal\u00edmetro m\u00e1sico t\u00e9rmico emerson grupo SUYI vs caudal\u00edmetro m\u00e1sico t\u00e9rmico emerson Siemens vs caudal\u00edmetro m\u00e1sico t\u00e9rmico emerson GE<\/a><br \/><a href=\"\/es\/thermal-mass-flow-meter-emerson\/#11\">11.\u00bfCu\u00e1l es el tiempo de respuesta del caudal\u00edmetro m\u00e1sico t\u00e9rmico emerson?<\/a><br \/><a href=\"\/es\/thermal-mass-flow-meter-emerson\/#12\">12.\u00bfSon trazables los resultados de las mediciones del caudal\u00edmetro m\u00e1sico t\u00e9rmico emerson?<\/a><br \/><a href=\"\/es\/thermal-mass-flow-meter-emerson\/#13\">13.Acerca del caudal\u00edmetro m\u00e1sico t\u00e9rmico emerson servicios de personalizaci\u00f3n<\/a><\/div>\n<div name=\"01\" id=\"01\">\n<p><strong>1.\u00bfC\u00f3mo detecta el caudal\u00edmetro m\u00e1sico t\u00e9rmico emerson las propiedades del fluido objetivo?<\/strong><\/p>\n<p>Como uno de los l\u00edderes del mercado de caudal\u00edmetros m\u00e1sicos t\u00e9rmicos emerson, somos conocidos por nuestra innovaci\u00f3n y fiabilidad.<br \/>\nLos caudal\u00edmetros miden el caudal de un fluido detectando su velocidad. Esto se hace normalmente midiendo la ca\u00edda de presi\u00f3n a trav\u00e9s de una restricci\u00f3n conocida en la trayectoria del flujo, o midiendo la velocidad del fluido utilizando una variedad de tecnolog\u00edas como ultrasonidos, magn\u00e9tica o t\u00e9rmica. El caudal puede utilizarse entonces para calcular las propiedades del fluido, como la densidad, la viscosidad y el caudal volum\u00e9trico.<\/p>\n<\/div>\n<div name=\"02\" id=\"02\">\n<p><strong>2.About medidor de flujo m\u00e1sico t\u00e9rmico emerson almac\u00e9n de ultramar<\/strong><\/p>\n<p>Los almacenes de caudal\u00edmetros en el extranjero son almacenes situados en pa\u00edses extranjeros que almacenan caudal\u00edmetros y productos relacionados. Estos almacenes se utilizan para almacenar y distribuir caudal\u00edmetros a clientes de distintos pa\u00edses. Suelen estar situados en pa\u00edses que tienen una gran demanda de caudal\u00edmetros, como Estados Unidos, Canad\u00e1 y Europa. Los almacenes suelen ser propiedad y estar gestionados por el fabricante de los caudal\u00edmetros o por un proveedor log\u00edstico externo. Los almacenes suelen tener una gran variedad de caudal\u00edmetros, incluidos los digitales, anal\u00f3gicos y ultras\u00f3nicos. Tambi\u00e9n suelen almacenar piezas de repuesto y accesorios para los caudal\u00edmetros.<\/p>\n<\/div>\n<div name=\"03\" id=\"03\">\n<p><strong>3.\u00bfQu\u00e9 es un caudal\u00edmetro m\u00e1sico t\u00e9rmico emerson?<\/strong><\/p>\n<p>Nos centramos en el trabajo en equipo y la comunicaci\u00f3n para alcanzar objetivos comunes, damos gran importancia a este detalle.<br \/>\nUn caudal\u00edmetro es un dispositivo utilizado para medir el caudal o la cantidad de gas o l\u00edquido que circula por una tuber\u00eda. Los caudal\u00edmetros miden el caudal volum\u00e9trico o m\u00e1sico de un l\u00edquido o gas. Se utilizan en diversos sectores, como el tratamiento de aguas y aguas residuales, el petr\u00f3leo y el gas, el procesamiento qu\u00edmico y la producci\u00f3n de alimentos y bebidas.<\/p>\n<p><img src=\"https:\/\/www.hginstrument.com\/wp-content\/uploads\/2021\/07\/hgcmf-c1-1.jpg\" alt=\"\u00bfQu\u00e9 es un caudal\u00edmetro m\u00e1sico t\u00e9rmico emerson?\" title=\"\u00bfQu\u00e9 es un caudal\u00edmetro m\u00e1sico t\u00e9rmico emerson?\" style=\"max-width: 100%;\"><\/div>\n<div name=\"04\" id=\"04\">\n<p><strong>4.\u00bfCu\u00e1les son los m\u00e9todos de mantenimiento del caudal\u00edmetro m\u00e1sico t\u00e9rmico emerson?<\/strong><\/p>\n<p>Nos centramos en la innovaci\u00f3n y la mejora continua para mantener una ventaja competitiva.<br \/>\n1. Compruebe regularmente si el caudal\u00edmetro presenta signos de desgaste o da\u00f1os.<\/p>\n<p>2. Limpie el caudal\u00edmetro con regularidad para garantizar lecturas precisas.<\/p>\n<p>3. Compruebe la precisi\u00f3n del caudal\u00edmetro realizando pruebas de calibraci\u00f3n.<\/p>\n<p>4. Sustituya lo antes posible cualquier pieza desgastada o da\u00f1ada.<\/p>\n<p>5. Aseg\u00farese de que el caudal\u00edmetro est\u00e1 correctamente instalado y conectado al sistema.<\/p>\n<p>6. Compruebe si el caudal\u00edmetro presenta signos de corrosi\u00f3n u obstrucciones.<\/p>\n<p>7. Aseg\u00farese de que el caudal\u00edmetro est\u00e1 correctamente sellado para evitar cualquier fuga.<\/p>\n<p>8. Compruebe peri\u00f3dicamente si el caudal\u00edmetro presenta alg\u00fan signo de vibraci\u00f3n o ruido.<\/p>\n<p>9. Aseg\u00farese de que el caudal\u00edmetro est\u00e1 correctamente calibrado y ajustado.<\/p>\n<p>10. Compruebe peri\u00f3dicamente que el caudal\u00edmetro no presenta signos de fugas u obstrucciones.<\/p>\n<\/div>\n<div name=\"05\" id=\"05\">\n<p><strong>5.Acerca de la escala de la f\u00e1brica emerson medidor de flujo m\u00e1sico t\u00e9rmico<\/strong><\/p>\n<p>Las f\u00e1bricas de caudal\u00edmetros var\u00edan en tama\u00f1o y alcance, dependiendo del tipo de caudal\u00edmetros que produzcan. Algunas f\u00e1bricas pueden especializarse en la producci\u00f3n de un solo tipo de caudal\u00edmetro, mientras que otras pueden producir una variedad de tipos diferentes. Algunas f\u00e1bricas pueden ser grandes, con cientos de empleados, mientras que otras pueden ser peque\u00f1as, con s\u00f3lo unos pocos empleados. El tama\u00f1o de la f\u00e1brica tambi\u00e9n depender\u00e1 del tipo de caudal\u00edmetros que produzca, as\u00ed como de la demanda de los mismos.<\/p>\n<\/div>\n<div name=\"06\" id=\"06\">\n<p><strong>6.\u00bfCu\u00e1l es la precisi\u00f3n del caudal\u00edmetro m\u00e1sico t\u00e9rmico emerson?<\/strong><\/p>\n<p>Somos una empresa profesional de medidores de flujo m\u00e1sico t\u00e9rmico emerson dedicada a proporcionar productos y servicios de alta calidad.<br \/>\nLa precisi\u00f3n de un caudal\u00edmetro depende del tipo de caudal\u00edmetro que se utilice. En general, la mayor\u00eda de los caudal\u00edmetros tienen una precisi\u00f3n de 1-2% del caudal real. Sin embargo, algunos medidores de caudal pueden ser m\u00e1s precisos que esto, dependiendo del tipo y la calidad del medidor.<\/p>\n<p><img src=\"https:\/\/www.hginstrument.com\/wp-content\/uploads\/2021\/07\/hls-2000p-z1.jpg\" alt=\"\u00bfCu\u00e1l es la precisi\u00f3n del caudal\u00edmetro m\u00e1sico t\u00e9rmico emerson?\" title=\"\u00bfCu\u00e1l es la precisi\u00f3n del caudal\u00edmetro m\u00e1sico t\u00e9rmico emerson?\" style=\"max-width: 100%;\"><\/div>\n<div name=\"07\" id=\"07\">\n<p><strong>7.About medidor de flujo m\u00e1sico t\u00e9rmico equipo de producci\u00f3n emerson<\/strong><\/p>\n<p>El equipo de producci\u00f3n de caudal\u00edmetros se utiliza para fabricar caudal\u00edmetros, que son dispositivos utilizados para medir la velocidad de flujo de un l\u00edquido o gas. Este equipo suele incluir diversas m\u00e1quinas y herramientas, como tornos, fresadoras, taladradoras y m\u00e1quinas CNC. Tambi\u00e9n incluye herramientas especializadas para ensamblar y probar caudal\u00edmetros. El equipo utilizado para producir caudal\u00edmetros es altamente especializado y debe ser capaz de producir resultados precisos y fiables.<\/p>\n<\/div>\n<div name=\"08\" id=\"08\">\n<p><strong>8.\u00bfDispone el caudal\u00edmetro m\u00e1sico t\u00e9rmico emerson de una funci\u00f3n de limpieza autom\u00e1tica?<\/strong><\/p>\n<p>Siendo uno de los principales fabricantes de medidor de flujo m\u00e1sico t\u00e9rmico emerson en China, Damos gran importancia a este detalle.<br \/>\nNo, la mayor\u00eda de los caudal\u00edmetros no disponen de una funci\u00f3n de limpieza autom\u00e1tica. Sin embargo, algunos modelos pueden tener una funci\u00f3n de autolimpieza que puede activarse manualmente.<\/p>\n<\/div>\n<div name=\"09\" id=\"09\">\n<p><strong>9.\u00bfDispone el caudal\u00edmetro m\u00e1sico t\u00e9rmico emerson de una funci\u00f3n de alarma autom\u00e1tica?<\/strong><\/p>\n<p>Nos adherimos al principio de que la calidad es lo primero y contamos con un completo sistema de gesti\u00f3n de la calidad de la producci\u00f3n y un proceso de inspecci\u00f3n de la calidad.<br \/>\nMuchos caudal\u00edmetros tienen una funci\u00f3n de alarma autom\u00e1tica, pero esto depende del modelo espec\u00edfico. Lo mejor es comprobar las especificaciones del producto para determinar si el caudal\u00edmetro que est\u00e1 considerando tiene esta funci\u00f3n.<\/p>\n<p><img src=\"https:\/\/www.hginstrument.com\/wp-content\/uploads\/2021\/07\/hls-2000uf-1.jpg\" alt=\"\u00bfDispone el caudal\u00edmetro m\u00e1sico t\u00e9rmico emerson de una funci\u00f3n de alarma autom\u00e1tica?\" title=\"\u00bfDispone el caudal\u00edmetro m\u00e1sico t\u00e9rmico emerson de una funci\u00f3n de alarma autom\u00e1tica?\" style=\"max-width: 100%;\"><\/div>\n<div name=\"010\" id=\"010\">\n<p><strong>10.\u00bfCu\u00e1l es la diferencia entre el caudal\u00edmetro m\u00e1sico t\u00e9rmico emerson grupo SUYI vs caudal\u00edmetro m\u00e1sico t\u00e9rmico emerson Siemens vs caudal\u00edmetro m\u00e1sico t\u00e9rmico emerson GE<\/strong><\/p>\n<p>Los caudal\u00edmetros del Grupo SUYI se utilizan normalmente para medir el caudal de l\u00edquidos, gases y vapor. Est\u00e1n dise\u00f1ados para ser precisos, fiables y f\u00e1ciles de instalar y mantener. Los caudal\u00edmetros SUYI est\u00e1n disponibles en una gran variedad de tama\u00f1os y materiales, y pueden utilizarse en una gran variedad de aplicaciones.<\/p>\n<p>Los caudal\u00edmetros de Siemens est\u00e1n dise\u00f1ados para medir el caudal de l\u00edquidos, gases y vapor. Est\u00e1n dise\u00f1ados para ser precisos, fiables y f\u00e1ciles de instalar y mantener. Los caudal\u00edmetros Siemens est\u00e1n disponibles en distintos tama\u00f1os y materiales, y pueden utilizarse en una gran variedad de aplicaciones.<\/p>\n<p>Los caudal\u00edmetros de GE est\u00e1n dise\u00f1ados para medir el caudal de l\u00edquidos, gases y vapor. Est\u00e1n dise\u00f1ados para ser precisos, fiables y f\u00e1ciles de instalar y mantener. Los caudal\u00edmetros de GE est\u00e1n disponibles en diversos tama\u00f1os y materiales, y pueden utilizarse en una gran variedad de aplicaciones. Tambi\u00e9n ofrecen una amplia gama de caracter\u00edsticas, como pantallas digitales, alarmas y capacidades de registro de datos.<\/p>\n<\/div>\n<div name=\"11\" id=\"11\">\n<p><strong>11.\u00bfCu\u00e1l es el tiempo de respuesta del caudal\u00edmetro m\u00e1sico t\u00e9rmico emerson?<\/strong><\/p>\n<p>Hemos establecido asociaciones estables y a largo plazo con nuestros proveedores, por lo que tenemos grandes ventajas en precio y coste y en garant\u00eda de calidad.<br \/>\nEl tiempo de respuesta de un caudal\u00edmetro puede variar en funci\u00f3n del tipo de caudal\u00edmetro utilizado. Por lo general, el tiempo de respuesta de un caudal\u00edmetro oscila entre 0,1 y 1 segundo.<\/p>\n<\/div>\n<div name=\"12\" id=\"12\">\n<p><strong>12.\u00bfSon trazables los resultados de las mediciones del caudal\u00edmetro m\u00e1sico t\u00e9rmico emerson?<\/strong><\/p>\n<p>Nuestra empresa cuenta con muchos a\u00f1os de experiencia y conocimientos en medidores de flujo m\u00e1sico t\u00e9rmico emerson.<br \/>\nS\u00ed, los resultados de las mediciones de los caudal\u00edmetros pueden ser trazables. La trazabilidad es la capacidad de rastrear el historial, la aplicaci\u00f3n o la ubicaci\u00f3n de un elemento mediante una identificaci\u00f3n registrada y documentada. Los caudal\u00edmetros suelen calibrarse utilizando un patr\u00f3n trazable, como un patr\u00f3n de calibraci\u00f3n trazable al NIST. Esto garantiza que los resultados de las mediciones del caudal\u00edmetro son trazables a un patr\u00f3n conocido.<\/p>\n<p><img src=\"https:\/\/www.hginstrument.com\/wp-content\/uploads\/2021\/07\/hls-2000h-m2.jpg\" alt=\"\u00bfSon trazables los resultados de las mediciones del caudal\u00edmetro m\u00e1sico t\u00e9rmico emerson?\" title=\"\u00bfSon trazables los resultados de las mediciones del caudal\u00edmetro m\u00e1sico t\u00e9rmico emerson?\" style=\"max-width: 100%;\"><\/div>\n<div name=\"13\" id=\"13\">\n<p><strong>13.Acerca del caudal\u00edmetro m\u00e1sico t\u00e9rmico emerson servicios de personalizaci\u00f3n<\/strong><\/p>\n<p>Los servicios de personalizaci\u00f3n de caudal\u00edmetros est\u00e1n dise\u00f1ados para ofrecer a los clientes una soluci\u00f3n a medida para sus necesidades espec\u00edficas de medici\u00f3n de caudal. Estos servicios pueden incluir la personalizaci\u00f3n del caudal\u00edmetro para adaptarlo a una aplicaci\u00f3n concreta, como un tama\u00f1o de tuber\u00eda o un caudal espec\u00edficos, o para cumplir un determinado requisito de precisi\u00f3n. Los servicios de personalizaci\u00f3n tambi\u00e9n pueden incluir la modificaci\u00f3n del caudal\u00edmetro para incluir funciones adicionales, como una pantalla o capacidades de registro de datos. Los servicios de personalizaci\u00f3n de caudal\u00edmetros tambi\u00e9n pueden incluir la instalaci\u00f3n del caudal\u00edmetro, as\u00ed como la prestaci\u00f3n de asistencia t\u00e9cnica y mantenimiento.<\/p>\n<\/div>\n<p>Etiqueta\uff1a<a href=\"\/es\/magnetic-flow-meter\/battery-powered-flow-meter\/\">caudal\u00edmetro a pilas<\/a>,<a href=\"\/es\/magnetic-flow-meter\/digital-fuel-flow-meter\/\">caudal\u00edmetro digital<\/a>,<a href=\"\/es\/magnetic-flow-meter\/sick-ultrasonic-flow-meter\/\">caudal\u00edmetro ultras\u00f3nico enfermo<\/a>,<a href=\"\/es\/magnetic-flow-meter\/seametrics-paddle-wheel-flow-meter\/\">caudal\u00edmetro de rueda de paletas seametrics<\/a><\/p>\n<p><\/p>","protected":false},"excerpt":{"rendered":"<p><strong>Datos t\u00e9cnicos<\/strong><br \/>\nPuede servir para fluidos l\u00edquidos o gaseosos, normalmente se utiliza para medir el caudal de vapor, aire y gas natural.<br \/>\nTama\u00f1o del contador: Tipo en l\u00ednea: DN25 - DN300<br \/>\nOpci\u00f3n de material mojado: SS304, SS316<br \/>\nTemperatura de funcionamiento: \u2264250\u2103<br \/>\nConexi\u00f3n a proceso: Wafer \/ Brida \/ Tri-clamp para tipo en l\u00ednea<br \/>\nPrecisi\u00f3n de medici\u00f3n: 1,0 % - 1,5% del intervalo de calibraci\u00f3n<br \/>\nIndicador digital: muestra el caudal instant\u00e1neo y el caudal total<br \/>\nAlimentaci\u00f3n: 24VDC, Salida: 4-20mA<\/p>\n<p><strong>caracter\u00edsticas<\/strong><br \/>\n1.Puntos de consigna ON\/OFF ajustables<br \/>\n2.Modo de alarma de caudal alto o bajo<br \/>\n3.Tiempo de retardo ajustable<br \/>\n4.LED de estado del rel\u00e9<\/p>","protected":false},"featured_media":3691,"comment_status":"closed","ping_status":"closed","template":"","meta":[],"product_cat":[2372],"product_tag":[],"acf":[],"_links":{"self":[{"href":"https:\/\/www.hginstrument.com\/es\/wp-json\/wp\/v2\/product\/5969"}],"collection":[{"href":"https:\/\/www.hginstrument.com\/es\/wp-json\/wp\/v2\/product"}],"about":[{"href":"https:\/\/www.hginstrument.com\/es\/wp-json\/wp\/v2\/types\/product"}],"replies":[{"embeddable":true,"href":"https:\/\/www.hginstrument.com\/es\/wp-json\/wp\/v2\/comments?post=5969"}],"wp:featuredmedia":[{"embeddable":true,"href":"https:\/\/www.hginstrument.com\/es\/wp-json\/wp\/v2\/media\/3691"}],"wp:attachment":[{"href":"https:\/\/www.hginstrument.com\/es\/wp-json\/wp\/v2\/media?parent=5969"}],"wp:term":[{"taxonomy":"product_cat","embeddable":true,"href":"https:\/\/www.hginstrument.com\/es\/wp-json\/wp\/v2\/product_cat?post=5969"},{"taxonomy":"product_tag","embeddable":true,"href":"https:\/\/www.hginstrument.com\/es\/wp-json\/wp\/v2\/product_tag?post=5969"}],"curies":[{"name":"wp","href":"https:\/\/api.w.org\/{rel}","templated":true}]}}