{"id":5985,"date":"2023-12-25T03:47:42","date_gmt":"2023-12-24T19:47:42","guid":{"rendered":"https:\/\/www.hginstrument.com\/?post_type=product&#038;p=5985"},"modified":"2023-12-27T11:07:39","modified_gmt":"2023-12-27T03:07:39","slug":"totalizing-flow-meter","status":"publish","type":"product","link":"https:\/\/www.hginstrument.com\/es\/magnetic-flow-meter\/totalizing-flow-meter\/","title":{"rendered":"caudal\u00edmetro totalizador"},"content":{"rendered":"<p>This advanced device is designed to measure the quantity and velocity of liquid, gas, or steam as it passes through a pipe or duct. With its state-of-the-art technology and superior performance, totalizing flow meter offers precise and reliable measurements that help optimize processes and improve efficiency.<\/p>\n<p>At the heart of totalizing flow meters is the technology that measures and records the flow, providing accurate and reliable readings. There are different types of totalizing flow meters, including magnetic, ultrasonic, coriolis, and turbine, each designed for specific applications and fluid types.<\/p>\n<p>One of the most advanced and widely used totalizing flow meters is the electromagnetic totalizing flow meter. It works on the principle of Faraday&#8217;s Law of Electromagnetic Induction and is capable of measuring the flow rate of conductive fluids with incredible accuracy and repeatability. It is suitable for a variety of fluids, including water, chemicals, and slurries.<\/p>\n<p>&nbsp;<\/p>\n<table class=\"table table-bordered\">\n<tbody>\n<tr>\n<td><span style=\"vertical-align: inherit;\"><span style=\"vertical-align: inherit;\">Tipo\uff1a<\/span><\/span><\/td>\n<td><span style=\"vertical-align: inherit;\">caudal\u00edmetro totalizador<\/span><\/td>\n<td><span style=\"vertical-align: inherit;\"><span style=\"vertical-align: inherit;\">Se\u00f1al de salida\uff1a<\/span><\/span><\/td>\n<td><span style=\"vertical-align: inherit;\"><span style=\"vertical-align: inherit;\">4-21mA, Pulso\/Frecuencia 2kHz(Predeterminado), 5KHz(Max)<\/span><\/span><\/td>\n<\/tr>\n<tr>\n<td><span style=\"vertical-align: inherit;\"><span style=\"vertical-align: inherit;\">Lugar de origen\uff1a<\/span><\/span><\/td>\n<td><span style=\"vertical-align: inherit;\"><span style=\"vertical-align: inherit;\">Jiangsu\uff0cChina<\/span><\/span><\/td>\n<td><span style=\"vertical-align: inherit;\"><span style=\"vertical-align: inherit;\">Incorporar tipo\uff1a<\/span><\/span><\/td>\n<td><span style=\"vertical-align: inherit;\"><span style=\"vertical-align: inherit;\">-10\u2103- +59\u2103<\/span><\/span><\/td>\n<\/tr>\n<tr>\n<td><span style=\"vertical-align: inherit;\"><span style=\"vertical-align: inherit;\">Garant\u00eda\uff1a<\/span><\/span><\/td>\n<td><span style=\"vertical-align: inherit;\"><span style=\"vertical-align: inherit;\">24 meses<\/span><\/span><\/td>\n<td><span style=\"vertical-align: inherit;\"><span style=\"vertical-align: inherit;\">Tensi\u00f3n de alimentaci\u00f3n\uff1a<\/span><\/span><\/td>\n<td><span style=\"vertical-align: inherit;\"><span style=\"vertical-align: inherit;\">110\/220VAC (100-240VAC), 50Hz\/60Hz; 24VDC\u00b110%<\/span><\/span><\/td>\n<\/tr>\n<tr>\n<td><span style=\"vertical-align: inherit;\"><span style=\"vertical-align: inherit;\">Asistencia personalizada\uff1a<\/span><\/span><\/td>\n<td><span style=\"vertical-align: inherit;\"><span style=\"vertical-align: inherit;\">OEM, ODM, OBM<\/span><\/span><\/td>\n<td><span style=\"vertical-align: inherit;\"><span style=\"vertical-align: inherit;\">Comunicaci\u00f3n digital\uff1a<\/span><\/span><\/td>\n<td><span style=\"vertical-align: inherit;\"><span style=\"vertical-align: inherit;\">RS-485, compatible con el protocolo est\u00e1ndar Mudbugs-RTU; GPRS<\/span><\/span><\/td>\n<\/tr>\n<tr>\n<td><span style=\"vertical-align: inherit;\"><span style=\"vertical-align: inherit;\">Marca\uff1a<\/span><\/span><\/td>\n<td><span style=\"vertical-align: inherit;\"><span style=\"vertical-align: inherit;\">GRUPO SUYI<\/span><\/span><\/td>\n<td><span style=\"vertical-align: inherit;\"><span style=\"vertical-align: inherit;\">Presi\u00f3n nominal\uff1a<\/span><\/span><\/td>\n<td><span style=\"vertical-align: inherit;\"><span style=\"vertical-align: inherit;\">1MPa (DN15-DN800), 1,6MPa(DN15-DN800), 2,5MPa(DN15-DN600)<\/span><\/span><\/td>\n<\/tr>\n<tr>\n<td><span style=\"vertical-align: inherit;\"><span style=\"vertical-align: inherit;\">N\u00famero de modelo\uff1a<\/span><\/span><\/td>\n<td><span style=\"vertical-align: inherit;\"><span style=\"vertical-align: inherit;\">otros<\/span><\/span><\/td>\n<td><span style=\"vertical-align: inherit;\"><span style=\"vertical-align: inherit;\">Sensor\uff1a<\/span><\/span><\/td>\n<td><span style=\"vertical-align: inherit;\"><span style=\"vertical-align: inherit;\">0\u2103- +80\u2103 o -25\u2103- +120\u2103 o +70\u2103- +250\u2103<\/span><\/span><\/td>\n<\/tr>\n<tr>\n<td><span style=\"vertical-align: inherit;\"><span style=\"vertical-align: inherit;\">Nombre del producto\uff1a<\/span><\/span><\/td>\n<td><span style=\"vertical-align: inherit;\"><span style=\"vertical-align: inherit;\">Medidor de caudal de agua qu\u00edmico digital inteligente electromagn\u00e9tico<\/span><\/span><\/td>\n<td><span style=\"vertical-align: inherit;\"><span style=\"vertical-align: inherit;\">Detalles del embalaje\uff1a<\/span><\/span><\/td>\n<td><span style=\"vertical-align: inherit;\"><span style=\"vertical-align: inherit;\">1 Juego por paquete o seg\u00fan pedido del cliente<\/span><\/span><\/td>\n<\/tr>\n<tr>\n<td><span style=\"vertical-align: inherit;\"><span style=\"vertical-align: inherit;\">Di\u00e1metro nominal\uff1a<\/span><\/span><\/td>\n<td><span style=\"vertical-align: inherit;\"><span style=\"vertical-align: inherit;\">3-3304mm<\/span><\/span><\/td>\n<td><span style=\"vertical-align: inherit;\"><span style=\"vertical-align: inherit;\">Capacidad de suministro\uff1a<\/span><\/span><\/td>\n<td><span style=\"vertical-align: inherit;\"><span style=\"vertical-align: inherit;\">2064 Set\/Sets per Month<\/span><\/span><\/td>\n<\/tr>\n<tr>\n<td><span style=\"vertical-align: inherit;\"><span style=\"vertical-align: inherit;\">rango de velocidad\uff1a<\/span><\/span><\/td>\n<td><span style=\"vertical-align: inherit;\"><span style=\"vertical-align: inherit;\">0-13 m\/s<\/span><\/span><\/td>\n<td><span style=\"vertical-align: inherit;\"><span style=\"vertical-align: inherit;\">Cantidad (juegos)\uff1a<\/span><\/span><\/td>\n<td><span style=\"vertical-align: inherit;\"><span style=\"vertical-align: inherit;\">&gt; 30<\/span><\/span><\/td>\n<\/tr>\n<tr>\n<td><span style=\"vertical-align: inherit;\"><span style=\"vertical-align: inherit;\">Grado de precisi\u00f3n\uff1a<\/span><\/span><\/td>\n<td><span style=\"vertical-align: inherit;\"><span style=\"vertical-align: inherit;\">\u00b10,5%R, \u00b11%R ( &lt; DN20)<\/span><\/span><\/td>\n<td><span style=\"vertical-align: inherit;\"><span style=\"vertical-align: inherit;\">Plazo de entrega (d\u00edas)\uff1a<\/span><\/span><\/td>\n<td><span style=\"vertical-align: inherit;\"><span style=\"vertical-align: inherit;\">A negociar<\/span><\/span><\/td>\n<\/tr>\n<\/tbody>\n<\/table>\n<p>&nbsp;<\/p>\n<p><strong><\/strong><\/p>\n<p style=\"text-align:center;\"><img src=\"https:\/\/www.hginstrument.com\/wp-content\/uploads\/2021\/07\/in-line-pipeline-type-hgd-electromagnetic-flow-meter.jpg\" atl=\"totalizing flow meter\" title=\"caudal\u00edmetro totalizador\"><\/p>\n<p><strong><\/strong><\/p>\n<p style=\"text-align:center;\"><img src=\"https:\/\/www.hginstrument.com\/wp-content\/uploads\/2021\/07\/insertion-01.jpg\" atl=\"totalizing flow meter\" title=\"caudal\u00edmetro totalizador\"><\/p>\n<p><strong><\/strong><\/p>\n<p style=\"text-align:center;\"><img src=\"https:\/\/www.hginstrument.com\/wp-content\/uploads\/2021\/07\/sanitary-mag-1.jpg\" atl=\"totalizing flow meter\" title=\"caudal\u00edmetro totalizador\"><\/p>\n<p><strong>totalizing flow meter FAQs Guide.<\/p>\n<p>At the heart of our totalizing flow meter series lies a commitment to excellence, blending advanced sensor technology with user-friendly interfaces. From liquid to gas, our meters deliver unparalleled accuracy, empowering you to make informed decisions and streamline operations. As we usher in a new era of fluid measurement, we invite you to explore the limitless possibilities that our totalizing flow meters unlock \u2013 where precision meets performance, and innovation flows seamlessly.<\/strong><\/p>\n<div style=\"border:3px solid #f89900;margin:20px 0;padding:20px;\"><a href=\"\/es\/totalizing-flow-meter\/#01\">1.About totalizing flow meter raw materials<\/a><br \/><a href=\"\/es\/totalizing-flow-meter\/#02\">2.What is the difference between totalizing flow meter SUYI group vs totalizing flow meter Siemens vs totalizing flow meter GE<\/a><br \/><a href=\"\/es\/totalizing-flow-meter\/#03\">3.About totalizing flow meter quality system<\/a><br \/><a href=\"\/es\/totalizing-flow-meter\/#04\">4.What fluids are totalizing flow meters mainly used for measuring?<\/a><br \/><a href=\"\/es\/totalizing-flow-meter\/#05\">5.What is the explosion-proof rating of totalizing flow meter?<\/a><br \/><a href=\"\/es\/totalizing-flow-meter\/#06\">6.About totalizing flow meter R&#038;D capabilities<\/a><br \/><a href=\"\/es\/totalizing-flow-meter\/#07\">7.Can the measurement results of the totalizing flow meter be output and recorded remotely?<\/a><br \/><a href=\"\/es\/totalizing-flow-meter\/#08\">8.About totalizing flow meter patent<\/a><br \/><a href=\"\/es\/totalizing-flow-meter\/#09\">9.About totalizing flow meter inventory<\/a><br \/><a href=\"\/es\/totalizing-flow-meter\/#010\">10.About totalizing flow meter patent<\/a><br \/><a href=\"\/es\/totalizing-flow-meter\/#11\">11.About totalizing flow meter customization services<\/a><br \/><a href=\"\/es\/totalizing-flow-meter\/#12\">12.About totalizing flow meter MOQ<\/a><br \/><a href=\"\/es\/totalizing-flow-meter\/#13\">13.Does the totalizing flow meter have an automatic alarm function?<\/a><br \/><a href=\"\/es\/totalizing-flow-meter\/#14\">14.About totalizing flow meter inventory<\/a><br \/><a href=\"\/es\/totalizing-flow-meter\/#15\">15.How does the totalizing flow meter connect with other devices and transmit data?<\/a><br \/><a href=\"\/es\/totalizing-flow-meter\/#16\">16.Does totalizing flow meter have real-time monitoring function?<\/a><\/div>\n<div name=\"01\" id=\"01\">\n<p><strong>1.About totalizing flow meter raw materials<\/strong><\/p>\n<p>Las materias primas de los caudal\u00edmetros suelen estar hechas de una variedad de metales, pl\u00e1sticos y compuestos. Entre los materiales m\u00e1s comunes utilizados en los caudal\u00edmetros se encuentran el acero inoxidable, el lat\u00f3n, el aluminio, el cloruro de polivinilo (PVC), el polipropileno (PP) y el politetrafluoroetileno (PTFE). El material utilizado en un caudal\u00edmetro depende de la aplicaci\u00f3n y del tipo de fluido que se mida. Por ejemplo, el acero inoxidable suele utilizarse para medir fluidos corrosivos, mientras que el PVC suele emplearse para medir agua.<\/p>\n<\/div>\n<div name=\"02\" id=\"02\">\n<p><strong>2.What is the difference between totalizing flow meter SUYI group vs totalizing flow meter Siemens vs totalizing flow meter GE<\/strong><\/p>\n<p>Los caudal\u00edmetros del Grupo SUYI se utilizan normalmente para medir el caudal de l\u00edquidos, gases y vapor. Est\u00e1n dise\u00f1ados para ser precisos, fiables y f\u00e1ciles de instalar y mantener. Los caudal\u00edmetros SUYI est\u00e1n disponibles en una gran variedad de tama\u00f1os y materiales, y pueden utilizarse en una gran variedad de aplicaciones.<\/p>\n<p>Los caudal\u00edmetros de Siemens est\u00e1n dise\u00f1ados para medir el caudal de l\u00edquidos, gases y vapor. Est\u00e1n dise\u00f1ados para ser precisos, fiables y f\u00e1ciles de instalar y mantener. Los caudal\u00edmetros Siemens est\u00e1n disponibles en distintos tama\u00f1os y materiales, y pueden utilizarse en una gran variedad de aplicaciones.<\/p>\n<p>Los caudal\u00edmetros de GE est\u00e1n dise\u00f1ados para medir el caudal de l\u00edquidos, gases y vapor. Est\u00e1n dise\u00f1ados para ser precisos, fiables y f\u00e1ciles de instalar y mantener. Los caudal\u00edmetros de GE est\u00e1n disponibles en diversos tama\u00f1os y materiales, y pueden utilizarse en una gran variedad de aplicaciones. Tambi\u00e9n ofrecen una amplia gama de caracter\u00edsticas, como pantallas digitales, alarmas y capacidades de registro de datos.<\/p>\n<\/div>\n<div name=\"03\" id=\"03\">\n<p><strong>3.About totalizing flow meter quality system<\/strong><\/p>\n<p>Un sistema de calidad de caudal\u00edmetros es un conjunto de procesos y procedimientos que se utilizan para garantizar que los caudal\u00edmetros se fabrican y prueban para cumplir los m\u00e1s altos est\u00e1ndares de precisi\u00f3n y fiabilidad. El sistema incluye medidas de control de calidad como la inspecci\u00f3n del material entrante, la inspecci\u00f3n durante el proceso y las pruebas del producto final. Tambi\u00e9n incluye la documentaci\u00f3n y el mantenimiento de registros para garantizar que se siguen todos los procesos y que cualquier problema se aborda con rapidez y eficacia. El sistema est\u00e1 dise\u00f1ado para garantizar que los caudal\u00edmetros producidos sean de la m\u00e1xima calidad y cumplan los requisitos del cliente.<\/p>\n<p><img src=\"https:\/\/www.hginstrument.com\/wp-content\/uploads\/2021\/07\/hgdu600-p-1.jpg\" alt=\"About totalizing flow meter quality system\" title=\"About totalizing flow meter quality system\" style=\"max-width: 100%;\"><\/div>\n<div name=\"04\" id=\"04\">\n<p><strong>4.What fluids are totalizing flow meters mainly used for measuring?<\/strong><\/p>\n<p>Nos centramos en el trabajo en equipo y la comunicaci\u00f3n para alcanzar objetivos comunes, damos gran importancia a este detalle.<br \/>\nLos caudal\u00edmetros se utilizan principalmente para medir el caudal de l\u00edquidos, gases y vapor.<\/p>\n<\/div>\n<div name=\"05\" id=\"05\">\n<p><strong>5.What is the explosion-proof rating of totalizing flow meter?<\/strong><\/p>\n<p>Our totalizing flow meter products undergo strict quality control to ensure customer satisfaction.<br \/>\nLas clasificaciones a prueba de explosiones de los caudal\u00edmetros var\u00edan en funci\u00f3n del tipo de caudal\u00edmetro y de la aplicaci\u00f3n. Generalmente, los caudal\u00edmetros est\u00e1n clasificados para Clase I, Divisi\u00f3n 1, Grupos C y D, o Clase II, Divisi\u00f3n 1, Grupos E, F y G.<\/p>\n<\/div>\n<div name=\"06\" id=\"06\">\n<p><strong>6.About totalizing flow meter R&#038;D capabilities<\/strong><\/p>\n<p>Las capacidades de I+D en caudal\u00edmetros se refieren a la capacidad de una empresa u organizaci\u00f3n para investigar, desarrollar y fabricar caudal\u00edmetros. Esto incluye la capacidad de dise\u00f1ar, probar y fabricar caudal\u00edmetros que cumplan los requisitos del cliente y las normas del sector. Tambi\u00e9n incluye la capacidad de desarrollar nuevas tecnolog\u00edas y productos para satisfacer las necesidades cambiantes de la industria. Las empresas con una s\u00f3lida capacidad de I+D pueden adelantarse a la competencia y ofrecer a sus clientes los caudal\u00edmetros m\u00e1s avanzados y fiables.<\/p>\n<p><img src=\"https:\/\/www.hginstrument.com\/wp-content\/uploads\/2021\/07\/hls-2000uf-1.jpg\" alt=\"About totalizing flow meter R&#038;D capabilities\" title=\"About totalizing flow meter R&#038;D capabilities\" style=\"max-width: 100%;\"><\/div>\n<div name=\"07\" id=\"07\">\n<p><strong>7.Can the measurement results of the totalizing flow meter be output and recorded remotely?<\/strong><\/p>\n<p>S\u00ed, muchos caudal\u00edmetros est\u00e1n equipados con salida remota y capacidad de registro. Esto permite a los usuarios supervisar y registrar datos de caudal desde una ubicaci\u00f3n remota.<\/p>\n<\/div>\n<div name=\"08\" id=\"08\">\n<p><strong>8.About totalizing flow meter patent<\/strong><\/p>\n<p>Las patentes de caudal\u00edmetros son patentes que cubren el dise\u00f1o y el funcionamiento de los caudal\u00edmetros. Los caudal\u00edmetros son dispositivos utilizados para medir la velocidad de flujo de un l\u00edquido o gas. Los caudal\u00edmetros se utilizan en diversas industrias, como el tratamiento de aguas y aguas residuales, el petr\u00f3leo y el gas, y el procesamiento qu\u00edmico. Los caudal\u00edmetros se utilizan para medir el caudal de un fluido, el volumen total de un fluido y la presi\u00f3n de un fluido. Los caudal\u00edmetros pueden ser mec\u00e1nicos, el\u00e9ctricos u \u00f3pticos. Los caudal\u00edmetros pueden utilizarse para medir el caudal de l\u00edquidos, gases y vapor.<\/p>\n<\/div>\n<div name=\"09\" id=\"09\">\n<p><strong>9.About totalizing flow meter inventory<\/strong><\/p>\n<p>El inventario de caudal\u00edmetros es un sistema utilizado para seguir y gestionar los caudal\u00edmetros utilizados en aplicaciones industriales y comerciales. Se utiliza para supervisar el rendimiento de los caudal\u00edmetros, as\u00ed como para garantizar su correcto mantenimiento y calibraci\u00f3n. El sistema de inventario tambi\u00e9n puede utilizarse para hacer un seguimiento del coste de los caudal\u00edmetros, as\u00ed como para identificar cualquier problema o incidencia potencial con los mismos.<\/p>\n<p><img src=\"https:\/\/www.hginstrument.com\/wp-content\/uploads\/2021\/07\/hguoc-1.jpg\" alt=\"About totalizing flow meter inventory\" title=\"About totalizing flow meter inventory\" style=\"max-width: 100%;\"><\/div>\n<div name=\"010\" id=\"010\">\n<p><strong>10.About totalizing flow meter patent<\/strong><\/p>\n<p>Las patentes de caudal\u00edmetros son patentes que cubren el dise\u00f1o y el funcionamiento de los caudal\u00edmetros. Los caudal\u00edmetros son dispositivos utilizados para medir la velocidad de flujo de un l\u00edquido o gas. Los caudal\u00edmetros se utilizan en diversas industrias, como el tratamiento de aguas y aguas residuales, el petr\u00f3leo y el gas, y el procesamiento qu\u00edmico. Los caudal\u00edmetros se utilizan para medir el caudal de un fluido, el volumen total de un fluido y la presi\u00f3n de un fluido. Los caudal\u00edmetros pueden ser mec\u00e1nicos, el\u00e9ctricos u \u00f3pticos. Los caudal\u00edmetros pueden utilizarse para medir el caudal de l\u00edquidos, gases y vapor.<\/p>\n<\/div>\n<div name=\"11\" id=\"11\">\n<p><strong>11.About totalizing flow meter customization services<\/strong><\/p>\n<p>Los servicios de personalizaci\u00f3n de caudal\u00edmetros est\u00e1n dise\u00f1ados para ofrecer a los clientes una soluci\u00f3n a medida para sus necesidades espec\u00edficas de medici\u00f3n de caudal. Estos servicios pueden incluir la personalizaci\u00f3n del caudal\u00edmetro para adaptarlo a una aplicaci\u00f3n concreta, como un tama\u00f1o de tuber\u00eda o un caudal espec\u00edficos, o para cumplir un determinado requisito de precisi\u00f3n. Los servicios de personalizaci\u00f3n tambi\u00e9n pueden incluir la modificaci\u00f3n del caudal\u00edmetro para incluir funciones adicionales, como una pantalla o capacidades de registro de datos. Los servicios de personalizaci\u00f3n de caudal\u00edmetros tambi\u00e9n pueden incluir la instalaci\u00f3n del caudal\u00edmetro, as\u00ed como la prestaci\u00f3n de asistencia t\u00e9cnica y mantenimiento.<\/p>\n<\/div>\n<div name=\"12\" id=\"12\">\n<p><strong>12.About totalizing flow meter MOQ<\/strong><\/p>\n<p>La cantidad m\u00ednima de pedido (MOQ) de un caudal\u00edmetro depender\u00e1 del tipo de caudal\u00edmetro y del fabricante. Por lo general, la MOQ de un caudal\u00edmetro oscila entre 1 y 10 unidades, pero puede variar en funci\u00f3n del fabricante y del tipo de caudal\u00edmetro.<\/p>\n<p><img src=\"https:\/\/www.hginstrument.com\/wp-content\/uploads\/2021\/07\/dsrt-1.jpg\" alt=\"About totalizing flow meter MOQ\" title=\"About totalizing flow meter MOQ\" style=\"max-width: 100%;\"><\/div>\n<div name=\"13\" id=\"13\">\n<p><strong>13.Does the totalizing flow meter have an automatic alarm function?<\/strong><\/p>\n<p>Nos adherimos al principio de que la calidad es lo primero y contamos con un completo sistema de gesti\u00f3n de la calidad de la producci\u00f3n y un proceso de inspecci\u00f3n de la calidad.<br \/>\nMuchos caudal\u00edmetros tienen una funci\u00f3n de alarma autom\u00e1tica, pero esto depende del modelo espec\u00edfico. Lo mejor es comprobar las especificaciones del producto para determinar si el caudal\u00edmetro que est\u00e1 considerando tiene esta funci\u00f3n.<\/p>\n<\/div>\n<div name=\"14\" id=\"14\">\n<p><strong>14.About totalizing flow meter inventory<\/strong><\/p>\n<p>El inventario de caudal\u00edmetros es un sistema utilizado para seguir y gestionar los caudal\u00edmetros utilizados en aplicaciones industriales y comerciales. Se utiliza para supervisar el rendimiento de los caudal\u00edmetros, as\u00ed como para garantizar su correcto mantenimiento y calibraci\u00f3n. El sistema de inventario tambi\u00e9n puede utilizarse para hacer un seguimiento del coste de los caudal\u00edmetros, as\u00ed como para identificar cualquier problema o incidencia potencial con los mismos.<\/p>\n<\/div>\n<div name=\"15\" id=\"15\">\n<p><strong>15.How does the totalizing flow meter connect with other devices and transmit data?<\/strong><\/p>\n<p>totalizing flow meter is not a product only,  but also can help you comes to money-making.<br \/>\nLos caudal\u00edmetros pueden conectarse con otros dispositivos y transmitir datos a trav\u00e9s de diversos m\u00e9todos, como conexiones por cable, conexiones inal\u00e1mbricas y protocolos de comunicaci\u00f3n serie. Las conexiones por cable pueden incluir RS-232, RS-485 y USB. Las conexiones inal\u00e1mbricas pueden incluir Bluetooth, Wi-Fi y redes celulares. Los protocolos de comunicaci\u00f3n serie pueden incluir Modbus, HART y Profibus.<\/p>\n<p><img src=\"https:\/\/www.hginstrument.com\/wp-content\/uploads\/2021\/07\/mdp310-fc3-3.jpg\" alt=\"How does the totalizing flow meter connect with other devices and transmit data?\" title=\"How does the totalizing flow meter connect with other devices and transmit data?\" style=\"max-width: 100%;\"><\/div>\n<div name=\"16\" id=\"16\">\n<p><strong>16.Does totalizing flow meter have real-time monitoring function?<\/strong><\/p>\n<p>S\u00ed, algunos caudal\u00edmetros tienen funciones de supervisi\u00f3n en tiempo real. Estos contadores suelen estar equipados con sensores que miden el caudal y transmiten los datos a un sistema de supervisi\u00f3n. Esto permite controlar en tiempo real el caudal y otros par\u00e1metros.<\/p>\n<\/div>\n<p>Etiqueta\uff1a<a href=\"\/es\/magnetic-flow-meter\/ammonia-flow-meter\/\">ammonia flow meter<\/a>,<a href=\"\/es\/magnetic-flow-meter\/sanitary-sewer-flow-meter\/\">caudal\u00edmetro de alcantarillado sanitario<\/a>,<a href=\"\/es\/magnetic-flow-meter\/water-flow-meter-with-shut-off\/\">caudal\u00edmetro de agua con cierre<\/a><\/p>\n<p><\/p>","protected":false},"excerpt":{"rendered":"<p><strong>Datos t\u00e9cnicos<\/strong><br \/>\nPuede servir para fluidos l\u00edquidos o gaseosos, normalmente se utiliza para medir el caudal de vapor, aire y gas natural.<br \/>\nTama\u00f1o del contador: Tipo en l\u00ednea: DN25 - DN300<br \/>\nOpci\u00f3n de material mojado: SS304, SS316<br \/>\nTemperatura de funcionamiento: \u2264250\u2103<br \/>\nConexi\u00f3n a proceso: Wafer \/ Brida \/ Tri-clamp para tipo en l\u00ednea<br \/>\nPrecisi\u00f3n de medici\u00f3n: 1,0 % - 1,5% del intervalo de calibraci\u00f3n<br \/>\nIndicador digital: muestra el caudal instant\u00e1neo y el caudal total<br \/>\nAlimentaci\u00f3n: 24VDC, Salida: 4-20mA<\/p>\n<p><strong>caracter\u00edsticas<\/strong><br \/>\n1.Puntos de consigna ON\/OFF ajustables<br \/>\n2.Modo de alarma de caudal alto o bajo<br \/>\n3.Tiempo de retardo ajustable<br \/>\n4.LED de estado del rel\u00e9<\/p>","protected":false},"featured_media":3691,"comment_status":"closed","ping_status":"closed","template":"","meta":[],"product_cat":[2372],"product_tag":[],"acf":[],"_links":{"self":[{"href":"https:\/\/www.hginstrument.com\/es\/wp-json\/wp\/v2\/product\/5985"}],"collection":[{"href":"https:\/\/www.hginstrument.com\/es\/wp-json\/wp\/v2\/product"}],"about":[{"href":"https:\/\/www.hginstrument.com\/es\/wp-json\/wp\/v2\/types\/product"}],"replies":[{"embeddable":true,"href":"https:\/\/www.hginstrument.com\/es\/wp-json\/wp\/v2\/comments?post=5985"}],"wp:featuredmedia":[{"embeddable":true,"href":"https:\/\/www.hginstrument.com\/es\/wp-json\/wp\/v2\/media\/3691"}],"wp:attachment":[{"href":"https:\/\/www.hginstrument.com\/es\/wp-json\/wp\/v2\/media?parent=5985"}],"wp:term":[{"taxonomy":"product_cat","embeddable":true,"href":"https:\/\/www.hginstrument.com\/es\/wp-json\/wp\/v2\/product_cat?post=5985"},{"taxonomy":"product_tag","embeddable":true,"href":"https:\/\/www.hginstrument.com\/es\/wp-json\/wp\/v2\/product_tag?post=5985"}],"curies":[{"name":"wp","href":"https:\/\/api.w.org\/{rel}","templated":true}]}}