{"id":6007,"date":"2023-12-25T04:38:20","date_gmt":"2023-12-24T20:38:20","guid":{"rendered":"https:\/\/www.hginstrument.com\/?post_type=product&#038;p=6007"},"modified":"2023-12-27T10:42:48","modified_gmt":"2023-12-27T02:42:48","slug":"ultra-sonic-flow-meter","status":"publish","type":"product","link":"https:\/\/www.hginstrument.com\/es\/magnetic-flow-meter\/ultra-sonic-flow-meter\/","title":{"rendered":"caudal\u00edmetro ultras\u00f3nico"},"content":{"rendered":"<p>Dise\u00f1ado para facilitar su uso, nuestro caudal\u00edmetro ultras\u00f3nico es f\u00e1cil de instalar y manejar, y resulta adecuado tanto para usuarios profesionales como no profesionales. Tambi\u00e9n es extremadamente duradero y capaz de soportar ambientes hostiles, asegurando un rendimiento duradero. El medidor de flujo ultras\u00f3nico tambi\u00e9n proporciona una interfaz f\u00e1cil de usar que hace que sea f\u00e1cil de controlar y registrar los datos de tr\u00e1fico. Adem\u00e1s, el caudal\u00edmetro ultras\u00f3nico ofrece una gran precisi\u00f3n, durabilidad y facilidad de uso, lo que lo convierte en la elecci\u00f3n perfecta para sus necesidades de medici\u00f3n de caudal.<\/p>\n<p>El caudal\u00edmetro ultras\u00f3nico es un instrumento de precisi\u00f3n dise\u00f1ado para medir el caudal de l\u00edquido o gas en una tuber\u00eda. Es una herramienta importante en los sectores del petr\u00f3leo y el gas, la qu\u00edmica, los sistemas de calefacci\u00f3n, ventilaci\u00f3n y aire acondicionado, el tratamiento de aguas y muchos otros.<\/p>\n<p>Gracias a su avanzada tecnolog\u00eda y gran precisi\u00f3n, el caudal\u00edmetro ultras\u00f3nico ofrece a los usuarios la posibilidad de supervisar y controlar el caudal de sus procesos con precisi\u00f3n y eficacia. Gracias a su construcci\u00f3n duradera, puede soportar duras condiciones de funcionamiento y ofrecer fiabilidad a largo plazo.<\/p>\n<p>&nbsp;<\/p>\n<table class=\"table table-bordered\">\n<tbody>\n<tr>\n<td><span style=\"vertical-align: inherit;\"><span style=\"vertical-align: inherit;\">Tipo\uff1a<\/span><\/span><\/td>\n<td><span style=\"vertical-align: inherit;\">caudal\u00edmetro ultras\u00f3nico<\/span><\/td>\n<td><span style=\"vertical-align: inherit;\"><span style=\"vertical-align: inherit;\">Se\u00f1al de salida\uff1a<\/span><\/span><\/td>\n<td><span style=\"vertical-align: inherit;\"><span style=\"vertical-align: inherit;\">4-28mA, Pulso\/Frecuencia 2kHz(Predeterminado), 5KHz(Max)<\/span><\/span><\/td>\n<\/tr>\n<tr>\n<td><span style=\"vertical-align: inherit;\"><span style=\"vertical-align: inherit;\">Lugar de origen\uff1a<\/span><\/span><\/td>\n<td><span style=\"vertical-align: inherit;\"><span style=\"vertical-align: inherit;\">Jiangsu\uff0cChina<\/span><\/span><\/td>\n<td><span style=\"vertical-align: inherit;\"><span style=\"vertical-align: inherit;\">Incorporar tipo\uff1a<\/span><\/span><\/td>\n<td><span style=\"vertical-align: inherit;\"><span style=\"vertical-align: inherit;\">-10\u2103- +56\u2103<\/span><\/span><\/td>\n<\/tr>\n<tr>\n<td><span style=\"vertical-align: inherit;\"><span style=\"vertical-align: inherit;\">Garant\u00eda\uff1a<\/span><\/span><\/td>\n<td><span style=\"vertical-align: inherit;\"><span style=\"vertical-align: inherit;\">19 meses<\/span><\/span><\/td>\n<td><span style=\"vertical-align: inherit;\"><span style=\"vertical-align: inherit;\">Tensi\u00f3n de alimentaci\u00f3n\uff1a<\/span><\/span><\/td>\n<td><span style=\"vertical-align: inherit;\"><span style=\"vertical-align: inherit;\">110\/220VAC (100-240VAC), 50Hz\/60Hz; 24VDC\u00b110%<\/span><\/span><\/td>\n<\/tr>\n<tr>\n<td><span style=\"vertical-align: inherit;\"><span style=\"vertical-align: inherit;\">Asistencia personalizada\uff1a<\/span><\/span><\/td>\n<td><span style=\"vertical-align: inherit;\"><span style=\"vertical-align: inherit;\">OEM, ODM, OBM<\/span><\/span><\/td>\n<td><span style=\"vertical-align: inherit;\"><span style=\"vertical-align: inherit;\">Comunicaci\u00f3n digital\uff1a<\/span><\/span><\/td>\n<td><span style=\"vertical-align: inherit;\"><span style=\"vertical-align: inherit;\">RS-485, compatible con el protocolo est\u00e1ndar Mudbugs-RTU; GPRS<\/span><\/span><\/td>\n<\/tr>\n<tr>\n<td><span style=\"vertical-align: inherit;\"><span style=\"vertical-align: inherit;\">Marca\uff1a<\/span><\/span><\/td>\n<td><span style=\"vertical-align: inherit;\"><span style=\"vertical-align: inherit;\">GRUPO SUYI<\/span><\/span><\/td>\n<td><span style=\"vertical-align: inherit;\"><span style=\"vertical-align: inherit;\">Presi\u00f3n nominal\uff1a<\/span><\/span><\/td>\n<td><span style=\"vertical-align: inherit;\"><span style=\"vertical-align: inherit;\">1MPa (DN15-DN800), 1,6MPa(DN15-DN800), 2,5MPa(DN15-DN600)<\/span><\/span><\/td>\n<\/tr>\n<tr>\n<td><span style=\"vertical-align: inherit;\"><span style=\"vertical-align: inherit;\">N\u00famero de modelo\uff1a<\/span><\/span><\/td>\n<td><span style=\"vertical-align: inherit;\"><span style=\"vertical-align: inherit;\">otros<\/span><\/span><\/td>\n<td><span style=\"vertical-align: inherit;\"><span style=\"vertical-align: inherit;\">Sensor\uff1a<\/span><\/span><\/td>\n<td><span style=\"vertical-align: inherit;\"><span style=\"vertical-align: inherit;\">0\u2103- +80\u2103 o -25\u2103- +120\u2103 o +70\u2103- +250\u2103<\/span><\/span><\/td>\n<\/tr>\n<tr>\n<td><span style=\"vertical-align: inherit;\"><span style=\"vertical-align: inherit;\">Nombre del producto\uff1a<\/span><\/span><\/td>\n<td><span style=\"vertical-align: inherit;\"><span style=\"vertical-align: inherit;\">Medidor de caudal de agua qu\u00edmico digital inteligente electromagn\u00e9tico<\/span><\/span><\/td>\n<td><span style=\"vertical-align: inherit;\"><span style=\"vertical-align: inherit;\">Detalles del embalaje\uff1a<\/span><\/span><\/td>\n<td><span style=\"vertical-align: inherit;\"><span style=\"vertical-align: inherit;\">1 Juego por paquete o seg\u00fan pedido del cliente<\/span><\/span><\/td>\n<\/tr>\n<tr>\n<td><span style=\"vertical-align: inherit;\"><span style=\"vertical-align: inherit;\">Di\u00e1metro nominal\uff1a<\/span><\/span><\/td>\n<td><span style=\"vertical-align: inherit;\"><span style=\"vertical-align: inherit;\">3-2880 mm<\/span><\/span><\/td>\n<td><span style=\"vertical-align: inherit;\"><span style=\"vertical-align: inherit;\">Capacidad de suministro\uff1a<\/span><\/span><\/td>\n<td><span style=\"vertical-align: inherit;\"><span style=\"vertical-align: inherit;\">1711 Juegos por mes<\/span><\/span><\/td>\n<\/tr>\n<tr>\n<td><span style=\"vertical-align: inherit;\"><span style=\"vertical-align: inherit;\">rango de velocidad\uff1a<\/span><\/span><\/td>\n<td><span style=\"vertical-align: inherit;\"><span style=\"vertical-align: inherit;\">0-6m\/s<\/span><\/span><\/td>\n<td><span style=\"vertical-align: inherit;\"><span style=\"vertical-align: inherit;\">Cantidad (juegos)\uff1a<\/span><\/span><\/td>\n<td><span style=\"vertical-align: inherit;\"><span style=\"vertical-align: inherit;\">&gt; 30<\/span><\/span><\/td>\n<\/tr>\n<tr>\n<td><span style=\"vertical-align: inherit;\"><span style=\"vertical-align: inherit;\">Grado de precisi\u00f3n\uff1a<\/span><\/span><\/td>\n<td><span style=\"vertical-align: inherit;\"><span style=\"vertical-align: inherit;\">\u00b10,5%R, \u00b11%R ( &lt; DN20)<\/span><\/span><\/td>\n<td><span style=\"vertical-align: inherit;\"><span style=\"vertical-align: inherit;\">Plazo de entrega (d\u00edas)\uff1a<\/span><\/span><\/td>\n<td><span style=\"vertical-align: inherit;\"><span style=\"vertical-align: inherit;\">A negociar<\/span><\/span><\/td>\n<\/tr>\n<\/tbody>\n<\/table>\n<p>&nbsp;<\/p>\n<p><strong><\/strong><\/p>\n<p style=\"text-align:center;\"><img src=\"https:\/\/www.hginstrument.com\/wp-content\/uploads\/2021\/07\/in-line-pipeline-type-hgd-electromagnetic-flow-meter.jpg\" atl=\"ultra sonic flow meter\" title=\"caudal\u00edmetro ultras\u00f3nico\"><\/p>\n<p><strong><\/strong><\/p>\n<p style=\"text-align:center;\"><img src=\"https:\/\/www.hginstrument.com\/wp-content\/uploads\/2021\/07\/insertion-01.jpg\" atl=\"ultra sonic flow meter\" title=\"caudal\u00edmetro ultras\u00f3nico\"><\/p>\n<p><strong><\/strong><\/p>\n<p style=\"text-align:center;\"><img src=\"https:\/\/www.hginstrument.com\/wp-content\/uploads\/2021\/07\/sanitary-mag-1.jpg\" atl=\"ultra sonic flow meter\" title=\"caudal\u00edmetro ultras\u00f3nico\"><\/p>\n<p><strong>Gu\u00eda de preguntas frecuentes sobre caudal\u00edmetros ultras\u00f3nicos.<\/p>\n<p>En el coraz\u00f3n de nuestra serie de caudal\u00edmetros ultras\u00f3nicos se encuentra el compromiso con la excelencia, que combina una avanzada tecnolog\u00eda de sensores con interfaces f\u00e1ciles de usar. Desde l\u00edquidos hasta gases, nuestros medidores ofrecen una precisi\u00f3n sin precedentes, lo que le permite tomar decisiones informadas y agilizar las operaciones. A medida que iniciamos una nueva era en la medici\u00f3n de fluidos, le invitamos a explorar las posibilidades ilimitadas que abren nuestros caudal\u00edmetros ultras\u00f3nicos, donde la precisi\u00f3n se une al rendimiento y la innovaci\u00f3n fluye sin fisuras.<\/strong><\/p>\n<div style=\"border:3px solid #f89900;margin:20px 0;padding:20px;\"><a href=\"\/es\/ultra-sonic-flow-meter\/#01\">1.Acerca de la patente del caudal\u00edmetro ultras\u00f3nico<\/a><br \/><a href=\"\/es\/ultra-sonic-flow-meter\/#02\">2.Acerca de caudal\u00edmetro ultras\u00f3nico almac\u00e9n de ultramar<\/a><br \/><a href=\"\/es\/ultra-sonic-flow-meter\/#03\">3.\u00bfSon trazables los resultados de las mediciones de los caudal\u00edmetros ultras\u00f3nicos?<\/a><br \/><a href=\"\/es\/ultra-sonic-flow-meter\/#04\">4.Acerca de las materias primas del caudal\u00edmetro ultras\u00f3nico<\/a><br \/><a href=\"\/es\/ultra-sonic-flow-meter\/#05\">5.\u00bfNecesita el caudal\u00edmetro ultras\u00f3nico una fuente de alimentaci\u00f3n externa?<\/a><br \/><a href=\"\/es\/ultra-sonic-flow-meter\/#06\">6.\u00bfCu\u00e1les son las opciones para los materiales exteriores del caudal\u00edmetro ultras\u00f3nico?<\/a><br \/><a href=\"\/es\/ultra-sonic-flow-meter\/#07\">7.Acerca de la formaci\u00f3n en producci\u00f3n de caudal\u00edmetros ultras\u00f3nicos<\/a><br \/><a href=\"\/es\/ultra-sonic-flow-meter\/#08\">8.Acerca del sistema de gesti\u00f3n de la producci\u00f3n de caudal\u00edmetros ultras\u00f3nicos<\/a><br \/><a href=\"\/es\/ultra-sonic-flow-meter\/#09\">9.\u00bfCu\u00e1les son los tipos habituales de caudal\u00edmetros ultras\u00f3nicos?<\/a><br \/><a href=\"\/es\/ultra-sonic-flow-meter\/#010\">10.\u00bfCu\u00e1les son los requisitos para el lugar espec\u00edfico de instalaci\u00f3n del caudal\u00edmetro ultras\u00f3nico?<\/a><br \/><a href=\"\/es\/ultra-sonic-flow-meter\/#11\">11.Acerca de la escala de la f\u00e1brica de caudal\u00edmetro ultras\u00f3nico<\/a><br \/><a href=\"\/es\/ultra-sonic-flow-meter\/#12\">12.\u00bfDispone el caudal\u00edmetro ultras\u00f3nico de una funci\u00f3n de alarma autom\u00e1tica?<\/a><br \/><a href=\"\/es\/ultra-sonic-flow-meter\/#13\">13.\u00bfCu\u00e1l es la diferencia entre caudal\u00edmetro ultras\u00f3nico SUYI group vs caudal\u00edmetro ultras\u00f3nico Emerson vs caudal\u00edmetro ultras\u00f3nico Honeywell<\/a><\/div>\n<div name=\"01\" id=\"01\">\n<p><strong>1.Acerca de la patente del caudal\u00edmetro ultras\u00f3nico<\/strong><\/p>\n<p>Las patentes de caudal\u00edmetros son patentes que cubren el dise\u00f1o y el funcionamiento de los caudal\u00edmetros. Los caudal\u00edmetros son dispositivos utilizados para medir la velocidad de flujo de un l\u00edquido o gas. Los caudal\u00edmetros se utilizan en diversas industrias, como el tratamiento de aguas y aguas residuales, el petr\u00f3leo y el gas, y el procesamiento qu\u00edmico. Los caudal\u00edmetros se utilizan para medir el caudal de un fluido, el volumen total de un fluido y la presi\u00f3n de un fluido. Los caudal\u00edmetros pueden ser mec\u00e1nicos, el\u00e9ctricos u \u00f3pticos. Los caudal\u00edmetros pueden utilizarse para medir el caudal de l\u00edquidos, gases y vapor.<\/p>\n<\/div>\n<div name=\"02\" id=\"02\">\n<p><strong>2.Acerca de caudal\u00edmetro ultras\u00f3nico almac\u00e9n de ultramar<\/strong><\/p>\n<p>Los almacenes de caudal\u00edmetros en el extranjero son almacenes situados en pa\u00edses extranjeros que almacenan caudal\u00edmetros y productos relacionados. Estos almacenes se utilizan para almacenar y distribuir caudal\u00edmetros a clientes de distintos pa\u00edses. Suelen estar situados en pa\u00edses que tienen una gran demanda de caudal\u00edmetros, como Estados Unidos, Canad\u00e1 y Europa. Los almacenes suelen ser propiedad y estar gestionados por el fabricante de los caudal\u00edmetros o por un proveedor log\u00edstico externo. Los almacenes suelen tener una gran variedad de caudal\u00edmetros, incluidos los digitales, anal\u00f3gicos y ultras\u00f3nicos. Tambi\u00e9n suelen almacenar piezas de repuesto y accesorios para los caudal\u00edmetros.<\/p>\n<\/div>\n<div name=\"03\" id=\"03\">\n<p><strong>3.\u00bfSon trazables los resultados de las mediciones de los caudal\u00edmetros ultras\u00f3nicos?<\/strong><\/p>\n<p>Nuestra empresa cuenta con muchos a\u00f1os de experiencia y conocimientos en caudal\u00edmetros ultras\u00f3nicos.<br \/>\nS\u00ed, los resultados de las mediciones de los caudal\u00edmetros pueden ser trazables. La trazabilidad es la capacidad de rastrear el historial, la aplicaci\u00f3n o la ubicaci\u00f3n de un elemento mediante una identificaci\u00f3n registrada y documentada. Los caudal\u00edmetros suelen calibrarse utilizando un patr\u00f3n trazable, como un patr\u00f3n de calibraci\u00f3n trazable al NIST. Esto garantiza que los resultados de las mediciones del caudal\u00edmetro son trazables a un patr\u00f3n conocido.<\/p>\n<\/div>\n<div name=\"04\" id=\"04\">\n<p><strong>4.Acerca de las materias primas del caudal\u00edmetro ultras\u00f3nico<\/strong><\/p>\n<p>Las materias primas de los caudal\u00edmetros suelen estar hechas de una variedad de metales, pl\u00e1sticos y compuestos. Entre los materiales m\u00e1s comunes utilizados en los caudal\u00edmetros se encuentran el acero inoxidable, el lat\u00f3n, el aluminio, el cloruro de polivinilo (PVC), el polipropileno (PP) y el politetrafluoroetileno (PTFE). El material utilizado en un caudal\u00edmetro depende de la aplicaci\u00f3n y del tipo de fluido que se mida. Por ejemplo, el acero inoxidable suele utilizarse para medir fluidos corrosivos, mientras que el PVC suele emplearse para medir agua.<\/p>\n<\/div>\n<div name=\"05\" id=\"05\">\n<p><strong>5.\u00bfNecesita el caudal\u00edmetro ultras\u00f3nico una fuente de alimentaci\u00f3n externa?<\/strong><\/p>\n<p>Nos adherimos al principio de que la calidad es lo primero y contamos con un completo sistema de gesti\u00f3n de la calidad de la producci\u00f3n y un proceso de inspecci\u00f3n de la calidad.<br \/>\nDepende del tipo de caudal\u00edmetro. Algunos caudal\u00edmetros se alimentan de una fuente de alimentaci\u00f3n externa, mientras que otros se alimentan del caudal del l\u00edquido o gas que se est\u00e1 midiendo.<\/p>\n<p><img src=\"https:\/\/www.hginstrument.com\/wp-content\/uploads\/2021\/07\/verabar-1.jpg\" alt=\"\u00bfNecesita el caudal\u00edmetro ultras\u00f3nico una fuente de alimentaci\u00f3n externa?\" title=\"\u00bfNecesita el caudal\u00edmetro ultras\u00f3nico una fuente de alimentaci\u00f3n externa?\" style=\"max-width: 100%;\"><\/div>\n<div name=\"06\" id=\"06\">\n<p><strong>6.\u00bfCu\u00e1les son las opciones para los materiales exteriores del caudal\u00edmetro ultras\u00f3nico?<\/strong><\/p>\n<p>El caudal\u00edmetro ultras\u00f3nico no es s\u00f3lo un producto, sino que tambi\u00e9n puede ayudarle a ganar dinero.<br \/>\n1. Aluminio<br \/>\n2. 2. Acero inoxidable<br \/>\n3. Lat\u00f3n<br \/>\n4. Pl\u00e1stico<br \/>\n5. Polipropileno<br \/>\n6. PVC<br \/>\n7. Policarbonato<br \/>\n8. Fibra de vidrio<br \/>\n9. Titanio<br \/>\n10. Cobre<\/p>\n<\/div>\n<div name=\"07\" id=\"07\">\n<p><strong>7.Acerca de la formaci\u00f3n en producci\u00f3n de caudal\u00edmetros ultras\u00f3nicos<\/strong><\/p>\n<p>La formaci\u00f3n en t\u00e9cnicas de producci\u00f3n de caudal\u00edmetros est\u00e1 dise\u00f1ada para ense\u00f1ar a t\u00e9cnicos e ingenieros los conocimientos necesarios para producir y mantener caudal\u00edmetros. La formaci\u00f3n abarca temas como los principios de la medici\u00f3n de caudal, los tipos de caudal\u00edmetros disponibles, la instalaci\u00f3n y el mantenimiento de los caudal\u00edmetros y las t\u00e9cnicas de resoluci\u00f3n de problemas. La formaci\u00f3n tambi\u00e9n abarca el uso de programas inform\u00e1ticos para analizar e interpretar los datos de caudal. La formaci\u00f3n suele impartirse en un aula y puede incluir actividades pr\u00e1cticas.<\/p>\n<\/div>\n<div name=\"08\" id=\"08\">\n<p><strong>8.Acerca del sistema de gesti\u00f3n de la producci\u00f3n de caudal\u00edmetros ultras\u00f3nicos<\/strong><\/p>\n<p>Un sistema de gesti\u00f3n de la producci\u00f3n de caudal\u00edmetros es una soluci\u00f3n de software dise\u00f1ada para ayudar a los fabricantes a gestionar la producci\u00f3n de caudal\u00edmetros. El sistema puede utilizarse para realizar un seguimiento del proceso de producci\u00f3n de principio a fin, incluido el pedido de materias primas, el montaje de componentes y la comprobaci\u00f3n y calibraci\u00f3n del producto acabado. El sistema tambi\u00e9n puede utilizarse para controlar la calidad del proceso de producci\u00f3n, garantizando que los caudal\u00edmetros cumplen las normas exigidas. Adem\u00e1s, el sistema puede utilizarse para generar informes y analizar datos que ayuden a los fabricantes a mejorar sus procesos de producci\u00f3n.<\/p>\n<\/div>\n<div name=\"09\" id=\"09\">\n<p><strong>9.\u00bfCu\u00e1les son los tipos habituales de caudal\u00edmetros ultras\u00f3nicos?<\/strong><\/p>\n<p>Nuestra misi\u00f3n es ofrecer a los clientes las mejores soluciones en caudal\u00edmetros ultras\u00f3nicos.<br \/>\n1. Caudal\u00edmetros de presi\u00f3n diferencial<br \/>\n2. Caudal\u00edmetros de desplazamiento positivo<br \/>\n3. Caudal\u00edmetros de turbina<br \/>\n4. Caudal\u00edmetros magn\u00e9ticos<br \/>\n5. Caudal\u00edmetros ultras\u00f3nicos<br \/>\n6. Caudal\u00edmetros Coriolis<br \/>\n7. Caudal\u00edmetros de v\u00f3rtice<br \/>\n8. Caudal\u00edmetros de objetivo<br \/>\n9. Caudal\u00edmetros de \u00e1rea variable<br \/>\n10. Caudal\u00edmetros m\u00e1sicos<\/p>\n<\/div>\n<div name=\"010\" id=\"010\">\n<p><strong>10.\u00bfCu\u00e1les son los requisitos para el lugar espec\u00edfico de instalaci\u00f3n del caudal\u00edmetro ultras\u00f3nico?<\/strong><\/p>\n<p>Operamos nuestro negocio de caudal\u00edmetros ultras\u00f3nicos con integridad y honestidad.<br \/>\n1. El caudal\u00edmetro debe instalarse en un lugar libre de vibraciones, golpes y otras fuerzas externas.<\/p>\n<p>2. El caudal\u00edmetro debe instalarse en un lugar libre de gases corrosivos, l\u00edquidos y otros contaminantes.<\/p>\n<p>3. El caudal\u00edmetro debe instalarse en un lugar accesible para su mantenimiento y calibraci\u00f3n.<\/p>\n<p>4. El caudal\u00edmetro debe instalarse en un lugar exento de temperaturas y humedad extremas.<\/p>\n<p>5. El caudal\u00edmetro debe instalarse en un lugar libre de interferencias el\u00e9ctricas.<\/p>\n<p><img src=\"https:\/\/www.hginstrument.com\/wp-content\/uploads\/2021\/07\/hguoc-1.jpg\" alt=\"\u00bfCu\u00e1les son los requisitos para la ubicaci\u00f3n espec\u00edfica de instalaci\u00f3n del caudal\u00edmetro ultras\u00f3nico?\" title=\"\u00bfCu\u00e1les son los requisitos para la ubicaci\u00f3n espec\u00edfica de instalaci\u00f3n del caudal\u00edmetro ultras\u00f3nico?\" style=\"max-width: 100%;\"><\/div>\n<div name=\"11\" id=\"11\">\n<p><strong>11.Acerca de la escala de la f\u00e1brica de caudal\u00edmetro ultras\u00f3nico<\/strong><\/p>\n<p>Las f\u00e1bricas de caudal\u00edmetros var\u00edan en tama\u00f1o y alcance, dependiendo del tipo de caudal\u00edmetros que produzcan. Algunas f\u00e1bricas pueden especializarse en la producci\u00f3n de un solo tipo de caudal\u00edmetro, mientras que otras pueden producir una variedad de tipos diferentes. Algunas f\u00e1bricas pueden ser grandes, con cientos de empleados, mientras que otras pueden ser peque\u00f1as, con s\u00f3lo unos pocos empleados. El tama\u00f1o de la f\u00e1brica tambi\u00e9n depender\u00e1 del tipo de caudal\u00edmetros que produzca, as\u00ed como de la demanda de los mismos.<\/p>\n<\/div>\n<div name=\"12\" id=\"12\">\n<p><strong>12.\u00bfDispone el caudal\u00edmetro ultras\u00f3nico de una funci\u00f3n de alarma autom\u00e1tica?<\/strong><\/p>\n<p>Nos adherimos al principio de que la calidad es lo primero y contamos con un completo sistema de gesti\u00f3n de la calidad de la producci\u00f3n y un proceso de inspecci\u00f3n de la calidad.<br \/>\nMuchos caudal\u00edmetros tienen una funci\u00f3n de alarma autom\u00e1tica, pero esto depende del modelo espec\u00edfico. Lo mejor es comprobar las especificaciones del producto para determinar si el caudal\u00edmetro que est\u00e1 considerando tiene esta funci\u00f3n.<\/p>\n<\/div>\n<div name=\"13\" id=\"13\">\n<p><strong>13.\u00bfCu\u00e1l es la diferencia entre caudal\u00edmetro ultras\u00f3nico SUYI group vs caudal\u00edmetro ultras\u00f3nico Emerson vs caudal\u00edmetro ultras\u00f3nico Honeywell<\/strong><\/p>\n<p>Los caudal\u00edmetros de SUYI Group, Emerson y Honeywell miden el caudal de l\u00edquidos y gases, pero difieren en t\u00e9rminos de precisi\u00f3n, caracter\u00edsticas y coste. Los caudal\u00edmetros de SUYI Group suelen ser los m\u00e1s asequibles, pero es posible que no tengan la misma precisi\u00f3n ni las mismas caracter\u00edsticas que los modelos m\u00e1s caros de Emerson y Honeywell. Los caudal\u00edmetros Emerson son conocidos por su precisi\u00f3n y fiabilidad, pero pueden ser m\u00e1s caros que los de otras marcas. Los caudal\u00edmetros Honeywell son conocidos por sus funciones avanzadas y su precisi\u00f3n, pero pueden ser los m\u00e1s caros de los tres.<\/p>\n<\/div>\n<p>Etiqueta\uff1a<a href=\"\/es\/magnetic-flow-meter\/commercial-pool-flow-meter\/\">caudal\u00edmetro piscina comercial<\/a>,<a href=\"\/es\/magnetic-flow-meter\/water-flow-meter-4-20ma-output\/\">medidor de caudal de agua salida 4-20ma<\/a>,<a href=\"\/es\/magnetic-flow-meter\/water-flow-meter-for-hose\/\">caudal\u00edmetro para manguera<\/a><\/p>\n<p><\/p>","protected":false},"excerpt":{"rendered":"<p><strong>Datos t\u00e9cnicos<\/strong><br \/>\nPuede servir para fluidos l\u00edquidos o gaseosos, normalmente se utiliza para medir el caudal de vapor, aire y gas natural.<br \/>\nTama\u00f1o del contador: Tipo en l\u00ednea: DN25 - DN300<br \/>\nOpci\u00f3n de material mojado: SS304, SS316<br \/>\nTemperatura de funcionamiento: \u2264250\u2103<br \/>\nConexi\u00f3n a proceso: Wafer \/ Brida \/ Tri-clamp para tipo en l\u00ednea<br \/>\nPrecisi\u00f3n de medici\u00f3n: 1,0 % - 1,5% del intervalo de calibraci\u00f3n<br \/>\nIndicador digital: muestra el caudal instant\u00e1neo y el caudal total<br \/>\nAlimentaci\u00f3n: 24VDC, Salida: 4-20mA<\/p>\n<p><strong>caracter\u00edsticas<\/strong><br \/>\n1.Puntos de consigna ON\/OFF ajustables<br \/>\n2.Modo de alarma de caudal alto o bajo<br \/>\n3.Tiempo de retardo ajustable<br \/>\n4.LED de estado del rel\u00e9<\/p>","protected":false},"featured_media":3691,"comment_status":"closed","ping_status":"closed","template":"","meta":[],"product_cat":[2372],"product_tag":[],"acf":[],"_links":{"self":[{"href":"https:\/\/www.hginstrument.com\/es\/wp-json\/wp\/v2\/product\/6007"}],"collection":[{"href":"https:\/\/www.hginstrument.com\/es\/wp-json\/wp\/v2\/product"}],"about":[{"href":"https:\/\/www.hginstrument.com\/es\/wp-json\/wp\/v2\/types\/product"}],"replies":[{"embeddable":true,"href":"https:\/\/www.hginstrument.com\/es\/wp-json\/wp\/v2\/comments?post=6007"}],"wp:featuredmedia":[{"embeddable":true,"href":"https:\/\/www.hginstrument.com\/es\/wp-json\/wp\/v2\/media\/3691"}],"wp:attachment":[{"href":"https:\/\/www.hginstrument.com\/es\/wp-json\/wp\/v2\/media?parent=6007"}],"wp:term":[{"taxonomy":"product_cat","embeddable":true,"href":"https:\/\/www.hginstrument.com\/es\/wp-json\/wp\/v2\/product_cat?post=6007"},{"taxonomy":"product_tag","embeddable":true,"href":"https:\/\/www.hginstrument.com\/es\/wp-json\/wp\/v2\/product_tag?post=6007"}],"curies":[{"name":"wp","href":"https:\/\/api.w.org\/{rel}","templated":true}]}}