{"id":6139,"date":"2023-12-25T09:48:32","date_gmt":"2023-12-25T01:48:32","guid":{"rendered":"https:\/\/www.hginstrument.com\/?post_type=product&#038;p=6139"},"modified":"2023-12-27T09:05:34","modified_gmt":"2023-12-27T01:05:34","slug":"water-mass-flow-meter","status":"publish","type":"product","link":"https:\/\/www.hginstrument.com\/es\/magnetic-flow-meter\/water-mass-flow-meter\/","title":{"rendered":"caudal\u00edmetro m\u00e1sico de agua"},"content":{"rendered":"<p>El caudal\u00edmetro m\u00e1sico de agua es un dispositivo muy fiable y preciso que se utiliza para medir el caudal de l\u00edquidos y gases en diversas aplicaciones industriales y comerciales. Est\u00e1 dise\u00f1ado con tecnolog\u00eda avanzada y componentes de alta calidad, lo que lo hace duradero y resistente a factores externos como los cambios de temperatura y presi\u00f3n.<\/p>\n<p>Una de las principales caracter\u00edsticas del caudal\u00edmetro m\u00e1sico de agua es su gran precisi\u00f3n, con un margen de error inferior a 1%. Esto lo hace ideal para mediciones precisas y procesos cr\u00edticos. Adem\u00e1s, el dispositivo tiene un amplio rango de medici\u00f3n y puede manejar tanto caudales bajos como altos, lo que lo hace adecuado para una gran variedad de necesidades industriales.<\/p>\n<p>La instalaci\u00f3n y el mantenimiento del caudal\u00edmetro m\u00e1sico de agua son r\u00e1pidos y sencillos, gracias a su dise\u00f1o simple y su interfaz intuitiva. Con su rendimiento fiable y su precio rentable, el caudal\u00edmetro m\u00e1sico de agua es una herramienta esencial para cualquier aplicaci\u00f3n de medici\u00f3n de fluidos. Es la opci\u00f3n preferida y de confianza de clientes de todo el mundo, y cuenta con un historial probado de precisi\u00f3n.<\/p>\n<p>&nbsp;<\/p>\n<table class=\"table table-bordered\">\n<tbody>\n<tr>\n<td><span style=\"vertical-align: inherit;\"><span style=\"vertical-align: inherit;\">Tipo\uff1a<\/span><\/span><\/td>\n<td><span style=\"vertical-align: inherit;\">caudal\u00edmetro m\u00e1sico de agua<\/span><\/td>\n<td><span style=\"vertical-align: inherit;\"><span style=\"vertical-align: inherit;\">Se\u00f1al de salida\uff1a<\/span><\/span><\/td>\n<td><span style=\"vertical-align: inherit;\"><span style=\"vertical-align: inherit;\">4-29mA, Pulso\/Frecuencia 2kHz(Predeterminado), 5KHz(Max)<\/span><\/span><\/td>\n<\/tr>\n<tr>\n<td><span style=\"vertical-align: inherit;\"><span style=\"vertical-align: inherit;\">Lugar de origen\uff1a<\/span><\/span><\/td>\n<td><span style=\"vertical-align: inherit;\"><span style=\"vertical-align: inherit;\">Jiangsu\uff0cChina<\/span><\/span><\/td>\n<td><span style=\"vertical-align: inherit;\"><span style=\"vertical-align: inherit;\">Incorporar tipo\uff1a<\/span><\/span><\/td>\n<td><span style=\"vertical-align: inherit;\"><span style=\"vertical-align: inherit;\">-10\u2103- +56\u2103<\/span><\/span><\/td>\n<\/tr>\n<tr>\n<td><span style=\"vertical-align: inherit;\"><span style=\"vertical-align: inherit;\">Garant\u00eda\uff1a<\/span><\/span><\/td>\n<td><span style=\"vertical-align: inherit;\"><span style=\"vertical-align: inherit;\">17 meses<\/span><\/span><\/td>\n<td><span style=\"vertical-align: inherit;\"><span style=\"vertical-align: inherit;\">Tensi\u00f3n de alimentaci\u00f3n\uff1a<\/span><\/span><\/td>\n<td><span style=\"vertical-align: inherit;\"><span style=\"vertical-align: inherit;\">110\/220VAC (100-240VAC), 50Hz\/60Hz; 24VDC\u00b110%<\/span><\/span><\/td>\n<\/tr>\n<tr>\n<td><span style=\"vertical-align: inherit;\"><span style=\"vertical-align: inherit;\">Asistencia personalizada\uff1a<\/span><\/span><\/td>\n<td><span style=\"vertical-align: inherit;\"><span style=\"vertical-align: inherit;\">OEM, ODM, OBM<\/span><\/span><\/td>\n<td><span style=\"vertical-align: inherit;\"><span style=\"vertical-align: inherit;\">Comunicaci\u00f3n digital\uff1a<\/span><\/span><\/td>\n<td><span style=\"vertical-align: inherit;\"><span style=\"vertical-align: inherit;\">RS-485, compatible con el protocolo est\u00e1ndar Mudbugs-RTU; GPRS<\/span><\/span><\/td>\n<\/tr>\n<tr>\n<td><span style=\"vertical-align: inherit;\"><span style=\"vertical-align: inherit;\">Marca\uff1a<\/span><\/span><\/td>\n<td><span style=\"vertical-align: inherit;\"><span style=\"vertical-align: inherit;\">GRUPO SUYI<\/span><\/span><\/td>\n<td><span style=\"vertical-align: inherit;\"><span style=\"vertical-align: inherit;\">Presi\u00f3n nominal\uff1a<\/span><\/span><\/td>\n<td><span style=\"vertical-align: inherit;\"><span style=\"vertical-align: inherit;\">1MPa (DN15-DN800), 1,6MPa(DN15-DN800), 2,5MPa(DN15-DN600)<\/span><\/span><\/td>\n<\/tr>\n<tr>\n<td><span style=\"vertical-align: inherit;\"><span style=\"vertical-align: inherit;\">N\u00famero de modelo\uff1a<\/span><\/span><\/td>\n<td><span style=\"vertical-align: inherit;\"><span style=\"vertical-align: inherit;\">otros<\/span><\/span><\/td>\n<td><span style=\"vertical-align: inherit;\"><span style=\"vertical-align: inherit;\">Sensor\uff1a<\/span><\/span><\/td>\n<td><span style=\"vertical-align: inherit;\"><span style=\"vertical-align: inherit;\">0\u2103- +80\u2103 o -25\u2103- +120\u2103 o +70\u2103- +250\u2103<\/span><\/span><\/td>\n<\/tr>\n<tr>\n<td><span style=\"vertical-align: inherit;\"><span style=\"vertical-align: inherit;\">Nombre del producto\uff1a<\/span><\/span><\/td>\n<td><span style=\"vertical-align: inherit;\"><span style=\"vertical-align: inherit;\">Medidor de caudal de agua qu\u00edmico digital inteligente electromagn\u00e9tico<\/span><\/span><\/td>\n<td><span style=\"vertical-align: inherit;\"><span style=\"vertical-align: inherit;\">Detalles del embalaje\uff1a<\/span><\/span><\/td>\n<td><span style=\"vertical-align: inherit;\"><span style=\"vertical-align: inherit;\">1 Juego por paquete o seg\u00fan pedido del cliente<\/span><\/span><\/td>\n<\/tr>\n<tr>\n<td><span style=\"vertical-align: inherit;\"><span style=\"vertical-align: inherit;\">Di\u00e1metro nominal\uff1a<\/span><\/span><\/td>\n<td><span style=\"vertical-align: inherit;\"><span style=\"vertical-align: inherit;\">3-2791 mm<\/span><\/span><\/td>\n<td><span style=\"vertical-align: inherit;\"><span style=\"vertical-align: inherit;\">Capacidad de suministro\uff1a<\/span><\/span><\/td>\n<td><span style=\"vertical-align: inherit;\"><span style=\"vertical-align: inherit;\">2124 juegos\/juegos al mes<\/span><\/span><\/td>\n<\/tr>\n<tr>\n<td><span style=\"vertical-align: inherit;\"><span style=\"vertical-align: inherit;\">rango de velocidad\uff1a<\/span><\/span><\/td>\n<td><span style=\"vertical-align: inherit;\"><span style=\"vertical-align: inherit;\">0-12 m\/s<\/span><\/span><\/td>\n<td><span style=\"vertical-align: inherit;\"><span style=\"vertical-align: inherit;\">Cantidad (juegos)\uff1a<\/span><\/span><\/td>\n<td><span style=\"vertical-align: inherit;\"><span style=\"vertical-align: inherit;\">&gt; 30<\/span><\/span><\/td>\n<\/tr>\n<tr>\n<td><span style=\"vertical-align: inherit;\"><span style=\"vertical-align: inherit;\">Grado de precisi\u00f3n\uff1a<\/span><\/span><\/td>\n<td><span style=\"vertical-align: inherit;\"><span style=\"vertical-align: inherit;\">\u00b10,5%R, \u00b11%R ( &lt; DN20)<\/span><\/span><\/td>\n<td><span style=\"vertical-align: inherit;\"><span style=\"vertical-align: inherit;\">Plazo de entrega (d\u00edas)\uff1a<\/span><\/span><\/td>\n<td><span style=\"vertical-align: inherit;\"><span style=\"vertical-align: inherit;\">A negociar<\/span><\/span><\/td>\n<\/tr>\n<\/tbody>\n<\/table>\n<p>&nbsp;<\/p>\n<p><strong><\/strong><\/p>\n<p style=\"text-align:center;\"><img src=\"https:\/\/www.hginstrument.com\/wp-content\/uploads\/2021\/07\/in-line-pipeline-type-hgd-electromagnetic-flow-meter.jpg\" atl=\"water mass flow meter\" title=\"caudal\u00edmetro m\u00e1sico de agua\"><\/p>\n<p><strong><\/strong><\/p>\n<p style=\"text-align:center;\"><img src=\"https:\/\/www.hginstrument.com\/wp-content\/uploads\/2021\/07\/insertion-01.jpg\" atl=\"water mass flow meter\" title=\"caudal\u00edmetro m\u00e1sico de agua\"><\/p>\n<p><strong><\/strong><\/p>\n<p style=\"text-align:center;\"><img src=\"https:\/\/www.hginstrument.com\/wp-content\/uploads\/2021\/07\/sanitary-mag-1.jpg\" atl=\"water mass flow meter\" title=\"caudal\u00edmetro m\u00e1sico de agua\"><\/p>\n<p><strong>Gu\u00eda de preguntas frecuentes sobre caudal\u00edmetros m\u00e1sicos de agua.<\/p>\n<p>En el coraz\u00f3n de nuestra serie de caudal\u00edmetros m\u00e1sicos de agua se encuentra el compromiso con la excelencia, que combina una avanzada tecnolog\u00eda de sensores con interfaces f\u00e1ciles de usar. Desde l\u00edquidos hasta gases, nuestros medidores ofrecen una precisi\u00f3n inigualable, lo que le permite tomar decisiones informadas y agilizar las operaciones. A medida que iniciamos una nueva era en la medici\u00f3n de fluidos, le invitamos a explorar las posibilidades ilimitadas que abren nuestros caudal\u00edmetros m\u00e1sicos de agua, donde la precisi\u00f3n se une al rendimiento y la innovaci\u00f3n fluye a la perfecci\u00f3n.<\/strong><\/p>\n<div style=\"border:3px solid #f89900;margin:20px 0;padding:20px;\"><a href=\"\/es\/water-mass-flow-meter\/#01\">1.\u00bfTiene el caudal\u00edmetro m\u00e1sico de agua funci\u00f3n de control en tiempo real?<\/a><br \/><a href=\"\/es\/water-mass-flow-meter\/#02\">2.Acerca del sistema de gesti\u00f3n de la producci\u00f3n de caudal\u00edmetros m\u00e1sicos de agua<\/a><br \/><a href=\"\/es\/water-mass-flow-meter\/#03\">3.\u00bfC\u00f3mo mide el caudal un caudal\u00edmetro m\u00e1sico de agua?<\/a><br \/><a href=\"\/es\/water-mass-flow-meter\/#04\">4.\u00bfSe puede equipar el caudal\u00edmetro m\u00e1sico de agua con sensores de distinta precisi\u00f3n?<\/a><br \/><a href=\"\/es\/water-mass-flow-meter\/#05\">5.\u00bfQu\u00e9 es un caudal\u00edmetro m\u00e1sico de agua?<\/a><br \/><a href=\"\/es\/water-mass-flow-meter\/#06\">6.\u00bfCu\u00e1les son los requisitos para el lugar de instalaci\u00f3n espec\u00edfico del caudal\u00edmetro m\u00e1sico de agua?<\/a><br \/><a href=\"\/es\/water-mass-flow-meter\/#07\">7.Acerca del caudal\u00edmetro m\u00e1sico de agua materias primas<\/a><br \/><a href=\"\/es\/water-mass-flow-meter\/#08\">8.\u00bfPueden emitirse y registrarse a distancia los resultados de medici\u00f3n del caudal\u00edmetro m\u00e1sico de agua?<\/a><br \/><a href=\"\/es\/water-mass-flow-meter\/#09\">9.\u00bfCu\u00e1l es el rango de presi\u00f3n aplicable del caudal\u00edmetro m\u00e1sico de agua?<\/a><br \/><a href=\"\/es\/water-mass-flow-meter\/#010\">10.\u00bfEs anticorrosivo el caudal\u00edmetro m\u00e1sico de agua?<\/a><br \/><a href=\"\/es\/water-mass-flow-meter\/#11\">11.Acerca del origen del caudal\u00edmetro m\u00e1sico de agua<\/a><br \/><a href=\"\/es\/water-mass-flow-meter\/#12\">12.\u00bfTiene el caudal\u00edmetro m\u00e1sico de agua capacidad de control remoto?<\/a><br \/><a href=\"\/es\/water-mass-flow-meter\/#13\">13.\u00bfEl caudal\u00edmetro m\u00e1sico de agua dispone de pantalla multiling\u00fce?<\/a><br \/><a href=\"\/es\/water-mass-flow-meter\/#14\">14.\u00bfCu\u00e1les son las caracter\u00edsticas del caudal\u00edmetro m\u00e1sico de agua?<\/a><br \/><a href=\"\/es\/water-mass-flow-meter\/#15\">15.\u00bfPara qu\u00e9 industrias es adecuado el caudal\u00edmetro m\u00e1sico de agua?<\/a><\/div>\n<div name=\"01\" id=\"01\">\n<p><strong>1.\u00bfTiene el caudal\u00edmetro m\u00e1sico de agua funci\u00f3n de control en tiempo real?<\/strong><\/p>\n<p>S\u00ed, algunos caudal\u00edmetros tienen funciones de supervisi\u00f3n en tiempo real. Estos contadores suelen estar equipados con sensores que miden el caudal y transmiten los datos a un sistema de supervisi\u00f3n. Esto permite controlar en tiempo real el caudal y otros par\u00e1metros.<\/p>\n<\/div>\n<div name=\"02\" id=\"02\">\n<p><strong>2.Acerca del sistema de gesti\u00f3n de la producci\u00f3n de caudal\u00edmetros m\u00e1sicos de agua<\/strong><\/p>\n<p>Un sistema de gesti\u00f3n de la producci\u00f3n de caudal\u00edmetros es una soluci\u00f3n de software dise\u00f1ada para ayudar a los fabricantes a gestionar la producci\u00f3n de caudal\u00edmetros. El sistema puede utilizarse para realizar un seguimiento del proceso de producci\u00f3n de principio a fin, incluido el pedido de materias primas, el montaje de componentes y la comprobaci\u00f3n y calibraci\u00f3n del producto acabado. El sistema tambi\u00e9n puede utilizarse para controlar la calidad del proceso de producci\u00f3n, garantizando que los caudal\u00edmetros cumplen las normas exigidas. Adem\u00e1s, el sistema puede utilizarse para generar informes y analizar datos que ayuden a los fabricantes a mejorar sus procesos de producci\u00f3n.<\/p>\n<\/div>\n<div name=\"03\" id=\"03\">\n<p><strong>3.\u00bfC\u00f3mo mide el caudal un caudal\u00edmetro m\u00e1sico de agua?<\/strong><\/p>\n<p>Operamos nuestro negocio de medidores de flujo m\u00e1sico de agua con integridad y honestidad.<br \/>\nUn caudal\u00edmetro mide el caudal midiendo la velocidad de un fluido a su paso por una tuber\u00eda u otro conducto. Esto se hace normalmente midiendo la ca\u00edda de presi\u00f3n a trav\u00e9s de un \u00e1rea conocida, o midiendo el tiempo que tarda un volumen de fluido en pasar a trav\u00e9s de un \u00e1rea conocida. Otros m\u00e9todos consisten en utilizar una turbina, una rueda de paletas o un transductor ultras\u00f3nico para medir la velocidad del fluido.<\/p>\n<p><img src=\"https:\/\/www.hginstrument.com\/wp-content\/uploads\/2021\/07\/mdp310-fc3-3.jpg\" alt=\"\u00bfC\u00f3mo mide el caudal un caudal\u00edmetro m\u00e1sico de agua?\" title=\"\u00bfC\u00f3mo mide el caudal un caudal\u00edmetro m\u00e1sico de agua?\" style=\"max-width: 100%;\"><\/div>\n<div name=\"04\" id=\"04\">\n<p><strong>4.\u00bfSe puede equipar el caudal\u00edmetro m\u00e1sico de agua con sensores de distinta precisi\u00f3n?<\/strong><\/p>\n<p>S\u00ed, los caudal\u00edmetros pueden equiparse con sensores de distinta precisi\u00f3n. Existen distintos tipos de caudal\u00edmetros con diferentes niveles de precisi\u00f3n, en funci\u00f3n de la aplicaci\u00f3n. Por ejemplo, los caudal\u00edmetros de turbina suelen ser m\u00e1s precisos que los de rueda de paletas.<\/p>\n<\/div>\n<div name=\"05\" id=\"05\">\n<p><strong>5.\u00bfQu\u00e9 es un caudal\u00edmetro m\u00e1sico de agua?<\/strong><\/p>\n<p>Nos centramos en el trabajo en equipo y la comunicaci\u00f3n para alcanzar objetivos comunes, damos gran importancia a este detalle.<br \/>\nUn caudal\u00edmetro es un dispositivo utilizado para medir el caudal o la cantidad de gas o l\u00edquido que circula por una tuber\u00eda. Los caudal\u00edmetros miden el caudal volum\u00e9trico o m\u00e1sico de un l\u00edquido o gas. Se utilizan en diversos sectores, como el tratamiento de aguas y aguas residuales, el petr\u00f3leo y el gas, el procesamiento qu\u00edmico y la producci\u00f3n de alimentos y bebidas.<\/p>\n<\/div>\n<div name=\"06\" id=\"06\">\n<p><strong>6.\u00bfCu\u00e1les son los requisitos para el lugar de instalaci\u00f3n espec\u00edfico del caudal\u00edmetro m\u00e1sico de agua?<\/strong><\/p>\n<p>Operamos nuestro negocio de medidores de flujo m\u00e1sico de agua con integridad y honestidad.<br \/>\n1. El caudal\u00edmetro debe instalarse en un lugar libre de vibraciones, golpes y otras fuerzas externas.<\/p>\n<p>2. El caudal\u00edmetro debe instalarse en un lugar libre de gases corrosivos, l\u00edquidos y otros contaminantes.<\/p>\n<p>3. El caudal\u00edmetro debe instalarse en un lugar accesible para su mantenimiento y calibraci\u00f3n.<\/p>\n<p>4. El caudal\u00edmetro debe instalarse en un lugar exento de temperaturas y humedad extremas.<\/p>\n<p>5. El caudal\u00edmetro debe instalarse en un lugar libre de interferencias el\u00e9ctricas.<\/p>\n<p><img src=\"https:\/\/www.hginstrument.com\/wp-content\/uploads\/2021\/07\/hg-50-7.jpg\" alt=\"\u00bfCu\u00e1les son los requisitos para el lugar de instalaci\u00f3n espec\u00edfico del caudal\u00edmetro m\u00e1sico de agua?\" title=\"\u00bfCu\u00e1les son los requisitos para el lugar de instalaci\u00f3n espec\u00edfico del caudal\u00edmetro m\u00e1sico de agua?\" style=\"max-width: 100%;\"><\/div>\n<div name=\"07\" id=\"07\">\n<p><strong>7.Acerca del caudal\u00edmetro m\u00e1sico de agua materias primas<\/strong><\/p>\n<p>Las materias primas de los caudal\u00edmetros suelen estar hechas de una variedad de metales, pl\u00e1sticos y compuestos. Entre los materiales m\u00e1s comunes utilizados en los caudal\u00edmetros se encuentran el acero inoxidable, el lat\u00f3n, el aluminio, el cloruro de polivinilo (PVC), el polipropileno (PP) y el politetrafluoroetileno (PTFE). El material utilizado en un caudal\u00edmetro depende de la aplicaci\u00f3n y del tipo de fluido que se mida. Por ejemplo, el acero inoxidable suele utilizarse para medir fluidos corrosivos, mientras que el PVC suele emplearse para medir agua.<\/p>\n<\/div>\n<div name=\"08\" id=\"08\">\n<p><strong>8.\u00bfPueden emitirse y registrarse a distancia los resultados de medici\u00f3n del caudal\u00edmetro m\u00e1sico de agua?<\/strong><\/p>\n<p>S\u00ed, muchos caudal\u00edmetros est\u00e1n equipados con salida remota y capacidad de registro. Esto permite a los usuarios supervisar y registrar datos de caudal desde una ubicaci\u00f3n remota.<\/p>\n<\/div>\n<div name=\"09\" id=\"09\">\n<p><strong>9.\u00bfCu\u00e1l es el rango de presi\u00f3n aplicable del caudal\u00edmetro m\u00e1sico de agua?<\/strong><\/p>\n<p>Nuestros productos y servicios cubren una amplia gama de \u00e1mbitos y satisfacen las necesidades de diferentes campos.<br \/>\nEl rango de presi\u00f3n aplicable de un caudal\u00edmetro depende del tipo de caudal\u00edmetro que se utilice. Por lo general, los caudal\u00edmetros pueden medir presiones que oscilan entre 0,1 bar y 1.000 bar.<\/p>\n<p><img src=\"https:\/\/www.hginstrument.com\/wp-content\/uploads\/2021\/07\/oval-gear-4.jpg\" alt=\"\u00bfCu\u00e1l es el rango de presi\u00f3n aplicable al caudal\u00edmetro m\u00e1sico de agua?\" title=\"\u00bfCu\u00e1l es el rango de presi\u00f3n aplicable al caudal\u00edmetro m\u00e1sico de agua?\" style=\"max-width: 100%;\"><\/div>\n<div name=\"010\" id=\"010\">\n<p><strong>10.\u00bfEs anticorrosivo el caudal\u00edmetro m\u00e1sico de agua?<\/strong><\/p>\n<p>Hemos establecido una buena reputaci\u00f3n y asociaciones confiables dentro de la industria de medidores de flujo m\u00e1sico de agua.<br \/>\nS\u00ed, la mayor\u00eda de los caudal\u00edmetros est\u00e1n dise\u00f1ados para ser resistentes a la corrosi\u00f3n. Sin embargo, el tipo espec\u00edfico de caudal\u00edmetro y el entorno en el que se utilice determinar\u00e1n el grado de resistencia a la corrosi\u00f3n.<\/p>\n<\/div>\n<div name=\"11\" id=\"11\">\n<p><strong>11.Acerca del origen del caudal\u00edmetro m\u00e1sico de agua<\/strong><\/p>\n<p>El primer caudal\u00edmetro fue inventado en 1832 por un ingl\u00e9s llamado William Henry. Desarroll\u00f3 un dispositivo que utilizaba un flotador para medir el caudal de agua en una tuber\u00eda. Este dispositivo fue el primero de su clase y el precursor de los caudal\u00edmetros modernos. Desde entonces, los caudal\u00edmetros se han utilizado en diversas industrias para medir el caudal de l\u00edquidos, gases y otros materiales. Hoy en d\u00eda, los caudal\u00edmetros se utilizan en una gran variedad de aplicaciones, desde la medici\u00f3n del caudal de agua en una tuber\u00eda hasta la medici\u00f3n del caudal de petr\u00f3leo en una refiner\u00eda.<\/p>\n<\/div>\n<div name=\"12\" id=\"12\">\n<p><strong>12.\u00bfTiene el caudal\u00edmetro m\u00e1sico de agua capacidad de control remoto?<\/strong><\/p>\n<p>Nos centramos en las necesidades de nuestros clientes y nos esforzamos por satisfacer sus expectativas, por lo que nos lo tomamos muy en serio.<br \/>\nDepende del modelo concreto de caudal\u00edmetro. Algunos modelos pueden tener capacidad de control remoto, mientras que otros no.<\/p>\n<p><img src=\"https:\/\/www.hginstrument.com\/wp-content\/uploads\/2021\/07\/hgvf-1.jpg\" alt=\"\u00bfTiene el caudal\u00edmetro m\u00e1sico de agua capacidad de control remoto?\" title=\"\u00bfTiene el caudal\u00edmetro m\u00e1sico de agua capacidad de control remoto?\" style=\"max-width: 100%;\"><\/div>\n<div name=\"13\" id=\"13\">\n<p><strong>13.\u00bfEl caudal\u00edmetro m\u00e1sico de agua dispone de pantalla multiling\u00fce?<\/strong><\/p>\n<p>Como uno de los principales fabricantes de medidores de flujo m\u00e1sico de agua en China, nos tomamos esto muy en serio.<br \/>\nS\u00ed, algunos caudal\u00edmetros disponen de pantalla multiling\u00fce. Sin embargo, esta funci\u00f3n no est\u00e1 disponible en todos los modelos. Lo mejor es comprobar con el fabricante si el modelo espec\u00edfico que le interesa dispone de esta funci\u00f3n.<\/p>\n<\/div>\n<div name=\"14\" id=\"14\">\n<p><strong>14.\u00bfCu\u00e1les son las caracter\u00edsticas del caudal\u00edmetro m\u00e1sico de agua?<\/strong><\/p>\n<p>Hemos establecido asociaciones estables y a largo plazo con nuestros proveedores, por lo que tenemos grandes ventajas en precio y coste y en garant\u00eda de calidad.<br \/>\n1. Precisi\u00f3n: Los caudal\u00edmetros deben ser capaces de medir con precisi\u00f3n el caudal de un fluido.<\/p>\n<p>2. Gama: Los caudal\u00edmetros deben poder medir una amplia gama de caudales.<\/p>\n<p>3. Repetibilidad: Los caudal\u00edmetros deben ser capaces de medir sistem\u00e1ticamente el mismo caudal a lo largo del tiempo.<\/p>\n<p>4. Tiempo de respuesta: Los caudal\u00edmetros deben ser capaces de responder r\u00e1pidamente a los cambios de caudal.<\/p>\n<p>5. Durabilidad: Los caudal\u00edmetros deben ser capaces de soportar las duras condiciones del entorno en el que se utilizan.<\/p>\n<p>6. Coste: Los caudal\u00edmetros deben ser rentables para la aplicaci\u00f3n.<\/p>\n<\/div>\n<div name=\"15\" id=\"15\">\n<p><strong>15.\u00bfPara qu\u00e9 industrias es adecuado el caudal\u00edmetro m\u00e1sico de agua?<\/strong><\/p>\n<p>Mantenemos una cierta inversi\u00f3n en I+D cada a\u00f1o y mejoramos continuamente la eficiencia operativa para ofrecer mejores servicios a nuestros clientes cooperativos.<br \/>\nLos caudal\u00edmetros son adecuados para una amplia gama de industrias, como las del petr\u00f3leo y el gas, el agua y las aguas residuales, el procesamiento qu\u00edmico, la alimentaci\u00f3n y las bebidas, la industria farmac\u00e9utica, la generaci\u00f3n de energ\u00eda y la calefacci\u00f3n, ventilaci\u00f3n y aire acondicionado.<\/p>\n<p><img src=\"https:\/\/www.hginstrument.com\/wp-content\/uploads\/2021\/07\/hgtf-6.jpg\" alt=\"\u00bfPara qu\u00e9 industrias es adecuado el caudal\u00edmetro m\u00e1sico de agua?\" title=\"\u00bfPara qu\u00e9 industrias es adecuado el caudal\u00edmetro m\u00e1sico de agua?\" style=\"max-width: 100%;\"><\/div>\n<p>Etiqueta\uff1a<a href=\"\/es\/magnetic-flow-meter\/portable-flow-meter-for-wastewater\/\">caudal\u00edmetro port\u00e1til para aguas residuales<\/a>,<a href=\"\/es\/magnetic-flow-meter\/automation-direct-flow-meter\/\">automatizaci\u00f3n caudal\u00edmetro directo<\/a>,<a href=\"\/es\/magnetic-flow-meter\/water-flow-meter-6-inch-pipe\/\">medidor de caudal de agua tubo de 6 pulgadas<\/a>,<a href=\"\/es\/magnetic-flow-meter\/hose-water-flow-meter\/\">caudal\u00edmetro de manguera<\/a><\/p>\n<p><\/p>","protected":false},"excerpt":{"rendered":"<p><strong>Datos t\u00e9cnicos<\/strong><br \/>\nPuede servir para fluidos l\u00edquidos o gaseosos, normalmente se utiliza para medir el caudal de vapor, aire y gas natural.<br \/>\nTama\u00f1o del contador: Tipo en l\u00ednea: DN25 - DN300<br \/>\nOpci\u00f3n de material mojado: SS304, SS316<br \/>\nTemperatura de funcionamiento: \u2264250\u2103<br \/>\nConexi\u00f3n a proceso: Wafer \/ Brida \/ Tri-clamp para tipo en l\u00ednea<br \/>\nPrecisi\u00f3n de medici\u00f3n: 1,0 % - 1,5% del intervalo de calibraci\u00f3n<br \/>\nIndicador digital: muestra el caudal instant\u00e1neo y el caudal total<br \/>\nAlimentaci\u00f3n: 24VDC, Salida: 4-20mA<\/p>\n<p><strong>caracter\u00edsticas<\/strong><br \/>\n1.Puntos de consigna ON\/OFF ajustables<br \/>\n2.Modo de alarma de caudal alto o bajo<br \/>\n3.Tiempo de retardo ajustable<br \/>\n4.LED de estado del rel\u00e9<\/p>","protected":false},"featured_media":3691,"comment_status":"closed","ping_status":"closed","template":"","meta":[],"product_cat":[2372],"product_tag":[],"acf":[],"_links":{"self":[{"href":"https:\/\/www.hginstrument.com\/es\/wp-json\/wp\/v2\/product\/6139"}],"collection":[{"href":"https:\/\/www.hginstrument.com\/es\/wp-json\/wp\/v2\/product"}],"about":[{"href":"https:\/\/www.hginstrument.com\/es\/wp-json\/wp\/v2\/types\/product"}],"replies":[{"embeddable":true,"href":"https:\/\/www.hginstrument.com\/es\/wp-json\/wp\/v2\/comments?post=6139"}],"wp:featuredmedia":[{"embeddable":true,"href":"https:\/\/www.hginstrument.com\/es\/wp-json\/wp\/v2\/media\/3691"}],"wp:attachment":[{"href":"https:\/\/www.hginstrument.com\/es\/wp-json\/wp\/v2\/media?parent=6139"}],"wp:term":[{"taxonomy":"product_cat","embeddable":true,"href":"https:\/\/www.hginstrument.com\/es\/wp-json\/wp\/v2\/product_cat?post=6139"},{"taxonomy":"product_tag","embeddable":true,"href":"https:\/\/www.hginstrument.com\/es\/wp-json\/wp\/v2\/product_tag?post=6139"}],"curies":[{"name":"wp","href":"https:\/\/api.w.org\/{rel}","templated":true}]}}