{"id":6153,"date":"2023-12-25T10:20:50","date_gmt":"2023-12-25T02:20:50","guid":{"rendered":"https:\/\/www.hginstrument.com\/?post_type=product&#038;p=6153"},"modified":"2023-12-27T08:59:07","modified_gmt":"2023-12-27T00:59:07","slug":"well-flow-meter","status":"publish","type":"product","link":"https:\/\/www.hginstrument.com\/es\/magnetic-flow-meter\/well-flow-meter\/","title":{"rendered":"caudal\u00edmetro de pozo"},"content":{"rendered":"<p>This cutting-edge product combines accuracy, durability, and efficiency to provide the ultimate solution for all your well flow metering needs. Designed with advanced features and state-of-the-art materials, well flow meter guarantees precise and reliable flow measurements for a wide range of liquids. Its intuitive interface and compact design make it user-friendly and easy to install in any industrial or commercial setting. <\/p>\n<p>The well flow meter is equipped with a digital display, making it easy to read and interpret the flow rate in various units. Its user-friendly interface allows for quick and simple calibration and adjustments.<\/p>\n<p>In addition, well flow meter offers various models for different applications, including electromagnetic, ultrasonic, and thermal dispersion. Each model is designed with specific features to cater to the unique needs of its users.<\/p>\n<p>&nbsp;<\/p>\n<table class=\"table table-bordered\">\n<tbody>\n<tr>\n<td><span style=\"vertical-align: inherit;\"><span style=\"vertical-align: inherit;\">Tipo\uff1a<\/span><\/span><\/td>\n<td><span style=\"vertical-align: inherit;\">caudal\u00edmetro de pozo<\/span><\/td>\n<td><span style=\"vertical-align: inherit;\"><span style=\"vertical-align: inherit;\">Se\u00f1al de salida\uff1a<\/span><\/span><\/td>\n<td><span style=\"vertical-align: inherit;\"><span style=\"vertical-align: inherit;\">4-22mA, Pulso\/Frecuencia 2kHz(Predeterminado), 5KHz(Max)<\/span><\/span><\/td>\n<\/tr>\n<tr>\n<td><span style=\"vertical-align: inherit;\"><span style=\"vertical-align: inherit;\">Lugar de origen\uff1a<\/span><\/span><\/td>\n<td><span style=\"vertical-align: inherit;\"><span style=\"vertical-align: inherit;\">Jiangsu\uff0cChina<\/span><\/span><\/td>\n<td><span style=\"vertical-align: inherit;\"><span style=\"vertical-align: inherit;\">Incorporar tipo\uff1a<\/span><\/span><\/td>\n<td><span style=\"vertical-align: inherit;\"><span style=\"vertical-align: inherit;\">-10\u2103- +57\u2103<\/span><\/span><\/td>\n<\/tr>\n<tr>\n<td><span style=\"vertical-align: inherit;\"><span style=\"vertical-align: inherit;\">Garant\u00eda\uff1a<\/span><\/span><\/td>\n<td><span style=\"vertical-align: inherit;\"><span style=\"vertical-align: inherit;\">10 meses<\/span><\/span><\/td>\n<td><span style=\"vertical-align: inherit;\"><span style=\"vertical-align: inherit;\">Tensi\u00f3n de alimentaci\u00f3n\uff1a<\/span><\/span><\/td>\n<td><span style=\"vertical-align: inherit;\"><span style=\"vertical-align: inherit;\">110\/220VAC (100-240VAC), 50Hz\/60Hz; 24VDC\u00b110%<\/span><\/span><\/td>\n<\/tr>\n<tr>\n<td><span style=\"vertical-align: inherit;\"><span style=\"vertical-align: inherit;\">Asistencia personalizada\uff1a<\/span><\/span><\/td>\n<td><span style=\"vertical-align: inherit;\"><span style=\"vertical-align: inherit;\">OEM, ODM, OBM<\/span><\/span><\/td>\n<td><span style=\"vertical-align: inherit;\"><span style=\"vertical-align: inherit;\">Comunicaci\u00f3n digital\uff1a<\/span><\/span><\/td>\n<td><span style=\"vertical-align: inherit;\"><span style=\"vertical-align: inherit;\">RS-485, compatible con el protocolo est\u00e1ndar Mudbugs-RTU; GPRS<\/span><\/span><\/td>\n<\/tr>\n<tr>\n<td><span style=\"vertical-align: inherit;\"><span style=\"vertical-align: inherit;\">Marca\uff1a<\/span><\/span><\/td>\n<td><span style=\"vertical-align: inherit;\"><span style=\"vertical-align: inherit;\">GRUPO SUYI<\/span><\/span><\/td>\n<td><span style=\"vertical-align: inherit;\"><span style=\"vertical-align: inherit;\">Presi\u00f3n nominal\uff1a<\/span><\/span><\/td>\n<td><span style=\"vertical-align: inherit;\"><span style=\"vertical-align: inherit;\">1MPa (DN15-DN800), 1,6MPa(DN15-DN800), 2,5MPa(DN15-DN600)<\/span><\/span><\/td>\n<\/tr>\n<tr>\n<td><span style=\"vertical-align: inherit;\"><span style=\"vertical-align: inherit;\">N\u00famero de modelo\uff1a<\/span><\/span><\/td>\n<td><span style=\"vertical-align: inherit;\"><span style=\"vertical-align: inherit;\">otros<\/span><\/span><\/td>\n<td><span style=\"vertical-align: inherit;\"><span style=\"vertical-align: inherit;\">Sensor\uff1a<\/span><\/span><\/td>\n<td><span style=\"vertical-align: inherit;\"><span style=\"vertical-align: inherit;\">0\u2103- +80\u2103 o -25\u2103- +120\u2103 o +70\u2103- +250\u2103<\/span><\/span><\/td>\n<\/tr>\n<tr>\n<td><span style=\"vertical-align: inherit;\"><span style=\"vertical-align: inherit;\">Nombre del producto\uff1a<\/span><\/span><\/td>\n<td><span style=\"vertical-align: inherit;\"><span style=\"vertical-align: inherit;\">Medidor de caudal de agua qu\u00edmico digital inteligente electromagn\u00e9tico<\/span><\/span><\/td>\n<td><span style=\"vertical-align: inherit;\"><span style=\"vertical-align: inherit;\">Detalles del embalaje\uff1a<\/span><\/span><\/td>\n<td><span style=\"vertical-align: inherit;\"><span style=\"vertical-align: inherit;\">1 Juego por paquete o seg\u00fan pedido del cliente<\/span><\/span><\/td>\n<\/tr>\n<tr>\n<td><span style=\"vertical-align: inherit;\"><span style=\"vertical-align: inherit;\">Di\u00e1metro nominal\uff1a<\/span><\/span><\/td>\n<td><span style=\"vertical-align: inherit;\"><span style=\"vertical-align: inherit;\">3-3462mm<\/span><\/span><\/td>\n<td><span style=\"vertical-align: inherit;\"><span style=\"vertical-align: inherit;\">Capacidad de suministro\uff1a<\/span><\/span><\/td>\n<td><span style=\"vertical-align: inherit;\"><span style=\"vertical-align: inherit;\">2193 Set\/Sets per Month<\/span><\/span><\/td>\n<\/tr>\n<tr>\n<td><span style=\"vertical-align: inherit;\"><span style=\"vertical-align: inherit;\">rango de velocidad\uff1a<\/span><\/span><\/td>\n<td><span style=\"vertical-align: inherit;\"><span style=\"vertical-align: inherit;\">0-9m\/s<\/span><\/span><\/td>\n<td><span style=\"vertical-align: inherit;\"><span style=\"vertical-align: inherit;\">Cantidad (juegos)\uff1a<\/span><\/span><\/td>\n<td><span style=\"vertical-align: inherit;\"><span style=\"vertical-align: inherit;\">&gt; 30<\/span><\/span><\/td>\n<\/tr>\n<tr>\n<td><span style=\"vertical-align: inherit;\"><span style=\"vertical-align: inherit;\">Grado de precisi\u00f3n\uff1a<\/span><\/span><\/td>\n<td><span style=\"vertical-align: inherit;\"><span style=\"vertical-align: inherit;\">\u00b10,5%R, \u00b11%R ( &lt; DN20)<\/span><\/span><\/td>\n<td><span style=\"vertical-align: inherit;\"><span style=\"vertical-align: inherit;\">Plazo de entrega (d\u00edas)\uff1a<\/span><\/span><\/td>\n<td><span style=\"vertical-align: inherit;\"><span style=\"vertical-align: inherit;\">A negociar<\/span><\/span><\/td>\n<\/tr>\n<\/tbody>\n<\/table>\n<p>&nbsp;<\/p>\n<p><strong><\/strong><\/p>\n<p style=\"text-align:center;\"><img src=\"https:\/\/www.hginstrument.com\/wp-content\/uploads\/2021\/07\/in-line-pipeline-type-hgd-electromagnetic-flow-meter.jpg\" atl=\"well flow meter\" title=\"caudal\u00edmetro de pozo\"><\/p>\n<p><strong><\/strong><\/p>\n<p style=\"text-align:center;\"><img src=\"https:\/\/www.hginstrument.com\/wp-content\/uploads\/2021\/07\/insertion-01.jpg\" atl=\"well flow meter\" title=\"caudal\u00edmetro de pozo\"><\/p>\n<p><strong><\/strong><\/p>\n<p style=\"text-align:center;\"><img src=\"https:\/\/www.hginstrument.com\/wp-content\/uploads\/2021\/07\/sanitary-mag-1.jpg\" atl=\"well flow meter\" title=\"caudal\u00edmetro de pozo\"><\/p>\n<p><strong>well flow meter FAQs Guide.<\/p>\n<p>At the heart of our well flow meter series lies a commitment to excellence, blending advanced sensor technology with user-friendly interfaces. From liquid to gas, our meters deliver unparalleled accuracy, empowering you to make informed decisions and streamline operations. As we usher in a new era of fluid measurement, we invite you to explore the limitless possibilities that our well flow meters unlock \u2013 where precision meets performance, and innovation flows seamlessly.<\/strong><\/p>\n<div style=\"border:3px solid #f89900;margin:20px 0;padding:20px;\"><a href=\"\/es\/well-flow-meter\/#01\">1.What is the difference between well flow meter SUYI group vs well flow meter Yokogawa vs well flow meter ABB<\/a><br \/><a href=\"\/es\/well-flow-meter\/#02\">2.About well flow meter delivery date<\/a><br \/><a href=\"\/es\/well-flow-meter\/#03\">3.About well flow meter origin<\/a><br \/><a href=\"\/es\/well-flow-meter\/#04\">4.About well flow meter raw materials<\/a><br \/><a href=\"\/es\/well-flow-meter\/#05\">5.What are the common faults and solutions of well flow meters?<\/a><br \/><a href=\"\/es\/well-flow-meter\/#06\">6.About well flow meter raw materials<\/a><br \/><a href=\"\/es\/well-flow-meter\/#07\">7.Does the well flow meter have data storage capabilities?<\/a><br \/><a href=\"\/es\/well-flow-meter\/#08\">8.About the scale of well flow meter factory<\/a><br \/><a href=\"\/es\/well-flow-meter\/#09\">9.What is a well flow meter?<\/a><br \/><a href=\"\/es\/well-flow-meter\/#010\">10.What is the measuring range of well flow meter?<\/a><br \/><a href=\"\/es\/well-flow-meter\/#11\">11.Can the measurement results of the well flow meter be output and recorded remotely?<\/a><br \/><a href=\"\/es\/well-flow-meter\/#12\">12.Can the well flow meter be equipped with sensors of different accuracy?<\/a><br \/><a href=\"\/es\/well-flow-meter\/#13\">13.About well flow meter technology<\/a><br \/><a href=\"\/es\/well-flow-meter\/#14\">14.About the development history of well flow meter factory<\/a><br \/><a href=\"\/es\/well-flow-meter\/#15\">15.About well flow meter quality system<\/a><br \/><a href=\"\/es\/well-flow-meter\/#16\">16.What is the difference between well flow meter SUYI group vs well flow meter Emerson vs well flow meter Honeywell<\/a><br \/><a href=\"\/es\/well-flow-meter\/#17\">17.What is the weight and dimensions of the well flow meter?<\/a><\/div>\n<div name=\"01\" id=\"01\">\n<p><strong>1.What is the difference between well flow meter SUYI group vs well flow meter Yokogawa vs well flow meter ABB<\/strong><\/p>\n<p>Los caudal\u00edmetros de SUYI Group, Yokogawa y ABB miden el caudal de un fluido, pero difieren en t\u00e9rminos de precisi\u00f3n, caracter\u00edsticas y coste. Los caudal\u00edmetros de SUYI Group suelen ser m\u00e1s asequibles que los de Yokogawa y ABB, pero es posible que no tengan tantas funciones ni una precisi\u00f3n tan alta. Los medidores de flujo de Yokogawa son conocidos por su precisi\u00f3n y confiabilidad, pero tienden a ser m\u00e1s caros que los de SUYI Group y ABB. Los caudal\u00edmetros ABB son conocidos por su robustez y durabilidad, pero tambi\u00e9n son m\u00e1s caros que las otras dos marcas.<\/p>\n<\/div>\n<div name=\"02\" id=\"02\">\n<p><strong>2.About well flow meter delivery date<\/strong><\/p>\n<p>La fecha de entrega de un caudal\u00edmetro depender\u00e1 del tipo de caudal\u00edmetro, del fabricante y de la disponibilidad del producto. Por lo general, la mayor\u00eda de los caudal\u00edmetros pueden entregarse en un plazo que oscila entre unos d\u00edas y unas semanas. Sin embargo, algunos caudal\u00edmetros especializados pueden tardar m\u00e1s en entregarse. Lo mejor es ponerse en contacto directamente con el fabricante para obtener una fecha de entrega exacta.<\/p>\n<\/div>\n<div name=\"03\" id=\"03\">\n<p><strong>3.About well flow meter origin<\/strong><\/p>\n<p>El primer caudal\u00edmetro fue inventado en 1832 por un ingl\u00e9s llamado William Henry. Desarroll\u00f3 un dispositivo que utilizaba un flotador para medir el caudal de agua en una tuber\u00eda. Este dispositivo fue el primero de su clase y el precursor de los caudal\u00edmetros modernos. Desde entonces, los caudal\u00edmetros se han utilizado en diversas industrias para medir el caudal de l\u00edquidos, gases y otros materiales. Hoy en d\u00eda, los caudal\u00edmetros se utilizan en una gran variedad de aplicaciones, desde la medici\u00f3n del caudal de agua en una tuber\u00eda hasta la medici\u00f3n del caudal de petr\u00f3leo en una refiner\u00eda.<\/p>\n<\/div>\n<div name=\"04\" id=\"04\">\n<p><strong>4.About well flow meter raw materials<\/strong><\/p>\n<p>Las materias primas de los caudal\u00edmetros suelen estar hechas de una variedad de metales, pl\u00e1sticos y compuestos. Entre los materiales m\u00e1s comunes utilizados en los caudal\u00edmetros se encuentran el acero inoxidable, el lat\u00f3n, el aluminio, el cloruro de polivinilo (PVC), el polipropileno (PP) y el politetrafluoroetileno (PTFE). El material utilizado en un caudal\u00edmetro depende de la aplicaci\u00f3n y del tipo de fluido que se mida. Por ejemplo, el acero inoxidable suele utilizarse para medir fluidos corrosivos, mientras que el PVC suele emplearse para medir agua.<\/p>\n<\/div>\n<div name=\"05\" id=\"05\">\n<p><strong>5.What are the common faults and solutions of well flow meters?<\/strong><\/p>\n<p>Mantenemos una cierta inversi\u00f3n en I+D cada a\u00f1o y mejoramos continuamente la eficiencia operativa para ofrecer mejores servicios a nuestros clientes cooperativos.<br \/>\nEntre las aver\u00edas y soluciones m\u00e1s comunes de los caudal\u00edmetros se incluyen:<\/p>\n<p>1. Baja precisi\u00f3n: Suele deberse a una instalaci\u00f3n incorrecta o a una calibraci\u00f3n incorrecta. Para solucionarlo, compruebe la instalaci\u00f3n y la calibraci\u00f3n del caudal\u00edmetro y aseg\u00farese de que son correctas.<\/p>\n<p>2. Fugas: Suele deberse a una junta desgastada o da\u00f1ada. Para solucionarlo, sustituye la junta por una nueva.<\/p>\n<p>3. Obstrucci\u00f3n: Suele estar causado por residuos u otras part\u00edculas que obstruyen el caudal\u00edmetro. Para solucionarlo, limpie el caudal\u00edmetro y elimine cualquier resto o part\u00edcula.<\/p>\n<p>4. 4. Corrosi\u00f3n: Suele deberse a la exposici\u00f3n a l\u00edquidos o gases corrosivos. Para solucionarlo, sustituya cualquier pieza corro\u00edda y utilice un material resistente a la corrosi\u00f3n para el caudal\u00edmetro.<\/p>\n<p><img src=\"https:\/\/www.hginstrument.com\/wp-content\/uploads\/2021\/07\/hgvf-1.jpg\" alt=\"What are the common faults and solutions of well flow meters?\" title=\"What are the common faults and solutions of well flow meters?\" style=\"max-width: 100%;\"><\/div>\n<div name=\"06\" id=\"06\">\n<p><strong>6.About well flow meter raw materials<\/strong><\/p>\n<p>Las materias primas de los caudal\u00edmetros suelen estar hechas de una variedad de metales, pl\u00e1sticos y compuestos. Entre los materiales m\u00e1s comunes utilizados en los caudal\u00edmetros se encuentran el acero inoxidable, el lat\u00f3n, el aluminio, el cloruro de polivinilo (PVC), el polipropileno (PP) y el politetrafluoroetileno (PTFE). El material utilizado en un caudal\u00edmetro depende de la aplicaci\u00f3n y del tipo de fluido que se mida. Por ejemplo, el acero inoxidable suele utilizarse para medir fluidos corrosivos, mientras que el PVC suele emplearse para medir agua.<\/p>\n<\/div>\n<div name=\"07\" id=\"07\">\n<p><strong>7.Does the well flow meter have data storage capabilities?<\/strong><\/p>\n<p>Nos centramos en la innovaci\u00f3n y la mejora continua para mantener una ventaja competitiva.<br \/>\nDepende del tipo de caudal\u00edmetro. Algunos caudal\u00edmetros tienen capacidad de almacenamiento de datos, mientras que otros no.<\/p>\n<\/div>\n<div name=\"08\" id=\"08\">\n<p><strong>8.About the scale of well flow meter factory<\/strong><\/p>\n<p>Las f\u00e1bricas de caudal\u00edmetros var\u00edan en tama\u00f1o y alcance, dependiendo del tipo de caudal\u00edmetros que produzcan. Algunas f\u00e1bricas pueden especializarse en la producci\u00f3n de un solo tipo de caudal\u00edmetro, mientras que otras pueden producir una variedad de tipos diferentes. Algunas f\u00e1bricas pueden ser grandes, con cientos de empleados, mientras que otras pueden ser peque\u00f1as, con s\u00f3lo unos pocos empleados. El tama\u00f1o de la f\u00e1brica tambi\u00e9n depender\u00e1 del tipo de caudal\u00edmetros que produzca, as\u00ed como de la demanda de los mismos.<\/p>\n<\/div>\n<div name=\"09\" id=\"09\">\n<p><strong>9.What is a well flow meter?<\/strong><\/p>\n<p>Nos centramos en el trabajo en equipo y la comunicaci\u00f3n para alcanzar objetivos comunes, damos gran importancia a este detalle.<br \/>\nUn caudal\u00edmetro es un dispositivo utilizado para medir el caudal o la cantidad de gas o l\u00edquido que circula por una tuber\u00eda. Los caudal\u00edmetros miden el caudal volum\u00e9trico o m\u00e1sico de un l\u00edquido o gas. Se utilizan en diversos sectores, como el tratamiento de aguas y aguas residuales, el petr\u00f3leo y el gas, el procesamiento qu\u00edmico y la producci\u00f3n de alimentos y bebidas.<\/p>\n<\/div>\n<div name=\"010\" id=\"010\">\n<p><strong>10.What is the measuring range of well flow meter?<\/strong><\/p>\n<p>We continuously upgrade our skills and knowledge to adapt to changing well flow meter market needs.<br \/>\nEl rango de medici\u00f3n de un caudal\u00edmetro depende del tipo de caudal\u00edmetro que se utilice. Por lo general, el rango de medici\u00f3n de un caudal\u00edmetro puede oscilar entre 0,01 y 1.000 litros por minuto.<\/p>\n<p><img src=\"https:\/\/www.hginstrument.com\/wp-content\/uploads\/2021\/07\/in-line-pipeline-type-hgd-electromagnetic-flow-meter.jpg\" alt=\"What is the measuring range of well flow meter?\" title=\"What is the measuring range of well flow meter?\" style=\"max-width: 100%;\"><\/div>\n<div name=\"11\" id=\"11\">\n<p><strong>11.Can the measurement results of the well flow meter be output and recorded remotely?<\/strong><\/p>\n<p>S\u00ed, muchos caudal\u00edmetros est\u00e1n equipados con salida remota y capacidad de registro. Esto permite a los usuarios supervisar y registrar datos de caudal desde una ubicaci\u00f3n remota.<\/p>\n<\/div>\n<div name=\"12\" id=\"12\">\n<p><strong>12.Can the well flow meter be equipped with sensors of different accuracy?<\/strong><\/p>\n<p>S\u00ed, los caudal\u00edmetros pueden equiparse con sensores de distinta precisi\u00f3n. Existen distintos tipos de caudal\u00edmetros con diferentes niveles de precisi\u00f3n, en funci\u00f3n de la aplicaci\u00f3n. Por ejemplo, los caudal\u00edmetros de turbina suelen ser m\u00e1s precisos que los de rueda de paletas.<\/p>\n<\/div>\n<div name=\"13\" id=\"13\">\n<p><strong>13.About well flow meter technology<\/strong><\/p>\n<p>La tecnolog\u00eda de caudal\u00edmetros es un tipo de tecnolog\u00eda de medici\u00f3n utilizada para medir el caudal de un fluido o gas. Se utiliza en diversas industrias, como las del petr\u00f3leo y el gas, el agua y las aguas residuales, y el procesamiento qu\u00edmico. Los caudal\u00edmetros miden el caudal de un fluido o gas midiendo la presi\u00f3n, la velocidad u otras propiedades f\u00edsicas del fluido o gas. Los caudal\u00edmetros pueden utilizarse para medir el caudal de l\u00edquidos, gases y vapor. Se utilizan para medir el caudal de una gran variedad de fluidos, como agua, aceite y productos qu\u00edmicos. Los caudal\u00edmetros se utilizan en diversas aplicaciones, como el control de procesos, la gesti\u00f3n de la energ\u00eda y la supervisi\u00f3n de la seguridad.<\/p>\n<\/div>\n<div name=\"14\" id=\"14\">\n<p><strong>14.About the development history of well flow meter factory<\/strong><\/p>\n<p>La f\u00e1brica de caudal\u00edmetros se cre\u00f3 a principios de la d\u00e9cada de 1990. Fue fundada por un grupo de ingenieros y t\u00e9cnicos con amplia experiencia en el dise\u00f1o y la fabricaci\u00f3n de caudal\u00edmetros. La empresa se centr\u00f3 inicialmente en la producci\u00f3n de caudal\u00edmetros mec\u00e1nicos, pero pronto ampli\u00f3 su gama de productos para incluir caudal\u00edmetros electr\u00f3nicos. A lo largo de los a\u00f1os, la empresa ha desarrollado una amplia gama de caudal\u00edmetros para diversas aplicaciones, incluidas las industriales, comerciales y residenciales. La empresa tambi\u00e9n ha desarrollado una gama de soluciones de software y hardware para la medici\u00f3n y el control del caudal. En la actualidad, la empresa es uno de los principales fabricantes de caudal\u00edmetros y productos relacionados, y est\u00e1 reconocida como l\u00edder del sector.<\/p>\n<\/div>\n<div name=\"15\" id=\"15\">\n<p><strong>15.About well flow meter quality system<\/strong><\/p>\n<p>Un sistema de calidad de caudal\u00edmetros es un conjunto de procesos y procedimientos que se utilizan para garantizar que los caudal\u00edmetros se fabrican y prueban para cumplir los m\u00e1s altos est\u00e1ndares de precisi\u00f3n y fiabilidad. El sistema incluye medidas de control de calidad como la inspecci\u00f3n del material entrante, la inspecci\u00f3n durante el proceso y las pruebas del producto final. Tambi\u00e9n incluye la documentaci\u00f3n y el mantenimiento de registros para garantizar que se siguen todos los procesos y que cualquier problema se aborda con rapidez y eficacia. El sistema est\u00e1 dise\u00f1ado para garantizar que los caudal\u00edmetros producidos sean de la m\u00e1xima calidad y cumplan los requisitos del cliente.<\/p>\n<p><img src=\"https:\/\/www.hginstrument.com\/wp-content\/uploads\/2021\/07\/hguoc-1.jpg\" alt=\"About well flow meter quality system\" title=\"About well flow meter quality system\" style=\"max-width: 100%;\"><\/div>\n<div name=\"16\" id=\"16\">\n<p><strong>16.What is the difference between well flow meter SUYI group vs well flow meter Emerson vs well flow meter Honeywell<\/strong><\/p>\n<p>Los caudal\u00edmetros de SUYI Group, Emerson y Honeywell miden el caudal de l\u00edquidos y gases, pero difieren en t\u00e9rminos de precisi\u00f3n, caracter\u00edsticas y coste. Los caudal\u00edmetros de SUYI Group suelen ser los m\u00e1s asequibles, pero es posible que no tengan la misma precisi\u00f3n ni las mismas caracter\u00edsticas que los modelos m\u00e1s caros de Emerson y Honeywell. Los caudal\u00edmetros Emerson son conocidos por su precisi\u00f3n y fiabilidad, pero pueden ser m\u00e1s caros que los de otras marcas. Los caudal\u00edmetros Honeywell son conocidos por sus funciones avanzadas y su precisi\u00f3n, pero pueden ser los m\u00e1s caros de los tres.<\/p>\n<\/div>\n<div name=\"17\" id=\"17\">\n<p><strong>17.What is the weight and dimensions of the well flow meter?<\/strong><\/p>\n<p>Nuestros productos y servicios cubren una amplia gama de \u00e1mbitos y satisfacen las necesidades de diferentes campos.<br \/>\nEl peso y las dimensiones del caudal\u00edmetro dependen del modelo espec\u00edfico y del fabricante. Por lo general, el tama\u00f1o de los caudal\u00edmetros oscila entre peque\u00f1os dispositivos manuales y grandes unidades industriales. El peso de un caudal\u00edmetro puede oscilar entre unas pocas onzas y varios cientos de libras.<\/p>\n<\/div>\n<p>Etiqueta\uff1a<a href=\"\/es\/magnetic-flow-meter\/rotameter-and-flow-meter\/\">rotameter and flow meter<\/a>,<a href=\"\/es\/magnetic-flow-meter\/portable-ultrasonic-flow-meter\/\">caudal\u00edmetro ultras\u00f3nico port\u00e1til<\/a>,<a href=\"\/es\/magnetic-flow-meter\/strap-on-flow-meter\/\">correa en el caudal\u00edmetro<\/a><\/p>\n<p><\/p>","protected":false},"excerpt":{"rendered":"<p><strong>Datos t\u00e9cnicos<\/strong><br \/>\nPuede servir para fluidos l\u00edquidos o gaseosos, normalmente se utiliza para medir el caudal de vapor, aire y gas natural.<br \/>\nTama\u00f1o del contador: Tipo en l\u00ednea: DN25 - DN300<br \/>\nOpci\u00f3n de material mojado: SS304, SS316<br \/>\nTemperatura de funcionamiento: \u2264250\u2103<br \/>\nConexi\u00f3n a proceso: Wafer \/ Brida \/ Tri-clamp para tipo en l\u00ednea<br \/>\nPrecisi\u00f3n de medici\u00f3n: 1,0 % - 1,5% del intervalo de calibraci\u00f3n<br \/>\nIndicador digital: muestra el caudal instant\u00e1neo y el caudal total<br \/>\nAlimentaci\u00f3n: 24VDC, Salida: 4-20mA<\/p>\n<p><strong>caracter\u00edsticas<\/strong><br \/>\n1.Puntos de consigna ON\/OFF ajustables<br \/>\n2.Modo de alarma de caudal alto o bajo<br \/>\n3.Tiempo de retardo ajustable<br \/>\n4.LED de estado del rel\u00e9<\/p>","protected":false},"featured_media":3691,"comment_status":"closed","ping_status":"closed","template":"","meta":[],"product_cat":[2372],"product_tag":[],"acf":[],"_links":{"self":[{"href":"https:\/\/www.hginstrument.com\/es\/wp-json\/wp\/v2\/product\/6153"}],"collection":[{"href":"https:\/\/www.hginstrument.com\/es\/wp-json\/wp\/v2\/product"}],"about":[{"href":"https:\/\/www.hginstrument.com\/es\/wp-json\/wp\/v2\/types\/product"}],"replies":[{"embeddable":true,"href":"https:\/\/www.hginstrument.com\/es\/wp-json\/wp\/v2\/comments?post=6153"}],"wp:featuredmedia":[{"embeddable":true,"href":"https:\/\/www.hginstrument.com\/es\/wp-json\/wp\/v2\/media\/3691"}],"wp:attachment":[{"href":"https:\/\/www.hginstrument.com\/es\/wp-json\/wp\/v2\/media?parent=6153"}],"wp:term":[{"taxonomy":"product_cat","embeddable":true,"href":"https:\/\/www.hginstrument.com\/es\/wp-json\/wp\/v2\/product_cat?post=6153"},{"taxonomy":"product_tag","embeddable":true,"href":"https:\/\/www.hginstrument.com\/es\/wp-json\/wp\/v2\/product_tag?post=6153"}],"curies":[{"name":"wp","href":"https:\/\/api.w.org\/{rel}","templated":true}]}}