{"id":854,"date":"2021-04-27T13:53:00","date_gmt":"2021-04-27T05:53:00","guid":{"rendered":"http:\/\/201230ip92c2.adwebcloud.com\/?post_type=product&#038;p=854"},"modified":"2021-10-11T13:16:12","modified_gmt":"2021-10-11T05:16:12","slug":"immersive-level-transmitter","status":"publish","type":"product","link":"https:\/\/www.hginstrument.com\/es\/level-instrument\/immersive-level-transmitter\/","title":{"rendered":"Transmisor de nivel inmersivo"},"content":{"rendered":"<p><strong>Datos t\u00e9cnicos:\u00a0<\/strong><\/p>\n<table width=\"537\">\n<tbody>\n<tr>\n<td style=\"background-color: #d8d8d8; text-align: center;\" width=\"192\">Tipo de elemento de presi\u00f3n<\/td>\n<td style=\"text-align: center;\" width=\"182\">A1<\/td>\n<td style=\"text-align: center;\" width=\"163\">B1<\/td>\n<\/tr>\n<tr>\n<td style=\"background-color: #d8d8d8; text-align: center;\" width=\"192\">Precisi\u00f3n<\/td>\n<td style=\"text-align: center;\" colspan=\"2\" width=\"345\">\u00a0 0,25% F-S 0,5% F-S<\/td>\n<\/tr>\n<tr>\n<td style=\"background-color: #d8d8d8; text-align: center;\" width=\"192\">Rango de medici\u00f3n<\/td>\n<td style=\"text-align: center;\" colspan=\"2\" width=\"345\">\u00a0\u00a0\u00a0\u00a0\u00a0\u00a0 \u00a0\u00a0\u00a0\u00a0\u00a0\u00a0\u00a0\u00a0\u00a0\u00a0-95kPa a 60MPa<\/td>\n<\/tr>\n<tr>\n<td style=\"background-color: #d8d8d8; text-align: center;\" width=\"192\">Medio<\/td>\n<td style=\"text-align: center;\" colspan=\"2\" width=\"345\">\u00a0\u00a0\u00a0\u00a0\u00a0\u00a0\u00a0\u00a0\u00a0\u00a0\u00a0\u00a0\u00a0\u00a0 L\u00edquido, gas y vapor<\/td>\n<\/tr>\n<tr>\n<td style=\"background-color: #d8d8d8; text-align: center;\" width=\"192\">Temperatura de almacenamiento<\/td>\n<td style=\"text-align: center;\" colspan=\"2\" width=\"345\">\u00a0\u00a0\u00a0\u00a0\u00a0\u00a0\u00a0\u00a0\u00a0\u00a0\u00a0\u00a0\u00a0\u00a0\u00a0 -40C ~125C<\/td>\n<\/tr>\n<tr>\n<td style=\"background-color: #d8d8d8; text-align: center;\" width=\"192\">Temperatura de funcionamiento<\/td>\n<td style=\"text-align: center;\" width=\"182\">-10C ~80C<\/td>\n<td style=\"text-align: center;\" width=\"163\">\u00a0\u00a0\u00a0\u00a0\u00a0\u00a0\u00a0\u00a0\u00a0\u00a0\u00a0 -40C ~80C<\/td>\n<\/tr>\n<tr>\n<td style=\"background-color: #d8d8d8; text-align: center;\" width=\"192\">Material resistente a la corrosi\u00f3n<\/td>\n<td style=\"text-align: center;\" width=\"182\">ACERO INOXIDABLE 316<\/td>\n<td style=\"text-align: center;\" width=\"163\">\u00a0\u00a0\u00a0\u00a0\u00a0\u00a0\u00a0\u00a0\u00a0\u00a0\u00a0\u00a0 cer\u00e1mica<\/td>\n<\/tr>\n<tr>\n<td style=\"background-color: #d8d8d8; text-align: center;\" width=\"192\">Efecto de la temperatura<\/td>\n<td style=\"text-align: center;\" width=\"182\">&lt; 0,02%\/C<\/td>\n<td style=\"text-align: center;\" width=\"163\">\u00a0\u00a0\u00a0\u00a0\u00a0\u00a0\u00a0\u00a0\u00a0\u00a0\u00a0 &lt; 0,015%\/C<\/td>\n<\/tr>\n<tr>\n<td style=\"background-color: #d8d8d8; text-align: center;\" width=\"192\">Resistencia a la carga<\/td>\n<td style=\"text-align: center;\" colspan=\"2\" width=\"345\">\u00a0\u00a0\u00a0\u00a0\u00a0\u00a0\u00a0\u00a0\u00a0\u00a0\u00a0\u00a0\u00a0\u00a0\u00a0\u00a0\u00a0\u00a0\u00a0\u00a0\u00a0 \u00a0\u00a0&lt; 750 Ohm<\/td>\n<\/tr>\n<tr>\n<td style=\"background-color: #d8d8d8; text-align: center;\" width=\"192\">Capacidad de sobrecarga<\/td>\n<td style=\"text-align: center;\" width=\"182\">Triple vano<\/td>\n<td style=\"text-align: center;\" width=\"163\">\u00a0\u00a0\u00a0\u00a0\u00a0\u00a0\u00a0\u00a0\u00a0\u00a0\u00a0 doble vano<\/td>\n<\/tr>\n<tr>\n<td style=\"background-color: #d8d8d8; text-align: center;\" width=\"192\">Protecci\u00f3n mec\u00e1nica<\/td>\n<td style=\"text-align: center;\" colspan=\"2\" width=\"345\">\u00a0\u00a0\u00a0\u00a0\u00a0\u00a0\u00a0\u00a0\u00a0\u00a0\u00a0\u00a0\u00a0\u00a0\u00a0\u00a0\u00a0\u00a0\u00a0\u00a0\u00a0 IP65<\/td>\n<\/tr>\n<tr>\n<td style=\"background-color: #d8d8d8; text-align: center;\" width=\"192\">Humedad<\/td>\n<td style=\"text-align: center;\" colspan=\"2\" width=\"345\">\u00a0\u00a0\u00a0\u00a0\u00a0\u00a0\u00a0\u00a0\u00a0\u00a0\u00a0\u00a0\u00a0\u00a0\u00a0\u00a0\u00a0\u00a0\u00a0 &lt;=95% RH<\/td>\n<\/tr>\n<tr>\n<td style=\"background-color: #d8d8d8; text-align: center;\" width=\"192\">Salida<\/td>\n<td style=\"text-align: center;\" colspan=\"2\" width=\"345\">\u00a0Dos hilos 4~20mA CC Cuatro hilos 0~10mA CC<\/td>\n<\/tr>\n<tr>\n<td style=\"background-color: #d8d8d8; text-align: center;\" width=\"192\">Equipos relacionados<\/td>\n<td style=\"text-align: center;\" colspan=\"2\" width=\"345\">\u00a0\u00a0\u00a0\u00a0\u00a0\u00a0\u00a0\u00a0\u00a0\u00a0\u00a0\u00a0\u00a0\u00a0 EXZ231B rejilla de seguridad<\/td>\n<\/tr>\n<tr>\n<td style=\"background-color: #d8d8d8; text-align: center;\" width=\"192\">Longitud del cable<\/td>\n<td style=\"text-align: center;\" colspan=\"2\" width=\"345\">\u00a0 \u00a0 \u00a0 \u00a0 \u00a0 \u00a0 \u00a0 \u00a0 \u00a0 \u00a0 personalizar<\/td>\n<\/tr>\n<\/tbody>\n<\/table>\n<p>&nbsp;<\/p>\n<p>&nbsp;<\/p>","protected":false},"excerpt":{"rendered":"<p>El transmisor de nivel inmersivo se basa en el principio de que la presi\u00f3n hidr\u00e1ulica es proporcional a la altura del l\u00edquido, y la presi\u00f3n hidr\u00e1ulica se convierte en se\u00f1al de corriente est\u00e1ndar de 4-20mA. El transmisor de nivel de inmersi\u00f3n se utiliza generalmente para medir el nivel del agua, no es adecuado para medir el nivel de l\u00edquido con alta viscosidad.<\/p>","protected":false},"featured_media":1459,"comment_status":"closed","ping_status":"closed","template":"","meta":[],"product_cat":[76,863],"product_tag":[],"acf":[],"_links":{"self":[{"href":"https:\/\/www.hginstrument.com\/es\/wp-json\/wp\/v2\/product\/854"}],"collection":[{"href":"https:\/\/www.hginstrument.com\/es\/wp-json\/wp\/v2\/product"}],"about":[{"href":"https:\/\/www.hginstrument.com\/es\/wp-json\/wp\/v2\/types\/product"}],"replies":[{"embeddable":true,"href":"https:\/\/www.hginstrument.com\/es\/wp-json\/wp\/v2\/comments?post=854"}],"wp:featuredmedia":[{"embeddable":true,"href":"https:\/\/www.hginstrument.com\/es\/wp-json\/wp\/v2\/media\/1459"}],"wp:attachment":[{"href":"https:\/\/www.hginstrument.com\/es\/wp-json\/wp\/v2\/media?parent=854"}],"wp:term":[{"taxonomy":"product_cat","embeddable":true,"href":"https:\/\/www.hginstrument.com\/es\/wp-json\/wp\/v2\/product_cat?post=854"},{"taxonomy":"product_tag","embeddable":true,"href":"https:\/\/www.hginstrument.com\/es\/wp-json\/wp\/v2\/product_tag?post=854"}],"curies":[{"name":"wp","href":"https:\/\/api.w.org\/{rel}","templated":true}]}}