{"id":1047,"date":"2021-06-24T16:29:03","date_gmt":"2021-06-24T08:29:03","guid":{"rendered":"http:\/\/201230ip92c2.adwebcloud.com\/?post_type=product&#038;p=1047"},"modified":"2021-10-14T14:09:28","modified_gmt":"2021-10-14T06:09:28","slug":"remote-ultrasonic-level-transmitter-new-model-sycw","status":"publish","type":"product","link":"https:\/\/www.hginstrument.com\/fr\/level-instrument\/remote-ultrasonic-level-transmitter-new-model-sycw\/","title":{"rendered":"Transmetteur de niveau \u00e0 ultrasons \u00e0 distance (nouveau mod\u00e8le : SYCW)"},"content":{"rendered":"<p><strong>Champ d'application<\/strong><\/p>\n<p>Traitement de l'eau et des eaux us\u00e9es : salle des pompes, puits de collecte, r\u00e9servoir de r\u00e9action biochimique, r\u00e9servoir de s\u00e9dimentation, etc.<br \/>\n\u00c9nergie \u00e9lectrique, mines : bassin de mortier, bassin de boues de charbon, traitement de l'eau, etc.<\/p>\n<p>&nbsp;<\/p>\n<p><strong>Caract\u00e9ristiques techniques du transmetteur de niveau ultrasonique \u00e0 distance<\/strong><\/p>\n<table width=\"497\">\n<tbody>\n<tr>\n<td style=\"background-color: #d8d8d8;\" width=\"191\">Mod\u00e8le<\/td>\n<td width=\"141\">HGUL-F<\/td>\n<td width=\"165\">HGUL-M<\/td>\n<\/tr>\n<tr>\n<td style=\"background-color: #d8d8d8;\" width=\"191\">Pr\u00e9cision (en l'air)<\/td>\n<td width=\"141\">0,2%FS<\/td>\n<td width=\"165\">0,2%FS<\/td>\n<\/tr>\n<tr>\n<td style=\"background-color: #d8d8d8;\" width=\"191\">Sortie de courant<\/td>\n<td width=\"141\">4-20mA<\/td>\n<td width=\"165\">4-20mA<\/td>\n<\/tr>\n<tr>\n<td style=\"background-color: #d8d8d8;\" width=\"191\">Charge de sortie<\/td>\n<td width=\"141\">0-500\u03a9<\/td>\n<td width=\"165\">0-500\u03a9<\/td>\n<\/tr>\n<tr>\n<td style=\"background-color: #d8d8d8;\" width=\"191\">Affichage<\/td>\n<td width=\"141\">LCD 4 chiffres<\/td>\n<td width=\"165\">LCD double rang\u00e9e, 14 chiffres, avec r\u00e9tro-\u00e9clairage<\/td>\n<\/tr>\n<tr>\n<td style=\"background-color: #d8d8d8;\" width=\"191\">Sortie relais<\/td>\n<td width=\"141\">Alarme de limite sup\u00e9rieure, de limite inf\u00e9rieure<\/td>\n<td width=\"165\">Alarme de limite sup\u00e9rieure, de limite inf\u00e9rieure<\/td>\n<\/tr>\n<tr>\n<td style=\"background-color: #d8d8d8;\" width=\"191\">Sp\u00e9cification du relais<\/td>\n<td width=\"141\">5A 250VAC \/ 30VDC<\/td>\n<td width=\"165\">5A 250VAC \/ 30VDC<\/td>\n<\/tr>\n<tr>\n<td style=\"background-color: #d8d8d8;\" width=\"191\">Mode relais<\/td>\n<td width=\"141\">NON.<\/td>\n<td width=\"165\">NO. NC. peut \u00eatre r\u00e9gl\u00e9<\/td>\n<\/tr>\n<tr>\n<td style=\"background-color: #d8d8d8;\" width=\"191\">Relais QT\u00c9.<\/td>\n<td width=\"141\">2<\/td>\n<td width=\"165\">2002\/4\/6<\/td>\n<\/tr>\n<tr>\n<td style=\"background-color: #d8d8d8;\" width=\"191\">Communication<\/td>\n<td width=\"141\">RS485 (protocole Modbus)<\/td>\n<td width=\"165\">RS485 (protocole Modbus)<\/td>\n<\/tr>\n<tr>\n<td style=\"background-color: #d8d8d8;\" width=\"191\">Vitesse de transmission<\/td>\n<td width=\"141\">19200 \/ 9600 \/ 4800<\/td>\n<td width=\"165\">19200 \/ 9600 \/ 4800<\/td>\n<\/tr>\n<tr>\n<td style=\"background-color: #d8d8d8; vertical-align: middle;\" rowspan=\"2\" width=\"191\">Alimentation \u00e9lectrique<\/td>\n<td width=\"141\">DC24V 0,1A<\/td>\n<td width=\"165\">DC24V 0,1A<\/td>\n<\/tr>\n<tr>\n<td width=\"141\">85-265V AC \u226550mA<\/td>\n<td width=\"165\">85-265V AC \u226550mA<\/td>\n<\/tr>\n<tr>\n<td style=\"background-color: #d8d8d8;\" width=\"191\">Temp. ambiante<\/td>\n<td width=\"141\">-40\u2103~75\u2103<\/td>\n<td width=\"165\">-40\u2103~75\u2103<\/td>\n<\/tr>\n<tr>\n<td style=\"background-color: #d8d8d8;\" width=\"191\">Taille<\/td>\n<td width=\"141\">170 x 100 x 70 mm<\/td>\n<td width=\"165\">250 x 185 x 125 mm<\/td>\n<\/tr>\n<tr>\n<td style=\"background-color: #d8d8d8;\" width=\"191\">Cycle de mesure<\/td>\n<td width=\"141\">1 seconde<\/td>\n<td width=\"165\">1 seconde<\/td>\n<\/tr>\n<tr>\n<td style=\"background-color: #d8d8d8;\" width=\"191\">Jeu de param\u00e8tres<\/td>\n<td width=\"141\">3 boutons<\/td>\n<td width=\"165\">3 boutons<\/td>\n<\/tr>\n<tr>\n<td style=\"background-color: #d8d8d8;\" width=\"191\">Fixation du c\u00e2ble<\/td>\n<td width=\"141\">PG11 \/ PG13.5 manchon<\/td>\n<td width=\"165\">Manchon PG9\/ PG11\/PG13.5<\/td>\n<\/tr>\n<tr>\n<td style=\"background-color: #d8d8d8;\" width=\"191\">Mat\u00e9riau du bo\u00eetier<\/td>\n<td width=\"141\">ABS<\/td>\n<td width=\"165\">ABS<\/td>\n<\/tr>\n<tr>\n<td style=\"background-color: #d8d8d8;\" width=\"191\">Prot\u00e9ger le grade<\/td>\n<td width=\"141\">IP67<\/td>\n<td width=\"165\">IP67<\/td>\n<\/tr>\n<tr>\n<td style=\"background-color: #d8d8d8;\" width=\"191\">Montage<\/td>\n<td width=\"141\">Montage mural<\/td>\n<td width=\"165\">Montage mural<\/td>\n<\/tr>\n<\/tbody>\n<\/table>\n<p>&nbsp;<\/p>\n<p><strong>Caract\u00e9ristiques techniques du capteur de niveau \u00e0 ultrasons :<\/strong><\/p>\n<table width=\"338\">\n<tbody>\n<tr>\n<td style=\"background-color: #d8d8d8;\" width=\"172\">Port\u00e9e (m\u00e8tre)<\/td>\n<td width=\"166\">4, 6, 8, 12, 20, 30, 40<\/td>\n<\/tr>\n<tr>\n<td style=\"background-color: #d8d8d8;\" width=\"172\">Temp\u00e9ratures des m\u00e9dias.<\/td>\n<td width=\"166\">-40\u2103~75\u2103<\/td>\n<\/tr>\n<tr>\n<td style=\"background-color: #d8d8d8;\" width=\"172\">Gamme de pression<\/td>\n<td width=\"166\">\u00b10,1Mpa<\/td>\n<\/tr>\n<tr>\n<td style=\"background-color: #d8d8d8;\" width=\"172\">Angle du faisceau<\/td>\n<td width=\"166\">8\u00b0, 5\u00b0(3db)<\/td>\n<\/tr>\n<tr>\n<td style=\"background-color: #d8d8d8;\" width=\"172\">Mat\u00e9riau du bo\u00eetier<\/td>\n<td width=\"166\">ABS \/ PVC \/ PTFE<\/td>\n<\/tr>\n<tr>\n<td style=\"background-color: #d8d8d8;\" width=\"172\">Prot\u00e9ger le grade<\/td>\n<td width=\"166\">IP68<\/td>\n<\/tr>\n<tr>\n<td style=\"background-color: #d8d8d8;\" width=\"172\">Capacit\u00e9 anticorrosion<\/td>\n<td width=\"166\">Peut r\u00e9sister \u00e0 une forte corrosion<\/td>\n<\/tr>\n<tr>\n<td style=\"background-color: #d8d8d8;\" width=\"172\">Longueur du c\u00e2ble<\/td>\n<td width=\"166\">Standard 10m ou sur mesure<\/td>\n<\/tr>\n<tr>\n<td style=\"background-color: #d8d8d8;\" width=\"172\">Montage<\/td>\n<td width=\"166\">Taraud\u00e9 \/ \u00e0 brides<\/td>\n<\/tr>\n<\/tbody>\n<\/table>\n<p>&nbsp;<\/p>\n<p>&nbsp;<\/p>","protected":false},"excerpt":{"rendered":"<p><strong>Caract\u00e9ristiques :<\/strong><br \/>\n\u25cf Applicable aux liquides<br \/>\n\u25cf Port\u00e9e : 4m, 6m, 8m, 10m, 12m, 15m, 20m, 30m,<br \/>\n\u25cf Pr\u00e9cision : 0,3% FS, 0,2%FS<br \/>\n\u25cf Mat\u00e9riau du capteur : PVC, PVDF, PTFE<br \/>\n\u25cf Mat\u00e9riau du bo\u00eetier du transmetteur : ABS<br \/>\n\u25cf Sortie : 4-20mA (2 fils, 3 fils ou 4 fils)<br \/>\n\u25cf Communication : HART(option), RS485(option)<br \/>\n\u25cf Alimentation \u00e9lectrique : 24VDC<br \/>\n\u25cf \u00c9cran LCD, 3 boutons poussoirs<\/p>","protected":false},"featured_media":1514,"comment_status":"closed","ping_status":"closed","template":"","meta":[],"product_cat":[76,1185],"product_tag":[],"acf":[],"_links":{"self":[{"href":"https:\/\/www.hginstrument.com\/fr\/wp-json\/wp\/v2\/product\/1047"}],"collection":[{"href":"https:\/\/www.hginstrument.com\/fr\/wp-json\/wp\/v2\/product"}],"about":[{"href":"https:\/\/www.hginstrument.com\/fr\/wp-json\/wp\/v2\/types\/product"}],"replies":[{"embeddable":true,"href":"https:\/\/www.hginstrument.com\/fr\/wp-json\/wp\/v2\/comments?post=1047"}],"wp:featuredmedia":[{"embeddable":true,"href":"https:\/\/www.hginstrument.com\/fr\/wp-json\/wp\/v2\/media\/1514"}],"wp:attachment":[{"href":"https:\/\/www.hginstrument.com\/fr\/wp-json\/wp\/v2\/media?parent=1047"}],"wp:term":[{"taxonomy":"product_cat","embeddable":true,"href":"https:\/\/www.hginstrument.com\/fr\/wp-json\/wp\/v2\/product_cat?post=1047"},{"taxonomy":"product_tag","embeddable":true,"href":"https:\/\/www.hginstrument.com\/fr\/wp-json\/wp\/v2\/product_tag?post=1047"}],"curies":[{"name":"wp","href":"https:\/\/api.w.org\/{rel}","templated":true}]}}