{"id":1109,"date":"2021-07-01T13:40:26","date_gmt":"2021-07-01T05:40:26","guid":{"rendered":"http:\/\/201230ip92c2.adwebcloud.com\/?post_type=product&#038;p=1109"},"modified":"2021-10-12T10:46:58","modified_gmt":"2021-10-12T02:46:58","slug":"cable-type-float-level-switch","status":"publish","type":"product","link":"https:\/\/www.hginstrument.com\/fr\/level-controller\/cable-type-float-level-switch\/","title":{"rendered":"D\u00e9tecteur de niveau \u00e0 flotteur \u00e0 c\u00e2ble"},"content":{"rendered":"<p><strong>Donn\u00e9es techniques :<\/strong><\/p>\n<p>\u25cf Capacit\u00e9 de contact : 10 A \/ 220 VAC<br \/>\n\u25cf Temp\u00e9rature de travail : 0~ 80 \u2103<br \/>\n\u25cf Pour les mati\u00e8res plastiques : point de cong\u00e9lation moyen ~ 80 \u2103<br \/>\n\u25cf Pour les mat\u00e9riaux m\u00e9talliques : point de cong\u00e9lation moyen ~ 180 \u2103<br \/>\n\u25cf Courant nominal : 10 A<br \/>\n\u25cf Dur\u00e9e de vie du commutateur : 1 million de fois<br \/>\n\u25cf Longueur du c\u00e2ble : 3 m, 5 m ou 10 m<br \/>\n\u25cf Option de type : Flotteur simple avec c\u00e2ble, Flotteur multiple avec c\u00e2bles et bo\u00eete de c\u00e2blage.<\/p>\n<p>&nbsp;<\/p>\n<p>&nbsp;<\/p>","protected":false},"excerpt":{"rendered":"<p>Le d\u00e9tecteur de niveau \u00e0 flotteur de type c\u00e2ble est \u00e9conomique et pratique. Il convient \u00e0 la d\u00e9tection du niveau d'eau propre.<\/p>","protected":false},"featured_media":1178,"comment_status":"closed","ping_status":"closed","template":"","meta":[],"product_cat":[1259,1263],"product_tag":[],"acf":[],"_links":{"self":[{"href":"https:\/\/www.hginstrument.com\/fr\/wp-json\/wp\/v2\/product\/1109"}],"collection":[{"href":"https:\/\/www.hginstrument.com\/fr\/wp-json\/wp\/v2\/product"}],"about":[{"href":"https:\/\/www.hginstrument.com\/fr\/wp-json\/wp\/v2\/types\/product"}],"replies":[{"embeddable":true,"href":"https:\/\/www.hginstrument.com\/fr\/wp-json\/wp\/v2\/comments?post=1109"}],"wp:featuredmedia":[{"embeddable":true,"href":"https:\/\/www.hginstrument.com\/fr\/wp-json\/wp\/v2\/media\/1178"}],"wp:attachment":[{"href":"https:\/\/www.hginstrument.com\/fr\/wp-json\/wp\/v2\/media?parent=1109"}],"wp:term":[{"taxonomy":"product_cat","embeddable":true,"href":"https:\/\/www.hginstrument.com\/fr\/wp-json\/wp\/v2\/product_cat?post=1109"},{"taxonomy":"product_tag","embeddable":true,"href":"https:\/\/www.hginstrument.com\/fr\/wp-json\/wp\/v2\/product_tag?post=1109"}],"curies":[{"name":"wp","href":"https:\/\/api.w.org\/{rel}","templated":true}]}}