{"id":1596,"date":"2021-08-05T14:46:38","date_gmt":"2021-08-05T06:46:38","guid":{"rendered":"http:\/\/201230ip92c2.adwebcloud.com\/?post_type=product&#038;p=1596"},"modified":"2021-12-03T11:16:52","modified_gmt":"2021-12-03T03:16:52","slug":"monocrystalline-silicon-differential-pressure-transmitter-model-sydm-26","status":"publish","type":"product","link":"https:\/\/www.hginstrument.com\/fr\/pressure-differencial-pressure-transmitter\/monocrystalline-silicon-differential-pressure-transmitter-model-sydm-26\/","title":{"rendered":"Transmetteur de pression diff\u00e9rentielle au silicium monocristallin ( Mod\u00e8le : SYDM-26 )"},"content":{"rendered":"<h5><strong>Caract\u00e9ristiques :<\/strong><\/h5>\n<p>\u25cf Milieu : gaz, vapeur ou liquide<br \/>\n\u25cf Pr\u00e9cision : \u00b10,075%<br \/>\n\u25cf Sortie : 4 ~ 20mA + HART (appartient \u00e0 la fondation de communication HART)<br \/>\n\u25cf Mat\u00e9riau de la membrane : SS316L \/ Hastelloy C \/ Tantale<br \/>\n\u25cf Avec protection contre la foudre<br \/>\n\u25cf La capacit\u00e9 de traitement des surtensions atteint 3000V<br \/>\n\u25cf Rev\u00eatement du bo\u00eetier : Pulv\u00e9risation \u00e9lectrostatique de poudre Dupont.<br \/>\n\u25cf Certificat CE, certificat SIL, certificat CNEX<\/p>\n<p>&nbsp;<\/p>\n<h5><strong>Donn\u00e9es techniques :\u00a0<\/strong><\/h5>\n<p><strong>\u00a0\u25cf Principe :<\/strong> Silicium monocristallin (avec protection contre la foudre)<br \/>\n<strong>\u00a0\u25cf Milieu applicable :<\/strong> Liquide, gaz, vapeur<br \/>\n<strong>\u00a0\u25cf Gamme DP :<\/strong><\/p>\n<table width=\"630\">\n<tbody>\n<tr>\n<td style=\"background-color: #d8d8d8; text-align: center; vertical-align: middle;\" rowspan=\"2\" width=\"73\">Gamme<br \/>\ncode<\/td>\n<td style=\"background-color: #d8d8d8; text-align: center; vertical-align: middle;\" rowspan=\"2\" width=\"104\">Minimum<br \/>\nLa port\u00e9e<br \/>\n( Kpa )<\/td>\n<td style=\"background-color: #d8d8d8; text-align: center; vertical-align: middle;\" colspan=\"2\" width=\"300\">Limite de la plage du capteur ( Kpa )<\/td>\n<td style=\"background-color: #d8d8d8; text-align: center; vertical-align: middle;\" rowspan=\"2\" width=\"153\">Pression statique nominale<br \/>\nOption<\/td>\n<\/tr>\n<tr>\n<td style=\"background-color: #d8d8d8; text-align: center; vertical-align: middle;\" width=\"147\">Limite inf\u00e9rieure de la plage<br \/>\n(LRL)<\/td>\n<td style=\"background-color: #d8d8d8; text-align: center; vertical-align: middle;\" width=\"153\">Limite sup\u00e9rieure de la plage<br \/>\n(URL)<\/td>\n<\/tr>\n<tr>\n<td style=\"text-align: center;\" width=\"73\">A<\/td>\n<td style=\"text-align: center;\" width=\"104\">1<\/td>\n<td style=\"text-align: center;\" width=\"147\">-6<\/td>\n<td style=\"text-align: center;\" width=\"153\">6<\/td>\n<td style=\"text-align: center;\">4 Mpa<\/td>\n<\/tr>\n<tr>\n<td style=\"text-align: center;\" width=\"73\">B<\/td>\n<td style=\"text-align: center;\" width=\"104\">2<\/td>\n<td style=\"text-align: center;\" width=\"147\">-40<\/td>\n<td style=\"text-align: center;\" width=\"153\">40<\/td>\n<td style=\"text-align: center;\">4 Mpa, 16 Mpa<\/td>\n<\/tr>\n<tr>\n<td style=\"text-align: center;\" width=\"73\">C<\/td>\n<td style=\"text-align: center;\" width=\"104\">12.5<\/td>\n<td style=\"text-align: center;\" width=\"147\">-100<\/td>\n<td style=\"text-align: center;\" width=\"153\">250<\/td>\n<td style=\"text-align: center;\">4 Mpa, 16 Mpa<\/td>\n<\/tr>\n<tr>\n<td style=\"text-align: center;\" width=\"73\">D<\/td>\n<td style=\"text-align: center;\" width=\"104\">50<\/td>\n<td style=\"text-align: center;\" width=\"147\">-100<\/td>\n<td style=\"text-align: center;\" width=\"153\">1000<\/td>\n<td style=\"text-align: center;\">4 Mpa, 16 Mpa<\/td>\n<\/tr>\n<tr>\n<td style=\"text-align: center;\" width=\"73\">E<\/td>\n<td style=\"text-align: center;\" width=\"104\">150<\/td>\n<td style=\"text-align: center;\" width=\"147\">-100<\/td>\n<td style=\"text-align: center;\" width=\"153\">3000<\/td>\n<td style=\"text-align: center;\">4 Mpa, 16 Mpa<\/td>\n<\/tr>\n<tr>\n<td style=\"text-align: center;\" width=\"73\">F<\/td>\n<td style=\"text-align: center;\" width=\"104\">500<\/td>\n<td style=\"text-align: center;\" width=\"147\">-100<\/td>\n<td style=\"text-align: center;\" width=\"153\">10000<\/td>\n<td style=\"text-align: center;\">16 Mpa<\/td>\n<\/tr>\n<\/tbody>\n<\/table>\n<p><strong>\u00a0\u25cf Taux de rotation : <\/strong>100 : 1<br \/>\n<strong>\u00a0\u25cf Option de pr\u00e9cision : <\/strong>\u00b10<strong>.<\/strong>075%, \u00b10<strong>.<\/strong>1%, 0.2%<br \/>\n<strong>\u00a0\u25cf Effet de port\u00e9e :<\/strong><br \/>\n<strong>\u00a0 \u00a0 &gt; Pour<\/strong><strong> pr\u00e9cision 0,075% (code de gamme B - F) : <\/strong><br \/>\nLorsque le rapport de r\u00e9duction est de 1:1 ~ 10:1, l'effet est de 0,075% de la plage d'\u00e9talonnage\uff1b.<br \/>\nLorsque le rapport de r\u00e9duction est sup\u00e9rieur \u00e0 10:1, l'effet est de \u00b1[ 0<strong>.<\/strong>002\u00d7Ratio de retournement -0<strong>.<\/strong>1 ] %.<br \/>\n<strong>\u00a0 \u00a0&gt; Pour<\/strong><strong> pr\u00e9cision 0,1% (code de gamme A - F) :<\/strong><br \/>\nLorsque le rapport de r\u00e9duction est de 1:1 ~ 10:1, l'effet est de 0,1% de la plage d'\u00e9talonnage\uff1b.<br \/>\nLorsque le rapport de r\u00e9duction est sup\u00e9rieur \u00e0 10:1, l'effet est de \u00b1[0<strong>.<\/strong>025\u00d7Ratio de retournement -0<strong>.<\/strong>125 ] %.<br \/>\n<strong>\u00a0 \u00a0&gt; Pour<\/strong><strong> pr\u00e9cision 0,2% (code de gamme A - F) :<\/strong><br \/>\nLorsque le rapport de r\u00e9duction est de 1:1 ~ 10:1, l'effet est de 0,2% de la plage d'\u00e9talonnage\uff1b.<br \/>\nLorsque le rapport de r\u00e9duction est sup\u00e9rieur \u00e0 10:1, l'effet est de \u00b1[0<strong>.<\/strong>03\u00d7Ratio de retournement -0<strong>.<\/strong>1 ] %.<br \/>\n<strong>\u00a0\u25cf Stabilit\u00e9 : <\/strong>dans les 36 mois, l'erreur est de \u00b10<strong>.<\/strong>2% de la port\u00e9e maximale<br \/>\n<strong>\u00a0\u25cf <\/strong><strong style=\"font-size: 16px;\">Effet de la temp\u00e9rature :<\/strong><br \/>\n<strong>\u00a0 \u00a0&gt; Pour<\/strong><strong> pr\u00e9cision 0,075% :<\/strong> L'erreur du point z\u00e9ro ou de la pleine \u00e9chelle est de \u00b10<strong>.<\/strong>15% de Port\u00e9e maximale \/ 28\u2103<br \/>\n<strong>\u00a0 \u00a0&gt; Pour<\/strong><strong> pr\u00e9cision 0.1% : <\/strong>L'erreur du point z\u00e9ro ou de la pleine \u00e9chelle est de \u00b10<strong>.<\/strong>2% de Port\u00e9e maximale \/ 28\u2103<br \/>\n<strong>\u00a0 \u00a0&gt; Pour<\/strong><strong> pr\u00e9cision 0.2% : <\/strong>L'erreur du point z\u00e9ro ou de la pleine \u00e9chelle est de \u00b10<strong>.<\/strong>25% de Port\u00e9e maximale \/ 28\u2103<br \/>\n<strong>\u00a0\u25cf Effet de l'alimentation \u00e9lectrique : <\/strong>inf\u00e9rieur \u00e0 \u00b10<strong>.<\/strong>005% de la plage d'\u00e9talonnage \/ V<br \/>\n<strong>\u00a0\u25cf Effet de vibration : <\/strong>inf\u00e9rieur \u00e0 \u00b10<strong>.<\/strong>05% de Port\u00e9e maximale \/ g<br \/>\n<strong>\u00a0\u25cf Effet d'installation : <\/strong>La d\u00e9rive du point z\u00e9ro n'est pas sup\u00e9rieure \u00e0 0,25Kpa, cette erreur peut \u00eatre \u00e9limin\u00e9e par l'\u00e9talonnage du point z\u00e9ro, ce qui n'affecte pas la gamme de l'instrument.<br \/>\n<strong>\u00a0\u25cf Caract\u00e9ristiques \u00e9lectriques<\/strong><br \/>\n<strong>\u00a0 \u00a0 &gt; Alimentation \u00e9lectrique (E ) : <\/strong>24VDC ( 10.5 ~ 36 VDC )<br \/>\n<strong>\u00a0 \u00a0 &gt; Option de sortie : <\/strong>4-20mA, 4-20mA (2 fils) + protocole HART<\/p>\n<p><strong>\u00a0\u25cf Caract\u00e9ristique de charge (R) :<\/strong><\/p>\n<p><img class=\"alignnone wp-image-2975 size-full\" src=\"http:\/\/www.hginstrument.com\/wp-content\/uploads\/2021\/08\/sydm-26-r-load-.jpg\" alt=\"sydm 26 r load\" width=\"652\" height=\"273\" srcset=\"https:\/\/www.hginstrument.com\/wp-content\/uploads\/2021\/08\/sydm-26-r-load-.jpg 652w, https:\/\/www.hginstrument.com\/wp-content\/uploads\/2021\/08\/sydm-26-r-load--300x126.jpg 300w, https:\/\/www.hginstrument.com\/wp-content\/uploads\/2021\/08\/sydm-26-r-load--600x251.jpg 600w\" sizes=\"(max-width: 652px) 100vw, 652px\" \/><\/p>\n<p>Param\u00e8tre de s\u00e9curit\u00e9 intrins\u00e8que antid\u00e9flagrant : Ui=28VDC, Ii=93mA, Pi=0.65W, Ci=0\u03bcF, Li=0mH<br \/>\nCompatibilit\u00e9 \u00e9lectromagn\u00e9tique : conforme \u00e0 la norme IEC 61000-4<\/p>\n<p>&nbsp;<\/p>\n<p><strong>Mat\u00e9riel d'\u00e9talonnage :<\/strong><\/p>\n<table width=\"867\">\n<tbody>\n<tr style=\"background-color: #d8d8d8;\">\n<td width=\"172\">Equipement<\/td>\n<td width=\"177\">fabricant<\/td>\n<td width=\"153\">Pr\u00e9cision du contr\u00f4le<\/td>\n<td width=\"365\">Application<\/td>\n<\/tr>\n<tr>\n<td style=\"vertical-align: middle;\">Mensor CPC6050<\/td>\n<td style=\"vertical-align: middle;\">Allemagne WIKA<\/td>\n<td style=\"vertical-align: middle;\">Classe 0.01<\/td>\n<td>Etalonnage du transmetteur de pression \/ pression diff\u00e9rentielle<\/td>\n<\/tr>\n<tr>\n<td style=\"vertical-align: middle;\">Mensor CPC4000<\/td>\n<td style=\"vertical-align: middle;\">Allemagne WIKA<\/td>\n<td style=\"vertical-align: middle;\">Classe 0.02<\/td>\n<td>Etalonnage du transmetteur de pression \/ pression diff\u00e9rentielle<\/td>\n<\/tr>\n<tr>\n<td style=\"vertical-align: middle;\">GE PACE60000<\/td>\n<td style=\"vertical-align: middle;\">USA DRUCK<\/td>\n<td style=\"vertical-align: middle;\">Classe 0.02<\/td>\n<td>Etalonnage d'un transmetteur de pression \/ pression diff\u00e9rentielle avec joint \u00e0 distance de type bride<\/td>\n<\/tr>\n<tr>\n<td>ConST836<\/td>\n<td>Chine.Beijing ConsT<\/td>\n<td>Classe 0.02<\/td>\n<td>Etalonnage d'un transmetteur de pression \u00e0 large gamme<\/td>\n<\/tr>\n<\/tbody>\n<\/table>\n<p>&nbsp;<\/p>\n<p><strong>Option d'accessoires :<\/strong><\/p>\n<p><img class=\"alignnone wp-image-1603 size-full\" src=\"http:\/\/www.hginstrument.com\/wp-content\/uploads\/2021\/08\/accessory-02.jpg\" alt=\"accessoire 02\" width=\"978\" height=\"340\" srcset=\"https:\/\/www.hginstrument.com\/wp-content\/uploads\/2021\/08\/accessory-02.jpg 978w, https:\/\/www.hginstrument.com\/wp-content\/uploads\/2021\/08\/accessory-02-300x104.jpg 300w, https:\/\/www.hginstrument.com\/wp-content\/uploads\/2021\/08\/accessory-02-768x267.jpg 768w, https:\/\/www.hginstrument.com\/wp-content\/uploads\/2021\/08\/accessory-02-600x209.jpg 600w\" sizes=\"(max-width: 978px) 100vw, 978px\" \/><\/p>\n<p>Syphon Collecteur de vannes \u00e0 3 voies Pot de condensation Collecteur de vannes \u00e0 5 voies<\/p>\n<p>&nbsp;<\/p>\n<p>&nbsp;<\/p>\n<p>&nbsp;<\/p>","protected":false},"excerpt":{"rendered":"<p>Le transmetteur de pression diff\u00e9rentielle au silicium monocristallin est utilis\u00e9 pour mesurer la pression diff\u00e9rentielle d'un liquide, d'une vapeur ou d'un gaz.<br \/>\nSi certaines industries ont des exigences \u00e9lev\u00e9es, les composants principaux peuvent adopter la technologie de fabrication et de capteurs c\u00e9ramiques d'Endress+Hauser.<\/p>\n<p>&nbsp;<\/p>","protected":false},"featured_media":2442,"comment_status":"closed","ping_status":"closed","template":"","meta":[],"product_cat":[1406,1458],"product_tag":[],"acf":[],"_links":{"self":[{"href":"https:\/\/www.hginstrument.com\/fr\/wp-json\/wp\/v2\/product\/1596"}],"collection":[{"href":"https:\/\/www.hginstrument.com\/fr\/wp-json\/wp\/v2\/product"}],"about":[{"href":"https:\/\/www.hginstrument.com\/fr\/wp-json\/wp\/v2\/types\/product"}],"replies":[{"embeddable":true,"href":"https:\/\/www.hginstrument.com\/fr\/wp-json\/wp\/v2\/comments?post=1596"}],"wp:featuredmedia":[{"embeddable":true,"href":"https:\/\/www.hginstrument.com\/fr\/wp-json\/wp\/v2\/media\/2442"}],"wp:attachment":[{"href":"https:\/\/www.hginstrument.com\/fr\/wp-json\/wp\/v2\/media?parent=1596"}],"wp:term":[{"taxonomy":"product_cat","embeddable":true,"href":"https:\/\/www.hginstrument.com\/fr\/wp-json\/wp\/v2\/product_cat?post=1596"},{"taxonomy":"product_tag","embeddable":true,"href":"https:\/\/www.hginstrument.com\/fr\/wp-json\/wp\/v2\/product_tag?post=1596"}],"curies":[{"name":"wp","href":"https:\/\/api.w.org\/{rel}","templated":true}]}}