{"id":1716,"date":"2021-08-13T09:37:39","date_gmt":"2021-08-13T01:37:39","guid":{"rendered":"http:\/\/201230ip92c2.adwebcloud.com\/?post_type=product&#038;p=1716"},"modified":"2024-11-27T16:21:02","modified_gmt":"2024-11-27T08:21:02","slug":"temperature-transmitter","status":"publish","type":"product","link":"https:\/\/www.hginstrument.com\/fr\/temperature-instrument\/temperature-transmitter\/","title":{"rendered":"Transmetteur de temp\u00e9rature"},"content":{"rendered":"<p><strong>Principle diagram:<\/strong><\/p>\n<p>&nbsp;<\/p>\n<p><img class=\"alignnone wp-image-1718 size-full\" src=\"http:\/\/www.hginstrument.com\/wp-content\/uploads\/2021\/08\/principle.jpg\" alt=\"principe\" width=\"896\" height=\"309\" srcset=\"https:\/\/www.hginstrument.com\/wp-content\/uploads\/2021\/08\/principle.jpg 896w, https:\/\/www.hginstrument.com\/wp-content\/uploads\/2021\/08\/principle-300x103.jpg 300w, https:\/\/www.hginstrument.com\/wp-content\/uploads\/2021\/08\/principle-768x265.jpg 768w, https:\/\/www.hginstrument.com\/wp-content\/uploads\/2021\/08\/principle-600x207.jpg 600w\" sizes=\"(max-width: 896px) 100vw, 896px\" \/><\/p>\n<p>&nbsp;<\/p>\n<p><strong>Informations sur la commande :\u00a0<\/strong><br \/>\n\u25cf Milieu mesur\u00e9 : ?<br \/>\n\u25cf Plage de temp\u00e9rature: ?<br \/>\n\u25cf Type de capteur : ?<br \/>\n\u25cf Diam\u00e8tre du capteur : ?<br \/>\n\u25cf Connexion au processus: ?<br \/>\n\u25cf Longueur d'insertion et longueur totale: ?<br \/>\n\u25cf Mat\u00e9riau : ?<br \/>\n\u25cf Thermowell: required or not?<\/p>\n<p>&nbsp;<\/p>\n<p>&nbsp;<\/p>\n<p>&nbsp;<\/p>\n<p>&nbsp;<\/p>","protected":false},"excerpt":{"rendered":"<p>Le transmetteur de temp\u00e9rature int\u00e8gre un module RTD\/thermocouple et un transmetteur de temp\u00e9rature qui peut \u00e9mettre 4-20mA dans la plage de temp\u00e9rature correspondante.<\/p>","protected":false},"featured_media":6992,"comment_status":"closed","ping_status":"closed","template":"","meta":[],"product_cat":[1540,1543],"product_tag":[],"acf":[],"_links":{"self":[{"href":"https:\/\/www.hginstrument.com\/fr\/wp-json\/wp\/v2\/product\/1716"}],"collection":[{"href":"https:\/\/www.hginstrument.com\/fr\/wp-json\/wp\/v2\/product"}],"about":[{"href":"https:\/\/www.hginstrument.com\/fr\/wp-json\/wp\/v2\/types\/product"}],"replies":[{"embeddable":true,"href":"https:\/\/www.hginstrument.com\/fr\/wp-json\/wp\/v2\/comments?post=1716"}],"wp:featuredmedia":[{"embeddable":true,"href":"https:\/\/www.hginstrument.com\/fr\/wp-json\/wp\/v2\/media\/6992"}],"wp:attachment":[{"href":"https:\/\/www.hginstrument.com\/fr\/wp-json\/wp\/v2\/media?parent=1716"}],"wp:term":[{"taxonomy":"product_cat","embeddable":true,"href":"https:\/\/www.hginstrument.com\/fr\/wp-json\/wp\/v2\/product_cat?post=1716"},{"taxonomy":"product_tag","embeddable":true,"href":"https:\/\/www.hginstrument.com\/fr\/wp-json\/wp\/v2\/product_tag?post=1716"}],"curies":[{"name":"wp","href":"https:\/\/api.w.org\/{rel}","templated":true}]}}