{"id":1719,"date":"2021-08-13T09:45:30","date_gmt":"2021-08-13T01:45:30","guid":{"rendered":"http:\/\/201230ip92c2.adwebcloud.com\/?post_type=product&#038;p=1719"},"modified":"2021-10-12T14:19:11","modified_gmt":"2021-10-12T06:19:11","slug":"bimetal-thermometer-temperature-gauge","status":"publish","type":"product","link":"https:\/\/www.hginstrument.com\/fr\/temperature-instrument\/bimetal-thermometer-temperature-gauge\/","title":{"rendered":"Thermom\u00e8tre bim\u00e9tallique (jauge de temp\u00e9rature)"},"content":{"rendered":"<p><strong>Caract\u00e9ristiques :<\/strong><br \/>\n\u25cf Mesurer la temp\u00e9rature de processus du liquide ou du gaz.<br \/>\n\u25cf \u00c9l\u00e9ment de temp\u00e9rature : bilame<br \/>\n\u25cf Plage de temp\u00e9rature : -80 ~ 40 \u2103 ; -40 ~ 80 \u2103 ; 0 ~ 50, 100, 150, 200, 250, 300, 400, 500\u2103<br \/>\n\u25cf Accuracy: 1.6% of F.S.<br \/>\n\u25cf Taille du cadran : 65mm, 100mm, 150mm, 200mm<br \/>\n\u25cf Mat\u00e9riau du bo\u00eetier : SS304 \/ SS316<br \/>\n\u25cf Mat\u00e9riau du raccord de traitement : SS304 \/ SS316<br \/>\n\u25cf Structure: Axial type, radial type, universal type<\/p>\n<p>&nbsp;<\/p>\n<p><strong>Informations sur la commande :<\/strong><br \/>\n\u25cf Milieu mesur\u00e9 : ?<br \/>\n\u25cf Plage de temp\u00e9rature: ?<br \/>\n\u25cf Dial size:?<br \/>\n\u25cf Diam\u00e8tre de la tige: ?<br \/>\n\u25cf Connexion au processus: ?<br \/>\n\u25cf Longueur d'insertion et longueur totale: ?<br \/>\n\u25cf Mat\u00e9riau : ?<\/p>\n<p>&nbsp;<\/p>\n<p>&nbsp;<\/p>\n<p>&nbsp;<\/p>","protected":false},"excerpt":{"rendered":"<p>Bimetallic thermometer\u2019 temperature element is made of bimetallic strip which is bent into a coil, one end will expand when it is heated, meanwhile drive the pointer to rotate, which will show the corresponding temperature of medium.<\/p>","protected":false},"featured_media":1694,"comment_status":"closed","ping_status":"closed","template":"","meta":[],"product_cat":[1540,1564],"product_tag":[],"acf":[],"_links":{"self":[{"href":"https:\/\/www.hginstrument.com\/fr\/wp-json\/wp\/v2\/product\/1719"}],"collection":[{"href":"https:\/\/www.hginstrument.com\/fr\/wp-json\/wp\/v2\/product"}],"about":[{"href":"https:\/\/www.hginstrument.com\/fr\/wp-json\/wp\/v2\/types\/product"}],"replies":[{"embeddable":true,"href":"https:\/\/www.hginstrument.com\/fr\/wp-json\/wp\/v2\/comments?post=1719"}],"wp:featuredmedia":[{"embeddable":true,"href":"https:\/\/www.hginstrument.com\/fr\/wp-json\/wp\/v2\/media\/1694"}],"wp:attachment":[{"href":"https:\/\/www.hginstrument.com\/fr\/wp-json\/wp\/v2\/media?parent=1719"}],"wp:term":[{"taxonomy":"product_cat","embeddable":true,"href":"https:\/\/www.hginstrument.com\/fr\/wp-json\/wp\/v2\/product_cat?post=1719"},{"taxonomy":"product_tag","embeddable":true,"href":"https:\/\/www.hginstrument.com\/fr\/wp-json\/wp\/v2\/product_tag?post=1719"}],"curies":[{"name":"wp","href":"https:\/\/api.w.org\/{rel}","templated":true}]}}