{"id":1742,"date":"2021-08-13T11:02:52","date_gmt":"2021-08-13T03:02:52","guid":{"rendered":"http:\/\/201230ip92c2.adwebcloud.com\/?post_type=product&#038;p=1742"},"modified":"2021-10-12T14:22:09","modified_gmt":"2021-10-12T06:22:09","slug":"pr2400-paperless-recorder","status":"publish","type":"product","link":"https:\/\/www.hginstrument.com\/fr\/display-instrument\/pr2400-paperless-recorder\/","title":{"rendered":"Enregistreur sans papier PR2400"},"content":{"rendered":"<p><strong>Caract\u00e9ristiques :<\/strong><\/p>\n<p>\u25cf Maximumly 4 Input channels<br \/>\n\u25cf Accept input signal of RTD, thermocouple B, S, K, E, J, R, N, T; 0-10mA, 0- 20mA, 4-20mA, 0-100mV, 0-5V, 0-10V<br \/>\n\u25cf Veuillez sp\u00e9cifier avant la commande l'entr\u00e9e de la fr\u00e9quence.<br \/>\n\u25cf Communication: RS232, RS485<br \/>\n\u25cf Relay output (option), relay quantity at most 2 No.<br \/>\n\u25cf Analog output 4-20mA (option), at most one-way<br \/>\n\u25cf 24VDC power feedback (option), at most one loop<br \/>\n\u25cf Power supply: 220VAC, 24VDC(option), USB disk (option)<br \/>\n\u25cf Monocolor LCD, 2.1 inch, Resolution: 128 * 64 dot-matrix<\/p>\n<p>&nbsp;<\/p>\n<p><strong>Dimension :<\/strong><\/p>\n<p><img class=\"alignnone wp-image-1744 size-full\" src=\"http:\/\/www.hginstrument.com\/wp-content\/uploads\/2021\/08\/pr2400-dimension.jpg\" alt=\"pr2400 dimension\" width=\"443\" height=\"280\" srcset=\"https:\/\/www.hginstrument.com\/wp-content\/uploads\/2021\/08\/pr2400-dimension.jpg 443w, https:\/\/www.hginstrument.com\/wp-content\/uploads\/2021\/08\/pr2400-dimension-300x190.jpg 300w\" sizes=\"(max-width: 443px) 100vw, 443px\" \/><\/p>\n<p>&nbsp;<\/p>\n<p>&nbsp;<\/p>\n<p>&nbsp;<\/p>","protected":false},"excerpt":{"rendered":"<p>L'enregistreur sans papier est utilis\u00e9 pour collecter les donn\u00e9es mesur\u00e9es par les instruments de mesure du secteur industriel, tels que la temp\u00e9rature, la pression, le d\u00e9bit, le niveau de liquide, la tension, le courant, l'humidit\u00e9, la fr\u00e9quence, les vibrations, la vitesse, etc. L'enregistreur sans papier pr\u00e9sente les caract\u00e9ristiques suivantes : enregistrement sans papier, bonnes performances en temps r\u00e9el, haute pr\u00e9cision, fonctions de communication, d'interrogation et d'intelligence. Les principales applications sont les suivantes : m\u00e9tallurgie, p\u00e9trole, chimie, mat\u00e9riaux de construction, papier, alimentation, produits pharmaceutiques, universit\u00e9s, recherche biologique, traitement thermique, traitement de l'eau et autres sites industriels, ainsi que divers sc\u00e9narios d'application de l'IOT intelligent.<\/p>","protected":false},"featured_media":1732,"comment_status":"closed","ping_status":"closed","template":"","meta":[],"product_cat":[1571,1576],"product_tag":[],"acf":[],"_links":{"self":[{"href":"https:\/\/www.hginstrument.com\/fr\/wp-json\/wp\/v2\/product\/1742"}],"collection":[{"href":"https:\/\/www.hginstrument.com\/fr\/wp-json\/wp\/v2\/product"}],"about":[{"href":"https:\/\/www.hginstrument.com\/fr\/wp-json\/wp\/v2\/types\/product"}],"replies":[{"embeddable":true,"href":"https:\/\/www.hginstrument.com\/fr\/wp-json\/wp\/v2\/comments?post=1742"}],"wp:featuredmedia":[{"embeddable":true,"href":"https:\/\/www.hginstrument.com\/fr\/wp-json\/wp\/v2\/media\/1732"}],"wp:attachment":[{"href":"https:\/\/www.hginstrument.com\/fr\/wp-json\/wp\/v2\/media?parent=1742"}],"wp:term":[{"taxonomy":"product_cat","embeddable":true,"href":"https:\/\/www.hginstrument.com\/fr\/wp-json\/wp\/v2\/product_cat?post=1742"},{"taxonomy":"product_tag","embeddable":true,"href":"https:\/\/www.hginstrument.com\/fr\/wp-json\/wp\/v2\/product_tag?post=1742"}],"curies":[{"name":"wp","href":"https:\/\/api.w.org\/{rel}","templated":true}]}}