{"id":1746,"date":"2021-08-13T11:16:26","date_gmt":"2021-08-13T03:16:26","guid":{"rendered":"http:\/\/201230ip92c2.adwebcloud.com\/?post_type=product&#038;p=1746"},"modified":"2021-10-12T14:22:47","modified_gmt":"2021-10-12T06:22:47","slug":"pr5100-paperless-recorder","status":"publish","type":"product","link":"https:\/\/www.hginstrument.com\/fr\/display-instrument\/pr5100-paperless-recorder\/","title":{"rendered":"Enregistreur sans papier PR5100"},"content":{"rendered":"<p><strong>Caract\u00e9ristiques :<\/strong><\/p>\n<p>\u25cf Monochrome LCD, 16 Input channels at most<br \/>\n\u25cf Accepte les signaux d'entr\u00e9e de RTD, thermocouple B, S, K, E, J, R, N, T ; 0-10mA, 0-20mA, 4-20mA, 0-100mV, 0-5V, 0-10V.<br \/>\n\u25cf Veuillez sp\u00e9cifier avant la commande l'entr\u00e9e de la fr\u00e9quence.<br \/>\n\u25cf Communication : RS232, RS485, Ethernet<br \/>\n\u25cf Sortie relais (option), quantit\u00e9 de relais au maximum 12 n\u00b0.<br \/>\n\u25cf QT\u00c9 de canaux d'entr\u00e9e + QT\u00c9 de relais\u226424<br \/>\n\u25cf Sortie analogique 4-20mA (option), au maximum 4 voies.<br \/>\n\u25cf Retour d'alimentation 24VDC (option), au maximum 4 boucles.<br \/>\n\u25cf Power supply: 220VAC, 24VDC (option), USB disk ( option )<br \/>\n\u25cf \u00c9cran LCD monochrome (PR5100), \u00e9cran LCD couleur (PR6100)<br \/>\n\u25cf 5,6 pouces, R\u00e9solution : 320 * 240 dot-matrix<\/p>\n<p>&nbsp;<\/p>\n<p><strong>Dimension :<\/strong><\/p>\n<p><img class=\"alignnone wp-image-1748 size-full\" src=\"http:\/\/www.hginstrument.com\/wp-content\/uploads\/2021\/08\/pr5100-dimension.jpg\" alt=\"pr5100 dimension\" width=\"469\" height=\"398\" srcset=\"https:\/\/www.hginstrument.com\/wp-content\/uploads\/2021\/08\/pr5100-dimension.jpg 469w, https:\/\/www.hginstrument.com\/wp-content\/uploads\/2021\/08\/pr5100-dimension-300x255.jpg 300w\" sizes=\"(max-width: 469px) 100vw, 469px\" \/><\/p>\n<p>&nbsp;<\/p>\n<p>&nbsp;<\/p>\n<p>&nbsp;<\/p>","protected":false},"excerpt":{"rendered":"<p>L'enregistreur sans papier est utilis\u00e9 pour collecter les donn\u00e9es mesur\u00e9es par les instruments de mesure du secteur industriel, tels que la temp\u00e9rature, la pression, le d\u00e9bit, le niveau de liquide, la tension, le courant, l'humidit\u00e9, la fr\u00e9quence, les vibrations, la vitesse, etc. L'enregistreur sans papier pr\u00e9sente les caract\u00e9ristiques suivantes : enregistrement sans papier, bonnes performances en temps r\u00e9el, haute pr\u00e9cision, fonctions de communication, d'interrogation et d'intelligence. Les principales applications sont les suivantes : m\u00e9tallurgie, p\u00e9trole, chimie, mat\u00e9riaux de construction, papier, alimentation, produits pharmaceutiques, universit\u00e9s, recherche biologique, traitement thermique, traitement de l'eau et autres sites industriels, ainsi que divers sc\u00e9narios d'application de l'IOT intelligent.<\/p>","protected":false},"featured_media":1737,"comment_status":"closed","ping_status":"closed","template":"","meta":[],"product_cat":[1571,1577],"product_tag":[],"acf":[],"_links":{"self":[{"href":"https:\/\/www.hginstrument.com\/fr\/wp-json\/wp\/v2\/product\/1746"}],"collection":[{"href":"https:\/\/www.hginstrument.com\/fr\/wp-json\/wp\/v2\/product"}],"about":[{"href":"https:\/\/www.hginstrument.com\/fr\/wp-json\/wp\/v2\/types\/product"}],"replies":[{"embeddable":true,"href":"https:\/\/www.hginstrument.com\/fr\/wp-json\/wp\/v2\/comments?post=1746"}],"wp:featuredmedia":[{"embeddable":true,"href":"https:\/\/www.hginstrument.com\/fr\/wp-json\/wp\/v2\/media\/1737"}],"wp:attachment":[{"href":"https:\/\/www.hginstrument.com\/fr\/wp-json\/wp\/v2\/media?parent=1746"}],"wp:term":[{"taxonomy":"product_cat","embeddable":true,"href":"https:\/\/www.hginstrument.com\/fr\/wp-json\/wp\/v2\/product_cat?post=1746"},{"taxonomy":"product_tag","embeddable":true,"href":"https:\/\/www.hginstrument.com\/fr\/wp-json\/wp\/v2\/product_tag?post=1746"}],"curies":[{"name":"wp","href":"https:\/\/api.w.org\/{rel}","templated":true}]}}