{"id":1753,"date":"2021-08-13T14:02:44","date_gmt":"2021-08-13T06:02:44","guid":{"rendered":"http:\/\/201230ip92c2.adwebcloud.com\/?post_type=product&#038;p=1753"},"modified":"2021-10-12T14:24:03","modified_gmt":"2021-10-12T06:24:03","slug":"pr8100-paperless-recorder","status":"publish","type":"product","link":"https:\/\/www.hginstrument.com\/fr\/display-instrument\/pr8100-paperless-recorder\/","title":{"rendered":"Enregistreur sans papier PR8100"},"content":{"rendered":"<p><strong>Caract\u00e9ristiques :<\/strong><\/p>\n<p><strong>Syst\u00e8me<\/strong><br \/>\n\u25cf Utilisation des derniers circuits int\u00e9gr\u00e9s \u00e0 grande \u00e9chelle<br \/>\n\u25cf Utilisation d'un microprocesseur ARM 32 bits haute vitesse et haute performance<br \/>\n\u25cf 10,4 pouces 640x 480 dot-matrix TFT high brightness and color graphic LCD, CCFL backlight, clear picture, brilliant color, and wide viewing angles.<br \/>\n\u25cf Entr\u00e9e universelle enti\u00e8rement isol\u00e9e, qui peut entrer une vari\u00e9t\u00e9 de signaux. Elle peut \u00eatre configur\u00e9e par logiciel sans cavalier.<br \/>\n\u25cf Nouvelle alimentation \u00e0 d\u00e9coupage, qui peut fonctionner correctement dans la plage de 85VAC ~ 265 VAC.<br \/>\n\u25cf Horloge mat\u00e9rielle en temps r\u00e9el int\u00e9gr\u00e9e, qui peut fonctionner avec pr\u00e9cision en cas de mise hors tension.<br \/>\n\u25cf Fournir une distribution d'alimentation 24VDC isol\u00e9e pour le transmetteur.<br \/>\n\u25cf Grande capacit\u00e9 de stockage des puces m\u00e9moire FLASH pour stocker les donn\u00e9es historiques, qui ne perdront jamais de donn\u00e9es en cas de mise hors tension.<br \/>\n\u25cf Sortie d'alarme \u00e0 relais 24 voies.<\/p>\n<p><strong>Signal<\/strong><br \/>\n\u25cf Vous pouvez entrer une vari\u00e9t\u00e9 de signaux standard : courant standard, tension standard, fr\u00e9quence, millivolt, thermocouple, r\u00e9sistance thermique.<br \/>\n\u25cf Pr\u00e9cision du signal \u00e0 pleine \u00e9chelle : \u00b1 0,2%.<br \/>\n\u25cf Des dispositifs opto\u00e9lectroniques sont utilis\u00e9s entre les canaux et ils sont compl\u00e8tement isol\u00e9s.<br \/>\n\u25cf Fournir un courant standard de 4 \u00e0 20 mA pour la sortie du transmetteur.<\/p>\n<p><strong>Logiciels<\/strong><br \/>\n\u25cf Utiliser un mot de passe pour prot\u00e9ger les donn\u00e9es de configuration.<br \/>\n\u25cf Configuration facile du menu. Il peut se configurer librement et afficher le num\u00e9ro d'\u00e9tiquette d'ing\u00e9nierie et les unit\u00e9s d'ing\u00e9nierie.<br \/>\n\u25cf Les quantit\u00e9s techniques affichent une large gamme de valeurs. Elles peuvent afficher cinq chiffres : -9999~ 19999, et prennent \u00e9galement en charge l'affichage de la notation scientifique \u00e0 vide.<br \/>\n\u25cf Indique simultan\u00e9ment l'alarme de limite basse, l'alarme de limite basse, l'alarme de limite haute, l'alarme de limite haute de tous les canaux. Il peut enregistrer jusqu'\u00e0 15 alarmes r\u00e9centes.<br \/>\n\u25cf Chaque canal prend tous en charge la fonction d'accumulation de flux, et fournit un rapport horaire, un rapport d'\u00e9quipe de 8 heures, un rapport d'\u00e9quipe de 12 heures, des rapports quotidiens et mensuels et d'autres rapports.<br \/>\n\u25cf Le mode d'affichage des tendances peut s\u00e9lectionner la tendance horizontale ou la tendance verticale.<br \/>\n\u25cf 5 groupes de combinaison de tendances sont fournis, et chaque groupe peut \u00eatre libre de choisir le canal, libre et la couleur des tendances.<br \/>\n\u25cf Il dispose d'une m\u00e9thode de saisie T6 puissante et facile \u00e0 utiliser. Il prend en charge les chiffres, les caract\u00e8res, les symboles sp\u00e9ciaux, la saisie des indices et des exposants, etc.<\/p>\n<p><strong>Communication<\/strong><br \/>\n\u25cf Interface de communication s\u00e9rie standard : RS-485 ou RS-232C.<br \/>\n\u25cf Il prend en charge le protocole de communication standard Modbus-RTU, fournissant une vari\u00e9t\u00e9 de types de donn\u00e9es, tels que le pourcentage, les quantit\u00e9s techniques, l'accumulation et ainsi de suite. En plus de prendre en charge le logiciel de gestion des donn\u00e9es de notre soci\u00e9t\u00e9, il prend \u00e9galement en charge certains logiciels de configuration professionnels populaires, tels que l'iFIX, MCGS, etc.<br \/>\n\u25cf Utiliser l'interface USB2.0 pour le transfert, le stockage et la sauvegarde des donn\u00e9es historiques. Il peut prendre en charge des cl\u00e9s USB de 8G maximum.<br \/>\n\u25cf Il prend en charge le syst\u00e8me de fichiers FAT32. Windows peut identifier automatiquement les fichiers de donn\u00e9es de sauvegarde sans conversion de format.<br \/>\n\u25cf Il peut se connecter \u00e0 une micro-imprimante externe, ce qui permet d'imprimer manuellement les donn\u00e9es et les tendances, et d'imprimer automatiquement en temps r\u00e9el sur une base r\u00e9guli\u00e8re pour r\u00e9pondre aux besoins de l'utilisateur d'imprimer sur le terrain.<\/p>\n<p><strong>Dimension :<\/strong><\/p>\n<p><img class=\"alignnone wp-image-1755\" src=\"http:\/\/www.hginstrument.com\/wp-content\/uploads\/2021\/08\/pr8100-dimension.jpg\" alt=\"pr8100 dimension\" width=\"655\" height=\"573\" srcset=\"https:\/\/www.hginstrument.com\/wp-content\/uploads\/2021\/08\/pr8100-dimension.jpg 875w, https:\/\/www.hginstrument.com\/wp-content\/uploads\/2021\/08\/pr8100-dimension-300x262.jpg 300w, https:\/\/www.hginstrument.com\/wp-content\/uploads\/2021\/08\/pr8100-dimension-768x671.jpg 768w, https:\/\/www.hginstrument.com\/wp-content\/uploads\/2021\/08\/pr8100-dimension-600x525.jpg 600w\" sizes=\"(max-width: 655px) 100vw, 655px\" \/><\/p>\n<p>&nbsp;<\/p>\n<p>&nbsp;<\/p>\n<p>&nbsp;<\/p>\n<p>&nbsp;<\/p>","protected":false},"excerpt":{"rendered":"<p>L'enregistreur sans papier est utilis\u00e9 pour collecter les donn\u00e9es mesur\u00e9es par les instruments de mesure du secteur industriel, tels que la temp\u00e9rature, la pression, le d\u00e9bit, le niveau de liquide, la tension, le courant, l'humidit\u00e9, la fr\u00e9quence, les vibrations, la vitesse, etc. L'enregistreur sans papier pr\u00e9sente les caract\u00e9ristiques suivantes : enregistrement sans papier, bonnes performances en temps r\u00e9el, haute pr\u00e9cision, fonctions de communication, d'interrogation et d'intelligence. Les principales applications sont les suivantes : m\u00e9tallurgie, p\u00e9trole, chimie, mat\u00e9riaux de construction, papier, alimentation, produits pharmaceutiques, universit\u00e9s, recherche biologique, traitement thermique, traitement de l'eau et autres sites industriels, ainsi que divers sc\u00e9narios d'application de l'IOT intelligent.<\/p>","protected":false},"featured_media":1740,"comment_status":"closed","ping_status":"closed","template":"","meta":[],"product_cat":[1571,1579],"product_tag":[],"acf":[],"_links":{"self":[{"href":"https:\/\/www.hginstrument.com\/fr\/wp-json\/wp\/v2\/product\/1753"}],"collection":[{"href":"https:\/\/www.hginstrument.com\/fr\/wp-json\/wp\/v2\/product"}],"about":[{"href":"https:\/\/www.hginstrument.com\/fr\/wp-json\/wp\/v2\/types\/product"}],"replies":[{"embeddable":true,"href":"https:\/\/www.hginstrument.com\/fr\/wp-json\/wp\/v2\/comments?post=1753"}],"wp:featuredmedia":[{"embeddable":true,"href":"https:\/\/www.hginstrument.com\/fr\/wp-json\/wp\/v2\/media\/1740"}],"wp:attachment":[{"href":"https:\/\/www.hginstrument.com\/fr\/wp-json\/wp\/v2\/media?parent=1753"}],"wp:term":[{"taxonomy":"product_cat","embeddable":true,"href":"https:\/\/www.hginstrument.com\/fr\/wp-json\/wp\/v2\/product_cat?post=1753"},{"taxonomy":"product_tag","embeddable":true,"href":"https:\/\/www.hginstrument.com\/fr\/wp-json\/wp\/v2\/product_tag?post=1753"}],"curies":[{"name":"wp","href":"https:\/\/api.w.org\/{rel}","templated":true}]}}