{"id":1801,"date":"2021-08-18T16:35:23","date_gmt":"2021-08-18T08:35:23","guid":{"rendered":"http:\/\/201230ip92c2.adwebcloud.com\/?post_type=product&#038;p=1801"},"modified":"2021-10-12T14:36:07","modified_gmt":"2021-10-12T06:36:07","slug":"hgs-c-insertion-mounting-bracket-for-electrode","status":"publish","type":"product","link":"https:\/\/www.hginstrument.com\/fr\/hgs-c-insertion-type-mounting-bracket-for-electrode\/hgs-c-insertion-mounting-bracket-for-electrode\/","title":{"rendered":"HGS-C Support de montage par insertion pour \u00e9lectrode"},"content":{"rendered":"<p><strong> Aspect et dimensions (pour le support en acier inoxydable) :<\/strong><\/p>\n<p><img class=\"alignnone wp-image-1915 size-full\" src=\"http:\/\/www.hginstrument.com\/wp-content\/uploads\/2021\/08\/hgs-c-04.jpg\" alt=\"hgs c 04\" width=\"716\" height=\"415\" \/><\/p>\n<p>&nbsp;<\/p>\n<p><strong>Aspect et dimensions (pour le support en plastique) :<\/strong><\/p>\n<p><img class=\"alignnone wp-image-1916 size-full\" src=\"http:\/\/www.hginstrument.com\/wp-content\/uploads\/2021\/08\/hgs-c-05.jpg\" alt=\"hgs c 05\" width=\"709\" height=\"515\" srcset=\"https:\/\/www.hginstrument.com\/wp-content\/uploads\/2021\/08\/hgs-c-05.jpg 709w, https:\/\/www.hginstrument.com\/wp-content\/uploads\/2021\/08\/hgs-c-05-300x218.jpg 300w, https:\/\/www.hginstrument.com\/wp-content\/uploads\/2021\/08\/hgs-c-05-600x436.jpg 600w\" sizes=\"(max-width: 709px) 100vw, 709px\" \/><\/p>\n<p>&nbsp;<\/p>\n<p><strong>Aspect et dimensions (pour le support avec dispositif de rin\u00e7age) :<\/strong><\/p>\n<p><img class=\"alignnone wp-image-1917 size-full\" src=\"http:\/\/www.hginstrument.com\/wp-content\/uploads\/2021\/08\/hgs-c-06.jpg\" alt=\"hgs c 06\" width=\"626\" height=\"473\" srcset=\"https:\/\/www.hginstrument.com\/wp-content\/uploads\/2021\/08\/hgs-c-06.jpg 626w, https:\/\/www.hginstrument.com\/wp-content\/uploads\/2021\/08\/hgs-c-06-300x227.jpg 300w, https:\/\/www.hginstrument.com\/wp-content\/uploads\/2021\/08\/hgs-c-06-600x453.jpg 600w\" sizes=\"(max-width: 626px) 100vw, 626px\" \/><\/p>\n<p>&nbsp;<\/p>\n<p><strong>Sch\u00e9ma de montage :<\/strong><\/p>\n<p><img class=\"alignnone wp-image-1918 size-full\" src=\"http:\/\/www.hginstrument.com\/wp-content\/uploads\/2021\/08\/hgs-c-mounting.jpg\" alt=\"montage hgs c\" width=\"653\" height=\"366\" srcset=\"https:\/\/www.hginstrument.com\/wp-content\/uploads\/2021\/08\/hgs-c-mounting.jpg 653w, https:\/\/www.hginstrument.com\/wp-content\/uploads\/2021\/08\/hgs-c-mounting-300x168.jpg 300w, https:\/\/www.hginstrument.com\/wp-content\/uploads\/2021\/08\/hgs-c-mounting-600x336.jpg 600w\" sizes=\"(max-width: 653px) 100vw, 653px\" \/><\/p>\n<p>&nbsp;<\/p>\n<p><strong>Manchon \u00e0 souder (\u00e0 utiliser pour correspondre aux supports que la connexion du processus est filet\u00e9e) :<\/strong><\/p>\n<p><img class=\"alignnone wp-image-1919 size-full\" src=\"http:\/\/www.hginstrument.com\/wp-content\/uploads\/2021\/08\/hgs-c-socket.jpg\" alt=\"hgs c socket\" width=\"601\" height=\"365\" srcset=\"https:\/\/www.hginstrument.com\/wp-content\/uploads\/2021\/08\/hgs-c-socket.jpg 601w, https:\/\/www.hginstrument.com\/wp-content\/uploads\/2021\/08\/hgs-c-socket-300x182.jpg 300w, https:\/\/www.hginstrument.com\/wp-content\/uploads\/2021\/08\/hgs-c-socket-600x364.jpg 600w\" sizes=\"(max-width: 601px) 100vw, 601px\" \/><\/p>\n<p>&nbsp;<\/p>\n<p><strong>Voici le cas d'application du support d'\u00e9lectrode en acier inoxydable, le raccord est filet\u00e9.<\/strong><\/p>\n<p><img class=\"alignnone wp-image-1807 size-full\" src=\"http:\/\/www.hginstrument.com\/wp-content\/uploads\/2021\/08\/hgs-c-bracket-structure.jpg\" alt=\"structure du support hgs c\" width=\"472\" height=\"266\" srcset=\"https:\/\/www.hginstrument.com\/wp-content\/uploads\/2021\/08\/hgs-c-bracket-structure.jpg 472w, https:\/\/www.hginstrument.com\/wp-content\/uploads\/2021\/08\/hgs-c-bracket-structure-300x169.jpg 300w\" sizes=\"(max-width: 472px) 100vw, 472px\" \/><\/p>\n<p>1. Gaine de l'\u00e9lectrode, 2. \u00c9crou-raccord, 3. Tige de support, 4. Manchon \u00e0 souder, 5. Robinet \u00e0 bille, 6. Extr\u00e9mit\u00e9 de sortie de la gaine de l'\u00e9lectrode<\/p>\n<p><strong>\u00c9tape d'installation :<\/strong><br \/>\n1. Desserrer la douille du robinet \u00e0 boisseau sph\u00e9rique<br \/>\n2. Souder le manchon sur le r\u00e9servoir\/la canalisation<br \/>\n3. Desserrer l'\u00e9crou-raccord, retirer la gaine de l'\u00e9lectrode<br \/>\n4. Faire passer le c\u00e2ble de l'\u00e9lectrode dans la gaine de l'\u00e9lectrode<br \/>\n5. Visser l'\u00e9lectrode sur la gaine de l'\u00e9lectrode<br \/>\n6. Faire passer le c\u00e2ble d'\u00e9lectrode par l'\u00e9crou d'accouplement, la tige du support et le faire sortir par l'extr\u00e9mit\u00e9 de sortie du c\u00e2ble d'\u00e9lectrode.<br \/>\n7. Fixation de l'\u00e9crou d'union<br \/>\n8. Ins\u00e9rer la tige du support dans la douille<br \/>\n9. Visser le robinet \u00e0 boisseau sph\u00e9rique sur la douille<\/p>\n<p>&nbsp;<\/p>\n<p>&nbsp;<\/p>","protected":false},"excerpt":{"rendered":"<p>Le support de montage de type insertion HGS-C est \u00e9quip\u00e9 d'un robinet \u00e0 boisseau sph\u00e9rique On-Off. L'utilisateur peut installer et retirer l'\u00e9lectrode pendant que le processus est en cours, sans avoir \u00e0 vider le conteneur, ce qui est particuli\u00e8rement utile pour l'entretien fr\u00e9quent des \u00e9lectrodes. Ce type de support peut \u00eatre install\u00e9 sur le r\u00e9acteur, le r\u00e9servoir ou le pipeline.<\/p>","protected":false},"featured_media":1914,"comment_status":"closed","ping_status":"closed","template":"","meta":[],"product_cat":[1641,1756],"product_tag":[],"acf":[],"_links":{"self":[{"href":"https:\/\/www.hginstrument.com\/fr\/wp-json\/wp\/v2\/product\/1801"}],"collection":[{"href":"https:\/\/www.hginstrument.com\/fr\/wp-json\/wp\/v2\/product"}],"about":[{"href":"https:\/\/www.hginstrument.com\/fr\/wp-json\/wp\/v2\/types\/product"}],"replies":[{"embeddable":true,"href":"https:\/\/www.hginstrument.com\/fr\/wp-json\/wp\/v2\/comments?post=1801"}],"wp:featuredmedia":[{"embeddable":true,"href":"https:\/\/www.hginstrument.com\/fr\/wp-json\/wp\/v2\/media\/1914"}],"wp:attachment":[{"href":"https:\/\/www.hginstrument.com\/fr\/wp-json\/wp\/v2\/media?parent=1801"}],"wp:term":[{"taxonomy":"product_cat","embeddable":true,"href":"https:\/\/www.hginstrument.com\/fr\/wp-json\/wp\/v2\/product_cat?post=1801"},{"taxonomy":"product_tag","embeddable":true,"href":"https:\/\/www.hginstrument.com\/fr\/wp-json\/wp\/v2\/product_tag?post=1801"}],"curies":[{"name":"wp","href":"https:\/\/api.w.org\/{rel}","templated":true}]}}