{"id":1808,"date":"2021-08-18T17:29:03","date_gmt":"2021-08-18T09:29:03","guid":{"rendered":"http:\/\/201230ip92c2.adwebcloud.com\/?post_type=product&#038;p=1808"},"modified":"2021-10-12T14:28:15","modified_gmt":"2021-10-12T06:28:15","slug":"hg113-c-ph-orp-meter-panel-mounting","status":"publish","type":"product","link":"https:\/\/www.hginstrument.com\/fr\/analysis-instrument\/hg113-c-ph-orp-meter-panel-mounting\/","title":{"rendered":"HG113-C Compteur PH\/ORP (montage sur panneau)"},"content":{"rendered":"<p><strong>Donn\u00e9es techniques :\u00a0<\/strong><\/p>\n<table width=\"661\">\n<tbody>\n<tr>\n<td style=\"background-color: #d8d8d8; vertical-align: middle;\" width=\"222\">Plage de mesure<\/td>\n<td width=\"439\">Valeur PH : 0 ~ 14,00 R\u00e9solution pH 0,01 pH<br \/>\nValeur ORP : -1999 ~ + 1999 mV r\u00e9solution 0,1 mV<br \/>\nTemp\u00e9rature : -15 ~ 130\u2103 r\u00e9solution 0.1 \u2103<\/td>\n<\/tr>\n<tr>\n<td style=\"background-color: #d8d8d8; vertical-align: middle;\">Pr\u00e9cision<\/td>\n<td width=\"439\">Valeur du pH : \u00b1 0,01pH<br \/>\nValeur ORP : \u00b1 1 mV<br \/>\nTemp\u00e9rature : \u00b1 0.5\u2103 (0 ~ 100\u2103 )<\/td>\n<\/tr>\n<tr>\n<td style=\"background-color: #d8d8d8; vertical-align: middle;\" width=\"222\">Plage de compensation automatique de la temp\u00e9rature<\/td>\n<td>0 ~ 99.9 \u2103, base sur 25\u2103<\/td>\n<\/tr>\n<tr>\n<td style=\"background-color: #d8d8d8; vertical-align: middle;\">Erreur de r\u00e9p\u00e9tabilit\u00e9<\/td>\n<td>\u00b1 0,02 pH<\/td>\n<\/tr>\n<tr>\n<td style=\"background-color: #d8d8d8; vertical-align: middle;\" width=\"222\">Erreur de compensation automatique de la temp\u00e9rature<\/td>\n<td>\u00b1 0,03 pH<\/td>\n<\/tr>\n<tr>\n<td style=\"background-color: #d8d8d8; vertical-align: middle;\">Stabilit\u00e9<\/td>\n<td>\u00b1 0,02 pH \/ 24 heures<\/td>\n<\/tr>\n<tr>\n<td style=\"background-color: #d8d8d8; vertical-align: middle;\">Imp\u00e9dance d'entr\u00e9e<\/td>\n<td>\u2265 10<sup>12<\/sup> \u03a9<\/td>\n<\/tr>\n<tr>\n<td style=\"background-color: #d8d8d8; vertical-align: middle;\">Sortie isol\u00e9e en courant<\/td>\n<td width=\"439\">\u00a02 voies Sortie analogique<br \/>\n0 ~ 10 mA ( Charge &lt; 1.5 K\u03a9 )<br \/>\n4 ~ 20 mA ( Charge &lt; 750 \u03a9 )<br \/>\n0 ~ 20 mA ( Charge &lt; 750 \u03a9 )<\/td>\n<\/tr>\n<tr>\n<td style=\"background-color: #d8d8d8; vertical-align: middle;\">Erreur de sortie de courant<\/td>\n<td>\u2264 \u00b1 1% FS<\/td>\n<\/tr>\n<tr>\n<td style=\"background-color: #d8d8d8; vertical-align: middle;\">Capacit\u00e9 de contact du relais d'alarme<\/td>\n<td>220V AC 3A<\/td>\n<\/tr>\n<tr>\n<td style=\"background-color: #d8d8d8; vertical-align: middle;\">Communication<\/td>\n<td>RS485 (en option)<\/td>\n<\/tr>\n<tr>\n<td style=\"background-color: #d8d8d8; vertical-align: middle;\">Alimentation \u00e9lectrique<\/td>\n<td width=\"439\">220V AC \u00b122V, 50 \u00b11Hz ( Standard )<br \/>\n24V DC \u00b12.4V, ( Option )<\/td>\n<\/tr>\n<tr>\n<td style=\"background-color: #d8d8d8; vertical-align: middle;\">R\u00e9sistant aux intemp\u00e9ries<\/td>\n<td>IP65 \/ IP54<\/td>\n<\/tr>\n<tr>\n<td style=\"background-color: #d8d8d8; vertical-align: middle;\">Conditions ambiantes<\/td>\n<td>Temp\u00e9rature ambiante : 0 ~ 60\u2103 ; Humidit\u00e9 relative : &lt; 90%RH<\/td>\n<\/tr>\n<\/tbody>\n<\/table>\n<p>&nbsp;<\/p>\n<p><strong>Dimension :<\/strong><\/p>\n<p><img class=\"alignnone wp-image-1813 size-full\" src=\"http:\/\/www.hginstrument.com\/wp-content\/uploads\/2021\/08\/hg111-c-dimension.jpg\" alt=\"hg111 c dimension\" width=\"821\" height=\"365\" srcset=\"https:\/\/www.hginstrument.com\/wp-content\/uploads\/2021\/08\/hg111-c-dimension.jpg 821w, https:\/\/www.hginstrument.com\/wp-content\/uploads\/2021\/08\/hg111-c-dimension-300x133.jpg 300w, https:\/\/www.hginstrument.com\/wp-content\/uploads\/2021\/08\/hg111-c-dimension-768x341.jpg 768w, https:\/\/www.hginstrument.com\/wp-content\/uploads\/2021\/08\/hg111-c-dimension-600x267.jpg 600w\" sizes=\"(max-width: 821px) 100vw, 821px\" \/><\/p>\n<p>&nbsp;<\/p>\n<p><strong>Borne de c\u00e2blage :<\/strong><\/p>\n<p><img class=\"alignnone wp-image-1814 size-full\" src=\"http:\/\/www.hginstrument.com\/wp-content\/uploads\/2021\/08\/hg111-c-wiring-terminal.jpg\" alt=\"hg111 c borne de c\u00e2blage\" width=\"435\" height=\"342\" srcset=\"https:\/\/www.hginstrument.com\/wp-content\/uploads\/2021\/08\/hg111-c-wiring-terminal.jpg 435w, https:\/\/www.hginstrument.com\/wp-content\/uploads\/2021\/08\/hg111-c-wiring-terminal-300x236.jpg 300w\" sizes=\"(max-width: 435px) 100vw, 435px\" \/><\/p>\n<p>&nbsp;<\/p>\n<p>&nbsp;<\/p>\n<p>&nbsp;<\/p>","protected":false},"excerpt":{"rendered":"<p>Le PH\/ORPm\u00e8tre en ligne HG113-C est utilis\u00e9 avec l'\u00e9lectrode PH pour mesurer en continu la valeur du PH du liquide, avec un affichage LED. Il peut afficher simultan\u00e9ment la temp\u00e9rature, la valeur du PH\/ORP, l'heure et l'\u00e9tat.<\/p>","protected":false},"featured_media":1778,"comment_status":"closed","ping_status":"closed","template":"","meta":[],"product_cat":[1600,1661],"product_tag":[],"acf":[],"_links":{"self":[{"href":"https:\/\/www.hginstrument.com\/fr\/wp-json\/wp\/v2\/product\/1808"}],"collection":[{"href":"https:\/\/www.hginstrument.com\/fr\/wp-json\/wp\/v2\/product"}],"about":[{"href":"https:\/\/www.hginstrument.com\/fr\/wp-json\/wp\/v2\/types\/product"}],"replies":[{"embeddable":true,"href":"https:\/\/www.hginstrument.com\/fr\/wp-json\/wp\/v2\/comments?post=1808"}],"wp:featuredmedia":[{"embeddable":true,"href":"https:\/\/www.hginstrument.com\/fr\/wp-json\/wp\/v2\/media\/1778"}],"wp:attachment":[{"href":"https:\/\/www.hginstrument.com\/fr\/wp-json\/wp\/v2\/media?parent=1808"}],"wp:term":[{"taxonomy":"product_cat","embeddable":true,"href":"https:\/\/www.hginstrument.com\/fr\/wp-json\/wp\/v2\/product_cat?post=1808"},{"taxonomy":"product_tag","embeddable":true,"href":"https:\/\/www.hginstrument.com\/fr\/wp-json\/wp\/v2\/product_tag?post=1808"}],"curies":[{"name":"wp","href":"https:\/\/api.w.org\/{rel}","templated":true}]}}