{"id":1828,"date":"2021-08-19T15:41:46","date_gmt":"2021-08-19T07:41:46","guid":{"rendered":"http:\/\/201230ip92c2.adwebcloud.com\/?post_type=product&#038;p=1828"},"modified":"2021-10-11T16:24:49","modified_gmt":"2021-10-11T08:24:49","slug":"hg111-a-ph-orp-meter-wall-mounting","status":"publish","type":"product","link":"https:\/\/www.hginstrument.com\/fr\/analysis-instrument\/hg111-a-ph-orp-meter-wall-mounting\/","title":{"rendered":"HG111-A Compteur PH\/ORP (montage mural)"},"content":{"rendered":"<p><strong>Donn\u00e9es techniques :\u00a0<\/strong><\/p>\n<table>\n<tbody>\n<tr>\n<td style=\"background-color: #d8d8d8; vertical-align: middle;\" rowspan=\"3\" width=\"104\">Plage de mesure<\/td>\n<td style=\"background-color: #d8d8d8;\" width=\"113\">PH<\/td>\n<td width=\"340\">0 - 14,00 pH ( division:0,01 )<\/td>\n<\/tr>\n<tr>\n<td style=\"background-color: #d8d8d8;\" width=\"113\">Temp\u00e9rature<\/td>\n<td width=\"340\">0 - 100\u2103 ( division : 0.1\u2103 )<\/td>\n<\/tr>\n<tr>\n<td style=\"background-color: #d8d8d8;\" width=\"113\">ORP<\/td>\n<td width=\"340\">-999~+999mV (division : 1mV)<\/td>\n<\/tr>\n<tr>\n<td style=\"background-color: #d8d8d8;\" colspan=\"2\" width=\"217\">Plage de compensation automatique de la temp\u00e9rature<\/td>\n<td width=\"340\">0 - 100\u2103 ( 25 \u2103 comme r\u00e9f\u00e9rence )<\/td>\n<\/tr>\n<tr>\n<td style=\"background-color: #d8d8d8;\" colspan=\"2\" width=\"217\">\u00c9tat du liquide mesur\u00e9<\/td>\n<td width=\"340\">0 - 100\u2103, 0.3MPa<\/td>\n<\/tr>\n<tr>\n<td style=\"background-color: #d8d8d8;\" colspan=\"2\" width=\"217\">Stabilit\u00e9<\/td>\n<td width=\"340\">\u00b10,02pH\/24h<\/td>\n<\/tr>\n<tr>\n<td style=\"background-color: #d8d8d8;\" colspan=\"2\" width=\"217\">Imp\u00e9dance d'entr\u00e9e<\/td>\n<td width=\"340\">\u226510^12 \u03a9<\/td>\n<\/tr>\n<tr>\n<td style=\"background-color: #d8d8d8;\" colspan=\"2\" width=\"217\">Sortie isol\u00e9e en courant<\/td>\n<td width=\"340\">4 - 20mA (charge&lt;750 \u03a9 ) (en option)<\/td>\n<\/tr>\n<tr>\n<td style=\"background-color: #d8d8d8;\" colspan=\"2\" width=\"217\">Erreur de sortie de courant<\/td>\n<td width=\"340\">\u2264\u00b11%FS<\/td>\n<\/tr>\n<tr>\n<td style=\"background-color: #d8d8d8;\" colspan=\"2\" width=\"217\">Capacit\u00e9 de contact du relais<\/td>\n<td width=\"340\">220VAC, 3A<\/td>\n<\/tr>\n<tr>\n<td style=\"background-color: #d8d8d8;\" colspan=\"2\" width=\"217\">Communication<\/td>\n<td width=\"340\">RS485 Protocole Modbus (en option)<\/td>\n<\/tr>\n<tr>\n<td style=\"background-color: #d8d8d8;\" colspan=\"2\" width=\"217\">Alimentation \u00e9lectrique<\/td>\n<td width=\"340\">220VAC \u00b110%, 50\u00b11Hz<\/td>\n<\/tr>\n<tr>\n<td style=\"background-color: #d8d8d8;\" colspan=\"2\" width=\"217\">Protection du bo\u00eetier<\/td>\n<td width=\"340\">IP65<\/td>\n<\/tr>\n<tr>\n<td style=\"background-color: #d8d8d8;\" colspan=\"2\" width=\"217\">Taille (mm ) \/ Poids<\/td>\n<td width=\"340\">96 * 96 * 110 (trou d'ouverture : 92*92) \/ 0,8 kg<\/td>\n<\/tr>\n<tr>\n<td style=\"background-color: #d8d8d8;\" colspan=\"2\" width=\"217\">\u00c9tat de fonctionnement<\/td>\n<td width=\"340\">0-60\u2103, &lt;85%RH<\/td>\n<\/tr>\n<\/tbody>\n<\/table>\n<p>&nbsp;<\/p>\n<p><strong>Dimension :<\/strong><\/p>\n<p><img class=\"alignnone wp-image-1822 size-full\" src=\"http:\/\/www.hginstrument.com\/wp-content\/uploads\/2021\/08\/hg111-a-dimension.jpg\" alt=\"hg111 a dimension\" width=\"772\" height=\"407\" srcset=\"https:\/\/www.hginstrument.com\/wp-content\/uploads\/2021\/08\/hg111-a-dimension.jpg 772w, https:\/\/www.hginstrument.com\/wp-content\/uploads\/2021\/08\/hg111-a-dimension-300x158.jpg 300w, https:\/\/www.hginstrument.com\/wp-content\/uploads\/2021\/08\/hg111-a-dimension-768x405.jpg 768w, https:\/\/www.hginstrument.com\/wp-content\/uploads\/2021\/08\/hg111-a-dimension-600x316.jpg 600w\" sizes=\"(max-width: 772px) 100vw, 772px\" \/><\/p>\n<p>&nbsp;<\/p>\n<p><strong>Borne de c\u00e2blage :<\/strong><\/p>\n<p><img class=\"alignnone wp-image-1818 size-full\" src=\"http:\/\/www.hginstrument.com\/wp-content\/uploads\/2021\/08\/hg111-a-terminal.jpg\" alt=\"hg111 a terminal\" width=\"766\" height=\"196\" srcset=\"https:\/\/www.hginstrument.com\/wp-content\/uploads\/2021\/08\/hg111-a-terminal.jpg 766w, https:\/\/www.hginstrument.com\/wp-content\/uploads\/2021\/08\/hg111-a-terminal-300x77.jpg 300w, https:\/\/www.hginstrument.com\/wp-content\/uploads\/2021\/08\/hg111-a-terminal-600x154.jpg 600w\" sizes=\"(max-width: 766px) 100vw, 766px\" \/><\/p>\n<p>&nbsp;<\/p>\n<p>&nbsp;<\/p>\n<p>&nbsp;<\/p>\n<p>&nbsp;<\/p>","protected":false},"excerpt":{"rendered":"<p>Le PH\/ORPm\u00e8tre en ligne HG111-A est utilis\u00e9 avec l'\u00e9lectrode PH pour mesurer en continu la valeur du PH du liquide, sur l'\u00e9cran LCD. Il peut afficher simultan\u00e9ment la temp\u00e9rature, la valeur du PH\/ORP, l'heure et l'\u00e9tat.<\/p>","protected":false},"featured_media":1816,"comment_status":"closed","ping_status":"closed","template":"","meta":[],"product_cat":[1600,1691],"product_tag":[],"acf":[],"_links":{"self":[{"href":"https:\/\/www.hginstrument.com\/fr\/wp-json\/wp\/v2\/product\/1828"}],"collection":[{"href":"https:\/\/www.hginstrument.com\/fr\/wp-json\/wp\/v2\/product"}],"about":[{"href":"https:\/\/www.hginstrument.com\/fr\/wp-json\/wp\/v2\/types\/product"}],"replies":[{"embeddable":true,"href":"https:\/\/www.hginstrument.com\/fr\/wp-json\/wp\/v2\/comments?post=1828"}],"wp:featuredmedia":[{"embeddable":true,"href":"https:\/\/www.hginstrument.com\/fr\/wp-json\/wp\/v2\/media\/1816"}],"wp:attachment":[{"href":"https:\/\/www.hginstrument.com\/fr\/wp-json\/wp\/v2\/media?parent=1828"}],"wp:term":[{"taxonomy":"product_cat","embeddable":true,"href":"https:\/\/www.hginstrument.com\/fr\/wp-json\/wp\/v2\/product_cat?post=1828"},{"taxonomy":"product_tag","embeddable":true,"href":"https:\/\/www.hginstrument.com\/fr\/wp-json\/wp\/v2\/product_tag?post=1828"}],"curies":[{"name":"wp","href":"https:\/\/api.w.org\/{rel}","templated":true}]}}