{"id":1830,"date":"2021-08-19T16:13:08","date_gmt":"2021-08-19T08:13:08","guid":{"rendered":"http:\/\/201230ip92c2.adwebcloud.com\/?post_type=product&#038;p=1830"},"modified":"2021-10-11T16:26:06","modified_gmt":"2021-10-11T08:26:06","slug":"hg117-ph-orp-meter-explosion-proof","status":"publish","type":"product","link":"https:\/\/www.hginstrument.com\/fr\/analysis-instrument\/hg117-ph-orp-meter-explosion-proof\/","title":{"rendered":"HG117 PH\/ORP Meter (Explosion-proof )"},"content":{"rendered":"<p><strong>Donn\u00e9es techniques :\u00a0<\/strong><\/p>\n<table width=\"680\">\n<tbody>\n<tr>\n<td style=\"background-color: #d8d8d8; vertical-align: middle;\" width=\"222\">Plage de mesure<\/td>\n<td width=\"458\">Valeur PH : 2 ~ 14,00 R\u00e9solution pH 0,01 pH<br \/>\nValeur ORP : -1999 ~ + 1999 mV r\u00e9solution 1 mV<br \/>\nTemp\u00e9rature : -15 ~ 130\u2103 r\u00e9solution 0.1 \u2103<\/td>\n<\/tr>\n<tr>\n<td style=\"background-color: #d8d8d8; vertical-align: middle;\" width=\"222\">Plage de compensation automatique de la temp\u00e9rature<\/td>\n<td>0 ~ 100 \u2103, sur la base de 25\u2103<\/td>\n<\/tr>\n<tr>\n<td style=\"background-color: #d8d8d8; vertical-align: middle;\">Pr\u00e9cision<\/td>\n<td width=\"458\">Valeur du pH : \u00b1 0,01pH<br \/>\nValeur ORP : \u00b1 1 mV<br \/>\nTemp\u00e9rature : \u00b1 0.5\u2103 (0 ~ 100\u2103 )<\/td>\n<\/tr>\n<tr>\n<td style=\"background-color: #d8d8d8; vertical-align: middle;\">Erreur de r\u00e9p\u00e9tabilit\u00e9<\/td>\n<td>\u00b1 0,01 pH<\/td>\n<\/tr>\n<tr>\n<td style=\"background-color: #d8d8d8; vertical-align: middle;\" width=\"222\">Erreur de compensation automatique de la temp\u00e9rature<\/td>\n<td>\u00b1 0,03 pH<\/td>\n<\/tr>\n<tr>\n<td style=\"background-color: #d8d8d8; vertical-align: middle;\">Stabilit\u00e9<\/td>\n<td>\u00b1 0,02 pH \/ 24 heures<\/td>\n<\/tr>\n<tr>\n<td style=\"background-color: #d8d8d8; vertical-align: middle;\">Imp\u00e9dance d'entr\u00e9e<\/td>\n<td>\u2265 10<sup>12<\/sup> \u03a9<\/td>\n<\/tr>\n<tr>\n<td style=\"background-color: #d8d8d8; vertical-align: middle;\">Erreur de sortie de courant<\/td>\n<td>\u2264 \u00b1 1% FS<\/td>\n<\/tr>\n<tr>\n<td style=\"background-color: #d8d8d8; vertical-align: middle;\">Sortie isol\u00e9e en courant<\/td>\n<td width=\"458\">4 ~ 20 mA ;<br \/>\nL'entr\u00e9e, la sortie et l'alimentation sont isol\u00e9es (l'alimentation doit \u00eatre connect\u00e9e \u00e0 une barri\u00e8re de s\u00e9curit\u00e9).<\/td>\n<\/tr>\n<tr>\n<td style=\"background-color: #d8d8d8; vertical-align: middle;\">Communication<\/td>\n<td>RS485, HART (en option)<\/td>\n<\/tr>\n<tr>\n<td style=\"background-color: #d8d8d8; vertical-align: middle;\">Alimentation \u00e9lectrique<\/td>\n<td width=\"458\">24V DC \u00b12,4V<\/td>\n<\/tr>\n<tr>\n<td style=\"background-color: #d8d8d8; vertical-align: middle;\">R\u00e9sistant aux intemp\u00e9ries<\/td>\n<td>IP67<\/td>\n<\/tr>\n<tr>\n<td style=\"background-color: #d8d8d8; vertical-align: middle;\">Conditions ambiantes<\/td>\n<td>Temp\u00e9rature ambiante : -20 ~ 70\u2103 ; Humidit\u00e9 relative : &lt; 90%RH<\/td>\n<\/tr>\n<tr>\n<td style=\"background-color: #d8d8d8; vertical-align: middle;\">Antid\u00e9flagrant<\/td>\n<td>Exia IICT6 Ga<\/td>\n<\/tr>\n<tr>\n<td style=\"background-color: #d8d8d8; vertical-align: middle;\">S\u00e9curit\u00e9 intrins\u00e8que<\/td>\n<td>Ui = 28VDC, Ii = 93 mA, Pi = 0,65 W, Ci = 0,044 \u03bcF, Li = 0 mH<\/td>\n<\/tr>\n<\/tbody>\n<\/table>\n<p>&nbsp;<\/p>\n<p><strong style=\"font-size: 16px;\">Dimension :<\/strong><\/p>\n<p><img class=\"alignnone wp-image-1824 size-full\" src=\"http:\/\/www.hginstrument.com\/wp-content\/uploads\/2021\/08\/hg117-dimension.jpg\" alt=\"hg117 dimension\" width=\"784\" height=\"473\" srcset=\"https:\/\/www.hginstrument.com\/wp-content\/uploads\/2021\/08\/hg117-dimension.jpg 784w, https:\/\/www.hginstrument.com\/wp-content\/uploads\/2021\/08\/hg117-dimension-300x181.jpg 300w, https:\/\/www.hginstrument.com\/wp-content\/uploads\/2021\/08\/hg117-dimension-768x463.jpg 768w, https:\/\/www.hginstrument.com\/wp-content\/uploads\/2021\/08\/hg117-dimension-600x362.jpg 600w\" sizes=\"(max-width: 784px) 100vw, 784px\" \/><\/p>\n<p>&nbsp;<\/p>\n<p><strong>Borne de c\u00e2blage :<\/strong><\/p>\n<p><img class=\"alignnone wp-image-1825 size-full\" src=\"http:\/\/www.hginstrument.com\/wp-content\/uploads\/2021\/08\/hg117-terminal.jpg\" alt=\"terminal hg117\" width=\"909\" height=\"194\" srcset=\"https:\/\/www.hginstrument.com\/wp-content\/uploads\/2021\/08\/hg117-terminal.jpg 909w, https:\/\/www.hginstrument.com\/wp-content\/uploads\/2021\/08\/hg117-terminal-300x64.jpg 300w, https:\/\/www.hginstrument.com\/wp-content\/uploads\/2021\/08\/hg117-terminal-768x164.jpg 768w, https:\/\/www.hginstrument.com\/wp-content\/uploads\/2021\/08\/hg117-terminal-600x128.jpg 600w\" sizes=\"(max-width: 909px) 100vw, 909px\" \/><\/p>\n<p>&nbsp;<\/p>\n<p>&nbsp;<\/p>\n<p>&nbsp;<\/p>\n<p>&nbsp;<\/p>","protected":false},"excerpt":{"rendered":"<p>HG117- Le compteur de PH\/ORP \u00e0 montage mural en ligne est utilis\u00e9 avec l'\u00e9lectrode de PH pour mesurer en continu la valeur du PH du liquide, avec un affichage LED. Il peut afficher simultan\u00e9ment la temp\u00e9rature, la valeur du PH\/ORP, l'heure et l'\u00e9tat. Il est utilis\u00e9 dans les zones dangereuses n\u00e9cessitant une protection contre les explosions.<\/p>","protected":false},"featured_media":1823,"comment_status":"closed","ping_status":"closed","template":"","meta":[],"product_cat":[1600,1692],"product_tag":[],"acf":[],"_links":{"self":[{"href":"https:\/\/www.hginstrument.com\/fr\/wp-json\/wp\/v2\/product\/1830"}],"collection":[{"href":"https:\/\/www.hginstrument.com\/fr\/wp-json\/wp\/v2\/product"}],"about":[{"href":"https:\/\/www.hginstrument.com\/fr\/wp-json\/wp\/v2\/types\/product"}],"replies":[{"embeddable":true,"href":"https:\/\/www.hginstrument.com\/fr\/wp-json\/wp\/v2\/comments?post=1830"}],"wp:featuredmedia":[{"embeddable":true,"href":"https:\/\/www.hginstrument.com\/fr\/wp-json\/wp\/v2\/media\/1823"}],"wp:attachment":[{"href":"https:\/\/www.hginstrument.com\/fr\/wp-json\/wp\/v2\/media?parent=1830"}],"wp:term":[{"taxonomy":"product_cat","embeddable":true,"href":"https:\/\/www.hginstrument.com\/fr\/wp-json\/wp\/v2\/product_cat?post=1830"},{"taxonomy":"product_tag","embeddable":true,"href":"https:\/\/www.hginstrument.com\/fr\/wp-json\/wp\/v2\/product_tag?post=1830"}],"curies":[{"name":"wp","href":"https:\/\/api.w.org\/{rel}","templated":true}]}}