{"id":1842,"date":"2021-08-20T13:33:48","date_gmt":"2021-08-20T05:33:48","guid":{"rendered":"http:\/\/201230ip92c2.adwebcloud.com\/?post_type=product&#038;p=1842"},"modified":"2021-10-11T16:15:27","modified_gmt":"2021-10-11T08:15:27","slug":"hg123-c-conductivity-meter-panel-mounting","status":"publish","type":"product","link":"https:\/\/www.hginstrument.com\/fr\/analysis-instrument\/hg123-c-conductivity-meter-panel-mounting\/","title":{"rendered":"HG123-C Conductivim\u00e8tre (montage sur panneau)"},"content":{"rendered":"<p><strong>Donn\u00e9es techniques :\u00a0<\/strong><\/p>\n<table width=\"756\">\n<tbody>\n<tr>\n<td style=\"background-color: #d8d8d8; vertical-align: middle;\" width=\"282\">Gamme de conductivit\u00e9<\/td>\n<td width=\"474\">0,01\u03bcS\/cm ~ 200 mS\/cm (la plage d\u00e9taill\u00e9e d\u00e9pend de l'\u00e9lectrode de conductivit\u00e9).<\/td>\n<\/tr>\n<tr>\n<td style=\"background-color: #d8d8d8;\" width=\"282\">Erreur de base de l'unit\u00e9 \u00e9lectronique<\/td>\n<td>Conductivit\u00e9 \u00b1 0.5%FS, Temp\u00e9rature : \u00b10.3\u2103<\/td>\n<\/tr>\n<tr>\n<td style=\"background-color: #d8d8d8;\" width=\"282\">Plage de compensation automatique de la temp\u00e9rature<\/td>\n<td style=\"vertical-align: middle;\">0 ~ 99,9 \u2103, base 25 \u2103<\/td>\n<\/tr>\n<tr>\n<td style=\"background-color: #d8d8d8;\" width=\"282\">\u00c9chantillons d'eau mesur\u00e9s<\/td>\n<td>0 ~ 99,9 \u2103, sur la base de 0,6 Mpa<\/td>\n<\/tr>\n<tr>\n<td style=\"background-color: #d8d8d8;\" width=\"282\">Erreur de base de l'instrument<\/td>\n<td>Conductivit\u00e9 : \u00b1 1.0%FS, Temp\u00e9rature : \u00b10.5\u2103<\/td>\n<\/tr>\n<tr>\n<td style=\"background-color: #d8d8d8;\" width=\"282\">Erreur de compensation automatique de la temp\u00e9rature de l'unit\u00e9 \u00e9lectronique<\/td>\n<td style=\"vertical-align: middle;\">\u00b1 0,5% FS<\/td>\n<\/tr>\n<tr>\n<td style=\"background-color: #d8d8d8;\" width=\"282\">Erreur de r\u00e9p\u00e9tabilit\u00e9 de l'unit\u00e9 \u00e9lectronique<\/td>\n<td>\u00b1 0,5% FS \u00b1 un caract\u00e8re<\/td>\n<\/tr>\n<tr>\n<td style=\"background-color: #d8d8d8;\" width=\"282\">Stabilit\u00e9 de l'unit\u00e9 \u00e9lectronique<\/td>\n<td>\u00b1 0,5% FS \u00b1 un caract\u00e8re \/ 24h<\/td>\n<\/tr>\n<tr>\n<td style=\"background-color: #d8d8d8;\" width=\"282\">Erreur d'alarme de l'unit\u00e9 \u00e9lectronique<\/td>\n<td>\u2264 \u00b1 1,0% FS<\/td>\n<\/tr>\n<tr>\n<td style=\"background-color: #d8d8d8;\" width=\"282\">Temp\u00e9rature ambiante affectant l'unit\u00e9 \u00e9lectronique<\/td>\n<td style=\"vertical-align: middle;\">\u2264 \u00b1 0,5% FS<\/td>\n<\/tr>\n<tr>\n<td style=\"background-color: #d8d8d8;\" width=\"282\">Alimentation de l'unit\u00e9 \u00e9lectronique<\/td>\n<td>\u2264 \u00b1 0,3% FS<\/td>\n<\/tr>\n<tr>\n<td style=\"background-color: #d8d8d8;\" width=\"282\">Sortie isol\u00e9e en courant<\/td>\n<td>4 ~ 20 mA \uff08Load &lt; 750 \u03a9 \uff09<\/td>\n<\/tr>\n<tr>\n<td style=\"background-color: #d8d8d8;\" width=\"282\">Erreur de sortie de courant de l'unit\u00e9 \u00e9lectronique<\/td>\n<td>\u2264 \u00b1 0,5% FS<\/td>\n<\/tr>\n<tr>\n<td style=\"background-color: #d8d8d8;\" width=\"282\">Capacit\u00e9 de contact du relais d'alarme<\/td>\n<td>220V AC 3A<\/td>\n<\/tr>\n<tr>\n<td style=\"background-color: #d8d8d8;\">Communication<\/td>\n<td width=\"474\">RS485 (en option)<\/td>\n<\/tr>\n<tr>\n<td style=\"background-color: #d8d8d8; vertical-align: middle;\">Alimentation \u00e9lectrique<\/td>\n<td width=\"474\">220V AC \u00b122V, 50 \u00b11Hz ( Standard )<br \/>\n24V DC \u00b12.4V, ( Option )<\/td>\n<\/tr>\n<tr>\n<td style=\"background-color: #d8d8d8;\">R\u00e9sistant aux intemp\u00e9ries<\/td>\n<td>IP65 \/ IP54<\/td>\n<\/tr>\n<tr>\n<td style=\"background-color: #d8d8d8;\">Poids<\/td>\n<td>1 Kg<\/td>\n<\/tr>\n<tr>\n<td style=\"background-color: #d8d8d8;\">Conditions ambiantes<\/td>\n<td>Temp\u00e9rature ambiante : 0 ~ 60\u2103 ; Humidit\u00e9 relative : &lt; 85%RH<\/td>\n<\/tr>\n<\/tbody>\n<\/table>\n<p>&nbsp;<\/p>\n<p><strong>Dimension :<\/strong><\/p>\n<p><img class=\"alignnone wp-image-1835 size-full\" src=\"http:\/\/www.hginstrument.com\/wp-content\/uploads\/2021\/08\/hg123-c-dimension.jpg\" alt=\"hg123 c dimension\" width=\"821\" height=\"365\" srcset=\"https:\/\/www.hginstrument.com\/wp-content\/uploads\/2021\/08\/hg123-c-dimension.jpg 821w, https:\/\/www.hginstrument.com\/wp-content\/uploads\/2021\/08\/hg123-c-dimension-300x133.jpg 300w, https:\/\/www.hginstrument.com\/wp-content\/uploads\/2021\/08\/hg123-c-dimension-768x341.jpg 768w, https:\/\/www.hginstrument.com\/wp-content\/uploads\/2021\/08\/hg123-c-dimension-600x267.jpg 600w\" sizes=\"(max-width: 821px) 100vw, 821px\" \/><\/p>\n<p>&nbsp;<\/p>\n<p><strong>Bornes de c\u00e2blage :<\/strong><\/p>\n<p><img class=\"alignnone wp-image-1834 size-full\" src=\"http:\/\/www.hginstrument.com\/wp-content\/uploads\/2021\/08\/hg123-c-wire-terminal.jpg\" alt=\"hg123 c borne de fil\" width=\"527\" height=\"473\" srcset=\"https:\/\/www.hginstrument.com\/wp-content\/uploads\/2021\/08\/hg123-c-wire-terminal.jpg 527w, https:\/\/www.hginstrument.com\/wp-content\/uploads\/2021\/08\/hg123-c-wire-terminal-300x269.jpg 300w\" sizes=\"(max-width: 527px) 100vw, 527px\" \/><\/p>\n<p>&nbsp;<\/p>\n<p>&nbsp;<\/p>\n<p>&nbsp;<\/p>","protected":false},"excerpt":{"rendered":"<p>Le conductim\u00e8tre en ligne HG123-C est utilis\u00e9 avec une \u00e9lectrode de conductivit\u00e9 pour mesurer en continu la conductivit\u00e9 du liquide, avec un affichage LED.<\/p>","protected":false},"featured_media":1833,"comment_status":"closed","ping_status":"closed","template":"","meta":[],"product_cat":[1600,1713],"product_tag":[],"acf":[],"_links":{"self":[{"href":"https:\/\/www.hginstrument.com\/fr\/wp-json\/wp\/v2\/product\/1842"}],"collection":[{"href":"https:\/\/www.hginstrument.com\/fr\/wp-json\/wp\/v2\/product"}],"about":[{"href":"https:\/\/www.hginstrument.com\/fr\/wp-json\/wp\/v2\/types\/product"}],"replies":[{"embeddable":true,"href":"https:\/\/www.hginstrument.com\/fr\/wp-json\/wp\/v2\/comments?post=1842"}],"wp:featuredmedia":[{"embeddable":true,"href":"https:\/\/www.hginstrument.com\/fr\/wp-json\/wp\/v2\/media\/1833"}],"wp:attachment":[{"href":"https:\/\/www.hginstrument.com\/fr\/wp-json\/wp\/v2\/media?parent=1842"}],"wp:term":[{"taxonomy":"product_cat","embeddable":true,"href":"https:\/\/www.hginstrument.com\/fr\/wp-json\/wp\/v2\/product_cat?post=1842"},{"taxonomy":"product_tag","embeddable":true,"href":"https:\/\/www.hginstrument.com\/fr\/wp-json\/wp\/v2\/product_tag?post=1842"}],"curies":[{"name":"wp","href":"https:\/\/api.w.org\/{rel}","templated":true}]}}