{"id":1862,"date":"2021-08-25T14:37:13","date_gmt":"2021-08-25T06:37:13","guid":{"rendered":"http:\/\/201230ip92c2.adwebcloud.com\/?post_type=product&#038;p=1862"},"modified":"2021-10-12T14:26:08","modified_gmt":"2021-10-12T06:26:08","slug":"hg12d-a-conductivity-electrode","status":"publish","type":"product","link":"https:\/\/www.hginstrument.com\/fr\/analysis-instrument\/hg12d-a-conductivity-electrode\/","title":{"rendered":"HG12D-A Electrode de conductivit\u00e9"},"content":{"rendered":"<p><strong>Donn\u00e9es techniques :<\/strong><\/p>\n<table width=\"691\">\n<tbody>\n<tr>\n<td style=\"background-color: #d8d8d8; vertical-align: middle;\" width=\"277\">Principe de mesure<\/td>\n<td width=\"414\">Type d'\u00e9lectrode<\/td>\n<\/tr>\n<tr>\n<td style=\"background-color: #d8d8d8; vertical-align: middle;\">Mat\u00e9riau de l'\u00e9lectrode<\/td>\n<td>SS316L (alliage de titane ou autre mat\u00e9riau disponible sur demande)<\/td>\n<\/tr>\n<tr>\n<td style=\"background-color: #d8d8d8; vertical-align: middle;\">Plage de mesure<\/td>\n<td width=\"414\">K=0,01 0,01 - 20 ~ 50 \u03bcS\/cm<br \/>\nK=0,1 0,1 - 200 ~ 500 \u03bcS\/cm<\/td>\n<\/tr>\n<tr>\n<td style=\"background-color: #d8d8d8; vertical-align: middle;\">Temp\u00e9rature de fonctionnement<\/td>\n<td>70\u2103, 120\u2103, 150\u2103<\/td>\n<\/tr>\n<tr>\n<td style=\"background-color: #d8d8d8; vertical-align: middle;\">Pression de fonctionnement<\/td>\n<td>1,0 Mpa, 2,5 Mpa<\/td>\n<\/tr>\n<tr>\n<td style=\"background-color: #d8d8d8; vertical-align: middle;\">Option de compensation de la temp\u00e9rature<\/td>\n<td>NTC2.252K, Pt100, Pt1000<\/td>\n<\/tr>\n<\/tbody>\n<\/table>\n<p>&nbsp;<\/p>\n<p><strong>Aspect et dimensions :\u00a0<\/strong><\/p>\n<table width=\"729\">\n<tbody>\n<tr style=\"background-color: #d8d8d8;\">\n<td style=\"text-align: center;\" width=\"218\"><strong>Type de connexion<\/strong><\/td>\n<td style=\"text-align: center;\" width=\"254\"><strong>Photo<\/strong><\/td>\n<td style=\"text-align: center;\" width=\"257\"><strong>Dimension<\/strong><\/td>\n<\/tr>\n<tr>\n<td style=\"text-align: center; vertical-align: middle;\">Filetage 3\/4 NPT<\/td>\n<td><img class=\"wp-image-1852 aligncenter\" src=\"http:\/\/www.hginstrument.com\/wp-content\/uploads\/2021\/08\/hg12d-a-02.jpg\" alt=\"hg12d a 02\" width=\"106\" height=\"354\" srcset=\"https:\/\/www.hginstrument.com\/wp-content\/uploads\/2021\/08\/hg12d-a-02.jpg 139w, https:\/\/www.hginstrument.com\/wp-content\/uploads\/2021\/08\/hg12d-a-02-90x300.jpg 90w\" sizes=\"(max-width: 106px) 100vw, 106px\" \/><\/td>\n<td><img class=\"wp-image-1848 size-full aligncenter\" src=\"http:\/\/www.hginstrument.com\/wp-content\/uploads\/2021\/08\/dimension-01-1.jpg\" alt=\"dimension 01 1\" width=\"404\" height=\"381\" srcset=\"https:\/\/www.hginstrument.com\/wp-content\/uploads\/2021\/08\/dimension-01-1.jpg 404w, https:\/\/www.hginstrument.com\/wp-content\/uploads\/2021\/08\/dimension-01-1-300x283.jpg 300w\" sizes=\"(max-width: 404px) 100vw, 404px\" \/><\/td>\n<\/tr>\n<tr>\n<td style=\"text-align: center; vertical-align: middle;\">Raccordement par encliquetage<\/td>\n<td><img class=\"wp-image-1853 aligncenter\" src=\"http:\/\/www.hginstrument.com\/wp-content\/uploads\/2021\/08\/hg12d-a-03.jpg\" alt=\"hg12d a 03\" width=\"92\" height=\"352\" \/><\/td>\n<td><img class=\"wp-image-1849 size-full aligncenter\" src=\"http:\/\/www.hginstrument.com\/wp-content\/uploads\/2021\/08\/dimension-02-1.jpg\" alt=\"dimension 02 1\" width=\"397\" height=\"417\" srcset=\"https:\/\/www.hginstrument.com\/wp-content\/uploads\/2021\/08\/dimension-02-1.jpg 397w, https:\/\/www.hginstrument.com\/wp-content\/uploads\/2021\/08\/dimension-02-1-286x300.jpg 286w\" sizes=\"(max-width: 397px) 100vw, 397px\" \/><\/td>\n<\/tr>\n<tr>\n<td style=\"text-align: center; vertical-align: middle;\">Connexion \u00e0 trois pinces<\/td>\n<td><img class=\"wp-image-1854 aligncenter\" src=\"http:\/\/www.hginstrument.com\/wp-content\/uploads\/2021\/08\/hg12d-a-04.jpg\" alt=\"hg12d a 04\" width=\"98\" height=\"302\" \/><\/td>\n<td><img class=\"wp-image-1850 size-full aligncenter\" src=\"http:\/\/www.hginstrument.com\/wp-content\/uploads\/2021\/08\/dimension-03.jpg\" alt=\"dimension 03\" width=\"368\" height=\"364\" srcset=\"https:\/\/www.hginstrument.com\/wp-content\/uploads\/2021\/08\/dimension-03.jpg 368w, https:\/\/www.hginstrument.com\/wp-content\/uploads\/2021\/08\/dimension-03-300x297.jpg 300w, https:\/\/www.hginstrument.com\/wp-content\/uploads\/2021\/08\/dimension-03-100x100.jpg 100w\" sizes=\"(max-width: 368px) 100vw, 368px\" \/><\/td>\n<\/tr>\n<\/tbody>\n<\/table>\n<p>&nbsp;<\/p>\n<p><strong>C\u00e2blage :<\/strong><\/p>\n<p><img class=\"alignnone wp-image-1856 size-full\" src=\"http:\/\/www.hginstrument.com\/wp-content\/uploads\/2021\/08\/wiring.jpg\" alt=\"c\u00e2blage\" width=\"807\" height=\"180\" srcset=\"https:\/\/www.hginstrument.com\/wp-content\/uploads\/2021\/08\/wiring.jpg 807w, https:\/\/www.hginstrument.com\/wp-content\/uploads\/2021\/08\/wiring-300x67.jpg 300w, https:\/\/www.hginstrument.com\/wp-content\/uploads\/2021\/08\/wiring-768x171.jpg 768w, https:\/\/www.hginstrument.com\/wp-content\/uploads\/2021\/08\/wiring-600x134.jpg 600w\" sizes=\"(max-width: 807px) 100vw, 807px\" \/><\/p>\n<p>&nbsp;<\/p>\n<p><strong>Sch\u00e9ma d'installation :<\/strong><\/p>\n<p><img class=\"alignnone wp-image-1855 size-full\" src=\"http:\/\/www.hginstrument.com\/wp-content\/uploads\/2021\/08\/installation-diagram.jpg\" alt=\"sch\u00e9ma d&#039;installation\" width=\"896\" height=\"433\" srcset=\"https:\/\/www.hginstrument.com\/wp-content\/uploads\/2021\/08\/installation-diagram.jpg 896w, https:\/\/www.hginstrument.com\/wp-content\/uploads\/2021\/08\/installation-diagram-300x145.jpg 300w, https:\/\/www.hginstrument.com\/wp-content\/uploads\/2021\/08\/installation-diagram-768x371.jpg 768w, https:\/\/www.hginstrument.com\/wp-content\/uploads\/2021\/08\/installation-diagram-600x290.jpg 600w\" sizes=\"(max-width: 896px) 100vw, 896px\" \/><\/p>\n<p>&nbsp;<\/p>\n<p>&nbsp;<\/p>\n<p>&nbsp;<\/p>\n<p>&nbsp;<\/p>\n<p>&nbsp;<\/p>","protected":false},"excerpt":{"rendered":"<p>L'\u00e9lectrode de conductivit\u00e9 de la s\u00e9rie HG12D-A est utilis\u00e9e avec le conductim\u00e8tre pour mesurer en continu la conductivit\u00e9 du liquide.<br \/>\nPrincipe de mesure : type d'\u00e9lectrode<\/p>","protected":false},"featured_media":1851,"comment_status":"closed","ping_status":"closed","template":"","meta":[],"product_cat":[1600,1753],"product_tag":[],"acf":[],"_links":{"self":[{"href":"https:\/\/www.hginstrument.com\/fr\/wp-json\/wp\/v2\/product\/1862"}],"collection":[{"href":"https:\/\/www.hginstrument.com\/fr\/wp-json\/wp\/v2\/product"}],"about":[{"href":"https:\/\/www.hginstrument.com\/fr\/wp-json\/wp\/v2\/types\/product"}],"replies":[{"embeddable":true,"href":"https:\/\/www.hginstrument.com\/fr\/wp-json\/wp\/v2\/comments?post=1862"}],"wp:featuredmedia":[{"embeddable":true,"href":"https:\/\/www.hginstrument.com\/fr\/wp-json\/wp\/v2\/media\/1851"}],"wp:attachment":[{"href":"https:\/\/www.hginstrument.com\/fr\/wp-json\/wp\/v2\/media?parent=1862"}],"wp:term":[{"taxonomy":"product_cat","embeddable":true,"href":"https:\/\/www.hginstrument.com\/fr\/wp-json\/wp\/v2\/product_cat?post=1862"},{"taxonomy":"product_tag","embeddable":true,"href":"https:\/\/www.hginstrument.com\/fr\/wp-json\/wp\/v2\/product_tag?post=1862"}],"curies":[{"name":"wp","href":"https:\/\/api.w.org\/{rel}","templated":true}]}}