{"id":1872,"date":"2021-08-25T16:22:08","date_gmt":"2021-08-25T08:22:08","guid":{"rendered":"http:\/\/201230ip92c2.adwebcloud.com\/?post_type=product&#038;p=1872"},"modified":"2021-10-12T14:26:44","modified_gmt":"2021-10-12T06:26:44","slug":"hg12d-b-conductivity-electrode","status":"publish","type":"product","link":"https:\/\/www.hginstrument.com\/fr\/analysis-instrument\/hg12d-b-conductivity-electrode\/","title":{"rendered":"HG12D-B Electrode de conductivit\u00e9"},"content":{"rendered":"<p><strong>Donn\u00e9es techniques :<\/strong><\/p>\n<table width=\"691\">\n<tbody>\n<tr>\n<td style=\"background-color: #d8d8d8; vertical-align: middle;\" width=\"277\">Principe de mesure<\/td>\n<td width=\"414\">Type d'\u00e9lectrode<\/td>\n<\/tr>\n<tr>\n<td style=\"background-color: #d8d8d8; vertical-align: middle;\">Mat\u00e9riau<\/td>\n<td width=\"414\">Mat\u00e9riau de l'\u00e9lectrode :  Placage de platine noir<br \/>\nMat\u00e9riau de la tige de l'\u00e9lectrode :  Verre organique<br \/>\nOption de mat\u00e9riau de la coque :  ABS, POM, SS316L<\/td>\n<\/tr>\n<tr>\n<td style=\"background-color: #d8d8d8; vertical-align: middle;\">Plage de mesure<\/td>\n<td width=\"414\">K=1 0,1 - 2000 \u03bcS\/cm ~ 5000 \u03bcS\/cm<br \/>\nK=10 1 - 20 mS\/cm ~ 200 mS\/cm<\/td>\n<\/tr>\n<tr>\n<td style=\"background-color: #d8d8d8; vertical-align: middle;\">Temp\u00e9rature de fonctionnement<\/td>\n<td>70\u2103, 120\u2103, 150\u2103<\/td>\n<\/tr>\n<tr>\n<td style=\"background-color: #d8d8d8; vertical-align: middle;\">Pression de fonctionnement<\/td>\n<td>1,0 Mpa, 2,5 Mpa<\/td>\n<\/tr>\n<tr>\n<td style=\"background-color: #d8d8d8; vertical-align: middle;\">Option de compensation de la temp\u00e9rature<\/td>\n<td>NTC2.252K, Pt100, Pt1000<\/td>\n<\/tr>\n<\/tbody>\n<\/table>\n<p>&nbsp;<\/p>\n<p><strong>Aspect et dimensions :\u00a0<\/strong><\/p>\n<table width=\"729\">\n<tbody>\n<tr style=\"background-color: #d8d8d8;\">\n<td style=\"text-align: center;\" width=\"218\"><strong>Type<\/strong><\/td>\n<td style=\"text-align: center;\" width=\"254\"><strong>Photo<\/strong><\/td>\n<td style=\"text-align: center;\" width=\"257\"><strong>Dimension<\/strong><\/td>\n<\/tr>\n<tr>\n<td style=\"text-align: center; vertical-align: middle;\">Barre de verre<\/td>\n<td><img class=\"wp-image-1869 aligncenter\" src=\"http:\/\/www.hginstrument.com\/wp-content\/uploads\/2021\/08\/hg12d-b-02.jpg\" alt=\"hg12d b 02\" width=\"95\" height=\"463\" \/><\/td>\n<td><img class=\"wp-image-1865 size-full aligncenter\" src=\"http:\/\/www.hginstrument.com\/wp-content\/uploads\/2021\/08\/dimension-01-2.jpg\" alt=\"dimension 01 2\" width=\"253\" height=\"429\" srcset=\"https:\/\/www.hginstrument.com\/wp-content\/uploads\/2021\/08\/dimension-01-2.jpg 253w, https:\/\/www.hginstrument.com\/wp-content\/uploads\/2021\/08\/dimension-01-2-177x300.jpg 177w\" sizes=\"(max-width: 253px) 100vw, 253px\" \/><\/td>\n<\/tr>\n<tr>\n<td style=\"text-align: center; vertical-align: middle;\">Raccordement par encliquetage<\/td>\n<td><img class=\"wp-image-1870 aligncenter\" src=\"http:\/\/www.hginstrument.com\/wp-content\/uploads\/2021\/08\/hg12d-b-03.jpg\" alt=\"hg12d b 03\" width=\"98\" height=\"435\" \/><\/td>\n<td><img class=\"wp-image-1866 size-full aligncenter\" src=\"http:\/\/www.hginstrument.com\/wp-content\/uploads\/2021\/08\/dimension-02-2.jpg\" alt=\"dimension 02 2\" width=\"186\" height=\"443\" srcset=\"https:\/\/www.hginstrument.com\/wp-content\/uploads\/2021\/08\/dimension-02-2.jpg 186w, https:\/\/www.hginstrument.com\/wp-content\/uploads\/2021\/08\/dimension-02-2-126x300.jpg 126w\" sizes=\"(max-width: 186px) 100vw, 186px\" \/><\/td>\n<\/tr>\n<tr>\n<td style=\"text-align: center; vertical-align: middle;\">Filetage 3\/4 NPT<\/td>\n<td><img class=\"wp-image-1871 aligncenter\" src=\"http:\/\/www.hginstrument.com\/wp-content\/uploads\/2021\/08\/hg12d-b-04.jpg\" alt=\"hg12d b 04\" width=\"104\" height=\"440\" srcset=\"https:\/\/www.hginstrument.com\/wp-content\/uploads\/2021\/08\/hg12d-b-04.jpg 122w, https:\/\/www.hginstrument.com\/wp-content\/uploads\/2021\/08\/hg12d-b-04-71x300.jpg 71w\" sizes=\"(max-width: 104px) 100vw, 104px\" \/><\/td>\n<td><img class=\"wp-image-1867 size-full aligncenter\" src=\"http:\/\/www.hginstrument.com\/wp-content\/uploads\/2021\/08\/dimension-03-1.jpg\" alt=\"dimension 03 1\" width=\"192\" height=\"420\" srcset=\"https:\/\/www.hginstrument.com\/wp-content\/uploads\/2021\/08\/dimension-03-1.jpg 192w, https:\/\/www.hginstrument.com\/wp-content\/uploads\/2021\/08\/dimension-03-1-137x300.jpg 137w\" sizes=\"(max-width: 192px) 100vw, 192px\" \/><\/td>\n<\/tr>\n<\/tbody>\n<\/table>\n<p>&nbsp;<\/p>\n<p><strong>C\u00e2blage :<\/strong><\/p>\n<p><img class=\"alignnone wp-image-1856 size-full\" src=\"http:\/\/www.hginstrument.com\/wp-content\/uploads\/2021\/08\/wiring.jpg\" alt=\"c\u00e2blage\" width=\"807\" height=\"180\" srcset=\"https:\/\/www.hginstrument.com\/wp-content\/uploads\/2021\/08\/wiring.jpg 807w, https:\/\/www.hginstrument.com\/wp-content\/uploads\/2021\/08\/wiring-300x67.jpg 300w, https:\/\/www.hginstrument.com\/wp-content\/uploads\/2021\/08\/wiring-768x171.jpg 768w, https:\/\/www.hginstrument.com\/wp-content\/uploads\/2021\/08\/wiring-600x134.jpg 600w\" sizes=\"(max-width: 807px) 100vw, 807px\" \/><\/p>\n<p>&nbsp;<\/p>\n<p><strong>Sch\u00e9ma d'installation :<\/strong><\/p>\n<p><img class=\"alignnone wp-image-1874 size-full\" src=\"http:\/\/www.hginstrument.com\/wp-content\/uploads\/2021\/08\/installation-diagram-1.jpg\" alt=\"sch\u00e9ma d&#039;installation 1\" width=\"899\" height=\"442\" srcset=\"https:\/\/www.hginstrument.com\/wp-content\/uploads\/2021\/08\/installation-diagram-1.jpg 899w, https:\/\/www.hginstrument.com\/wp-content\/uploads\/2021\/08\/installation-diagram-1-300x147.jpg 300w, https:\/\/www.hginstrument.com\/wp-content\/uploads\/2021\/08\/installation-diagram-1-768x378.jpg 768w, https:\/\/www.hginstrument.com\/wp-content\/uploads\/2021\/08\/installation-diagram-1-600x295.jpg 600w\" sizes=\"(max-width: 899px) 100vw, 899px\" \/><\/p>\n<p>&nbsp;<\/p>\n<p>&nbsp;<\/p>","protected":false},"excerpt":{"rendered":"<p>L'\u00e9lectrode de conductivit\u00e9 HG12D-B est utilis\u00e9e avec le conductim\u00e8tre pour mesurer en continu la conductivit\u00e9 du liquide.<br \/>\nPrincipe de mesure : type d'\u00e9lectrode<\/p>","protected":false},"featured_media":1868,"comment_status":"closed","ping_status":"closed","template":"","meta":[],"product_cat":[1600,1754],"product_tag":[],"acf":[],"_links":{"self":[{"href":"https:\/\/www.hginstrument.com\/fr\/wp-json\/wp\/v2\/product\/1872"}],"collection":[{"href":"https:\/\/www.hginstrument.com\/fr\/wp-json\/wp\/v2\/product"}],"about":[{"href":"https:\/\/www.hginstrument.com\/fr\/wp-json\/wp\/v2\/types\/product"}],"replies":[{"embeddable":true,"href":"https:\/\/www.hginstrument.com\/fr\/wp-json\/wp\/v2\/comments?post=1872"}],"wp:featuredmedia":[{"embeddable":true,"href":"https:\/\/www.hginstrument.com\/fr\/wp-json\/wp\/v2\/media\/1868"}],"wp:attachment":[{"href":"https:\/\/www.hginstrument.com\/fr\/wp-json\/wp\/v2\/media?parent=1872"}],"wp:term":[{"taxonomy":"product_cat","embeddable":true,"href":"https:\/\/www.hginstrument.com\/fr\/wp-json\/wp\/v2\/product_cat?post=1872"},{"taxonomy":"product_tag","embeddable":true,"href":"https:\/\/www.hginstrument.com\/fr\/wp-json\/wp\/v2\/product_tag?post=1872"}],"curies":[{"name":"wp","href":"https:\/\/api.w.org\/{rel}","templated":true}]}}