{"id":1935,"date":"2021-09-01T14:44:54","date_gmt":"2021-09-01T06:44:54","guid":{"rendered":"http:\/\/201230ip92c2.adwebcloud.com\/?post_type=product&#038;p=1935"},"modified":"2021-10-12T14:37:24","modified_gmt":"2021-10-12T06:37:24","slug":"hgs-d1-sampling-mounting-bracket-for-electrode","status":"publish","type":"product","link":"https:\/\/www.hginstrument.com\/fr\/installation-fittings-for-ph-sensor-conductivity-sensor\/hgs-d1-sampling-mounting-bracket-for-electrode\/","title":{"rendered":"HGS-D1 Support de montage d'\u00e9chantillonnage pour \u00e9lectrode"},"content":{"rendered":"<p><strong>Dimesion :<\/strong><\/p>\n<p><img class=\"alignnone wp-image-1926 size-full\" src=\"http:\/\/www.hginstrument.com\/wp-content\/uploads\/2021\/09\/hgs-d1-dimension.jpg\" alt=\"hgs d1 dimension\" width=\"778\" height=\"295\" srcset=\"https:\/\/www.hginstrument.com\/wp-content\/uploads\/2021\/09\/hgs-d1-dimension.jpg 778w, https:\/\/www.hginstrument.com\/wp-content\/uploads\/2021\/09\/hgs-d1-dimension-300x114.jpg 300w, https:\/\/www.hginstrument.com\/wp-content\/uploads\/2021\/09\/hgs-d1-dimension-768x291.jpg 768w, https:\/\/www.hginstrument.com\/wp-content\/uploads\/2021\/09\/hgs-d1-dimension-600x228.jpg 600w\" sizes=\"(max-width: 778px) 100vw, 778px\" \/><\/p>\n<p>&nbsp;<\/p>\n<p>&nbsp;<\/p>","protected":false},"excerpt":{"rendered":"<p>Le support de montage de type \u00e9chantillonneur HGS-D1 peut \u00eatre install\u00e9 sur des canalisations de petite taille. Il permet de laver et d'\u00e9talonner l'\u00e9lectrode sans la d\u00e9monter, la structure du siphon dans le support garantissant que l'\u00e9lectrode entre en contact avec le liquide et reste humide.<\/p>","protected":false},"featured_media":1924,"comment_status":"closed","ping_status":"closed","template":"","meta":[],"product_cat":[1756,1799],"product_tag":[],"acf":[],"_links":{"self":[{"href":"https:\/\/www.hginstrument.com\/fr\/wp-json\/wp\/v2\/product\/1935"}],"collection":[{"href":"https:\/\/www.hginstrument.com\/fr\/wp-json\/wp\/v2\/product"}],"about":[{"href":"https:\/\/www.hginstrument.com\/fr\/wp-json\/wp\/v2\/types\/product"}],"replies":[{"embeddable":true,"href":"https:\/\/www.hginstrument.com\/fr\/wp-json\/wp\/v2\/comments?post=1935"}],"wp:featuredmedia":[{"embeddable":true,"href":"https:\/\/www.hginstrument.com\/fr\/wp-json\/wp\/v2\/media\/1924"}],"wp:attachment":[{"href":"https:\/\/www.hginstrument.com\/fr\/wp-json\/wp\/v2\/media?parent=1935"}],"wp:term":[{"taxonomy":"product_cat","embeddable":true,"href":"https:\/\/www.hginstrument.com\/fr\/wp-json\/wp\/v2\/product_cat?post=1935"},{"taxonomy":"product_tag","embeddable":true,"href":"https:\/\/www.hginstrument.com\/fr\/wp-json\/wp\/v2\/product_tag?post=1935"}],"curies":[{"name":"wp","href":"https:\/\/api.w.org\/{rel}","templated":true}]}}