{"id":2024,"date":"2021-09-06T17:11:27","date_gmt":"2021-09-06T09:11:27","guid":{"rendered":"http:\/\/201230ip92c2.adwebcloud.com\/?post_type=product&#038;p=2024"},"modified":"2021-10-12T14:46:36","modified_gmt":"2021-10-12T06:46:36","slug":"hghpc-21h-pressure-calibrator-with-handheld-hydraulic-pump","status":"publish","type":"product","link":"https:\/\/www.hginstrument.com\/fr\/calibration-instrument\/hghpc-21h-pressure-calibrator-with-handheld-hydraulic-pump\/","title":{"rendered":"HGHPC-21H Calibrateur de pression avec pompe hydraulique portative"},"content":{"rendered":"<p><strong>Param\u00e8tres techniques :<\/strong><\/p>\n<p>\u25cf Fluide : Huile sp\u00e9ciale ou eau pure pour l'\u00e9talonnage.<br \/>\n\u25cf Temp\u00e9rature : -5 ~ 45 \u2103<br \/>\n\u25cf Dimension : 160\u00d775\u00d7260 mm<br \/>\n\u25cf Poids : 1,18 kg<br \/>\n\u25cf Gamme : 0 ~ 70 MPa<\/p>\n<p>&nbsp;<\/p>\n<p><strong>Introduction de la structure :<\/strong><\/p>\n<p><img class=\"alignnone wp-image-2017 size-full\" src=\"http:\/\/www.hginstrument.com\/wp-content\/uploads\/2021\/09\/hghpc-21h-04.jpg\" alt=\"hghpc 21h 04\" width=\"737\" height=\"422\" srcset=\"https:\/\/www.hginstrument.com\/wp-content\/uploads\/2021\/09\/hghpc-21h-04.jpg 737w, https:\/\/www.hginstrument.com\/wp-content\/uploads\/2021\/09\/hghpc-21h-04-300x172.jpg 300w, https:\/\/www.hginstrument.com\/wp-content\/uploads\/2021\/09\/hghpc-21h-04-600x344.jpg 600w\" sizes=\"(max-width: 737px) 100vw, 737px\" \/><\/p>\n<p>&nbsp;<\/p>\n<table>\n<tbody>\n<tr style=\"background-color: #d8d8d8;\">\n<td width=\"64\">Objet<\/td>\n<td width=\"180\">Nom<\/td>\n<td width=\"413\">Fonction<\/td>\n<\/tr>\n<tr>\n<td width=\"64\">1<\/td>\n<td width=\"180\">Interface pour le compteur principal<\/td>\n<td width=\"413\">Pour le raccordement d'un instrument de pression principal (filetage M20 x 1,5)<\/td>\n<\/tr>\n<tr>\n<td width=\"64\">2<\/td>\n<td width=\"180\">Interface de sortie de pression<\/td>\n<td width=\"413\">Pour le raccordement d'une extr\u00e9mit\u00e9 de la prise de pression (filetage M14 x 1,5)<\/td>\n<\/tr>\n<tr>\n<td width=\"64\">3<\/td>\n<td width=\"180\">Prise de pression<\/td>\n<td width=\"413\">Pour le raccordement \u00e0 l'instrument de pression \u00e9talonn\u00e9<\/td>\n<\/tr>\n<tr>\n<td style=\"vertical-align: middle;\" width=\"64\">4<\/td>\n<td style=\"vertical-align: middle;\" width=\"180\">Interface d'essai de pression<\/td>\n<td width=\"413\">Pour le raccordement de l'instrument de pression calibr\u00e9 (M20 x 1,5)<\/td>\n<\/tr>\n<tr>\n<td width=\"64\">5<\/td>\n<td width=\"180\">\u00c9chappement (orifice de remplissage du liquide)<\/td>\n<td width=\"413\">D\u00e9visser le goujon pour injecter le liquide, d\u00e9charger la pression de la chambre de stockage du liquide,<\/td>\n<\/tr>\n<tr>\n<td width=\"64\">6<\/td>\n<td width=\"180\">Bouton de r\u00e9glage fin<\/td>\n<td width=\"413\">R\u00e9gler exactement la pression souhait\u00e9e (course maximale de 20 mm)<\/td>\n<\/tr>\n<tr>\n<td style=\"vertical-align: middle;\" width=\"64\">7<\/td>\n<td style=\"vertical-align: middle;\" width=\"180\">Bouton du limiteur de pression<\/td>\n<td width=\"413\">Le desserrer permet de rel\u00e2cher la pression dans la pompe.<br \/>\nIl faut le resserrer avant de produire de la pression.<\/td>\n<\/tr>\n<tr>\n<td width=\"64\">8<\/td>\n<td width=\"180\">Goupille de fin de course de la poign\u00e9e<\/td>\n<td width=\"413\">Limiter la taille de l'ouverture entre les deux poign\u00e9es (\u00e0 haute pression, il est facile de pressuriser avec une petite course).<\/td>\n<\/tr>\n<tr>\n<td width=\"64\">9<\/td>\n<td width=\"180\">Poign\u00e9e de la pompe \u00e0 pression<\/td>\n<td width=\"413\">Saisir les deux poign\u00e9es pour les presser vers l'int\u00e9rieur et produire une pression.<\/td>\n<\/tr>\n<tr>\n<td width=\"64\">10<\/td>\n<td width=\"180\">R\u00e9servoir<\/td>\n<td width=\"413\">Stockage du fluide de mesure de la pression<\/td>\n<\/tr>\n<\/tbody>\n<\/table>\n<p>&nbsp;<\/p>\n<p>&nbsp;<\/p>\n<p>&nbsp;<\/p>","protected":false},"excerpt":{"rendered":"<p>Le calibrateur de pression HGHPC-21H avec pompe pneumatique portative est associ\u00e9 \u00e0 un instrument de pression standard pour \u00e9talonner les transmetteurs de pression et les manom\u00e8tres.<\/p>","protected":false},"featured_media":2014,"comment_status":"closed","ping_status":"closed","template":"","meta":[],"product_cat":[1806,1893],"product_tag":[],"acf":[],"_links":{"self":[{"href":"https:\/\/www.hginstrument.com\/fr\/wp-json\/wp\/v2\/product\/2024"}],"collection":[{"href":"https:\/\/www.hginstrument.com\/fr\/wp-json\/wp\/v2\/product"}],"about":[{"href":"https:\/\/www.hginstrument.com\/fr\/wp-json\/wp\/v2\/types\/product"}],"replies":[{"embeddable":true,"href":"https:\/\/www.hginstrument.com\/fr\/wp-json\/wp\/v2\/comments?post=2024"}],"wp:featuredmedia":[{"embeddable":true,"href":"https:\/\/www.hginstrument.com\/fr\/wp-json\/wp\/v2\/media\/2014"}],"wp:attachment":[{"href":"https:\/\/www.hginstrument.com\/fr\/wp-json\/wp\/v2\/media?parent=2024"}],"wp:term":[{"taxonomy":"product_cat","embeddable":true,"href":"https:\/\/www.hginstrument.com\/fr\/wp-json\/wp\/v2\/product_cat?post=2024"},{"taxonomy":"product_tag","embeddable":true,"href":"https:\/\/www.hginstrument.com\/fr\/wp-json\/wp\/v2\/product_tag?post=2024"}],"curies":[{"name":"wp","href":"https:\/\/api.w.org\/{rel}","templated":true}]}}