{"id":2943,"date":"2021-10-29T17:29:09","date_gmt":"2021-10-29T09:29:09","guid":{"rendered":"https:\/\/www.hginstrument.com\/?post_type=product&#038;p=2943"},"modified":"2021-10-29T17:44:55","modified_gmt":"2021-10-29T09:44:55","slug":"explosion-proof-electric-contact-temperature-gauge","status":"publish","type":"product","link":"https:\/\/www.hginstrument.com\/fr\/temperature-instrument\/explosion-proof-electric-contact-temperature-gauge\/","title":{"rendered":"Jauge de temp\u00e9rature \u00e0 contact \u00e9lectrique antid\u00e9flagrant"},"content":{"rendered":"<p><strong>Principe\uff1a<\/strong><br \/>\nLorsque l'aiguille de lecture de la temp\u00e9rature atteint la limite de r\u00e9glage, elle d\u00e9clenche l'action du contact \u00e9lectrique pour ouvrir ou fermer le circuit afin de contr\u00f4ler l'arr\u00eat ou le fonctionnement des autres \u00e9quipements.<\/p>\n<p>&nbsp;<\/p>\n<p><strong>Param\u00e8tre \u00e9lectrique et type de contr\u00f4le :<\/strong><\/p>\n<table>\n<tbody>\n<tr style=\"background-color: #d8d8d8;\">\n<td>Taux de contact<\/td>\n<td>Alimentation \u00e9lectrique<\/td>\n<td width=\"102\">Capacit\u00e9 de travail maximale<br \/>\nactuel<\/td>\n<td width=\"301\">Type de contr\u00f4le<\/td>\n<\/tr>\n<tr>\n<td>30VA<\/td>\n<td>DC : 24V<br \/>\nAC : 220V ou 380V<\/td>\n<td width=\"102\">1A<\/td>\n<td width=\"301\">Limite inf\u00e9rieure et limite sup\u00e9rieure<br \/>\nDouble limite inf\u00e9rieure et double limite sup\u00e9rieure<\/td>\n<\/tr>\n<tr>\n<td colspan=\"4\" width=\"621\"><strong>Remarque :<\/strong><br \/>\n1.    Lorsque le courant de travail est de 1 A, la tension de travail doit \u00eatre inf\u00e9rieure \u00e0 40V.<br \/>\n2.    Veuillez confirmer l'alimentation \u00e9lectrique (CC ou CA) et le type de contr\u00f4le (limite inf\u00e9rieure \/ limite sup\u00e9rieure ou double limite inf\u00e9rieure \/ double limite sup\u00e9rieure).<br \/>\n3.    Le contact \u00e9lectrique est normalement ouvert, lorsque la temp\u00e9rature atteint la temp\u00e9rature limite de r\u00e9glage, le contact \u00e9lectrique se ferme.<br \/>\n4.    Si l'alimentation indiqu\u00e9e sur le cadran de la jauge est 380VAC, l'utilisateur peut utiliser 220VAC ou 380VAC.<\/td>\n<\/tr>\n<\/tbody>\n<\/table>\n<p>&nbsp;<\/p>\n<p><strong>Structure :<\/strong><\/p>\n<p>Desserrez et retirez l'\u00e9crou du bouton de r\u00e9glage, vous verrez ce qui suit :<\/p>\n<p><img class=\"alignnone wp-image-2941 size-full\" src=\"http:\/\/www.hginstrument.com\/wp-content\/uploads\/2021\/10\/ex-e-tg-04.jpg\" alt=\"ex e tg 04\" width=\"567\" height=\"340\" srcset=\"https:\/\/www.hginstrument.com\/wp-content\/uploads\/2021\/10\/ex-e-tg-04.jpg 567w, https:\/\/www.hginstrument.com\/wp-content\/uploads\/2021\/10\/ex-e-tg-04-300x180.jpg 300w\" sizes=\"(max-width: 567px) 100vw, 567px\" \/><\/p>\n<p>&nbsp;<\/p>\n<p><strong>C\u00e2blage :<\/strong><\/p>\n<p><img class=\"alignnone wp-image-2942 size-full\" src=\"http:\/\/www.hginstrument.com\/wp-content\/uploads\/2021\/10\/ex-e-tg-05.jpg\" alt=\"ex e tg 05\" width=\"539\" height=\"255\" srcset=\"https:\/\/www.hginstrument.com\/wp-content\/uploads\/2021\/10\/ex-e-tg-05.jpg 539w, https:\/\/www.hginstrument.com\/wp-content\/uploads\/2021\/10\/ex-e-tg-05-300x142.jpg 300w\" sizes=\"(max-width: 539px) 100vw, 539px\" \/><\/p>\n<p>&nbsp;<\/p>\n<p>&nbsp;<\/p>\n<p>&nbsp;<\/p>\n<p>&nbsp;<\/p>","protected":false},"excerpt":{"rendered":"<p>Le thermom\u00e8tre \u00e0 contact \u00e9lectrique est largement utilis\u00e9 dans les secteurs du p\u00e9trole, de la chimie, de la m\u00e9tallurgie, des centrales \u00e9lectriques et dans d'autres d\u00e9partements industriels ou dans les \u00e9quipements m\u00e9caniques et \u00e9lectriques de service pour mesurer la temp\u00e9rature de divers milieux. En g\u00e9n\u00e9ral, le thermom\u00e8tre \u00e0 contact \u00e9lectrique est connect\u00e9 \u00e0 certains dispositifs \u00e9lectriques tels que le relais, le contacteur CA, etc. pour mettre en \u0153uvre le contr\u00f4le automatique et l'alarme.<\/p>","protected":false},"featured_media":2938,"comment_status":"closed","ping_status":"closed","template":"","meta":[],"product_cat":[1540,2342],"product_tag":[],"acf":[],"_links":{"self":[{"href":"https:\/\/www.hginstrument.com\/fr\/wp-json\/wp\/v2\/product\/2943"}],"collection":[{"href":"https:\/\/www.hginstrument.com\/fr\/wp-json\/wp\/v2\/product"}],"about":[{"href":"https:\/\/www.hginstrument.com\/fr\/wp-json\/wp\/v2\/types\/product"}],"replies":[{"embeddable":true,"href":"https:\/\/www.hginstrument.com\/fr\/wp-json\/wp\/v2\/comments?post=2943"}],"wp:featuredmedia":[{"embeddable":true,"href":"https:\/\/www.hginstrument.com\/fr\/wp-json\/wp\/v2\/media\/2938"}],"wp:attachment":[{"href":"https:\/\/www.hginstrument.com\/fr\/wp-json\/wp\/v2\/media?parent=2943"}],"wp:term":[{"taxonomy":"product_cat","embeddable":true,"href":"https:\/\/www.hginstrument.com\/fr\/wp-json\/wp\/v2\/product_cat?post=2943"},{"taxonomy":"product_tag","embeddable":true,"href":"https:\/\/www.hginstrument.com\/fr\/wp-json\/wp\/v2\/product_tag?post=2943"}],"curies":[{"name":"wp","href":"https:\/\/api.w.org\/{rel}","templated":true}]}}