{"id":2951,"date":"2021-11-03T14:49:20","date_gmt":"2021-11-03T06:49:20","guid":{"rendered":"https:\/\/www.hginstrument.com\/?post_type=product&#038;p=2951"},"modified":"2021-11-03T14:49:21","modified_gmt":"2021-11-03T06:49:21","slug":"electric-contact-differential-pressure-gauge","status":"publish","type":"product","link":"https:\/\/www.hginstrument.com\/fr\/differential-pressure-gauge\/electric-contact-differential-pressure-gauge\/","title":{"rendered":"Manom\u00e8tre diff\u00e9rentiel \u00e0 contact \u00e9lectrique"},"content":{"rendered":"<h5><strong>Principe<\/strong><\/h5>\n<p>Le pressiom\u00e8tre diff\u00e9rentiel \u00e0 contact \u00e9lectrique adopte un tube \u00e0 ressort comme \u00e9l\u00e9ment de d\u00e9tection de la pression. Le m\u00e9canisme de calcul de la pression diff\u00e9rentielle calcule la valeur de la diff\u00e9rence entre les deux pressions, qui est indiqu\u00e9e avec pr\u00e9cision par l'aiguille sur le cadran. Lorsque la valeur indiqu\u00e9e atteint la limite sup\u00e9rieure et la limite inf\u00e9rieure donn\u00e9es, le relais agit pour fermer le circuit externe d'alarme ou d\u00e9clencher d'autres formes de contr\u00f4le automatique.<\/p>\n<p>&nbsp;<\/p>\n<h5><strong>Principales donn\u00e9es techniques<\/strong><\/h5>\n<p>\u25cf Plage de mesure (Mpa) : 0 \uff5e0.25, 0 \uff5e0.4, 0 \uff5e0.6, 0 \uff5e1, 0 \uff5e1.6, 0~2.5, 0~4, 0~6, 0~10, 0~16, 0~25, 0~40, 0~60<br \/>\n\u25cf Temp\u00e9rature ambiante : -20 ~ 50\u2103<br \/>\n\u25cf Humidit\u00e9 relative : 85%<br \/>\n\u25cf Classe de pr\u00e9cision : 2.5% FS<br \/>\n\u25cf Capacit\u00e9 de contact : 10W \/ 0,7A<br \/>\n\u25cf Raccordement au processus : 2 - M20 x 1,5<br \/>\n\u25cf Taille du cadran de la jauge : \u03a6100 mm<br \/>\n\u25cf Pression de surcharge : \u00e9gale \u00e0 la limite sup\u00e9rieure de la gamme<\/p>\n<p>&nbsp;<\/p>\n<h5><strong>Aspect et dimensions<\/strong><\/h5>\n<p><img class=\"alignnone wp-image-2950 size-full\" src=\"http:\/\/www.hginstrument.com\/wp-content\/uploads\/2021\/11\/e-dp-gauge-drawing.jpg\" alt=\"dessin du gabarit e dp\" width=\"683\" height=\"587\" srcset=\"https:\/\/www.hginstrument.com\/wp-content\/uploads\/2021\/11\/e-dp-gauge-drawing.jpg 683w, https:\/\/www.hginstrument.com\/wp-content\/uploads\/2021\/11\/e-dp-gauge-drawing-300x258.jpg 300w, https:\/\/www.hginstrument.com\/wp-content\/uploads\/2021\/11\/e-dp-gauge-drawing-600x516.jpg 600w\" sizes=\"(max-width: 683px) 100vw, 683px\" \/><\/p>\n<p>Unit\u00e9 : mm<\/p>\n<table>\n<tbody>\n<tr style=\"background-color: #d8d8d8;\">\n<td width=\"84\">\n<p style=\"text-align: center;\">Mod\u00e8le<\/p>\n<\/td>\n<td style=\"text-align: center;\" width=\"56\">D<\/td>\n<td style=\"text-align: center;\" width=\"52\">B<\/td>\n<td style=\"text-align: center;\" width=\"53\">B1<\/td>\n<td style=\"text-align: center;\" width=\"54\">B2<\/td>\n<td style=\"text-align: center;\" width=\"54\">H1<\/td>\n<td style=\"text-align: center;\" width=\"53\">H2<\/td>\n<td style=\"text-align: center;\" width=\"56\">d0<\/td>\n<td style=\"text-align: center;\" width=\"64\">d<\/td>\n<td style=\"text-align: center;\" width=\"53\">d1<\/td>\n<td style=\"text-align: center;\" width=\"55\">d2<\/td>\n<td style=\"text-align: center;\" width=\"52\">L<\/td>\n<\/tr>\n<tr>\n<td style=\"text-align: center;\" width=\"84\">MDP-E-100<\/td>\n<td style=\"text-align: center;\" width=\"56\">\u03a6100<\/td>\n<td style=\"text-align: center;\" width=\"52\">80<\/td>\n<td style=\"text-align: center;\" width=\"53\">34<\/td>\n<td style=\"text-align: center;\" width=\"54\">123<\/td>\n<td style=\"text-align: center;\" width=\"54\">106<\/td>\n<td style=\"text-align: center;\" width=\"53\">20<\/td>\n<td style=\"text-align: center;\" width=\"56\">\u03a6134<\/td>\n<td style=\"text-align: center;\" width=\"64\">M20*1.5<\/td>\n<td style=\"text-align: center;\" width=\"53\">\u03a66<\/td>\n<td style=\"text-align: center;\" width=\"55\">\u03a6117<\/td>\n<td width=\"52\">\n<p style=\"text-align: center;\">50<\/p>\n<\/td>\n<\/tr>\n<tr>\n<td colspan=\"12\" width=\"685\"><strong>Remarque : <\/strong>Certaines dimensions pour les personnalis\u00e9es sp\u00e9ciales seront un peu diff\u00e9rentes.<\/td>\n<\/tr>\n<\/tbody>\n<\/table>\n<p>&nbsp;<\/p>\n<p>&nbsp;<\/p>\n<p>&nbsp;<\/p>","protected":false},"excerpt":{"rendered":"<p>Le manom\u00e8tre diff\u00e9rentiel \u00e0 contact \u00e9lectrique est adapt\u00e9 \u00e0 la mesure de la diff\u00e9rence de pression sous la m\u00eame source de pression. Le fluide applicable peut \u00eatre un liquide amorphe, non solidifi\u00e9 ou un gaz.<\/p>","protected":false},"featured_media":2949,"comment_status":"closed","ping_status":"closed","template":"","meta":[],"product_cat":[1506,2343],"product_tag":[],"acf":[],"_links":{"self":[{"href":"https:\/\/www.hginstrument.com\/fr\/wp-json\/wp\/v2\/product\/2951"}],"collection":[{"href":"https:\/\/www.hginstrument.com\/fr\/wp-json\/wp\/v2\/product"}],"about":[{"href":"https:\/\/www.hginstrument.com\/fr\/wp-json\/wp\/v2\/types\/product"}],"replies":[{"embeddable":true,"href":"https:\/\/www.hginstrument.com\/fr\/wp-json\/wp\/v2\/comments?post=2951"}],"wp:featuredmedia":[{"embeddable":true,"href":"https:\/\/www.hginstrument.com\/fr\/wp-json\/wp\/v2\/media\/2949"}],"wp:attachment":[{"href":"https:\/\/www.hginstrument.com\/fr\/wp-json\/wp\/v2\/media?parent=2951"}],"wp:term":[{"taxonomy":"product_cat","embeddable":true,"href":"https:\/\/www.hginstrument.com\/fr\/wp-json\/wp\/v2\/product_cat?post=2951"},{"taxonomy":"product_tag","embeddable":true,"href":"https:\/\/www.hginstrument.com\/fr\/wp-json\/wp\/v2\/product_tag?post=2951"}],"curies":[{"name":"wp","href":"https:\/\/api.w.org\/{rel}","templated":true}]}}