{"id":3224,"date":"2022-07-22T17:28:01","date_gmt":"2022-07-22T09:28:01","guid":{"rendered":"https:\/\/www.hginstrument.com\/?post_type=product&#038;p=3224"},"modified":"2022-08-19T16:02:57","modified_gmt":"2022-08-19T08:02:57","slug":"ultrasonic-non-invasive-level-switch-for-closed-container","status":"publish","type":"product","link":"https:\/\/www.hginstrument.com\/fr\/level-controller\/ultrasonic-non-invasive-level-switch-for-closed-container\/","title":{"rendered":"D\u00e9tecteur de niveau non invasif \u00e0 ultrasons (pour conteneur ferm\u00e9)"},"content":{"rendered":"<p><strong>Principe de fonctionnement<\/strong><\/p>\n<p>The liquid level sensor couples high-frequency ultrasonic pulses to the container wall, the pulses penetrate container wall to propagate in the liquid, and are reflected by the inner surface of the container, detect and calculate the characteristics of the reflected signal, and transmit the measured data to the on-site secondary instrument in real time through the RS485 interface, it can be judged whether the liquid level has reached the position where the level sensor is installed.<\/p>\n<p><strong>Caract\u00e9ristiques du produit<\/strong><\/p>\n<table>\n<tbody>\n<tr style=\"background-color: #d8d8d8;\">\n<td style=\"text-align: center;\" width=\"225\"><strong>Type<\/strong><\/td>\n<td width=\"451\">\n<p style=\"text-align: center;\"><strong>Fonctionnalit\u00e9<\/strong><\/p>\n<\/td>\n<\/tr>\n<tr>\n<td width=\"225\">\n<p style=\"text-align: center;\">SYCW102-LC1<\/p>\n<p><img class=\"wp-image-3227 size-full aligncenter\" src=\"http:\/\/www.hginstrument.com\/wp-content\/uploads\/2022\/07\/lc1-suo.jpg\" alt=\"lc1 suo\" width=\"151\" height=\"121\" \/><\/td>\n<td width=\"451\">\u25cf Wide range of applications: can be used for toxic, highly corrosive, high pressure, various complex working conditions, and various liquid media measurement in explosive gas environments.<br \/>\n\u25cf When installation not need stop production, not need clear tank, no need fire; easy installation and simple operation.<br \/>\n\u25cf Operate the controller with the magnetic pen.<\/td>\n<\/tr>\n<tr>\n<td width=\"225\">\n<p style=\"text-align: center;\">SYCW102-LC2<\/p>\n<p><img class=\"size-full wp-image-3226 aligncenter\" title=\"\" src=\"http:\/\/www.hginstrument.com\/wp-content\/uploads\/2022\/07\/lc2-suo.jpg\" alt=\"lc2 suo\" width=\"130\" height=\"108\" \/><\/td>\n<td width=\"451\">\u25cf Advanced signal processing method, can overcome the influence of temperature drift, stronger ability of anti-interference.<br \/>\n\u25cf The new installation method, adsorption type + adhesive type, can improve the stability of the probe work.<br \/>\n\u25cf Built-in temperature sensor, 24-hour monitoring temperature changes, temperature compensation can also be performed.<br \/>\n\u25cf Adopt single-probe mode, which is more convenient for installation and avoids repeated calibration.<br \/>\n\u25cf Operate the controller with the magnetic pen.<\/td>\n<\/tr>\n<\/tbody>\n<\/table>\n<p>&nbsp;<\/p>\n<p><strong>Application conditions<\/strong><\/p>\n<ul>\n<li><strong>Milieu concern\u00e9 :<\/strong> Pure liquid, emulsion liquid, suspension liquid, etc. Measurable medium list as follow:<\/li>\n<\/ul>\n<p>C3, \u00a0Acetone, Propylene, Oxalic acid, Diesel, Nitromethylaniline, Butadiene, xylene, sulfuric acid, vinyl chloride, kerosene, unsymmetrical dimethyl hydrazine, gasoline, light hydrocarbons, light oil, caustic soda solution, liquid ammonia, Liquefied carbon dioxide, liquefied gas, liquid chlorine, Ethanol, ether, vinyl, crude oil, ethylene oxide, methylamine,Toluene, methanol, Methyl tert-butyl ether, dimethyl ether, Phenol water, Freon, Banana water, Nitric acid, Bromine, salt brine, hydrochloric acid, edible oil, Tetrachloroethylene, Anhydrous hydrogen fluoride, vegetable oil.<\/p>\n<ul>\n<li><strong>Mat\u00e9riau du r\u00e9cipient :<\/strong> acier au carbone, acier inoxydable, divers m\u00e9taux durs, plastique renforc\u00e9 de fibres de verre, r\u00e9sine \u00e9poxy, plastique dur, c\u00e9ramique, verre, caoutchouc dur ou autre mat\u00e9riau composite.<\/li>\n<\/ul>\n<ul>\n<li><strong>Measurable wall thickness of tank: <\/strong>2 ~ 70 mm.<\/li>\n<li><strong>Forme du r\u00e9servoir applicable :<\/strong> R\u00e9servoir horizontal, r\u00e9servoir sph\u00e9rique, r\u00e9servoir en auge, r\u00e9servoir vertical, etc.<\/li>\n<\/ul>\n<p><strong>Dimension of level controller SYCW102-LC1<\/strong><\/p>\n<p><img class=\"alignnone wp-image-3218 size-full\" src=\"http:\/\/www.hginstrument.com\/wp-content\/uploads\/2022\/07\/uni200-lc01-dimension.jpg\" alt=\"uni200 lc01 dimension\" width=\"567\" height=\"567\" srcset=\"https:\/\/www.hginstrument.com\/wp-content\/uploads\/2022\/07\/uni200-lc01-dimension.jpg 567w, https:\/\/www.hginstrument.com\/wp-content\/uploads\/2022\/07\/uni200-lc01-dimension-300x300.jpg 300w, https:\/\/www.hginstrument.com\/wp-content\/uploads\/2022\/07\/uni200-lc01-dimension-150x150.jpg 150w, https:\/\/www.hginstrument.com\/wp-content\/uploads\/2022\/07\/uni200-lc01-dimension-100x100.jpg 100w\" sizes=\"(max-width: 567px) 100vw, 567px\" \/><\/p>\n<p>&nbsp;<\/p>\n<p><strong>Dimension of level controller SYCW102-LC2<\/strong><\/p>\n<p><img class=\"alignnone wp-image-3217 size-full\" src=\"http:\/\/www.hginstrument.com\/wp-content\/uploads\/2022\/07\/uni200-lc02-dimension.jpg\" alt=\"uni200 lc02 dimension\" width=\"556\" height=\"498\" srcset=\"https:\/\/www.hginstrument.com\/wp-content\/uploads\/2022\/07\/uni200-lc02-dimension.jpg 556w, https:\/\/www.hginstrument.com\/wp-content\/uploads\/2022\/07\/uni200-lc02-dimension-300x269.jpg 300w\" sizes=\"(max-width: 556px) 100vw, 556px\" \/><\/p>\n<p>&nbsp;<\/p>\n<p><strong>Dimension of double probe<\/strong><\/p>\n<p><img class=\"alignnone wp-image-3216 size-full\" src=\"http:\/\/www.hginstrument.com\/wp-content\/uploads\/2022\/07\/double-probe-dimension.jpg\" alt=\"double probe dimension\" width=\"715\" height=\"325\" srcset=\"https:\/\/www.hginstrument.com\/wp-content\/uploads\/2022\/07\/double-probe-dimension.jpg 715w, https:\/\/www.hginstrument.com\/wp-content\/uploads\/2022\/07\/double-probe-dimension-300x136.jpg 300w, https:\/\/www.hginstrument.com\/wp-content\/uploads\/2022\/07\/double-probe-dimension-600x273.jpg 600w\" sizes=\"(max-width: 715px) 100vw, 715px\" \/><\/p>\n<p>&nbsp;<\/p>\n<p><strong>Dimension of Single probe<\/strong><\/p>\n<p><img class=\"alignnone wp-image-3215 size-full\" src=\"http:\/\/www.hginstrument.com\/wp-content\/uploads\/2022\/07\/single-probe-dimension.jpg\" alt=\"single probe dimension\" width=\"839\" height=\"312\" srcset=\"https:\/\/www.hginstrument.com\/wp-content\/uploads\/2022\/07\/single-probe-dimension.jpg 839w, https:\/\/www.hginstrument.com\/wp-content\/uploads\/2022\/07\/single-probe-dimension-300x112.jpg 300w, https:\/\/www.hginstrument.com\/wp-content\/uploads\/2022\/07\/single-probe-dimension-768x286.jpg 768w, https:\/\/www.hginstrument.com\/wp-content\/uploads\/2022\/07\/single-probe-dimension-600x223.jpg 600w\" sizes=\"(max-width: 839px) 100vw, 839px\" \/><\/p>\n<p>&nbsp;<\/p>\n<p><strong>Technical specification<\/strong><\/p>\n<table>\n<tbody>\n<tr>\n<td width=\"158\">Mod\u00e8le<\/td>\n<td width=\"265\">SYCW102-LC1<\/td>\n<td colspan=\"2\" width=\"253\">SYCW102-LC2<\/td>\n<\/tr>\n<tr>\n<td style=\"vertical-align: middle;\">Type<\/td>\n<td colspan=\"3\" width=\"517\">\u25cfOrdinary explosion-proof type<br \/>\n\u25cfExplosion-proof type (Two monitoring points)<br \/>\n\u25cfIntrinsically Safe<br \/>\n\u25cfIntrinsically safe (Two monitoring points)<\/td>\n<\/tr>\n<tr>\n<td width=\"158\">Pr\u00e9cision<\/td>\n<td colspan=\"3\" width=\"517\">\u00b12 mm<\/td>\n<\/tr>\n<tr>\n<td width=\"158\">Measurable wall thickness of tank<\/td>\n<td colspan=\"3\" width=\"517\">\u2264 70 mm<\/td>\n<\/tr>\n<tr>\n<td style=\"vertical-align: middle;\" width=\"158\">Signal de sortie<\/td>\n<td colspan=\"3\" width=\"517\">Liquid level alarm\uff0c 4 ~ 20 mA ( for Intrinsically Safe)<\/td>\n<\/tr>\n<tr>\n<td width=\"158\">Relay capacity<\/td>\n<td colspan=\"3\" width=\"517\">DC30V 6A \/ AC250V 6A<\/td>\n<\/tr>\n<tr>\n<td width=\"158\">Alimentation \u00e9lectrique<\/td>\n<td colspan=\"3\" width=\"517\">DC24V<\/td>\n<\/tr>\n<tr>\n<td width=\"158\">Puissance<\/td>\n<td width=\"265\">1 W<\/td>\n<td colspan=\"2\" width=\"253\">2 W<\/td>\n<\/tr>\n<tr>\n<td width=\"158\">Electrical connection<\/td>\n<td colspan=\"3\" width=\"517\">Configure according to the model selection<\/td>\n<\/tr>\n<tr>\n<td width=\"158\">Diameter of threading hole<\/td>\n<td width=\"265\">\u03c68 mm (\u03c66 ~ 8 mm )<br \/>\nAdapter cable diameter<\/td>\n<td colspan=\"2\" width=\"253\"><\/td>\n<\/tr>\n<tr>\n<td width=\"158\">Antid\u00e9flagrant<\/td>\n<td width=\"265\">Exd IICT6 Gb<\/td>\n<td colspan=\"2\" width=\"253\">Ex ia IICT Ga<\/td>\n<\/tr>\n<tr>\n<td width=\"158\">Shell material<\/td>\n<td width=\"265\">cast aluminium alloy<\/td>\n<td colspan=\"2\" width=\"253\"><\/td>\n<\/tr>\n<tr>\n<td width=\"158\">IP grade<\/td>\n<td colspan=\"3\" width=\"517\">IP67<\/td>\n<\/tr>\n<tr>\n<td width=\"158\">Applicable place<\/td>\n<td colspan=\"3\" width=\"517\">Other explosive gas environment except for coal mine<\/td>\n<\/tr>\n<tr>\n<td width=\"158\">Temp\u00e9rature ambiante<\/td>\n<td colspan=\"3\" width=\"517\">-50 ~ +70\u2103<\/td>\n<\/tr>\n<tr>\n<td width=\"158\">Humidit\u00e9 ambiante<\/td>\n<td colspan=\"3\" width=\"517\">15% ~ 100%RH<\/td>\n<\/tr>\n<tr>\n<td width=\"158\">Operation temperature of Ultrasonic level sensor<\/td>\n<td colspan=\"3\" width=\"517\">Ordinary type: -50 ~ +80\u2103, High type temperature type: up to 200\u2103<\/td>\n<\/tr>\n<tr>\n<td width=\"158\">Size of converter<\/td>\n<td colspan=\"2\" width=\"265\">236 \/ 186 * 125 * 171.5 mm<\/td>\n<td width=\"252\">155 * 241 * 129.4 mm<\/td>\n<\/tr>\n<tr>\n<td width=\"158\">Weight of converter<\/td>\n<td colspan=\"2\" width=\"265\">2.5 Kg<\/td>\n<td width=\"252\">2.6 Kg<\/td>\n<\/tr>\n<tr>\n<td width=\"158\">Communiction distance of Handle controller<\/td>\n<td colspan=\"2\" width=\"265\">NA<\/td>\n<td width=\"252\">3 m<\/td>\n<\/tr>\n<tr>\n<td width=\"158\">Intrinsically safe parameter<\/td>\n<td colspan=\"3\" width=\"517\">Ui: 28VDC\u00a0 Li:93Ma\u00a0 Pi:0.65W\u00a0 Ci:44Nf\u00a0\u00a0 Li: 11uH<\/td>\n<\/tr>\n<\/tbody>\n<\/table>\n<p>&nbsp;<\/p>\n<p><strong>Installation diagram for SYCW102-LC1\u00a0 \u00a0<\/strong>( Spherical tank, Double probe, one alarm point )<\/p>\n<p><img class=\"alignnone wp-image-3219 size-full\" src=\"http:\/\/www.hginstrument.com\/wp-content\/uploads\/2022\/07\/uni200-lc01-mtdr.jpg\" alt=\"uni200 lc01 mtdr\" width=\"640\" height=\"392\" srcset=\"https:\/\/www.hginstrument.com\/wp-content\/uploads\/2022\/07\/uni200-lc01-mtdr.jpg 640w, https:\/\/www.hginstrument.com\/wp-content\/uploads\/2022\/07\/uni200-lc01-mtdr-300x184.jpg 300w, https:\/\/www.hginstrument.com\/wp-content\/uploads\/2022\/07\/uni200-lc01-mtdr-600x368.jpg 600w\" sizes=\"(max-width: 640px) 100vw, 640px\" \/><\/p>\n<table>\n<tbody>\n<tr style=\"background-color: #d8d8d8;\">\n<td style=\"text-align: center;\" width=\"45\">Objet<\/td>\n<td style=\"text-align: center;\" width=\"170\">Part Name<\/td>\n<td style=\"text-align: center;\" width=\"190\">Connection<br \/>\nspecification<\/td>\n<td style=\"text-align: center;\" width=\"46\">QTY<\/td>\n<td style=\"text-align: center;\" width=\"224\">Remarque<\/td>\n<\/tr>\n<tr>\n<td width=\"45\">\u25b2<\/td>\n<td width=\"170\">Cable entry<\/td>\n<td width=\"190\">Configure according to Model selection<\/td>\n<td width=\"46\">3<\/td>\n<td rowspan=\"2\" width=\"224\">Contain mounting bracket and &#8220;U&#8221; type clamp<\/td>\n<\/tr>\n<tr>\n<td width=\"45\">1<\/td>\n<td width=\"170\">Local controller<\/td>\n<td width=\"190\">Configure according to Model selection<\/td>\n<td width=\"46\">1<\/td>\n<\/tr>\n<tr>\n<td width=\"45\">2<\/td>\n<td width=\"170\">Galvanized tube<\/td>\n<td width=\"190\">User configure<\/td>\n<td width=\"46\"><\/td>\n<td width=\"224\">User provide<\/td>\n<\/tr>\n<tr>\n<td width=\"45\">3<\/td>\n<td width=\"170\">Explosion-proof wiring box<\/td>\n<td width=\"190\"><\/td>\n<td width=\"46\">1<\/td>\n<td rowspan=\"4\" width=\"224\">Probe and cable assembly<\/td>\n<\/tr>\n<tr>\n<td width=\"45\">4<\/td>\n<td width=\"170\">Explosion-proof flexible tube<\/td>\n<td width=\"190\">G 1\/2<\/td>\n<td width=\"46\">3<\/td>\n<\/tr>\n<tr>\n<td width=\"45\">5<\/td>\n<td width=\"170\">Right angle connector<\/td>\n<td width=\"190\"><\/td>\n<td width=\"46\">2<\/td>\n<\/tr>\n<tr>\n<td width=\"45\">6<\/td>\n<td width=\"170\">Ultrasonic probe and sucking disc<\/td>\n<td width=\"190\"><\/td>\n<td width=\"46\">2<\/td>\n<\/tr>\n<tr>\n<td width=\"45\">7<\/td>\n<td width=\"170\">Explosion-proof flexible tube<\/td>\n<td width=\"190\">User configure<\/td>\n<td width=\"46\">3<\/td>\n<td width=\"224\">User provide<\/td>\n<\/tr>\n<\/tbody>\n<\/table>\n<p><strong>Installation attentions for SYCW102-LC1:<\/strong><\/p>\n<p>1\uff09on the tank body, the area which the probe contacts shall be polished to smooth and no rust. When installing the suction cup, the wave-emission face of the probe must be coated with silicone grease.<br \/>\n2) The ultrasonic probe and cable assembly (including item 3, 4, 5, and 6) have been assembled before leaving factory. Items 2 and 7 need to be provided by the user.<br \/>\n3) On the vertical tank, the high-level alarm ultrasonic probe is recommended to be installed near the spiral ladder for easy installation and maintenance. The ultrasonic probe signal line is inserted into the galvanized pipe and then connected to the controller along the spiral ladder.<br \/>\n4\uff09After the wiring is completed, the explosion-proof packing culvert at the instrument&#8217;s cable entry must be sealed with the configured explosion-proof cement.<br \/>\n5\uff09Explosion-proof flexible pipes are respectively connected to the cable entry of the controller. After installation, the controller shall be higher than the horizontal galvanized pipes on its both sides.<br \/>\n6\uff09The connection specifications of the explosion-proof flexible pipe and the galvanized pipe shall be consistent with the actual selection requirements (cable entry is reserved on the instrument), and the joints between the pipe fitting and the instrument must be done treatment of waterproof and explosion-proof.<\/p>\n<p>&nbsp;<\/p>\n<p><strong>Installation diagram for SYCW102-LC2 <\/strong>( Horizontal tank, single probe, one alarm point )<\/p>\n<p><img class=\"alignnone wp-image-3214 size-full\" src=\"http:\/\/www.hginstrument.com\/wp-content\/uploads\/2022\/07\/uni200-lc02-mtdr.jpg\" alt=\"uni200 lc02 mtdr\" width=\"603\" height=\"286\" srcset=\"https:\/\/www.hginstrument.com\/wp-content\/uploads\/2022\/07\/uni200-lc02-mtdr.jpg 603w, https:\/\/www.hginstrument.com\/wp-content\/uploads\/2022\/07\/uni200-lc02-mtdr-300x142.jpg 300w, https:\/\/www.hginstrument.com\/wp-content\/uploads\/2022\/07\/uni200-lc02-mtdr-600x285.jpg 600w\" sizes=\"(max-width: 603px) 100vw, 603px\" \/><\/p>\n<table>\n<tbody>\n<tr style=\"background-color: #d8d8d8;\">\n<td style=\"text-align: center;\" width=\"45\">Objet<\/td>\n<td style=\"text-align: center;\" width=\"198\">Part Name<\/td>\n<td style=\"text-align: center;\" width=\"162\">Connection<br \/>\nspecification<\/td>\n<td style=\"text-align: center;\" width=\"46\">QTY<\/td>\n<td style=\"text-align: center;\" width=\"215\">Remarque<\/td>\n<\/tr>\n<tr>\n<td width=\"45\">1<\/td>\n<td width=\"198\">Controller<\/td>\n<td rowspan=\"2\" width=\"162\"><\/td>\n<td width=\"46\">1<\/td>\n<td rowspan=\"2\" width=\"215\"><\/td>\n<\/tr>\n<tr>\n<td width=\"45\">\u25b2<\/td>\n<td width=\"198\">Cable entry<\/td>\n<td width=\"46\">4<\/td>\n<\/tr>\n<tr>\n<td width=\"45\">2<\/td>\n<td width=\"198\">Galvanized tube<\/td>\n<td width=\"162\">User configure<\/td>\n<td width=\"46\"><\/td>\n<td width=\"215\">User provided<\/td>\n<\/tr>\n<tr>\n<td width=\"45\">3<\/td>\n<td width=\"198\">Digital Probe components<\/td>\n<td width=\"162\">M20*1.5 (F)<\/td>\n<td width=\"46\">1<\/td>\n<td width=\"215\"><\/td>\n<\/tr>\n<tr>\n<td width=\"45\">4<\/td>\n<td width=\"198\">Explosion-proof flexible tube<\/td>\n<td width=\"162\">User configure<\/td>\n<td width=\"46\"><\/td>\n<td width=\"215\">User provided<\/td>\n<\/tr>\n<tr>\n<td width=\"45\">5<\/td>\n<td width=\"198\">Probe cable<\/td>\n<td width=\"162\">User configure<\/td>\n<td width=\"46\"><\/td>\n<td width=\"215\">User provided<\/td>\n<\/tr>\n<\/tbody>\n<\/table>\n<p>&nbsp;<\/p>\n<p><strong>Installation attentions for SYCW102-LC2:<\/strong><\/p>\n<p>1) The digital ultrasonic probe provides adapter specification, adapter need to be equipped by the customer, When wiring, remove the adapter first, then re-install and tighten it after threading.<br \/>\n2) Items 2, 4 and 5 need to be provided by the user.<br \/>\n3) On the tank, the high-level alarm ultrasonic probe is recommended to be installed near the spiral ladder for easy installation and maintenance. The ultrasonic probe signal line is inserted into the galvanized pipe and then connected to the controller along the spiral ladder.<br \/>\n4) Explosion-proof flexible pipes are respectively connected to the cable entry of the controller. After installation, the controller shall be higher than the horizontal galvanized pipes on its both sides.<br \/>\n5) The connection specifications of the explosion-proof flexible pipe and the galvanized pipe shall be consistent with the actual selection requirements (cable entry is reserved on the instrument), and the joints between the pipe fitting and the instrument must be done treatment of waterproof and explosion-proof.<br \/>\n6) The meter body must be well grounded.<\/p>\n<p>&nbsp;<\/p>\n<p><strong>Wiring diagram of Level controller ( one alarm point, 4-wire system )<\/strong><\/p>\n<p><img class=\"alignnone wp-image-3210 size-full\" src=\"http:\/\/www.hginstrument.com\/wp-content\/uploads\/2022\/07\/wiring-terminal-01.jpg\" alt=\"wiring terminal 01\" width=\"381\" height=\"292\" srcset=\"https:\/\/www.hginstrument.com\/wp-content\/uploads\/2022\/07\/wiring-terminal-01.jpg 381w, https:\/\/www.hginstrument.com\/wp-content\/uploads\/2022\/07\/wiring-terminal-01-300x230.jpg 300w\" sizes=\"(max-width: 381px) 100vw, 381px\" \/><\/p>\n<p>&nbsp;<\/p>\n<p><strong>Wiring diagram of Level controller (with convertor )<\/strong><\/p>\n<p><img class=\"alignnone wp-image-3209 size-full\" src=\"http:\/\/www.hginstrument.com\/wp-content\/uploads\/2022\/07\/wiring-terminal-02.jpg\" alt=\"wiring terminal 02\" width=\"629\" height=\"326\" srcset=\"https:\/\/www.hginstrument.com\/wp-content\/uploads\/2022\/07\/wiring-terminal-02.jpg 629w, https:\/\/www.hginstrument.com\/wp-content\/uploads\/2022\/07\/wiring-terminal-02-300x155.jpg 300w, https:\/\/www.hginstrument.com\/wp-content\/uploads\/2022\/07\/wiring-terminal-02-600x311.jpg 600w\" sizes=\"(max-width: 629px) 100vw, 629px\" \/><\/p>\n<p>&nbsp;<\/p>\n<p><strong>Wiring diagram of Level controller ( 2 alarm points)<\/strong><\/p>\n<p><img class=\"alignnone wp-image-3208 size-full\" src=\"http:\/\/www.hginstrument.com\/wp-content\/uploads\/2022\/07\/wiring-terminal-03.jpg\" alt=\"wiring terminal 03\" width=\"449\" height=\"298\" srcset=\"https:\/\/www.hginstrument.com\/wp-content\/uploads\/2022\/07\/wiring-terminal-03.jpg 449w, https:\/\/www.hginstrument.com\/wp-content\/uploads\/2022\/07\/wiring-terminal-03-300x199.jpg 300w\" sizes=\"(max-width: 449px) 100vw, 449px\" \/><\/p>\n<p>&nbsp;<\/p>\n<p><strong>Wiring diagram of Level controller ( for SYCW102-LC2 )<\/strong><\/p>\n<p><img class=\"alignnone wp-image-3207 size-full\" src=\"http:\/\/www.hginstrument.com\/wp-content\/uploads\/2022\/07\/wiring-terminal-04.jpg\" alt=\"wiring terminal 04\" width=\"448\" height=\"280\" srcset=\"https:\/\/www.hginstrument.com\/wp-content\/uploads\/2022\/07\/wiring-terminal-04.jpg 448w, https:\/\/www.hginstrument.com\/wp-content\/uploads\/2022\/07\/wiring-terminal-04-300x188.jpg 300w\" sizes=\"(max-width: 448px) 100vw, 448px\" \/><\/p>\n<p>&nbsp;<\/p>\n<p><strong>Cas d'application<\/strong><\/p>\n<p><img class=\"alignnone wp-image-3206 size-full\" src=\"http:\/\/www.hginstrument.com\/wp-content\/uploads\/2022\/07\/uni200-lc-mt.jpg\" alt=\"uni200 lc mt\" width=\"623\" height=\"416\" srcset=\"https:\/\/www.hginstrument.com\/wp-content\/uploads\/2022\/07\/uni200-lc-mt.jpg 623w, https:\/\/www.hginstrument.com\/wp-content\/uploads\/2022\/07\/uni200-lc-mt-300x200.jpg 300w, https:\/\/www.hginstrument.com\/wp-content\/uploads\/2022\/07\/uni200-lc-mt-600x401.jpg 600w\" sizes=\"(max-width: 623px) 100vw, 623px\" \/><\/p>\n<p><img class=\"alignnone wp-image-3213\" src=\"http:\/\/www.hginstrument.com\/wp-content\/uploads\/2022\/07\/uni200-lc01-mt.jpg\" alt=\"uni200 lc01 mt\" width=\"489\" height=\"367\" srcset=\"https:\/\/www.hginstrument.com\/wp-content\/uploads\/2022\/07\/uni200-lc01-mt.jpg 1440w, https:\/\/www.hginstrument.com\/wp-content\/uploads\/2022\/07\/uni200-lc01-mt-300x225.jpg 300w, https:\/\/www.hginstrument.com\/wp-content\/uploads\/2022\/07\/uni200-lc01-mt-1024x768.jpg 1024w, https:\/\/www.hginstrument.com\/wp-content\/uploads\/2022\/07\/uni200-lc01-mt-768x576.jpg 768w, https:\/\/www.hginstrument.com\/wp-content\/uploads\/2022\/07\/uni200-lc01-mt-600x450.jpg 600w\" sizes=\"(max-width: 489px) 100vw, 489px\" \/>\u00a0 \u00a0 \u00a0 \u00a0 <img class=\"alignnone wp-image-3223\" src=\"http:\/\/www.hginstrument.com\/wp-content\/uploads\/2022\/07\/uni200-lc02-mt.jpg\" alt=\"uni200 lc02 mt\" width=\"281\" height=\"374\" srcset=\"https:\/\/www.hginstrument.com\/wp-content\/uploads\/2022\/07\/uni200-lc02-mt.jpg 1080w, https:\/\/www.hginstrument.com\/wp-content\/uploads\/2022\/07\/uni200-lc02-mt-225x300.jpg 225w, https:\/\/www.hginstrument.com\/wp-content\/uploads\/2022\/07\/uni200-lc02-mt-768x1024.jpg 768w, https:\/\/www.hginstrument.com\/wp-content\/uploads\/2022\/07\/uni200-lc02-mt-600x800.jpg 600w\" sizes=\"(max-width: 281px) 100vw, 281px\" \/><\/p>\n<p>&nbsp;<\/p>\n<p>&nbsp;<\/p>\n<p>&nbsp;<\/p>\n<p>&nbsp;<\/p>","protected":false},"excerpt":{"rendered":"<p>Ultrasonic non-invasive level switch is a new type of liquid level measurement and alarm device. It is mainly used to detect the liquid level of the closed container, realize the upper and lower limit alarms or monitor whether there is liquid in the pipeline, this technology is not affected by factors such as medium density, dielectric constant, conductivity, reflection coefficient, pressure, temperature, precipitation, etc. It is suitable for liquid level process control in medicine, petroleum, chemical industry, electric power, food and other industries, especially suitable for applications with sanitary requirements, high pressure, radioactivity, toxicity, corrosion and other special occasions.<\/p>","protected":false},"featured_media":3221,"comment_status":"closed","ping_status":"closed","template":"","meta":[],"product_cat":[1259,2355],"product_tag":[],"acf":[],"_links":{"self":[{"href":"https:\/\/www.hginstrument.com\/fr\/wp-json\/wp\/v2\/product\/3224"}],"collection":[{"href":"https:\/\/www.hginstrument.com\/fr\/wp-json\/wp\/v2\/product"}],"about":[{"href":"https:\/\/www.hginstrument.com\/fr\/wp-json\/wp\/v2\/types\/product"}],"replies":[{"embeddable":true,"href":"https:\/\/www.hginstrument.com\/fr\/wp-json\/wp\/v2\/comments?post=3224"}],"wp:featuredmedia":[{"embeddable":true,"href":"https:\/\/www.hginstrument.com\/fr\/wp-json\/wp\/v2\/media\/3221"}],"wp:attachment":[{"href":"https:\/\/www.hginstrument.com\/fr\/wp-json\/wp\/v2\/media?parent=3224"}],"wp:term":[{"taxonomy":"product_cat","embeddable":true,"href":"https:\/\/www.hginstrument.com\/fr\/wp-json\/wp\/v2\/product_cat?post=3224"},{"taxonomy":"product_tag","embeddable":true,"href":"https:\/\/www.hginstrument.com\/fr\/wp-json\/wp\/v2\/product_tag?post=3224"}],"curies":[{"name":"wp","href":"https:\/\/api.w.org\/{rel}","templated":true}]}}