{"id":3243,"date":"2022-07-28T09:42:47","date_gmt":"2022-07-28T01:42:47","guid":{"rendered":"https:\/\/www.hginstrument.com\/?post_type=product&#038;p=3243"},"modified":"2022-07-28T09:59:29","modified_gmt":"2022-07-28T01:59:29","slug":"non-invasive-sonar-ultrasonic-level-meter","status":"publish","type":"product","link":"https:\/\/www.hginstrument.com\/fr\/level-instrument\/non-invasive-sonar-ultrasonic-level-meter\/","title":{"rendered":"Mesureur de niveau non invasif \u00e0 ultrasons Sonar"},"content":{"rendered":"<p><strong>Principe de fonctionnement<\/strong><\/p>\n<p>L'indicateur de niveau \u00e0 ultrasons sonar non invasif adopte le principe de mesure de la distance par \u00e9cho sonar, surmonte l'influence de la paroi du r\u00e9servoir sur la transmission des signaux ultrasoniques et utilise une technologie avanc\u00e9e de traitement des signaux num\u00e9riques. Il permet de mesurer le niveau de liquide sans contact et avec une grande pr\u00e9cision pour les r\u00e9servoirs ferm\u00e9s. Ce type de mesureur de niveau de liquide peut \u00e9mettre un signal de courant analogique 4-20mA ou transmettre le r\u00e9sultat de la mesure \u00e0 l'ordinateur sup\u00e9rieur via l'interface RS485 pour r\u00e9aliser un contr\u00f4le automatique.<\/p>\n<p><strong>Caract\u00e9ristiques du produit<\/strong><\/p>\n<ul>\n<li>La sonde de niveau \u00e0 ultrasons sonar est fix\u00e9e sur la paroi externe du conteneur, sans qu'il soit n\u00e9cessaire d'ouvrir des trous sur le conteneur.<\/li>\n<li>La fonction d'auto-\u00e9talonnage permet de r\u00e9soudre le probl\u00e8me de la r\u00e9duction de la pr\u00e9cision des indicateurs de niveau de liquide traditionnels apr\u00e8s une utilisation prolong\u00e9e.<\/li>\n<li>La t\u00e9l\u00e9commande infrarouge est pratique \u00e0 utiliser, notamment dans les cas o\u00f9 il n'est pas possible d'ouvrir le couvercle de l'instrument pour effectuer des travaux de d\u00e9bogage dans une zone dangereuse.<\/li>\n<li>Poss\u00e8de une fonction d'autodiagnostic, ainsi qu'une fonction de diagnostic du mat\u00e9riel, ce qui am\u00e9liore la fiabilit\u00e9 et la stabilit\u00e9 de l'appareil de mesure du niveau.<\/li>\n<li>Lorsque l'indicateur de niveau de liquide fonctionne de mani\u00e8re anormale, il peut \u00eatre ramen\u00e9 \u00e0 l'\u00e9tat normal en appuyant sur une seule touche de la t\u00e9l\u00e9commande infrarouge.<\/li>\n<li>L'indicateur de niveau peut afficher la valeur du niveau de liquide mesur\u00e9 et transmettre les donn\u00e9es de mesure \u00e0 la salle de contr\u00f4le par l'interm\u00e9diaire d'une ligne de signaux.<\/li>\n<\/ul>\n<p><strong>Conditions d'application<\/strong><\/p>\n<ul>\n<li><strong>Puret\u00e9 moyenne : <\/strong>le liquide ne doit pas \u00eatre rempli de bulles d'air denses ; il ne doit pas \u00eatre en suspension dans une grande quantit\u00e9 de solides, tels que des cristaux ; le fond du r\u00e9servoir ne doit pas pr\u00e9senter une grande quantit\u00e9 de s\u00e9diments.<\/li>\n<li><strong>Mat\u00e9riau du r\u00e9cipient :<\/strong> acier au carbone, acier inoxydable, divers m\u00e9taux durs, plastique renforc\u00e9 de fibres de verre, r\u00e9sine \u00e9poxy, plastique dur, c\u00e9ramique, verre, caoutchouc dur ou autre mat\u00e9riau composite.<\/li>\n<li><strong>Forme du r\u00e9servoir applicable :<\/strong> R\u00e9servoir horizontal, r\u00e9servoir sph\u00e9rique, r\u00e9servoir en auge, r\u00e9servoir vertical, etc.<\/li>\n<li><strong>Milieu concern\u00e9 :<\/strong><\/li>\n<\/ul>\n<p>C3, ammoniac liquide m\u00e8re, ammoniac liquide, ac\u00e9tone, propyl\u00e8ne, diesel, azote m\u00e9thylique, aniline, butadi\u00e8ne, butane, xyl\u00e8ne, \u00e9ther dim\u00e9thylique, hydrocarbures aromatiques, eau ph\u00e9nol\u00e9e, fluorure d'hydrog\u00e8ne, fr\u00e9on, oxyde de propyl\u00e8ne, oxyde d'\u00e9thyl\u00e8ne, m\u00e9thylamine, tolu\u00e8ne, m\u00e9thanol, oxyde de m\u00e9thyle et de tert-butyle, formald\u00e9hyde, alcool, poly\u00e9thyl\u00e8ne, acide sulfurique, chlorobenz\u00e8ne, chlorure de m\u00e9thyle, chlorure de vinyle, k\u00e9ros\u00e8ne, acide sulfurique concentr\u00e9, UDMH, essence, hydrocarbures l\u00e9gers, acide fluorhydrique, trifluoro\u00e9thyl\u00e8ne, t\u00e9trachloro\u00e9thyl\u00e8ne, eau de banane, fluorure d'hydrog\u00e8ne anhydre, acide nitrique, brome, acide chlorhydrique, ammoniac liquide, dioxyde de carbone liqu\u00e9fi\u00e9, gaz liqu\u00e9fi\u00e9, gaz de p\u00e9trole liqu\u00e9fi\u00e9, hydrocarbures liqu\u00e9fi\u00e9s, chlore liquide, \u00e9thanol, \u00e9ther, \u00e9thane, \u00e9thyl\u00e8ne, \u00e9thyl\u00e8ne-propyl\u00e8ne, isobutane, isobut\u00e8ne, huile de base, n-butane, huile v\u00e9g\u00e9tale.<\/p>\n<ul>\n<li><strong>Exigences relatives \u00e0 l'installation de la sonde<\/strong><\/li>\n<\/ul>\n<p>1). Il n'y a pas d'obstacles tels que des bobines directement au-dessus de la sonde.<br \/>\n2). La sonde est plus haute que la sortie des eaux us\u00e9es.<br \/>\n3). La sonde doit \u00eatre \u00e9loign\u00e9e de l'entr\u00e9e du liquide au fond du r\u00e9servoir, ainsi que de l'endroit qui se trouve en dessous de l'entr\u00e9e du liquide au sommet du r\u00e9servoir.<br \/>\n4). Lorsque la sonde de niveau est install\u00e9e par la m\u00e9thode magn\u00e9tique\/adh\u00e9sive, le diam\u00e8tre de la surface d'installation sur la paroi ext\u00e9rieure du conteneur ne doit pas \u00eatre inf\u00e9rieur \u00e0 \u03a6100mm. La rugosit\u00e9 de la surface doit atteindre Ra 1,6 et l'inclinaison doit \u00eatre inf\u00e9rieure \u00e0 3\u00b0 (\u00e0 l'exception du tuyau de d\u00e9rivation).<\/p>\n<p>&nbsp;<\/p>\n<p><strong>Param\u00e8tres techniques<\/strong><\/p>\n<table>\n<tbody>\n<tr>\n<td width=\"140\">Type<\/td>\n<td width=\"170\">2 fils<\/td>\n<td width=\"170\">4 fils<\/td>\n<td width=\"196\">Type de s\u00e9curit\u00e9 intrins\u00e8que<\/td>\n<\/tr>\n<tr>\n<td width=\"140\">Gamme<\/td>\n<td colspan=\"3\" width=\"536\">3m, 5m, 10m, 20m, 30m<\/td>\n<\/tr>\n<tr>\n<td width=\"140\">Pr\u00e9cision<\/td>\n<td colspan=\"3\" width=\"536\">1\u2030 ~1\uff05 (d\u00e9pend de l'\u00e9paisseur de la paroi du r\u00e9cipient et de la stabilit\u00e9 de la pression et de la temp\u00e9rature du processus).<\/td>\n<\/tr>\n<tr>\n<td width=\"140\">Indication R\u00e9solution<\/td>\n<td colspan=\"3\" width=\"536\">1 mm<\/td>\n<\/tr>\n<tr>\n<td width=\"140\">\u00c9paisseur de la paroi du conteneur applicable<\/td>\n<td colspan=\"3\" width=\"536\">2 ~ 70 mm<\/td>\n<\/tr>\n<tr>\n<td width=\"140\">Alimentation \u00e9lectrique<\/td>\n<td colspan=\"3\" width=\"536\">24VDC<\/td>\n<\/tr>\n<tr>\n<td width=\"140\">Signal de sortie<\/td>\n<td colspan=\"3\" width=\"536\">Sortie analogique 4 ~20mA (charge maximale 750 \u03a9\uff09)<\/td>\n<\/tr>\n<tr>\n<td width=\"140\">Communication<\/td>\n<td colspan=\"2\" width=\"340\">RS485(Modbus) \/ HART<\/td>\n<td width=\"196\">\/<\/td>\n<\/tr>\n<tr>\n<td width=\"140\">Interface de d\u00e9bogage<\/td>\n<td colspan=\"3\" width=\"536\">Infrarouge<\/td>\n<\/tr>\n<tr>\n<td width=\"140\">Puissance<\/td>\n<td colspan=\"2\" width=\"340\">10 W<\/td>\n<td width=\"196\">1 W<\/td>\n<\/tr>\n<tr>\n<td width=\"140\">Bo\u00eetier de l'\u00e9metteur<\/td>\n<td colspan=\"3\" width=\"536\">Mat\u00e9riau : Aluminium moul\u00e9<\/td>\n<\/tr>\n<tr>\n<td width=\"140\">R\u00e9sistant aux intemp\u00e9ries<\/td>\n<td colspan=\"3\" width=\"536\">IP67<\/td>\n<\/tr>\n<tr>\n<td width=\"140\">Antid\u00e9flagrant<\/td>\n<td colspan=\"2\" width=\"340\">Exd IICT6 Gb<\/td>\n<td width=\"196\">Exia IIBT5 Ga<\/td>\n<\/tr>\n<tr>\n<td width=\"140\">Humidit\u00e9 ambiante<\/td>\n<td colspan=\"3\" width=\"536\">15% ~ 100% RH<\/td>\n<\/tr>\n<tr>\n<td width=\"140\">Temp\u00e9rature ambiante<\/td>\n<td colspan=\"3\" width=\"536\">-50 ~ 70\u2103<\/td>\n<\/tr>\n<tr>\n<td width=\"140\">Temp\u00e9rature de fonctionnement de la sonde<\/td>\n<td colspan=\"3\" width=\"536\">Type de temp\u00e9rature normale :  -50 ~ 70 \u2103<\/p>\n<p>Type haute temp\u00e9rature : jusqu'\u00e0 100 \u2103<\/td>\n<\/tr>\n<tr>\n<td width=\"140\">Dimension de l'\u00e9metteur<\/td>\n<td colspan=\"3\" width=\"536\">L*L*G : 160*228*180 mm<\/td>\n<\/tr>\n<tr>\n<td width=\"140\">Poids de l'\u00e9metteur<\/td>\n<td colspan=\"3\" width=\"536\">3.4 Kg<\/td>\n<\/tr>\n<\/tbody>\n<\/table>\n<p>&nbsp;<\/p>\n<p><strong>Sch\u00e9ma d'installation<\/strong><\/p>\n<p><img class=\"alignnone wp-image-3241 size-full\" src=\"http:\/\/www.hginstrument.com\/wp-content\/uploads\/2022\/07\/uni2000-lt-install01.jpg\" alt=\"uni2000 lt install01\" width=\"754\" height=\"508\" srcset=\"https:\/\/www.hginstrument.com\/wp-content\/uploads\/2022\/07\/uni2000-lt-install01.jpg 754w, https:\/\/www.hginstrument.com\/wp-content\/uploads\/2022\/07\/uni2000-lt-install01-300x202.jpg 300w, https:\/\/www.hginstrument.com\/wp-content\/uploads\/2022\/07\/uni2000-lt-install01-600x404.jpg 600w\" sizes=\"(max-width: 754px) 100vw, 754px\" \/><\/p>\n<p>&nbsp;<\/p>\n<p><img class=\"alignnone wp-image-3240 size-full\" src=\"http:\/\/www.hginstrument.com\/wp-content\/uploads\/2022\/07\/uni2000-lt-install02.jpg\" alt=\"uni2000 lt install02\" width=\"739\" height=\"301\" srcset=\"https:\/\/www.hginstrument.com\/wp-content\/uploads\/2022\/07\/uni2000-lt-install02.jpg 739w, https:\/\/www.hginstrument.com\/wp-content\/uploads\/2022\/07\/uni2000-lt-install02-300x122.jpg 300w, https:\/\/www.hginstrument.com\/wp-content\/uploads\/2022\/07\/uni2000-lt-install02-600x244.jpg 600w\" sizes=\"(max-width: 739px) 100vw, 739px\" \/><\/p>\n<p>&nbsp;<\/p>\n<p><img class=\"alignnone wp-image-3239 size-full\" src=\"http:\/\/www.hginstrument.com\/wp-content\/uploads\/2022\/07\/uni2000-lt-install03.jpg\" alt=\"uni2000 lt install03\" width=\"616\" height=\"458\" srcset=\"https:\/\/www.hginstrument.com\/wp-content\/uploads\/2022\/07\/uni2000-lt-install03.jpg 616w, https:\/\/www.hginstrument.com\/wp-content\/uploads\/2022\/07\/uni2000-lt-install03-300x223.jpg 300w, https:\/\/www.hginstrument.com\/wp-content\/uploads\/2022\/07\/uni2000-lt-install03-600x446.jpg 600w\" sizes=\"(max-width: 616px) 100vw, 616px\" \/><\/p>\n<p>&nbsp;<\/p>\n<p><strong>Cas d'application<\/strong><\/p>\n<p><img class=\"alignnone wp-image-3238 size-full\" src=\"http:\/\/www.hginstrument.com\/wp-content\/uploads\/2022\/07\/uni2000-lt-application01.jpg\" alt=\"uni2000 lt application01\" width=\"764\" height=\"900\" srcset=\"https:\/\/www.hginstrument.com\/wp-content\/uploads\/2022\/07\/uni2000-lt-application01.jpg 764w, https:\/\/www.hginstrument.com\/wp-content\/uploads\/2022\/07\/uni2000-lt-application01-255x300.jpg 255w, https:\/\/www.hginstrument.com\/wp-content\/uploads\/2022\/07\/uni2000-lt-application01-600x707.jpg 600w\" sizes=\"(max-width: 764px) 100vw, 764px\" \/><\/p>\n<p><img class=\"alignnone wp-image-3237 size-full\" src=\"http:\/\/www.hginstrument.com\/wp-content\/uploads\/2022\/07\/uni2000-lt-application02.jpg\" alt=\"uni2000 lt application02\" width=\"677\" height=\"666\" srcset=\"https:\/\/www.hginstrument.com\/wp-content\/uploads\/2022\/07\/uni2000-lt-application02.jpg 677w, https:\/\/www.hginstrument.com\/wp-content\/uploads\/2022\/07\/uni2000-lt-application02-300x295.jpg 300w, https:\/\/www.hginstrument.com\/wp-content\/uploads\/2022\/07\/uni2000-lt-application02-600x590.jpg 600w\" sizes=\"(max-width: 677px) 100vw, 677px\" \/><\/p>\n<p>&nbsp;<\/p>\n<p>&nbsp;<\/p>\n<p>&nbsp;<\/p>","protected":false},"excerpt":{"rendered":"<p>L'indicateur de niveau \u00e0 ultrasons Sonar non invasif intelligent (ci-apr\u00e8s d\u00e9nomm\u00e9 indicateur de niveau de liquide \u00e0 fixation externe) adopte une technologie avanc\u00e9e de traitement des signaux et une puce de traitement des signaux \u00e0 grande vitesse, s'affranchit de l'influence de l'\u00e9paisseur de la paroi du conteneur et r\u00e9alise la mesure sans contact du niveau de liquide dans le conteneur ferm\u00e9. La sonde sonar \u00e0 ultrasons est install\u00e9e au fond du conteneur ferm\u00e9, il n'est pas n\u00e9cessaire d'ouvrir des trous sur le conteneur, l'installation est simple et n'affecte pas la production. Il peut mesurer avec pr\u00e9cision le niveau de diverses substances toxiques, d'acides forts, d'alcalis forts et de divers liquides purs dans des conteneurs herm\u00e9tiques \u00e0 haute pression. Ce type d'indicateur de niveau de liquide adopte une conception antid\u00e9flagrante et est largement utilis\u00e9 pour les hautes pressions, la radioactivit\u00e9, la toxicit\u00e9, la corrosion et d'autres occasions sp\u00e9ciales.<\/p>","protected":false},"featured_media":3236,"comment_status":"closed","ping_status":"closed","template":"","meta":[],"product_cat":[76,2357],"product_tag":[],"acf":[],"_links":{"self":[{"href":"https:\/\/www.hginstrument.com\/fr\/wp-json\/wp\/v2\/product\/3243"}],"collection":[{"href":"https:\/\/www.hginstrument.com\/fr\/wp-json\/wp\/v2\/product"}],"about":[{"href":"https:\/\/www.hginstrument.com\/fr\/wp-json\/wp\/v2\/types\/product"}],"replies":[{"embeddable":true,"href":"https:\/\/www.hginstrument.com\/fr\/wp-json\/wp\/v2\/comments?post=3243"}],"wp:featuredmedia":[{"embeddable":true,"href":"https:\/\/www.hginstrument.com\/fr\/wp-json\/wp\/v2\/media\/3236"}],"wp:attachment":[{"href":"https:\/\/www.hginstrument.com\/fr\/wp-json\/wp\/v2\/media?parent=3243"}],"wp:term":[{"taxonomy":"product_cat","embeddable":true,"href":"https:\/\/www.hginstrument.com\/fr\/wp-json\/wp\/v2\/product_cat?post=3243"},{"taxonomy":"product_tag","embeddable":true,"href":"https:\/\/www.hginstrument.com\/fr\/wp-json\/wp\/v2\/product_tag?post=3243"}],"curies":[{"name":"wp","href":"https:\/\/api.w.org\/{rel}","templated":true}]}}