{"id":3289,"date":"2023-04-26T11:13:14","date_gmt":"2023-04-26T03:13:14","guid":{"rendered":"https:\/\/www.hginstrument.com\/?post_type=product&#038;p=3289"},"modified":"2023-04-26T11:18:02","modified_gmt":"2023-04-26T03:18:02","slug":"diaphragm-type-pressure-switch","status":"publish","type":"product","link":"https:\/\/www.hginstrument.com\/fr\/pressure-switch\/diaphragm-type-pressure-switch\/","title":{"rendered":"Pressostat \u00e0 membrane"},"content":{"rendered":"<p><strong>Feature of Diaphragm type pressure switch:<\/strong><\/p>\n<ul>\n<li>Diaphragm type pressure switch is Suitable for all kinds of industrial sites, can replace the foreign similar products<\/li>\n<li>Adopt imported rubber\/316L stainless steel diaphragm\/piston sensor, stable and reliable performance<\/li>\n<li>SPDT or DPDT output; Cast aluminum shell, optional explosion-proof; A variety of pressure and electrical interfaces are optional<\/li>\n<li>Simple structure, no disassembly parts<\/li>\n<li>Accuracy: 0.5 level; Repeatability: \u00b11%;<\/li>\n<li>Range: 30Pa-40 Mpa Optional<\/li>\n<\/ul>\n<p><strong>Basic parameter of Diaphragm type pressure switch:<\/strong><\/p>\n<table>\n<tbody>\n<tr>\n<td width=\"168\">Milieu concern\u00e9<\/td>\n<td width=\"454\">Gas or liquid which has no corrosivity to Nitrile butadiene rubber or 316L stainless steel<\/td>\n<\/tr>\n<tr>\n<td width=\"168\">Housing Material<\/td>\n<td width=\"454\">Die-cast aluminum with epoxy-coating and sealing washer<\/td>\n<\/tr>\n<tr>\n<td width=\"168\">Housing class<\/td>\n<td width=\"454\">Meet the requirements of IEC60529, weather-proof IP67<\/td>\n<\/tr>\n<tr>\n<td width=\"168\">Setting accuracy<\/td>\n<td width=\"454\">\u00b11%<\/td>\n<\/tr>\n<tr>\n<td width=\"168\">Dead zone<\/td>\n<td width=\"454\">Non-adjustable (refer to the selection table data)<\/td>\n<\/tr>\n<tr>\n<td width=\"168\">Erreur de r\u00e9p\u00e9tabilit\u00e9<\/td>\n<td width=\"454\">\u00a0&lt;1%<\/td>\n<\/tr>\n<tr>\n<td width=\"168\">Electrical connection<\/td>\n<td width=\"454\">M20*1.5 Female, can be on request<\/td>\n<\/tr>\n<tr>\n<td width=\"168\">Environment temperature<\/td>\n<td width=\"454\">-40\u2103 \uff5e +85\u2103<\/td>\n<\/tr>\n<tr>\n<td width=\"168\">Environment humidity<\/td>\n<td width=\"454\">5%\uff5e95%<\/td>\n<\/tr>\n<tr>\n<td width=\"168\">Service life<\/td>\n<td width=\"454\">10^5 circulation<\/td>\n<\/tr>\n<tr>\n<td width=\"168\">Anti-knock<\/td>\n<td width=\"454\">&lt; Max . 2g<\/td>\n<\/tr>\n<tr>\n<td width=\"168\">Explosive-proof grade<\/td>\n<td width=\"454\">ExedIICT6<\/td>\n<\/tr>\n<tr>\n<td width=\"168\">Taux de contact<\/td>\n<td width=\"454\">Vmax=380V\uff0cImax=15A<\/p>\n<p>Please enquiry if have special requirements<\/td>\n<\/tr>\n<tr>\n<td width=\"168\">Sortie<\/td>\n<td width=\"454\">SPDT (NO,COM, NC)<\/td>\n<\/tr>\n<\/tbody>\n<\/table>\n<p><strong>Order information of Diaphragm type pressure switch<\/strong><\/p>\n<p><strong>KGSP-K series pressure switch:<\/strong> Nitrile rubber diaphragm and O-ring, process connection: G 1\/4F (can customize other type process connection)<\/p>\n<table>\n<tbody>\n<tr>\n<td width=\"102\">Mod\u00e8le<\/td>\n<td width=\"104\">Gamme<\/td>\n<td width=\"113\">Dead zone<\/td>\n<td width=\"161\">Switch frequency<\/td>\n<td width=\"142\">Sensor material<\/td>\n<\/tr>\n<tr>\n<td width=\"102\">KGSP-K -K0010<\/td>\n<td width=\"104\">30\uff5e1000Pa<\/td>\n<td width=\"113\">\u226430Pa<\/td>\n<td width=\"161\">10 times per minute<\/td>\n<td width=\"142\">Nitrile rubber<\/td>\n<\/tr>\n<tr>\n<td width=\"102\">KGSP-K -K0060<\/td>\n<td width=\"104\">0.5\uff5e6KPa<\/td>\n<td width=\"113\">\u22640.2KPa<\/td>\n<td width=\"161\">10 times per minute<\/td>\n<td width=\"142\">Nitrile rubber<\/td>\n<\/tr>\n<tr>\n<td width=\"102\">KGSP-K -K0150<\/td>\n<td width=\"104\">1\uff5e50KPa<\/td>\n<td width=\"113\">\u22640.5KPa<\/td>\n<td width=\"161\">10 times per minute<\/td>\n<td width=\"142\">Nitrile rubber<\/td>\n<\/tr>\n<\/tbody>\n<\/table>\n<p>&nbsp;<\/p>\n<p><strong>KGSP- G series pressure switch:<\/strong> Weld 316L stainless steel diaphragm, process connection: G 1\/4F (can customize other type process connection)<\/p>\n<table>\n<tbody>\n<tr>\n<td width=\"114\">Mod\u00e8le<\/td>\n<td width=\"114\">Gamme<\/td>\n<td width=\"114\">Dead zone<\/td>\n<td width=\"139\">Switch frequency<\/td>\n<td width=\"142\">Sensor material<\/td>\n<\/tr>\n<tr>\n<td width=\"114\">KGSP-G0010<\/td>\n<td width=\"114\">30\uff5e1000Pa<\/td>\n<td width=\"114\">\u226430Pa<\/td>\n<td width=\"139\">10 times per minute<\/td>\n<td width=\"142\">316L<\/td>\n<\/tr>\n<tr>\n<td width=\"114\">KGSP-G0060<\/td>\n<td width=\"114\">0.5\uff5e6KPa<\/td>\n<td width=\"114\">\u22640.2KPa<\/td>\n<td width=\"139\">10 times per minute<\/td>\n<td width=\"142\">316L<\/td>\n<\/tr>\n<tr>\n<td width=\"114\">KGSP-G0150<\/td>\n<td width=\"114\">1\uff5e50KPa<\/td>\n<td width=\"114\">\u22640.5KPa<\/td>\n<td width=\"139\">10 times per minute<\/td>\n<td width=\"142\">316L<\/td>\n<\/tr>\n<\/tbody>\n<\/table>\n<p>&nbsp;<\/p>\n<p><strong>KGSP-KM series pressure switch:<\/strong> Nitrile rubber diaphragm and O-ring, process connection: 1\/2 NPTF (can customize other type process connection)<\/p>\n<table>\n<tbody>\n<tr>\n<td width=\"114\">Mod\u00e8le<\/td>\n<td width=\"118\">Gamme<\/td>\n<td width=\"109\">Dead zone<\/td>\n<td width=\"139\">Switch frequency<\/td>\n<td width=\"142\">Sensor material<\/td>\n<\/tr>\n<tr>\n<td width=\"114\">KGSP-KM 0160<\/td>\n<td width=\"118\">0.006\uff5e0.16MPa<\/td>\n<td width=\"109\">\u22640.004MPa<\/td>\n<td width=\"139\">20 times per minute<\/td>\n<td width=\"142\">Nitrile rubber<\/td>\n<\/tr>\n<tr>\n<td width=\"114\">KGSP-KM 0400<\/td>\n<td width=\"118\">0.01\uff5e0.4MPa<\/td>\n<td width=\"109\">\u22640.02MPa<\/td>\n<td width=\"139\">20 times per minute<\/td>\n<td width=\"142\">Nitrile rubber<\/td>\n<\/tr>\n<tr>\n<td width=\"114\">KGSP-KM 1000<\/td>\n<td width=\"118\">0.02\uff5e1.0MPa<\/td>\n<td width=\"109\">\u22640.025MPa<\/td>\n<td width=\"139\">20 times per minute<\/td>\n<td width=\"142\">Nitrile rubber<\/td>\n<\/tr>\n<tr>\n<td width=\"114\">KGSP-KM1600<\/td>\n<td width=\"118\">0.05\uff5e1.6MPa<\/td>\n<td width=\"109\">\u22640.25MPa<\/td>\n<td width=\"139\">20 times per minute<\/td>\n<td width=\"142\">Nitrile rubber<\/td>\n<\/tr>\n<tr>\n<td width=\"114\">KGSP-KM2500<\/td>\n<td width=\"118\">0.05\uff5e2.5MPa<\/td>\n<td width=\"109\">\u22640.25MPa<\/td>\n<td width=\"139\">20 times per minute<\/td>\n<td width=\"142\">Nitrile rubber<\/td>\n<\/tr>\n<tr>\n<td width=\"114\">KGSP-KM6000<\/td>\n<td width=\"118\">0.3\uff5e6MPa<\/td>\n<td width=\"109\">\u22640.3MPa<\/td>\n<td width=\"139\">20 times per minute<\/td>\n<td width=\"142\">Nitrile rubber<\/td>\n<\/tr>\n<tr>\n<td width=\"114\">KGSP-KMG100<\/td>\n<td width=\"118\">0.6\uff5e10MPa<\/td>\n<td width=\"109\">\u22640.4MPa<\/td>\n<td width=\"139\">20 times per minute<\/td>\n<td width=\"142\">Nitrile rubber<\/td>\n<\/tr>\n<\/tbody>\n<\/table>\n<p>&nbsp;<\/p>\n<p><strong>KGSP-GM series pressure switch:<\/strong> Weld 316L stainless steel diaphragm, process connection: 1\/2 NPTF (can customize other type process connection)<\/p>\n<table>\n<tbody>\n<tr>\n<td width=\"114\">Mod\u00e8le<\/td>\n<td width=\"118\">Gamme<\/td>\n<td width=\"109\">Dead zone<\/td>\n<td width=\"139\">Switch frequency<\/td>\n<td width=\"142\">Sensor material<\/td>\n<\/tr>\n<tr>\n<td width=\"114\">KGSP -GM0160<\/td>\n<td width=\"118\">0.006\uff5e0.16MPa<\/td>\n<td width=\"109\">\u22640.004MPa<\/td>\n<td width=\"139\">20 times per minute<\/td>\n<td width=\"142\">316L<\/td>\n<\/tr>\n<tr>\n<td width=\"114\">KGSP -GM0400<\/td>\n<td width=\"118\">0.01\uff5e0.4MPa<\/td>\n<td width=\"109\">\u22640.02MPa<\/td>\n<td width=\"139\">20 times per minute<\/td>\n<td width=\"142\">316L<\/td>\n<\/tr>\n<tr>\n<td width=\"114\">KGSP -GM1000<\/td>\n<td width=\"118\">0.02\uff5e1.0MPa<\/td>\n<td width=\"109\">\u22640.025MPa<\/td>\n<td width=\"139\">20 times per minute<\/td>\n<td width=\"142\">316L<\/td>\n<\/tr>\n<tr>\n<td width=\"114\">KGSP -GM1600<\/td>\n<td width=\"118\">0.05\uff5e1.6MPa<\/td>\n<td width=\"109\">\u22640.25MPa<\/td>\n<td width=\"139\">20 times per minute<\/td>\n<td width=\"142\">316L<\/td>\n<\/tr>\n<tr>\n<td width=\"114\">KGSP -GM2500<\/td>\n<td width=\"118\">0.05\uff5e2.5MPa<\/td>\n<td width=\"109\">\u22640.25MPa<\/td>\n<td width=\"139\">20 times per minute<\/td>\n<td width=\"142\">316L<\/td>\n<\/tr>\n<tr>\n<td width=\"114\">KGSP -GM6000<\/td>\n<td width=\"118\">0.3\uff5e6MPa<\/td>\n<td width=\"109\">\u22640.3MPa<\/td>\n<td width=\"139\">20 times per minute<\/td>\n<td width=\"142\">316L<\/td>\n<\/tr>\n<tr>\n<td width=\"114\">KGSP -GMG100<\/td>\n<td width=\"118\">0.6\uff5e10MPa<\/td>\n<td width=\"109\">\u22640.4MPa<\/td>\n<td width=\"139\">20 times per minute<\/td>\n<td width=\"142\">316L<\/td>\n<\/tr>\n<\/tbody>\n<\/table>\n<p>&nbsp;<\/p>\n<p><strong>KGSP-GH series pressure switch:<\/strong> 304 Stainless Steel piston, process connection: 1\/2 NPTF (can customize other type process connection)<\/p>\n<table>\n<tbody>\n<tr>\n<td width=\"122\">Mod\u00e8le<\/td>\n<td width=\"110\">Gamme<\/td>\n<td width=\"109\">Dead zone<\/td>\n<td width=\"139\">Switch frequency<\/td>\n<td width=\"142\">Sensor material<\/td>\n<\/tr>\n<tr>\n<td width=\"122\">KGSP -GH100<\/td>\n<td width=\"110\">1\uff5e10MPa<\/td>\n<td width=\"109\">\u22640.4MPa<\/td>\n<td width=\"139\">20 times per minute<\/td>\n<td width=\"142\">304<\/td>\n<\/tr>\n<tr>\n<td width=\"122\">KGSP -GH160<\/td>\n<td width=\"110\">1\uff5e16MPa<\/td>\n<td width=\"109\">\u22640.5MPa<\/td>\n<td width=\"139\">20 times per minute<\/td>\n<td width=\"142\">304<\/td>\n<\/tr>\n<tr>\n<td width=\"122\">KGSP -GH250<\/td>\n<td width=\"110\">2\uff5e25MPa<\/td>\n<td width=\"109\">\u22640.6MPa<\/td>\n<td width=\"139\">20 times per minute<\/td>\n<td width=\"142\">304<\/td>\n<\/tr>\n<tr>\n<td width=\"122\">KGSP -GH400<\/td>\n<td width=\"110\">2\uff5e40MPa<\/td>\n<td width=\"109\">\u22640.8MPa<\/td>\n<td width=\"139\">20 times per minute<\/td>\n<td width=\"142\">304<\/td>\n<\/tr>\n<\/tbody>\n<\/table>\n<p>&nbsp;<\/p>\n<p><strong>KGSP-KG series pressure switch:<\/strong> Nitrile rubber diaphragm and O-ring, process connection: 1\/2 NPTF (can customize other type process connection)<\/p>\n<table>\n<tbody>\n<tr>\n<td width=\"122\">Mod\u00e8le<\/td>\n<td width=\"110\">Gamme<\/td>\n<td width=\"109\">Dead zone<\/td>\n<td width=\"139\">Switch frequency<\/td>\n<td width=\"142\">Sensor material<\/td>\n<\/tr>\n<tr>\n<td width=\"122\">KGSP-KG100<\/td>\n<td width=\"110\">1\uff5e10MPa<\/td>\n<td width=\"109\">\u22640.4MPa<\/td>\n<td width=\"139\">20 times per minute<\/td>\n<td width=\"142\">Nitrile rubber<\/td>\n<\/tr>\n<tr>\n<td width=\"122\">KGSP -KG160<\/td>\n<td width=\"110\">1\uff5e16MPa<\/td>\n<td width=\"109\">\u22640.5MPa<\/td>\n<td width=\"139\">20 times per minute<\/td>\n<td width=\"142\">Nitrile rubber<\/td>\n<\/tr>\n<tr>\n<td width=\"122\">KGSP -KG250<\/td>\n<td width=\"110\">2\uff5e25MPa<\/td>\n<td width=\"109\">\u22640.6MPa<\/td>\n<td width=\"139\">20 times per minute<\/td>\n<td width=\"142\">Nitrile rubber<\/td>\n<\/tr>\n<tr>\n<td width=\"122\">KGSP -KG400<\/td>\n<td width=\"110\">2\uff5e40MPa<\/td>\n<td width=\"109\">\u22640.8MPa<\/td>\n<td width=\"139\">20 times per minute<\/td>\n<td width=\"142\">Nitrile rubber<\/td>\n<\/tr>\n<\/tbody>\n<\/table>\n<p>&nbsp;<\/p>\n<p><strong>Diaphragm seal type pressure switch<\/strong><\/p>\n<p><strong>Order information of Diaphragm seal type pressure switch<\/strong><\/p>\n<p><strong>KGSP-GM series pressure switch:<\/strong> Weld 316L stainless steel diaphragm, can customize process connection)<\/p>\n<table>\n<tbody>\n<tr>\n<td width=\"131\">Mod\u00e8le<\/td>\n<td width=\"115\">Gamme<\/td>\n<td width=\"110\">Dead zone<\/td>\n<td width=\"133\">Switch frequency<\/td>\n<td width=\"132\">Sensor material<\/td>\n<\/tr>\n<tr>\n<td width=\"131\">KGSP-GM0160GL<\/td>\n<td width=\"115\">0.006\uff5e0.16MPa<\/td>\n<td width=\"110\">\u22640.004MPa<\/td>\n<td width=\"133\">20 times per minute<\/td>\n<td width=\"132\">316L<\/td>\n<\/tr>\n<tr>\n<td width=\"131\">KGSP -GM1000GL<\/td>\n<td width=\"115\">0.02\uff5e1.0MPa<\/td>\n<td width=\"110\">\u22640.02MPa<\/td>\n<td width=\"133\">20 times per minute<\/td>\n<td width=\"132\">316L<\/td>\n<\/tr>\n<tr>\n<td width=\"131\">KGSP -GM2500GL<\/td>\n<td width=\"115\">0.05\uff5e2.5MPa<\/td>\n<td width=\"110\">\u22640.03MPa<\/td>\n<td width=\"133\">20 times per minute<\/td>\n<td width=\"132\">316L<\/td>\n<\/tr>\n<tr>\n<td width=\"131\">KGSP -GM6000GL<\/td>\n<td width=\"115\">0.3\uff5e6MPa<\/td>\n<td width=\"110\">\u22640.035MPa<\/td>\n<td width=\"133\">20 times per minute<\/td>\n<td width=\"132\">316L<\/td>\n<\/tr>\n<tr>\n<td width=\"131\">KGSP -GMG100GL<\/td>\n<td width=\"115\">1\uff5e10MPa<\/td>\n<td width=\"110\">\u22640.35MPa<\/td>\n<td width=\"133\">20 times per minute<\/td>\n<td width=\"132\">316L<\/td>\n<\/tr>\n<tr>\n<td width=\"131\">KGSP -GMG160GL<\/td>\n<td width=\"115\">1\uff5e16MPa<\/td>\n<td width=\"110\">\u22640.35MPa<\/td>\n<td width=\"133\">20 times per minute<\/td>\n<td width=\"132\">316L<\/td>\n<\/tr>\n<tr>\n<td width=\"131\">KGSP -GMG250GL<\/td>\n<td width=\"115\">2\uff5e25MPa<\/td>\n<td width=\"110\">\u22640.6MPa<\/td>\n<td width=\"133\">20 times per minute<\/td>\n<td width=\"132\">316L<\/td>\n<\/tr>\n<\/tbody>\n<\/table>\n<p><strong>Remarque :<\/strong> If need capillary connection, please indicate the length of capillary; Sensor material can be customized; pressure element can select Diaphragm seal.<\/p>\n<p>&nbsp;<\/p>\n<p><strong>Diaphragm type Negative pressure switch<\/strong><\/p>\n<p><strong>Order information of Diaphragm type Negative pressure switch<\/strong><\/p>\n<p><strong>KGSV-K series pressure switch:<\/strong> Nitrile rubber diaphragm and O-ring, process connection: G 1\/4 F (can customize other type process connection)<\/p>\n<table>\n<tbody>\n<tr>\n<td width=\"114\">Mod\u00e8le<\/td>\n<td width=\"130\">Gamme<\/td>\n<td width=\"97\">Dead zone<\/td>\n<td width=\"139\">Switch frequency<\/td>\n<td width=\"132\">Sensor material<\/td>\n<\/tr>\n<tr>\n<td width=\"114\">KGSV-KK0020<\/td>\n<td width=\"130\">2\uff5e0\uff5e2KPa<\/td>\n<td width=\"97\">\u226430Pa<\/td>\n<td width=\"139\">10 times per minute<\/td>\n<td width=\"132\">Nitrile rubber<\/td>\n<\/tr>\n<tr>\n<td width=\"114\">KGSV-KK0100<\/td>\n<td width=\"130\">10\uff5e0\uff5e10KPa<\/td>\n<td width=\"97\">\u22640.2KPa<\/td>\n<td width=\"139\">10 times per minute<\/td>\n<td width=\"132\">Nitrile rubber<\/td>\n<\/tr>\n<tr>\n<td width=\"114\">KGSV-KM0100<\/td>\n<td width=\"130\">-0.1\uff5e0\uff5e0.1MPa<\/td>\n<td width=\"97\">\u22640.004MPa<\/td>\n<td width=\"139\">20 times per minute<\/td>\n<td width=\"132\">Nitrile rubber<\/td>\n<\/tr>\n<\/tbody>\n<\/table>\n<p>&nbsp;<\/p>\n<p><strong>KGSV-GK series pressure switch:<\/strong> Weld 316L stainless steel diaphragm, process connection: G 1\/4F (can customize other type process connection)<\/p>\n<table>\n<tbody>\n<tr>\n<td width=\"114\">Mod\u00e8le<\/td>\n<td width=\"118\">Gamme<\/td>\n<td width=\"109\">Dead zone<\/td>\n<td width=\"139\">Switch frequency<\/td>\n<td width=\"132\">Sensor material<\/td>\n<\/tr>\n<tr>\n<td width=\"114\">KGSV-GK0020<\/td>\n<td width=\"118\">2\uff5e0\uff5e2KPa<\/td>\n<td width=\"109\">\u226430Pa<\/td>\n<td width=\"139\">10 times per minute<\/td>\n<td width=\"132\">316L<\/td>\n<\/tr>\n<tr>\n<td width=\"114\">KGSV-GK0100<\/td>\n<td width=\"118\">10\uff5e0\uff5e10KPa<\/td>\n<td width=\"109\">\u22640.2KPa<\/td>\n<td width=\"139\">10 times per minute<\/td>\n<td width=\"132\">316L<\/td>\n<\/tr>\n<\/tbody>\n<\/table>\n<p>&nbsp;<\/p>\n<p><strong>KGSV-GM series pressure switch:<\/strong> Weld 316L stainless steel diaphragm, process connection: 1\/2 NPTF (can customize other type process connection)<\/p>\n<table>\n<tbody>\n<tr>\n<td width=\"113\">Mod\u00e8le<\/td>\n<td width=\"119\">Gamme<\/td>\n<td width=\"109\">Dead zone<\/td>\n<td width=\"139\">Switch frequency<\/td>\n<td width=\"132\">Sensor material<\/td>\n<\/tr>\n<tr>\n<td width=\"113\">KGSV-GM0100<\/td>\n<td width=\"119\">-0.1\uff5e0\uff5e0.1MPa<\/td>\n<td width=\"109\">\u22640.004MPa<\/td>\n<td width=\"139\">20 times per minute<\/td>\n<td width=\"132\">316L<\/td>\n<\/tr>\n<\/tbody>\n<\/table>\n<p>&nbsp;<\/p>\n<p><strong>A<\/strong><strong>dditional option code of pressure switch<\/strong><\/p>\n<table>\n<tbody>\n<tr>\n<td width=\"87\">E<\/td>\n<td width=\"525\">Explosion-proof: Exd IICT6, Temp = -40 ~71\u2103<\/td>\n<\/tr>\n<tr>\n<td width=\"87\">D1<\/td>\n<td width=\"525\">DPDT Synchronization option<\/td>\n<\/tr>\n<tr>\n<td width=\"87\">D2<\/td>\n<td width=\"525\">DPDT asynchronism option<\/td>\n<\/tr>\n<tr>\n<td width=\"87\">A<\/td>\n<td width=\"525\">High contact capacity<\/td>\n<\/tr>\n<tr>\n<td width=\"87\">B<\/td>\n<td width=\"525\">Tag number stainless steel plate<\/td>\n<\/tr>\n<tr>\n<td width=\"87\">N<\/td>\n<td width=\"525\">Special process connection interface (indicate the specification)<\/td>\n<\/tr>\n<tr>\n<td width=\"87\">M1<\/td>\n<td width=\"525\">Factory sets one alarm point for the switch<\/td>\n<\/tr>\n<tr>\n<td width=\"87\">M2<\/td>\n<td width=\"525\">Factory sets two alarm points for the switch<\/td>\n<\/tr>\n<tr>\n<td width=\"87\">Z1<\/td>\n<td width=\"525\">Bracket of flat mounting<\/td>\n<\/tr>\n<tr>\n<td width=\"87\">Z2<\/td>\n<td width=\"525\">Bracket of &#8220;U&#8221; tube mounting<\/td>\n<\/tr>\n<\/tbody>\n<\/table>","protected":false},"excerpt":{"rendered":"<p>Diaphragm type pressure switch is a switch which is controled by pressure, it is commonly used in automatic control system . When the pressure value reaches the set point, it will automatically open or close. Pressure switch will restore the original status when the pressure value is lower than the set point.<\/p>","protected":false},"featured_media":3282,"comment_status":"closed","ping_status":"closed","template":"","meta":[],"product_cat":[2360],"product_tag":[],"acf":[],"_links":{"self":[{"href":"https:\/\/www.hginstrument.com\/fr\/wp-json\/wp\/v2\/product\/3289"}],"collection":[{"href":"https:\/\/www.hginstrument.com\/fr\/wp-json\/wp\/v2\/product"}],"about":[{"href":"https:\/\/www.hginstrument.com\/fr\/wp-json\/wp\/v2\/types\/product"}],"replies":[{"embeddable":true,"href":"https:\/\/www.hginstrument.com\/fr\/wp-json\/wp\/v2\/comments?post=3289"}],"wp:featuredmedia":[{"embeddable":true,"href":"https:\/\/www.hginstrument.com\/fr\/wp-json\/wp\/v2\/media\/3282"}],"wp:attachment":[{"href":"https:\/\/www.hginstrument.com\/fr\/wp-json\/wp\/v2\/media?parent=3289"}],"wp:term":[{"taxonomy":"product_cat","embeddable":true,"href":"https:\/\/www.hginstrument.com\/fr\/wp-json\/wp\/v2\/product_cat?post=3289"},{"taxonomy":"product_tag","embeddable":true,"href":"https:\/\/www.hginstrument.com\/fr\/wp-json\/wp\/v2\/product_tag?post=3289"}],"curies":[{"name":"wp","href":"https:\/\/api.w.org\/{rel}","templated":true}]}}