{"id":3291,"date":"2023-04-26T14:12:25","date_gmt":"2023-04-26T06:12:25","guid":{"rendered":"https:\/\/www.hginstrument.com\/?post_type=product&#038;p=3291"},"modified":"2023-04-26T14:12:25","modified_gmt":"2023-04-26T06:12:25","slug":"differential-pressure-switch","status":"publish","type":"product","link":"https:\/\/www.hginstrument.com\/fr\/pressure-switch\/differential-pressure-switch\/","title":{"rendered":"Pressostat diff\u00e9rentiel"},"content":{"rendered":"<p><strong>Differential pressure switch (Diaphragm type )<\/strong><\/p>\n<p><strong>\u00a0Order information of differential pressure switch<\/strong><\/p>\n<p><strong>KGSC- GM series differential pressure switch: <\/strong>Weld 316L stainless steel diaphragm, process connection: G 1\/4F (can customize other type process connection), if request explosion proof, the model number shall be add &#8220;<strong>-E<\/strong>&#8221; as suffix.<\/p>\n<table>\n<tbody>\n<tr>\n<td width=\"114\">Mod\u00e8le<\/td>\n<td width=\"118\">Gamme<\/td>\n<td width=\"109\">Dead zone<\/td>\n<td width=\"139\">Switch frequency<\/td>\n<td width=\"142\">Sensor material<\/td>\n<\/tr>\n<tr>\n<td width=\"114\">KGSC-GM0400<\/td>\n<td width=\"118\">0.02\uff5e0.4MPa<\/td>\n<td width=\"109\">\u00a0\u22640.03MPa<\/td>\n<td width=\"139\">20 times per minute<\/td>\n<td width=\"142\">316L<\/td>\n<\/tr>\n<tr>\n<td width=\"114\">KGSC-GM1600<\/td>\n<td width=\"118\">0.05\uff5e1.6MPa<\/td>\n<td width=\"109\">\u22640.2MPa<\/td>\n<td width=\"139\">20 times per minute<\/td>\n<td width=\"142\">316L<\/td>\n<\/tr>\n<tr>\n<td width=\"114\">KGSC-GM2500<\/td>\n<td width=\"118\">0.05\uff5e2.5MPa<\/td>\n<td width=\"109\">\u00a0\u22640.25MPa<\/td>\n<td width=\"139\">20 times per minute<\/td>\n<td width=\"142\">316L<\/td>\n<\/tr>\n<\/tbody>\n<\/table>\n<p>&nbsp;<\/p>\n<p><strong>KGSC-K series<\/strong> <strong>differential pressure switch:<\/strong> Nitrile rubber diaphragm and O-ring, process connection: G 1\/4F (can customize other type process connection), if request explosion proof, the model number shall be add &#8220;<strong>-E<\/strong>&#8221; as suffix. The wetted parts is aluminum alloy for Micro differential pressure.<\/p>\n<table>\n<tbody>\n<tr>\n<td width=\"114\">Mod\u00e8le<\/td>\n<td width=\"118\">Gamme<\/td>\n<td width=\"109\">Dead zone<\/td>\n<td width=\"139\">Switch frequency<\/td>\n<td width=\"142\">Sensor material<\/td>\n<\/tr>\n<tr>\n<td width=\"114\">KGSC-K0020<\/td>\n<td width=\"118\">0\uff5e2KPa<\/td>\n<td width=\"109\">\u226430Pa<\/td>\n<td width=\"139\">10 times per minute<\/td>\n<td width=\"142\">Nitrile rubber<\/td>\n<\/tr>\n<tr>\n<td width=\"114\">KGSC -K0060<\/td>\n<td width=\"118\">0.5\uff5e6KPa<\/td>\n<td width=\"109\">\u22640.2KPa<\/td>\n<td width=\"139\">10 times per minute<\/td>\n<td width=\"142\">Nitrile rubber<\/td>\n<\/tr>\n<tr>\n<td width=\"114\">KGSC -K0250<\/td>\n<td width=\"118\">1\uff5e25KPa<\/td>\n<td width=\"109\">\u22640.3KPa<\/td>\n<td width=\"139\">10 times per minute<\/td>\n<td width=\"142\">Nitrile rubber<\/td>\n<\/tr>\n<\/tbody>\n<\/table>\n<p>&nbsp;<\/p>\n<p><strong>KGSC- G series differential pressure switch: <\/strong>Weld 316L stainless steel diaphragm, process connection: G 1\/4F (can customize other type process connection), if request explosion proof, the model number shall be add &#8220;<strong>-E<\/strong>&#8221; as suffix. The wetted parts is aluminum alloy for Micro differential pressure.<\/p>\n<table>\n<tbody>\n<tr>\n<td width=\"114\">Mod\u00e8le<\/td>\n<td width=\"118\">Gamme<\/td>\n<td width=\"109\">Dead zone<\/td>\n<td width=\"139\">Switch frequency<\/td>\n<td width=\"142\">Sensor material<\/td>\n<\/tr>\n<tr>\n<td width=\"114\">KGSC-G0020<\/td>\n<td width=\"118\">0\uff5e2KPa<\/td>\n<td width=\"109\">\u226430Pa<\/td>\n<td width=\"139\">10 times per minute<\/td>\n<td width=\"142\">316L<\/td>\n<\/tr>\n<tr>\n<td width=\"114\">KGSC-G0060<\/td>\n<td width=\"118\">0.5\uff5e6KPa<\/td>\n<td width=\"109\">\u22640.2KPa<\/td>\n<td width=\"139\">10 times per minute<\/td>\n<td width=\"142\">316L<\/td>\n<\/tr>\n<tr>\n<td width=\"114\">KGSC -G0250<\/td>\n<td width=\"118\">1\uff5e25KPa<\/td>\n<td width=\"109\">\u22640.3KPa<\/td>\n<td width=\"139\">10 times per minute<\/td>\n<td width=\"142\">316L<\/td>\n<\/tr>\n<\/tbody>\n<\/table>","protected":false},"excerpt":{"rendered":"<p>Le pressostat diff\u00e9rentiel est un interrupteur m\u00e9canique qui comporte une membrane ou un soufflet dans la chambre de pression qui divise la chambre en deux, l'une pour connecter l'extr\u00e9mit\u00e9 basse pression et l'autre pour connecter l'extr\u00e9mit\u00e9 haute pression (ne pas inverser la connexion, sinon le diaphragme ou le soufflet sera endommag\u00e9). (ne pas inverser la connexion, sinon la membrane ou le soufflet sera endommag\u00e9), la haute et la basse pression s'annulent l'une l'autre pour former la valeur de la pression diff\u00e9rentielle. La valeur de la pression diff\u00e9rentielle provoque le changement d'\u00e9lasticit\u00e9 de l'\u00e9l\u00e9ment m\u00e9canique du capteur de pression. Lorsque la valeur de la pression diff\u00e9rentielle atteint le point de consigne, le pressostat diff\u00e9rentiel \u00e9met le signal de commutation. Lorsque les contacts NO et NC du pressostat diff\u00e9rentiel sont connect\u00e9s au relais ou \u00e0 l'automate, cela signifie que le pressostat diff\u00e9rentiel est entr\u00e9 dans le syst\u00e8me de contr\u00f4le.<\/p>","protected":false},"featured_media":3284,"comment_status":"closed","ping_status":"closed","template":"","meta":[],"product_cat":[2360],"product_tag":[],"acf":[],"_links":{"self":[{"href":"https:\/\/www.hginstrument.com\/fr\/wp-json\/wp\/v2\/product\/3291"}],"collection":[{"href":"https:\/\/www.hginstrument.com\/fr\/wp-json\/wp\/v2\/product"}],"about":[{"href":"https:\/\/www.hginstrument.com\/fr\/wp-json\/wp\/v2\/types\/product"}],"replies":[{"embeddable":true,"href":"https:\/\/www.hginstrument.com\/fr\/wp-json\/wp\/v2\/comments?post=3291"}],"wp:featuredmedia":[{"embeddable":true,"href":"https:\/\/www.hginstrument.com\/fr\/wp-json\/wp\/v2\/media\/3284"}],"wp:attachment":[{"href":"https:\/\/www.hginstrument.com\/fr\/wp-json\/wp\/v2\/media?parent=3291"}],"wp:term":[{"taxonomy":"product_cat","embeddable":true,"href":"https:\/\/www.hginstrument.com\/fr\/wp-json\/wp\/v2\/product_cat?post=3291"},{"taxonomy":"product_tag","embeddable":true,"href":"https:\/\/www.hginstrument.com\/fr\/wp-json\/wp\/v2\/product_tag?post=3291"}],"curies":[{"name":"wp","href":"https:\/\/api.w.org\/{rel}","templated":true}]}}