{"id":4915,"date":"2023-12-23T11:26:40","date_gmt":"2023-12-23T03:26:40","guid":{"rendered":"https:\/\/www.hginstrument.com\/?post_type=product&#038;p=4915"},"modified":"2024-01-09T09:44:17","modified_gmt":"2024-01-09T01:44:17","slug":"accurate-water-flow-meter","status":"publish","type":"product","link":"https:\/\/www.hginstrument.com\/fr\/magnetic-flow-meter\/accurate-water-flow-meter\/","title":{"rendered":"compteur d'eau pr\u00e9cis"},"content":{"rendered":"<p>Le d\u00e9bitm\u00e8tre d'eau pr\u00e9cis est une technologie pr\u00e9cise et fiable utilis\u00e9e pour mesurer le d\u00e9bit d'un fluide. Il mesure avec pr\u00e9cision le volume, la masse ou la vitesse du fluide passant par un point sp\u00e9cifique dans un laps de temps donn\u00e9. Il mesure avec pr\u00e9cision le volume, la masse ou la vitesse du fluide passant par un point sp\u00e9cifique dans un laps de temps donn\u00e9. Le d\u00e9bitm\u00e8tre d'eau pr\u00e9cis est con\u00e7u avec des caract\u00e9ristiques avanc\u00e9es telles qu'un \u00e9cran haute r\u00e9solution, le traitement des signaux num\u00e9riques et l'enregistrement des donn\u00e9es en temps r\u00e9el.<\/p>\n<p>Le d\u00e9bitm\u00e8tre d'eau pr\u00e9cis est \u00e9quip\u00e9 d'un affichage num\u00e9rique qui facilite la lecture et l'interpr\u00e9tation du d\u00e9bit en diff\u00e9rentes unit\u00e9s. Son interface conviviale permet un \u00e9talonnage et des r\u00e9glages simples et rapides.<\/p>\n<p>En outre, le d\u00e9bitm\u00e8tre d'eau pr\u00e9cis propose divers mod\u00e8les pour diff\u00e9rentes applications, notamment \u00e9lectromagn\u00e9tiques, \u00e0 ultrasons et \u00e0 dispersion thermique. Chaque mod\u00e8le est con\u00e7u avec des caract\u00e9ristiques sp\u00e9cifiques pour r\u00e9pondre aux besoins uniques des utilisateurs.<\/p>\n<table class=\"table table-bordered\">\n<tbody>\n<tr>\n<td><span style=\"vertical-align: inherit;\"><span style=\"vertical-align: inherit;\">Type\uff1a<\/span><\/span><\/td>\n<td><span style=\"vertical-align: inherit;\">compteur d'eau pr\u00e9cis<\/span><\/td>\n<td><span style=\"vertical-align: inherit;\"><span style=\"vertical-align: inherit;\">Signal de sortie\uff1a<\/span><\/span><\/td>\n<td><span style=\"vertical-align: inherit;\"><span style=\"vertical-align: inherit;\">4-20 mA, impulsion\/fr\u00e9quence 2 kHz (par d\u00e9faut), 5 kHz (max)<\/span><\/span><\/td>\n<\/tr>\n<tr>\n<td><span style=\"vertical-align: inherit;\"><span style=\"vertical-align: inherit;\">Lieu d'origine\uff1a<\/span><\/span><\/td>\n<td><span style=\"vertical-align: inherit;\"><span style=\"vertical-align: inherit;\">Jiangsu\uff0cChina<\/span><\/span><\/td>\n<td><span style=\"vertical-align: inherit;\"><span style=\"vertical-align: inherit;\">Incorporer le type\uff1a<\/span><\/span><\/td>\n<td><span style=\"vertical-align: inherit;\"><span style=\"vertical-align: inherit;\">-10\u2103- +58\u2103<\/span><\/span><\/td>\n<\/tr>\n<tr>\n<td><span style=\"vertical-align: inherit;\"><span style=\"vertical-align: inherit;\">Garantie\uff1a<\/span><\/span><\/td>\n<td><span style=\"vertical-align: inherit;\"><span style=\"vertical-align: inherit;\">20 mois<\/span><\/span><\/td>\n<td><span style=\"vertical-align: inherit;\"><span style=\"vertical-align: inherit;\">Tension d'alimentation\uff1a<\/span><\/span><\/td>\n<td><span style=\"vertical-align: inherit;\"><span style=\"vertical-align: inherit;\">110\/220VAC (100-240VAC), 50Hz\/60Hz ; 24VDC\u00b110%<\/span><\/span><\/td>\n<\/tr>\n<tr>\n<td><span style=\"vertical-align: inherit;\"><span style=\"vertical-align: inherit;\">Soutien personnalis\u00e9\uff1a<\/span><\/span><\/td>\n<td><span style=\"vertical-align: inherit;\"><span style=\"vertical-align: inherit;\">OEM, ODM, OBM<\/span><\/span><\/td>\n<td><span style=\"vertical-align: inherit;\"><span style=\"vertical-align: inherit;\">Communication num\u00e9rique\uff1a<\/span><\/span><\/td>\n<td><span style=\"vertical-align: inherit;\"><span style=\"vertical-align: inherit;\">RS-485, supportant le protocole standard Mudbugs-RTU ; GPRS<\/span><\/span><\/td>\n<\/tr>\n<tr>\n<td><span style=\"vertical-align: inherit;\"><span style=\"vertical-align: inherit;\">Nom de marque\uff1a<\/span><\/span><\/td>\n<td><span style=\"vertical-align: inherit;\"><span style=\"vertical-align: inherit;\">GROUPE SUYI<\/span><\/span><\/td>\n<td><span style=\"vertical-align: inherit;\"><span style=\"vertical-align: inherit;\">Pression nominale\uff1a<\/span><\/span><\/td>\n<td><span style=\"vertical-align: inherit;\"><span style=\"vertical-align: inherit;\">1MPa (DN15-DN800), 1,6MPa(DN15-DN800), 2,5MPa(DN15-DN600)<\/span><\/span><\/td>\n<\/tr>\n<tr>\n<td><span style=\"vertical-align: inherit;\"><span style=\"vertical-align: inherit;\">Num\u00e9ro de mod\u00e8le\uff1a<\/span><\/span><\/td>\n<td><span style=\"vertical-align: inherit;\"><span style=\"vertical-align: inherit;\">autres<\/span><\/span><\/td>\n<td><span style=\"vertical-align: inherit;\"><span style=\"vertical-align: inherit;\">Capteur\uff1a<\/span><\/span><\/td>\n<td><span style=\"vertical-align: inherit;\"><span style=\"vertical-align: inherit;\">0\u2103- +80\u2103 ou -25\u2103- +120\u2103 ou +70\u2103- +250\u2103<\/span><\/span><\/td>\n<\/tr>\n<tr>\n<td><span style=\"vertical-align: inherit;\"><span style=\"vertical-align: inherit;\">Nom du produit\uff1a<\/span><\/span><\/td>\n<td><span style=\"vertical-align: inherit;\"><span style=\"vertical-align: inherit;\">D\u00e9bitm\u00e8tre \u00e9lectromagn\u00e9tique intelligent pour produits chimiques<\/span><\/span><\/td>\n<td><span style=\"vertical-align: inherit;\"><span style=\"vertical-align: inherit;\">D\u00e9tails de l'emballage\uff1a<\/span><\/span><\/td>\n<td><span style=\"vertical-align: inherit;\"><span style=\"vertical-align: inherit;\">1 jeu par paquet ou selon la demande du client<\/span><\/span><\/td>\n<\/tr>\n<tr>\n<td><span style=\"vertical-align: inherit;\"><span style=\"vertical-align: inherit;\">Diam\u00e8tre nominal\uff1a<\/span><\/span><\/td>\n<td><span style=\"vertical-align: inherit;\"><span style=\"vertical-align: inherit;\">3-3288mm<\/span><\/span><\/td>\n<td><span style=\"vertical-align: inherit;\"><span style=\"vertical-align: inherit;\">Capacit\u00e9 d'approvisionnement\uff1a<\/span><\/span><\/td>\n<td><span style=\"vertical-align: inherit;\"><span style=\"vertical-align: inherit;\">2278 Set\/Sets per Month<\/span><\/span><\/td>\n<\/tr>\n<tr>\n<td><span style=\"vertical-align: inherit;\"><span style=\"vertical-align: inherit;\">gamme de vitesses\uff1a<\/span><\/span><\/td>\n<td><span style=\"vertical-align: inherit;\"><span style=\"vertical-align: inherit;\">0-14m\/s<\/span><\/span><\/td>\n<td><span style=\"vertical-align: inherit;\"><span style=\"vertical-align: inherit;\">Quantit\u00e9 (jeux)\uff1a<\/span><\/span><\/td>\n<td><span style=\"vertical-align: inherit;\"><span style=\"vertical-align: inherit;\">&gt; 30<\/span><\/span><\/td>\n<\/tr>\n<tr>\n<td><span style=\"vertical-align: inherit;\"><span style=\"vertical-align: inherit;\">Degr\u00e9 de pr\u00e9cision\uff1a<\/span><\/span><\/td>\n<td><span style=\"vertical-align: inherit;\"><span style=\"vertical-align: inherit;\">\u00b10,5%R, \u00b11%R ( &lt; DN20)<\/span><\/span><\/td>\n<td><span style=\"vertical-align: inherit;\"><span style=\"vertical-align: inherit;\">D\u00e9lai d'ex\u00e9cution (jours)\uff1a<\/span><\/span><\/td>\n<td><span style=\"vertical-align: inherit;\"><span style=\"vertical-align: inherit;\">A n\u00e9gocier<\/span><\/span><\/td>\n<\/tr>\n<\/tbody>\n<\/table>\n<p>&nbsp;<\/p>\n<p>&nbsp;<\/p>\n<p style=\"text-align: center;\"><img title=\"compteur d&#039;eau pr\u00e9cis\" src=\"https:\/\/www.hginstrument.com\/wp-content\/uploads\/2021\/07\/in-line-pipeline-type-hgd-electromagnetic-flow-meter.jpg\" \/><\/p>\n<p>&nbsp;<\/p>\n<p>&nbsp;<\/p>\n<p style=\"text-align: center;\"><img title=\"compteur d&#039;eau pr\u00e9cis\" src=\"https:\/\/www.hginstrument.com\/wp-content\/uploads\/2021\/07\/insertion-01.jpg\" \/><\/p>\n<p>&nbsp;<\/p>\n<p>&nbsp;<\/p>\n<p style=\"text-align: center;\"><img title=\"compteur d&#039;eau pr\u00e9cis\" src=\"https:\/\/www.hginstrument.com\/wp-content\/uploads\/2021\/07\/sanitary-mag-1.jpg\" \/><\/p>\n<p><strong>Guide des FAQ sur les d\u00e9bitm\u00e8tres d'eau pr\u00e9cis.<\/strong><\/p>\n<p>Au c\u0153ur de notre s\u00e9rie de d\u00e9bitm\u00e8tres d'eau pr\u00e9cis se trouve un engagement \u00e0 l'excellence, associant une technologie de capteur avanc\u00e9e \u00e0 des interfaces conviviales. Du liquide au gaz, nos compteurs offrent une pr\u00e9cision in\u00e9gal\u00e9e, ce qui vous permet de prendre des d\u00e9cisions \u00e9clair\u00e9es et de rationaliser vos op\u00e9rations. Alors que nous entrons dans une nouvelle \u00e8re de la mesure des fluides, nous vous invitons \u00e0 explorer les possibilit\u00e9s illimit\u00e9es qu'offrent nos d\u00e9bitm\u00e8tres d'eau pr\u00e9cis - o\u00f9 la pr\u00e9cision rencontre la performance et o\u00f9 l'innovation circule de mani\u00e8re transparente.<\/p>\n<div style=\"border: 3px solid #f89900; margin: 20px 0; padding: 20px;\"><a href=\"\/fr\/accurate-water-flow-meter\/#01\">1.A propos de l'origine pr\u00e9cise du d\u00e9bitm\u00e8tre d'eau<\/a><br \/>\n<a href=\"\/fr\/accurate-water-flow-meter\/#02\">2. comment calibrer un d\u00e9bitm\u00e8tre d'eau pr\u00e9cis ?<\/a><br \/>\n<a href=\"\/fr\/accurate-water-flow-meter\/#03\">3. quels sont les types courants de d\u00e9bitm\u00e8tres pr\u00e9cis pour l'eau ?<\/a><br \/>\n<a href=\"\/fr\/accurate-water-flow-meter\/#04\">4.A propos de la date de livraison d'un d\u00e9bitm\u00e8tre d'eau pr\u00e9cis<\/a><br \/>\n<a href=\"\/fr\/accurate-water-flow-meter\/#05\">5. quel est le temps de r\u00e9ponse du d\u00e9bitm\u00e8tre d'eau pr\u00e9cis ?<\/a><br \/>\n<a href=\"\/fr\/accurate-water-flow-meter\/#06\">6. le d\u00e9bitm\u00e8tre d'eau pr\u00e9cis est-il anticorrosion ?<\/a><br \/>\n<a href=\"\/fr\/accurate-water-flow-meter\/#07\">7.About accurate water flow meter overseas warehouse<\/a><br \/>\n<a href=\"\/fr\/accurate-water-flow-meter\/#08\">8. quel est le principe de base d'un d\u00e9bitm\u00e8tre d'eau pr\u00e9cis ?<\/a><br \/>\n<a href=\"\/fr\/accurate-water-flow-meter\/#09\">9.A propos des capacit\u00e9s de R&amp;D en mati\u00e8re de d\u00e9bitm\u00e8tres d'eau de pr\u00e9cision<\/a><br \/>\n<a href=\"\/fr\/accurate-water-flow-meter\/#010\">10. un compteur d'eau pr\u00e9cis peut-il \u00eatre surveill\u00e9 \u00e0 distance ?<\/a><br \/>\n<a href=\"\/fr\/accurate-water-flow-meter\/#11\">11. quelle est la plage de pression applicable \u00e0 un d\u00e9bitm\u00e8tre d'eau pr\u00e9cis ?<\/a><br \/>\n<a href=\"\/fr\/accurate-water-flow-meter\/#12\">12. d\u00e9bitm\u00e8tre d'eau pr\u00e9cis MOQ<\/a><br \/>\n<a href=\"\/fr\/accurate-water-flow-meter\/#13\">13. les r\u00e9sultats des mesures des d\u00e9bitm\u00e8tres d'eau sont-ils tra\u00e7ables ?<\/a><br \/>\n<a href=\"\/fr\/accurate-water-flow-meter\/#14\">14. le compteur d'eau pr\u00e9cis dispose-t-il d'un affichage multilingue ?<\/a><br \/>\n<a href=\"\/fr\/accurate-water-flow-meter\/#15\">15. l'unit\u00e9 de mesure du compteur d'eau pr\u00e9cis est-elle rempla\u00e7able ?<\/a><br \/>\n<a href=\"\/fr\/accurate-water-flow-meter\/#16\">16. le compteur d'eau pr\u00e9cis a-t-il une fonction de surveillance en temps r\u00e9el ?<\/a><\/div>\n<div id=\"01\">\n<p><strong>1.A propos de l'origine pr\u00e9cise du d\u00e9bitm\u00e8tre d'eau<\/strong><\/p>\n<p>Le premier d\u00e9bitm\u00e8tre a \u00e9t\u00e9 invent\u00e9 en 1832 par un Anglais nomm\u00e9 William Henry. Il a mis au point un appareil utilisant un flotteur pour mesurer le d\u00e9bit d'eau dans un tuyau. Cet appareil \u00e9tait le premier de son genre et le pr\u00e9curseur des d\u00e9bitm\u00e8tres modernes. Depuis lors, les d\u00e9bitm\u00e8tres ont \u00e9t\u00e9 utilis\u00e9s dans diverses industries pour mesurer le d\u00e9bit de liquides, de gaz et d'autres mat\u00e9riaux. Aujourd'hui, les d\u00e9bitm\u00e8tres sont utilis\u00e9s dans diverses applications, de la mesure du d\u00e9bit d'eau dans une canalisation \u00e0 la mesure du d\u00e9bit de p\u00e9trole dans une raffinerie.<\/p>\n<\/div>\n<div id=\"02\">\n<p><strong>2. comment calibrer un d\u00e9bitm\u00e8tre d'eau pr\u00e9cis ?<\/strong><\/p>\n<p>\u00c9tant l'un des principaux fabricants de d\u00e9bitm\u00e8tres d'eau pr\u00e9cis en Chine, nous attachons une grande importance \u00e0 ce d\u00e9tail.<br \/>\n1. V\u00e9rifier les instructions du fabricant du d\u00e9bitm\u00e8tre utilis\u00e9.<\/p>\n<p>2. S'assurer que le d\u00e9bitm\u00e8tre est install\u00e9 correctement et que toutes les connexions sont bien fix\u00e9es.<\/p>\n<p>3. Connecter le d\u00e9bitm\u00e8tre \u00e0 un dispositif d'\u00e9talonnage, tel qu'un appareil d'\u00e9talonnage du d\u00e9bit ou une boucle d'\u00e9talonnage du d\u00e9bit.<\/p>\n<p>4. R\u00e9gler le dispositif d'\u00e9talonnage sur le d\u00e9bit souhait\u00e9.<\/p>\n<p>5. Mettre le d\u00e9bitm\u00e8tre en marche et le laisser fonctionner pendant quelques minutes pour s'assurer qu'il est stable.<\/p>\n<p>6. V\u00e9rifier la lecture du d\u00e9bitm\u00e8tre par rapport \u00e0 celle du dispositif d'\u00e9talonnage.<\/p>\n<p>7. Ajuster les r\u00e9glages du d\u00e9bitm\u00e8tre si n\u00e9cessaire pour qu'il corresponde \u00e0 la lecture du dispositif d'\u00e9talonnage.<\/p>\n<p>8. R\u00e9p\u00e9ter les \u00e9tapes 4 \u00e0 7 jusqu'\u00e0 ce que la lecture du d\u00e9bitm\u00e8tre corresponde \u00e0 celle du dispositif d'\u00e9talonnage.<\/p>\n<p>9. Enregistrer les r\u00e9glages du d\u00e9bitm\u00e8tre et la lecture du dispositif d'\u00e9talonnage pour r\u00e9f\u00e9rence ult\u00e9rieure.<\/p>\n<\/div>\n<div id=\"03\">\n<p><strong>3. quels sont les types courants de d\u00e9bitm\u00e8tres pr\u00e9cis pour l'eau ?<\/strong><\/p>\n<p>Notre mission est de fournir aux clients les meilleures solutions pour un d\u00e9bitm\u00e8tre d'eau pr\u00e9cis.<br \/>\n1. D\u00e9bitm\u00e8tres \u00e0 pression diff\u00e9rentielle<br \/>\n2. D\u00e9bitm\u00e8tres \u00e0 d\u00e9placement positif<br \/>\n3. D\u00e9bitm\u00e8tres \u00e0 turbine<br \/>\n4. D\u00e9bitm\u00e8tres magn\u00e9tiques<br \/>\n5. D\u00e9bitm\u00e8tres \u00e0 ultrasons<br \/>\n6. D\u00e9bitm\u00e8tres \u00e0 effet Coriolis<br \/>\n7. D\u00e9bitm\u00e8tres \u00e0 vortex<br \/>\n8. D\u00e9bitm\u00e8tres cibles<br \/>\n9. D\u00e9bitm\u00e8tres \u00e0 surface variable<br \/>\n10. D\u00e9bitm\u00e8tres massiques<\/p>\n<p><img style=\"max-width: 100%;\" title=\"Quels sont les types courants de d\u00e9bitm\u00e8tres d&#039;eau pr\u00e9cis ?\" src=\"https:\/\/www.hginstrument.com\/wp-content\/uploads\/2021\/07\/hgtf-6.jpg\" alt=\"Quels sont les types courants de d\u00e9bitm\u00e8tres d&#039;eau pr\u00e9cis ?\" \/><\/p>\n<\/div>\n<div id=\"04\">\n<p><strong>4.A propos de la date de livraison d'un d\u00e9bitm\u00e8tre d'eau pr\u00e9cis<\/strong><\/p>\n<p>La date de livraison d'un d\u00e9bitm\u00e8tre d\u00e9pend du type de d\u00e9bitm\u00e8tre, du fabricant et de la disponibilit\u00e9 du produit. En g\u00e9n\u00e9ral, la plupart des d\u00e9bitm\u00e8tres peuvent \u00eatre livr\u00e9s dans un d\u00e9lai de quelques jours \u00e0 quelques semaines. Toutefois, la livraison de certains d\u00e9bitm\u00e8tres sp\u00e9cialis\u00e9s peut prendre plus de temps. Il est pr\u00e9f\u00e9rable de contacter directement le fabricant pour obtenir une date de livraison pr\u00e9cise.<\/p>\n<\/div>\n<div id=\"05\">\n<p><strong>5. quel est le temps de r\u00e9ponse du d\u00e9bitm\u00e8tre d'eau pr\u00e9cis ?<\/strong><\/p>\n<p>Nous avons \u00e9tabli des partenariats stables et \u00e0 long terme avec nos fournisseurs, ce qui nous conf\u00e8re de grands avantages en termes de prix, de co\u00fbts et d'assurance qualit\u00e9.<br \/>\nLe temps de r\u00e9ponse d'un d\u00e9bitm\u00e8tre peut varier en fonction du type de d\u00e9bitm\u00e8tre utilis\u00e9. En g\u00e9n\u00e9ral, le temps de r\u00e9ponse d'un d\u00e9bitm\u00e8tre est compris entre 0,1 et 1 seconde.<\/p>\n<\/div>\n<div id=\"06\">\n<p><strong>6. le d\u00e9bitm\u00e8tre d'eau pr\u00e9cis est-il anticorrosion ?<\/strong><\/p>\n<p>Nous avons acquis une bonne r\u00e9putation et \u00e9tabli des partenariats fiables dans le secteur des d\u00e9bitm\u00e8tres d'eau pr\u00e9cis.<br \/>\nOui, la plupart des d\u00e9bitm\u00e8tres sont con\u00e7us pour r\u00e9sister \u00e0 la corrosion. Cependant, le type sp\u00e9cifique de d\u00e9bitm\u00e8tre et l'environnement dans lequel il est utilis\u00e9 d\u00e9terminent le degr\u00e9 de r\u00e9sistance \u00e0 la corrosion.<\/p>\n<p><img style=\"max-width: 100%;\" title=\"Le d\u00e9bitm\u00e8tre d&#039;eau pr\u00e9cis est-il anticorrosion ?\" src=\"https:\/\/www.hginstrument.com\/wp-content\/uploads\/2021\/07\/sanitary-mag-1.jpg\" alt=\"Le d\u00e9bitm\u00e8tre d&#039;eau pr\u00e9cis est-il anticorrosion ?\" \/><\/p>\n<\/div>\n<div id=\"07\">\n<p><strong>7.About accurate water flow meter overseas warehouse<\/strong><\/p>\n<p>Les entrep\u00f4ts de d\u00e9bitm\u00e8tres \u00e0 l'\u00e9tranger sont des entrep\u00f4ts situ\u00e9s dans des pays \u00e9trangers qui stockent des d\u00e9bitm\u00e8tres et des produits connexes. Ces entrep\u00f4ts sont utilis\u00e9s pour stocker et distribuer des d\u00e9bitm\u00e8tres \u00e0 des clients dans diff\u00e9rents pays. Ils sont g\u00e9n\u00e9ralement situ\u00e9s dans des pays o\u00f9 la demande de d\u00e9bitm\u00e8tres est importante, comme les \u00c9tats-Unis, le Canada et l'Europe. Les entrep\u00f4ts sont g\u00e9n\u00e9ralement d\u00e9tenus et g\u00e9r\u00e9s par le fabricant des d\u00e9bitm\u00e8tres ou par un prestataire logistique tiers. Les entrep\u00f4ts contiennent g\u00e9n\u00e9ralement une grande vari\u00e9t\u00e9 de d\u00e9bitm\u00e8tres, y compris des d\u00e9bitm\u00e8tres num\u00e9riques, analogiques et \u00e0 ultrasons. Ils stockent \u00e9galement des pi\u00e8ces de rechange et des accessoires pour les d\u00e9bitm\u00e8tres.<\/p>\n<\/div>\n<div id=\"08\">\n<p><strong>8. quel est le principe de base d'un d\u00e9bitm\u00e8tre d'eau pr\u00e9cis ?<\/strong><\/p>\n<p>Nos produits sont soumis \u00e0 un contr\u00f4le de qualit\u00e9 strict afin de garantir la satisfaction de nos clients.<br \/>\nLe principe de base d'un d\u00e9bitm\u00e8tre est de mesurer le d\u00e9bit d'un fluide ou d'un gaz dans un tuyau ou un autre r\u00e9cipient. Cela se fait g\u00e9n\u00e9ralement en mesurant la chute de pression \u00e0 travers une restriction connue dans le tuyau, ou en mesurant la vitesse du fluide ou du gaz lorsqu'il passe dans le tuyau.<\/p>\n<\/div>\n<div id=\"09\">\n<p><strong>9.A propos des capacit\u00e9s de R&amp;D en mati\u00e8re de d\u00e9bitm\u00e8tres d'eau de pr\u00e9cision<\/strong><\/p>\n<p>Les capacit\u00e9s de R&amp;D en mati\u00e8re de d\u00e9bitm\u00e8tres d\u00e9signent l'aptitude d'une entreprise ou d'une organisation \u00e0 rechercher, d\u00e9velopper et fabriquer des d\u00e9bitm\u00e8tres. Il s'agit notamment de la capacit\u00e9 \u00e0 concevoir, tester et fabriquer des d\u00e9bitm\u00e8tres qui r\u00e9pondent aux exigences des clients et aux normes industrielles. Elles comprennent \u00e9galement la capacit\u00e9 \u00e0 d\u00e9velopper de nouvelles technologies et de nouveaux produits pour r\u00e9pondre \u00e0 l'\u00e9volution des besoins de l'industrie. Les entreprises dot\u00e9es de solides capacit\u00e9s de R&amp;D sont en mesure de devancer la concurrence et de fournir \u00e0 leurs clients les d\u00e9bitm\u00e8tres les plus avanc\u00e9s et les plus fiables.<\/p>\n<p><img style=\"max-width: 100%;\" title=\"A propos des capacit\u00e9s de R&amp;D en mati\u00e8re de d\u00e9bitm\u00e8tres d&#039;eau de pr\u00e9cision\" src=\"https:\/\/www.hginstrument.com\/wp-content\/uploads\/2021\/07\/hls-2000h-m2.jpg\" alt=\"A propos des capacit\u00e9s de R&amp;D en mati\u00e8re de d\u00e9bitm\u00e8tres d&#039;eau de pr\u00e9cision\" \/><\/p>\n<\/div>\n<div id=\"010\">\n<p><strong>10. un compteur d'eau pr\u00e9cis peut-il \u00eatre surveill\u00e9 \u00e0 distance ?<\/strong><\/p>\n<p>Nous sommes une entreprise professionnelle de d\u00e9bitm\u00e8tres d'eau pr\u00e9cis qui se consacre \u00e0 la fourniture de produits et de services de haute qualit\u00e9.<br \/>\nOui, les d\u00e9bitm\u00e8tres peuvent \u00eatre surveill\u00e9s \u00e0 distance. De nombreux d\u00e9bitm\u00e8tres modernes sont \u00e9quip\u00e9s de capacit\u00e9s de communication sans fil, ce qui permet de les surveiller \u00e0 distance \u00e0 l'aide d'un ordinateur ou d'un appareil mobile. En outre, certains d\u00e9bitm\u00e8tres sont \u00e9quip\u00e9s de capacit\u00e9s de communication cellulaire ou par satellite, ce qui permet de les surveiller depuis pratiquement n'importe quel endroit.<\/p>\n<\/div>\n<div id=\"11\">\n<p><strong>11. quelle est la plage de pression applicable \u00e0 un d\u00e9bitm\u00e8tre d'eau pr\u00e9cis ?<\/strong><\/p>\n<p>Nos produits et services couvrent un large \u00e9ventail de domaines et r\u00e9pondent aux besoins de diff\u00e9rents secteurs.<br \/>\nLa plage de pression applicable \u00e0 un d\u00e9bitm\u00e8tre d\u00e9pend du type de d\u00e9bitm\u00e8tre utilis\u00e9. En g\u00e9n\u00e9ral, les d\u00e9bitm\u00e8tres peuvent mesurer des pressions allant de 0,1 bar \u00e0 1000 bars.<\/p>\n<\/div>\n<div id=\"12\">\n<p><strong>12. d\u00e9bitm\u00e8tre d'eau pr\u00e9cis MOQ<\/strong><\/p>\n<p>La quantit\u00e9 minimale de commande (QMC) d'un d\u00e9bitm\u00e8tre d\u00e9pend du type de d\u00e9bitm\u00e8tre et du fabricant. En g\u00e9n\u00e9ral, la QMo pour un d\u00e9bitm\u00e8tre se situe entre 1 et 10 unit\u00e9s, mais elle peut varier en fonction du fabricant et du type de d\u00e9bitm\u00e8tre.<\/p>\n<p><img style=\"max-width: 100%;\" title=\"A propos du d\u00e9bitm\u00e8tre d&#039;eau pr\u00e9cis MOQ\" src=\"https:\/\/www.hginstrument.com\/wp-content\/uploads\/2021\/07\/hls-2000p-z1.jpg\" alt=\"A propos du d\u00e9bitm\u00e8tre d&#039;eau pr\u00e9cis MOQ\" \/><\/p>\n<\/div>\n<div id=\"13\">\n<p><strong>13. les r\u00e9sultats des mesures des d\u00e9bitm\u00e8tres d'eau sont-ils tra\u00e7ables ?<\/strong><\/p>\n<p>Notre soci\u00e9t\u00e9 poss\u00e8de de nombreuses ann\u00e9es d'exp\u00e9rience et d'expertise en mati\u00e8re de d\u00e9bitm\u00e8tres d'eau pr\u00e9cis.<br \/>\nOui, les r\u00e9sultats des mesures des d\u00e9bitm\u00e8tres peuvent \u00eatre tra\u00e7ables. La tra\u00e7abilit\u00e9 est la capacit\u00e9 de retracer l'historique, l'application ou l'emplacement d'un \u00e9l\u00e9ment au moyen d'une identification document\u00e9e et enregistr\u00e9e. Les d\u00e9bitm\u00e8tres sont g\u00e9n\u00e9ralement \u00e9talonn\u00e9s \u00e0 l'aide d'un \u00e9talon tra\u00e7able, tel qu'un \u00e9talon tra\u00e7able NIST. Cela garantit que les r\u00e9sultats des mesures du d\u00e9bitm\u00e8tre sont tra\u00e7ables \u00e0 un \u00e9talon connu.<\/p>\n<\/div>\n<div id=\"14\">\n<p><strong>14. le compteur d'eau pr\u00e9cis dispose-t-il d'un affichage multilingue ?<\/strong><\/p>\n<p>En tant que l'un des principaux fabricants de d\u00e9bitm\u00e8tres d'eau pr\u00e9cis en Chine, nous prenons cela tr\u00e8s au s\u00e9rieux.<br \/>\nOui, certains d\u00e9bitm\u00e8tres sont dot\u00e9s d'un affichage multilingue. Toutefois, cette fonction n'est pas disponible sur tous les mod\u00e8les. Il est pr\u00e9f\u00e9rable de v\u00e9rifier aupr\u00e8s du fabricant si le mod\u00e8le qui vous int\u00e9resse est dot\u00e9 de cette fonction.<\/p>\n<\/div>\n<div id=\"15\">\n<p><strong>15. l'unit\u00e9 de mesure du compteur d'eau pr\u00e9cis est-elle rempla\u00e7able ?<\/strong><\/p>\n<p>En tant que l'un des principaux fabricants de d\u00e9bitm\u00e8tres d'eau pr\u00e9cis en Chine, nous prenons cela tr\u00e8s au s\u00e9rieux.<br \/>\nOui, l'unit\u00e9 de mesure d'un d\u00e9bitm\u00e8tre est rempla\u00e7able.<\/p>\n<p><img style=\"max-width: 100%;\" title=\"L&#039;unit\u00e9 de mesure du d\u00e9bitm\u00e8tre d&#039;eau pr\u00e9cis est-elle rempla\u00e7able ?\" src=\"https:\/\/www.hginstrument.com\/wp-content\/uploads\/2021\/07\/hguoc-1.jpg\" alt=\"L&#039;unit\u00e9 de mesure du d\u00e9bitm\u00e8tre d&#039;eau pr\u00e9cis est-elle rempla\u00e7able ?\" \/><\/p>\n<\/div>\n<div id=\"16\">\n<p><strong>16. le compteur d'eau pr\u00e9cis a-t-il une fonction de surveillance en temps r\u00e9el ?<\/strong><\/p>\n<p>Oui, certains d\u00e9bitm\u00e8tres ont des fonctions de surveillance en temps r\u00e9el. Ces compteurs sont g\u00e9n\u00e9ralement \u00e9quip\u00e9s de capteurs qui mesurent le d\u00e9bit et transmettent les donn\u00e9es \u00e0 un syst\u00e8me de surveillance. Cela permet de contr\u00f4ler en temps r\u00e9el le d\u00e9bit et d'autres param\u00e8tres.<\/p>\n<\/div>\n<p>&nbsp;<\/p>\n<p>Tag\uff1a<a href=\"\/fr\/magnetic-flow-meter\/sccm-flow-meter\/\">d\u00e9bitm\u00e8tre sccm<\/a>,<a href=\"\/fr\/magnetic-flow-meter\/cryogenic-flow-meter\/\">d\u00e9bitm\u00e8tre cryog\u00e9nique<\/a>,<a href=\"\/fr\/magnetic-flow-meter\/ag-chemical-flow-meter\/\">d\u00e9bitm\u00e8tre pour produits chimiques agricoles<\/a>,<a href=\"\/fr\/magnetic-flow-meter\/high-temperature-flow-meter\/\">d\u00e9bitm\u00e8tre \u00e0 haute temp\u00e9rature<\/a><\/p>\n<p>&nbsp;<\/p>","protected":false},"excerpt":{"rendered":"<p><strong>Donn\u00e9es techniques<\/strong><br \/>\nPeut \u00eatre utilis\u00e9 pour les fluides liquides ou gazeux, g\u00e9n\u00e9ralement pour mesurer le d\u00e9bit de la vapeur, de la vapeur, de l'air et du gaz naturel.<br \/>\nTaille du compteur : Type en ligne : DN25 - DN300<br \/>\nOption de mat\u00e9riau en contact avec le liquide : SS304, SS316<br \/>\nTemp\u00e9rature de fonctionnement : \u2264250\u2103<br \/>\nRaccordement au processus : Wafer \/ Bride \/ Tri-clamp pour le type en ligne<br \/>\nPr\u00e9cision de mesure : 1,0 % - 1,5% de la plage d'\u00e9talonnage<br \/>\nIndicateur num\u00e9rique : affichage du d\u00e9bit instantan\u00e9, du d\u00e9bit total<br \/>\nAlimentation : 24VDC, Sortie : 4-20mA<\/p>\n<p><strong>caract\u00e9ristiques<\/strong><br \/>\n1. points de consigne ON\/OFF r\u00e9glables<br \/>\n2. mode d'alarme de d\u00e9bit Hi ou Lo<br \/>\n3. d\u00e9lai r\u00e9glable<br \/>\n4. LED d'\u00e9tat du relais<\/p>","protected":false},"featured_media":3691,"comment_status":"closed","ping_status":"closed","template":"","meta":[],"product_cat":[2372],"product_tag":[],"acf":[],"_links":{"self":[{"href":"https:\/\/www.hginstrument.com\/fr\/wp-json\/wp\/v2\/product\/4915"}],"collection":[{"href":"https:\/\/www.hginstrument.com\/fr\/wp-json\/wp\/v2\/product"}],"about":[{"href":"https:\/\/www.hginstrument.com\/fr\/wp-json\/wp\/v2\/types\/product"}],"replies":[{"embeddable":true,"href":"https:\/\/www.hginstrument.com\/fr\/wp-json\/wp\/v2\/comments?post=4915"}],"wp:featuredmedia":[{"embeddable":true,"href":"https:\/\/www.hginstrument.com\/fr\/wp-json\/wp\/v2\/media\/3691"}],"wp:attachment":[{"href":"https:\/\/www.hginstrument.com\/fr\/wp-json\/wp\/v2\/media?parent=4915"}],"wp:term":[{"taxonomy":"product_cat","embeddable":true,"href":"https:\/\/www.hginstrument.com\/fr\/wp-json\/wp\/v2\/product_cat?post=4915"},{"taxonomy":"product_tag","embeddable":true,"href":"https:\/\/www.hginstrument.com\/fr\/wp-json\/wp\/v2\/product_tag?post=4915"}],"curies":[{"name":"wp","href":"https:\/\/api.w.org\/{rel}","templated":true}]}}