{"id":4990,"date":"2023-12-23T14:09:27","date_gmt":"2023-12-23T06:09:27","guid":{"rendered":"https:\/\/www.hginstrument.com\/?post_type=product&#038;p=4990"},"modified":"2024-01-09T10:44:02","modified_gmt":"2024-01-09T02:44:02","slug":"best-peak-flow-meter","status":"publish","type":"product","link":"https:\/\/www.hginstrument.com\/fr\/magnetic-flow-meter\/best-peak-flow-meter\/","title":{"rendered":"meilleur d\u00e9bitm\u00e8tre de pointe"},"content":{"rendered":"<p>Le meilleur d\u00e9bitm\u00e8tre de pointe est une technologie pr\u00e9cise et fiable utilis\u00e9e pour mesurer le d\u00e9bit d'un fluide. Il mesure avec pr\u00e9cision le volume, la masse ou la vitesse du fluide passant par un point sp\u00e9cifique dans un laps de temps donn\u00e9. Il mesure avec pr\u00e9cision le volume, la masse ou la vitesse du fluide passant par un point sp\u00e9cifique dans un laps de temps donn\u00e9. Le meilleur d\u00e9bitm\u00e8tre de pointe est con\u00e7u avec des caract\u00e9ristiques avanc\u00e9es telles qu'un \u00e9cran haute r\u00e9solution, le traitement num\u00e9rique du signal et l'enregistrement des donn\u00e9es en temps r\u00e9el.<\/p>\n<p>Le meilleur d\u00e9bitm\u00e8tre de pointe est un instrument de pr\u00e9cision con\u00e7u pour mesurer le d\u00e9bit d'un liquide ou d'un gaz dans une canalisation. Il s'agit d'un outil important dans les secteurs du p\u00e9trole et du gaz, de la chimie, des instruments d'analyse et de laboratoire, du traitement de l'eau et de nombreuses autres industries.<\/p>\n<p>Gr\u00e2ce \u00e0 sa technologie avanc\u00e9e et \u00e0 sa grande pr\u00e9cision, le meilleur d\u00e9bitm\u00e8tre de pointe offre aux utilisateurs la possibilit\u00e9 de surveiller et de contr\u00f4ler le d\u00e9bit de leurs processus avec pr\u00e9cision et efficacit\u00e9. Gr\u00e2ce \u00e0 sa construction durable, il peut r\u00e9sister \u00e0 des conditions de fonctionnement difficiles et offrir une fiabilit\u00e9 \u00e0 long terme.<\/p>\n<table class=\"table table-bordered\">\n<tbody>\n<tr>\n<td><span style=\"vertical-align: inherit;\"><span style=\"vertical-align: inherit;\">Type\uff1a<\/span><\/span><\/td>\n<td><span style=\"vertical-align: inherit;\">meilleur d\u00e9bitm\u00e8tre de pointe<\/span><\/td>\n<td><span style=\"vertical-align: inherit;\"><span style=\"vertical-align: inherit;\">Signal de sortie\uff1a<\/span><\/span><\/td>\n<td><span style=\"vertical-align: inherit;\"><span style=\"vertical-align: inherit;\">4-20 mA, impulsion\/fr\u00e9quence 2 kHz (par d\u00e9faut), 5 kHz (max)<\/span><\/span><\/td>\n<\/tr>\n<tr>\n<td><span style=\"vertical-align: inherit;\"><span style=\"vertical-align: inherit;\">Lieu d'origine\uff1a<\/span><\/span><\/td>\n<td><span style=\"vertical-align: inherit;\"><span style=\"vertical-align: inherit;\">Jiangsu\uff0cChina<\/span><\/span><\/td>\n<td><span style=\"vertical-align: inherit;\"><span style=\"vertical-align: inherit;\">Incorporer le type\uff1a<\/span><\/span><\/td>\n<td><span style=\"vertical-align: inherit;\"><span style=\"vertical-align: inherit;\">-10\u2103- +50\u2103<\/span><\/span><\/td>\n<\/tr>\n<tr>\n<td><span style=\"vertical-align: inherit;\"><span style=\"vertical-align: inherit;\">Garantie\uff1a<\/span><\/span><\/td>\n<td><span style=\"vertical-align: inherit;\"><span style=\"vertical-align: inherit;\">12 mois<\/span><\/span><\/td>\n<td><span style=\"vertical-align: inherit;\"><span style=\"vertical-align: inherit;\">Tension d'alimentation\uff1a<\/span><\/span><\/td>\n<td><span style=\"vertical-align: inherit;\"><span style=\"vertical-align: inherit;\">110\/220VAC (100-240VAC), 50Hz\/60Hz ; 24VDC\u00b110%<\/span><\/span><\/td>\n<\/tr>\n<tr>\n<td><span style=\"vertical-align: inherit;\"><span style=\"vertical-align: inherit;\">Soutien personnalis\u00e9\uff1a<\/span><\/span><\/td>\n<td><span style=\"vertical-align: inherit;\"><span style=\"vertical-align: inherit;\">OEM, ODM, OBM<\/span><\/span><\/td>\n<td><span style=\"vertical-align: inherit;\"><span style=\"vertical-align: inherit;\">Communication num\u00e9rique\uff1a<\/span><\/span><\/td>\n<td><span style=\"vertical-align: inherit;\"><span style=\"vertical-align: inherit;\">RS-485, supportant le protocole standard Mudbugs-RTU ; GPRS<\/span><\/span><\/td>\n<\/tr>\n<tr>\n<td><span style=\"vertical-align: inherit;\"><span style=\"vertical-align: inherit;\">Nom de marque\uff1a<\/span><\/span><\/td>\n<td><span style=\"vertical-align: inherit;\"><span style=\"vertical-align: inherit;\">GROUPE SUYI<\/span><\/span><\/td>\n<td><span style=\"vertical-align: inherit;\"><span style=\"vertical-align: inherit;\">Pression nominale\uff1a<\/span><\/span><\/td>\n<td><span style=\"vertical-align: inherit;\"><span style=\"vertical-align: inherit;\">1MPa (DN15-DN800), 1,6MPa(DN15-DN800), 2,5MPa(DN15-DN600)<\/span><\/span><\/td>\n<\/tr>\n<tr>\n<td><span style=\"vertical-align: inherit;\"><span style=\"vertical-align: inherit;\">Num\u00e9ro de mod\u00e8le\uff1a<\/span><\/span><\/td>\n<td><span style=\"vertical-align: inherit;\"><span style=\"vertical-align: inherit;\">autres<\/span><\/span><\/td>\n<td><span style=\"vertical-align: inherit;\"><span style=\"vertical-align: inherit;\">Capteur\uff1a<\/span><\/span><\/td>\n<td><span style=\"vertical-align: inherit;\"><span style=\"vertical-align: inherit;\">0\u2103- +80\u2103 ou -25\u2103- +120\u2103 ou +70\u2103- +250\u2103<\/span><\/span><\/td>\n<\/tr>\n<tr>\n<td><span style=\"vertical-align: inherit;\"><span style=\"vertical-align: inherit;\">Nom du produit\uff1a<\/span><\/span><\/td>\n<td><span style=\"vertical-align: inherit;\"><span style=\"vertical-align: inherit;\">D\u00e9bitm\u00e8tre \u00e9lectromagn\u00e9tique intelligent pour produits chimiques<\/span><\/span><\/td>\n<td><span style=\"vertical-align: inherit;\"><span style=\"vertical-align: inherit;\">D\u00e9tails de l'emballage\uff1a<\/span><\/span><\/td>\n<td><span style=\"vertical-align: inherit;\"><span style=\"vertical-align: inherit;\">1 jeu par paquet ou selon la demande du client<\/span><\/span><\/td>\n<\/tr>\n<tr>\n<td><span style=\"vertical-align: inherit;\"><span style=\"vertical-align: inherit;\">Diam\u00e8tre nominal\uff1a<\/span><\/span><\/td>\n<td><span style=\"vertical-align: inherit;\"><span style=\"vertical-align: inherit;\">3-3039mm<\/span><\/span><\/td>\n<td><span style=\"vertical-align: inherit;\"><span style=\"vertical-align: inherit;\">Capacit\u00e9 d'approvisionnement\uff1a<\/span><\/span><\/td>\n<td><span style=\"vertical-align: inherit;\"><span style=\"vertical-align: inherit;\">1735 Set\/Sets par mois<\/span><\/span><\/td>\n<\/tr>\n<tr>\n<td><span style=\"vertical-align: inherit;\"><span style=\"vertical-align: inherit;\">gamme de vitesses\uff1a<\/span><\/span><\/td>\n<td><span style=\"vertical-align: inherit;\"><span style=\"vertical-align: inherit;\">0-5m\/s<\/span><\/span><\/td>\n<td><span style=\"vertical-align: inherit;\"><span style=\"vertical-align: inherit;\">Quantit\u00e9 (jeux)\uff1a<\/span><\/span><\/td>\n<td><span style=\"vertical-align: inherit;\"><span style=\"vertical-align: inherit;\">&gt; 30<\/span><\/span><\/td>\n<\/tr>\n<tr>\n<td><span style=\"vertical-align: inherit;\"><span style=\"vertical-align: inherit;\">Degr\u00e9 de pr\u00e9cision\uff1a<\/span><\/span><\/td>\n<td><span style=\"vertical-align: inherit;\"><span style=\"vertical-align: inherit;\">\u00b10,5%R, \u00b11%R ( &lt; DN20)<\/span><\/span><\/td>\n<td><span style=\"vertical-align: inherit;\"><span style=\"vertical-align: inherit;\">D\u00e9lai d'ex\u00e9cution (jours)\uff1a<\/span><\/span><\/td>\n<td><span style=\"vertical-align: inherit;\"><span style=\"vertical-align: inherit;\">A n\u00e9gocier<\/span><\/span><\/td>\n<\/tr>\n<\/tbody>\n<\/table>\n<p>&nbsp;<\/p>\n<p>&nbsp;<\/p>\n<p style=\"text-align: center;\"><img title=\"meilleur d\u00e9bitm\u00e8tre de pointe\" src=\"https:\/\/www.hginstrument.com\/wp-content\/uploads\/2021\/07\/in-line-pipeline-type-hgd-electromagnetic-flow-meter.jpg\" \/><\/p>\n<p>&nbsp;<\/p>\n<p>&nbsp;<\/p>\n<p style=\"text-align: center;\"><img title=\"meilleur d\u00e9bitm\u00e8tre de pointe\" src=\"https:\/\/www.hginstrument.com\/wp-content\/uploads\/2021\/07\/insertion-01.jpg\" \/><\/p>\n<p>&nbsp;<\/p>\n<p>&nbsp;<\/p>\n<p style=\"text-align: center;\"><img title=\"meilleur d\u00e9bitm\u00e8tre de pointe\" src=\"https:\/\/www.hginstrument.com\/wp-content\/uploads\/2021\/07\/sanitary-mag-1.jpg\" \/><\/p>\n<p><strong>Guide des FAQ sur le meilleur d\u00e9bitm\u00e8tre de pointe.<\/strong><\/p>\n<p>Au c\u0153ur de notre s\u00e9rie de d\u00e9bitm\u00e8tres de pointe se trouve un engagement d'excellence, associant une technologie de capteur avanc\u00e9e \u00e0 des interfaces conviviales. Du liquide au gaz, nos d\u00e9bitm\u00e8tres offrent une pr\u00e9cision in\u00e9gal\u00e9e, vous permettant de prendre des d\u00e9cisions \u00e9clair\u00e9es et de rationaliser vos op\u00e9rations. Alors que nous entrons dans une nouvelle \u00e8re de la mesure des fluides, nous vous invitons \u00e0 explorer les possibilit\u00e9s illimit\u00e9es qu'offrent nos meilleurs d\u00e9bitm\u00e8tres de pointe - o\u00f9 la pr\u00e9cision rencontre la performance, et o\u00f9 l'innovation circule de mani\u00e8re fluide.<\/p>\n<div style=\"border: 3px solid #f89900; margin: 20px 0; padding: 20px;\"><a href=\"\/fr\/best-peak-flow-meter\/#01\">1.A propos des meilleures capacit\u00e9s de R&amp;D en mati\u00e8re de d\u00e9bitm\u00e8tres de pointe<\/a><br \/>\n<a href=\"\/fr\/best-peak-flow-meter\/#02\">2) Quels sont les principaux types de d\u00e9bitm\u00e8tres de pointe ?<\/a><br \/>\n<a href=\"\/fr\/best-peak-flow-meter\/#03\">3.1 Formation \u00e0 la production de d\u00e9bitm\u00e8tres de pointe<\/a><br \/>\n<a href=\"\/fr\/best-peak-flow-meter\/#04\">4. le meilleur d\u00e9bitm\u00e8tre de pointe dispose-t-il d'une fonction de surveillance en temps r\u00e9el ?<\/a><br \/>\n<a href=\"\/fr\/best-peak-flow-meter\/#05\">5. quelle est la diff\u00e9rence entre le meilleur d\u00e9bitm\u00e8tre de pointe SUYI group et le meilleur d\u00e9bitm\u00e8tre de pointe Emerson et le meilleur d\u00e9bitm\u00e8tre de pointe Honeywell ?<\/a><br \/>\n<a href=\"\/fr\/best-peak-flow-meter\/#06\">6.1 Les meilleurs services de personnalisation des d\u00e9bitm\u00e8tres de pointe<\/a><br \/>\n<a href=\"\/fr\/best-peak-flow-meter\/#07\">7.Comment un meilleur d\u00e9bitm\u00e8tre de pointe mesure-t-il le d\u00e9bit ?<\/a><br \/>\n<a href=\"\/fr\/best-peak-flow-meter\/#08\">8. quelle est la diff\u00e9rence entre le meilleur d\u00e9bitm\u00e8tre de pointe du groupe SUYI et le meilleur d\u00e9bitm\u00e8tre de pointe de Yokogawa et le meilleur d\u00e9bitm\u00e8tre de pointe d'ABB ?<\/a><br \/>\n<a href=\"\/fr\/best-peak-flow-meter\/#09\">9. l'histoire du d\u00e9veloppement de l'usine du meilleur d\u00e9bitm\u00e8tre de pointe<\/a><br \/>\n<a href=\"\/fr\/best-peak-flow-meter\/#010\">10. quelles sont les m\u00e9thodes d'installation du meilleur d\u00e9bitm\u00e8tre de pointe ?<\/a><br \/>\n<a href=\"\/fr\/best-peak-flow-meter\/#11\">11. quel est le format du signal de sortie du meilleur d\u00e9bitm\u00e8tre de pointe ?<\/a><br \/>\n<a href=\"\/fr\/best-peak-flow-meter\/#12\">12. quelle est la plage de temp\u00e9rature de fonctionnement du meilleur d\u00e9bitm\u00e8tre de pointe ?<\/a><br \/>\n<a href=\"\/fr\/best-peak-flow-meter\/#13\">13. quelle est la pr\u00e9cision du meilleur d\u00e9bitm\u00e8tre de pointe ?<\/a><br \/>\n<a href=\"\/fr\/best-peak-flow-meter\/#14\">14.1 Inventaire des meilleurs d\u00e9bitm\u00e8tres de pointe<\/a><\/div>\n<div id=\"01\">\n<p><strong>1.A propos des meilleures capacit\u00e9s de R&amp;D en mati\u00e8re de d\u00e9bitm\u00e8tres de pointe<\/strong><\/p>\n<p>Les capacit\u00e9s de R&amp;D en mati\u00e8re de d\u00e9bitm\u00e8tres d\u00e9signent l'aptitude d'une entreprise ou d'une organisation \u00e0 rechercher, d\u00e9velopper et fabriquer des d\u00e9bitm\u00e8tres. Il s'agit notamment de la capacit\u00e9 \u00e0 concevoir, tester et fabriquer des d\u00e9bitm\u00e8tres qui r\u00e9pondent aux exigences des clients et aux normes industrielles. Elles comprennent \u00e9galement la capacit\u00e9 \u00e0 d\u00e9velopper de nouvelles technologies et de nouveaux produits pour r\u00e9pondre \u00e0 l'\u00e9volution des besoins de l'industrie. Les entreprises dot\u00e9es de solides capacit\u00e9s de R&amp;D sont en mesure de devancer la concurrence et de fournir \u00e0 leurs clients les d\u00e9bitm\u00e8tres les plus avanc\u00e9s et les plus fiables.<\/p>\n<\/div>\n<div id=\"02\">\n<p><strong>2) Quels sont les principaux types de d\u00e9bitm\u00e8tres de pointe ?<\/strong><\/p>\n<p>Notre mission est de fournir aux clients les meilleures solutions pour les meilleurs d\u00e9bitm\u00e8tres de pointe.<br \/>\n1. D\u00e9bitm\u00e8tres \u00e0 pression diff\u00e9rentielle<br \/>\n2. D\u00e9bitm\u00e8tres \u00e0 d\u00e9placement positif<br \/>\n3. D\u00e9bitm\u00e8tres \u00e0 turbine<br \/>\n4. D\u00e9bitm\u00e8tres magn\u00e9tiques<br \/>\n5. D\u00e9bitm\u00e8tres \u00e0 ultrasons<br \/>\n6. D\u00e9bitm\u00e8tres \u00e0 effet Coriolis<br \/>\n7. D\u00e9bitm\u00e8tres \u00e0 vortex<br \/>\n8. D\u00e9bitm\u00e8tres cibles<br \/>\n9. D\u00e9bitm\u00e8tres \u00e0 surface variable<br \/>\n10. D\u00e9bitm\u00e8tres massiques<\/p>\n<\/div>\n<div id=\"03\">\n<p><strong>3.1 Formation \u00e0 la production de d\u00e9bitm\u00e8tres de pointe<\/strong><\/p>\n<p>La formation aux techniques de production des d\u00e9bitm\u00e8tres est con\u00e7ue pour enseigner aux techniciens et aux ing\u00e9nieurs les comp\u00e9tences n\u00e9cessaires \u00e0 la production et \u00e0 l'entretien des d\u00e9bitm\u00e8tres. La formation couvre des sujets tels que les principes de la mesure du d\u00e9bit, les types de d\u00e9bitm\u00e8tres disponibles, l'installation et l'entretien des d\u00e9bitm\u00e8tres, et les techniques de d\u00e9pannage. La formation couvre \u00e9galement l'utilisation de logiciels informatiques pour analyser et interpr\u00e9ter les donn\u00e9es de d\u00e9bit. La formation se d\u00e9roule g\u00e9n\u00e9ralement dans une salle de classe et peut inclure des activit\u00e9s pratiques.<\/p>\n<p><img style=\"max-width: 100%;\" title=\"Formation \u00e0 la production de d\u00e9bitm\u00e8tres de pointe\" src=\"https:\/\/www.hginstrument.com\/wp-content\/uploads\/2021\/07\/hls-2000h-m2.jpg\" alt=\"Formation \u00e0 la production de d\u00e9bitm\u00e8tres de pointe\" \/><\/p>\n<\/div>\n<div id=\"04\">\n<p><strong>4. le meilleur d\u00e9bitm\u00e8tre de pointe dispose-t-il d'une fonction de surveillance en temps r\u00e9el ?<\/strong><\/p>\n<p>Oui, certains d\u00e9bitm\u00e8tres ont des fonctions de surveillance en temps r\u00e9el. Ces compteurs sont g\u00e9n\u00e9ralement \u00e9quip\u00e9s de capteurs qui mesurent le d\u00e9bit et transmettent les donn\u00e9es \u00e0 un syst\u00e8me de surveillance. Cela permet de contr\u00f4ler en temps r\u00e9el le d\u00e9bit et d'autres param\u00e8tres.<\/p>\n<\/div>\n<div id=\"05\">\n<p><strong>5. quelle est la diff\u00e9rence entre le meilleur d\u00e9bitm\u00e8tre de pointe SUYI group et le meilleur d\u00e9bitm\u00e8tre de pointe Emerson et le meilleur d\u00e9bitm\u00e8tre de pointe Honeywell ?<\/strong><\/p>\n<p>Les d\u00e9bitm\u00e8tres du groupe SUYI, d'Emerson et d'Honeywell mesurent tous le d\u00e9bit de liquides et de gaz, mais ils diff\u00e8rent en termes de pr\u00e9cision, de caract\u00e9ristiques et de co\u00fbt. Les d\u00e9bitm\u00e8tres du groupe SUYI sont g\u00e9n\u00e9ralement les plus abordables, mais ils peuvent ne pas avoir la m\u00eame pr\u00e9cision ou les m\u00eames caract\u00e9ristiques que les mod\u00e8les plus co\u00fbteux d'Emerson et d'Honeywell. Les d\u00e9bitm\u00e8tres Emerson sont r\u00e9put\u00e9s pour leur pr\u00e9cision et leur fiabilit\u00e9, mais ils peuvent \u00eatre plus chers que les autres marques. Les d\u00e9bitm\u00e8tres Honeywell sont r\u00e9put\u00e9s pour leurs fonctions avanc\u00e9es et leur pr\u00e9cision, mais ils peuvent \u00eatre les plus chers des trois.<\/p>\n<\/div>\n<div id=\"06\">\n<p><strong>6.1 Les meilleurs services de personnalisation des d\u00e9bitm\u00e8tres de pointe<\/strong><\/p>\n<p>Les services de personnalisation des d\u00e9bitm\u00e8tres sont con\u00e7us pour fournir aux clients une solution sur mesure \u00e0 leurs besoins sp\u00e9cifiques en mati\u00e8re de mesure de d\u00e9bit. Ces services peuvent inclure la personnalisation du d\u00e9bitm\u00e8tre pour l'adapter \u00e0 une application particuli\u00e8re, telle qu'une taille de tuyau ou un d\u00e9bit sp\u00e9cifique, ou pour r\u00e9pondre \u00e0 une certaine exigence de pr\u00e9cision. Les services de personnalisation peuvent \u00e9galement inclure la modification du d\u00e9bitm\u00e8tre pour y inclure des caract\u00e9ristiques suppl\u00e9mentaires, telles qu'un \u00e9cran ou des capacit\u00e9s d'enregistrement de donn\u00e9es. Les services de personnalisation des d\u00e9bitm\u00e8tres peuvent \u00e9galement comprendre l'installation du d\u00e9bitm\u00e8tre, ainsi que la fourniture d'une assistance technique et d'une maintenance.<\/p>\n<p><img style=\"max-width: 100%;\" title=\"A propos des meilleurs services de personnalisation des d\u00e9bitm\u00e8tres de pointe\" src=\"https:\/\/www.hginstrument.com\/wp-content\/uploads\/2021\/07\/hluc-1.jpg\" alt=\"A propos des meilleurs services de personnalisation des d\u00e9bitm\u00e8tres de pointe\" \/><\/p>\n<\/div>\n<div id=\"07\">\n<p><strong>7.Comment un meilleur d\u00e9bitm\u00e8tre de pointe mesure-t-il le d\u00e9bit ?<\/strong><\/p>\n<p>Nous g\u00e9rons notre entreprise de d\u00e9bitm\u00e8tres de pointe avec int\u00e9grit\u00e9 et honn\u00eatet\u00e9.<br \/>\nUn d\u00e9bitm\u00e8tre mesure le d\u00e9bit en mesurant la vitesse d'un fluide lorsqu'il passe dans un tuyau ou un autre conduit. Cela se fait g\u00e9n\u00e9ralement en mesurant la chute de pression dans une zone connue ou en mesurant le temps n\u00e9cessaire pour qu'un volume de fluide passe \u00e0 travers une zone connue. D'autres m\u00e9thodes consistent \u00e0 utiliser une turbine, une roue \u00e0 aubes ou un transducteur \u00e0 ultrasons pour mesurer la vitesse du fluide.<\/p>\n<\/div>\n<div id=\"08\">\n<p><strong>8. quelle est la diff\u00e9rence entre le meilleur d\u00e9bitm\u00e8tre de pointe du groupe SUYI et le meilleur d\u00e9bitm\u00e8tre de pointe de Yokogawa et le meilleur d\u00e9bitm\u00e8tre de pointe d'ABB ?<\/strong><\/p>\n<p>Les d\u00e9bitm\u00e8tres du groupe SUYI, de Yokogawa et d'ABB mesurent tous le d\u00e9bit d'un fluide, mais ils diff\u00e8rent en termes de pr\u00e9cision, de fonctionnalit\u00e9s et de co\u00fbt. Les d\u00e9bitm\u00e8tres du groupe SUYI sont g\u00e9n\u00e9ralement plus abordables que ceux de Yokogawa et d'ABB, mais ils peuvent ne pas avoir autant de fonctions ou une pr\u00e9cision aussi \u00e9lev\u00e9e. Les d\u00e9bitm\u00e8tres Yokogawa sont r\u00e9put\u00e9s pour leur pr\u00e9cision et leur fiabilit\u00e9, mais ils ont tendance \u00e0 \u00eatre plus chers que les d\u00e9bitm\u00e8tres du groupe SUYI et d'ABB. Les d\u00e9bitm\u00e8tres ABB sont r\u00e9put\u00e9s pour leur robustesse et leur durabilit\u00e9, mais ils sont \u00e9galement plus chers que les deux autres marques.<\/p>\n<\/div>\n<div id=\"09\">\n<p><strong>9. l'histoire du d\u00e9veloppement de l'usine du meilleur d\u00e9bitm\u00e8tre de pointe<\/strong><\/p>\n<p>L'usine de d\u00e9bitm\u00e8tres a \u00e9t\u00e9 cr\u00e9\u00e9e au d\u00e9but des ann\u00e9es 1990. Elle a \u00e9t\u00e9 fond\u00e9e par un groupe d'ing\u00e9nieurs et de techniciens qui poss\u00e9daient une vaste exp\u00e9rience dans la conception et la fabrication de d\u00e9bitm\u00e8tres. La soci\u00e9t\u00e9 s'est d'abord concentr\u00e9e sur la production de d\u00e9bitm\u00e8tres m\u00e9caniques, mais elle a rapidement \u00e9largi sa gamme de produits pour y inclure les d\u00e9bitm\u00e8tres \u00e9lectroniques. Au fil des ans, l'entreprise a d\u00e9velopp\u00e9 une large gamme de d\u00e9bitm\u00e8tres pour diverses applications, notamment industrielles, commerciales et r\u00e9sidentielles. Elle a \u00e9galement mis au point une gamme de solutions logicielles et mat\u00e9rielles pour la mesure et le contr\u00f4le des d\u00e9bits. Aujourd'hui, l'entreprise est l'un des principaux fabricants de d\u00e9bitm\u00e8tres et de produits connexes, et elle est reconnue comme un leader dans l'industrie.<\/p>\n<p><img style=\"max-width: 100%;\" title=\"Historique du d\u00e9veloppement de la meilleure usine de d\u00e9bitm\u00e8tres de pointe\" src=\"https:\/\/www.hginstrument.com\/wp-content\/uploads\/2021\/07\/hgtf-6.jpg\" alt=\"Historique du d\u00e9veloppement de la meilleure usine de d\u00e9bitm\u00e8tres de pointe\" \/><\/p>\n<\/div>\n<div id=\"010\">\n<p><strong>10. quelles sont les m\u00e9thodes d'installation du meilleur d\u00e9bitm\u00e8tre de pointe ?<\/strong><\/p>\n<p>Notre mission est de fournir aux clients les meilleures solutions pour les meilleurs d\u00e9bitm\u00e8tres de pointe.<br \/>\n1. Installation en ligne : Il s'agit du type d'installation le plus courant pour les d\u00e9bitm\u00e8tres. Il consiste \u00e0 placer le d\u00e9bitm\u00e8tre directement dans la conduite ou le conduit o\u00f9 le fluide s'\u00e9coule.<\/p>\n<p>2. Installation par insertion : Ce type d'installation consiste \u00e0 ins\u00e9rer le d\u00e9bitm\u00e8tre dans la conduite ou le conduit. Cette op\u00e9ration s'effectue g\u00e9n\u00e9ralement \u00e0 l'aide d'une bride ou d'un raccord.<\/p>\n<p>3. Installation en canal ouvert : Ce type d'installation est utilis\u00e9 lorsque l'\u00e9coulement se fait dans un canal ouvert, tel qu'une rivi\u00e8re ou un ruisseau. Le d\u00e9bitm\u00e8tre est plac\u00e9 dans le canal et mesure le d\u00e9bit.<\/p>\n<p>4. Installation submersible : Ce type d'installation est utilis\u00e9 lorsque le d\u00e9bit se trouve dans un environnement submerg\u00e9, tel qu'un puits ou un r\u00e9servoir. Le d\u00e9bitm\u00e8tre est plac\u00e9 dans l'eau et mesure le d\u00e9bit.<\/p>\n<\/div>\n<div id=\"11\">\n<p><strong>11. quel est le format du signal de sortie du meilleur d\u00e9bitm\u00e8tre de pointe ?<\/strong><\/p>\n<p>Nous am\u00e9liorons en permanence nos comp\u00e9tences et nos connaissances pour nous adapter \u00e0 l'\u00e9volution des besoins du march\u00e9 des d\u00e9bitm\u00e8tres de pointe.<br \/>\nLe format du signal de sortie du d\u00e9bitm\u00e8tre d\u00e9pend du type de d\u00e9bitm\u00e8tre utilis\u00e9. Les formats de signaux de sortie les plus courants sont l'impulsion, la fr\u00e9quence, la tension et le courant.<\/p>\n<\/div>\n<div id=\"12\">\n<p><strong>12. quelle est la plage de temp\u00e9rature de fonctionnement du meilleur d\u00e9bitm\u00e8tre de pointe ?<\/strong><\/p>\n<p>Nous avons \u00e9tabli une bonne r\u00e9putation et des partenariats fiables au sein de l'industrie des meilleurs d\u00e9bitm\u00e8tres de pointe.<br \/>\nLa plage de temp\u00e9rature de fonctionnement du d\u00e9bitm\u00e8tre est comprise entre -40\u00b0F et 140\u00b0F (-40\u00b0C et 60\u00b0C).<\/p>\n<p><img style=\"max-width: 100%;\" title=\"Quelle est la plage de temp\u00e9rature de fonctionnement du meilleur d\u00e9bitm\u00e8tre de pointe ?\" src=\"https:\/\/www.hginstrument.com\/wp-content\/uploads\/2021\/07\/in-line-pipeline-type-hgd-electromagnetic-flow-meter.jpg\" alt=\"Quelle est la plage de temp\u00e9rature de fonctionnement du meilleur d\u00e9bitm\u00e8tre de pointe ?\" \/><\/p>\n<\/div>\n<div id=\"13\">\n<p><strong>13. quelle est la pr\u00e9cision du meilleur d\u00e9bitm\u00e8tre de pointe ?<\/strong><\/p>\n<p>Nous sommes une entreprise professionnelle sp\u00e9cialis\u00e9e dans les d\u00e9bitm\u00e8tres de pointe qui se consacre \u00e0 la fourniture de produits et de services de haute qualit\u00e9.<br \/>\nLa pr\u00e9cision d'un d\u00e9bitm\u00e8tre d\u00e9pend du type de d\u00e9bitm\u00e8tre utilis\u00e9. En g\u00e9n\u00e9ral, la plupart des d\u00e9bitm\u00e8tres ont une pr\u00e9cision de 1-2% par rapport au d\u00e9bit r\u00e9el. Toutefois, certains d\u00e9bitm\u00e8tres peuvent \u00eatre plus pr\u00e9cis que cela, en fonction du type et de la qualit\u00e9 du d\u00e9bitm\u00e8tre.<\/p>\n<\/div>\n<div id=\"14\">\n<p><strong>14.1 Inventaire des meilleurs d\u00e9bitm\u00e8tres de pointe<\/strong><\/p>\n<p>L'inventaire des d\u00e9bitm\u00e8tres est un syst\u00e8me utilis\u00e9 pour suivre et g\u00e9rer les d\u00e9bitm\u00e8tres utilis\u00e9s dans les applications industrielles et commerciales. Il permet de contr\u00f4ler les performances des d\u00e9bitm\u00e8tres et de s'assurer qu'ils sont correctement entretenus et \u00e9talonn\u00e9s. Le syst\u00e8me d'inventaire peut \u00e9galement \u00eatre utilis\u00e9 pour suivre le co\u00fbt des d\u00e9bitm\u00e8tres, ainsi que pour identifier tout probl\u00e8me potentiel ou toute question concernant les d\u00e9bitm\u00e8tres.<\/p>\n<\/div>\n<p>&nbsp;<\/p>\n<p>Tag\uff1a<a href=\"\/fr\/magnetic-flow-meter\/tri-clamp-flow-meter\/\">d\u00e9bitm\u00e8tre tri clamp<\/a>,<a href=\"\/fr\/magnetic-flow-meter\/handheld-ultrasonic-flow-meter\/\">d\u00e9bitm\u00e8tre ultrasonique portatif<\/a>,<a href=\"\/fr\/magnetic-flow-meter\/thermal-mass-flow-meter-emerson\/\">d\u00e9bitm\u00e8tre massique thermique emerson<\/a>,<a href=\"\/fr\/magnetic-flow-meter\/granular-flow-meter\/\">d\u00e9bitm\u00e8tre granulaire<\/a><\/p>\n<p>&nbsp;<\/p>","protected":false},"excerpt":{"rendered":"<p><strong>Donn\u00e9es techniques<\/strong><br \/>\nPeut \u00eatre utilis\u00e9 pour les fluides liquides ou gazeux, g\u00e9n\u00e9ralement pour mesurer le d\u00e9bit de la vapeur, de la vapeur, de l'air et du gaz naturel.<br \/>\nTaille du compteur : Type en ligne : DN25 - DN300<br \/>\nOption de mat\u00e9riau en contact avec le liquide : SS304, SS316<br \/>\nTemp\u00e9rature de fonctionnement : \u2264250\u2103<br \/>\nRaccordement au processus : Wafer \/ Bride \/ Tri-clamp pour le type en ligne<br \/>\nPr\u00e9cision de mesure : 1,0 % - 1,5% de la plage d'\u00e9talonnage<br \/>\nIndicateur num\u00e9rique : affichage du d\u00e9bit instantan\u00e9, du d\u00e9bit total<br \/>\nAlimentation : 24VDC, Sortie : 4-20mA<\/p>\n<p><strong>caract\u00e9ristiques<\/strong><br \/>\n1. points de consigne ON\/OFF r\u00e9glables<br \/>\n2. mode d'alarme de d\u00e9bit Hi ou Lo<br \/>\n3. d\u00e9lai r\u00e9glable<br \/>\n4. LED d'\u00e9tat du relais<\/p>","protected":false},"featured_media":3691,"comment_status":"closed","ping_status":"closed","template":"","meta":[],"product_cat":[2372],"product_tag":[],"acf":[],"_links":{"self":[{"href":"https:\/\/www.hginstrument.com\/fr\/wp-json\/wp\/v2\/product\/4990"}],"collection":[{"href":"https:\/\/www.hginstrument.com\/fr\/wp-json\/wp\/v2\/product"}],"about":[{"href":"https:\/\/www.hginstrument.com\/fr\/wp-json\/wp\/v2\/types\/product"}],"replies":[{"embeddable":true,"href":"https:\/\/www.hginstrument.com\/fr\/wp-json\/wp\/v2\/comments?post=4990"}],"wp:featuredmedia":[{"embeddable":true,"href":"https:\/\/www.hginstrument.com\/fr\/wp-json\/wp\/v2\/media\/3691"}],"wp:attachment":[{"href":"https:\/\/www.hginstrument.com\/fr\/wp-json\/wp\/v2\/media?parent=4990"}],"wp:term":[{"taxonomy":"product_cat","embeddable":true,"href":"https:\/\/www.hginstrument.com\/fr\/wp-json\/wp\/v2\/product_cat?post=4990"},{"taxonomy":"product_tag","embeddable":true,"href":"https:\/\/www.hginstrument.com\/fr\/wp-json\/wp\/v2\/product_tag?post=4990"}],"curies":[{"name":"wp","href":"https:\/\/api.w.org\/{rel}","templated":true}]}}