{"id":4992,"date":"2023-12-23T14:13:52","date_gmt":"2023-12-23T06:13:52","guid":{"rendered":"https:\/\/www.hginstrument.com\/?post_type=product&#038;p=4992"},"modified":"2024-01-09T10:11:39","modified_gmt":"2024-01-09T02:11:39","slug":"best-ultrasonic-flow-meter","status":"publish","type":"product","link":"https:\/\/www.hginstrument.com\/fr\/magnetic-flow-meter\/best-ultrasonic-flow-meter\/","title":{"rendered":"best ultrasonic flow meter"},"content":{"rendered":"<p>best ultrasonic flow meter outstanding performance, reliability and long-term stability make it an important tool for maintaining optimal flow management in complex industrial processes. Additionally, it can be easily integrated with other devices and systems, providing seamless data communication and data logging capabilities. best ultrasonic flow meter truly sets the standard for flow measurement technology, providing reliable, efficient solutions to businesses around the world.<\/p>\n<p>best ultrasonic flow meters are essential devices for measuring the flow rate and volume of liquids, gases, and steam in various industrial processes. They are widely used in industries such as oil and gas, water and wastewater treatment, chemical, and pharmaceutical to monitor and control the flow of fluids.<\/p>\n<table class=\"table table-bordered\">\n<tbody>\n<tr>\n<td><span style=\"vertical-align: inherit;\"><span style=\"vertical-align: inherit;\">Type\uff1a<\/span><\/span><\/td>\n<td><span style=\"vertical-align: inherit;\">best ultrasonic flow meter<\/span><\/td>\n<td><span style=\"vertical-align: inherit;\"><span style=\"vertical-align: inherit;\">Signal de sortie\uff1a<\/span><\/span><\/td>\n<td><span style=\"vertical-align: inherit;\"><span style=\"vertical-align: inherit;\">4-20 mA, impulsion\/fr\u00e9quence 2 kHz (par d\u00e9faut), 5 kHz (max)<\/span><\/span><\/td>\n<\/tr>\n<tr>\n<td><span style=\"vertical-align: inherit;\"><span style=\"vertical-align: inherit;\">Lieu d'origine\uff1a<\/span><\/span><\/td>\n<td><span style=\"vertical-align: inherit;\"><span style=\"vertical-align: inherit;\">Jiangsu, Chine<\/span><\/span><\/td>\n<td><span style=\"vertical-align: inherit;\"><span style=\"vertical-align: inherit;\">Incorporer le type\uff1a<\/span><\/span><\/td>\n<td><span style=\"vertical-align: inherit;\"><span style=\"vertical-align: inherit;\">-10\u2103- +58\u2103<\/span><\/span><\/td>\n<\/tr>\n<tr>\n<td><span style=\"vertical-align: inherit;\"><span style=\"vertical-align: inherit;\">Garantie\uff1a<\/span><\/span><\/td>\n<td><span style=\"vertical-align: inherit;\"><span style=\"vertical-align: inherit;\">13 mois<\/span><\/span><\/td>\n<td><span style=\"vertical-align: inherit;\"><span style=\"vertical-align: inherit;\">Tension d'alimentation\uff1a<\/span><\/span><\/td>\n<td><span style=\"vertical-align: inherit;\"><span style=\"vertical-align: inherit;\">110\/220VAC (100-240VAC), 50Hz\/60Hz ; 24VDC\u00b110%<\/span><\/span><\/td>\n<\/tr>\n<tr>\n<td><span style=\"vertical-align: inherit;\"><span style=\"vertical-align: inherit;\">Soutien personnalis\u00e9\uff1a<\/span><\/span><\/td>\n<td><span style=\"vertical-align: inherit;\"><span style=\"vertical-align: inherit;\">OEM, ODM, OBM<\/span><\/span><\/td>\n<td><span style=\"vertical-align: inherit;\"><span style=\"vertical-align: inherit;\">Communication num\u00e9rique\uff1a<\/span><\/span><\/td>\n<td><span style=\"vertical-align: inherit;\"><span style=\"vertical-align: inherit;\">RS-485, supportant le protocole standard Mudbugs-RTU ; GPRS<\/span><\/span><\/td>\n<\/tr>\n<tr>\n<td><span style=\"vertical-align: inherit;\"><span style=\"vertical-align: inherit;\">Nom de marque\uff1a<\/span><\/span><\/td>\n<td><span style=\"vertical-align: inherit;\"><span style=\"vertical-align: inherit;\">GROUPE SUYI<\/span><\/span><\/td>\n<td><span style=\"vertical-align: inherit;\"><span style=\"vertical-align: inherit;\">Pression nominale\uff1a<\/span><\/span><\/td>\n<td><span style=\"vertical-align: inherit;\"><span style=\"vertical-align: inherit;\">1MPa (DN15-DN800), 1,6MPa(DN15-DN800), 2,5MPa(DN15-DN600)<\/span><\/span><\/td>\n<\/tr>\n<tr>\n<td><span style=\"vertical-align: inherit;\"><span style=\"vertical-align: inherit;\">Num\u00e9ro de mod\u00e8le\uff1a<\/span><\/span><\/td>\n<td><span style=\"vertical-align: inherit;\"><span style=\"vertical-align: inherit;\">autres<\/span><\/span><\/td>\n<td><span style=\"vertical-align: inherit;\"><span style=\"vertical-align: inherit;\">Capteur\uff1a<\/span><\/span><\/td>\n<td><span style=\"vertical-align: inherit;\"><span style=\"vertical-align: inherit;\">0\u2103- +80\u2103 ou -25\u2103- +120\u2103 ou +70\u2103- +250\u2103<\/span><\/span><\/td>\n<\/tr>\n<tr>\n<td><span style=\"vertical-align: inherit;\"><span style=\"vertical-align: inherit;\">Nom du produit\uff1a<\/span><\/span><\/td>\n<td><span style=\"vertical-align: inherit;\"><span style=\"vertical-align: inherit;\">D\u00e9bitm\u00e8tre \u00e9lectromagn\u00e9tique intelligent pour produits chimiques<\/span><\/span><\/td>\n<td><span style=\"vertical-align: inherit;\"><span style=\"vertical-align: inherit;\">D\u00e9tails de l'emballage\uff1a<\/span><\/span><\/td>\n<td><span style=\"vertical-align: inherit;\"><span style=\"vertical-align: inherit;\">1 jeu par paquet ou selon la demande du client<\/span><\/span><\/td>\n<\/tr>\n<tr>\n<td><span style=\"vertical-align: inherit;\"><span style=\"vertical-align: inherit;\">Diam\u00e8tre nominal\uff1a<\/span><\/span><\/td>\n<td><span style=\"vertical-align: inherit;\"><span style=\"vertical-align: inherit;\">3-2718mm<\/span><\/span><\/td>\n<td><span style=\"vertical-align: inherit;\"><span style=\"vertical-align: inherit;\">Capacit\u00e9 d'approvisionnement\uff1a<\/span><\/span><\/td>\n<td><span style=\"vertical-align: inherit;\"><span style=\"vertical-align: inherit;\">2358 Set\/Sets per Month<\/span><\/span><\/td>\n<\/tr>\n<tr>\n<td><span style=\"vertical-align: inherit;\"><span style=\"vertical-align: inherit;\">gamme de vitesses\uff1a<\/span><\/span><\/td>\n<td><span style=\"vertical-align: inherit;\"><span style=\"vertical-align: inherit;\">0-10m\/s<\/span><\/span><\/td>\n<td><span style=\"vertical-align: inherit;\"><span style=\"vertical-align: inherit;\">Quantit\u00e9 (jeux)\uff1a<\/span><\/span><\/td>\n<td><span style=\"vertical-align: inherit;\"><span style=\"vertical-align: inherit;\">&gt; 30<\/span><\/span><\/td>\n<\/tr>\n<tr>\n<td><span style=\"vertical-align: inherit;\"><span style=\"vertical-align: inherit;\">Degr\u00e9 de pr\u00e9cision\uff1a<\/span><\/span><\/td>\n<td><span style=\"vertical-align: inherit;\"><span style=\"vertical-align: inherit;\">\u00b10,5%R, \u00b11%R ( &lt; DN20)<\/span><\/span><\/td>\n<td><span style=\"vertical-align: inherit;\"><span style=\"vertical-align: inherit;\">D\u00e9lai d'ex\u00e9cution (jours)\uff1a<\/span><\/span><\/td>\n<td><span style=\"vertical-align: inherit;\"><span style=\"vertical-align: inherit;\">A n\u00e9gocier<\/span><\/span><\/td>\n<\/tr>\n<\/tbody>\n<\/table>\n<p>&nbsp;<\/p>\n<p>&nbsp;<\/p>\n<p style=\"text-align: center;\"><img title=\"best ultrasonic flow meter\" src=\"https:\/\/www.hginstrument.com\/wp-content\/uploads\/2021\/07\/in-line-pipeline-type-hgd-electromagnetic-flow-meter.jpg\" \/><\/p>\n<p>&nbsp;<\/p>\n<p>&nbsp;<\/p>\n<p style=\"text-align: center;\"><img title=\"best ultrasonic flow meter\" src=\"https:\/\/www.hginstrument.com\/wp-content\/uploads\/2021\/07\/insertion-01.jpg\" \/><\/p>\n<p>&nbsp;<\/p>\n<p>&nbsp;<\/p>\n<p style=\"text-align: center;\"><img title=\"best ultrasonic flow meter\" src=\"https:\/\/www.hginstrument.com\/wp-content\/uploads\/2021\/07\/sanitary-mag-1.jpg\" \/><\/p>\n<p><strong>best ultrasonic flow meter FAQs Guide.<\/strong><\/p>\n<p>At the heart of our best ultrasonic flow meter series lies a commitment to excellence, blending advanced sensor technology with user-friendly interfaces. From liquid to gas, our meters deliver unparalleled accuracy, empowering you to make informed decisions and streamline operations. As we usher in a new era of fluid measurement, we invite you to explore the limitless possibilities that our best ultrasonic flow meters unlock \u2013 where precision meets performance, and innovation flows seamlessly.<\/p>\n<div style=\"border: 3px solid #f89900; margin: 20px 0; padding: 20px;\"><a href=\"\/fr\/best-ultrasonic-flow-meter\/#01\">1.Does the best ultrasonic flow meter have an automatic cleaning function?<\/a><br \/>\n<a href=\"\/fr\/best-ultrasonic-flow-meter\/#02\">2.About best ultrasonic flow meter MOQ<\/a><br \/>\n<a href=\"\/fr\/best-ultrasonic-flow-meter\/#03\">3.Does best ultrasonic flow meter have real-time monitoring function?<\/a><br \/>\n<a href=\"\/fr\/best-ultrasonic-flow-meter\/#04\">4.Does the best ultrasonic flow meter have remote control capabilities?<\/a><br \/>\n<a href=\"\/fr\/best-ultrasonic-flow-meter\/#05\">5.About best ultrasonic flow meter overseas warehouse<\/a><br \/>\n<a href=\"\/fr\/best-ultrasonic-flow-meter\/#06\">6.What is the difference between best ultrasonic flow meter SUYI group vs best ultrasonic flow meter Emerson vs best ultrasonic flow meter Honeywell<\/a><br \/>\n<a href=\"\/fr\/best-ultrasonic-flow-meter\/#07\">7.About the scale of best ultrasonic flow meter factory<\/a><br \/>\n<a href=\"\/fr\/best-ultrasonic-flow-meter\/#08\">8.About best ultrasonic flow meter patent<\/a><br \/>\n<a href=\"\/fr\/best-ultrasonic-flow-meter\/#09\">9.Is the measuring unit of the best ultrasonic flow meter replaceable?<\/a><br \/>\n<a href=\"\/fr\/best-ultrasonic-flow-meter\/#010\">10.What are the requirements for the specific installation location of the best ultrasonic flow meter?<\/a><br \/>\n<a href=\"\/fr\/best-ultrasonic-flow-meter\/#11\">11.About best ultrasonic flow meter raw material procurement system<\/a><br \/>\n<a href=\"\/fr\/best-ultrasonic-flow-meter\/#12\">12.About best ultrasonic flow meter patent<\/a><br \/>\n<a href=\"\/fr\/best-ultrasonic-flow-meter\/#13\">13.About the development history of best ultrasonic flow meter factory<\/a><br \/>\n<a href=\"\/fr\/best-ultrasonic-flow-meter\/#14\">14.Can best ultrasonic flow meter be monitored remotely?<\/a><br \/>\n<a href=\"\/fr\/best-ultrasonic-flow-meter\/#15\">15.About best ultrasonic flow meter R&amp;D capabilities<\/a><br \/>\n<a href=\"\/fr\/best-ultrasonic-flow-meter\/#16\">16.What is the difference between best ultrasonic flow meter SUYI group vs best ultrasonic flow meter Siemens vs best ultrasonic flow meter GE<\/a><\/div>\n<div id=\"01\">\n<p><strong>1.Does the best ultrasonic flow meter have an automatic cleaning function?<\/strong><\/p>\n<p>Being one of the top best ultrasonic flow meter manufacturers in China, We attach great importance to this detail.<br \/>\nNon, la plupart des d\u00e9bitm\u00e8tres n'ont pas de fonction de nettoyage automatique. Toutefois, certains mod\u00e8les peuvent \u00eatre dot\u00e9s d'une fonction d'auto-nettoyage qui peut \u00eatre activ\u00e9e manuellement.<\/p>\n<\/div>\n<div id=\"02\">\n<p><strong>2.About best ultrasonic flow meter MOQ<\/strong><\/p>\n<p>La quantit\u00e9 minimale de commande (QMC) d'un d\u00e9bitm\u00e8tre d\u00e9pend du type de d\u00e9bitm\u00e8tre et du fabricant. En g\u00e9n\u00e9ral, la QMo pour un d\u00e9bitm\u00e8tre se situe entre 1 et 10 unit\u00e9s, mais elle peut varier en fonction du fabricant et du type de d\u00e9bitm\u00e8tre.<\/p>\n<\/div>\n<div id=\"03\">\n<p><strong>3.Does best ultrasonic flow meter have real-time monitoring function?<\/strong><\/p>\n<p>Oui, certains d\u00e9bitm\u00e8tres ont des fonctions de surveillance en temps r\u00e9el. Ces compteurs sont g\u00e9n\u00e9ralement \u00e9quip\u00e9s de capteurs qui mesurent le d\u00e9bit et transmettent les donn\u00e9es \u00e0 un syst\u00e8me de surveillance. Cela permet de contr\u00f4ler en temps r\u00e9el le d\u00e9bit et d'autres param\u00e8tres.<\/p>\n<p><img style=\"max-width: 100%;\" title=\"Does best ultrasonic flow meter have real-time monitoring function?\" src=\"https:\/\/www.hginstrument.com\/wp-content\/uploads\/2021\/07\/in-line-pipeline-type-hgd-electromagnetic-flow-meter.jpg\" alt=\"Does best ultrasonic flow meter have real-time monitoring function?\" \/><\/p>\n<\/div>\n<div id=\"04\">\n<p><strong>4.Does the best ultrasonic flow meter have remote control capabilities?<\/strong><\/p>\n<p>Nous nous concentrons sur les besoins de nos clients et nous nous effor\u00e7ons de r\u00e9pondre \u00e0 leurs attentes, c'est pourquoi nous prenons cela tr\u00e8s au s\u00e9rieux.<br \/>\nCela d\u00e9pend du mod\u00e8le sp\u00e9cifique de d\u00e9bitm\u00e8tre. Certains mod\u00e8les peuvent \u00eatre dot\u00e9s d'une fonction de commande \u00e0 distance, d'autres non.<\/p>\n<\/div>\n<div id=\"05\">\n<p><strong>5.About best ultrasonic flow meter overseas warehouse<\/strong><\/p>\n<p>Les entrep\u00f4ts de d\u00e9bitm\u00e8tres \u00e0 l'\u00e9tranger sont des entrep\u00f4ts situ\u00e9s dans des pays \u00e9trangers qui stockent des d\u00e9bitm\u00e8tres et des produits connexes. Ces entrep\u00f4ts sont utilis\u00e9s pour stocker et distribuer des d\u00e9bitm\u00e8tres \u00e0 des clients dans diff\u00e9rents pays. Ils sont g\u00e9n\u00e9ralement situ\u00e9s dans des pays o\u00f9 la demande de d\u00e9bitm\u00e8tres est importante, comme les \u00c9tats-Unis, le Canada et l'Europe. Les entrep\u00f4ts sont g\u00e9n\u00e9ralement d\u00e9tenus et g\u00e9r\u00e9s par le fabricant des d\u00e9bitm\u00e8tres ou par un prestataire logistique tiers. Les entrep\u00f4ts contiennent g\u00e9n\u00e9ralement une grande vari\u00e9t\u00e9 de d\u00e9bitm\u00e8tres, y compris des d\u00e9bitm\u00e8tres num\u00e9riques, analogiques et \u00e0 ultrasons. Ils stockent \u00e9galement des pi\u00e8ces de rechange et des accessoires pour les d\u00e9bitm\u00e8tres.<\/p>\n<\/div>\n<div id=\"06\">\n<p><strong>6.What is the difference between best ultrasonic flow meter SUYI group vs best ultrasonic flow meter Emerson vs best ultrasonic flow meter Honeywell<\/strong><\/p>\n<p>Les d\u00e9bitm\u00e8tres du groupe SUYI, d'Emerson et d'Honeywell mesurent tous le d\u00e9bit de liquides et de gaz, mais ils diff\u00e8rent en termes de pr\u00e9cision, de caract\u00e9ristiques et de co\u00fbt. Les d\u00e9bitm\u00e8tres du groupe SUYI sont g\u00e9n\u00e9ralement les plus abordables, mais ils peuvent ne pas avoir la m\u00eame pr\u00e9cision ou les m\u00eames caract\u00e9ristiques que les mod\u00e8les plus co\u00fbteux d'Emerson et d'Honeywell. Les d\u00e9bitm\u00e8tres Emerson sont r\u00e9put\u00e9s pour leur pr\u00e9cision et leur fiabilit\u00e9, mais ils peuvent \u00eatre plus chers que les autres marques. Les d\u00e9bitm\u00e8tres Honeywell sont r\u00e9put\u00e9s pour leurs fonctions avanc\u00e9es et leur pr\u00e9cision, mais ils peuvent \u00eatre les plus chers des trois.<\/p>\n<p><img style=\"max-width: 100%;\" title=\"What is the difference between best ultrasonic flow meter SUYI group vs best ultrasonic flow meter Emerson vs best ultrasonic flow meter Honeywell\" src=\"https:\/\/www.hginstrument.com\/wp-content\/uploads\/2021\/07\/insertion-01.jpg\" alt=\"What is the difference between best ultrasonic flow meter SUYI group vs best ultrasonic flow meter Emerson vs best ultrasonic flow meter Honeywell\" \/><\/p>\n<\/div>\n<div id=\"07\">\n<p><strong>7.About the scale of best ultrasonic flow meter factory<\/strong><\/p>\n<p>Les usines de d\u00e9bitm\u00e8tres varient en taille et en port\u00e9e, selon le type de d\u00e9bitm\u00e8tres qu'elles produisent. Certaines usines peuvent se sp\u00e9cialiser dans la production d'un seul type de d\u00e9bitm\u00e8tre, tandis que d'autres peuvent en produire plusieurs. Certaines usines peuvent \u00eatre de grande taille et compter des centaines d'employ\u00e9s, tandis que d'autres peuvent \u00eatre de petite taille et ne compter que quelques employ\u00e9s. La taille de l'usine d\u00e9pend \u00e9galement du type de d\u00e9bitm\u00e8tres qu'elle produit, ainsi que de la demande pour ces d\u00e9bitm\u00e8tres.<\/p>\n<\/div>\n<div id=\"08\">\n<p><strong>8.About best ultrasonic flow meter patent<\/strong><\/p>\n<p>Les brevets sur les d\u00e9bitm\u00e8tres sont des brevets qui couvrent la conception et le fonctionnement des d\u00e9bitm\u00e8tres. Les d\u00e9bitm\u00e8tres sont des dispositifs utilis\u00e9s pour mesurer le d\u00e9bit d'un liquide ou d'un gaz. Les d\u00e9bitm\u00e8tres sont utilis\u00e9s dans diverses industries, notamment le traitement de l'eau et des eaux us\u00e9es, le p\u00e9trole et le gaz, et le traitement chimique. Les d\u00e9bitm\u00e8tres sont utilis\u00e9s pour mesurer le d\u00e9bit d'un fluide, le volume total d'un fluide et la pression d'un fluide. Les d\u00e9bitm\u00e8tres peuvent \u00eatre m\u00e9caniques, \u00e9lectriques ou optiques. Les d\u00e9bitm\u00e8tres peuvent \u00eatre utilis\u00e9s pour mesurer le d\u00e9bit de liquides, de gaz et de vapeur.<\/p>\n<\/div>\n<div id=\"09\">\n<p><strong>9.Is the measuring unit of the best ultrasonic flow meter replaceable?<\/strong><\/p>\n<p>As one of the top best ultrasonic flow meter manufacturers in China, we take this very seriously.<br \/>\nOui, l'unit\u00e9 de mesure d'un d\u00e9bitm\u00e8tre est rempla\u00e7able.<\/p>\n<p><img style=\"max-width: 100%;\" title=\"Is the measuring unit of the best ultrasonic flow meter replaceable?\" src=\"https:\/\/www.hginstrument.com\/wp-content\/uploads\/2021\/07\/hgdu600-p-1.jpg\" alt=\"Is the measuring unit of the best ultrasonic flow meter replaceable?\" \/><\/p>\n<\/div>\n<div id=\"010\">\n<p><strong>10.What are the requirements for the specific installation location of the best ultrasonic flow meter?<\/strong><\/p>\n<p>We operate our best ultrasonic flow meter business with integrity and honesty.<br \/>\n1. Le d\u00e9bitm\u00e8tre doit \u00eatre install\u00e9 dans un endroit exempt de vibrations, de chocs et d'autres forces ext\u00e9rieures.<\/p>\n<p>2. Le d\u00e9bitm\u00e8tre doit \u00eatre install\u00e9 dans un endroit exempt de gaz corrosifs, de liquides et d'autres contaminants.<\/p>\n<p>3. Le d\u00e9bitm\u00e8tre doit \u00eatre install\u00e9 dans un endroit accessible pour l'entretien et l'\u00e9talonnage.<\/p>\n<p>4. Le d\u00e9bitm\u00e8tre doit \u00eatre install\u00e9 dans un endroit \u00e0 l'abri des temp\u00e9ratures et de l'humidit\u00e9 extr\u00eames.<\/p>\n<p>5. Le d\u00e9bitm\u00e8tre doit \u00eatre install\u00e9 dans un endroit exempt d'interf\u00e9rences \u00e9lectriques.<\/p>\n<\/div>\n<div id=\"11\">\n<p><strong>11.About best ultrasonic flow meter raw material procurement system<\/strong><\/p>\n<p>Un syst\u00e8me d'approvisionnement en mati\u00e8res premi\u00e8res pour d\u00e9bitm\u00e8tres est une solution logicielle con\u00e7ue pour rationaliser le processus d'achat de mati\u00e8res premi\u00e8res pour la production de d\u00e9bitm\u00e8tres. Le syst\u00e8me permet aux utilisateurs de rechercher et d'acheter rapidement et facilement les composants n\u00e9cessaires \u00e0 leur production de d\u00e9bitm\u00e8tres. Il fournit \u00e9galement des informations d\u00e9taill\u00e9es sur les composants, y compris les prix, la disponibilit\u00e9 et les d\u00e9lais de livraison. Le syst\u00e8me permet \u00e9galement aux utilisateurs de suivre leurs commandes et de g\u00e9rer leurs stocks. Cela permet de s'assurer que les bons composants sont toujours disponibles lorsque l'on en a besoin.<\/p>\n<\/div>\n<div id=\"12\">\n<p><strong>12.About best ultrasonic flow meter patent<\/strong><\/p>\n<p>Les brevets sur les d\u00e9bitm\u00e8tres sont des brevets qui couvrent la conception et le fonctionnement des d\u00e9bitm\u00e8tres. Les d\u00e9bitm\u00e8tres sont des dispositifs utilis\u00e9s pour mesurer le d\u00e9bit d'un liquide ou d'un gaz. Les d\u00e9bitm\u00e8tres sont utilis\u00e9s dans diverses industries, notamment le traitement de l'eau et des eaux us\u00e9es, le p\u00e9trole et le gaz, et le traitement chimique. Les d\u00e9bitm\u00e8tres sont utilis\u00e9s pour mesurer le d\u00e9bit d'un fluide, le volume total d'un fluide et la pression d'un fluide. Les d\u00e9bitm\u00e8tres peuvent \u00eatre m\u00e9caniques, \u00e9lectriques ou optiques. Les d\u00e9bitm\u00e8tres peuvent \u00eatre utilis\u00e9s pour mesurer le d\u00e9bit de liquides, de gaz et de vapeur.<\/p>\n<p><img style=\"max-width: 100%;\" title=\"About best ultrasonic flow meter patent\" src=\"https:\/\/www.hginstrument.com\/wp-content\/uploads\/2021\/07\/ltb-1.jpg\" alt=\"About best ultrasonic flow meter patent\" \/><\/p>\n<\/div>\n<div id=\"13\">\n<p><strong>13.About the development history of best ultrasonic flow meter factory<\/strong><\/p>\n<p>L'usine de d\u00e9bitm\u00e8tres a \u00e9t\u00e9 cr\u00e9\u00e9e au d\u00e9but des ann\u00e9es 1990. Elle a \u00e9t\u00e9 fond\u00e9e par un groupe d'ing\u00e9nieurs et de techniciens qui poss\u00e9daient une vaste exp\u00e9rience dans la conception et la fabrication de d\u00e9bitm\u00e8tres. La soci\u00e9t\u00e9 s'est d'abord concentr\u00e9e sur la production de d\u00e9bitm\u00e8tres m\u00e9caniques, mais elle a rapidement \u00e9largi sa gamme de produits pour y inclure les d\u00e9bitm\u00e8tres \u00e9lectroniques. Au fil des ans, l'entreprise a d\u00e9velopp\u00e9 une large gamme de d\u00e9bitm\u00e8tres pour diverses applications, notamment industrielles, commerciales et r\u00e9sidentielles. Elle a \u00e9galement mis au point une gamme de solutions logicielles et mat\u00e9rielles pour la mesure et le contr\u00f4le des d\u00e9bits. Aujourd'hui, l'entreprise est l'un des principaux fabricants de d\u00e9bitm\u00e8tres et de produits connexes, et elle est reconnue comme un leader dans l'industrie.<\/p>\n<\/div>\n<div id=\"14\">\n<p><strong>14.Can best ultrasonic flow meter be monitored remotely?<\/strong><\/p>\n<p>We are a professional best ultrasonic flow meter company dedicated to providing high quality products and services.<br \/>\nOui, les d\u00e9bitm\u00e8tres peuvent \u00eatre surveill\u00e9s \u00e0 distance. De nombreux d\u00e9bitm\u00e8tres modernes sont \u00e9quip\u00e9s de capacit\u00e9s de communication sans fil, ce qui permet de les surveiller \u00e0 distance \u00e0 l'aide d'un ordinateur ou d'un appareil mobile. En outre, certains d\u00e9bitm\u00e8tres sont \u00e9quip\u00e9s de capacit\u00e9s de communication cellulaire ou par satellite, ce qui permet de les surveiller depuis pratiquement n'importe quel endroit.<\/p>\n<\/div>\n<div id=\"15\">\n<p><strong>15.About best ultrasonic flow meter R&amp;D capabilities<\/strong><\/p>\n<p>Les capacit\u00e9s de R&amp;D en mati\u00e8re de d\u00e9bitm\u00e8tres d\u00e9signent l'aptitude d'une entreprise ou d'une organisation \u00e0 rechercher, d\u00e9velopper et fabriquer des d\u00e9bitm\u00e8tres. Il s'agit notamment de la capacit\u00e9 \u00e0 concevoir, tester et fabriquer des d\u00e9bitm\u00e8tres qui r\u00e9pondent aux exigences des clients et aux normes industrielles. Elles comprennent \u00e9galement la capacit\u00e9 \u00e0 d\u00e9velopper de nouvelles technologies et de nouveaux produits pour r\u00e9pondre \u00e0 l'\u00e9volution des besoins de l'industrie. Les entreprises dot\u00e9es de solides capacit\u00e9s de R&amp;D sont en mesure de devancer la concurrence et de fournir \u00e0 leurs clients les d\u00e9bitm\u00e8tres les plus avanc\u00e9s et les plus fiables.<\/p>\n<p><img style=\"max-width: 100%;\" title=\"About best ultrasonic flow meter R&amp;D capabilities\" src=\"https:\/\/www.hginstrument.com\/wp-content\/uploads\/2021\/10\/w803e-f3.jpg\" alt=\"About best ultrasonic flow meter R&amp;D capabilities\" \/><\/p>\n<\/div>\n<div id=\"16\">\n<p><strong>16.What is the difference between best ultrasonic flow meter SUYI group vs best ultrasonic flow meter Siemens vs best ultrasonic flow meter GE<\/strong><\/p>\n<p>Les d\u00e9bitm\u00e8tres du groupe SUYI sont g\u00e9n\u00e9ralement utilis\u00e9s pour mesurer le d\u00e9bit de liquides, de gaz et de vapeur. Ils sont con\u00e7us pour \u00eatre pr\u00e9cis, fiables et faciles \u00e0 installer et \u00e0 entretenir. Les d\u00e9bitm\u00e8tres SUYI sont disponibles dans une vari\u00e9t\u00e9 de tailles et de mat\u00e9riaux, et peuvent \u00eatre utilis\u00e9s dans une vari\u00e9t\u00e9 d'applications.<\/p>\n<p>Les d\u00e9bitm\u00e8tres de Siemens sont con\u00e7us pour mesurer le d\u00e9bit de liquides, de gaz et de vapeur. Ils sont con\u00e7us pour \u00eatre pr\u00e9cis, fiables et faciles \u00e0 installer et \u00e0 entretenir. Les d\u00e9bitm\u00e8tres Siemens sont disponibles dans une grande vari\u00e9t\u00e9 de tailles et de mat\u00e9riaux, et peuvent \u00eatre utilis\u00e9s dans une grande vari\u00e9t\u00e9 d'applications.<\/p>\n<p>Les d\u00e9bitm\u00e8tres de GE sont con\u00e7us pour mesurer le d\u00e9bit des liquides, des gaz et de la vapeur. Ils sont con\u00e7us pour \u00eatre pr\u00e9cis, fiables et faciles \u00e0 installer et \u00e0 entretenir. Les d\u00e9bitm\u00e8tres GE sont disponibles dans une vari\u00e9t\u00e9 de tailles et de mat\u00e9riaux, et peuvent \u00eatre utilis\u00e9s dans une vari\u00e9t\u00e9 d'applications. Ils offrent \u00e9galement une large gamme de caract\u00e9ristiques, telles que des affichages num\u00e9riques, des alarmes et des capacit\u00e9s d'enregistrement de donn\u00e9es.<\/p>\n<\/div>\n<p>&nbsp;<\/p>\n<p>Tag\uff1a<a href=\"\/fr\/magnetic-flow-meter\/ultrasonic-flow-meter\/\">d\u00e9bitm\u00e8tre \u00e0 ultrasons<\/a>,<a href=\"\/fr\/magnetic-flow-meter\/liquid-propane-flow-meter\/\">d\u00e9bitm\u00e8tre pour propane liquide<\/a>,<a href=\"\/fr\/magnetic-flow-meter\/flow-meter-gauge\/\">flow meter gauge<\/a>,<a href=\"\/fr\/magnetic-flow-meter\/abb-mag-flow-meter\/\">abb mag flow meter<\/a><\/p>\n<p>&nbsp;<\/p>","protected":false},"excerpt":{"rendered":"<p><strong>Donn\u00e9es techniques<\/strong><br \/>\nPeut \u00eatre utilis\u00e9 pour les fluides liquides ou gazeux, g\u00e9n\u00e9ralement pour mesurer le d\u00e9bit de la vapeur, de la vapeur, de l'air et du gaz naturel.<br \/>\nTaille du compteur : Type en ligne : DN25 - DN300<br \/>\nOption de mat\u00e9riau en contact avec le liquide : SS304, SS316<br \/>\nTemp\u00e9rature de fonctionnement : \u2264250\u2103<br \/>\nRaccordement au processus : Wafer \/ Bride \/ Tri-clamp pour le type en ligne<br \/>\nPr\u00e9cision de mesure : 1,0 % - 1,5% de la plage d'\u00e9talonnage<br \/>\nIndicateur num\u00e9rique : affichage du d\u00e9bit instantan\u00e9, du d\u00e9bit total<br \/>\nAlimentation : 24VDC, Sortie : 4-20mA<\/p>\n<p><strong>caract\u00e9ristiques<\/strong><br \/>\n1. points de consigne ON\/OFF r\u00e9glables<br \/>\n2. mode d'alarme de d\u00e9bit Hi ou Lo<br \/>\n3. d\u00e9lai r\u00e9glable<br \/>\n4. LED d'\u00e9tat du relais<\/p>","protected":false},"featured_media":3691,"comment_status":"closed","ping_status":"closed","template":"","meta":[],"product_cat":[2372],"product_tag":[],"acf":[],"_links":{"self":[{"href":"https:\/\/www.hginstrument.com\/fr\/wp-json\/wp\/v2\/product\/4992"}],"collection":[{"href":"https:\/\/www.hginstrument.com\/fr\/wp-json\/wp\/v2\/product"}],"about":[{"href":"https:\/\/www.hginstrument.com\/fr\/wp-json\/wp\/v2\/types\/product"}],"replies":[{"embeddable":true,"href":"https:\/\/www.hginstrument.com\/fr\/wp-json\/wp\/v2\/comments?post=4992"}],"wp:featuredmedia":[{"embeddable":true,"href":"https:\/\/www.hginstrument.com\/fr\/wp-json\/wp\/v2\/media\/3691"}],"wp:attachment":[{"href":"https:\/\/www.hginstrument.com\/fr\/wp-json\/wp\/v2\/media?parent=4992"}],"wp:term":[{"taxonomy":"product_cat","embeddable":true,"href":"https:\/\/www.hginstrument.com\/fr\/wp-json\/wp\/v2\/product_cat?post=4992"},{"taxonomy":"product_tag","embeddable":true,"href":"https:\/\/www.hginstrument.com\/fr\/wp-json\/wp\/v2\/product_tag?post=4992"}],"curies":[{"name":"wp","href":"https:\/\/api.w.org\/{rel}","templated":true}]}}