{"id":5024,"date":"2023-12-23T15:24:25","date_gmt":"2023-12-23T07:24:25","guid":{"rendered":"https:\/\/www.hginstrument.com\/?post_type=product&#038;p=5024"},"modified":"2024-01-09T09:11:50","modified_gmt":"2024-01-09T01:11:50","slug":"cfm-air-flow-meter","status":"publish","type":"product","link":"https:\/\/www.hginstrument.com\/fr\/magnetic-flow-meter\/cfm-air-flow-meter\/","title":{"rendered":"d\u00e9bitm\u00e8tre d'air cfm"},"content":{"rendered":"<p>With its high flow range and precise reading capabilities, cfm air flow meter is the ideal choice for industries such as oil and gas, water treatment, and chemical processing. Upgrade your liquid measurement process with cfm air flow meter and experience unparalleled performance and value. Trust cfm air flow meter to give you the most accurate and efficient flow measurements every time.<\/p>\n<p>One of the key features of cfm air flow meter is its ability to accurately measure the flow rate of various fluids, including liquids, gases, and steam. This is made possible by its unique differential pressure flow measurement method, which ensures minimal pressure loss and high measurement accuracy. Moreover, the instrument is capable of measuring flow rates over a wide range, making it suitable for both low and high flow applications.<\/p>\n<p>Another advantage of using cfm air flow meter is its low maintenance requirements. The instrument is designed to be resistant to harsh environments and can operate continuously without the need for frequent cleaning and calibration. This not only reduces downtime but also helps in cost-saving for industries that require constant flow monitoring.<\/p>\n<table class=\"table table-bordered\">\n<tbody>\n<tr>\n<td><span style=\"vertical-align: inherit;\"><span style=\"vertical-align: inherit;\">Type\uff1a<\/span><\/span><\/td>\n<td><span style=\"vertical-align: inherit;\">d\u00e9bitm\u00e8tre d'air cfm<\/span><\/td>\n<td><span style=\"vertical-align: inherit;\"><span style=\"vertical-align: inherit;\">Signal de sortie\uff1a<\/span><\/span><\/td>\n<td><span style=\"vertical-align: inherit;\"><span style=\"vertical-align: inherit;\">4-20 mA, impulsion\/fr\u00e9quence 2 kHz (par d\u00e9faut), 5 kHz (max)<\/span><\/span><\/td>\n<\/tr>\n<tr>\n<td><span style=\"vertical-align: inherit;\"><span style=\"vertical-align: inherit;\">Lieu d'origine\uff1a<\/span><\/span><\/td>\n<td><span style=\"vertical-align: inherit;\"><span style=\"vertical-align: inherit;\">Jiangsu\uff0cChina<\/span><\/span><\/td>\n<td><span style=\"vertical-align: inherit;\"><span style=\"vertical-align: inherit;\">Incorporer le type\uff1a<\/span><\/span><\/td>\n<td><span style=\"vertical-align: inherit;\"><span style=\"vertical-align: inherit;\">-10\u2103- +55\u2103<\/span><\/span><\/td>\n<\/tr>\n<tr>\n<td><span style=\"vertical-align: inherit;\"><span style=\"vertical-align: inherit;\">Garantie\uff1a<\/span><\/span><\/td>\n<td><span style=\"vertical-align: inherit;\"><span style=\"vertical-align: inherit;\">26 mois<\/span><\/span><\/td>\n<td><span style=\"vertical-align: inherit;\"><span style=\"vertical-align: inherit;\">Tension d'alimentation\uff1a<\/span><\/span><\/td>\n<td><span style=\"vertical-align: inherit;\"><span style=\"vertical-align: inherit;\">110\/220VAC (100-240VAC), 50Hz\/60Hz ; 24VDC\u00b110%<\/span><\/span><\/td>\n<\/tr>\n<tr>\n<td><span style=\"vertical-align: inherit;\"><span style=\"vertical-align: inherit;\">Soutien personnalis\u00e9\uff1a<\/span><\/span><\/td>\n<td><span style=\"vertical-align: inherit;\"><span style=\"vertical-align: inherit;\">OEM, ODM, OBM<\/span><\/span><\/td>\n<td><span style=\"vertical-align: inherit;\"><span style=\"vertical-align: inherit;\">Communication num\u00e9rique\uff1a<\/span><\/span><\/td>\n<td><span style=\"vertical-align: inherit;\"><span style=\"vertical-align: inherit;\">RS-485, supportant le protocole standard Mudbugs-RTU ; GPRS<\/span><\/span><\/td>\n<\/tr>\n<tr>\n<td><span style=\"vertical-align: inherit;\"><span style=\"vertical-align: inherit;\">Nom de marque\uff1a<\/span><\/span><\/td>\n<td><span style=\"vertical-align: inherit;\"><span style=\"vertical-align: inherit;\">GROUPE SUYI<\/span><\/span><\/td>\n<td><span style=\"vertical-align: inherit;\"><span style=\"vertical-align: inherit;\">Pression nominale\uff1a<\/span><\/span><\/td>\n<td><span style=\"vertical-align: inherit;\"><span style=\"vertical-align: inherit;\">1MPa (DN15-DN800), 1,6MPa(DN15-DN800), 2,5MPa(DN15-DN600)<\/span><\/span><\/td>\n<\/tr>\n<tr>\n<td><span style=\"vertical-align: inherit;\"><span style=\"vertical-align: inherit;\">Num\u00e9ro de mod\u00e8le\uff1a<\/span><\/span><\/td>\n<td><span style=\"vertical-align: inherit;\"><span style=\"vertical-align: inherit;\">autres<\/span><\/span><\/td>\n<td><span style=\"vertical-align: inherit;\"><span style=\"vertical-align: inherit;\">Capteur\uff1a<\/span><\/span><\/td>\n<td><span style=\"vertical-align: inherit;\"><span style=\"vertical-align: inherit;\">0\u2103- +80\u2103 ou -25\u2103- +120\u2103 ou +70\u2103- +250\u2103<\/span><\/span><\/td>\n<\/tr>\n<tr>\n<td><span style=\"vertical-align: inherit;\"><span style=\"vertical-align: inherit;\">Nom du produit\uff1a<\/span><\/span><\/td>\n<td><span style=\"vertical-align: inherit;\"><span style=\"vertical-align: inherit;\">D\u00e9bitm\u00e8tre \u00e9lectromagn\u00e9tique intelligent pour produits chimiques<\/span><\/span><\/td>\n<td><span style=\"vertical-align: inherit;\"><span style=\"vertical-align: inherit;\">D\u00e9tails de l'emballage\uff1a<\/span><\/span><\/td>\n<td><span style=\"vertical-align: inherit;\"><span style=\"vertical-align: inherit;\">1 jeu par paquet ou selon la demande du client<\/span><\/span><\/td>\n<\/tr>\n<tr>\n<td><span style=\"vertical-align: inherit;\"><span style=\"vertical-align: inherit;\">Diam\u00e8tre nominal\uff1a<\/span><\/span><\/td>\n<td><span style=\"vertical-align: inherit;\"><span style=\"vertical-align: inherit;\">3-3475mm<\/span><\/span><\/td>\n<td><span style=\"vertical-align: inherit;\"><span style=\"vertical-align: inherit;\">Capacit\u00e9 d'approvisionnement\uff1a<\/span><\/span><\/td>\n<td><span style=\"vertical-align: inherit;\"><span style=\"vertical-align: inherit;\">1721 Set\/Sets per Month<\/span><\/span><\/td>\n<\/tr>\n<tr>\n<td><span style=\"vertical-align: inherit;\"><span style=\"vertical-align: inherit;\">gamme de vitesses\uff1a<\/span><\/span><\/td>\n<td><span style=\"vertical-align: inherit;\"><span style=\"vertical-align: inherit;\">0-9m\/s<\/span><\/span><\/td>\n<td><span style=\"vertical-align: inherit;\"><span style=\"vertical-align: inherit;\">Quantit\u00e9 (jeux)\uff1a<\/span><\/span><\/td>\n<td><span style=\"vertical-align: inherit;\"><span style=\"vertical-align: inherit;\">&gt; 30<\/span><\/span><\/td>\n<\/tr>\n<tr>\n<td><span style=\"vertical-align: inherit;\"><span style=\"vertical-align: inherit;\">Degr\u00e9 de pr\u00e9cision\uff1a<\/span><\/span><\/td>\n<td><span style=\"vertical-align: inherit;\"><span style=\"vertical-align: inherit;\">\u00b10,5%R, \u00b11%R ( &lt; DN20)<\/span><\/span><\/td>\n<td><span style=\"vertical-align: inherit;\"><span style=\"vertical-align: inherit;\">D\u00e9lai d'ex\u00e9cution (jours)\uff1a<\/span><\/span><\/td>\n<td><span style=\"vertical-align: inherit;\"><span style=\"vertical-align: inherit;\">A n\u00e9gocier<\/span><\/span><\/td>\n<\/tr>\n<\/tbody>\n<\/table>\n<p>&nbsp;<\/p>\n<p>&nbsp;<\/p>\n<p style=\"text-align: center;\"><img title=\"d\u00e9bitm\u00e8tre d&#039;air cfm\" src=\"https:\/\/www.hginstrument.com\/wp-content\/uploads\/2021\/07\/in-line-pipeline-type-hgd-electromagnetic-flow-meter.jpg\" \/><\/p>\n<p>&nbsp;<\/p>\n<p>&nbsp;<\/p>\n<p style=\"text-align: center;\"><img title=\"d\u00e9bitm\u00e8tre d&#039;air cfm\" src=\"https:\/\/www.hginstrument.com\/wp-content\/uploads\/2021\/07\/insertion-01.jpg\" \/><\/p>\n<p>&nbsp;<\/p>\n<p>&nbsp;<\/p>\n<p style=\"text-align: center;\"><img title=\"d\u00e9bitm\u00e8tre d&#039;air cfm\" src=\"https:\/\/www.hginstrument.com\/wp-content\/uploads\/2021\/07\/sanitary-mag-1.jpg\" \/><\/p>\n<p><strong>cfm air flow meter FAQs Guide.<\/strong><\/p>\n<p>At the heart of our cfm air flow meter series lies a commitment to excellence, blending advanced sensor technology with user-friendly interfaces. From liquid to gas, our meters deliver unparalleled accuracy, empowering you to make informed decisions and streamline operations. As we usher in a new era of fluid measurement, we invite you to explore the limitless possibilities that our cfm air flow meters unlock \u2013 where precision meets performance, and innovation flows seamlessly.<\/p>\n<div style=\"border: 3px solid #f89900; margin: 20px 0; padding: 20px;\"><a href=\"\/fr\/cfm-air-flow-meter\/#01\">1.Is the cfm air flow meter anti-corrosion?<\/a><br \/>\n<a href=\"\/fr\/cfm-air-flow-meter\/#02\">2.What are the maintenance methods for cfm air flow meter?<\/a><br \/>\n<a href=\"\/fr\/cfm-air-flow-meter\/#03\">3.About cfm air flow meter production capacity<\/a><br \/>\n<a href=\"\/fr\/cfm-air-flow-meter\/#04\">4.About cfm air flow meter raw material procurement system<\/a><br \/>\n<a href=\"\/fr\/cfm-air-flow-meter\/#05\">5.What is the applicable pressure range of cfm air flow meter?<\/a><br \/>\n<a href=\"\/fr\/cfm-air-flow-meter\/#06\">6.About cfm air flow meter production capacity<\/a><br \/>\n<a href=\"\/fr\/cfm-air-flow-meter\/#07\">7.About cfm air flow meter technology<\/a><br \/>\n<a href=\"\/fr\/cfm-air-flow-meter\/#08\">8.About the development history of cfm air flow meter factory<\/a><br \/>\n<a href=\"\/fr\/cfm-air-flow-meter\/#09\">9.How does the cfm air flow meter connect with other devices and transmit data?<\/a><br \/>\n<a href=\"\/fr\/cfm-air-flow-meter\/#010\">10.What industries is cfm air flow meter suitable for?<\/a><br \/>\n<a href=\"\/fr\/cfm-air-flow-meter\/#11\">11.Does the cfm air flow meter have remote control capabilities?<\/a><br \/>\n<a href=\"\/fr\/cfm-air-flow-meter\/#12\">12.About cfm air flow meter production equipment<\/a><br \/>\n<a href=\"\/fr\/cfm-air-flow-meter\/#13\">13.About cfm air flow meter quality system<\/a><br \/>\n<a href=\"\/fr\/cfm-air-flow-meter\/#14\">14.Does the cfm air flow meter have an automatic cleaning function?<\/a><br \/>\n<a href=\"\/fr\/cfm-air-flow-meter\/#15\">15.Does cfm air flow meter have real-time monitoring function?<\/a><br \/>\n<a href=\"\/fr\/cfm-air-flow-meter\/#16\">16.About cfm air flow meter MOQ<\/a><\/div>\n<div id=\"01\">\n<p><strong>1.Is the cfm air flow meter anti-corrosion?<\/strong><\/p>\n<p>We have established a good reputation and reliable partnerships within the cfm air flow meter industry.<br \/>\nOui, la plupart des d\u00e9bitm\u00e8tres sont con\u00e7us pour r\u00e9sister \u00e0 la corrosion. Cependant, le type sp\u00e9cifique de d\u00e9bitm\u00e8tre et l'environnement dans lequel il est utilis\u00e9 d\u00e9terminent le degr\u00e9 de r\u00e9sistance \u00e0 la corrosion.<\/p>\n<\/div>\n<div id=\"02\">\n<p><strong>2.What are the maintenance methods for cfm air flow meter?<\/strong><\/p>\n<p>Nous nous concentrons sur l'innovation et l'am\u00e9lioration continue afin de conserver un avantage concurrentiel.<br \/>\n1. V\u00e9rifier r\u00e9guli\u00e8rement que le d\u00e9bitm\u00e8tre ne pr\u00e9sente pas de signes d'usure ou de d\u00e9t\u00e9rioration.<\/p>\n<p>2. Nettoyer r\u00e9guli\u00e8rement le d\u00e9bitm\u00e8tre pour garantir la pr\u00e9cision des relev\u00e9s.<\/p>\n<p>3. V\u00e9rifier la pr\u00e9cision du d\u00e9bitm\u00e8tre en effectuant des tests d'\u00e9talonnage.<\/p>\n<p>4. Remplacer les pi\u00e8ces us\u00e9es ou endommag\u00e9es d\u00e8s que possible.<\/p>\n<p>5. S'assurer que le d\u00e9bitm\u00e8tre est correctement install\u00e9 et raccord\u00e9 au syst\u00e8me.<\/p>\n<p>6. V\u00e9rifier que le d\u00e9bitm\u00e8tre ne pr\u00e9sente pas de signes de corrosion ou d'obstruction.<\/p>\n<p>7. Veiller \u00e0 ce que le d\u00e9bitm\u00e8tre soit correctement scell\u00e9 pour \u00e9viter toute fuite.<\/p>\n<p>8. V\u00e9rifier r\u00e9guli\u00e8rement que le d\u00e9bitm\u00e8tre ne pr\u00e9sente aucun signe de vibration ou de bruit.<\/p>\n<p>9. S'assurer que le d\u00e9bitm\u00e8tre est correctement \u00e9talonn\u00e9 et r\u00e9gl\u00e9.<\/p>\n<p>10. V\u00e9rifier r\u00e9guli\u00e8rement que le d\u00e9bitm\u00e8tre ne pr\u00e9sente aucun signe de fuite ou de colmatage.<\/p>\n<p><img style=\"max-width: 100%;\" title=\"What are the maintenance methods for cfm air flow meter?\" src=\"https:\/\/www.hginstrument.com\/wp-content\/uploads\/2021\/07\/hguoc-1.jpg\" alt=\"What are the maintenance methods for cfm air flow meter?\" \/><\/p>\n<\/div>\n<div id=\"03\">\n<p><strong>3.About cfm air flow meter production capacity<\/strong><\/p>\n<p>La capacit\u00e9 de production des d\u00e9bitm\u00e8tres d\u00e9pend du type de d\u00e9bitm\u00e8tre produit. En g\u00e9n\u00e9ral, la capacit\u00e9 de production est d\u00e9termin\u00e9e par la taille de l'installation de production, le nombre de machines et le personnel disponibles, et le type de d\u00e9bitm\u00e8tre produit. Par exemple, un site de production sp\u00e9cialis\u00e9 dans la fabrication de d\u00e9bitm\u00e8tres \u00e0 turbine peut avoir une capacit\u00e9 de production plus \u00e9lev\u00e9e qu'un site produisant des d\u00e9bitm\u00e8tres \u00e0 ultrasons. En outre, la capacit\u00e9 de production d'une installation peut \u00eatre affect\u00e9e par la complexit\u00e9 du d\u00e9bitm\u00e8tre produit, ainsi que par la disponibilit\u00e9 des mati\u00e8res premi\u00e8res et des composants.<\/p>\n<\/div>\n<div id=\"04\">\n<p><strong>4.About cfm air flow meter raw material procurement system<\/strong><\/p>\n<p>Un syst\u00e8me d'approvisionnement en mati\u00e8res premi\u00e8res pour d\u00e9bitm\u00e8tres est une solution logicielle con\u00e7ue pour rationaliser le processus d'achat de mati\u00e8res premi\u00e8res pour la production de d\u00e9bitm\u00e8tres. Le syst\u00e8me permet aux utilisateurs de rechercher et d'acheter rapidement et facilement les composants n\u00e9cessaires \u00e0 leur production de d\u00e9bitm\u00e8tres. Il fournit \u00e9galement des informations d\u00e9taill\u00e9es sur les composants, y compris les prix, la disponibilit\u00e9 et les d\u00e9lais de livraison. Le syst\u00e8me permet \u00e9galement aux utilisateurs de suivre leurs commandes et de g\u00e9rer leurs stocks. Cela permet de s'assurer que les bons composants sont toujours disponibles lorsque l'on en a besoin.<\/p>\n<p><img style=\"max-width: 100%;\" title=\"About cfm air flow meter raw material procurement system\" src=\"https:\/\/www.hginstrument.com\/wp-content\/uploads\/2021\/10\/w803e-f3.jpg\" alt=\"About cfm air flow meter raw material procurement system\" \/><\/p>\n<\/div>\n<div id=\"05\">\n<p><strong>5.What is the applicable pressure range of cfm air flow meter?<\/strong><\/p>\n<p>Nos produits et services couvrent un large \u00e9ventail de domaines et r\u00e9pondent aux besoins de diff\u00e9rents secteurs.<br \/>\nLa plage de pression applicable \u00e0 un d\u00e9bitm\u00e8tre d\u00e9pend du type de d\u00e9bitm\u00e8tre utilis\u00e9. En g\u00e9n\u00e9ral, les d\u00e9bitm\u00e8tres peuvent mesurer des pressions allant de 0,1 bar \u00e0 1000 bars.<\/p>\n<\/div>\n<div id=\"06\">\n<p><strong>6.About cfm air flow meter production capacity<\/strong><\/p>\n<p>La capacit\u00e9 de production des d\u00e9bitm\u00e8tres d\u00e9pend du type de d\u00e9bitm\u00e8tre produit. En g\u00e9n\u00e9ral, la capacit\u00e9 de production est d\u00e9termin\u00e9e par la taille de l'installation de production, le nombre de machines et le personnel disponibles, et le type de d\u00e9bitm\u00e8tre produit. Par exemple, un site de production sp\u00e9cialis\u00e9 dans la fabrication de d\u00e9bitm\u00e8tres \u00e0 turbine peut avoir une capacit\u00e9 de production plus \u00e9lev\u00e9e qu'un site produisant des d\u00e9bitm\u00e8tres \u00e0 ultrasons. En outre, la capacit\u00e9 de production d'une installation peut \u00eatre affect\u00e9e par la complexit\u00e9 du d\u00e9bitm\u00e8tre produit, ainsi que par la disponibilit\u00e9 des mati\u00e8res premi\u00e8res et des composants.<\/p>\n<p><img style=\"max-width: 100%;\" title=\"About cfm air flow meter production capacity\" src=\"https:\/\/www.hginstrument.com\/wp-content\/uploads\/2021\/07\/verabar-1.jpg\" alt=\"About cfm air flow meter production capacity\" \/><\/p>\n<\/div>\n<div id=\"07\">\n<p><strong>7.About cfm air flow meter technology<\/strong><\/p>\n<p>La technologie des d\u00e9bitm\u00e8tres est un type de technologie de mesure utilis\u00e9 pour mesurer le d\u00e9bit d'un fluide ou d'un gaz. Elle est utilis\u00e9e dans une vari\u00e9t\u00e9 d'industries, y compris le p\u00e9trole et le gaz, l'eau et les eaux us\u00e9es, et le traitement chimique. Les d\u00e9bitm\u00e8tres mesurent le d\u00e9bit d'un fluide ou d'un gaz en mesurant la pression, la vitesse ou d'autres propri\u00e9t\u00e9s physiques du fluide ou du gaz. Les d\u00e9bitm\u00e8tres peuvent \u00eatre utilis\u00e9s pour mesurer le d\u00e9bit de liquides, de gaz et de vapeur. Ils sont utilis\u00e9s pour mesurer le d\u00e9bit d'une vari\u00e9t\u00e9 de fluides, y compris l'eau, l'huile et les produits chimiques. Les d\u00e9bitm\u00e8tres sont utilis\u00e9s dans diverses applications, notamment pour le contr\u00f4le des processus, la gestion de l'\u00e9nergie et la surveillance de la s\u00e9curit\u00e9.<\/p>\n<\/div>\n<div id=\"08\">\n<p><strong>8.About the development history of cfm air flow meter factory<\/strong><\/p>\n<p>L'usine de d\u00e9bitm\u00e8tres a \u00e9t\u00e9 cr\u00e9\u00e9e au d\u00e9but des ann\u00e9es 1990. Elle a \u00e9t\u00e9 fond\u00e9e par un groupe d'ing\u00e9nieurs et de techniciens qui poss\u00e9daient une vaste exp\u00e9rience dans la conception et la fabrication de d\u00e9bitm\u00e8tres. La soci\u00e9t\u00e9 s'est d'abord concentr\u00e9e sur la production de d\u00e9bitm\u00e8tres m\u00e9caniques, mais elle a rapidement \u00e9largi sa gamme de produits pour y inclure les d\u00e9bitm\u00e8tres \u00e9lectroniques. Au fil des ans, l'entreprise a d\u00e9velopp\u00e9 une large gamme de d\u00e9bitm\u00e8tres pour diverses applications, notamment industrielles, commerciales et r\u00e9sidentielles. Elle a \u00e9galement mis au point une gamme de solutions logicielles et mat\u00e9rielles pour la mesure et le contr\u00f4le des d\u00e9bits. Aujourd'hui, l'entreprise est l'un des principaux fabricants de d\u00e9bitm\u00e8tres et de produits connexes, et elle est reconnue comme un leader dans l'industrie.<\/p>\n<p><img style=\"max-width: 100%;\" title=\"About the development history of cfm air flow meter factory\" src=\"https:\/\/www.hginstrument.com\/wp-content\/uploads\/2021\/07\/hgtf-6.jpg\" alt=\"About the development history of cfm air flow meter factory\" \/><\/p>\n<\/div>\n<div id=\"09\">\n<p><strong>9.How does the cfm air flow meter connect with other devices and transmit data?<\/strong><\/p>\n<p>cfm air flow meter is not a product only, but also can help you comes to money-making.<br \/>\nLes d\u00e9bitm\u00e8tres peuvent se connecter \u00e0 d'autres appareils et transmettre des donn\u00e9es par le biais de diverses m\u00e9thodes, notamment des connexions c\u00e2bl\u00e9es, des connexions sans fil et des protocoles de communication s\u00e9rie. Les connexions filaires peuvent inclure RS-232, RS-485 et USB. Les connexions sans fil peuvent inclure Bluetooth, Wi-Fi et les r\u00e9seaux cellulaires. Les protocoles de communication s\u00e9rie peuvent inclure Modbus, HART et Profibus.<\/p>\n<\/div>\n<div id=\"010\">\n<p><strong>10.What industries is cfm air flow meter suitable for?<\/strong><\/p>\n<p>Nous maintenons un certain niveau d'investissement en R&amp;D chaque ann\u00e9e et am\u00e9liorons continuellement l'efficacit\u00e9 op\u00e9rationnelle afin de fournir de meilleurs services \u00e0 nos clients coop\u00e9ratifs.<br \/>\nLes d\u00e9bitm\u00e8tres conviennent \u00e0 un large \u00e9ventail d'industries, notamment le p\u00e9trole et le gaz, l'eau et les eaux us\u00e9es, le traitement chimique, l'alimentation et les boissons, les produits pharmaceutiques, la production d'\u00e9nergie et les syst\u00e8mes de chauffage, de ventilation et de climatisation.<\/p>\n<p><img style=\"max-width: 100%;\" title=\"What industries is cfm air flow meter suitable for?\" src=\"https:\/\/www.hginstrument.com\/wp-content\/uploads\/2021\/07\/hgrs-1.jpg\" alt=\"What industries is cfm air flow meter suitable for?\" \/><\/p>\n<\/div>\n<div id=\"11\">\n<p><strong>11.Does the cfm air flow meter have remote control capabilities?<\/strong><\/p>\n<p>Nous nous concentrons sur les besoins de nos clients et nous nous effor\u00e7ons de r\u00e9pondre \u00e0 leurs attentes, c'est pourquoi nous prenons cela tr\u00e8s au s\u00e9rieux.<br \/>\nCela d\u00e9pend du mod\u00e8le sp\u00e9cifique de d\u00e9bitm\u00e8tre. Certains mod\u00e8les peuvent \u00eatre dot\u00e9s d'une fonction de commande \u00e0 distance, d'autres non.<\/p>\n<\/div>\n<div id=\"12\">\n<p><strong>12.About cfm air flow meter production equipment<\/strong><\/p>\n<p>L'\u00e9quipement de production de d\u00e9bitm\u00e8tres est utilis\u00e9 pour fabriquer des d\u00e9bitm\u00e8tres, qui sont des dispositifs utilis\u00e9s pour mesurer le d\u00e9bit d'un liquide ou d'un gaz. Cet \u00e9quipement comprend g\u00e9n\u00e9ralement une vari\u00e9t\u00e9 de machines et d'outils, tels que des tours, des fraiseuses, des perceuses \u00e0 colonne et des machines \u00e0 commande num\u00e9rique. Il comprend \u00e9galement des outils sp\u00e9cialis\u00e9s pour assembler et tester les d\u00e9bitm\u00e8tres. L'\u00e9quipement utilis\u00e9 pour produire des d\u00e9bitm\u00e8tres est hautement sp\u00e9cialis\u00e9 et doit \u00eatre en mesure de produire des r\u00e9sultats pr\u00e9cis et fiables.<\/p>\n<p><img style=\"max-width: 100%;\" title=\"About cfm air flow meter production equipment\" src=\"https:\/\/www.hginstrument.com\/wp-content\/uploads\/2021\/07\/hls-2000uf-1.jpg\" alt=\"About cfm air flow meter production equipment\" \/><\/p>\n<\/div>\n<div id=\"13\">\n<p><strong>13.About cfm air flow meter quality system<\/strong><\/p>\n<p>Un syst\u00e8me de qualit\u00e9 pour les d\u00e9bitm\u00e8tres est un ensemble de processus et de proc\u00e9dures utilis\u00e9s pour garantir que les d\u00e9bitm\u00e8tres sont fabriqu\u00e9s et test\u00e9s de mani\u00e8re \u00e0 r\u00e9pondre aux normes les plus strictes en mati\u00e8re de pr\u00e9cision et de fiabilit\u00e9. Le syst\u00e8me comprend des mesures de contr\u00f4le de la qualit\u00e9 telles que l'inspection des mat\u00e9riaux entrants, l'inspection en cours de fabrication et l'essai du produit final. Il comprend \u00e9galement la documentation et la tenue de registres afin de garantir que tous les processus sont respect\u00e9s et que tout probl\u00e8me est trait\u00e9 rapidement et efficacement. Le syst\u00e8me est con\u00e7u pour garantir que les d\u00e9bitm\u00e8tres produits sont de la plus haute qualit\u00e9 et r\u00e9pondent aux exigences du client.<\/p>\n<\/div>\n<div id=\"14\">\n<p><strong>14.Does the cfm air flow meter have an automatic cleaning function?<\/strong><\/p>\n<p>Being one of the top cfm air flow meter manufacturers in China, We attach great importance to this detail.<br \/>\nNon, la plupart des d\u00e9bitm\u00e8tres n'ont pas de fonction de nettoyage automatique. Toutefois, certains mod\u00e8les peuvent \u00eatre dot\u00e9s d'une fonction d'auto-nettoyage qui peut \u00eatre activ\u00e9e manuellement.<\/p>\n<p><img style=\"max-width: 100%;\" title=\"Does the cfm air flow meter have an automatic cleaning function?\" src=\"https:\/\/www.hginstrument.com\/wp-content\/uploads\/2021\/07\/hgdu600-p-1.jpg\" alt=\"Does the cfm air flow meter have an automatic cleaning function?\" \/><\/p>\n<\/div>\n<div id=\"15\">\n<p><strong>15.Does cfm air flow meter have real-time monitoring function?<\/strong><\/p>\n<p>Oui, certains d\u00e9bitm\u00e8tres ont des fonctions de surveillance en temps r\u00e9el. Ces compteurs sont g\u00e9n\u00e9ralement \u00e9quip\u00e9s de capteurs qui mesurent le d\u00e9bit et transmettent les donn\u00e9es \u00e0 un syst\u00e8me de surveillance. Cela permet de contr\u00f4ler en temps r\u00e9el le d\u00e9bit et d'autres param\u00e8tres.<\/p>\n<\/div>\n<div id=\"16\">\n<p><strong>16.About cfm air flow meter MOQ<\/strong><\/p>\n<p>La quantit\u00e9 minimale de commande (QMC) d'un d\u00e9bitm\u00e8tre d\u00e9pend du type de d\u00e9bitm\u00e8tre et du fabricant. En g\u00e9n\u00e9ral, la QMo pour un d\u00e9bitm\u00e8tre se situe entre 1 et 10 unit\u00e9s, mais elle peut varier en fonction du fabricant et du type de d\u00e9bitm\u00e8tre.<\/p>\n<p><img style=\"max-width: 100%;\" title=\"About cfm air flow meter MOQ\" src=\"https:\/\/www.hginstrument.com\/wp-content\/uploads\/2021\/07\/dsrt-1.jpg\" alt=\"About cfm air flow meter MOQ\" \/><\/p>\n<\/div>\n<p>&nbsp;<\/p>\n<p>Tag\uff1a<a href=\"\/fr\/magnetic-flow-meter\/gpi-water-flow-meter\/\">gpi water flow meter<\/a>,<a href=\"\/fr\/magnetic-flow-meter\/ultrasonic-flow-meter-price\/\">ultrasonic flow meter price<\/a>,<a href=\"\/fr\/magnetic-flow-meter\/potable-water-flow-meter\/\">compteur d'eau potable<\/a>,<a href=\"\/fr\/magnetic-flow-meter\/glass-tube-flow-meter\/\">glass tube flow meter<\/a><\/p>\n<p>&nbsp;<\/p>","protected":false},"excerpt":{"rendered":"<p><strong>Donn\u00e9es techniques<\/strong><br \/>\nPeut \u00eatre utilis\u00e9 pour les fluides liquides ou gazeux, g\u00e9n\u00e9ralement pour mesurer le d\u00e9bit de la vapeur, de la vapeur, de l'air et du gaz naturel.<br \/>\nTaille du compteur : Type en ligne : DN25 - DN300<br \/>\nOption de mat\u00e9riau en contact avec le liquide : SS304, SS316<br \/>\nTemp\u00e9rature de fonctionnement : \u2264250\u2103<br \/>\nRaccordement au processus : Wafer \/ Bride \/ Tri-clamp pour le type en ligne<br \/>\nPr\u00e9cision de mesure : 1,0 % - 1,5% de la plage d'\u00e9talonnage<br \/>\nIndicateur num\u00e9rique : affichage du d\u00e9bit instantan\u00e9, du d\u00e9bit total<br \/>\nAlimentation : 24VDC, Sortie : 4-20mA<\/p>\n<p><strong>caract\u00e9ristiques<\/strong><br \/>\n1. points de consigne ON\/OFF r\u00e9glables<br \/>\n2. mode d'alarme de d\u00e9bit Hi ou Lo<br \/>\n3. d\u00e9lai r\u00e9glable<br \/>\n4. LED d'\u00e9tat du relais<\/p>","protected":false},"featured_media":3691,"comment_status":"closed","ping_status":"closed","template":"","meta":[],"product_cat":[2372],"product_tag":[],"acf":[],"_links":{"self":[{"href":"https:\/\/www.hginstrument.com\/fr\/wp-json\/wp\/v2\/product\/5024"}],"collection":[{"href":"https:\/\/www.hginstrument.com\/fr\/wp-json\/wp\/v2\/product"}],"about":[{"href":"https:\/\/www.hginstrument.com\/fr\/wp-json\/wp\/v2\/types\/product"}],"replies":[{"embeddable":true,"href":"https:\/\/www.hginstrument.com\/fr\/wp-json\/wp\/v2\/comments?post=5024"}],"wp:featuredmedia":[{"embeddable":true,"href":"https:\/\/www.hginstrument.com\/fr\/wp-json\/wp\/v2\/media\/3691"}],"wp:attachment":[{"href":"https:\/\/www.hginstrument.com\/fr\/wp-json\/wp\/v2\/media?parent=5024"}],"wp:term":[{"taxonomy":"product_cat","embeddable":true,"href":"https:\/\/www.hginstrument.com\/fr\/wp-json\/wp\/v2\/product_cat?post=5024"},{"taxonomy":"product_tag","embeddable":true,"href":"https:\/\/www.hginstrument.com\/fr\/wp-json\/wp\/v2\/product_tag?post=5024"}],"curies":[{"name":"wp","href":"https:\/\/api.w.org\/{rel}","templated":true}]}}