{"id":5098,"date":"2023-12-23T18:02:59","date_gmt":"2023-12-23T10:02:59","guid":{"rendered":"https:\/\/www.hginstrument.com\/?post_type=product&#038;p=5098"},"modified":"2024-01-08T15:41:39","modified_gmt":"2024-01-08T07:41:39","slug":"digital-flow-meter-for-hydraulic-oil","status":"publish","type":"product","link":"https:\/\/www.hginstrument.com\/fr\/magnetic-flow-meter\/digital-flow-meter-for-hydraulic-oil\/","title":{"rendered":"d\u00e9bitm\u00e8tre num\u00e9rique pour l'huile hydraulique"},"content":{"rendered":"<p>Avec sa plage de d\u00e9bit \u00e9lev\u00e9e et ses capacit\u00e9s de lecture pr\u00e9cises, le d\u00e9bitm\u00e8tre num\u00e9rique pour huile hydraulique est le choix id\u00e9al pour les industries telles que le p\u00e9trole et le gaz, le traitement de l'eau et le traitement chimique. Am\u00e9liorez votre processus de mesure des liquides avec un d\u00e9bitm\u00e8tre num\u00e9rique pour huile hydraulique et b\u00e9n\u00e9ficiez d'une performance et d'une valeur in\u00e9gal\u00e9es. Faites confiance au d\u00e9bitm\u00e8tre num\u00e9rique pour huile hydraulique pour vous donner les mesures de d\u00e9bit les plus pr\u00e9cises et les plus efficaces \u00e0 chaque fois.<\/p>\n<p>Les d\u00e9bitm\u00e8tres num\u00e9riques pour huiles hydrauliques sont des appareils essentiels pour mesurer le d\u00e9bit et le volume des liquides, des gaz et de la vapeur dans divers processus industriels. Ils sont largement utilis\u00e9s dans les industries telles que le p\u00e9trole et le gaz, le traitement de l'eau et des eaux us\u00e9es, les produits chimiques et pharmaceutiques pour surveiller et contr\u00f4ler le d\u00e9bit des fluides.<\/p>\n<table class=\"table table-bordered\">\n<tbody>\n<tr>\n<td><span style=\"vertical-align: inherit;\"><span style=\"vertical-align: inherit;\">Type\uff1a<\/span><\/span><\/td>\n<td><span style=\"vertical-align: inherit;\">d\u00e9bitm\u00e8tre num\u00e9rique pour l'huile hydraulique<\/span><\/td>\n<td><span style=\"vertical-align: inherit;\"><span style=\"vertical-align: inherit;\">Signal de sortie\uff1a<\/span><\/span><\/td>\n<td><span style=\"vertical-align: inherit;\"><span style=\"vertical-align: inherit;\">4-20 mA, impulsion\/fr\u00e9quence 2 kHz (par d\u00e9faut), 5 kHz (max)<\/span><\/span><\/td>\n<\/tr>\n<tr>\n<td><span style=\"vertical-align: inherit;\"><span style=\"vertical-align: inherit;\">Lieu d'origine\uff1a<\/span><\/span><\/td>\n<td><span style=\"vertical-align: inherit;\"><span style=\"vertical-align: inherit;\">Jiangsu, Chine<\/span><\/span><\/td>\n<td><span style=\"vertical-align: inherit;\"><span style=\"vertical-align: inherit;\">Incorporer le type\uff1a<\/span><\/span><\/td>\n<td><span style=\"vertical-align: inherit;\"><span style=\"vertical-align: inherit;\">-10\u2103- +54\u2103<\/span><\/span><\/td>\n<\/tr>\n<tr>\n<td><span style=\"vertical-align: inherit;\"><span style=\"vertical-align: inherit;\">Garantie\uff1a<\/span><\/span><\/td>\n<td><span style=\"vertical-align: inherit;\"><span style=\"vertical-align: inherit;\">26 mois<\/span><\/span><\/td>\n<td><span style=\"vertical-align: inherit;\"><span style=\"vertical-align: inherit;\">Tension d'alimentation\uff1a<\/span><\/span><\/td>\n<td><span style=\"vertical-align: inherit;\"><span style=\"vertical-align: inherit;\">110\/220VAC (100-240VAC), 50Hz\/60Hz ; 24VDC\u00b110%<\/span><\/span><\/td>\n<\/tr>\n<tr>\n<td><span style=\"vertical-align: inherit;\"><span style=\"vertical-align: inherit;\">Soutien personnalis\u00e9\uff1a<\/span><\/span><\/td>\n<td><span style=\"vertical-align: inherit;\"><span style=\"vertical-align: inherit;\">OEM, ODM, OBM<\/span><\/span><\/td>\n<td><span style=\"vertical-align: inherit;\"><span style=\"vertical-align: inherit;\">Communication num\u00e9rique\uff1a<\/span><\/span><\/td>\n<td><span style=\"vertical-align: inherit;\"><span style=\"vertical-align: inherit;\">RS-485, supportant le protocole standard Mudbugs-RTU ; GPRS<\/span><\/span><\/td>\n<\/tr>\n<tr>\n<td><span style=\"vertical-align: inherit;\"><span style=\"vertical-align: inherit;\">Nom de marque\uff1a<\/span><\/span><\/td>\n<td><span style=\"vertical-align: inherit;\"><span style=\"vertical-align: inherit;\">GROUPE SUYI<\/span><\/span><\/td>\n<td><span style=\"vertical-align: inherit;\"><span style=\"vertical-align: inherit;\">Pression nominale\uff1a<\/span><\/span><\/td>\n<td><span style=\"vertical-align: inherit;\"><span style=\"vertical-align: inherit;\">1MPa (DN15-DN800), 1,6MPa(DN15-DN800), 2,5MPa(DN15-DN600)<\/span><\/span><\/td>\n<\/tr>\n<tr>\n<td><span style=\"vertical-align: inherit;\"><span style=\"vertical-align: inherit;\">Num\u00e9ro de mod\u00e8le\uff1a<\/span><\/span><\/td>\n<td><span style=\"vertical-align: inherit;\"><span style=\"vertical-align: inherit;\">autres<\/span><\/span><\/td>\n<td><span style=\"vertical-align: inherit;\"><span style=\"vertical-align: inherit;\">Capteur\uff1a<\/span><\/span><\/td>\n<td><span style=\"vertical-align: inherit;\"><span style=\"vertical-align: inherit;\">0\u2103- +80\u2103 ou -25\u2103- +120\u2103 ou +70\u2103- +250\u2103<\/span><\/span><\/td>\n<\/tr>\n<tr>\n<td><span style=\"vertical-align: inherit;\"><span style=\"vertical-align: inherit;\">Nom du produit\uff1a<\/span><\/span><\/td>\n<td><span style=\"vertical-align: inherit;\"><span style=\"vertical-align: inherit;\">D\u00e9bitm\u00e8tre \u00e9lectromagn\u00e9tique intelligent pour produits chimiques<\/span><\/span><\/td>\n<td><span style=\"vertical-align: inherit;\"><span style=\"vertical-align: inherit;\">D\u00e9tails de l'emballage\uff1a<\/span><\/span><\/td>\n<td><span style=\"vertical-align: inherit;\"><span style=\"vertical-align: inherit;\">1 jeu par paquet ou selon la demande du client<\/span><\/span><\/td>\n<\/tr>\n<tr>\n<td><span style=\"vertical-align: inherit;\"><span style=\"vertical-align: inherit;\">Diam\u00e8tre nominal\uff1a<\/span><\/span><\/td>\n<td><span style=\"vertical-align: inherit;\"><span style=\"vertical-align: inherit;\">3-3134mm<\/span><\/span><\/td>\n<td><span style=\"vertical-align: inherit;\"><span style=\"vertical-align: inherit;\">Capacit\u00e9 d'approvisionnement\uff1a<\/span><\/span><\/td>\n<td><span style=\"vertical-align: inherit;\"><span style=\"vertical-align: inherit;\">2271 Set\/Sets per Month<\/span><\/span><\/td>\n<\/tr>\n<tr>\n<td><span style=\"vertical-align: inherit;\"><span style=\"vertical-align: inherit;\">gamme de vitesses\uff1a<\/span><\/span><\/td>\n<td><span style=\"vertical-align: inherit;\"><span style=\"vertical-align: inherit;\">0-15m\/s<\/span><\/span><\/td>\n<td><span style=\"vertical-align: inherit;\"><span style=\"vertical-align: inherit;\">Quantit\u00e9 (jeux)\uff1a<\/span><\/span><\/td>\n<td><span style=\"vertical-align: inherit;\"><span style=\"vertical-align: inherit;\">&gt; 30<\/span><\/span><\/td>\n<\/tr>\n<tr>\n<td><span style=\"vertical-align: inherit;\"><span style=\"vertical-align: inherit;\">Degr\u00e9 de pr\u00e9cision\uff1a<\/span><\/span><\/td>\n<td><span style=\"vertical-align: inherit;\"><span style=\"vertical-align: inherit;\">\u00b10,5%R, \u00b11%R ( &lt; DN20)<\/span><\/span><\/td>\n<td><span style=\"vertical-align: inherit;\"><span style=\"vertical-align: inherit;\">D\u00e9lai d'ex\u00e9cution (jours)\uff1a<\/span><\/span><\/td>\n<td><span style=\"vertical-align: inherit;\"><span style=\"vertical-align: inherit;\">A n\u00e9gocier<\/span><\/span><\/td>\n<\/tr>\n<\/tbody>\n<\/table>\n<p>&nbsp;<\/p>\n<p>&nbsp;<\/p>\n<p style=\"text-align: center;\"><img title=\"d\u00e9bitm\u00e8tre num\u00e9rique pour l&#039;huile hydraulique\" src=\"https:\/\/www.hginstrument.com\/wp-content\/uploads\/2021\/07\/in-line-pipeline-type-hgd-electromagnetic-flow-meter.jpg\" \/><\/p>\n<p>&nbsp;<\/p>\n<p>&nbsp;<\/p>\n<p style=\"text-align: center;\"><img title=\"d\u00e9bitm\u00e8tre num\u00e9rique pour l&#039;huile hydraulique\" src=\"https:\/\/www.hginstrument.com\/wp-content\/uploads\/2021\/07\/insertion-01.jpg\" \/><\/p>\n<p>&nbsp;<\/p>\n<p>&nbsp;<\/p>\n<p style=\"text-align: center;\"><img title=\"d\u00e9bitm\u00e8tre num\u00e9rique pour l&#039;huile hydraulique\" src=\"https:\/\/www.hginstrument.com\/wp-content\/uploads\/2021\/07\/sanitary-mag-1.jpg\" \/><\/p>\n<p><strong>d\u00e9bitm\u00e8tre num\u00e9rique pour huile hydraulique FAQs Guide.<\/strong><\/p>\n<p>Au c\u0153ur de notre s\u00e9rie de d\u00e9bitm\u00e8tres num\u00e9riques pour huile hydraulique se trouve un engagement \u00e0 l'excellence, alliant une technologie de capteur avanc\u00e9e \u00e0 des interfaces conviviales. Du liquide au gaz, nos compteurs offrent une pr\u00e9cision in\u00e9gal\u00e9e, ce qui vous permet de prendre des d\u00e9cisions \u00e9clair\u00e9es et de rationaliser vos op\u00e9rations. Alors que nous entrons dans une nouvelle \u00e8re de la mesure des fluides, nous vous invitons \u00e0 explorer les possibilit\u00e9s illimit\u00e9es qu'offrent nos d\u00e9bitm\u00e8tres num\u00e9riques pour huiles hydrauliques - l\u00e0 o\u00f9 la pr\u00e9cision rencontre la performance et o\u00f9 l'innovation coule de source.<\/p>\n<div style=\"border: 3px solid #f89900; margin: 20px 0; padding: 20px;\"><a href=\"\/fr\/digital-flow-meter-for-hydraulic-oil\/#01\">1.1 L'\u00e9chelle du d\u00e9bitm\u00e8tre num\u00e9rique pour l'usine d'huile hydraulique<\/a><br \/>\n<a href=\"\/fr\/digital-flow-meter-for-hydraulic-oil\/#02\">2. l'unit\u00e9 de mesure du d\u00e9bitm\u00e8tre num\u00e9rique pour huile hydraulique est-elle rempla\u00e7able ?<\/a><br \/>\n<a href=\"\/fr\/digital-flow-meter-for-hydraulic-oil\/#03\">3.A propos du d\u00e9bitm\u00e8tre num\u00e9rique pour l'huile hydraulique M\u00e9thode de paiement<\/a><br \/>\n<a href=\"\/fr\/digital-flow-meter-for-hydraulic-oil\/#04\">4. quelle est la fonction du d\u00e9bitm\u00e8tre num\u00e9rique pour l'huile hydraulique ?<\/a><br \/>\n<a href=\"\/fr\/digital-flow-meter-for-hydraulic-oil\/#05\">5. les r\u00e9sultats de mesure du d\u00e9bitm\u00e8tre num\u00e9rique pour huile hydraulique peuvent-ils \u00eatre \u00e9dit\u00e9s et enregistr\u00e9s \u00e0 distance ?<\/a><br \/>\n<a href=\"\/fr\/digital-flow-meter-for-hydraulic-oil\/#06\">6. quel est le poids et les dimensions du d\u00e9bitm\u00e8tre num\u00e9rique pour l'huile hydraulique ?<\/a><br \/>\n<a href=\"\/fr\/digital-flow-meter-for-hydraulic-oil\/#07\">7. le d\u00e9bitm\u00e8tre num\u00e9rique pour l'huile hydraulique peut-il \u00eatre command\u00e9 \u00e0 distance ?<\/a><br \/>\n<a href=\"\/fr\/digital-flow-meter-for-hydraulic-oil\/#08\">8. historique du d\u00e9veloppement du d\u00e9bitm\u00e8tre num\u00e9rique pour l'usine d'huile hydraulique<\/a><br \/>\n<a href=\"\/fr\/digital-flow-meter-for-hydraulic-oil\/#09\">9.A propos du d\u00e9bitm\u00e8tre num\u00e9rique pour la technologie de l'huile hydraulique<\/a><br \/>\n<a href=\"\/fr\/digital-flow-meter-for-hydraulic-oil\/#010\">10. historique du d\u00e9veloppement du d\u00e9bitm\u00e8tre num\u00e9rique pour l'usine d'huile hydraulique<\/a><br \/>\n<a href=\"\/fr\/digital-flow-meter-for-hydraulic-oil\/#11\">11.A propos du d\u00e9bitm\u00e8tre num\u00e9rique pour la capacit\u00e9 de production d'huile hydraulique<\/a><br \/>\n<a href=\"\/fr\/digital-flow-meter-for-hydraulic-oil\/#12\">12.1 D\u00e9bitm\u00e8tre num\u00e9rique pour la formation \u00e0 la production d'huile hydraulique<\/a><br \/>\n<a href=\"\/fr\/digital-flow-meter-for-hydraulic-oil\/#13\">13.1 D\u00e9bitm\u00e8tre num\u00e9rique pour l'huile hydraulique Capacit\u00e9s de R&amp;D<\/a><br \/>\n<a href=\"\/fr\/digital-flow-meter-for-hydraulic-oil\/#14\">14. quelle est la plage de temp\u00e9rature de fonctionnement du d\u00e9bitm\u00e8tre num\u00e9rique pour l'huile hydraulique ?<\/a><br \/>\n<a href=\"\/fr\/digital-flow-meter-for-hydraulic-oil\/#15\">15.A propos du d\u00e9bitm\u00e8tre num\u00e9rique pour l'\u00e9quipement de production d'huile hydraulique<\/a><\/div>\n<div id=\"01\">\n<p><strong>1.1 L'\u00e9chelle du d\u00e9bitm\u00e8tre num\u00e9rique pour l'usine d'huile hydraulique<\/strong><\/p>\n<p>Les usines de d\u00e9bitm\u00e8tres varient en taille et en port\u00e9e, selon le type de d\u00e9bitm\u00e8tres qu'elles produisent. Certaines usines peuvent se sp\u00e9cialiser dans la production d'un seul type de d\u00e9bitm\u00e8tre, tandis que d'autres peuvent en produire plusieurs. Certaines usines peuvent \u00eatre de grande taille et compter des centaines d'employ\u00e9s, tandis que d'autres peuvent \u00eatre de petite taille et ne compter que quelques employ\u00e9s. La taille de l'usine d\u00e9pend \u00e9galement du type de d\u00e9bitm\u00e8tres qu'elle produit, ainsi que de la demande pour ces d\u00e9bitm\u00e8tres.<\/p>\n<\/div>\n<div id=\"02\">\n<p><strong>2. l'unit\u00e9 de mesure du d\u00e9bitm\u00e8tre num\u00e9rique pour huile hydraulique est-elle rempla\u00e7able ?<\/strong><\/p>\n<p>En tant que l'un des principaux fabricants de d\u00e9bitm\u00e8tres num\u00e9riques pour huile hydraulique en Chine, nous prenons cela tr\u00e8s au s\u00e9rieux.<br \/>\nOui, l'unit\u00e9 de mesure d'un d\u00e9bitm\u00e8tre est rempla\u00e7able.<\/p>\n<\/div>\n<div id=\"03\">\n<p><strong>3.A propos du d\u00e9bitm\u00e8tre num\u00e9rique pour l'huile hydraulique M\u00e9thode de paiement<\/strong><\/p>\n<p>Le paiement par d\u00e9bitm\u00e8tre est une m\u00e9thode de paiement qui utilise un d\u00e9bitm\u00e8tre pour mesurer la quantit\u00e9 d'\u00e9nergie utilis\u00e9e par un client. Le client paie l'\u00e9nergie utilis\u00e9e en fonction de la quantit\u00e9 d'\u00e9nergie mesur\u00e9e par le d\u00e9bitm\u00e8tre. Cette m\u00e9thode de paiement est souvent utilis\u00e9e dans les milieux commerciaux et industriels, o\u00f9 la consommation d'\u00e9nergie est \u00e9lev\u00e9e et doit \u00eatre suivie avec pr\u00e9cision. Le paiement par d\u00e9bitm\u00e8tre est \u00e9galement utilis\u00e9 dans certains contextes r\u00e9sidentiels, o\u00f9 les clients peuvent payer leur consommation d'\u00e9nergie en fonction de la quantit\u00e9 d'\u00e9nergie qu'ils utilisent.<\/p>\n<\/div>\n<div id=\"04\">\n<p><strong>4. quelle est la fonction du d\u00e9bitm\u00e8tre num\u00e9rique pour l'huile hydraulique ?<\/strong><\/p>\n<p>Notre soci\u00e9t\u00e9 poss\u00e8de de nombreuses ann\u00e9es d'exp\u00e9rience et d'expertise en mati\u00e8re de d\u00e9bitm\u00e8tre num\u00e9rique pour huile hydraulique.<br \/>\nUn d\u00e9bitm\u00e8tre est un dispositif utilis\u00e9 pour mesurer le d\u00e9bit ou la quantit\u00e9 d'un gaz ou d'un liquide circulant dans un tuyau. Il sert \u00e0 mesurer le d\u00e9bit d'un liquide ou d'un gaz dans un conduit ferm\u00e9. Les d\u00e9bitm\u00e8tres sont utilis\u00e9s dans diverses industries, notamment le traitement de l'eau et des eaux us\u00e9es, le p\u00e9trole et le gaz, et le traitement chimique.<\/p>\n<\/div>\n<div id=\"05\">\n<p><strong>5. les r\u00e9sultats de mesure du d\u00e9bitm\u00e8tre num\u00e9rique pour huile hydraulique peuvent-ils \u00eatre \u00e9dit\u00e9s et enregistr\u00e9s \u00e0 distance ?<\/strong><\/p>\n<p>Oui, de nombreux d\u00e9bitm\u00e8tres sont \u00e9quip\u00e9s de capacit\u00e9s de sortie et d'enregistrement \u00e0 distance. Cela permet aux utilisateurs de surveiller et d'enregistrer les donn\u00e9es de d\u00e9bit \u00e0 partir d'un site distant.<\/p>\n<p><img style=\"max-width: 100%;\" title=\"Les r\u00e9sultats de mesure du d\u00e9bitm\u00e8tre num\u00e9rique pour huile hydraulique peuvent-ils \u00eatre \u00e9dit\u00e9s et enregistr\u00e9s \u00e0 distance ?\" src=\"https:\/\/www.hginstrument.com\/wp-content\/uploads\/2021\/07\/hgtf-6.jpg\" alt=\"Les r\u00e9sultats de mesure du d\u00e9bitm\u00e8tre num\u00e9rique pour huile hydraulique peuvent-ils \u00eatre \u00e9dit\u00e9s et enregistr\u00e9s \u00e0 distance ?\" \/><\/p>\n<\/div>\n<div id=\"06\">\n<p><strong>6. quel est le poids et les dimensions du d\u00e9bitm\u00e8tre num\u00e9rique pour l'huile hydraulique ?<\/strong><\/p>\n<p>Nos produits et services couvrent un large \u00e9ventail de domaines et r\u00e9pondent aux besoins de diff\u00e9rents secteurs.<br \/>\nLe poids et les dimensions du d\u00e9bitm\u00e8tre d\u00e9pendent du mod\u00e8le et du fabricant. En g\u00e9n\u00e9ral, la taille des d\u00e9bitm\u00e8tres va du petit appareil portatif aux grandes unit\u00e9s industrielles. Le poids d'un d\u00e9bitm\u00e8tre peut varier de quelques onces \u00e0 plusieurs centaines de livres.<\/p>\n<\/div>\n<div id=\"07\">\n<p><strong>7. le d\u00e9bitm\u00e8tre num\u00e9rique pour l'huile hydraulique peut-il \u00eatre command\u00e9 \u00e0 distance ?<\/strong><\/p>\n<p>Nous nous concentrons sur les besoins de nos clients et nous nous effor\u00e7ons de r\u00e9pondre \u00e0 leurs attentes, c'est pourquoi nous prenons cela tr\u00e8s au s\u00e9rieux.<br \/>\nCela d\u00e9pend du mod\u00e8le sp\u00e9cifique de d\u00e9bitm\u00e8tre. Certains mod\u00e8les peuvent \u00eatre dot\u00e9s d'une fonction de commande \u00e0 distance, d'autres non.<\/p>\n<\/div>\n<div id=\"08\">\n<p><strong>8. historique du d\u00e9veloppement du d\u00e9bitm\u00e8tre num\u00e9rique pour l'usine d'huile hydraulique<\/strong><\/p>\n<p>L'usine de d\u00e9bitm\u00e8tres a \u00e9t\u00e9 cr\u00e9\u00e9e au d\u00e9but des ann\u00e9es 1990. Elle a \u00e9t\u00e9 fond\u00e9e par un groupe d'ing\u00e9nieurs et de techniciens qui poss\u00e9daient une vaste exp\u00e9rience dans la conception et la fabrication de d\u00e9bitm\u00e8tres. La soci\u00e9t\u00e9 s'est d'abord concentr\u00e9e sur la production de d\u00e9bitm\u00e8tres m\u00e9caniques, mais elle a rapidement \u00e9largi sa gamme de produits pour y inclure les d\u00e9bitm\u00e8tres \u00e9lectroniques. Au fil des ans, l'entreprise a d\u00e9velopp\u00e9 une large gamme de d\u00e9bitm\u00e8tres pour diverses applications, notamment industrielles, commerciales et r\u00e9sidentielles. Elle a \u00e9galement mis au point une gamme de solutions logicielles et mat\u00e9rielles pour la mesure et le contr\u00f4le des d\u00e9bits. Aujourd'hui, l'entreprise est l'un des principaux fabricants de d\u00e9bitm\u00e8tres et de produits connexes, et elle est reconnue comme un leader dans l'industrie.<\/p>\n<\/div>\n<div id=\"09\">\n<p><strong>9.A propos du d\u00e9bitm\u00e8tre num\u00e9rique pour la technologie de l'huile hydraulique<\/strong><\/p>\n<p>La technologie des d\u00e9bitm\u00e8tres est un type de technologie de mesure utilis\u00e9 pour mesurer le d\u00e9bit d'un fluide ou d'un gaz. Elle est utilis\u00e9e dans une vari\u00e9t\u00e9 d'industries, y compris le p\u00e9trole et le gaz, l'eau et les eaux us\u00e9es, et le traitement chimique. Les d\u00e9bitm\u00e8tres mesurent le d\u00e9bit d'un fluide ou d'un gaz en mesurant la pression, la vitesse ou d'autres propri\u00e9t\u00e9s physiques du fluide ou du gaz. Les d\u00e9bitm\u00e8tres peuvent \u00eatre utilis\u00e9s pour mesurer le d\u00e9bit de liquides, de gaz et de vapeur. Ils sont utilis\u00e9s pour mesurer le d\u00e9bit d'une vari\u00e9t\u00e9 de fluides, y compris l'eau, l'huile et les produits chimiques. Les d\u00e9bitm\u00e8tres sont utilis\u00e9s dans diverses applications, notamment pour le contr\u00f4le des processus, la gestion de l'\u00e9nergie et la surveillance de la s\u00e9curit\u00e9.<\/p>\n<\/div>\n<div id=\"010\">\n<p><strong>10. historique du d\u00e9veloppement du d\u00e9bitm\u00e8tre num\u00e9rique pour l'usine d'huile hydraulique<\/strong><\/p>\n<p>L'usine de d\u00e9bitm\u00e8tres a \u00e9t\u00e9 cr\u00e9\u00e9e au d\u00e9but des ann\u00e9es 1990. Elle a \u00e9t\u00e9 fond\u00e9e par un groupe d'ing\u00e9nieurs et de techniciens qui poss\u00e9daient une vaste exp\u00e9rience dans la conception et la fabrication de d\u00e9bitm\u00e8tres. La soci\u00e9t\u00e9 s'est d'abord concentr\u00e9e sur la production de d\u00e9bitm\u00e8tres m\u00e9caniques, mais elle a rapidement \u00e9largi sa gamme de produits pour y inclure les d\u00e9bitm\u00e8tres \u00e9lectroniques. Au fil des ans, l'entreprise a d\u00e9velopp\u00e9 une large gamme de d\u00e9bitm\u00e8tres pour diverses applications, notamment industrielles, commerciales et r\u00e9sidentielles. Elle a \u00e9galement mis au point une gamme de solutions logicielles et mat\u00e9rielles pour la mesure et le contr\u00f4le des d\u00e9bits. Aujourd'hui, l'entreprise est l'un des principaux fabricants de d\u00e9bitm\u00e8tres et de produits connexes, et elle est reconnue comme un leader dans l'industrie.<\/p>\n<p><img style=\"max-width: 100%;\" title=\"Historique du d\u00e9veloppement du d\u00e9bitm\u00e8tre num\u00e9rique pour l&#039;usine d&#039;huile hydraulique\" src=\"https:\/\/www.hginstrument.com\/wp-content\/uploads\/2021\/07\/hls-2000p-z1.jpg\" alt=\"Historique du d\u00e9veloppement du d\u00e9bitm\u00e8tre num\u00e9rique pour l&#039;usine d&#039;huile hydraulique\" \/><\/p>\n<\/div>\n<div id=\"11\">\n<p><strong>11.A propos du d\u00e9bitm\u00e8tre num\u00e9rique pour la capacit\u00e9 de production d'huile hydraulique<\/strong><\/p>\n<p>La capacit\u00e9 de production des d\u00e9bitm\u00e8tres d\u00e9pend du type de d\u00e9bitm\u00e8tre produit. En g\u00e9n\u00e9ral, la capacit\u00e9 de production est d\u00e9termin\u00e9e par la taille de l'installation de production, le nombre de machines et le personnel disponibles, et le type de d\u00e9bitm\u00e8tre produit. Par exemple, un site de production sp\u00e9cialis\u00e9 dans la fabrication de d\u00e9bitm\u00e8tres \u00e0 turbine peut avoir une capacit\u00e9 de production plus \u00e9lev\u00e9e qu'un site produisant des d\u00e9bitm\u00e8tres \u00e0 ultrasons. En outre, la capacit\u00e9 de production d'une installation peut \u00eatre affect\u00e9e par la complexit\u00e9 du d\u00e9bitm\u00e8tre produit, ainsi que par la disponibilit\u00e9 des mati\u00e8res premi\u00e8res et des composants.<\/p>\n<\/div>\n<div id=\"12\">\n<p><strong>12.1 D\u00e9bitm\u00e8tre num\u00e9rique pour la formation \u00e0 la production d'huile hydraulique<\/strong><\/p>\n<p>La formation aux techniques de production des d\u00e9bitm\u00e8tres est con\u00e7ue pour enseigner aux techniciens et aux ing\u00e9nieurs les comp\u00e9tences n\u00e9cessaires \u00e0 la production et \u00e0 l'entretien des d\u00e9bitm\u00e8tres. La formation couvre des sujets tels que les principes de la mesure du d\u00e9bit, les types de d\u00e9bitm\u00e8tres disponibles, l'installation et l'entretien des d\u00e9bitm\u00e8tres, et les techniques de d\u00e9pannage. La formation couvre \u00e9galement l'utilisation de logiciels informatiques pour analyser et interpr\u00e9ter les donn\u00e9es de d\u00e9bit. La formation se d\u00e9roule g\u00e9n\u00e9ralement dans une salle de classe et peut inclure des activit\u00e9s pratiques.<\/p>\n<\/div>\n<div id=\"13\">\n<p><strong>13.1 D\u00e9bitm\u00e8tre num\u00e9rique pour l'huile hydraulique Capacit\u00e9s de R&amp;D<\/strong><\/p>\n<p>Les capacit\u00e9s de R&amp;D en mati\u00e8re de d\u00e9bitm\u00e8tres d\u00e9signent l'aptitude d'une entreprise ou d'une organisation \u00e0 rechercher, d\u00e9velopper et fabriquer des d\u00e9bitm\u00e8tres. Il s'agit notamment de la capacit\u00e9 \u00e0 concevoir, tester et fabriquer des d\u00e9bitm\u00e8tres qui r\u00e9pondent aux exigences des clients et aux normes industrielles. Elles comprennent \u00e9galement la capacit\u00e9 \u00e0 d\u00e9velopper de nouvelles technologies et de nouveaux produits pour r\u00e9pondre \u00e0 l'\u00e9volution des besoins de l'industrie. Les entreprises dot\u00e9es de solides capacit\u00e9s de R&amp;D sont en mesure de devancer la concurrence et de fournir \u00e0 leurs clients les d\u00e9bitm\u00e8tres les plus avanc\u00e9s et les plus fiables.<\/p>\n<\/div>\n<div id=\"14\">\n<p><strong>14. quelle est la plage de temp\u00e9rature de fonctionnement du d\u00e9bitm\u00e8tre num\u00e9rique pour l'huile hydraulique ?<\/strong><\/p>\n<p>Nous avons \u00e9tabli une bonne r\u00e9putation et des partenariats fiables dans l'industrie des d\u00e9bitm\u00e8tres num\u00e9riques pour l'huile hydraulique.<br \/>\nLa plage de temp\u00e9rature de fonctionnement du d\u00e9bitm\u00e8tre est comprise entre -40\u00b0F et 140\u00b0F (-40\u00b0C et 60\u00b0C).<\/p>\n<\/div>\n<div id=\"15\">\n<p><strong>15.A propos du d\u00e9bitm\u00e8tre num\u00e9rique pour l'\u00e9quipement de production d'huile hydraulique<\/strong><\/p>\n<p>L'\u00e9quipement de production de d\u00e9bitm\u00e8tres est utilis\u00e9 pour fabriquer des d\u00e9bitm\u00e8tres, qui sont des dispositifs utilis\u00e9s pour mesurer le d\u00e9bit d'un liquide ou d'un gaz. Cet \u00e9quipement comprend g\u00e9n\u00e9ralement une vari\u00e9t\u00e9 de machines et d'outils, tels que des tours, des fraiseuses, des perceuses \u00e0 colonne et des machines \u00e0 commande num\u00e9rique. Il comprend \u00e9galement des outils sp\u00e9cialis\u00e9s pour assembler et tester les d\u00e9bitm\u00e8tres. L'\u00e9quipement utilis\u00e9 pour produire des d\u00e9bitm\u00e8tres est hautement sp\u00e9cialis\u00e9 et doit \u00eatre en mesure de produire des r\u00e9sultats pr\u00e9cis et fiables.<\/p>\n<p><img style=\"max-width: 100%;\" title=\"A propos du d\u00e9bitm\u00e8tre num\u00e9rique pour l&#039;\u00e9quipement de production d&#039;huile hydraulique\" src=\"https:\/\/www.hginstrument.com\/wp-content\/uploads\/2021\/07\/wall-mount-1f.jpg\" alt=\"A propos du d\u00e9bitm\u00e8tre num\u00e9rique pour l&#039;\u00e9quipement de production d&#039;huile hydraulique\" \/><\/p>\n<\/div>\n<p>&nbsp;<\/p>\n<p>Tag\uff1a<a href=\"\/fr\/magnetic-flow-meter\/sierra-instruments-flow-meter\/\">sierra instruments flow meter<\/a>,<a href=\"\/fr\/magnetic-flow-meter\/gravity-flow-meter\/\">d\u00e9bitm\u00e8tre \u00e0 gravit\u00e9<\/a>,<a href=\"\/fr\/magnetic-flow-meter\/hydracheck-flow-meter\/\">d\u00e9bitm\u00e8tre hydracheck<\/a><\/p>\n<p>&nbsp;<\/p>","protected":false},"excerpt":{"rendered":"<p><strong>Donn\u00e9es techniques<\/strong><br \/>\nPeut \u00eatre utilis\u00e9 pour les fluides liquides ou gazeux, g\u00e9n\u00e9ralement pour mesurer le d\u00e9bit de la vapeur, de la vapeur, de l'air et du gaz naturel.<br \/>\nTaille du compteur : Type en ligne : DN25 - DN300<br \/>\nOption de mat\u00e9riau en contact avec le liquide : SS304, SS316<br \/>\nTemp\u00e9rature de fonctionnement : \u2264250\u2103<br \/>\nRaccordement au processus : Wafer \/ Bride \/ Tri-clamp pour le type en ligne<br \/>\nPr\u00e9cision de mesure : 1,0 % - 1,5% de la plage d'\u00e9talonnage<br \/>\nIndicateur num\u00e9rique : affichage du d\u00e9bit instantan\u00e9, du d\u00e9bit total<br \/>\nAlimentation : 24VDC, Sortie : 4-20mA<\/p>\n<p><strong>caract\u00e9ristiques<\/strong><br \/>\n1. points de consigne ON\/OFF r\u00e9glables<br \/>\n2. mode d'alarme de d\u00e9bit Hi ou Lo<br \/>\n3. d\u00e9lai r\u00e9glable<br \/>\n4. LED d'\u00e9tat du relais<\/p>","protected":false},"featured_media":3691,"comment_status":"closed","ping_status":"closed","template":"","meta":[],"product_cat":[2372],"product_tag":[],"acf":[],"_links":{"self":[{"href":"https:\/\/www.hginstrument.com\/fr\/wp-json\/wp\/v2\/product\/5098"}],"collection":[{"href":"https:\/\/www.hginstrument.com\/fr\/wp-json\/wp\/v2\/product"}],"about":[{"href":"https:\/\/www.hginstrument.com\/fr\/wp-json\/wp\/v2\/types\/product"}],"replies":[{"embeddable":true,"href":"https:\/\/www.hginstrument.com\/fr\/wp-json\/wp\/v2\/comments?post=5098"}],"wp:featuredmedia":[{"embeddable":true,"href":"https:\/\/www.hginstrument.com\/fr\/wp-json\/wp\/v2\/media\/3691"}],"wp:attachment":[{"href":"https:\/\/www.hginstrument.com\/fr\/wp-json\/wp\/v2\/media?parent=5098"}],"wp:term":[{"taxonomy":"product_cat","embeddable":true,"href":"https:\/\/www.hginstrument.com\/fr\/wp-json\/wp\/v2\/product_cat?post=5098"},{"taxonomy":"product_tag","embeddable":true,"href":"https:\/\/www.hginstrument.com\/fr\/wp-json\/wp\/v2\/product_tag?post=5098"}],"curies":[{"name":"wp","href":"https:\/\/api.w.org\/{rel}","templated":true}]}}