{"id":520,"date":"2021-01-18T14:38:09","date_gmt":"2021-01-18T06:38:09","guid":{"rendered":"http:\/\/201230ip92c2.adwebcloud.com\/?post_type=product&#038;p=520"},"modified":"2023-09-07T14:05:13","modified_gmt":"2023-09-07T06:05:13","slug":"hgls-2000uf-in-line-ultrasonic-flow-meter","status":"publish","type":"product","link":"https:\/\/www.hginstrument.com\/fr\/flow-instrument\/hgls-2000uf-in-line-ultrasonic-flow-meter\/","title":{"rendered":"HGLS-2000UF D\u00e9bitm\u00e8tre \u00e0 ultrasons en ligne"},"content":{"rendered":"<h5><strong>Technical data of Flow transmitter<\/strong><\/h5>\n<table>\n<tbody>\n<tr style=\"background-color: #d8d8d8;\">\n<td style=\"text-align: center;\" colspan=\"2\" width=\"208\">Objet<\/td>\n<td width=\"495\">\n<p style=\"text-align: center;\">Description<\/p>\n<\/td>\n<\/tr>\n<tr>\n<td style=\"vertical-align: middle;\" rowspan=\"9\" width=\"105\">Converter<\/td>\n<td width=\"104\">Principe<\/td>\n<td width=\"495\">Transit-time method<\/td>\n<\/tr>\n<tr>\n<td style=\"vertical-align: middle;\" width=\"104\">Pr\u00e9cision<\/td>\n<td width=\"495\">Inline type: flow meter\uff1a\u00b10.5%\uff1b heat meter\uff1a \u00b11.0%<br \/>\nClamp on type\uff1aflow meter:\u00b11.0%; heat meter:\u00b12.0%<br \/>\nInsertion type: flow meter:\u00b11.0%; heat meter:\u00b12.0%<\/td>\n<\/tr>\n<tr>\n<td style=\"vertical-align: middle;\" width=\"104\">Operation<\/td>\n<td width=\"495\">4-key manipulation with magnetic pen touch or finger touch; simulation keyboard software<\/td>\n<\/tr>\n<tr>\n<td style=\"vertical-align: middle;\" rowspan=\"3\" width=\"104\">Sortie<\/td>\n<td width=\"495\">One way 4~20mA analog output,electric resistance:0~1k,accuracy:0.1%<\/td>\n<\/tr>\n<tr>\n<td width=\"495\">One way OCT pulse signal output<\/td>\n<\/tr>\n<tr>\n<td width=\"495\">One way Relay output<\/td>\n<\/tr>\n<tr>\n<td style=\"vertical-align: middle;\" rowspan=\"2\" width=\"104\">Input<\/td>\n<td width=\"495\">3 way 4~20mA analog input,accuracy:0.1%;Acquisition signal of temperature,press and liquid level<\/td>\n<\/tr>\n<tr>\n<td width=\"495\">Achieve heat measurement by connecting 3-wired PT100 temperature transducers<\/td>\n<\/tr>\n<tr>\n<td style=\"vertical-align: middle;\" width=\"104\">Data interface<\/td>\n<td width=\"495\">RS485 serial interface,upgraded by computer, support MODBUS communication protocol<\/td>\n<\/tr>\n<tr>\n<td style=\"vertical-align: middle;\" width=\"105\">Special cable<\/td>\n<td colspan=\"2\" width=\"599\">Twisted-pair shielded cable and cable length should be no more than 50 m .Transmission distance can achieve 1 km, if select the RS 485 interface<\/td>\n<\/tr>\n<tr>\n<td style=\"vertical-align: middle;\" rowspan=\"3\" width=\"105\">Pipeline<\/td>\n<td width=\"104\">Pipe mateial<\/td>\n<td width=\"495\">Steel, stainless, cast iron ,copper,cement,PVC,aluminum, glass steel,etc.<\/td>\n<\/tr>\n<tr>\n<td width=\"104\">Pipe diameter<\/td>\n<td width=\"495\">DN10mm~DN1000mm<\/td>\n<\/tr>\n<tr>\n<td style=\"vertical-align: middle;\" width=\"104\">Straight pipe<br \/>\nrequirement<\/td>\n<td width=\"495\">Transducers installation points should be:10 diameters\u2019 straight pipeline from upstream transducer; 5 diameters\u2019 straight pipeline from the downstream transducer;30 diameters\u2019 straight pipeline from the pump<\/td>\n<\/tr>\n<tr>\n<td style=\"vertical-align: middle;\" rowspan=\"4\" width=\"105\">Fluide<\/td>\n<td style=\"vertical-align: middle;\" width=\"104\">Liquid type<\/td>\n<td width=\"495\">Single liquid that can conduct sound wave, such as water, seawater, sewage, plant effluent, chemicals, alcohol, beer, oil, etc.<\/td>\n<\/tr>\n<tr>\n<td width=\"104\">Temp. du fluide<\/td>\n<td width=\"495\">-30\u2103~160\u2103<\/td>\n<\/tr>\n<tr>\n<td width=\"104\">Turbidity<\/td>\n<td width=\"495\">\u226410000ppm\uff0cwith little bubble<\/td>\n<\/tr>\n<tr>\n<td width=\"104\">Fluid velocity<\/td>\n<td width=\"495\">0m\/s~7m\/s<\/td>\n<\/tr>\n<tr>\n<td style=\"vertical-align: middle;\" rowspan=\"2\" width=\"105\">Working<br \/>\nEnvironment<\/td>\n<td width=\"104\">Temp\u00e9rature<\/td>\n<td width=\"495\">Converter:-20\u2103~60\u2103; Transducer:-30\u2103~160\u2103<\/td>\n<\/tr>\n<tr>\n<td style=\"vertical-align: middle;\" width=\"104\">Humidity<\/td>\n<td width=\"495\">Both of the converter and transducers can work under water, depth underwater \u22642m. (After completely sealing )<\/td>\n<\/tr>\n<tr>\n<td width=\"105\">Alimentation \u00e9lectrique<\/td>\n<td colspan=\"2\" width=\"599\">DC8~36V;\u00a0 AC100~240V (optional) 1.5W<\/td>\n<\/tr>\n<tr>\n<td colspan=\"3\" width=\"704\">Power\u00a0 Consumption:\u00a0 1.5W<\/td>\n<\/tr>\n<\/tbody>\n<\/table>\n<h5>Tags chauds : <span style=\"color: #ff0000;\"><a style=\"color: #ff0000;\" href=\"https:\/\/www.hginstrument.com\/fr\/\">\u00c0 propos du groupe Suyi<\/a><\/span>\uff0c<span style=\"color: #ff0000;\"><a style=\"color: #ff0000;\" href=\"https:\/\/www.hginstrument.com\/fr\/level-instrument\/\">Instrument de niveau<\/a><\/span>\uff0c<span style=\"color: #ff0000;\"><a style=\"color: #ff0000;\" href=\"https:\/\/www.hginstrument.com\/fr\/water-flow-meter\/\">d\u00e9bitm\u00e8tre d'eau<\/a><\/span>\uff0c<span style=\"color: #ff0000;\"><a style=\"color: #ff0000;\" href=\"https:\/\/www.hginstrument.com\/fr\/thermal-mass-flow-meter\/\">d\u00e9bitm\u00e8tre massique thermique<\/a><\/span>\uff0c<span style=\"color: #ff0000;\"><a style=\"color: #ff0000;\" href=\"https:\/\/www.hginstrument.com\/fr\/level-transmitter-2\/\">Transmetteur de niveau<\/a><\/span>\uff0c<a href=\"https:\/\/www.hginstrument.com\/fr\/ultrasonic-level-transmitter\/\"><span style=\"color: #ff0000;\">transmetteur de niveau ultrasonique<\/span><\/a><\/h5>\n<p>&nbsp;<\/p>\n<h5>Optional flow sensor<\/h5>\n<table width=\"682\">\n<tbody>\n<tr style=\"background-color: #d8d8d8;\">\n<td style=\"text-align: center;\" width=\"153\">DN10<br \/>\n( Thread connection )<\/td>\n<td style=\"text-align: center;\" width=\"159\">DN15 \uff5e DN32<br \/>\n( Thread connection )<\/td>\n<td style=\"text-align: center;\" width=\"146\">DN15 \uff5e DN32<br \/>\n( Flange connection )<\/td>\n<td style=\"text-align: center;\" width=\"224\">DN40 \uff5e DN1000<br \/>\n( Flange connection )<\/td>\n<\/tr>\n<tr>\n<td style=\"vertical-align: middle;\">\u3000<img class=\"alignnone wp-image-3144 size-full aligncenter\" src=\"http:\/\/www.hginstrument.com\/wp-content\/uploads\/2021\/01\/tuf-2000-s4.jpg\" alt=\"tuf 2000 s4\" width=\"364\" height=\"184\" srcset=\"https:\/\/www.hginstrument.com\/wp-content\/uploads\/2021\/01\/tuf-2000-s4.jpg 364w, https:\/\/www.hginstrument.com\/wp-content\/uploads\/2021\/01\/tuf-2000-s4-300x152.jpg 300w\" sizes=\"(max-width: 364px) 100vw, 364px\" \/><\/td>\n<td style=\"text-align: center; vertical-align: middle;\">\u3000<img class=\"alignnone size-medium wp-image-3142\" title=\"\" src=\"http:\/\/www.hginstrument.com\/wp-content\/uploads\/2022\/05\/tuf-2000-s1-300x120.jpg\" alt=\"tuf 2000 s1\" width=\"300\" height=\"120\" srcset=\"https:\/\/www.hginstrument.com\/wp-content\/uploads\/2022\/05\/tuf-2000-s1-300x120.jpg 300w, https:\/\/www.hginstrument.com\/wp-content\/uploads\/2022\/05\/tuf-2000-s1.jpg 378w\" sizes=\"(max-width: 300px) 100vw, 300px\" \/><\/td>\n<td style=\"text-align: center; vertical-align: middle;\">\u3000<img class=\"alignnone size-medium wp-image-3141\" title=\"\" src=\"http:\/\/www.hginstrument.com\/wp-content\/uploads\/2022\/05\/tuf-2000-s2-300x156.jpg\" alt=\"tuf 2000 s2\" width=\"300\" height=\"156\" srcset=\"https:\/\/www.hginstrument.com\/wp-content\/uploads\/2022\/05\/tuf-2000-s2-300x156.jpg 300w, https:\/\/www.hginstrument.com\/wp-content\/uploads\/2022\/05\/tuf-2000-s2.jpg 395w\" sizes=\"(max-width: 300px) 100vw, 300px\" \/><\/td>\n<td style=\"vertical-align: middle;\">\u3000<img class=\"alignnone size-full wp-image-3140 aligncenter\" title=\"\" src=\"http:\/\/www.hginstrument.com\/wp-content\/uploads\/2022\/05\/tuf-2000-s3.jpg\" alt=\"tuf 2000 s3\" width=\"274\" height=\"236\" \/><\/td>\n<\/tr>\n<\/tbody>\n<\/table>\n<p>&nbsp;<\/p>\n<h5><strong>Requirement to the installation position of the Ultrasonic flow sensor<\/strong><\/h5>\n<p><strong>1&gt;<\/strong> The installation position on pipeline must be full of fluid, the position marked with red in the following diagram are pipeline section of full fluid. The pipeline should not have strong vibration.<\/p>\n<p><img class=\"alignnone wp-image-530 size-full\" src=\"http:\/\/www.hginstrument.com\/wp-content\/uploads\/2021\/01\/install-attention-1.jpg\" alt=\"install attention 1\" width=\"659\" height=\"450\" srcset=\"https:\/\/www.hginstrument.com\/wp-content\/uploads\/2021\/01\/install-attention-1.jpg 659w, https:\/\/www.hginstrument.com\/wp-content\/uploads\/2021\/01\/install-attention-1-300x205.jpg 300w, https:\/\/www.hginstrument.com\/wp-content\/uploads\/2021\/01\/install-attention-1-600x410.jpg 600w\" sizes=\"(max-width: 659px) 100vw, 659px\" \/><\/p>\n<p>&nbsp;<\/p>\n<p><strong>2&gt;<\/strong> The installation position on pipeline must be steady flow section, see the positions marked with \u201c\u221a\u201d in the following diagrams<\/p>\n<p><img class=\"alignnone wp-image-531 size-full\" src=\"http:\/\/www.hginstrument.com\/wp-content\/uploads\/2021\/01\/install-attention-2.jpg\" alt=\"install attention 2\" width=\"618\" height=\"405\" srcset=\"https:\/\/www.hginstrument.com\/wp-content\/uploads\/2021\/01\/install-attention-2.jpg 618w, https:\/\/www.hginstrument.com\/wp-content\/uploads\/2021\/01\/install-attention-2-300x197.jpg 300w, https:\/\/www.hginstrument.com\/wp-content\/uploads\/2021\/01\/install-attention-2-600x393.jpg 600w\" sizes=\"(max-width: 618px) 100vw, 618px\" \/><\/p>\n<p><img class=\"alignnone wp-image-532\" src=\"http:\/\/www.hginstrument.com\/wp-content\/uploads\/2021\/01\/install-attention-3.jpg\" alt=\"install attention 3\" width=\"617\" height=\"412\" srcset=\"https:\/\/www.hginstrument.com\/wp-content\/uploads\/2021\/01\/install-attention-3.jpg 608w, https:\/\/www.hginstrument.com\/wp-content\/uploads\/2021\/01\/install-attention-3-300x200.jpg 300w, https:\/\/www.hginstrument.com\/wp-content\/uploads\/2021\/01\/install-attention-3-600x401.jpg 600w\" sizes=\"(max-width: 617px) 100vw, 617px\" \/><\/p>\n<p><strong>The requirement of steady flow field as follow:<\/strong><br \/>\n\u25cfIf the installation position is far away from pump\u2019s outlet and the half-open valve, make sure the upstream straight pipe length \u226510D, downstream straight pipe length \u22655D<br \/>\n\u25cfIf the installation position is near the pump\u2019s outlet or near the half-open valve, make sure the upstream straight pipe length \u226530D, downstream straight pipe length \u22655D<\/p>\n<p>&nbsp;<\/p>\n<p><strong style=\"font-size: 16px;\">3&gt;<\/strong><span style=\"font-size: 16px;\"> End user should select the installation position which is not easy to produce scale formation, if the pipeline cannot avoid the scale formation, user can set the thickness of scale formation as the liner of pipeline.<\/span><\/p>\n<p><strong>4&gt;<\/strong> At the same pipeline system, user should select the pipeline section of lower temperature as the installation position.<\/p>\n<p><strong>5&gt;<\/strong> Ultrasonic flow converter should keep away from the strong electromagnetic interference source such as frequency converter, broadcasting station, base station, high-voltage power line. Do not share the power supply with the frequency converter, advise to use the isolated power supply. The shielding layer of flow converter, flow sensor should be ground connection.<\/p>\n<p><strong>6&gt;<\/strong> For the flow meter which need to be buried under ground, need to build a instrument well, in order to make sure the instrument well has enough installation and maintaining space for the flow meter, the dimension of the instrument well should meet the requirement shown in the following diagram:<\/p>\n<p><img class=\"alignnone wp-image-533 size-full\" src=\"http:\/\/www.hginstrument.com\/wp-content\/uploads\/2021\/01\/install-attention-4.jpg\" alt=\"install attention 4\" width=\"710\" height=\"306\" srcset=\"https:\/\/www.hginstrument.com\/wp-content\/uploads\/2021\/01\/install-attention-4.jpg 710w, https:\/\/www.hginstrument.com\/wp-content\/uploads\/2021\/01\/install-attention-4-300x129.jpg 300w, https:\/\/www.hginstrument.com\/wp-content\/uploads\/2021\/01\/install-attention-4-600x259.jpg 600w\" sizes=\"(max-width: 710px) 100vw, 710px\" \/><\/p>\n<p>&nbsp;<\/p>\n<p>&nbsp;<\/p>","protected":false},"excerpt":{"rendered":"<p>In-pipeline <a href=\"https:\/\/www.hginstrument.com\/fr\/hgls-2000uf-in-line-ultrasonic-flow-meter-revolutionizing-fluid-flow-measurement\/\"><span style=\"color: #ff0000;\">Ultrasonic Flow Meter<\/span><\/a><\/p>\n<p>Application: Volumetric flow measurement of all kinds of clear liquids<\/p>\n<p>Advantages: Easy installation and configuration; OEM acceptable!<\/p>\n<p>With its precision, minimal maintenance requirements, and adaptability to various liquids, the HGLS-2000UF is revolutionizing fluid flow measurement, contributing to enhanced efficiency and quality control across industrial processes, water management, pharmaceuticals, and energy production.<\/p>","protected":false},"featured_media":1424,"comment_status":"closed","ping_status":"closed","template":"","meta":[],"product_cat":[75,219],"product_tag":[],"acf":[],"_links":{"self":[{"href":"https:\/\/www.hginstrument.com\/fr\/wp-json\/wp\/v2\/product\/520"}],"collection":[{"href":"https:\/\/www.hginstrument.com\/fr\/wp-json\/wp\/v2\/product"}],"about":[{"href":"https:\/\/www.hginstrument.com\/fr\/wp-json\/wp\/v2\/types\/product"}],"replies":[{"embeddable":true,"href":"https:\/\/www.hginstrument.com\/fr\/wp-json\/wp\/v2\/comments?post=520"}],"wp:featuredmedia":[{"embeddable":true,"href":"https:\/\/www.hginstrument.com\/fr\/wp-json\/wp\/v2\/media\/1424"}],"wp:attachment":[{"href":"https:\/\/www.hginstrument.com\/fr\/wp-json\/wp\/v2\/media?parent=520"}],"wp:term":[{"taxonomy":"product_cat","embeddable":true,"href":"https:\/\/www.hginstrument.com\/fr\/wp-json\/wp\/v2\/product_cat?post=520"},{"taxonomy":"product_tag","embeddable":true,"href":"https:\/\/www.hginstrument.com\/fr\/wp-json\/wp\/v2\/product_tag?post=520"}],"curies":[{"name":"wp","href":"https:\/\/api.w.org\/{rel}","templated":true}]}}