{"id":5208,"date":"2023-12-23T22:02:55","date_gmt":"2023-12-23T14:02:55","guid":{"rendered":"https:\/\/www.hginstrument.com\/?post_type=product&#038;p=5208"},"modified":"2024-01-09T17:07:21","modified_gmt":"2024-01-09T09:07:21","slug":"flare-gas-flow-meter","status":"publish","type":"product","link":"https:\/\/www.hginstrument.com\/fr\/magnetic-flow-meter\/flare-gas-flow-meter\/","title":{"rendered":"d\u00e9bitm\u00e8tre de gaz de torche"},"content":{"rendered":"<p>Whether it&#8217;s for industrial process control, environmental monitoring, or energy management, the flare gas flow meter is a top-performing product that guarantees precise and reliable flow measurement. With its advanced technology and versatile capabilities, this device is an essential tool for any industry seeking accurate and efficient flow monitoring solutions.<\/p>\n<p>flare gas flow meter is a precision instrument designed to measure the flow of liquid or gas in a pipe. It is an important tool in oil and gas, chemical, Analytical and laboratory instruments, water treatment and many other industries.<\/p>\n<p>With its advanced technology and high accuracy, flare gas flow meter offers users the ability to monitor and control the flow of their processes with precision and efficiency. With its durable construction, it can withstand harsh operating conditions and provide long-term reliability.<\/p>\n<table class=\"table table-bordered\">\n<tbody>\n<tr>\n<td><span style=\"vertical-align: inherit;\"><span style=\"vertical-align: inherit;\">Type\uff1a<\/span><\/span><\/td>\n<td><span style=\"vertical-align: inherit;\">d\u00e9bitm\u00e8tre de gaz de torche<\/span><\/td>\n<td><span style=\"vertical-align: inherit;\"><span style=\"vertical-align: inherit;\">Signal de sortie\uff1a<\/span><\/span><\/td>\n<td><span style=\"vertical-align: inherit;\"><span style=\"vertical-align: inherit;\">4-20 mA, impulsion\/fr\u00e9quence 2 kHz (par d\u00e9faut), 5 kHz (max)<\/span><\/span><\/td>\n<\/tr>\n<tr>\n<td><span style=\"vertical-align: inherit;\"><span style=\"vertical-align: inherit;\">Lieu d'origine\uff1a<\/span><\/span><\/td>\n<td><span style=\"vertical-align: inherit;\"><span style=\"vertical-align: inherit;\">Jiangsu\uff0cChina<\/span><\/span><\/td>\n<td><span style=\"vertical-align: inherit;\"><span style=\"vertical-align: inherit;\">Incorporer le type\uff1a<\/span><\/span><\/td>\n<td><span style=\"vertical-align: inherit;\"><span style=\"vertical-align: inherit;\">-10\u2103- +51\u2103<\/span><\/span><\/td>\n<\/tr>\n<tr>\n<td><span style=\"vertical-align: inherit;\"><span style=\"vertical-align: inherit;\">Garantie\uff1a<\/span><\/span><\/td>\n<td><span style=\"vertical-align: inherit;\"><span style=\"vertical-align: inherit;\">12 mois<\/span><\/span><\/td>\n<td><span style=\"vertical-align: inherit;\"><span style=\"vertical-align: inherit;\">Tension d'alimentation\uff1a<\/span><\/span><\/td>\n<td><span style=\"vertical-align: inherit;\"><span style=\"vertical-align: inherit;\">110\/220VAC (100-240VAC), 50Hz\/60Hz ; 24VDC\u00b110%<\/span><\/span><\/td>\n<\/tr>\n<tr>\n<td><span style=\"vertical-align: inherit;\"><span style=\"vertical-align: inherit;\">Soutien personnalis\u00e9\uff1a<\/span><\/span><\/td>\n<td><span style=\"vertical-align: inherit;\"><span style=\"vertical-align: inherit;\">OEM, ODM, OBM<\/span><\/span><\/td>\n<td><span style=\"vertical-align: inherit;\"><span style=\"vertical-align: inherit;\">Communication num\u00e9rique\uff1a<\/span><\/span><\/td>\n<td><span style=\"vertical-align: inherit;\"><span style=\"vertical-align: inherit;\">RS-485, supportant le protocole standard Mudbugs-RTU ; GPRS<\/span><\/span><\/td>\n<\/tr>\n<tr>\n<td><span style=\"vertical-align: inherit;\"><span style=\"vertical-align: inherit;\">Nom de marque\uff1a<\/span><\/span><\/td>\n<td><span style=\"vertical-align: inherit;\"><span style=\"vertical-align: inherit;\">GROUPE SUYI<\/span><\/span><\/td>\n<td><span style=\"vertical-align: inherit;\"><span style=\"vertical-align: inherit;\">Pression nominale\uff1a<\/span><\/span><\/td>\n<td><span style=\"vertical-align: inherit;\"><span style=\"vertical-align: inherit;\">1MPa (DN15-DN800), 1,6MPa(DN15-DN800), 2,5MPa(DN15-DN600)<\/span><\/span><\/td>\n<\/tr>\n<tr>\n<td><span style=\"vertical-align: inherit;\"><span style=\"vertical-align: inherit;\">Num\u00e9ro de mod\u00e8le\uff1a<\/span><\/span><\/td>\n<td><span style=\"vertical-align: inherit;\"><span style=\"vertical-align: inherit;\">autres<\/span><\/span><\/td>\n<td><span style=\"vertical-align: inherit;\"><span style=\"vertical-align: inherit;\">Capteur\uff1a<\/span><\/span><\/td>\n<td><span style=\"vertical-align: inherit;\"><span style=\"vertical-align: inherit;\">0\u2103- +80\u2103 ou -25\u2103- +120\u2103 ou +70\u2103- +250\u2103<\/span><\/span><\/td>\n<\/tr>\n<tr>\n<td><span style=\"vertical-align: inherit;\"><span style=\"vertical-align: inherit;\">Nom du produit\uff1a<\/span><\/span><\/td>\n<td><span style=\"vertical-align: inherit;\"><span style=\"vertical-align: inherit;\">D\u00e9bitm\u00e8tre \u00e9lectromagn\u00e9tique intelligent pour produits chimiques<\/span><\/span><\/td>\n<td><span style=\"vertical-align: inherit;\"><span style=\"vertical-align: inherit;\">D\u00e9tails de l'emballage\uff1a<\/span><\/span><\/td>\n<td><span style=\"vertical-align: inherit;\"><span style=\"vertical-align: inherit;\">1 jeu par paquet ou selon la demande du client<\/span><\/span><\/td>\n<\/tr>\n<tr>\n<td><span style=\"vertical-align: inherit;\"><span style=\"vertical-align: inherit;\">Diam\u00e8tre nominal\uff1a<\/span><\/span><\/td>\n<td><span style=\"vertical-align: inherit;\"><span style=\"vertical-align: inherit;\">3-2965mm<\/span><\/span><\/td>\n<td><span style=\"vertical-align: inherit;\"><span style=\"vertical-align: inherit;\">Capacit\u00e9 d'approvisionnement\uff1a<\/span><\/span><\/td>\n<td><span style=\"vertical-align: inherit;\"><span style=\"vertical-align: inherit;\">1716 Set\/Sets per Month<\/span><\/span><\/td>\n<\/tr>\n<tr>\n<td><span style=\"vertical-align: inherit;\"><span style=\"vertical-align: inherit;\">gamme de vitesses\uff1a<\/span><\/span><\/td>\n<td><span style=\"vertical-align: inherit;\"><span style=\"vertical-align: inherit;\">0-7m\/s<\/span><\/span><\/td>\n<td><span style=\"vertical-align: inherit;\"><span style=\"vertical-align: inherit;\">Quantit\u00e9 (jeux)\uff1a<\/span><\/span><\/td>\n<td><span style=\"vertical-align: inherit;\"><span style=\"vertical-align: inherit;\">&gt; 30<\/span><\/span><\/td>\n<\/tr>\n<tr>\n<td><span style=\"vertical-align: inherit;\"><span style=\"vertical-align: inherit;\">Degr\u00e9 de pr\u00e9cision\uff1a<\/span><\/span><\/td>\n<td><span style=\"vertical-align: inherit;\"><span style=\"vertical-align: inherit;\">\u00b10,5%R, \u00b11%R ( &lt; DN20)<\/span><\/span><\/td>\n<td><span style=\"vertical-align: inherit;\"><span style=\"vertical-align: inherit;\">D\u00e9lai d'ex\u00e9cution (jours)\uff1a<\/span><\/span><\/td>\n<td><span style=\"vertical-align: inherit;\"><span style=\"vertical-align: inherit;\">A n\u00e9gocier<\/span><\/span><\/td>\n<\/tr>\n<\/tbody>\n<\/table>\n<p>&nbsp;<\/p>\n<p>&nbsp;<\/p>\n<p style=\"text-align: center;\"><img title=\"d\u00e9bitm\u00e8tre de gaz de torche\" src=\"https:\/\/www.hginstrument.com\/wp-content\/uploads\/2021\/07\/in-line-pipeline-type-hgd-electromagnetic-flow-meter.jpg\" \/><\/p>\n<p>&nbsp;<\/p>\n<p>&nbsp;<\/p>\n<p style=\"text-align: center;\"><img title=\"d\u00e9bitm\u00e8tre de gaz de torche\" src=\"https:\/\/www.hginstrument.com\/wp-content\/uploads\/2021\/07\/insertion-01.jpg\" \/><\/p>\n<p>&nbsp;<\/p>\n<p>&nbsp;<\/p>\n<p style=\"text-align: center;\"><img title=\"d\u00e9bitm\u00e8tre de gaz de torche\" src=\"https:\/\/www.hginstrument.com\/wp-content\/uploads\/2021\/07\/sanitary-mag-1.jpg\" \/><\/p>\n<p><strong>flare gas flow meter FAQs Guide.<\/strong><\/p>\n<p>At the heart of our flare gas flow meter series lies a commitment to excellence, blending advanced sensor technology with user-friendly interfaces. From liquid to gas, our meters deliver unparalleled accuracy, empowering you to make informed decisions and streamline operations. As we usher in a new era of fluid measurement, we invite you to explore the limitless possibilities that our flare gas flow meters unlock \u2013 where precision meets performance, and innovation flows seamlessly.<\/p>\n<div style=\"border: 3px solid #f89900; margin: 20px 0; padding: 20px;\"><a href=\"\/fr\/flare-gas-flow-meter\/#01\">1.Does flare gas flow meter have real-time monitoring function?<\/a><br \/>\n<a href=\"\/fr\/flare-gas-flow-meter\/#02\">2.What is the difference between flare gas flow meter SUYI group vs flare gas flow meter Emerson vs flare gas flow meter Honeywell<\/a><br \/>\n<a href=\"\/fr\/flare-gas-flow-meter\/#03\">3.About flare gas flow meter origin<\/a><br \/>\n<a href=\"\/fr\/flare-gas-flow-meter\/#04\">4.About flare gas flow meter raw materials<\/a><br \/>\n<a href=\"\/fr\/flare-gas-flow-meter\/#05\">5.What are the common types of flare gas flow meters?<\/a><br \/>\n<a href=\"\/fr\/flare-gas-flow-meter\/#06\">6.About flare gas flow meter MOQ<\/a><br \/>\n<a href=\"\/fr\/flare-gas-flow-meter\/#07\">7.What is the operating temperature range of the flare gas flow meter?<\/a><br \/>\n<a href=\"\/fr\/flare-gas-flow-meter\/#08\">8.What is the measuring range of flare gas flow meter?<\/a><br \/>\n<a href=\"\/fr\/flare-gas-flow-meter\/#09\">9.About flare gas flow meter quality system<\/a><br \/>\n<a href=\"\/fr\/flare-gas-flow-meter\/#010\">10.About flare gas flow meter production skills training<\/a><br \/>\n<a href=\"\/fr\/flare-gas-flow-meter\/#11\">11.About flare gas flow meter inventory<\/a><br \/>\n<a href=\"\/fr\/flare-gas-flow-meter\/#12\">12.About flare gas flow meter production capacity<\/a><br \/>\n<a href=\"\/fr\/flare-gas-flow-meter\/#13\">13.About the scale of flare gas flow meter factory<\/a><br \/>\n<a href=\"\/fr\/flare-gas-flow-meter\/#14\">14.What is the explosion-proof rating of flare gas flow meter?<\/a><\/div>\n<div id=\"01\">\n<p><strong>1.Does flare gas flow meter have real-time monitoring function?<\/strong><\/p>\n<p>Oui, certains d\u00e9bitm\u00e8tres ont des fonctions de surveillance en temps r\u00e9el. Ces compteurs sont g\u00e9n\u00e9ralement \u00e9quip\u00e9s de capteurs qui mesurent le d\u00e9bit et transmettent les donn\u00e9es \u00e0 un syst\u00e8me de surveillance. Cela permet de contr\u00f4ler en temps r\u00e9el le d\u00e9bit et d'autres param\u00e8tres.<\/p>\n<\/div>\n<div id=\"02\">\n<p><strong>2.What is the difference between flare gas flow meter SUYI group vs flare gas flow meter Emerson vs flare gas flow meter Honeywell<\/strong><\/p>\n<p>Les d\u00e9bitm\u00e8tres du groupe SUYI, d'Emerson et d'Honeywell mesurent tous le d\u00e9bit de liquides et de gaz, mais ils diff\u00e8rent en termes de pr\u00e9cision, de caract\u00e9ristiques et de co\u00fbt. Les d\u00e9bitm\u00e8tres du groupe SUYI sont g\u00e9n\u00e9ralement les plus abordables, mais ils peuvent ne pas avoir la m\u00eame pr\u00e9cision ou les m\u00eames caract\u00e9ristiques que les mod\u00e8les plus co\u00fbteux d'Emerson et d'Honeywell. Les d\u00e9bitm\u00e8tres Emerson sont r\u00e9put\u00e9s pour leur pr\u00e9cision et leur fiabilit\u00e9, mais ils peuvent \u00eatre plus chers que les autres marques. Les d\u00e9bitm\u00e8tres Honeywell sont r\u00e9put\u00e9s pour leurs fonctions avanc\u00e9es et leur pr\u00e9cision, mais ils peuvent \u00eatre les plus chers des trois.<\/p>\n<\/div>\n<div id=\"03\">\n<p><strong>3.About flare gas flow meter origin<\/strong><\/p>\n<p>Le premier d\u00e9bitm\u00e8tre a \u00e9t\u00e9 invent\u00e9 en 1832 par un Anglais nomm\u00e9 William Henry. Il a mis au point un appareil utilisant un flotteur pour mesurer le d\u00e9bit d'eau dans un tuyau. Cet appareil \u00e9tait le premier de son genre et le pr\u00e9curseur des d\u00e9bitm\u00e8tres modernes. Depuis lors, les d\u00e9bitm\u00e8tres ont \u00e9t\u00e9 utilis\u00e9s dans diverses industries pour mesurer le d\u00e9bit de liquides, de gaz et d'autres mat\u00e9riaux. Aujourd'hui, les d\u00e9bitm\u00e8tres sont utilis\u00e9s dans diverses applications, de la mesure du d\u00e9bit d'eau dans une canalisation \u00e0 la mesure du d\u00e9bit de p\u00e9trole dans une raffinerie.<\/p>\n<p><img style=\"max-width: 100%;\" title=\"About flare gas flow meter origin\" src=\"https:\/\/www.hginstrument.com\/wp-content\/uploads\/2021\/07\/v-cone-5.jpg\" alt=\"About flare gas flow meter origin\" \/><\/p>\n<\/div>\n<div id=\"04\">\n<p><strong>4.About flare gas flow meter raw materials<\/strong><\/p>\n<p>Les mati\u00e8res premi\u00e8res des d\u00e9bitm\u00e8tres sont g\u00e9n\u00e9ralement constitu\u00e9es d'une vari\u00e9t\u00e9 de m\u00e9taux, de plastiques et de composites. Les mat\u00e9riaux couramment utilis\u00e9s dans les d\u00e9bitm\u00e8tres sont l'acier inoxydable, le laiton, l'aluminium, le chlorure de polyvinyle (PVC), le polypropyl\u00e8ne (PP) et le polyt\u00e9trafluoro\u00e9thyl\u00e8ne (PTFE). Le mat\u00e9riau utilis\u00e9 dans un d\u00e9bitm\u00e8tre d\u00e9pend de l'application et du type de fluide mesur\u00e9. Par exemple, l'acier inoxydable est souvent utilis\u00e9 pour mesurer les fluides corrosifs, tandis que le PVC est souvent utilis\u00e9 pour mesurer l'eau.<\/p>\n<\/div>\n<div id=\"05\">\n<p><strong>5.What are the common types of flare gas flow meters?<\/strong><\/p>\n<p>Our mission is to provide customers with the best solutions for flare gas flow meter.<br \/>\n1. D\u00e9bitm\u00e8tres \u00e0 pression diff\u00e9rentielle<br \/>\n2. D\u00e9bitm\u00e8tres \u00e0 d\u00e9placement positif<br \/>\n3. D\u00e9bitm\u00e8tres \u00e0 turbine<br \/>\n4. D\u00e9bitm\u00e8tres magn\u00e9tiques<br \/>\n5. D\u00e9bitm\u00e8tres \u00e0 ultrasons<br \/>\n6. D\u00e9bitm\u00e8tres \u00e0 effet Coriolis<br \/>\n7. D\u00e9bitm\u00e8tres \u00e0 vortex<br \/>\n8. D\u00e9bitm\u00e8tres cibles<br \/>\n9. D\u00e9bitm\u00e8tres \u00e0 surface variable<br \/>\n10. D\u00e9bitm\u00e8tres massiques<\/p>\n<\/div>\n<div id=\"06\">\n<p><strong>6.About flare gas flow meter MOQ<\/strong><\/p>\n<p>La quantit\u00e9 minimale de commande (QMC) d'un d\u00e9bitm\u00e8tre d\u00e9pend du type de d\u00e9bitm\u00e8tre et du fabricant. En g\u00e9n\u00e9ral, la QMo pour un d\u00e9bitm\u00e8tre se situe entre 1 et 10 unit\u00e9s, mais elle peut varier en fonction du fabricant et du type de d\u00e9bitm\u00e8tre.<\/p>\n<p><img style=\"max-width: 100%;\" title=\"About flare gas flow meter MOQ\" src=\"https:\/\/www.hginstrument.com\/wp-content\/uploads\/2021\/07\/wedge-1.jpg\" alt=\"About flare gas flow meter MOQ\" \/><\/p>\n<\/div>\n<div id=\"07\">\n<p><strong>7.What is the operating temperature range of the flare gas flow meter?<\/strong><\/p>\n<p>We have established a good reputation and reliable partnerships within the flare gas flow meter industry.<br \/>\nLa plage de temp\u00e9rature de fonctionnement du d\u00e9bitm\u00e8tre est comprise entre -40\u00b0F et 140\u00b0F (-40\u00b0C et 60\u00b0C).<\/p>\n<\/div>\n<div id=\"08\">\n<p><strong>8.What is the measuring range of flare gas flow meter?<\/strong><\/p>\n<p>We continuously upgrade our skills and knowledge to adapt to changing flare gas flow meter market needs.<br \/>\nLa plage de mesure d'un d\u00e9bitm\u00e8tre d\u00e9pend du type de d\u00e9bitm\u00e8tre utilis\u00e9. En g\u00e9n\u00e9ral, la plage de mesure d'un d\u00e9bitm\u00e8tre peut aller de 0,01 \u00e0 1000 litres par minute.<\/p>\n<\/div>\n<div id=\"09\">\n<p><strong>9.About flare gas flow meter quality system<\/strong><\/p>\n<p>Un syst\u00e8me de qualit\u00e9 pour les d\u00e9bitm\u00e8tres est un ensemble de processus et de proc\u00e9dures utilis\u00e9s pour garantir que les d\u00e9bitm\u00e8tres sont fabriqu\u00e9s et test\u00e9s de mani\u00e8re \u00e0 r\u00e9pondre aux normes les plus strictes en mati\u00e8re de pr\u00e9cision et de fiabilit\u00e9. Le syst\u00e8me comprend des mesures de contr\u00f4le de la qualit\u00e9 telles que l'inspection des mat\u00e9riaux entrants, l'inspection en cours de fabrication et l'essai du produit final. Il comprend \u00e9galement la documentation et la tenue de registres afin de garantir que tous les processus sont respect\u00e9s et que tout probl\u00e8me est trait\u00e9 rapidement et efficacement. Le syst\u00e8me est con\u00e7u pour garantir que les d\u00e9bitm\u00e8tres produits sont de la plus haute qualit\u00e9 et r\u00e9pondent aux exigences du client.<\/p>\n<p><img style=\"max-width: 100%;\" title=\"About flare gas flow meter quality system\" src=\"https:\/\/www.hginstrument.com\/wp-content\/uploads\/2021\/10\/w803e-f3.jpg\" alt=\"About flare gas flow meter quality system\" \/><\/p>\n<\/div>\n<div id=\"010\">\n<p><strong>10.About flare gas flow meter production skills training<\/strong><\/p>\n<p>La formation aux techniques de production des d\u00e9bitm\u00e8tres est con\u00e7ue pour enseigner aux techniciens et aux ing\u00e9nieurs les comp\u00e9tences n\u00e9cessaires \u00e0 la production et \u00e0 l'entretien des d\u00e9bitm\u00e8tres. La formation couvre des sujets tels que les principes de la mesure du d\u00e9bit, les types de d\u00e9bitm\u00e8tres disponibles, l'installation et l'entretien des d\u00e9bitm\u00e8tres, et les techniques de d\u00e9pannage. La formation couvre \u00e9galement l'utilisation de logiciels informatiques pour analyser et interpr\u00e9ter les donn\u00e9es de d\u00e9bit. La formation se d\u00e9roule g\u00e9n\u00e9ralement dans une salle de classe et peut inclure des activit\u00e9s pratiques.<\/p>\n<\/div>\n<div id=\"11\">\n<p><strong>11.About flare gas flow meter inventory<\/strong><\/p>\n<p>L'inventaire des d\u00e9bitm\u00e8tres est un syst\u00e8me utilis\u00e9 pour suivre et g\u00e9rer les d\u00e9bitm\u00e8tres utilis\u00e9s dans les applications industrielles et commerciales. Il permet de contr\u00f4ler les performances des d\u00e9bitm\u00e8tres et de s'assurer qu'ils sont correctement entretenus et \u00e9talonn\u00e9s. Le syst\u00e8me d'inventaire peut \u00e9galement \u00eatre utilis\u00e9 pour suivre le co\u00fbt des d\u00e9bitm\u00e8tres, ainsi que pour identifier tout probl\u00e8me potentiel ou toute question concernant les d\u00e9bitm\u00e8tres.<\/p>\n<\/div>\n<div id=\"12\">\n<p><strong>12.About flare gas flow meter production capacity<\/strong><\/p>\n<p>La capacit\u00e9 de production des d\u00e9bitm\u00e8tres d\u00e9pend du type de d\u00e9bitm\u00e8tre produit. En g\u00e9n\u00e9ral, la capacit\u00e9 de production est d\u00e9termin\u00e9e par la taille de l'installation de production, le nombre de machines et le personnel disponibles, et le type de d\u00e9bitm\u00e8tre produit. Par exemple, un site de production sp\u00e9cialis\u00e9 dans la fabrication de d\u00e9bitm\u00e8tres \u00e0 turbine peut avoir une capacit\u00e9 de production plus \u00e9lev\u00e9e qu'un site produisant des d\u00e9bitm\u00e8tres \u00e0 ultrasons. En outre, la capacit\u00e9 de production d'une installation peut \u00eatre affect\u00e9e par la complexit\u00e9 du d\u00e9bitm\u00e8tre produit, ainsi que par la disponibilit\u00e9 des mati\u00e8res premi\u00e8res et des composants.<\/p>\n<p><img style=\"max-width: 100%;\" title=\"About flare gas flow meter production capacity\" src=\"https:\/\/www.hginstrument.com\/wp-content\/uploads\/2021\/07\/hgcmf-c1-1.jpg\" alt=\"About flare gas flow meter production capacity\" \/><\/p>\n<\/div>\n<div id=\"13\">\n<p><strong>13.About the scale of flare gas flow meter factory<\/strong><\/p>\n<p>Les usines de d\u00e9bitm\u00e8tres varient en taille et en port\u00e9e, selon le type de d\u00e9bitm\u00e8tres qu'elles produisent. Certaines usines peuvent se sp\u00e9cialiser dans la production d'un seul type de d\u00e9bitm\u00e8tre, tandis que d'autres peuvent en produire plusieurs. Certaines usines peuvent \u00eatre de grande taille et compter des centaines d'employ\u00e9s, tandis que d'autres peuvent \u00eatre de petite taille et ne compter que quelques employ\u00e9s. La taille de l'usine d\u00e9pend \u00e9galement du type de d\u00e9bitm\u00e8tres qu'elle produit, ainsi que de la demande pour ces d\u00e9bitm\u00e8tres.<\/p>\n<\/div>\n<div id=\"14\">\n<p><strong>14.What is the explosion-proof rating of flare gas flow meter?<\/strong><\/p>\n<p>Our flare gas flow meter products undergo strict quality control to ensure customer satisfaction.<br \/>\nLes caract\u00e9ristiques antid\u00e9flagrantes des d\u00e9bitm\u00e8tres varient en fonction du type de compteur et de l'application. En g\u00e9n\u00e9ral, les d\u00e9bitm\u00e8tres sont class\u00e9s dans la classe I, division 1, groupes C et D, ou dans la classe II, division 1, groupes E, F et G.<\/p>\n<\/div>\n<p>&nbsp;<\/p>\n<p>Tag\uff1a<a href=\"\/fr\/magnetic-flow-meter\/carbon-dioxide-flow-meter\/\">carbon dioxide flow meter<\/a>,<a href=\"\/fr\/magnetic-flow-meter\/blue-white-flow-meter-distributors\/\">distributeurs de d\u00e9bitm\u00e8tres bleu-blanc<\/a>,<a href=\"\/fr\/magnetic-flow-meter\/turbine-flow-meter\/\">turbine flow meter<\/a>,<a href=\"\/fr\/magnetic-flow-meter\/abb-flow-meter-distributors\/\">abb flow meter distributors<\/a><\/p>\n<p>&nbsp;<\/p>","protected":false},"excerpt":{"rendered":"<p><strong>Donn\u00e9es techniques<\/strong><br \/>\nPeut \u00eatre utilis\u00e9 pour les fluides liquides ou gazeux, g\u00e9n\u00e9ralement pour mesurer le d\u00e9bit de la vapeur, de la vapeur, de l'air et du gaz naturel.<br \/>\nTaille du compteur : Type en ligne : DN25 - DN300<br \/>\nOption de mat\u00e9riau en contact avec le liquide : SS304, SS316<br \/>\nTemp\u00e9rature de fonctionnement : \u2264250\u2103<br \/>\nRaccordement au processus : Wafer \/ Bride \/ Tri-clamp pour le type en ligne<br \/>\nPr\u00e9cision de mesure : 1,0 % - 1,5% de la plage d'\u00e9talonnage<br \/>\nIndicateur num\u00e9rique : affichage du d\u00e9bit instantan\u00e9, du d\u00e9bit total<br \/>\nAlimentation : 24VDC, Sortie : 4-20mA<\/p>\n<p><strong>caract\u00e9ristiques<\/strong><br \/>\n1. points de consigne ON\/OFF r\u00e9glables<br \/>\n2. mode d'alarme de d\u00e9bit Hi ou Lo<br \/>\n3. d\u00e9lai r\u00e9glable<br \/>\n4. LED d'\u00e9tat du relais<\/p>","protected":false},"featured_media":3691,"comment_status":"closed","ping_status":"closed","template":"","meta":[],"product_cat":[2372],"product_tag":[],"acf":[],"_links":{"self":[{"href":"https:\/\/www.hginstrument.com\/fr\/wp-json\/wp\/v2\/product\/5208"}],"collection":[{"href":"https:\/\/www.hginstrument.com\/fr\/wp-json\/wp\/v2\/product"}],"about":[{"href":"https:\/\/www.hginstrument.com\/fr\/wp-json\/wp\/v2\/types\/product"}],"replies":[{"embeddable":true,"href":"https:\/\/www.hginstrument.com\/fr\/wp-json\/wp\/v2\/comments?post=5208"}],"wp:featuredmedia":[{"embeddable":true,"href":"https:\/\/www.hginstrument.com\/fr\/wp-json\/wp\/v2\/media\/3691"}],"wp:attachment":[{"href":"https:\/\/www.hginstrument.com\/fr\/wp-json\/wp\/v2\/media?parent=5208"}],"wp:term":[{"taxonomy":"product_cat","embeddable":true,"href":"https:\/\/www.hginstrument.com\/fr\/wp-json\/wp\/v2\/product_cat?post=5208"},{"taxonomy":"product_tag","embeddable":true,"href":"https:\/\/www.hginstrument.com\/fr\/wp-json\/wp\/v2\/product_tag?post=5208"}],"curies":[{"name":"wp","href":"https:\/\/api.w.org\/{rel}","templated":true}]}}