{"id":5216,"date":"2023-12-23T22:20:05","date_gmt":"2023-12-23T14:20:05","guid":{"rendered":"https:\/\/www.hginstrument.com\/?post_type=product&#038;p=5216"},"modified":"2024-01-08T14:32:53","modified_gmt":"2024-01-08T06:32:53","slug":"flomec-flow-meter","status":"publish","type":"product","link":"https:\/\/www.hginstrument.com\/fr\/magnetic-flow-meter\/flomec-flow-meter\/","title":{"rendered":"flomec flow meter"},"content":{"rendered":"<p>The flomec flow meter is a highly reliable and accurate device used for measuring the flow of liquids and gases in various industrial and commercial applications. It is designed with advanced technology and high-quality components, making it durable and resistant to external factors such as temperature and pressure changes.<\/p>\n<p>flomec flow meter is a precision instrument designed to measure the flow of liquid or gas in a pipe. It is an important tool in oil and gas, chemical, Water distribution systems, water treatment and many other industries.<\/p>\n<p>With its advanced technology and high accuracy, flomec flow meter offers users the ability to monitor and control the flow of their processes with precision and efficiency. With its durable construction, it can withstand harsh operating conditions and provide long-term reliability.<\/p>\n<table class=\"table table-bordered\">\n<tbody>\n<tr>\n<td><span style=\"vertical-align: inherit;\"><span style=\"vertical-align: inherit;\">Type\uff1a<\/span><\/span><\/td>\n<td><span style=\"vertical-align: inherit;\">flomec flow meter<\/span><\/td>\n<td><span style=\"vertical-align: inherit;\"><span style=\"vertical-align: inherit;\">Signal de sortie\uff1a<\/span><\/span><\/td>\n<td><span style=\"vertical-align: inherit;\"><span style=\"vertical-align: inherit;\">4-17mA, fr\u00e9quence d'impulsion 2kHz (par d\u00e9faut), 5KHz (max)<\/span><\/span><\/td>\n<\/tr>\n<tr>\n<td><span style=\"vertical-align: inherit;\"><span style=\"vertical-align: inherit;\">Lieu d'origine\uff1a<\/span><\/span><\/td>\n<td><span style=\"vertical-align: inherit;\"><span style=\"vertical-align: inherit;\">Jiangsu\uff0cChina<\/span><\/span><\/td>\n<td><span style=\"vertical-align: inherit;\"><span style=\"vertical-align: inherit;\">Incorporer le type\uff1a<\/span><\/span><\/td>\n<td><span style=\"vertical-align: inherit;\"><span style=\"vertical-align: inherit;\">-10\u2103- +58\u2103<\/span><\/span><\/td>\n<\/tr>\n<tr>\n<td><span style=\"vertical-align: inherit;\"><span style=\"vertical-align: inherit;\">Garantie\uff1a<\/span><\/span><\/td>\n<td><span style=\"vertical-align: inherit;\"><span style=\"vertical-align: inherit;\">13 mois<\/span><\/span><\/td>\n<td><span style=\"vertical-align: inherit;\"><span style=\"vertical-align: inherit;\">Tension d'alimentation\uff1a<\/span><\/span><\/td>\n<td><span style=\"vertical-align: inherit;\"><span style=\"vertical-align: inherit;\">110\/220VAC (100-240VAC), 50Hz\/60Hz ; 24VDC\u00b110%<\/span><\/span><\/td>\n<\/tr>\n<tr>\n<td><span style=\"vertical-align: inherit;\"><span style=\"vertical-align: inherit;\">Soutien personnalis\u00e9\uff1a<\/span><\/span><\/td>\n<td><span style=\"vertical-align: inherit;\"><span style=\"vertical-align: inherit;\">OEM, ODM, OBM<\/span><\/span><\/td>\n<td><span style=\"vertical-align: inherit;\"><span style=\"vertical-align: inherit;\">Communication num\u00e9rique\uff1a<\/span><\/span><\/td>\n<td><span style=\"vertical-align: inherit;\"><span style=\"vertical-align: inherit;\">RS-485, supportant le protocole standard Mudbugs-RTU ; GPRS<\/span><\/span><\/td>\n<\/tr>\n<tr>\n<td><span style=\"vertical-align: inherit;\"><span style=\"vertical-align: inherit;\">Nom de marque\uff1a<\/span><\/span><\/td>\n<td><span style=\"vertical-align: inherit;\"><span style=\"vertical-align: inherit;\">GROUPE SUYI<\/span><\/span><\/td>\n<td><span style=\"vertical-align: inherit;\"><span style=\"vertical-align: inherit;\">Pression nominale\uff1a<\/span><\/span><\/td>\n<td><span style=\"vertical-align: inherit;\"><span style=\"vertical-align: inherit;\">1MPa (DN15-DN800), 1,6MPa(DN15-DN800), 2,5MPa(DN15-DN600)<\/span><\/span><\/td>\n<\/tr>\n<tr>\n<td><span style=\"vertical-align: inherit;\"><span style=\"vertical-align: inherit;\">Num\u00e9ro de mod\u00e8le\uff1a<\/span><\/span><\/td>\n<td><span style=\"vertical-align: inherit;\"><span style=\"vertical-align: inherit;\">autres<\/span><\/span><\/td>\n<td><span style=\"vertical-align: inherit;\"><span style=\"vertical-align: inherit;\">Capteur\uff1a<\/span><\/span><\/td>\n<td><span style=\"vertical-align: inherit;\"><span style=\"vertical-align: inherit;\">0\u2103- +80\u2103 ou -25\u2103- +120\u2103 ou +70\u2103- +250\u2103<\/span><\/span><\/td>\n<\/tr>\n<tr>\n<td><span style=\"vertical-align: inherit;\"><span style=\"vertical-align: inherit;\">Nom du produit\uff1a<\/span><\/span><\/td>\n<td><span style=\"vertical-align: inherit;\"><span style=\"vertical-align: inherit;\">D\u00e9bitm\u00e8tre \u00e9lectromagn\u00e9tique intelligent pour produits chimiques<\/span><\/span><\/td>\n<td><span style=\"vertical-align: inherit;\"><span style=\"vertical-align: inherit;\">D\u00e9tails de l'emballage\uff1a<\/span><\/span><\/td>\n<td><span style=\"vertical-align: inherit;\"><span style=\"vertical-align: inherit;\">1 jeu par paquet ou selon la demande du client<\/span><\/span><\/td>\n<\/tr>\n<tr>\n<td><span style=\"vertical-align: inherit;\"><span style=\"vertical-align: inherit;\">Diam\u00e8tre nominal\uff1a<\/span><\/span><\/td>\n<td><span style=\"vertical-align: inherit;\"><span style=\"vertical-align: inherit;\">3-2520mm<\/span><\/span><\/td>\n<td><span style=\"vertical-align: inherit;\"><span style=\"vertical-align: inherit;\">Capacit\u00e9 d'approvisionnement\uff1a<\/span><\/span><\/td>\n<td><span style=\"vertical-align: inherit;\"><span style=\"vertical-align: inherit;\">1871 Set\/Sets per Month<\/span><\/span><\/td>\n<\/tr>\n<tr>\n<td><span style=\"vertical-align: inherit;\"><span style=\"vertical-align: inherit;\">gamme de vitesses\uff1a<\/span><\/span><\/td>\n<td><span style=\"vertical-align: inherit;\"><span style=\"vertical-align: inherit;\">0-12m\/s<\/span><\/span><\/td>\n<td><span style=\"vertical-align: inherit;\"><span style=\"vertical-align: inherit;\">Quantit\u00e9 (jeux)\uff1a<\/span><\/span><\/td>\n<td><span style=\"vertical-align: inherit;\"><span style=\"vertical-align: inherit;\">&gt; 30<\/span><\/span><\/td>\n<\/tr>\n<tr>\n<td><span style=\"vertical-align: inherit;\"><span style=\"vertical-align: inherit;\">Degr\u00e9 de pr\u00e9cision\uff1a<\/span><\/span><\/td>\n<td><span style=\"vertical-align: inherit;\"><span style=\"vertical-align: inherit;\">\u00b10,5%R, \u00b11%R ( &lt; DN20)<\/span><\/span><\/td>\n<td><span style=\"vertical-align: inherit;\"><span style=\"vertical-align: inherit;\">D\u00e9lai d'ex\u00e9cution (jours)\uff1a<\/span><\/span><\/td>\n<td><span style=\"vertical-align: inherit;\"><span style=\"vertical-align: inherit;\">A n\u00e9gocier<\/span><\/span><\/td>\n<\/tr>\n<\/tbody>\n<\/table>\n<p>&nbsp;<\/p>\n<p>&nbsp;<\/p>\n<p style=\"text-align: center;\"><img title=\"flomec flow meter\" src=\"https:\/\/www.hginstrument.com\/wp-content\/uploads\/2021\/07\/in-line-pipeline-type-hgd-electromagnetic-flow-meter.jpg\" \/><\/p>\n<p>&nbsp;<\/p>\n<p>&nbsp;<\/p>\n<p style=\"text-align: center;\"><img title=\"flomec flow meter\" src=\"https:\/\/www.hginstrument.com\/wp-content\/uploads\/2021\/07\/insertion-01.jpg\" \/><\/p>\n<p>&nbsp;<\/p>\n<p>&nbsp;<\/p>\n<p style=\"text-align: center;\"><img title=\"flomec flow meter\" src=\"https:\/\/www.hginstrument.com\/wp-content\/uploads\/2021\/07\/sanitary-mag-1.jpg\" \/><\/p>\n<p><strong>flomec flow meter FAQs Guide.<\/strong><\/p>\n<p>At the heart of our flomec flow meter series lies a commitment to excellence, blending advanced sensor technology with user-friendly interfaces. From liquid to gas, our meters deliver unparalleled accuracy, empowering you to make informed decisions and streamline operations. As we usher in a new era of fluid measurement, we invite you to explore the limitless possibilities that our flomec flow meters unlock \u2013 where precision meets performance, and innovation flows seamlessly.<\/p>\n<div style=\"border: 3px solid #f89900; margin: 20px 0; padding: 20px;\"><a href=\"\/fr\/flomec-flow-meter\/#01\">1.About flomec flow meter technology<\/a><br \/>\n<a href=\"\/fr\/flomec-flow-meter\/#02\">2.What is the difference between flomec flow meter SUYI group vs flomec flow meter Schneider Electric vs flomec flow meter Badger Meter<\/a><br \/>\n<a href=\"\/fr\/flomec-flow-meter\/#03\">3.About flomec flow meter raw materials<\/a><br \/>\n<a href=\"\/fr\/flomec-flow-meter\/#04\">4.What is the difference between flomec flow meter SUYI group vs flomec flow meter Emerson vs flomec flow meter Honeywell<\/a><br \/>\n<a href=\"\/fr\/flomec-flow-meter\/#05\">5.What fluids are flomec flow meters mainly used for measuring?<\/a><br \/>\n<a href=\"\/fr\/flomec-flow-meter\/#06\">6.About flomec flow meter production management system<\/a><br \/>\n<a href=\"\/fr\/flomec-flow-meter\/#07\">7.What is the measuring range of flomec flow meter?<\/a><br \/>\n<a href=\"\/fr\/flomec-flow-meter\/#08\">8.About flomec flow meter production capacity<\/a><br \/>\n<a href=\"\/fr\/flomec-flow-meter\/#09\">9.About flomec flow meter production capacity<\/a><br \/>\n<a href=\"\/fr\/flomec-flow-meter\/#010\">10.What is the operating temperature range of the flomec flow meter?<\/a><br \/>\n<a href=\"\/fr\/flomec-flow-meter\/#11\">11.About flomec flow meter origin<\/a><br \/>\n<a href=\"\/fr\/flomec-flow-meter\/#12\">12.What is the response time of the flomec flow meter?<\/a><br \/>\n<a href=\"\/fr\/flomec-flow-meter\/#13\">13.How does the flomec flow meter connect with other devices and transmit data?<\/a><\/div>\n<div id=\"01\">\n<p><strong>1.About flomec flow meter technology<\/strong><\/p>\n<p>La technologie des d\u00e9bitm\u00e8tres est un type de technologie de mesure utilis\u00e9 pour mesurer le d\u00e9bit d'un fluide ou d'un gaz. Elle est utilis\u00e9e dans une vari\u00e9t\u00e9 d'industries, y compris le p\u00e9trole et le gaz, l'eau et les eaux us\u00e9es, et le traitement chimique. Les d\u00e9bitm\u00e8tres mesurent le d\u00e9bit d'un fluide ou d'un gaz en mesurant la pression, la vitesse ou d'autres propri\u00e9t\u00e9s physiques du fluide ou du gaz. Les d\u00e9bitm\u00e8tres peuvent \u00eatre utilis\u00e9s pour mesurer le d\u00e9bit de liquides, de gaz et de vapeur. Ils sont utilis\u00e9s pour mesurer le d\u00e9bit d'une vari\u00e9t\u00e9 de fluides, y compris l'eau, l'huile et les produits chimiques. Les d\u00e9bitm\u00e8tres sont utilis\u00e9s dans diverses applications, notamment pour le contr\u00f4le des processus, la gestion de l'\u00e9nergie et la surveillance de la s\u00e9curit\u00e9.<\/p>\n<\/div>\n<div id=\"02\">\n<p><strong>2.What is the difference between flomec flow meter SUYI group vs flomec flow meter Schneider Electric vs flomec flow meter Badger Meter<\/strong><\/p>\n<p>Les d\u00e9bitm\u00e8tres du groupe SUYI sont g\u00e9n\u00e9ralement utilis\u00e9s pour des applications industrielles, telles que la mesure du d\u00e9bit de liquides, de gaz et de vapeur. Ils sont con\u00e7us pour \u00eatre fiables et pr\u00e9cis, et sont disponibles dans une vari\u00e9t\u00e9 de tailles et de mat\u00e9riaux.<\/p>\n<p>Les d\u00e9bitm\u00e8tres de Schneider Electric sont con\u00e7us pour des applications industrielles et commerciales et sont disponibles dans une vari\u00e9t\u00e9 de tailles et de mat\u00e9riaux. Ils sont con\u00e7us pour \u00eatre fiables et pr\u00e9cis et conviennent \u00e0 une large gamme d'applications.<\/p>\n<p>Les d\u00e9bitm\u00e8tres de Badger Meter sont con\u00e7us pour des applications industrielles et commerciales et sont disponibles dans une vari\u00e9t\u00e9 de tailles et de mat\u00e9riaux. Ils sont con\u00e7us pour \u00eatre fiables et pr\u00e9cis, et conviennent \u00e0 une large gamme d'applications. Ils offrent \u00e9galement de nombreuses fonctionnalit\u00e9s, telles que la surveillance \u00e0 distance et l'enregistrement des donn\u00e9es.<\/p>\n<\/div>\n<div id=\"03\">\n<p><strong>3.About flomec flow meter raw materials<\/strong><\/p>\n<p>Les mati\u00e8res premi\u00e8res des d\u00e9bitm\u00e8tres sont g\u00e9n\u00e9ralement constitu\u00e9es d'une vari\u00e9t\u00e9 de m\u00e9taux, de plastiques et de composites. Les mat\u00e9riaux couramment utilis\u00e9s dans les d\u00e9bitm\u00e8tres sont l'acier inoxydable, le laiton, l'aluminium, le chlorure de polyvinyle (PVC), le polypropyl\u00e8ne (PP) et le polyt\u00e9trafluoro\u00e9thyl\u00e8ne (PTFE). Le mat\u00e9riau utilis\u00e9 dans un d\u00e9bitm\u00e8tre d\u00e9pend de l'application et du type de fluide mesur\u00e9. Par exemple, l'acier inoxydable est souvent utilis\u00e9 pour mesurer les fluides corrosifs, tandis que le PVC est souvent utilis\u00e9 pour mesurer l'eau.<\/p>\n<\/div>\n<div id=\"04\">\n<p><strong>4.What is the difference between flomec flow meter SUYI group vs flomec flow meter Emerson vs flomec flow meter Honeywell<\/strong><\/p>\n<p>Les d\u00e9bitm\u00e8tres du groupe SUYI, d'Emerson et d'Honeywell mesurent tous le d\u00e9bit de liquides et de gaz, mais ils diff\u00e8rent en termes de pr\u00e9cision, de caract\u00e9ristiques et de co\u00fbt. Les d\u00e9bitm\u00e8tres du groupe SUYI sont g\u00e9n\u00e9ralement les plus abordables, mais ils peuvent ne pas avoir la m\u00eame pr\u00e9cision ou les m\u00eames caract\u00e9ristiques que les mod\u00e8les plus co\u00fbteux d'Emerson et d'Honeywell. Les d\u00e9bitm\u00e8tres Emerson sont r\u00e9put\u00e9s pour leur pr\u00e9cision et leur fiabilit\u00e9, mais ils peuvent \u00eatre plus chers que les autres marques. Les d\u00e9bitm\u00e8tres Honeywell sont r\u00e9put\u00e9s pour leurs fonctions avanc\u00e9es et leur pr\u00e9cision, mais ils peuvent \u00eatre les plus chers des trois.<\/p>\n<\/div>\n<div id=\"05\">\n<p><strong>5.What fluids are flomec flow meters mainly used for measuring?<\/strong><\/p>\n<p>Nous mettons l'accent sur le travail d'\u00e9quipe et la communication pour atteindre des objectifs communs, nous attachons une grande importance \u00e0 ce d\u00e9tail.<br \/>\nLes d\u00e9bitm\u00e8tres sont principalement utilis\u00e9s pour mesurer le d\u00e9bit de liquides, de gaz et de vapeur.<\/p>\n<p><img style=\"max-width: 100%;\" title=\"What fluids are flomec flow meters mainly used for measuring?\" src=\"https:\/\/www.hginstrument.com\/wp-content\/uploads\/2021\/07\/hgrs-1.jpg\" alt=\"What fluids are flomec flow meters mainly used for measuring?\" \/><\/p>\n<\/div>\n<div id=\"06\">\n<p><strong>6.About flomec flow meter production management system<\/strong><\/p>\n<p>Un syst\u00e8me de gestion de la production de d\u00e9bitm\u00e8tres est une solution logicielle con\u00e7ue pour aider les fabricants \u00e0 g\u00e9rer la production de d\u00e9bitm\u00e8tres. Le syst\u00e8me peut \u00eatre utilis\u00e9 pour suivre le processus de production du d\u00e9but \u00e0 la fin, y compris la commande des mati\u00e8res premi\u00e8res, l'assemblage des composants, les essais et l'\u00e9talonnage du produit fini. Le syst\u00e8me peut \u00e9galement \u00eatre utilis\u00e9 pour contr\u00f4ler la qualit\u00e9 du processus de production, en s'assurant que les d\u00e9bitm\u00e8tres r\u00e9pondent aux normes requises. En outre, le syst\u00e8me peut \u00eatre utilis\u00e9 pour g\u00e9n\u00e9rer des rapports et analyser des donn\u00e9es afin d'aider les fabricants \u00e0 am\u00e9liorer leurs processus de production.<\/p>\n<\/div>\n<div id=\"07\">\n<p><strong>7.What is the measuring range of flomec flow meter?<\/strong><\/p>\n<p>We continuously upgrade our skills and knowledge to adapt to changing flomec flow meter market needs.<br \/>\nLa plage de mesure d'un d\u00e9bitm\u00e8tre d\u00e9pend du type de d\u00e9bitm\u00e8tre utilis\u00e9. En g\u00e9n\u00e9ral, la plage de mesure d'un d\u00e9bitm\u00e8tre peut aller de 0,01 \u00e0 1000 litres par minute.<\/p>\n<\/div>\n<div id=\"08\">\n<p><strong>8.About flomec flow meter production capacity<\/strong><\/p>\n<p>La capacit\u00e9 de production des d\u00e9bitm\u00e8tres d\u00e9pend du type de d\u00e9bitm\u00e8tre produit. En g\u00e9n\u00e9ral, la capacit\u00e9 de production est d\u00e9termin\u00e9e par la taille de l'installation de production, le nombre de machines et le personnel disponibles, et le type de d\u00e9bitm\u00e8tre produit. Par exemple, un site de production sp\u00e9cialis\u00e9 dans la fabrication de d\u00e9bitm\u00e8tres \u00e0 turbine peut avoir une capacit\u00e9 de production plus \u00e9lev\u00e9e qu'un site produisant des d\u00e9bitm\u00e8tres \u00e0 ultrasons. En outre, la capacit\u00e9 de production d'une installation peut \u00eatre affect\u00e9e par la complexit\u00e9 du d\u00e9bitm\u00e8tre produit, ainsi que par la disponibilit\u00e9 des mati\u00e8res premi\u00e8res et des composants.<\/p>\n<\/div>\n<div id=\"09\">\n<p><strong>9.About flomec flow meter production capacity<\/strong><\/p>\n<p>La capacit\u00e9 de production des d\u00e9bitm\u00e8tres d\u00e9pend du type de d\u00e9bitm\u00e8tre produit. En g\u00e9n\u00e9ral, la capacit\u00e9 de production est d\u00e9termin\u00e9e par la taille de l'installation de production, le nombre de machines et le personnel disponibles, et le type de d\u00e9bitm\u00e8tre produit. Par exemple, un site de production sp\u00e9cialis\u00e9 dans la fabrication de d\u00e9bitm\u00e8tres \u00e0 turbine peut avoir une capacit\u00e9 de production plus \u00e9lev\u00e9e qu'un site produisant des d\u00e9bitm\u00e8tres \u00e0 ultrasons. En outre, la capacit\u00e9 de production d'une installation peut \u00eatre affect\u00e9e par la complexit\u00e9 du d\u00e9bitm\u00e8tre produit, ainsi que par la disponibilit\u00e9 des mati\u00e8res premi\u00e8res et des composants.<\/p>\n<\/div>\n<div id=\"010\">\n<p><strong>10.What is the operating temperature range of the flomec flow meter?<\/strong><\/p>\n<p>We have established a good reputation and reliable partnerships within the flomec flow meter industry.<br \/>\nLa plage de temp\u00e9rature de fonctionnement du d\u00e9bitm\u00e8tre est comprise entre -40\u00b0F et 140\u00b0F (-40\u00b0C et 60\u00b0C).<\/p>\n<p><img style=\"max-width: 100%;\" title=\"What is the operating temperature range of the flomec flow meter?\" src=\"https:\/\/www.hginstrument.com\/wp-content\/uploads\/2021\/07\/hls-2000h-m2.jpg\" alt=\"What is the operating temperature range of the flomec flow meter?\" \/><\/p>\n<\/div>\n<div id=\"11\">\n<p><strong>11.About flomec flow meter origin<\/strong><\/p>\n<p>Le premier d\u00e9bitm\u00e8tre a \u00e9t\u00e9 invent\u00e9 en 1832 par un Anglais nomm\u00e9 William Henry. Il a mis au point un appareil utilisant un flotteur pour mesurer le d\u00e9bit d'eau dans un tuyau. Cet appareil \u00e9tait le premier de son genre et le pr\u00e9curseur des d\u00e9bitm\u00e8tres modernes. Depuis lors, les d\u00e9bitm\u00e8tres ont \u00e9t\u00e9 utilis\u00e9s dans diverses industries pour mesurer le d\u00e9bit de liquides, de gaz et d'autres mat\u00e9riaux. Aujourd'hui, les d\u00e9bitm\u00e8tres sont utilis\u00e9s dans diverses applications, de la mesure du d\u00e9bit d'eau dans une canalisation \u00e0 la mesure du d\u00e9bit de p\u00e9trole dans une raffinerie.<\/p>\n<\/div>\n<div id=\"12\">\n<p><strong>12.What is the response time of the flomec flow meter?<\/strong><\/p>\n<p>Nous avons \u00e9tabli des partenariats stables et \u00e0 long terme avec nos fournisseurs, ce qui nous conf\u00e8re de grands avantages en termes de prix, de co\u00fbts et d'assurance qualit\u00e9.<br \/>\nLe temps de r\u00e9ponse d'un d\u00e9bitm\u00e8tre peut varier en fonction du type de d\u00e9bitm\u00e8tre utilis\u00e9. En g\u00e9n\u00e9ral, le temps de r\u00e9ponse d'un d\u00e9bitm\u00e8tre est compris entre 0,1 et 1 seconde.<\/p>\n<\/div>\n<div id=\"13\">\n<p><strong>13.How does the flomec flow meter connect with other devices and transmit data?<\/strong><\/p>\n<p>flomec flow meter is not a product only, but also can help you comes to money-making.<br \/>\nLes d\u00e9bitm\u00e8tres peuvent se connecter \u00e0 d'autres appareils et transmettre des donn\u00e9es par le biais de diverses m\u00e9thodes, notamment des connexions c\u00e2bl\u00e9es, des connexions sans fil et des protocoles de communication s\u00e9rie. Les connexions filaires peuvent inclure RS-232, RS-485 et USB. Les connexions sans fil peuvent inclure Bluetooth, Wi-Fi et les r\u00e9seaux cellulaires. Les protocoles de communication s\u00e9rie peuvent inclure Modbus, HART et Profibus.<\/p>\n<\/div>\n<p>&nbsp;<\/p>\n<p>Tag\uff1a<a href=\"\/fr\/magnetic-flow-meter\/paddle-wheel-water-flow-meter\/\">compteur d'eau \u00e0 roue \u00e0 aubes<\/a>,<a href=\"\/fr\/magnetic-flow-meter\/liquid-propane-flow-meter\/\">d\u00e9bitm\u00e8tre pour propane liquide<\/a>,<a href=\"\/fr\/magnetic-flow-meter\/flomec-flow-meter\/\">flomec flow meter<\/a>,<a href=\"\/fr\/magnetic-flow-meter\/hvac-air-flow-meter\/\">hvac air flow meter<\/a>,<a href=\"\/fr\/magnetic-flow-meter\/beer-flow-meter\/\">d\u00e9bitm\u00e8tre de bi\u00e8re<\/a><\/p>\n<p>&nbsp;<\/p>","protected":false},"excerpt":{"rendered":"<p><strong>Donn\u00e9es techniques<\/strong><br \/>\nPeut \u00eatre utilis\u00e9 pour les fluides liquides ou gazeux, g\u00e9n\u00e9ralement pour mesurer le d\u00e9bit de la vapeur, de la vapeur, de l'air et du gaz naturel.<br \/>\nTaille du compteur : Type en ligne : DN25 - DN300<br \/>\nOption de mat\u00e9riau en contact avec le liquide : SS304, SS316<br \/>\nTemp\u00e9rature de fonctionnement : \u2264250\u2103<br \/>\nRaccordement au processus : Wafer \/ Bride \/ Tri-clamp pour le type en ligne<br \/>\nPr\u00e9cision de mesure : 1,0 % - 1,5% de la plage d'\u00e9talonnage<br \/>\nIndicateur num\u00e9rique : affichage du d\u00e9bit instantan\u00e9, du d\u00e9bit total<br \/>\nAlimentation : 24VDC, Sortie : 4-20mA<\/p>\n<p><strong>caract\u00e9ristiques<\/strong><br \/>\n1. points de consigne ON\/OFF r\u00e9glables<br \/>\n2. mode d'alarme de d\u00e9bit Hi ou Lo<br \/>\n3. d\u00e9lai r\u00e9glable<br \/>\n4. LED d'\u00e9tat du relais<\/p>","protected":false},"featured_media":3691,"comment_status":"closed","ping_status":"closed","template":"","meta":[],"product_cat":[2372],"product_tag":[],"acf":[],"_links":{"self":[{"href":"https:\/\/www.hginstrument.com\/fr\/wp-json\/wp\/v2\/product\/5216"}],"collection":[{"href":"https:\/\/www.hginstrument.com\/fr\/wp-json\/wp\/v2\/product"}],"about":[{"href":"https:\/\/www.hginstrument.com\/fr\/wp-json\/wp\/v2\/types\/product"}],"replies":[{"embeddable":true,"href":"https:\/\/www.hginstrument.com\/fr\/wp-json\/wp\/v2\/comments?post=5216"}],"wp:featuredmedia":[{"embeddable":true,"href":"https:\/\/www.hginstrument.com\/fr\/wp-json\/wp\/v2\/media\/3691"}],"wp:attachment":[{"href":"https:\/\/www.hginstrument.com\/fr\/wp-json\/wp\/v2\/media?parent=5216"}],"wp:term":[{"taxonomy":"product_cat","embeddable":true,"href":"https:\/\/www.hginstrument.com\/fr\/wp-json\/wp\/v2\/product_cat?post=5216"},{"taxonomy":"product_tag","embeddable":true,"href":"https:\/\/www.hginstrument.com\/fr\/wp-json\/wp\/v2\/product_tag?post=5216"}],"curies":[{"name":"wp","href":"https:\/\/api.w.org\/{rel}","templated":true}]}}