{"id":5224,"date":"2023-12-23T22:37:10","date_gmt":"2023-12-23T14:37:10","guid":{"rendered":"https:\/\/www.hginstrument.com\/?post_type=product&#038;p=5224"},"modified":"2024-01-03T14:54:27","modified_gmt":"2024-01-03T06:54:27","slug":"flow-meter-and-totalizer","status":"publish","type":"product","link":"https:\/\/www.hginstrument.com\/fr\/magnetic-flow-meter\/flow-meter-and-totalizer\/","title":{"rendered":"flow meter and totalizer"},"content":{"rendered":"<p>Our flow meter and totalizer is a cutting-edge product that is guaranteed to provide accurate and reliable flow measurement for a wide range of industrial applications. Equipped with advanced technology and precise sensors, it ensures precise and consistent measurement of liquid and gas flow rates.<\/p>\n<p>One of the key features of flow meter and totalizer is its high accuracy, with a margin of error of less than 1%. This makes it ideal for precise measurements and critical processes. Additionally, the device has a wide measurement range and can handle both low and high flow rates, making it suitable for a variety of industrial needs.<\/p>\n<p>Installation and maintenance of flow meter and totalizer are quick and easy, thanks to its simple design and intuitive interface. With its reliable performance and cost-effective price, flow meter and totalizer is an essential tool for any fluid measurement application. It is a trusted and preferred choice for customers worldwide and has a proven track record of delivering accurate<\/p>\n<table class=\"table table-bordered\">\n<tbody>\n<tr>\n<td><span style=\"vertical-align: inherit;\"><span style=\"vertical-align: inherit;\">Type\uff1a<\/span><\/span><\/td>\n<td><span style=\"vertical-align: inherit;\">flow meter and totalizer<\/span><\/td>\n<td><span style=\"vertical-align: inherit;\"><span style=\"vertical-align: inherit;\">Signal de sortie\uff1a<\/span><\/span><\/td>\n<td><span style=\"vertical-align: inherit;\"><span style=\"vertical-align: inherit;\">4-20 mA, impulsion\/fr\u00e9quence 2 kHz (par d\u00e9faut), 5 kHz (max)<\/span><\/span><\/td>\n<\/tr>\n<tr>\n<td><span style=\"vertical-align: inherit;\"><span style=\"vertical-align: inherit;\">Lieu d'origine\uff1a<\/span><\/span><\/td>\n<td><span style=\"vertical-align: inherit;\"><span style=\"vertical-align: inherit;\">Jiangsu, Chine<\/span><\/span><\/td>\n<td><span style=\"vertical-align: inherit;\"><span style=\"vertical-align: inherit;\">Incorporer le type\uff1a<\/span><\/span><\/td>\n<td><span style=\"vertical-align: inherit;\"><span style=\"vertical-align: inherit;\">-10\u2103- +59\u2103<\/span><\/span><\/td>\n<\/tr>\n<tr>\n<td><span style=\"vertical-align: inherit;\"><span style=\"vertical-align: inherit;\">Garantie\uff1a<\/span><\/span><\/td>\n<td><span style=\"vertical-align: inherit;\"><span style=\"vertical-align: inherit;\">15 mois<\/span><\/span><\/td>\n<td><span style=\"vertical-align: inherit;\"><span style=\"vertical-align: inherit;\">Tension d'alimentation\uff1a<\/span><\/span><\/td>\n<td><span style=\"vertical-align: inherit;\"><span style=\"vertical-align: inherit;\">110\/220VAC (100-240VAC), 50Hz\/60Hz ; 24VDC\u00b110%<\/span><\/span><\/td>\n<\/tr>\n<tr>\n<td><span style=\"vertical-align: inherit;\"><span style=\"vertical-align: inherit;\">Soutien personnalis\u00e9\uff1a<\/span><\/span><\/td>\n<td><span style=\"vertical-align: inherit;\"><span style=\"vertical-align: inherit;\">OEM, ODM, OBM<\/span><\/span><\/td>\n<td><span style=\"vertical-align: inherit;\"><span style=\"vertical-align: inherit;\">Communication num\u00e9rique\uff1a<\/span><\/span><\/td>\n<td><span style=\"vertical-align: inherit;\"><span style=\"vertical-align: inherit;\">RS-485, supportant le protocole standard Mudbugs-RTU ; GPRS<\/span><\/span><\/td>\n<\/tr>\n<tr>\n<td><span style=\"vertical-align: inherit;\"><span style=\"vertical-align: inherit;\">Nom de marque\uff1a<\/span><\/span><\/td>\n<td><span style=\"vertical-align: inherit;\"><span style=\"vertical-align: inherit;\">GROUPE SUYI<\/span><\/span><\/td>\n<td><span style=\"vertical-align: inherit;\"><span style=\"vertical-align: inherit;\">Pression nominale\uff1a<\/span><\/span><\/td>\n<td><span style=\"vertical-align: inherit;\"><span style=\"vertical-align: inherit;\">1MPa (DN15-DN800), 1,6MPa(DN15-DN800), 2,5MPa(DN15-DN600)<\/span><\/span><\/td>\n<\/tr>\n<tr>\n<td><span style=\"vertical-align: inherit;\"><span style=\"vertical-align: inherit;\">Num\u00e9ro de mod\u00e8le\uff1a<\/span><\/span><\/td>\n<td><span style=\"vertical-align: inherit;\"><span style=\"vertical-align: inherit;\">autres<\/span><\/span><\/td>\n<td><span style=\"vertical-align: inherit;\"><span style=\"vertical-align: inherit;\">Capteur\uff1a<\/span><\/span><\/td>\n<td><span style=\"vertical-align: inherit;\"><span style=\"vertical-align: inherit;\">0\u2103- +80\u2103 ou -25\u2103- +120\u2103 ou +70\u2103- +250\u2103<\/span><\/span><\/td>\n<\/tr>\n<tr>\n<td><span style=\"vertical-align: inherit;\"><span style=\"vertical-align: inherit;\">Nom du produit\uff1a<\/span><\/span><\/td>\n<td><span style=\"vertical-align: inherit;\"><span style=\"vertical-align: inherit;\">D\u00e9bitm\u00e8tre \u00e9lectromagn\u00e9tique intelligent pour produits chimiques<\/span><\/span><\/td>\n<td><span style=\"vertical-align: inherit;\"><span style=\"vertical-align: inherit;\">D\u00e9tails de l'emballage\uff1a<\/span><\/span><\/td>\n<td><span style=\"vertical-align: inherit;\"><span style=\"vertical-align: inherit;\">1 jeu par paquet ou selon la demande du client<\/span><\/span><\/td>\n<\/tr>\n<tr>\n<td><span style=\"vertical-align: inherit;\"><span style=\"vertical-align: inherit;\">Diam\u00e8tre nominal\uff1a<\/span><\/span><\/td>\n<td><span style=\"vertical-align: inherit;\"><span style=\"vertical-align: inherit;\">3-2753mm<\/span><\/span><\/td>\n<td><span style=\"vertical-align: inherit;\"><span style=\"vertical-align: inherit;\">Capacit\u00e9 d'approvisionnement\uff1a<\/span><\/span><\/td>\n<td><span style=\"vertical-align: inherit;\"><span style=\"vertical-align: inherit;\">2399 Set\/Sets per Month<\/span><\/span><\/td>\n<\/tr>\n<tr>\n<td><span style=\"vertical-align: inherit;\"><span style=\"vertical-align: inherit;\">gamme de vitesses\uff1a<\/span><\/span><\/td>\n<td><span style=\"vertical-align: inherit;\"><span style=\"vertical-align: inherit;\">0-11m\/s<\/span><\/span><\/td>\n<td><span style=\"vertical-align: inherit;\"><span style=\"vertical-align: inherit;\">Quantit\u00e9 (jeux)\uff1a<\/span><\/span><\/td>\n<td><span style=\"vertical-align: inherit;\"><span style=\"vertical-align: inherit;\">&gt; 30<\/span><\/span><\/td>\n<\/tr>\n<tr>\n<td><span style=\"vertical-align: inherit;\"><span style=\"vertical-align: inherit;\">Degr\u00e9 de pr\u00e9cision\uff1a<\/span><\/span><\/td>\n<td><span style=\"vertical-align: inherit;\"><span style=\"vertical-align: inherit;\">\u00b10,5%R, \u00b11%R ( &lt; DN20)<\/span><\/span><\/td>\n<td><span style=\"vertical-align: inherit;\"><span style=\"vertical-align: inherit;\">D\u00e9lai d'ex\u00e9cution (jours)\uff1a<\/span><\/span><\/td>\n<td><span style=\"vertical-align: inherit;\"><span style=\"vertical-align: inherit;\">A n\u00e9gocier<\/span><\/span><\/td>\n<\/tr>\n<\/tbody>\n<\/table>\n<p>&nbsp;<\/p>\n<p>&nbsp;<\/p>\n<p style=\"text-align: center;\"><img title=\"flow meter and totalizer\" src=\"https:\/\/www.hginstrument.com\/wp-content\/uploads\/2021\/07\/in-line-pipeline-type-hgd-electromagnetic-flow-meter.jpg\" \/><\/p>\n<p>&nbsp;<\/p>\n<p>&nbsp;<\/p>\n<p style=\"text-align: center;\"><img title=\"flow meter and totalizer\" src=\"https:\/\/www.hginstrument.com\/wp-content\/uploads\/2021\/07\/insertion-01.jpg\" \/><\/p>\n<p>&nbsp;<\/p>\n<p>&nbsp;<\/p>\n<p style=\"text-align: center;\"><img title=\"flow meter and totalizer\" src=\"https:\/\/www.hginstrument.com\/wp-content\/uploads\/2021\/07\/sanitary-mag-1.jpg\" \/><\/p>\n<p><strong>flow meter and totalizer FAQs Guide.<\/strong><\/p>\n<p>At the heart of our flow meter and totalizer series lies a commitment to excellence, blending advanced sensor technology with user-friendly interfaces. From liquid to gas, our meters deliver unparalleled accuracy, empowering you to make informed decisions and streamline operations. As we usher in a new era of fluid measurement, we invite you to explore the limitless possibilities that our flow meter and totalizers unlock \u2013 where precision meets performance, and innovation flows seamlessly.<\/p>\n<div style=\"border: 3px solid #f89900; margin: 20px 0; padding: 20px;\"><a href=\"\/fr\/flow-meter-and-totalizer\/#01\">1.What are the common faults and solutions of flow meter and totalizers?<\/a><br \/>\n<a href=\"\/fr\/flow-meter-and-totalizer\/#02\">2.About flow meter and totalizer origin<\/a><br \/>\n<a href=\"\/fr\/flow-meter-and-totalizer\/#03\">3.How to calibrate a flow meter and totalizer?<\/a><br \/>\n<a href=\"\/fr\/flow-meter-and-totalizer\/#04\">4.What is the weight and dimensions of the flow meter and totalizer?<\/a><br \/>\n<a href=\"\/fr\/flow-meter-and-totalizer\/#05\">5.About flow meter and totalizer patent<\/a><br \/>\n<a href=\"\/fr\/flow-meter-and-totalizer\/#06\">6.About the development history of flow meter and totalizer factory<\/a><br \/>\n<a href=\"\/fr\/flow-meter-and-totalizer\/#07\">7.About flow meter and totalizer origin<\/a><br \/>\n<a href=\"\/fr\/flow-meter-and-totalizer\/#08\">8.What is the explosion-proof rating of flow meter and totalizer?<\/a><br \/>\n<a href=\"\/fr\/flow-meter-and-totalizer\/#09\">9.About flow meter and totalizer production skills training<\/a><br \/>\n<a href=\"\/fr\/flow-meter-and-totalizer\/#010\">10.What are the installation methods of flow meter and totalizer?<\/a><br \/>\n<a href=\"\/fr\/flow-meter-and-totalizer\/#11\">11.About flow meter and totalizer delivery date<\/a><br \/>\n<a href=\"\/fr\/flow-meter-and-totalizer\/#12\">12.About flow meter and totalizer warranty<\/a><br \/>\n<a href=\"\/fr\/flow-meter-and-totalizer\/#13\">13.About flow meter and totalizer raw materials<\/a><br \/>\n<a href=\"\/fr\/flow-meter-and-totalizer\/#14\">14.Can the measurement results of the flow meter and totalizer be output and recorded remotely?<\/a><br \/>\n<a href=\"\/fr\/flow-meter-and-totalizer\/#15\">15.About flow meter and totalizer production management system<\/a><br \/>\n<a href=\"\/fr\/flow-meter-and-totalizer\/#16\">16.Does the flow meter and totalizer have data storage capabilities?<\/a><\/div>\n<div id=\"01\">\n<p><strong>1.What are the common faults and solutions of flow meter and totalizers?<\/strong><\/p>\n<p>Nous maintenons un certain niveau d'investissement en R&amp;D chaque ann\u00e9e et am\u00e9liorons continuellement l'efficacit\u00e9 op\u00e9rationnelle afin de fournir de meilleurs services \u00e0 nos clients coop\u00e9ratifs.<br \/>\nLes d\u00e9fauts et les solutions les plus courants des d\u00e9bitm\u00e8tres sont les suivants :<\/p>\n<p>1. Faible pr\u00e9cision : Ce probl\u00e8me est g\u00e9n\u00e9ralement d\u00fb \u00e0 une mauvaise installation ou \u00e0 un mauvais \u00e9talonnage. Pour r\u00e9soudre ce probl\u00e8me, v\u00e9rifiez l'installation et l'\u00e9talonnage du d\u00e9bitm\u00e8tre et assurez-vous qu'ils sont corrects.<\/p>\n<p>2. Fuite : Elle est g\u00e9n\u00e9ralement due \u00e0 un joint us\u00e9 ou endommag\u00e9. Pour y rem\u00e9dier, remplacez le joint par un nouveau.<\/p>\n<p>3. Colmatage : Ce ph\u00e9nom\u00e8ne est g\u00e9n\u00e9ralement caus\u00e9 par des d\u00e9bris ou d'autres particules qui bloquent le d\u00e9bitm\u00e8tre. Pour r\u00e9soudre ce probl\u00e8me, nettoyez le d\u00e9bitm\u00e8tre et retirez les d\u00e9bris ou les particules.<\/p>\n<p>4. La corrosion : Elle est g\u00e9n\u00e9ralement caus\u00e9e par l'exposition \u00e0 des liquides ou des gaz corrosifs. Pour y rem\u00e9dier, remplacez toutes les pi\u00e8ces corrod\u00e9es et utilisez un mat\u00e9riau r\u00e9sistant \u00e0 la corrosion pour le d\u00e9bitm\u00e8tre.<\/p>\n<\/div>\n<div id=\"02\">\n<p><strong>2.About flow meter and totalizer origin<\/strong><\/p>\n<p>Le premier d\u00e9bitm\u00e8tre a \u00e9t\u00e9 invent\u00e9 en 1832 par un Anglais nomm\u00e9 William Henry. Il a mis au point un appareil utilisant un flotteur pour mesurer le d\u00e9bit d'eau dans un tuyau. Cet appareil \u00e9tait le premier de son genre et le pr\u00e9curseur des d\u00e9bitm\u00e8tres modernes. Depuis lors, les d\u00e9bitm\u00e8tres ont \u00e9t\u00e9 utilis\u00e9s dans diverses industries pour mesurer le d\u00e9bit de liquides, de gaz et d'autres mat\u00e9riaux. Aujourd'hui, les d\u00e9bitm\u00e8tres sont utilis\u00e9s dans diverses applications, de la mesure du d\u00e9bit d'eau dans une canalisation \u00e0 la mesure du d\u00e9bit de p\u00e9trole dans une raffinerie.<\/p>\n<\/div>\n<div id=\"03\">\n<p><strong>3.How to calibrate a flow meter and totalizer?<\/strong><\/p>\n<p>Being one of the top flow meter and totalizer manufacturers in China, We attach great importance to this detail.<br \/>\n1. V\u00e9rifier les instructions du fabricant du d\u00e9bitm\u00e8tre utilis\u00e9.<\/p>\n<p>2. S'assurer que le d\u00e9bitm\u00e8tre est install\u00e9 correctement et que toutes les connexions sont bien fix\u00e9es.<\/p>\n<p>3. Connecter le d\u00e9bitm\u00e8tre \u00e0 un dispositif d'\u00e9talonnage, tel qu'un appareil d'\u00e9talonnage du d\u00e9bit ou une boucle d'\u00e9talonnage du d\u00e9bit.<\/p>\n<p>4. R\u00e9gler le dispositif d'\u00e9talonnage sur le d\u00e9bit souhait\u00e9.<\/p>\n<p>5. Mettre le d\u00e9bitm\u00e8tre en marche et le laisser fonctionner pendant quelques minutes pour s'assurer qu'il est stable.<\/p>\n<p>6. V\u00e9rifier la lecture du d\u00e9bitm\u00e8tre par rapport \u00e0 celle du dispositif d'\u00e9talonnage.<\/p>\n<p>7. Ajuster les r\u00e9glages du d\u00e9bitm\u00e8tre si n\u00e9cessaire pour qu'il corresponde \u00e0 la lecture du dispositif d'\u00e9talonnage.<\/p>\n<p>8. R\u00e9p\u00e9ter les \u00e9tapes 4 \u00e0 7 jusqu'\u00e0 ce que la lecture du d\u00e9bitm\u00e8tre corresponde \u00e0 celle du dispositif d'\u00e9talonnage.<\/p>\n<p>9. Enregistrer les r\u00e9glages du d\u00e9bitm\u00e8tre et la lecture du dispositif d'\u00e9talonnage pour r\u00e9f\u00e9rence ult\u00e9rieure.<\/p>\n<\/div>\n<div id=\"04\">\n<p><strong>4.What is the weight and dimensions of the flow meter and totalizer?<\/strong><\/p>\n<p>Nos produits et services couvrent un large \u00e9ventail de domaines et r\u00e9pondent aux besoins de diff\u00e9rents secteurs.<br \/>\nLe poids et les dimensions du d\u00e9bitm\u00e8tre d\u00e9pendent du mod\u00e8le et du fabricant. En g\u00e9n\u00e9ral, la taille des d\u00e9bitm\u00e8tres va du petit appareil portatif aux grandes unit\u00e9s industrielles. Le poids d'un d\u00e9bitm\u00e8tre peut varier de quelques onces \u00e0 plusieurs centaines de livres.<\/p>\n<p><img style=\"max-width: 100%;\" title=\"What is the weight and dimensions of the flow meter and totalizer?\" src=\"https:\/\/www.hginstrument.com\/wp-content\/uploads\/2021\/07\/hguoc-1.jpg\" alt=\"What is the weight and dimensions of the flow meter and totalizer?\" \/><\/p>\n<\/div>\n<div id=\"05\">\n<p><strong>5.About flow meter and totalizer patent<\/strong><\/p>\n<p>Les brevets sur les d\u00e9bitm\u00e8tres sont des brevets qui couvrent la conception et le fonctionnement des d\u00e9bitm\u00e8tres. Les d\u00e9bitm\u00e8tres sont des dispositifs utilis\u00e9s pour mesurer le d\u00e9bit d'un liquide ou d'un gaz. Les d\u00e9bitm\u00e8tres sont utilis\u00e9s dans diverses industries, notamment le traitement de l'eau et des eaux us\u00e9es, le p\u00e9trole et le gaz, et le traitement chimique. Les d\u00e9bitm\u00e8tres sont utilis\u00e9s pour mesurer le d\u00e9bit d'un fluide, le volume total d'un fluide et la pression d'un fluide. Les d\u00e9bitm\u00e8tres peuvent \u00eatre m\u00e9caniques, \u00e9lectriques ou optiques. Les d\u00e9bitm\u00e8tres peuvent \u00eatre utilis\u00e9s pour mesurer le d\u00e9bit de liquides, de gaz et de vapeur.<\/p>\n<\/div>\n<div id=\"06\">\n<p><strong>6.About the development history of flow meter and totalizer factory<\/strong><\/p>\n<p>L'usine de d\u00e9bitm\u00e8tres a \u00e9t\u00e9 cr\u00e9\u00e9e au d\u00e9but des ann\u00e9es 1990. Elle a \u00e9t\u00e9 fond\u00e9e par un groupe d'ing\u00e9nieurs et de techniciens qui poss\u00e9daient une vaste exp\u00e9rience dans la conception et la fabrication de d\u00e9bitm\u00e8tres. La soci\u00e9t\u00e9 s'est d'abord concentr\u00e9e sur la production de d\u00e9bitm\u00e8tres m\u00e9caniques, mais elle a rapidement \u00e9largi sa gamme de produits pour y inclure les d\u00e9bitm\u00e8tres \u00e9lectroniques. Au fil des ans, l'entreprise a d\u00e9velopp\u00e9 une large gamme de d\u00e9bitm\u00e8tres pour diverses applications, notamment industrielles, commerciales et r\u00e9sidentielles. Elle a \u00e9galement mis au point une gamme de solutions logicielles et mat\u00e9rielles pour la mesure et le contr\u00f4le des d\u00e9bits. Aujourd'hui, l'entreprise est l'un des principaux fabricants de d\u00e9bitm\u00e8tres et de produits connexes, et elle est reconnue comme un leader dans l'industrie.<\/p>\n<\/div>\n<div id=\"07\">\n<p><strong>7.About flow meter and totalizer origin<\/strong><\/p>\n<p>Le premier d\u00e9bitm\u00e8tre a \u00e9t\u00e9 invent\u00e9 en 1832 par un Anglais nomm\u00e9 William Henry. Il a mis au point un appareil utilisant un flotteur pour mesurer le d\u00e9bit d'eau dans un tuyau. Cet appareil \u00e9tait le premier de son genre et le pr\u00e9curseur des d\u00e9bitm\u00e8tres modernes. Depuis lors, les d\u00e9bitm\u00e8tres ont \u00e9t\u00e9 utilis\u00e9s dans diverses industries pour mesurer le d\u00e9bit de liquides, de gaz et d'autres mat\u00e9riaux. Aujourd'hui, les d\u00e9bitm\u00e8tres sont utilis\u00e9s dans diverses applications, de la mesure du d\u00e9bit d'eau dans une canalisation \u00e0 la mesure du d\u00e9bit de p\u00e9trole dans une raffinerie.<\/p>\n<\/div>\n<div id=\"08\">\n<p><strong>8.What is the explosion-proof rating of flow meter and totalizer?<\/strong><\/p>\n<p>Our flow meter and totalizer products undergo strict quality control to ensure customer satisfaction.<br \/>\nLes caract\u00e9ristiques antid\u00e9flagrantes des d\u00e9bitm\u00e8tres varient en fonction du type de compteur et de l'application. En g\u00e9n\u00e9ral, les d\u00e9bitm\u00e8tres sont class\u00e9s dans la classe I, division 1, groupes C et D, ou dans la classe II, division 1, groupes E, F et G.<\/p>\n<p><img style=\"max-width: 100%;\" title=\"What is the explosion-proof rating of flow meter and totalizer?\" src=\"https:\/\/www.hginstrument.com\/wp-content\/uploads\/2021\/07\/wall-mount-1f.jpg\" alt=\"What is the explosion-proof rating of flow meter and totalizer?\" \/><\/p>\n<\/div>\n<div id=\"09\">\n<p><strong>9.About flow meter and totalizer production skills training<\/strong><\/p>\n<p>La formation aux techniques de production des d\u00e9bitm\u00e8tres est con\u00e7ue pour enseigner aux techniciens et aux ing\u00e9nieurs les comp\u00e9tences n\u00e9cessaires \u00e0 la production et \u00e0 l'entretien des d\u00e9bitm\u00e8tres. La formation couvre des sujets tels que les principes de la mesure du d\u00e9bit, les types de d\u00e9bitm\u00e8tres disponibles, l'installation et l'entretien des d\u00e9bitm\u00e8tres, et les techniques de d\u00e9pannage. La formation couvre \u00e9galement l'utilisation de logiciels informatiques pour analyser et interpr\u00e9ter les donn\u00e9es de d\u00e9bit. La formation se d\u00e9roule g\u00e9n\u00e9ralement dans une salle de classe et peut inclure des activit\u00e9s pratiques.<\/p>\n<\/div>\n<div id=\"010\">\n<p><strong>10.What are the installation methods of flow meter and totalizer?<\/strong><\/p>\n<p>Our mission is to provide customers with the best solutions for flow meter and totalizer.<br \/>\n1. Installation en ligne : Il s'agit du type d'installation le plus courant pour les d\u00e9bitm\u00e8tres. Il consiste \u00e0 placer le d\u00e9bitm\u00e8tre directement dans la conduite ou le conduit o\u00f9 le fluide s'\u00e9coule.<\/p>\n<p>2. Installation par insertion : Ce type d'installation consiste \u00e0 ins\u00e9rer le d\u00e9bitm\u00e8tre dans la conduite ou le conduit. Cette op\u00e9ration s'effectue g\u00e9n\u00e9ralement \u00e0 l'aide d'une bride ou d'un raccord.<\/p>\n<p>3. Installation en canal ouvert : Ce type d'installation est utilis\u00e9 lorsque l'\u00e9coulement se fait dans un canal ouvert, tel qu'une rivi\u00e8re ou un ruisseau. Le d\u00e9bitm\u00e8tre est plac\u00e9 dans le canal et mesure le d\u00e9bit.<\/p>\n<p>4. Installation submersible : Ce type d'installation est utilis\u00e9 lorsque le d\u00e9bit se trouve dans un environnement submerg\u00e9, tel qu'un puits ou un r\u00e9servoir. Le d\u00e9bitm\u00e8tre est plac\u00e9 dans l'eau et mesure le d\u00e9bit.<\/p>\n<\/div>\n<div id=\"11\">\n<p><strong>11.About flow meter and totalizer delivery date<\/strong><\/p>\n<p>La date de livraison d'un d\u00e9bitm\u00e8tre d\u00e9pend du type de d\u00e9bitm\u00e8tre, du fabricant et de la disponibilit\u00e9 du produit. En g\u00e9n\u00e9ral, la plupart des d\u00e9bitm\u00e8tres peuvent \u00eatre livr\u00e9s dans un d\u00e9lai de quelques jours \u00e0 quelques semaines. Toutefois, la livraison de certains d\u00e9bitm\u00e8tres sp\u00e9cialis\u00e9s peut prendre plus de temps. Il est pr\u00e9f\u00e9rable de contacter directement le fabricant pour obtenir une date de livraison pr\u00e9cise.<\/p>\n<\/div>\n<div id=\"12\">\n<p><strong>12.About flow meter and totalizer warranty<\/strong><\/p>\n<p>Les garanties des d\u00e9bitm\u00e8tres varient en fonction du fabricant et du type de d\u00e9bitm\u00e8tre. En g\u00e9n\u00e9ral, les garanties couvrent les d\u00e9fauts de mat\u00e9riaux et de fabrication, et peuvent \u00e9galement couvrir certains types de dommages caus\u00e9s par une utilisation normale. Certaines garanties peuvent \u00e9galement couvrir les dommages caus\u00e9s par une installation ou une utilisation incorrecte. Il est important de lire les informations relatives \u00e0 la garantie fournies par le fabricant pour comprendre la couverture sp\u00e9cifique et les limitations de la garantie.<\/p>\n<p><img style=\"max-width: 100%;\" title=\"About flow meter and totalizer warranty\" src=\"https:\/\/www.hginstrument.com\/wp-content\/uploads\/2021\/10\/w803e-f3.jpg\" alt=\"About flow meter and totalizer warranty\" \/><\/p>\n<\/div>\n<div id=\"13\">\n<p><strong>13.About flow meter and totalizer raw materials<\/strong><\/p>\n<p>Les mati\u00e8res premi\u00e8res des d\u00e9bitm\u00e8tres sont g\u00e9n\u00e9ralement constitu\u00e9es d'une vari\u00e9t\u00e9 de m\u00e9taux, de plastiques et de composites. Les mat\u00e9riaux couramment utilis\u00e9s dans les d\u00e9bitm\u00e8tres sont l'acier inoxydable, le laiton, l'aluminium, le chlorure de polyvinyle (PVC), le polypropyl\u00e8ne (PP) et le polyt\u00e9trafluoro\u00e9thyl\u00e8ne (PTFE). Le mat\u00e9riau utilis\u00e9 dans un d\u00e9bitm\u00e8tre d\u00e9pend de l'application et du type de fluide mesur\u00e9. Par exemple, l'acier inoxydable est souvent utilis\u00e9 pour mesurer les fluides corrosifs, tandis que le PVC est souvent utilis\u00e9 pour mesurer l'eau.<\/p>\n<\/div>\n<div id=\"14\">\n<p><strong>14.Can the measurement results of the flow meter and totalizer be output and recorded remotely?<\/strong><\/p>\n<p>Oui, de nombreux d\u00e9bitm\u00e8tres sont \u00e9quip\u00e9s de capacit\u00e9s de sortie et d'enregistrement \u00e0 distance. Cela permet aux utilisateurs de surveiller et d'enregistrer les donn\u00e9es de d\u00e9bit \u00e0 partir d'un site distant.<\/p>\n<\/div>\n<div id=\"15\">\n<p><strong>15.About flow meter and totalizer production management system<\/strong><\/p>\n<p>Un syst\u00e8me de gestion de la production de d\u00e9bitm\u00e8tres est une solution logicielle con\u00e7ue pour aider les fabricants \u00e0 g\u00e9rer la production de d\u00e9bitm\u00e8tres. Le syst\u00e8me peut \u00eatre utilis\u00e9 pour suivre le processus de production du d\u00e9but \u00e0 la fin, y compris la commande des mati\u00e8res premi\u00e8res, l'assemblage des composants, les essais et l'\u00e9talonnage du produit fini. Le syst\u00e8me peut \u00e9galement \u00eatre utilis\u00e9 pour contr\u00f4ler la qualit\u00e9 du processus de production, en s'assurant que les d\u00e9bitm\u00e8tres r\u00e9pondent aux normes requises. En outre, le syst\u00e8me peut \u00eatre utilis\u00e9 pour g\u00e9n\u00e9rer des rapports et analyser des donn\u00e9es afin d'aider les fabricants \u00e0 am\u00e9liorer leurs processus de production.<\/p>\n<\/div>\n<div id=\"16\">\n<p><strong>16.Does the flow meter and totalizer have data storage capabilities?<\/strong><\/p>\n<p>Nous nous concentrons sur l'innovation et l'am\u00e9lioration continue afin de conserver un avantage concurrentiel.<br \/>\nCela d\u00e9pend du type de d\u00e9bitm\u00e8tre. Certains d\u00e9bitm\u00e8tres ont des capacit\u00e9s de stockage de donn\u00e9es, d'autres non.<\/p>\n<p><img style=\"max-width: 100%;\" title=\"Does the flow meter and totalizer have data storage capabilities?\" src=\"https:\/\/www.hginstrument.com\/wp-content\/uploads\/2021\/07\/in-line-pipeline-type-hgd-electromagnetic-flow-meter.jpg\" alt=\"Does the flow meter and totalizer have data storage capabilities?\" \/><\/p>\n<\/div>\n<p>&nbsp;<\/p>\n<p>Tag\uff1a<a href=\"\/fr\/magnetic-flow-meter\/teejet-flow-meter\/\">d\u00e9bitm\u00e8tre teejet<\/a>,<a href=\"\/fr\/magnetic-flow-meter\/pediatric-peak-flow-meter\/\">d\u00e9bitm\u00e8tre de pointe p\u00e9diatrique<\/a>,<a href=\"\/fr\/magnetic-flow-meter\/tig-gas-flow-meter\/\">d\u00e9bitm\u00e8tre de gaz tig<\/a>,<a href=\"\/fr\/magnetic-flow-meter\/flow-meter-hydraulic\/\">d\u00e9bitm\u00e8tre hydraulique<\/a>,<a href=\"\/fr\/magnetic-flow-meter\/king-instrument-flow-meter\/\">king instrument flow meter<\/a><\/p>\n<p>&nbsp;<\/p>","protected":false},"excerpt":{"rendered":"<p><strong>Donn\u00e9es techniques<\/strong><br \/>\nPeut \u00eatre utilis\u00e9 pour les fluides liquides ou gazeux, g\u00e9n\u00e9ralement pour mesurer le d\u00e9bit de la vapeur, de la vapeur, de l'air et du gaz naturel.<br \/>\nTaille du compteur : Type en ligne : DN25 - DN300<br \/>\nOption de mat\u00e9riau en contact avec le liquide : SS304, SS316<br \/>\nTemp\u00e9rature de fonctionnement : \u2264250\u2103<br \/>\nRaccordement au processus : Wafer \/ Bride \/ Tri-clamp pour le type en ligne<br \/>\nPr\u00e9cision de mesure : 1,0 % - 1,5% de la plage d'\u00e9talonnage<br \/>\nIndicateur num\u00e9rique : affichage du d\u00e9bit instantan\u00e9, du d\u00e9bit total<br \/>\nAlimentation : 24VDC, Sortie : 4-20mA<\/p>\n<p><strong>caract\u00e9ristiques<\/strong><br \/>\n1. points de consigne ON\/OFF r\u00e9glables<br \/>\n2. mode d'alarme de d\u00e9bit Hi ou Lo<br \/>\n3. d\u00e9lai r\u00e9glable<br \/>\n4. LED d'\u00e9tat du relais<\/p>","protected":false},"featured_media":3691,"comment_status":"closed","ping_status":"closed","template":"","meta":[],"product_cat":[2372],"product_tag":[],"acf":[],"_links":{"self":[{"href":"https:\/\/www.hginstrument.com\/fr\/wp-json\/wp\/v2\/product\/5224"}],"collection":[{"href":"https:\/\/www.hginstrument.com\/fr\/wp-json\/wp\/v2\/product"}],"about":[{"href":"https:\/\/www.hginstrument.com\/fr\/wp-json\/wp\/v2\/types\/product"}],"replies":[{"embeddable":true,"href":"https:\/\/www.hginstrument.com\/fr\/wp-json\/wp\/v2\/comments?post=5224"}],"wp:featuredmedia":[{"embeddable":true,"href":"https:\/\/www.hginstrument.com\/fr\/wp-json\/wp\/v2\/media\/3691"}],"wp:attachment":[{"href":"https:\/\/www.hginstrument.com\/fr\/wp-json\/wp\/v2\/media?parent=5224"}],"wp:term":[{"taxonomy":"product_cat","embeddable":true,"href":"https:\/\/www.hginstrument.com\/fr\/wp-json\/wp\/v2\/product_cat?post=5224"},{"taxonomy":"product_tag","embeddable":true,"href":"https:\/\/www.hginstrument.com\/fr\/wp-json\/wp\/v2\/product_tag?post=5224"}],"curies":[{"name":"wp","href":"https:\/\/api.w.org\/{rel}","templated":true}]}}